{"id":200732,"date":"2024-02-07T11:38:14","date_gmt":"2024-02-07T09:38:14","guid":{"rendered":"http:\/\/mediagear.ee\/terms-conditions\/"},"modified":"2025-06-10T08:33:07","modified_gmt":"2025-06-10T06:33:07","slug":"tingimused","status":"publish","type":"page","link":"https:\/\/mediagear.ee\/et\/tingimused\/","title":{"rendered":"M\u00fc\u00fcgitingimused"},"content":{"rendered":"<h3>1. Tingimuste ulatus ja kehtivus<\/h3>\n<p>1.1 Tingimused kehtivad k\u00f5igi isikute ja ostukeskkonna mediagear.ee (edaspidi mediagear.ee e-pood) omanik Mediagear O\u00dc vahel, mediagear.ee e-poe vahendusel toodete ostmisel tekkivate \u00f5igussuhete kohta.<\/p>\n<p>1.2 Lisaks k\u00e4esolevatele tingimustele reguleerivad Mediagear.ee e-poe vahendusel toodete ostmisel tekkivaid \u00f5igussuhteid Eesti Vabariigis kehtivad \u00f5igusaktid.<\/p>\n<p>1.3 Mediagear O\u00dc on \u00f5igustatud Mediagear.ee e-poe arengust tulenevalt ning e-poe parema ja turvalisema kasutamise huvides k\u00e4esolevaid tingimusi ja hinnakirja muutma ning t\u00e4iendama. Tingimuste ning hinnakirja muudatustest ja t\u00e4iendustest teatatakse interneti lehek\u00fclje www.mediagear.ee kaudu. Tingimuste ja hinnakirja muudatused ning t\u00e4iendused j\u00f5ustuvad vastava muudatuse v\u00f5i t\u00e4ienduse avaldamisest interneti lehek\u00fcljel www.mediagear.ee. Kui Te edastasite oma tellimuse enne tingimuste muudatuste j\u00f5ustumist, kohaldatakse Teie ja Mediagear O\u00dc vahel tekkinud \u00f5igussuhtele Teie poolt tellimuse edastamise ajal kehtinud tingimusi, v.a kui seaduses v\u00f5i k\u00e4esolevates tingimustes on ette n\u00e4htud teisiti.<\/p>\n<h3>2. Hinnad<\/h3>\n<p>2.1. Mediagear.ee e-poe hinnad kehtivad arve t\u00e4htajalise tasumise puhul vastavalt punktis 4 s\u00e4testatule.<\/p>\n<p>2.2. Mediagear.ee e-poes on hinnad toodud nii k\u00e4ibemaksuta kui ka k\u00e4ibemaksuga.<\/p>\n<h3>3. Ostukorv ja tellimuse vormistamine<\/h3>\n<p>3.1. Ostukorvis olevate toodete arvu v\u00f5ite muuta. Tellimuse vormistamise j\u00e4tkamiseks klikkige lingile \u201eMaksmine\u201d.<\/p>\n<p>3.2. Olge tellija andmete ja tellimuse kinnituse lehek\u00fclgedel olevate lahtrite t\u00e4itmisel t\u00e4helepanelik, sest selle informatsiooni t\u00e4psusest ja \u00f5igsusest s\u00f5ltub Teie poolt ostetud toodete kiire ja h\u00e4ireteta kohaletoimetamine.<\/p>\n<p>3.3. Toodete m\u00fc\u00fcgileping loetakse s\u00f5lmituks (Lepingu j\u00f5ustumine) p\u00e4rast tellimuskinnituse j\u00e4rgi tasumisele kuuluva summa laekumisest Mediagear O\u00dc arvelduskontole.<\/p>\n<p>3.4. E-poes sooritatud tellimuste t\u00f6\u00f6tlemine toimub t\u00f6\u00f6p\u00e4evadel (E-R kl 09.00-17.00).<\/p>\n<h3>4. Toodete eest tasumine<\/h3>\n<p>4.1. Makse sooritamiseks valige tellimuse vormistamise lehek\u00fcljel endale meelep\u00e4rane makseviis.<\/p>\n<p>4.2. Toodete eest saate tasuda:<\/p>\n<p>1) internetipanga kaudu. Makseteenust vahendab KEVIN (UAB \u201cKEVIN EU\u201d), kellel on Leedu Keskpanga tegevusluba;<\/p>\n<p>2) panga\u00fclekandega;<\/p>\n<p>3) pangakaardiga turvalise makses\u00fcsteemi STRIPE vahendusel.<\/p>\n<p>4.3. Tellimus vormistatakse ja tarnitakse 100%-se ettemakse puhul.<\/p>\n<h3>5. Toodete kohaletoimetamine ja \u00fcleandmine<\/h3>\n<p>5.1. Peale lepingu j\u00f5ustumist vastavalt tingimuste punktile 3.3. toimetatakse tooted Teile kohale, vastavalt Teie poolt tellimuse vormistamisel valitud viisile.<\/p>\n<p>5.2. Tooted koos toodete juurde kuuluvate dokumentidega toimetatakse kohale toote kirjelduses m\u00e4\u00e4ratud t\u00e4htaja jooksul. Laosolevate kaupade tarne on Eesti piires \u00fcldjuhul 1-3 t\u00f6\u00f6p\u00e4eva.<\/p>\n<p>5.3. Juhul, kui Teie poolt tellitud toodet ei ole laos ja see tuleb spetsiaalselt tarnijalt tellida ning on ilmne, et toote kohaletoimetamine toote kirjelduses m\u00e4\u00e4ratud tarnet\u00e4htaja jooksul ei ole v\u00f5imalik, ning muudel juhtudel, kui toodete t\u00e4htaegne kohaletoimetamine ei ole v\u00f5imalik asjaoludel, mille eest Mediagear O\u00dc ei vastuta, teatame sellest Teile Teie poolt tellimuse vormistamisel teatatud kontakttelefoni v\u00f5i elektronposti teel 2 t\u00f6\u00f6p\u00e4eva jooksul arvates Lepingu j\u00f5ustumisest vastavalt Tingimuste punktile 3.3. ning \u00fchtlasi anname teada Teie poolt tellitud toote kohaletoimetamise t\u00e4htaja. Juhul, kui Te kaotate toote kohaletoimetamise pikema t\u00e4htaja t\u00f5ttu huvi toote ostmise vastu, on Teil \u00f5igus oma tellimus t\u00fchistada (vt t\u00e4psemalt punktidest 6.1. ja 6.3.) ning Teie poolt tasutud summa (koos transpordi maksumusega) tagastatakse Teile.<\/p>\n<p>5.4. Tooted toimetatakse Teie poolt tellimuse vormistamisel m\u00e4rgitud aadressile. Sihtkoha hilisem muutmine on v\u00f5imalik, v\u00f5ttes \u00fchendust Mediagear.ee e-poega, lisandub lisatasu.<\/p>\n<p>5.4.1. Pakiautomaati saadetud tootele tuleb j\u00e4rele minna automaadi operaatori poolt kehtestatud t\u00e4htaja jooksul. T\u00e4htajaks pakiautomaadist v\u00e4lja v\u00f5tmata ning automaadi operaatori poolt Mediagear O\u00dc\u2019le tagastatud toote saab k\u00e4tte Mediagear O\u00dc kontorist.<\/p>\n<p>5.4.2. Kui toode on saadetud kulleriga ning kullerfirma ei saa Teiega \u00fchendust ning otsustab toote saatjale (Mediagear O\u00dc) tagastada, saab toote k\u00e4tte Mediagear O\u00dc kontorist.<\/p>\n<p>5.5. Palun j\u00e4lgige tellimuse vormistamisel esitatavate kontaktandmete \u00f5igsust v\u00e4ltimaks viivitusi ja arusaamatusi toodete kohaletoimetamisel. Mediagear O\u00dc ja kullerfirma ei vastuta toodete kohaletoimetamise viivituse ja tekkinud arusaamatuste eest juhul, kui viivitus v\u00f5i arusaamatus on tingitud Teie poolt tellimuse vormistamisel esitatud andmete ebat\u00e4psusest v\u00f5i eba\u00f5igsusest.<\/p>\n<p>5.6. Palume Teil vigastatud pakendiga tootest teatada elektronposti aadressile\u00a0<span id=\"eeb-891781-853120\">info@mediagear.ee<\/span>\u00a0v\u00f5i Mediagear.ee kontakttelefonile 655 0063. Kullerfirma poolt vigastatud pakendiga toode asendatakse p\u00e4rast ekspertiisi. Juhul, kui Te seda ei tee, ei vastuta Mediagear O\u00dc:<\/p>\n<ul>\n<li>defekti eest, mis on p\u00f5hjustatud tootja poolt;<\/li>\n<li>komplekti kuuluvate osade puudumise eest, mida on v\u00f5imalik tuvastada visuaalsel vaatlusel.<\/li>\n<\/ul>\n<h3>6. Tellimuse t\u00fchistamine ja toote tagastamine<\/h3>\n<p>6.1. Teil on \u00f5igus peale toodete eest tasumist, kuid enne toodete kohaletoimetamist oma tellimus t\u00fchistada, saates Mediagear.ee elektronposti aadressile\u00a0<span id=\"eeb-407015-142133\">info@mediagear.ee<\/span>\u00a0vastavasisulise teate koos tellimuse numbriga ning oma arvelduskonto numbriga v\u00f5i helistades Mediagear.ee kontakttelefonil 655 0063.<\/p>\n<p>6.2. K\u00f5ikidele Mediagear.ee e-poest ostetud toodetele kehtib tarbijale tagastus\u00f5igus 14 p\u00e4eva. Tarbijal on V\u00d5S \u00a7 56 lg 1 alusel \u00f5igus tagastada v\u00f5i v\u00e4lja vahetada kaup muu toote vastu p\u00f5hjust avaldamata 14 p\u00e4eva jooksul alates kauba \u00fcleandmisest. Selleks peab ostja tegema M\u00fc\u00fcjale vastavasisulise avalduse (avalduses m\u00e4rkida ostja nimi, ostukuup\u00e4ev, arvelduskonto number ning tellimuse nr.) e-maili teel\u00a0<span id=\"eeb-420613-895993\">info@mediagear.ee<\/span>\u00a0ning tagastama seej\u00e4rel Mediagear.ee e-poele tellitud kauba. Vastavalt V\u00d5S \u00a7 56 lg 25 t\u00f5endab lepingust taganemist tarbija.<\/p>\n<p>6.3. Tellimuse t\u00fchistamisel punktis 6.1 s\u00e4testatud juhul v\u00f5i tellimusest taganemise korral punktis 6.2 s\u00e4testatud juhul tagastatakse raha kauba eest, muu hulgas tarbija kantud asja k\u00e4ttetoimetamise kulud, samale arvelduskontole, millelt tasuti kauba eest, 14 p\u00e4eva jooksul alates kauba k\u00e4ttesaamisest M\u00fc\u00fcja poolt. Kui tarbija on s\u00f5naselgelt valinud Mediagear.ee pakutud k\u00f5ige odavamast tavap\u00e4rasest asja k\u00e4ttetoimetamise viisist erineva k\u00e4ttetoimetamise viisi, ei pea Mediagear O\u00dc tarbijale tagastama kulu, mis \u00fcletab tavap\u00e4rase k\u00e4ttetoimetamise viisiga seotud kulu.<\/p>\n<p>6.4. Tagastatav kaup ei tohi olla kasutatud v\u00f5i kahjustatud ning peab olema originaalpakendis. Taganemis\u00f5iguse kasutamiseks ja tagastamise korral h\u00fcvitise maksmise v\u00e4ltimiseks tuleb tootepakend avada ettevaatlikult, seda kahjustamata. Kaubaga tutvumiseks v\u00f5ib kasutada seda viisil, mis on vajalik asja olemuses, omadustes ja toimimises veendumiseks. Tagastatav toode peab olema komplektne (sisaldama k\u00f5iki tootepakendis sisaldunud esemeid). Kui toode on ostetud kampaania korras, kus kaubale on lisatud veel m\u00f5ni toode, tuleb Teil tagastada kogu komplekt (ehk siis k\u00f5ik tooted).<\/p>\n<p>6.5. Teil tuleb kanda lepingu esemena \u00fcleantud kauba tagastamisega seotud otsesed kulud, kui pooled ei ole kokku leppinud teisiti.<\/p>\n<p>6.6. Kui tagastatav toode (ja toote pakend) on halvenenud ja halvenemine on p\u00f5hjustatud asjaoludest, mis ei ole tingitud Mediagear O\u00dc\u2019st ning toote mittesihip\u00e4rase kasutamise tulemusena, on Mediagear O\u00dc\u2019l \u00f5igus tasaarvestada toote v\u00e4\u00e4rtuse v\u00e4henemine Teie poolt toote eest tasutud ning Teile tagastamisele kuuluva summaga. Tasaarvestamiseks saadab Mediagear O\u00dc Teile tasaarvestamise avalduse Teie poolt tellimuse vormistamisel teatatud e-posti aadressile. Juhul, kui Te ei ole n\u00f5us tasaarvestamise teates n\u00e4idatud v\u00e4\u00e4rtuse v\u00e4henemisega, on Teil \u00f5igus kaasata toote v\u00e4\u00e4rtuse v\u00e4henemise kindlakstegemiseks s\u00f5ltumatu ekspert. Ekspertiisiga seotud kulud jagatakse pooleks Teie ja Mediagear O\u00dc vahel, v.a juhul, kui \u00fche poole seisukoht osutub ilmselt p\u00f5hjendamatuks. Sellisel juhul kannab ekspertiisiga seotud kulud pool, kelle seisukoht osutus ilmselt p\u00f5hjendamatuks.<\/p>\n<h3>7. Pretensiooni esitamise \u00f5igus ja n\u00f5uetele mittevastavate toodete tagastamine<\/h3>\n<p>7.1. Mediagear O\u00dc vastutab toodete n\u00f5uetele mittevastavuse ja puuduste eest vastavalt v\u00f5la\u00f5igusseadusele, pretensioonide esitamise aeg on eraisikul 1 aasta ja juriidilistel isikutel 6 kuud arvates toodete \u00fcleandmise hetkest.<\/p>\n<p>7.2. Ostja peab teatama asja lepingutingimustele mittevastavusest m\u00fc\u00fcjale m\u00f5istliku aja jooksul p\u00e4rast seda, kui ta asja lepingutingimustele mittevastavusest teada sai v\u00f5i pidi teada saama.<\/p>\n<p>7.3. Mediagear O\u00dc ei vastuta:<\/p>\n<p>1) Ostja\/tarbija s\u00fc\u00fcl toote halvenemise\/kahjustumise eest.<\/p>\n<p>2) Puuduste eest, mis on tekkinud toote mittekorrap\u00e4rase kasutamise tagaj\u00e4rjel.<\/p>\n<p>3) Toote normaalse f\u00fc\u00fcsilise kulumise eest tavalise kasutamise korral.<\/p>\n<p>7.4. Toote n\u00f5uetele mittevastavuse v\u00f5i puuduse korral on Teil \u00f5igus n\u00f5uda toote asendamist n\u00f5uetele vastava ja puudusteta toote vastu v\u00f5i taganeda tellimusest ja tagastada n\u00f5uetele mittevastav toode Mediagear O\u00dc kulul.<\/p>\n<p>7.5. Pretensiooni esitamise korral kannab esimese kuue kuu jooksul asja \u00fcleandmisest ostjale asja parandamisega v\u00f5i asja asendamisega seotud kulud Mediagear O\u00dc. J\u00e4rgneva 6 kuu jooksul kannab vastavad kulud Mediagear O\u00dc \u00fcksnes juhul, kui pretensioon oli \u00f5igustatud.<\/p>\n<p>7.6. N\u00f5uetele mittevastava toote tagastamise korral kantakse toote eest tasutud summa (koos transpordimaksumusega) Teie poolt n\u00e4idatud pangakontole hiljemalt 14 p\u00e4eva jooksul arvates tellimusest taganemise ja toote tagastamise soovi kohta teate saamisest.<\/p>\n<p>7.7. Lisaks pretensioonide esitamise \u00f5igusele on Teil ka muud seadusest tulenevad \u00f5igused \u00f5iguskaitsevahendite kasutamiseks.<\/p>\n<h3>8. Vastutus ja v\u00e4\u00e4ramatu j\u00f5ud<\/h3>\n<p>8.1. Mediagear O\u00dc vastutab Teie ees ja Teie vastutate Mediagear O\u00dc ees teisele poolele k\u00e4esolevate tingimuste rikkumisega tekitatud kahju eest Eesti Vabariigis kehtivates \u00f5igusaktides s\u00e4testatud juhtudel ja ulatuses.<\/p>\n<p>8.2. Mediagear O\u00dc ei vastuta Teile tekitatud kahjude eest v\u00f5i toote kohaletoimetamise viibimise eest juhul, kui kahju v\u00f5i toote kohaletoomise viibimine on tingitud asjaolust, mida Mediagear O\u00dc ei saanud m\u00f5jutada ning mille saabumist Mediagear O\u00dc ei n\u00e4inud ette ega v\u00f5inud ette n\u00e4ha (v\u00e4\u00e4ramatu j\u00f5ud).<\/p>\n<h3>9. Muud tingimused<\/h3>\n<p>9.1. K\u00f5iki Mediagear.ee e-poe k\u00fclastamise ja ostude sooritamise k\u00e4igus Mediagear O\u00dc-le teatavaks saanud kliendi isikuandmeid k\u00e4sitletakse kui konfidentsiaalset infot. Kr\u00fcptitud andmesidekanal pankadega tagab ostu sooritaja pangarekvisiitide turvalisuse. Ka Mediagear O\u00dc-l puudub neile juurdep\u00e4\u00e4s.<\/p>\n<p>9.2. K\u00e4esolevates tingimustes eraldi lahendamata k\u00fcsimustes l\u00e4htutakse Eesti Vabariigis kehtivatest \u00f5igusaktidest.<\/p>\n<p>9.3. Teie ja Mediagear O\u00dc vahel seoses Mediagear.ee e-poe vahendusel toodete tellimise ja ostmisega tekkinud vaidlused lahendatakse l\u00e4bir\u00e4\u00e4kimiste teel. Kokkuleppe mittesaavutamisel on Teil \u00f5igus p\u00f6\u00f6rduda oma \u00f5iguste kaitseks Tarbijakaitseametisse (aadressil Rahukohtu 2, 10130 Tallinn v\u00f5i e-posti aadressil\u00a0<a data-enc-email=\"ninyqhf[at]xbzvfwba.rr\" data-wpel-link=\"ignore\"><span id=\"eeb-809615-732830\">avaldus@komisjon.ee<\/span><\/a>) v\u00f5i Tallinna Linnakohtusse. Vaidluste lahendamisel l\u00e4htutakse Eesti Vabariigis kehtivatest \u00f5igusaktidest.<\/p>\n<p>T\u00e4psem info vaidluste kohtuv\u00e4lise lahendamise kohta\u00a0<a href=\"http:\/\/www.tarbijakaitseamet.ee\/\">www.tarbijakaitseamet.ee<\/a>\u00a0ja\u00a0<a href=\"http:\/\/www.komisjon.ee\/\">www.komisjon.ee<\/a>.<\/p>\n<h3>10. Diskleimer<\/h3>\n<p>10.1 Tootepildid on illustratiivse t\u00e4hendusega.<\/p>\n<p>10.2 Mediagear O\u00dc j\u00e4tab endale \u00f5iguse korrigeerida toodete hindu. Antud juhul j\u00e4tab Mediagear O\u00dc endale \u00f5iguse loobuda m\u00fc\u00fcgist ning tagastada kliendile raha tema arvelduskontole 10 t\u00f6\u00f6p\u00e4eva jooksul.<\/p>\n<p>10.3 Mediagear.ee j\u00e4tab endale \u00f5iguse loobuda m\u00fc\u00fcgist, kui tootega on juhtunud inimlik eksitus hinna sisestamisel v\u00f5i tehniline viga s\u00fcsteemis. Sellest tulenevalt eeldame, et klient peaks aru saama, et tegemist on veaga ja toode ei kuulu sellise hinnaga m\u00fc\u00fcmisele.<\/p>\n<p>10.4 Toodete infot kontrollitakse ja t\u00e4iustatakse regulaarselt. Andmed v\u00f5ivad olla peale teie viimast k\u00fclastust uuenenud.<\/p>\n","protected":false},"excerpt":{"rendered":"<p>1. Tingimuste ulatus ja kehtivus 1.1 Tingimused kehtivad k\u00f5igi isikute ja ostukeskkonna mediagear.ee (edaspidi mediagear.ee e-pood) omanik Mediagear O\u00dc vahel, mediagear.ee e-poe vahendusel toodete ostmisel tekkivate \u00f5igussuhete kohta. 1.2 Lisaks k\u00e4esolevatele tingimustele reguleerivad Mediagear.ee e-poe vahendusel toodete ostmisel tekkivaid \u00f5igussuhteid Eesti Vabariigis kehtivad \u00f5igusaktid. 1.3 Mediagear O\u00dc on \u00f5igustatud Mediagear.ee e-poe arengust tulenevalt ning e-poe [&hellip;]<\/p>\n","protected":false},"author":1,"featured_media":0,"parent":0,"menu_order":0,"comment_status":"closed","ping_status":"closed","template":"","meta":{"_acf_changed":false,"footnotes":""},"class_list":["post-200732","page","type-page","status-publish","hentry"],"acf":[],"yoast_head":"<!-- This site is optimized with the Yoast SEO plugin v27.1.1 - https:\/\/yoast.com\/product\/yoast-seo-wordpress\/ -->\n<title>M\u00fc\u00fcgitingimused - MediaGear<\/title>\n<meta name=\"robots\" content=\"index, follow, max-snippet:-1, max-image-preview:large, max-video-preview:-1\" \/>\n<link rel=\"canonical\" href=\"https:\/\/mediagear.ee\/et\/tingimused\/\" \/>\n<meta property=\"og:locale\" content=\"et_EE\" \/>\n<meta property=\"og:type\" content=\"article\" \/>\n<meta property=\"og:title\" content=\"M\u00fc\u00fcgitingimused - MediaGear\" \/>\n<meta property=\"og:description\" content=\"1. Tingimuste ulatus ja kehtivus 1.1 Tingimused kehtivad k\u00f5igi isikute ja ostukeskkonna mediagear.ee (edaspidi mediagear.ee e-pood) omanik Mediagear O\u00dc vahel, mediagear.ee e-poe vahendusel toodete ostmisel tekkivate \u00f5igussuhete kohta. 1.2 Lisaks k\u00e4esolevatele tingimustele reguleerivad Mediagear.ee e-poe vahendusel toodete ostmisel tekkivaid \u00f5igussuhteid Eesti Vabariigis kehtivad \u00f5igusaktid. 1.3 Mediagear O\u00dc on \u00f5igustatud Mediagear.ee e-poe arengust tulenevalt ning e-poe [&hellip;]\" \/>\n<meta property=\"og:url\" content=\"https:\/\/mediagear.ee\/et\/tingimused\/\" \/>\n<meta property=\"og:site_name\" content=\"MediaGear\" \/>\n<meta property=\"article:publisher\" content=\"https:\/\/www.facebook.com\/Mediagear.ee\/\" \/>\n<meta property=\"article:modified_time\" content=\"2025-06-10T06:33:07+00:00\" \/>\n<meta property=\"og:image\" content=\"https:\/\/mediagear.ee\/wp-content\/uploads\/2025\/09\/MediaGear-featured-image-EST-1000px.webp\" \/>\n\t<meta property=\"og:image:width\" content=\"1000\" \/>\n\t<meta property=\"og:image:height\" content=\"1000\" \/>\n\t<meta property=\"og:image:type\" content=\"image\/webp\" \/>\n<meta name=\"twitter:card\" content=\"summary_large_image\" \/>\n<meta name=\"twitter:label1\" content=\"Est. reading time\" \/>\n\t<meta name=\"twitter:data1\" content=\"7 minutit\" \/>\n<script type=\"application\/ld+json\" class=\"yoast-schema-graph\">{\"@context\":\"https:\/\/schema.org\",\"@graph\":[{\"@type\":\"WebPage\",\"@id\":\"https:\/\/mediagear.ee\/et\/tingimused\/\",\"url\":\"https:\/\/mediagear.ee\/et\/tingimused\/\",\"name\":\"M\u00fc\u00fcgitingimused - MediaGear\",\"isPartOf\":{\"@id\":\"https:\/\/mediagear.ee\/et\/#website\"},\"datePublished\":\"2024-02-07T09:38:14+00:00\",\"dateModified\":\"2025-06-10T06:33:07+00:00\",\"breadcrumb\":{\"@id\":\"https:\/\/mediagear.ee\/et\/tingimused\/#breadcrumb\"},\"inLanguage\":\"et\",\"potentialAction\":[{\"@type\":\"ReadAction\",\"target\":[\"https:\/\/mediagear.ee\/et\/tingimused\/\"]}]},{\"@type\":\"BreadcrumbList\",\"@id\":\"https:\/\/mediagear.ee\/et\/tingimused\/#breadcrumb\",\"itemListElement\":[{\"@type\":\"ListItem\",\"position\":1,\"name\":\"Avaleht\",\"item\":\"https:\/\/mediagear.ee\/et\/\"},{\"@type\":\"ListItem\",\"position\":2,\"name\":\"M\u00fc\u00fcgitingimused\"}]},{\"@type\":\"WebSite\",\"@id\":\"https:\/\/mediagear.ee\/et\/#website\",\"url\":\"https:\/\/mediagear.ee\/et\/\",\"name\":\"MediaGear\",\"description\":\"Full-service solutions in AV equipment\",\"publisher\":{\"@id\":\"https:\/\/mediagear.ee\/et\/#organization\"},\"potentialAction\":[{\"@type\":\"SearchAction\",\"target\":{\"@type\":\"EntryPoint\",\"urlTemplate\":\"https:\/\/mediagear.ee\/et\/?s={search_term_string}\"},\"query-input\":{\"@type\":\"PropertyValueSpecification\",\"valueRequired\":true,\"valueName\":\"search_term_string\"}}],\"inLanguage\":\"et\"},{\"@type\":\"Organization\",\"@id\":\"https:\/\/mediagear.ee\/et\/#organization\",\"name\":\"Mediagear\",\"url\":\"https:\/\/mediagear.ee\/et\/\",\"logo\":{\"@type\":\"ImageObject\",\"inLanguage\":\"et\",\"@id\":\"https:\/\/mediagear.ee\/et\/#\/schema\/logo\/image\/\",\"url\":\"http:\/\/mediagear.ee\/wp-content\/uploads\/2024\/05\/MediaGear-logo-transp.png\",\"contentUrl\":\"http:\/\/mediagear.ee\/wp-content\/uploads\/2024\/05\/MediaGear-logo-transp.png\",\"width\":600,\"height\":200,\"caption\":\"Mediagear\"},\"image\":{\"@id\":\"https:\/\/mediagear.ee\/et\/#\/schema\/logo\/image\/\"},\"sameAs\":[\"https:\/\/www.facebook.com\/Mediagear.ee\/\",\"https:\/\/www.instagram.com\/mediagear_ee\/\"]}]}<\/script>\n<!-- \/ Yoast SEO plugin. -->","yoast_head_json":{"title":"M\u00fc\u00fcgitingimused - MediaGear","robots":{"index":"index","follow":"follow","max-snippet":"max-snippet:-1","max-image-preview":"max-image-preview:large","max-video-preview":"max-video-preview:-1"},"canonical":"https:\/\/mediagear.ee\/et\/tingimused\/","og_locale":"et_EE","og_type":"article","og_title":"M\u00fc\u00fcgitingimused - MediaGear","og_description":"1. Tingimuste ulatus ja kehtivus 1.1 Tingimused kehtivad k\u00f5igi isikute ja ostukeskkonna mediagear.ee (edaspidi mediagear.ee e-pood) omanik Mediagear O\u00dc vahel, mediagear.ee e-poe vahendusel toodete ostmisel tekkivate \u00f5igussuhete kohta. 1.2 Lisaks k\u00e4esolevatele tingimustele reguleerivad Mediagear.ee e-poe vahendusel toodete ostmisel tekkivaid \u00f5igussuhteid Eesti Vabariigis kehtivad \u00f5igusaktid. 1.3 Mediagear O\u00dc on \u00f5igustatud Mediagear.ee e-poe arengust tulenevalt ning e-poe [&hellip;]","og_url":"https:\/\/mediagear.ee\/et\/tingimused\/","og_site_name":"MediaGear","article_publisher":"https:\/\/www.facebook.com\/Mediagear.ee\/","article_modified_time":"2025-06-10T06:33:07+00:00","og_image":[{"width":1000,"height":1000,"url":"https:\/\/mediagear.ee\/wp-content\/uploads\/2025\/09\/MediaGear-featured-image-EST-1000px.webp","type":"image\/webp"}],"twitter_card":"summary_large_image","twitter_misc":{"Est. reading time":"7 minutit"},"schema":{"@context":"https:\/\/schema.org","@graph":[{"@type":"WebPage","@id":"https:\/\/mediagear.ee\/et\/tingimused\/","url":"https:\/\/mediagear.ee\/et\/tingimused\/","name":"M\u00fc\u00fcgitingimused - MediaGear","isPartOf":{"@id":"https:\/\/mediagear.ee\/et\/#website"},"datePublished":"2024-02-07T09:38:14+00:00","dateModified":"2025-06-10T06:33:07+00:00","breadcrumb":{"@id":"https:\/\/mediagear.ee\/et\/tingimused\/#breadcrumb"},"inLanguage":"et","potentialAction":[{"@type":"ReadAction","target":["https:\/\/mediagear.ee\/et\/tingimused\/"]}]},{"@type":"BreadcrumbList","@id":"https:\/\/mediagear.ee\/et\/tingimused\/#breadcrumb","itemListElement":[{"@type":"ListItem","position":1,"name":"Avaleht","item":"https:\/\/mediagear.ee\/et\/"},{"@type":"ListItem","position":2,"name":"M\u00fc\u00fcgitingimused"}]},{"@type":"WebSite","@id":"https:\/\/mediagear.ee\/et\/#website","url":"https:\/\/mediagear.ee\/et\/","name":"MediaGear","description":"Full-service solutions in AV equipment","publisher":{"@id":"https:\/\/mediagear.ee\/et\/#organization"},"potentialAction":[{"@type":"SearchAction","target":{"@type":"EntryPoint","urlTemplate":"https:\/\/mediagear.ee\/et\/?s={search_term_string}"},"query-input":{"@type":"PropertyValueSpecification","valueRequired":true,"valueName":"search_term_string"}}],"inLanguage":"et"},{"@type":"Organization","@id":"https:\/\/mediagear.ee\/et\/#organization","name":"Mediagear","url":"https:\/\/mediagear.ee\/et\/","logo":{"@type":"ImageObject","inLanguage":"et","@id":"https:\/\/mediagear.ee\/et\/#\/schema\/logo\/image\/","url":"http:\/\/mediagear.ee\/wp-content\/uploads\/2024\/05\/MediaGear-logo-transp.png","contentUrl":"http:\/\/mediagear.ee\/wp-content\/uploads\/2024\/05\/MediaGear-logo-transp.png","width":600,"height":200,"caption":"Mediagear"},"image":{"@id":"https:\/\/mediagear.ee\/et\/#\/schema\/logo\/image\/"},"sameAs":["https:\/\/www.facebook.com\/Mediagear.ee\/","https:\/\/www.instagram.com\/mediagear_ee\/"]}]}},"_links":{"self":[{"href":"https:\/\/mediagear.ee\/et\/wp-json\/wp\/v2\/pages\/200732","targetHints":{"allow":["GET"]}}],"collection":[{"href":"https:\/\/mediagear.ee\/et\/wp-json\/wp\/v2\/pages"}],"about":[{"href":"https:\/\/mediagear.ee\/et\/wp-json\/wp\/v2\/types\/page"}],"author":[{"embeddable":true,"href":"https:\/\/mediagear.ee\/et\/wp-json\/wp\/v2\/users\/1"}],"replies":[{"embeddable":true,"href":"https:\/\/mediagear.ee\/et\/wp-json\/wp\/v2\/comments?post=200732"}],"version-history":[{"count":0,"href":"https:\/\/mediagear.ee\/et\/wp-json\/wp\/v2\/pages\/200732\/revisions"}],"wp:attachment":[{"href":"https:\/\/mediagear.ee\/et\/wp-json\/wp\/v2\/media?parent=200732"}],"curies":[{"name":"wp","href":"https:\/\/api.w.org\/{rel}","templated":true}]}}