{"id":229401,"date":"2025-06-11T15:06:34","date_gmt":"2025-06-11T13:06:34","guid":{"rendered":"http:\/\/mediagear.ee\/product\/arri-products-information\/"},"modified":"2026-01-15T14:07:23","modified_gmt":"2026-01-15T12:07:23","slug":"arri-products-information","status":"publish","type":"product","link":"https:\/\/mediagear.ee\/et\/toode\/arri-products-information\/","title":{"rendered":"ARRI toodete info"},"content":{"rendered":"","protected":false},"excerpt":{"rendered":"<p>K\u00f5ik ARRI tooted on saadaval tellimisel. V\u00f5ta meiega \u00fchendust hinnapakkumise saamiseks.<\/p>\n","protected":false},"featured_media":224939,"template":"","meta":{"_acf_changed":false},"brand":[4385],"product_cat":[5283,5284],"product_tag":[],"inventory":[],"class_list":{"0":"post-229401","1":"product","2":"type-product","3":"status-publish","4":"has-post-thumbnail","6":"brand-arri-et","7":"product_cat-paneelvalgustid","8":"product_cat-spot-valgustid","10":"first","11":"instock","12":"taxable","13":"shipping-taxable","14":"product-type-simple"},"acf":[],"yoast_head":"<!-- This site is optimized with the Yoast SEO plugin v27.1.1 - https:\/\/yoast.com\/product\/yoast-seo-wordpress\/ -->\n<title>ARRI toodete info - MediaGear<\/title>\n<meta name=\"description\" content=\"K\u00f5ik ARRI tooted on saadaval tellimisel. V\u00f5ta meiega \u00fchendust hinnapakkumise saamiseks....\" \/>\n<meta name=\"robots\" content=\"index, follow, max-snippet:-1, max-image-preview:large, max-video-preview:-1\" \/>\n<link rel=\"canonical\" href=\"https:\/\/mediagear.ee\/et\/toode\/arri-products-information\/\" \/>\n<meta property=\"og:locale\" content=\"et_EE\" \/>\n<meta property=\"og:type\" content=\"article\" \/>\n<meta property=\"og:title\" content=\"ARRI toodete info - MediaGear\" \/>\n<meta property=\"og:description\" content=\"K\u00f5ik ARRI tooted on saadaval tellimisel. V\u00f5ta meiega \u00fchendust hinnapakkumise saamiseks....\" \/>\n<meta property=\"og:url\" content=\"https:\/\/mediagear.ee\/et\/toode\/arri-products-information\/\" \/>\n<meta property=\"og:site_name\" content=\"MediaGear\" \/>\n<meta property=\"article:publisher\" content=\"https:\/\/www.facebook.com\/Mediagear.ee\/\" \/>\n<meta property=\"article:modified_time\" content=\"2026-01-15T12:07:23+00:00\" \/>\n<meta property=\"og:image\" content=\"https:\/\/mediagear.ee\/wp-content\/uploads\/2025\/06\/ARRI-SkyPanel-S60-Pro-scaled-1.webp\" \/>\n\t<meta property=\"og:image:width\" content=\"2048\" \/>\n\t<meta property=\"og:image:height\" content=\"1284\" \/>\n\t<meta property=\"og:image:type\" content=\"image\/webp\" \/>\n<meta name=\"twitter:card\" content=\"summary_large_image\" \/>\n<meta name=\"twitter:label1\" content=\"Est. reading time\" \/>\n\t<meta name=\"twitter:data1\" content=\"1 minut\" \/>\n<script type=\"application\/ld+json\" class=\"yoast-schema-graph\">{\"@context\":\"https:\/\/schema.org\",\"@graph\":[{\"@type\":\"WebPage\",\"@id\":\"https:\/\/mediagear.ee\/et\/toode\/arri-products-information\/\",\"url\":\"https:\/\/mediagear.ee\/et\/toode\/arri-products-information\/\",\"name\":\"ARRI toodete info - MediaGear\",\"isPartOf\":{\"@id\":\"https:\/\/mediagear.ee\/et\/#website\"},\"primaryImageOfPage\":{\"@id\":\"https:\/\/mediagear.ee\/et\/toode\/arri-products-information\/#primaryimage\"},\"image\":{\"@id\":\"https:\/\/mediagear.ee\/et\/toode\/arri-products-information\/#primaryimage\"},\"thumbnailUrl\":\"https:\/\/mediagear.ee\/wp-content\/uploads\/2025\/06\/ARRI-SkyPanel-S60-Pro-scaled-1.webp\",\"datePublished\":\"2025-06-11T13:06:34+00:00\",\"dateModified\":\"2026-01-15T12:07:23+00:00\",\"description\":\"K\u00f5ik ARRI tooted on saadaval tellimisel. V\u00f5ta meiega \u00fchendust hinnapakkumise saamiseks....\",\"breadcrumb\":{\"@id\":\"https:\/\/mediagear.ee\/et\/toode\/arri-products-information\/#breadcrumb\"},\"inLanguage\":\"et\",\"potentialAction\":[{\"@type\":\"ReadAction\",\"target\":[\"https:\/\/mediagear.ee\/et\/toode\/arri-products-information\/\"]}]},{\"@type\":\"ImageObject\",\"inLanguage\":\"et\",\"@id\":\"https:\/\/mediagear.ee\/et\/toode\/arri-products-information\/#primaryimage\",\"url\":\"https:\/\/mediagear.ee\/wp-content\/uploads\/2025\/06\/ARRI-SkyPanel-S60-Pro-scaled-1.webp\",\"contentUrl\":\"https:\/\/mediagear.ee\/wp-content\/uploads\/2025\/06\/ARRI-SkyPanel-S60-Pro-scaled-1.webp\",\"width\":2048,\"height\":1284,\"caption\":\"ARRI toodete info\"},{\"@type\":\"BreadcrumbList\",\"@id\":\"https:\/\/mediagear.ee\/et\/toode\/arri-products-information\/#breadcrumb\",\"itemListElement\":[{\"@type\":\"ListItem\",\"position\":1,\"name\":\"Avaleht\",\"item\":\"https:\/\/mediagear.ee\/et\/\"},{\"@type\":\"ListItem\",\"position\":2,\"name\":\"Pro video &amp; audio tehnika pood\",\"item\":\"https:\/\/mediagear.ee\/et\/pood\/\"},{\"@type\":\"ListItem\",\"position\":3,\"name\":\"VALGUSTEHNIKA\",\"item\":\"https:\/\/mediagear.ee\/et\/tootekategooria\/valgustehnika\/\"},{\"@type\":\"ListItem\",\"position\":4,\"name\":\"Paneelvalgustid\",\"item\":\"https:\/\/mediagear.ee\/et\/tootekategooria\/valgustehnika\/paneelvalgustid\/\"},{\"@type\":\"ListItem\",\"position\":5,\"name\":\"ARRI toodete info\"}]},{\"@type\":\"WebSite\",\"@id\":\"https:\/\/mediagear.ee\/et\/#website\",\"url\":\"https:\/\/mediagear.ee\/et\/\",\"name\":\"MediaGear\",\"description\":\"Full-service solutions in AV equipment\",\"publisher\":{\"@id\":\"https:\/\/mediagear.ee\/et\/#organization\"},\"potentialAction\":[{\"@type\":\"SearchAction\",\"target\":{\"@type\":\"EntryPoint\",\"urlTemplate\":\"https:\/\/mediagear.ee\/et\/?s={search_term_string}\"},\"query-input\":{\"@type\":\"PropertyValueSpecification\",\"valueRequired\":true,\"valueName\":\"search_term_string\"}}],\"inLanguage\":\"et\"},{\"@type\":\"Organization\",\"@id\":\"https:\/\/mediagear.ee\/et\/#organization\",\"name\":\"Mediagear\",\"url\":\"https:\/\/mediagear.ee\/et\/\",\"logo\":{\"@type\":\"ImageObject\",\"inLanguage\":\"et\",\"@id\":\"https:\/\/mediagear.ee\/et\/#\/schema\/logo\/image\/\",\"url\":\"http:\/\/mediagear.ee\/wp-content\/uploads\/2024\/05\/MediaGear-logo-transp.png\",\"contentUrl\":\"http:\/\/mediagear.ee\/wp-content\/uploads\/2024\/05\/MediaGear-logo-transp.png\",\"width\":600,\"height\":200,\"caption\":\"Mediagear\"},\"image\":{\"@id\":\"https:\/\/mediagear.ee\/et\/#\/schema\/logo\/image\/\"},\"sameAs\":[\"https:\/\/www.facebook.com\/Mediagear.ee\/\",\"https:\/\/www.instagram.com\/mediagear_ee\/\"]}]}<\/script>\n<!-- \/ Yoast SEO plugin. -->","yoast_head_json":{"title":"ARRI toodete info - MediaGear","description":"K\u00f5ik ARRI tooted on saadaval tellimisel. V\u00f5ta meiega \u00fchendust hinnapakkumise saamiseks....","robots":{"index":"index","follow":"follow","max-snippet":"max-snippet:-1","max-image-preview":"max-image-preview:large","max-video-preview":"max-video-preview:-1"},"canonical":"https:\/\/mediagear.ee\/et\/toode\/arri-products-information\/","og_locale":"et_EE","og_type":"article","og_title":"ARRI toodete info - MediaGear","og_description":"K\u00f5ik ARRI tooted on saadaval tellimisel. V\u00f5ta meiega \u00fchendust hinnapakkumise saamiseks....","og_url":"https:\/\/mediagear.ee\/et\/toode\/arri-products-information\/","og_site_name":"MediaGear","article_publisher":"https:\/\/www.facebook.com\/Mediagear.ee\/","article_modified_time":"2026-01-15T12:07:23+00:00","og_image":[{"width":2048,"height":1284,"url":"https:\/\/mediagear.ee\/wp-content\/uploads\/2025\/06\/ARRI-SkyPanel-S60-Pro-scaled-1.webp","type":"image\/webp"}],"twitter_card":"summary_large_image","twitter_misc":{"Est. reading time":"1 minut"},"schema":{"@context":"https:\/\/schema.org","@graph":[{"@type":"WebPage","@id":"https:\/\/mediagear.ee\/et\/toode\/arri-products-information\/","url":"https:\/\/mediagear.ee\/et\/toode\/arri-products-information\/","name":"ARRI toodete info - MediaGear","isPartOf":{"@id":"https:\/\/mediagear.ee\/et\/#website"},"primaryImageOfPage":{"@id":"https:\/\/mediagear.ee\/et\/toode\/arri-products-information\/#primaryimage"},"image":{"@id":"https:\/\/mediagear.ee\/et\/toode\/arri-products-information\/#primaryimage"},"thumbnailUrl":"https:\/\/mediagear.ee\/wp-content\/uploads\/2025\/06\/ARRI-SkyPanel-S60-Pro-scaled-1.webp","datePublished":"2025-06-11T13:06:34+00:00","dateModified":"2026-01-15T12:07:23+00:00","description":"K\u00f5ik ARRI tooted on saadaval tellimisel. V\u00f5ta meiega \u00fchendust hinnapakkumise saamiseks....","breadcrumb":{"@id":"https:\/\/mediagear.ee\/et\/toode\/arri-products-information\/#breadcrumb"},"inLanguage":"et","potentialAction":[{"@type":"ReadAction","target":["https:\/\/mediagear.ee\/et\/toode\/arri-products-information\/"]}]},{"@type":"ImageObject","inLanguage":"et","@id":"https:\/\/mediagear.ee\/et\/toode\/arri-products-information\/#primaryimage","url":"https:\/\/mediagear.ee\/wp-content\/uploads\/2025\/06\/ARRI-SkyPanel-S60-Pro-scaled-1.webp","contentUrl":"https:\/\/mediagear.ee\/wp-content\/uploads\/2025\/06\/ARRI-SkyPanel-S60-Pro-scaled-1.webp","width":2048,"height":1284,"caption":"ARRI toodete info"},{"@type":"BreadcrumbList","@id":"https:\/\/mediagear.ee\/et\/toode\/arri-products-information\/#breadcrumb","itemListElement":[{"@type":"ListItem","position":1,"name":"Avaleht","item":"https:\/\/mediagear.ee\/et\/"},{"@type":"ListItem","position":2,"name":"Pro video &amp; audio tehnika pood","item":"https:\/\/mediagear.ee\/et\/pood\/"},{"@type":"ListItem","position":3,"name":"VALGUSTEHNIKA","item":"https:\/\/mediagear.ee\/et\/tootekategooria\/valgustehnika\/"},{"@type":"ListItem","position":4,"name":"Paneelvalgustid","item":"https:\/\/mediagear.ee\/et\/tootekategooria\/valgustehnika\/paneelvalgustid\/"},{"@type":"ListItem","position":5,"name":"ARRI toodete info"}]},{"@type":"WebSite","@id":"https:\/\/mediagear.ee\/et\/#website","url":"https:\/\/mediagear.ee\/et\/","name":"MediaGear","description":"Full-service solutions in AV equipment","publisher":{"@id":"https:\/\/mediagear.ee\/et\/#organization"},"potentialAction":[{"@type":"SearchAction","target":{"@type":"EntryPoint","urlTemplate":"https:\/\/mediagear.ee\/et\/?s={search_term_string}"},"query-input":{"@type":"PropertyValueSpecification","valueRequired":true,"valueName":"search_term_string"}}],"inLanguage":"et"},{"@type":"Organization","@id":"https:\/\/mediagear.ee\/et\/#organization","name":"Mediagear","url":"https:\/\/mediagear.ee\/et\/","logo":{"@type":"ImageObject","inLanguage":"et","@id":"https:\/\/mediagear.ee\/et\/#\/schema\/logo\/image\/","url":"http:\/\/mediagear.ee\/wp-content\/uploads\/2024\/05\/MediaGear-logo-transp.png","contentUrl":"http:\/\/mediagear.ee\/wp-content\/uploads\/2024\/05\/MediaGear-logo-transp.png","width":600,"height":200,"caption":"Mediagear"},"image":{"@id":"https:\/\/mediagear.ee\/et\/#\/schema\/logo\/image\/"},"sameAs":["https:\/\/www.facebook.com\/Mediagear.ee\/","https:\/\/www.instagram.com\/mediagear_ee\/"]}]}},"_links":{"self":[{"href":"https:\/\/mediagear.ee\/et\/wp-json\/wp\/v2\/product\/229401","targetHints":{"allow":["GET"]}}],"collection":[{"href":"https:\/\/mediagear.ee\/et\/wp-json\/wp\/v2\/product"}],"about":[{"href":"https:\/\/mediagear.ee\/et\/wp-json\/wp\/v2\/types\/product"}],"wp:featuredmedia":[{"embeddable":true,"href":"https:\/\/mediagear.ee\/et\/wp-json\/wp\/v2\/media\/224939"}],"wp:attachment":[{"href":"https:\/\/mediagear.ee\/et\/wp-json\/wp\/v2\/media?parent=229401"}],"wp:term":[{"taxonomy":"brand","embeddable":true,"href":"https:\/\/mediagear.ee\/et\/wp-json\/wp\/v2\/brand?post=229401"},{"taxonomy":"product_cat","embeddable":true,"href":"https:\/\/mediagear.ee\/et\/wp-json\/wp\/v2\/product_cat?post=229401"},{"taxonomy":"product_tag","embeddable":true,"href":"https:\/\/mediagear.ee\/et\/wp-json\/wp\/v2\/product_tag?post=229401"},{"taxonomy":"inventory","embeddable":true,"href":"https:\/\/mediagear.ee\/et\/wp-json\/wp\/v2\/inventory?post=229401"}],"curies":[{"name":"wp","href":"https:\/\/api.w.org\/{rel}","templated":true}]}}