{"id":229732,"date":"2025-06-11T14:16:18","date_gmt":"2025-06-11T12:16:18","guid":{"rendered":"http:\/\/mediagear.ee\/product\/nitecore-cine-wind-photography-styling-fan-with-handle\/"},"modified":"2025-08-01T14:25:48","modified_gmt":"2025-08-01T12:25:48","slug":"nitecore-cine-wind-photography-styling-fan-with-handle","status":"publish","type":"product","link":"https:\/\/mediagear.ee\/et\/toode\/nitecore-cine-wind-photography-styling-fan-with-handle\/","title":{"rendered":"NITECORE Cine Wind portatiivne ventilaator sangaga"},"content":{"rendered":"","protected":false},"excerpt":{"rendered":"<p>Omadused:<\/p>\n<p>\t\u00dclimalt kaasaskantav disain: k\u00f5igest 700 g kaaluv CW30 on uskumatult kerge. Kaalub vaid kuuendiku traditsioonilise fotoventilaatori massist, isegi kui akud ja tarvikud on \u00fchendatud. Hoidke seda pingevabalt tuule kiiruse muutmiseks, lisades pildistamisele ainulaadse d\u00fcnaamika.<br \/>\n\tT\u00f5hus harjadeta mootor: CW30-l on 42 W t\u00f5hus harjadeta mootor, mis v\u00f5imaldab tuule kiiruse kiiret \u00fcleminekut 0\u201346 km\/h vaid 1 sekundi jooksul. Optimeeritud \u00f5hukanalite ja 7 suure tihedusega ventilaatorilabaga tagab muljetavaldava \u00f5huhulga kuni 400 m\u00b3\/h.<br \/>\n\tSujuv juhtimine: Juhtnupp toimib nii toitenupu kui ka tuule kiiruse reguleerijana. 10 reguleeritava kiirusega saate tuuleefekte t\u00e4pselt h\u00e4\u00e4lestada, et need vastaksid erinevatele pildistamisstsenaariumidele. Saavutage soovitud atmosf\u00e4\u00e4r lihtsa p\u00f6\u00f6ramisega.<br \/>\n\tNP-F akude \u00fchilduvus: CW30 t\u00f6\u00f6tab kahe NP-F aku abil t\u00f5husalt, ilma et oleks vaja v\u00e4liseid toitejuhtmeid. Kasutage standardseid NP-F akusid, mis toidavad ka muid fotograafiatarvikuid, pakkudes teile rohkem paindlikkust. (M\u00e4rkus: akud ei kuulu komplekti)<br \/>\n\tMitmek\u00fclgsed pikendusliidesed: varustatud mitme kinnitusliidesega, sealhulgas 3\/8-tolline kruviauk, 1\/4-tolline kruviauk, 3\/8-tolline ARRI asukohaava ja 1\/4-tolline ARRI asukohaava, CW30 \u00fchildub erinevate fotograafiatarvikutega nagu kandesangad, statiivid ja t\u00e4itevalgustid.\u00a0<br \/>\n\t10 erinevat tuuleseadet<br \/>\n\tT\u00f6\u00f6aeg madalaimal seadistusel kuni 138 tundi<br \/>\n\tMitu laiendusliidest, mis \u00fchilduvad erinevate kaameratarvikutega<\/p>\n<p>Spetsifikatsioonid:<\/p>\n<p>\tSisend: DC 12V-16,8V<br \/>\n\tNimiv\u00f5imsus: 42 W (MAX)<br \/>\n\tP\u00f6\u00f6rlemiskiirus: 7200 p\/min (MAX)<br \/>\n\tTuule kiirus: 46 km\/h (MAX)<br \/>\n\t\u00d5humaht: 400m3 \/h (MAX)<br \/>\n\tM\u00f5\u00f5dud: 190 mm x 105 mm x 126 mm (akudeta)<br \/>\n\tKaal: 700 g (akudeta)<br \/>\n\tAku valik: NP-F aku<br \/>\n\tKomplekti kuulub lisavarustuses olev sang<\/p>\n<p>https:\/\/youtu.be\/39KBDUyvsG8<br \/>\n\u00a0<\/p>\n","protected":false},"featured_media":219760,"template":"","meta":{"_acf_changed":false},"brand":[4453],"product_cat":[5308],"product_tag":[],"inventory":[],"class_list":{"0":"post-229732","1":"product","2":"type-product","3":"status-publish","4":"has-post-thumbnail","6":"brand-nitecore-et","7":"product_cat-stuudiotarvikud","9":"first","10":"onbackorder","11":"taxable","12":"shipping-taxable","13":"purchasable","14":"product-type-simple"},"acf":[],"yoast_head":"<!-- This site is optimized with the Yoast SEO plugin v27.1.1 - https:\/\/yoast.com\/product\/yoast-seo-wordpress\/ -->\n<title>NITECORE Cine Wind portatiivne ventilaator sangaga - MediaGear<\/title>\n<meta name=\"description\" content=\"Omadused: \u00dclimalt kaasaskantav disain: k\u00f5igest 700 g kaaluv CW30 on uskumatult kerge. Kaalub vaid kuuendiku traditsioonilise fotoventilaatori mas...\" \/>\n<meta name=\"robots\" content=\"index, follow, max-snippet:-1, max-image-preview:large, max-video-preview:-1\" \/>\n<link rel=\"canonical\" href=\"https:\/\/mediagear.ee\/et\/toode\/nitecore-cine-wind-photography-styling-fan-with-handle\/\" \/>\n<meta property=\"og:locale\" content=\"et_EE\" \/>\n<meta property=\"og:type\" content=\"article\" \/>\n<meta property=\"og:title\" content=\"NITECORE Cine Wind portatiivne ventilaator sangaga - MediaGear\" \/>\n<meta property=\"og:description\" content=\"Omadused: \u00dclimalt kaasaskantav disain: k\u00f5igest 700 g kaaluv CW30 on uskumatult kerge. Kaalub vaid kuuendiku traditsioonilise fotoventilaatori mas...\" \/>\n<meta property=\"og:url\" content=\"https:\/\/mediagear.ee\/et\/toode\/nitecore-cine-wind-photography-styling-fan-with-handle\/\" \/>\n<meta property=\"og:site_name\" content=\"MediaGear\" \/>\n<meta property=\"article:publisher\" content=\"https:\/\/www.facebook.com\/Mediagear.ee\/\" \/>\n<meta property=\"article:modified_time\" content=\"2025-08-01T12:25:48+00:00\" \/>\n<meta property=\"og:image\" content=\"https:\/\/mediagear.ee\/wp-content\/uploads\/2025\/06\/NITECORE_Cine_Wind_photography_styling_fan_with_handle.webp\" \/>\n\t<meta property=\"og:image:width\" content=\"1000\" \/>\n\t<meta property=\"og:image:height\" content=\"1000\" \/>\n\t<meta property=\"og:image:type\" content=\"image\/webp\" \/>\n<meta name=\"twitter:card\" content=\"summary_large_image\" \/>\n<script type=\"application\/ld+json\" class=\"yoast-schema-graph\">{\"@context\":\"https:\/\/schema.org\",\"@graph\":[{\"@type\":\"WebPage\",\"@id\":\"https:\/\/mediagear.ee\/et\/toode\/nitecore-cine-wind-photography-styling-fan-with-handle\/\",\"url\":\"https:\/\/mediagear.ee\/et\/toode\/nitecore-cine-wind-photography-styling-fan-with-handle\/\",\"name\":\"NITECORE Cine Wind portatiivne ventilaator sangaga - MediaGear\",\"isPartOf\":{\"@id\":\"https:\/\/mediagear.ee\/et\/#website\"},\"primaryImageOfPage\":{\"@id\":\"https:\/\/mediagear.ee\/et\/toode\/nitecore-cine-wind-photography-styling-fan-with-handle\/#primaryimage\"},\"image\":{\"@id\":\"https:\/\/mediagear.ee\/et\/toode\/nitecore-cine-wind-photography-styling-fan-with-handle\/#primaryimage\"},\"thumbnailUrl\":\"https:\/\/mediagear.ee\/wp-content\/uploads\/2025\/06\/NITECORE_Cine_Wind_photography_styling_fan_with_handle.webp\",\"datePublished\":\"2025-06-11T12:16:18+00:00\",\"dateModified\":\"2025-08-01T12:25:48+00:00\",\"description\":\"Omadused: \u00dclimalt kaasaskantav disain: k\u00f5igest 700 g kaaluv CW30 on uskumatult kerge. Kaalub vaid kuuendiku traditsioonilise fotoventilaatori mas...\",\"breadcrumb\":{\"@id\":\"https:\/\/mediagear.ee\/et\/toode\/nitecore-cine-wind-photography-styling-fan-with-handle\/#breadcrumb\"},\"inLanguage\":\"et\",\"potentialAction\":[{\"@type\":\"ReadAction\",\"target\":[\"https:\/\/mediagear.ee\/et\/toode\/nitecore-cine-wind-photography-styling-fan-with-handle\/\"]}]},{\"@type\":\"ImageObject\",\"inLanguage\":\"et\",\"@id\":\"https:\/\/mediagear.ee\/et\/toode\/nitecore-cine-wind-photography-styling-fan-with-handle\/#primaryimage\",\"url\":\"https:\/\/mediagear.ee\/wp-content\/uploads\/2025\/06\/NITECORE_Cine_Wind_photography_styling_fan_with_handle.webp\",\"contentUrl\":\"https:\/\/mediagear.ee\/wp-content\/uploads\/2025\/06\/NITECORE_Cine_Wind_photography_styling_fan_with_handle.webp\",\"width\":1000,\"height\":1000,\"caption\":\"NITECORE Cine Wind portatiivne ventilaator sangaga\"},{\"@type\":\"BreadcrumbList\",\"@id\":\"https:\/\/mediagear.ee\/et\/toode\/nitecore-cine-wind-photography-styling-fan-with-handle\/#breadcrumb\",\"itemListElement\":[{\"@type\":\"ListItem\",\"position\":1,\"name\":\"Avaleht\",\"item\":\"https:\/\/mediagear.ee\/et\/\"},{\"@type\":\"ListItem\",\"position\":2,\"name\":\"Pro video &amp; audio tehnika pood\",\"item\":\"https:\/\/mediagear.ee\/et\/pood\/\"},{\"@type\":\"ListItem\",\"position\":3,\"name\":\"STUUDIO &amp; LAVA\",\"item\":\"https:\/\/mediagear.ee\/et\/tootekategooria\/stuudio-lava\/\"},{\"@type\":\"ListItem\",\"position\":4,\"name\":\"Stuudiotarvikud\",\"item\":\"https:\/\/mediagear.ee\/et\/tootekategooria\/stuudio-lava\/stuudiotarvikud\/\"},{\"@type\":\"ListItem\",\"position\":5,\"name\":\"NITECORE Cine Wind portatiivne ventilaator sangaga\"}]},{\"@type\":\"WebSite\",\"@id\":\"https:\/\/mediagear.ee\/et\/#website\",\"url\":\"https:\/\/mediagear.ee\/et\/\",\"name\":\"MediaGear\",\"description\":\"Full-service solutions in AV equipment\",\"publisher\":{\"@id\":\"https:\/\/mediagear.ee\/et\/#organization\"},\"potentialAction\":[{\"@type\":\"SearchAction\",\"target\":{\"@type\":\"EntryPoint\",\"urlTemplate\":\"https:\/\/mediagear.ee\/et\/?s={search_term_string}\"},\"query-input\":{\"@type\":\"PropertyValueSpecification\",\"valueRequired\":true,\"valueName\":\"search_term_string\"}}],\"inLanguage\":\"et\"},{\"@type\":\"Organization\",\"@id\":\"https:\/\/mediagear.ee\/et\/#organization\",\"name\":\"Mediagear\",\"url\":\"https:\/\/mediagear.ee\/et\/\",\"logo\":{\"@type\":\"ImageObject\",\"inLanguage\":\"et\",\"@id\":\"https:\/\/mediagear.ee\/et\/#\/schema\/logo\/image\/\",\"url\":\"http:\/\/mediagear.ee\/wp-content\/uploads\/2024\/05\/MediaGear-logo-transp.png\",\"contentUrl\":\"http:\/\/mediagear.ee\/wp-content\/uploads\/2024\/05\/MediaGear-logo-transp.png\",\"width\":600,\"height\":200,\"caption\":\"Mediagear\"},\"image\":{\"@id\":\"https:\/\/mediagear.ee\/et\/#\/schema\/logo\/image\/\"},\"sameAs\":[\"https:\/\/www.facebook.com\/Mediagear.ee\/\",\"https:\/\/www.instagram.com\/mediagear_ee\/\"]}]}<\/script>\n<!-- \/ Yoast SEO plugin. -->","yoast_head_json":{"title":"NITECORE Cine Wind portatiivne ventilaator sangaga - MediaGear","description":"Omadused: \u00dclimalt kaasaskantav disain: k\u00f5igest 700 g kaaluv CW30 on uskumatult kerge. Kaalub vaid kuuendiku traditsioonilise fotoventilaatori mas...","robots":{"index":"index","follow":"follow","max-snippet":"max-snippet:-1","max-image-preview":"max-image-preview:large","max-video-preview":"max-video-preview:-1"},"canonical":"https:\/\/mediagear.ee\/et\/toode\/nitecore-cine-wind-photography-styling-fan-with-handle\/","og_locale":"et_EE","og_type":"article","og_title":"NITECORE Cine Wind portatiivne ventilaator sangaga - MediaGear","og_description":"Omadused: \u00dclimalt kaasaskantav disain: k\u00f5igest 700 g kaaluv CW30 on uskumatult kerge. Kaalub vaid kuuendiku traditsioonilise fotoventilaatori mas...","og_url":"https:\/\/mediagear.ee\/et\/toode\/nitecore-cine-wind-photography-styling-fan-with-handle\/","og_site_name":"MediaGear","article_publisher":"https:\/\/www.facebook.com\/Mediagear.ee\/","article_modified_time":"2025-08-01T12:25:48+00:00","og_image":[{"width":1000,"height":1000,"url":"https:\/\/mediagear.ee\/wp-content\/uploads\/2025\/06\/NITECORE_Cine_Wind_photography_styling_fan_with_handle.webp","type":"image\/webp"}],"twitter_card":"summary_large_image","schema":{"@context":"https:\/\/schema.org","@graph":[{"@type":"WebPage","@id":"https:\/\/mediagear.ee\/et\/toode\/nitecore-cine-wind-photography-styling-fan-with-handle\/","url":"https:\/\/mediagear.ee\/et\/toode\/nitecore-cine-wind-photography-styling-fan-with-handle\/","name":"NITECORE Cine Wind portatiivne ventilaator sangaga - MediaGear","isPartOf":{"@id":"https:\/\/mediagear.ee\/et\/#website"},"primaryImageOfPage":{"@id":"https:\/\/mediagear.ee\/et\/toode\/nitecore-cine-wind-photography-styling-fan-with-handle\/#primaryimage"},"image":{"@id":"https:\/\/mediagear.ee\/et\/toode\/nitecore-cine-wind-photography-styling-fan-with-handle\/#primaryimage"},"thumbnailUrl":"https:\/\/mediagear.ee\/wp-content\/uploads\/2025\/06\/NITECORE_Cine_Wind_photography_styling_fan_with_handle.webp","datePublished":"2025-06-11T12:16:18+00:00","dateModified":"2025-08-01T12:25:48+00:00","description":"Omadused: \u00dclimalt kaasaskantav disain: k\u00f5igest 700 g kaaluv CW30 on uskumatult kerge. Kaalub vaid kuuendiku traditsioonilise fotoventilaatori mas...","breadcrumb":{"@id":"https:\/\/mediagear.ee\/et\/toode\/nitecore-cine-wind-photography-styling-fan-with-handle\/#breadcrumb"},"inLanguage":"et","potentialAction":[{"@type":"ReadAction","target":["https:\/\/mediagear.ee\/et\/toode\/nitecore-cine-wind-photography-styling-fan-with-handle\/"]}]},{"@type":"ImageObject","inLanguage":"et","@id":"https:\/\/mediagear.ee\/et\/toode\/nitecore-cine-wind-photography-styling-fan-with-handle\/#primaryimage","url":"https:\/\/mediagear.ee\/wp-content\/uploads\/2025\/06\/NITECORE_Cine_Wind_photography_styling_fan_with_handle.webp","contentUrl":"https:\/\/mediagear.ee\/wp-content\/uploads\/2025\/06\/NITECORE_Cine_Wind_photography_styling_fan_with_handle.webp","width":1000,"height":1000,"caption":"NITECORE Cine Wind portatiivne ventilaator sangaga"},{"@type":"BreadcrumbList","@id":"https:\/\/mediagear.ee\/et\/toode\/nitecore-cine-wind-photography-styling-fan-with-handle\/#breadcrumb","itemListElement":[{"@type":"ListItem","position":1,"name":"Avaleht","item":"https:\/\/mediagear.ee\/et\/"},{"@type":"ListItem","position":2,"name":"Pro video &amp; audio tehnika pood","item":"https:\/\/mediagear.ee\/et\/pood\/"},{"@type":"ListItem","position":3,"name":"STUUDIO &amp; LAVA","item":"https:\/\/mediagear.ee\/et\/tootekategooria\/stuudio-lava\/"},{"@type":"ListItem","position":4,"name":"Stuudiotarvikud","item":"https:\/\/mediagear.ee\/et\/tootekategooria\/stuudio-lava\/stuudiotarvikud\/"},{"@type":"ListItem","position":5,"name":"NITECORE Cine Wind portatiivne ventilaator sangaga"}]},{"@type":"WebSite","@id":"https:\/\/mediagear.ee\/et\/#website","url":"https:\/\/mediagear.ee\/et\/","name":"MediaGear","description":"Full-service solutions in AV equipment","publisher":{"@id":"https:\/\/mediagear.ee\/et\/#organization"},"potentialAction":[{"@type":"SearchAction","target":{"@type":"EntryPoint","urlTemplate":"https:\/\/mediagear.ee\/et\/?s={search_term_string}"},"query-input":{"@type":"PropertyValueSpecification","valueRequired":true,"valueName":"search_term_string"}}],"inLanguage":"et"},{"@type":"Organization","@id":"https:\/\/mediagear.ee\/et\/#organization","name":"Mediagear","url":"https:\/\/mediagear.ee\/et\/","logo":{"@type":"ImageObject","inLanguage":"et","@id":"https:\/\/mediagear.ee\/et\/#\/schema\/logo\/image\/","url":"http:\/\/mediagear.ee\/wp-content\/uploads\/2024\/05\/MediaGear-logo-transp.png","contentUrl":"http:\/\/mediagear.ee\/wp-content\/uploads\/2024\/05\/MediaGear-logo-transp.png","width":600,"height":200,"caption":"Mediagear"},"image":{"@id":"https:\/\/mediagear.ee\/et\/#\/schema\/logo\/image\/"},"sameAs":["https:\/\/www.facebook.com\/Mediagear.ee\/","https:\/\/www.instagram.com\/mediagear_ee\/"]}]}},"_links":{"self":[{"href":"https:\/\/mediagear.ee\/et\/wp-json\/wp\/v2\/product\/229732","targetHints":{"allow":["GET"]}}],"collection":[{"href":"https:\/\/mediagear.ee\/et\/wp-json\/wp\/v2\/product"}],"about":[{"href":"https:\/\/mediagear.ee\/et\/wp-json\/wp\/v2\/types\/product"}],"wp:featuredmedia":[{"embeddable":true,"href":"https:\/\/mediagear.ee\/et\/wp-json\/wp\/v2\/media\/219760"}],"wp:attachment":[{"href":"https:\/\/mediagear.ee\/et\/wp-json\/wp\/v2\/media?parent=229732"}],"wp:term":[{"taxonomy":"brand","embeddable":true,"href":"https:\/\/mediagear.ee\/et\/wp-json\/wp\/v2\/brand?post=229732"},{"taxonomy":"product_cat","embeddable":true,"href":"https:\/\/mediagear.ee\/et\/wp-json\/wp\/v2\/product_cat?post=229732"},{"taxonomy":"product_tag","embeddable":true,"href":"https:\/\/mediagear.ee\/et\/wp-json\/wp\/v2\/product_tag?post=229732"},{"taxonomy":"inventory","embeddable":true,"href":"https:\/\/mediagear.ee\/et\/wp-json\/wp\/v2\/inventory?post=229732"}],"curies":[{"name":"wp","href":"https:\/\/api.w.org\/{rel}","templated":true}]}}