{"id":230273,"date":"2025-06-11T13:44:05","date_gmt":"2025-06-11T11:44:05","guid":{"rendered":"http:\/\/mediagear.ee\/product\/avmatrix-hvs0401e-4-ch-hdmi-multi-format-streaming-video-switcher-with-recording\/"},"modified":"2025-08-01T14:26:52","modified_gmt":"2025-08-01T12:26:52","slug":"avmatrix-hvs0401e-4-ch-hdmi-multi-format-streaming-video-switcher-with-recording","status":"publish","type":"product","link":"https:\/\/mediagear.ee\/et\/toode\/avmatrix-hvs0401e-4-ch-hdmi-multi-format-streaming-video-switcher-with-recording\/","title":{"rendered":"AVMATRIX HVS0401E 4-ch HDMI Multi-format Streaming Video Switcher with Recording"},"content":{"rendered":"","protected":false},"excerpt":{"rendered":"<p>Features:<\/p>\n<p>\tInputs 1~3: HDMI, Input 4: HDMI\/DP<br \/>\n\tOutputs: HDMI PGM\u00d72, HDMI multiview\u00d71, USB type-C\u00d71, LAN\u00d71<br \/>\n\tLAN port for RTMP streaming and upgrade<br \/>\n\tUSB disk\/ SD card for PGM recording<br \/>\n\tUSB Type-C for video capturing (UVC)<br \/>\n\tPIP function, adjustable size and position<br \/>\n\tAudio mixer: 3.5mm MIC\/ RCA\/ HDMI embedded audio<br \/>\n\tAUTO\/ CUT transitions and MIX\/ FADE\/ WIPE effects<br \/>\n\tGPIO interface for live tally system<br \/>\n\tFTB for emergency situation<\/p>\n<p>Full specification sheet<\/p>\n","protected":false},"featured_media":216538,"template":"","meta":{"_acf_changed":false},"brand":[4389],"product_cat":[5300],"product_tag":[],"inventory":[],"class_list":{"0":"post-230273","1":"product","2":"type-product","3":"status-publish","4":"has-post-thumbnail","6":"brand-avmatrix-et","7":"product_cat-videomikserid","9":"first","10":"instock","11":"sale","12":"taxable","13":"shipping-taxable","14":"purchasable","15":"product-type-simple"},"acf":[],"yoast_head":"<!-- This site is optimized with the Yoast SEO plugin v27.1.1 - https:\/\/yoast.com\/product\/yoast-seo-wordpress\/ -->\n<title>AVMATRIX HVS0401E 4-ch HDMI Multi-format Streaming Video Switcher with Recording - MediaGear<\/title>\n<meta name=\"description\" content=\"Features: Inputs 1~3: HDMI, Input 4: HDMI\/DP Outputs: HDMI PGM\u00d72, HDMI multiview\u00d71, USB type-C\u00d71, LAN\u00d71 LAN port for RTMP streaming and upgrade...\" \/>\n<meta name=\"robots\" content=\"index, follow, max-snippet:-1, max-image-preview:large, max-video-preview:-1\" \/>\n<link rel=\"canonical\" href=\"https:\/\/mediagear.ee\/et\/toode\/avmatrix-hvs0401e-4-ch-hdmi-multi-format-streaming-video-switcher-with-recording\/\" \/>\n<meta property=\"og:locale\" content=\"et_EE\" \/>\n<meta property=\"og:type\" content=\"article\" \/>\n<meta property=\"og:title\" content=\"AVMATRIX HVS0401E 4-ch HDMI Multi-format Streaming Video Switcher with Recording - MediaGear\" \/>\n<meta property=\"og:description\" content=\"Features: Inputs 1~3: HDMI, Input 4: HDMI\/DP Outputs: HDMI PGM\u00d72, HDMI multiview\u00d71, USB type-C\u00d71, LAN\u00d71 LAN port for RTMP streaming and upgrade...\" \/>\n<meta property=\"og:url\" content=\"https:\/\/mediagear.ee\/et\/toode\/avmatrix-hvs0401e-4-ch-hdmi-multi-format-streaming-video-switcher-with-recording\/\" \/>\n<meta property=\"og:site_name\" content=\"MediaGear\" \/>\n<meta property=\"article:publisher\" content=\"https:\/\/www.facebook.com\/Mediagear.ee\/\" \/>\n<meta property=\"article:modified_time\" content=\"2025-08-01T12:26:52+00:00\" \/>\n<meta property=\"og:image\" content=\"https:\/\/mediagear.ee\/wp-content\/uploads\/2025\/06\/AVMATRIX_HVS0401E_4-ch_HDMI_Multi-format_Streaming_Video_Switcher_with_Recording.webp\" \/>\n\t<meta property=\"og:image:width\" content=\"1000\" \/>\n\t<meta property=\"og:image:height\" content=\"1000\" \/>\n\t<meta property=\"og:image:type\" content=\"image\/webp\" \/>\n<meta name=\"twitter:card\" content=\"summary_large_image\" \/>\n<script type=\"application\/ld+json\" class=\"yoast-schema-graph\">{\"@context\":\"https:\/\/schema.org\",\"@graph\":[{\"@type\":\"WebPage\",\"@id\":\"https:\/\/mediagear.ee\/et\/toode\/avmatrix-hvs0401e-4-ch-hdmi-multi-format-streaming-video-switcher-with-recording\/\",\"url\":\"https:\/\/mediagear.ee\/et\/toode\/avmatrix-hvs0401e-4-ch-hdmi-multi-format-streaming-video-switcher-with-recording\/\",\"name\":\"AVMATRIX HVS0401E 4-ch HDMI Multi-format Streaming Video Switcher with Recording - MediaGear\",\"isPartOf\":{\"@id\":\"https:\/\/mediagear.ee\/et\/#website\"},\"primaryImageOfPage\":{\"@id\":\"https:\/\/mediagear.ee\/et\/toode\/avmatrix-hvs0401e-4-ch-hdmi-multi-format-streaming-video-switcher-with-recording\/#primaryimage\"},\"image\":{\"@id\":\"https:\/\/mediagear.ee\/et\/toode\/avmatrix-hvs0401e-4-ch-hdmi-multi-format-streaming-video-switcher-with-recording\/#primaryimage\"},\"thumbnailUrl\":\"https:\/\/mediagear.ee\/wp-content\/uploads\/2025\/06\/AVMATRIX_HVS0401E_4-ch_HDMI_Multi-format_Streaming_Video_Switcher_with_Recording.webp\",\"datePublished\":\"2025-06-11T11:44:05+00:00\",\"dateModified\":\"2025-08-01T12:26:52+00:00\",\"description\":\"Features: Inputs 1~3: HDMI, Input 4: HDMI\/DP Outputs: HDMI PGM\u00d72, HDMI multiview\u00d71, USB type-C\u00d71, LAN\u00d71 LAN port for RTMP streaming and upgrade...\",\"breadcrumb\":{\"@id\":\"https:\/\/mediagear.ee\/et\/toode\/avmatrix-hvs0401e-4-ch-hdmi-multi-format-streaming-video-switcher-with-recording\/#breadcrumb\"},\"inLanguage\":\"et\",\"potentialAction\":[{\"@type\":\"ReadAction\",\"target\":[\"https:\/\/mediagear.ee\/et\/toode\/avmatrix-hvs0401e-4-ch-hdmi-multi-format-streaming-video-switcher-with-recording\/\"]}]},{\"@type\":\"ImageObject\",\"inLanguage\":\"et\",\"@id\":\"https:\/\/mediagear.ee\/et\/toode\/avmatrix-hvs0401e-4-ch-hdmi-multi-format-streaming-video-switcher-with-recording\/#primaryimage\",\"url\":\"https:\/\/mediagear.ee\/wp-content\/uploads\/2025\/06\/AVMATRIX_HVS0401E_4-ch_HDMI_Multi-format_Streaming_Video_Switcher_with_Recording.webp\",\"contentUrl\":\"https:\/\/mediagear.ee\/wp-content\/uploads\/2025\/06\/AVMATRIX_HVS0401E_4-ch_HDMI_Multi-format_Streaming_Video_Switcher_with_Recording.webp\",\"width\":1000,\"height\":1000,\"caption\":\"AVMATRIX HVS0401E 4-ch HDMI Multi-format Streaming Video Switcher with Recording\"},{\"@type\":\"BreadcrumbList\",\"@id\":\"https:\/\/mediagear.ee\/et\/toode\/avmatrix-hvs0401e-4-ch-hdmi-multi-format-streaming-video-switcher-with-recording\/#breadcrumb\",\"itemListElement\":[{\"@type\":\"ListItem\",\"position\":1,\"name\":\"Avaleht\",\"item\":\"https:\/\/mediagear.ee\/et\/\"},{\"@type\":\"ListItem\",\"position\":2,\"name\":\"Pro video &amp; audio tehnika pood\",\"item\":\"https:\/\/mediagear.ee\/et\/pood\/\"},{\"@type\":\"ListItem\",\"position\":3,\"name\":\"SIGNAALIT\u00d6\u00d6TLUS\",\"item\":\"https:\/\/mediagear.ee\/et\/tootekategooria\/signaalitootlus\/\"},{\"@type\":\"ListItem\",\"position\":4,\"name\":\"Videomikserid\",\"item\":\"https:\/\/mediagear.ee\/et\/tootekategooria\/signaalitootlus\/videomikserid\/\"},{\"@type\":\"ListItem\",\"position\":5,\"name\":\"AVMATRIX HVS0401E 4-ch HDMI Multi-format Streaming Video Switcher with Recording\"}]},{\"@type\":\"WebSite\",\"@id\":\"https:\/\/mediagear.ee\/et\/#website\",\"url\":\"https:\/\/mediagear.ee\/et\/\",\"name\":\"MediaGear\",\"description\":\"Full-service solutions in AV equipment\",\"publisher\":{\"@id\":\"https:\/\/mediagear.ee\/et\/#organization\"},\"potentialAction\":[{\"@type\":\"SearchAction\",\"target\":{\"@type\":\"EntryPoint\",\"urlTemplate\":\"https:\/\/mediagear.ee\/et\/?s={search_term_string}\"},\"query-input\":{\"@type\":\"PropertyValueSpecification\",\"valueRequired\":true,\"valueName\":\"search_term_string\"}}],\"inLanguage\":\"et\"},{\"@type\":\"Organization\",\"@id\":\"https:\/\/mediagear.ee\/et\/#organization\",\"name\":\"Mediagear\",\"url\":\"https:\/\/mediagear.ee\/et\/\",\"logo\":{\"@type\":\"ImageObject\",\"inLanguage\":\"et\",\"@id\":\"https:\/\/mediagear.ee\/et\/#\/schema\/logo\/image\/\",\"url\":\"http:\/\/mediagear.ee\/wp-content\/uploads\/2024\/05\/MediaGear-logo-transp.png\",\"contentUrl\":\"http:\/\/mediagear.ee\/wp-content\/uploads\/2024\/05\/MediaGear-logo-transp.png\",\"width\":600,\"height\":200,\"caption\":\"Mediagear\"},\"image\":{\"@id\":\"https:\/\/mediagear.ee\/et\/#\/schema\/logo\/image\/\"},\"sameAs\":[\"https:\/\/www.facebook.com\/Mediagear.ee\/\",\"https:\/\/www.instagram.com\/mediagear_ee\/\"]}]}<\/script>\n<!-- \/ Yoast SEO plugin. -->","yoast_head_json":{"title":"AVMATRIX HVS0401E 4-ch HDMI Multi-format Streaming Video Switcher with Recording - MediaGear","description":"Features: Inputs 1~3: HDMI, Input 4: HDMI\/DP Outputs: HDMI PGM\u00d72, HDMI multiview\u00d71, USB type-C\u00d71, LAN\u00d71 LAN port for RTMP streaming and upgrade...","robots":{"index":"index","follow":"follow","max-snippet":"max-snippet:-1","max-image-preview":"max-image-preview:large","max-video-preview":"max-video-preview:-1"},"canonical":"https:\/\/mediagear.ee\/et\/toode\/avmatrix-hvs0401e-4-ch-hdmi-multi-format-streaming-video-switcher-with-recording\/","og_locale":"et_EE","og_type":"article","og_title":"AVMATRIX HVS0401E 4-ch HDMI Multi-format Streaming Video Switcher with Recording - MediaGear","og_description":"Features: Inputs 1~3: HDMI, Input 4: HDMI\/DP Outputs: HDMI PGM\u00d72, HDMI multiview\u00d71, USB type-C\u00d71, LAN\u00d71 LAN port for RTMP streaming and upgrade...","og_url":"https:\/\/mediagear.ee\/et\/toode\/avmatrix-hvs0401e-4-ch-hdmi-multi-format-streaming-video-switcher-with-recording\/","og_site_name":"MediaGear","article_publisher":"https:\/\/www.facebook.com\/Mediagear.ee\/","article_modified_time":"2025-08-01T12:26:52+00:00","og_image":[{"width":1000,"height":1000,"url":"https:\/\/mediagear.ee\/wp-content\/uploads\/2025\/06\/AVMATRIX_HVS0401E_4-ch_HDMI_Multi-format_Streaming_Video_Switcher_with_Recording.webp","type":"image\/webp"}],"twitter_card":"summary_large_image","schema":{"@context":"https:\/\/schema.org","@graph":[{"@type":"WebPage","@id":"https:\/\/mediagear.ee\/et\/toode\/avmatrix-hvs0401e-4-ch-hdmi-multi-format-streaming-video-switcher-with-recording\/","url":"https:\/\/mediagear.ee\/et\/toode\/avmatrix-hvs0401e-4-ch-hdmi-multi-format-streaming-video-switcher-with-recording\/","name":"AVMATRIX HVS0401E 4-ch HDMI Multi-format Streaming Video Switcher with Recording - MediaGear","isPartOf":{"@id":"https:\/\/mediagear.ee\/et\/#website"},"primaryImageOfPage":{"@id":"https:\/\/mediagear.ee\/et\/toode\/avmatrix-hvs0401e-4-ch-hdmi-multi-format-streaming-video-switcher-with-recording\/#primaryimage"},"image":{"@id":"https:\/\/mediagear.ee\/et\/toode\/avmatrix-hvs0401e-4-ch-hdmi-multi-format-streaming-video-switcher-with-recording\/#primaryimage"},"thumbnailUrl":"https:\/\/mediagear.ee\/wp-content\/uploads\/2025\/06\/AVMATRIX_HVS0401E_4-ch_HDMI_Multi-format_Streaming_Video_Switcher_with_Recording.webp","datePublished":"2025-06-11T11:44:05+00:00","dateModified":"2025-08-01T12:26:52+00:00","description":"Features: Inputs 1~3: HDMI, Input 4: HDMI\/DP Outputs: HDMI PGM\u00d72, HDMI multiview\u00d71, USB type-C\u00d71, LAN\u00d71 LAN port for RTMP streaming and upgrade...","breadcrumb":{"@id":"https:\/\/mediagear.ee\/et\/toode\/avmatrix-hvs0401e-4-ch-hdmi-multi-format-streaming-video-switcher-with-recording\/#breadcrumb"},"inLanguage":"et","potentialAction":[{"@type":"ReadAction","target":["https:\/\/mediagear.ee\/et\/toode\/avmatrix-hvs0401e-4-ch-hdmi-multi-format-streaming-video-switcher-with-recording\/"]}]},{"@type":"ImageObject","inLanguage":"et","@id":"https:\/\/mediagear.ee\/et\/toode\/avmatrix-hvs0401e-4-ch-hdmi-multi-format-streaming-video-switcher-with-recording\/#primaryimage","url":"https:\/\/mediagear.ee\/wp-content\/uploads\/2025\/06\/AVMATRIX_HVS0401E_4-ch_HDMI_Multi-format_Streaming_Video_Switcher_with_Recording.webp","contentUrl":"https:\/\/mediagear.ee\/wp-content\/uploads\/2025\/06\/AVMATRIX_HVS0401E_4-ch_HDMI_Multi-format_Streaming_Video_Switcher_with_Recording.webp","width":1000,"height":1000,"caption":"AVMATRIX HVS0401E 4-ch HDMI Multi-format Streaming Video Switcher with Recording"},{"@type":"BreadcrumbList","@id":"https:\/\/mediagear.ee\/et\/toode\/avmatrix-hvs0401e-4-ch-hdmi-multi-format-streaming-video-switcher-with-recording\/#breadcrumb","itemListElement":[{"@type":"ListItem","position":1,"name":"Avaleht","item":"https:\/\/mediagear.ee\/et\/"},{"@type":"ListItem","position":2,"name":"Pro video &amp; audio tehnika pood","item":"https:\/\/mediagear.ee\/et\/pood\/"},{"@type":"ListItem","position":3,"name":"SIGNAALIT\u00d6\u00d6TLUS","item":"https:\/\/mediagear.ee\/et\/tootekategooria\/signaalitootlus\/"},{"@type":"ListItem","position":4,"name":"Videomikserid","item":"https:\/\/mediagear.ee\/et\/tootekategooria\/signaalitootlus\/videomikserid\/"},{"@type":"ListItem","position":5,"name":"AVMATRIX HVS0401E 4-ch HDMI Multi-format Streaming Video Switcher with Recording"}]},{"@type":"WebSite","@id":"https:\/\/mediagear.ee\/et\/#website","url":"https:\/\/mediagear.ee\/et\/","name":"MediaGear","description":"Full-service solutions in AV equipment","publisher":{"@id":"https:\/\/mediagear.ee\/et\/#organization"},"potentialAction":[{"@type":"SearchAction","target":{"@type":"EntryPoint","urlTemplate":"https:\/\/mediagear.ee\/et\/?s={search_term_string}"},"query-input":{"@type":"PropertyValueSpecification","valueRequired":true,"valueName":"search_term_string"}}],"inLanguage":"et"},{"@type":"Organization","@id":"https:\/\/mediagear.ee\/et\/#organization","name":"Mediagear","url":"https:\/\/mediagear.ee\/et\/","logo":{"@type":"ImageObject","inLanguage":"et","@id":"https:\/\/mediagear.ee\/et\/#\/schema\/logo\/image\/","url":"http:\/\/mediagear.ee\/wp-content\/uploads\/2024\/05\/MediaGear-logo-transp.png","contentUrl":"http:\/\/mediagear.ee\/wp-content\/uploads\/2024\/05\/MediaGear-logo-transp.png","width":600,"height":200,"caption":"Mediagear"},"image":{"@id":"https:\/\/mediagear.ee\/et\/#\/schema\/logo\/image\/"},"sameAs":["https:\/\/www.facebook.com\/Mediagear.ee\/","https:\/\/www.instagram.com\/mediagear_ee\/"]}]}},"_links":{"self":[{"href":"https:\/\/mediagear.ee\/et\/wp-json\/wp\/v2\/product\/230273","targetHints":{"allow":["GET"]}}],"collection":[{"href":"https:\/\/mediagear.ee\/et\/wp-json\/wp\/v2\/product"}],"about":[{"href":"https:\/\/mediagear.ee\/et\/wp-json\/wp\/v2\/types\/product"}],"wp:featuredmedia":[{"embeddable":true,"href":"https:\/\/mediagear.ee\/et\/wp-json\/wp\/v2\/media\/216538"}],"wp:attachment":[{"href":"https:\/\/mediagear.ee\/et\/wp-json\/wp\/v2\/media?parent=230273"}],"wp:term":[{"taxonomy":"brand","embeddable":true,"href":"https:\/\/mediagear.ee\/et\/wp-json\/wp\/v2\/brand?post=230273"},{"taxonomy":"product_cat","embeddable":true,"href":"https:\/\/mediagear.ee\/et\/wp-json\/wp\/v2\/product_cat?post=230273"},{"taxonomy":"product_tag","embeddable":true,"href":"https:\/\/mediagear.ee\/et\/wp-json\/wp\/v2\/product_tag?post=230273"},{"taxonomy":"inventory","embeddable":true,"href":"https:\/\/mediagear.ee\/et\/wp-json\/wp\/v2\/inventory?post=230273"}],"curies":[{"name":"wp","href":"https:\/\/api.w.org\/{rel}","templated":true}]}}