{"id":231427,"date":"2025-06-11T12:35:33","date_gmt":"2025-06-11T10:35:33","guid":{"rendered":"http:\/\/mediagear.ee\/product\/black-molton-300g-m2-flame-retardant\/"},"modified":"2026-01-21T13:25:26","modified_gmt":"2026-01-21T11:25:26","slug":"black-molton-300g-m2-flame-retardant","status":"publish","type":"product","link":"https:\/\/mediagear.ee\/et\/toode\/black-molton-300g-m2-flame-retardant\/","title":{"rendered":"Must Molton viimistletud lavakangas 300g\/m2 (tulekindel t\u00f6\u00f6tlus)"},"content":{"rendered":"","protected":false},"excerpt":{"rendered":"<div class=\"ns4p8fja j83agx80 cbu4d94t a6sixzi8 bkfpd7mw nred35xi a1xu1aao\" role=\"none\">\n<div class=\"j83agx80 k4urcfbm\" role=\"none\">\n<div class=\"ll8tlv6m j83agx80 cbu4d94t d2edcug0 l9j0dhe7\">\n<div class=\"j83agx80 k4urcfbm\" role=\"none\">\n<div class=\"cxgpxx05 d1544ag0 sj5x9vvc tw6a2znq l9j0dhe7 ni8dbmo4 stjgntxs e72ty7fz qlfml3jp inkptoze qmr60zad jm1wdb64 qv66sw1b ljqsnud1 odn2s2vf tkr6xdv7\" role=\"none\">\n<div class=\"rq0escxv l9j0dhe7 du4w35lb __fb-light-mode\" role=\"none\">\n<div class=\"oo9gr5id ii04i59q jq4qci2q g9io39s2\" dir=\"auto\" role=\"none\">\n<p>Kanga \u00fclemine \u00e4\u00e4r on viimistletud ja \u00f6\u00f6situd iga 25cm j\u00e4rel, \u00f6\u00f6sides paelad riputuseks. Kanga k\u00fcljed ja alumine \u00e4\u00e4r on viimistlemata.<\/p>\n<p>Vali sobiv suurus v\u00f5i v\u00f5ta meiega \u00fchendust erim\u00f5\u00f5dulise kanga korral.<\/p>\n<\/div>\n<\/div>\n<\/div>\n<\/div>\n<\/div>\n<\/div>\n<\/div>\n","protected":false},"featured_media":291786,"template":"","meta":{"_acf_changed":false},"brand":[],"product_cat":[5307],"product_tag":[],"inventory":[],"class_list":{"0":"post-231427","1":"product","2":"type-product","3":"status-publish","4":"has-post-thumbnail","6":"product_cat-kangad-tekstiilid","8":"first","9":"instock","10":"taxable","11":"shipping-taxable","12":"purchasable","13":"product-type-variable"},"acf":[],"yoast_head":"<!-- This site is optimized with the Yoast SEO plugin v27.1.1 - https:\/\/yoast.com\/product\/yoast-seo-wordpress\/ -->\n<title>Must Molton viimistletud lavakangas 300g\/m2 (tulekindel t\u00f6\u00f6tlus) - MediaGear<\/title>\n<meta name=\"description\" content=\"Kanga \u00fclemine \u00e4\u00e4r on viimistletud ja \u00f6\u00f6situd iga 25cm j\u00e4rel, \u00f6\u00f6sides paelad riputuseks. Kanga k\u00fcljed ja alumine \u00e4\u00e4r on viimistlemata. Vali sobiv...\" \/>\n<meta name=\"robots\" content=\"index, follow, max-snippet:-1, max-image-preview:large, max-video-preview:-1\" \/>\n<link rel=\"canonical\" href=\"https:\/\/mediagear.ee\/et\/toode\/black-molton-300g-m2-flame-retardant\/\" \/>\n<meta property=\"og:locale\" content=\"et_EE\" \/>\n<meta property=\"og:type\" content=\"article\" \/>\n<meta property=\"og:title\" content=\"Must Molton viimistletud lavakangas 300g\/m2 (tulekindel t\u00f6\u00f6tlus) - MediaGear\" \/>\n<meta property=\"og:description\" content=\"Kanga \u00fclemine \u00e4\u00e4r on viimistletud ja \u00f6\u00f6situd iga 25cm j\u00e4rel, \u00f6\u00f6sides paelad riputuseks. Kanga k\u00fcljed ja alumine \u00e4\u00e4r on viimistlemata. Vali sobiv...\" \/>\n<meta property=\"og:url\" content=\"https:\/\/mediagear.ee\/et\/toode\/black-molton-300g-m2-flame-retardant\/\" \/>\n<meta property=\"og:site_name\" content=\"MediaGear\" \/>\n<meta property=\"article:publisher\" content=\"https:\/\/www.facebook.com\/Mediagear.ee\/\" \/>\n<meta property=\"article:modified_time\" content=\"2026-01-21T11:25:26+00:00\" \/>\n<meta property=\"og:image\" content=\"https:\/\/mediagear.ee\/wp-content\/uploads\/2025\/06\/Molton-black-green.jpg\" \/>\n\t<meta property=\"og:image:width\" content=\"720\" \/>\n\t<meta property=\"og:image:height\" content=\"1280\" \/>\n\t<meta property=\"og:image:type\" content=\"image\/jpeg\" \/>\n<meta name=\"twitter:card\" content=\"summary_large_image\" \/>\n<meta name=\"twitter:label1\" content=\"Est. reading time\" \/>\n\t<meta name=\"twitter:data1\" content=\"1 minut\" \/>\n<script type=\"application\/ld+json\" class=\"yoast-schema-graph\">{\"@context\":\"https:\/\/schema.org\",\"@graph\":[{\"@type\":\"WebPage\",\"@id\":\"https:\/\/mediagear.ee\/et\/toode\/black-molton-300g-m2-flame-retardant\/\",\"url\":\"https:\/\/mediagear.ee\/et\/toode\/black-molton-300g-m2-flame-retardant\/\",\"name\":\"Must Molton viimistletud lavakangas 300g\/m2 (tulekindel t\u00f6\u00f6tlus) - MediaGear\",\"isPartOf\":{\"@id\":\"https:\/\/mediagear.ee\/et\/#website\"},\"primaryImageOfPage\":{\"@id\":\"https:\/\/mediagear.ee\/et\/toode\/black-molton-300g-m2-flame-retardant\/#primaryimage\"},\"image\":{\"@id\":\"https:\/\/mediagear.ee\/et\/toode\/black-molton-300g-m2-flame-retardant\/#primaryimage\"},\"thumbnailUrl\":\"https:\/\/mediagear.ee\/wp-content\/uploads\/2025\/06\/Molton-black-green.jpg\",\"datePublished\":\"2025-06-11T10:35:33+00:00\",\"dateModified\":\"2026-01-21T11:25:26+00:00\",\"description\":\"Kanga \u00fclemine \u00e4\u00e4r on viimistletud ja \u00f6\u00f6situd iga 25cm j\u00e4rel, \u00f6\u00f6sides paelad riputuseks. Kanga k\u00fcljed ja alumine \u00e4\u00e4r on viimistlemata. Vali sobiv...\",\"breadcrumb\":{\"@id\":\"https:\/\/mediagear.ee\/et\/toode\/black-molton-300g-m2-flame-retardant\/#breadcrumb\"},\"inLanguage\":\"et\",\"potentialAction\":[{\"@type\":\"ReadAction\",\"target\":[\"https:\/\/mediagear.ee\/et\/toode\/black-molton-300g-m2-flame-retardant\/\"]}]},{\"@type\":\"ImageObject\",\"inLanguage\":\"et\",\"@id\":\"https:\/\/mediagear.ee\/et\/toode\/black-molton-300g-m2-flame-retardant\/#primaryimage\",\"url\":\"https:\/\/mediagear.ee\/wp-content\/uploads\/2025\/06\/Molton-black-green.jpg\",\"contentUrl\":\"https:\/\/mediagear.ee\/wp-content\/uploads\/2025\/06\/Molton-black-green.jpg\",\"width\":720,\"height\":1280,\"caption\":\"Must Molton viimistletud lavakangas 300g\/m2 (tulekindel t\u00f6\u00f6tlus)\"},{\"@type\":\"BreadcrumbList\",\"@id\":\"https:\/\/mediagear.ee\/et\/toode\/black-molton-300g-m2-flame-retardant\/#breadcrumb\",\"itemListElement\":[{\"@type\":\"ListItem\",\"position\":1,\"name\":\"Avaleht\",\"item\":\"https:\/\/mediagear.ee\/et\/\"},{\"@type\":\"ListItem\",\"position\":2,\"name\":\"Pro video &amp; audio tehnika pood\",\"item\":\"https:\/\/mediagear.ee\/et\/pood\/\"},{\"@type\":\"ListItem\",\"position\":3,\"name\":\"STUUDIO &amp; LAVA\",\"item\":\"https:\/\/mediagear.ee\/et\/tootekategooria\/stuudio-lava\/\"},{\"@type\":\"ListItem\",\"position\":4,\"name\":\"Kangad &amp; tekstiilid\",\"item\":\"https:\/\/mediagear.ee\/et\/tootekategooria\/stuudio-lava\/kangad-tekstiilid\/\"},{\"@type\":\"ListItem\",\"position\":5,\"name\":\"Must Molton viimistletud lavakangas 300g\/m2 (tulekindel t\u00f6\u00f6tlus)\"}]},{\"@type\":\"WebSite\",\"@id\":\"https:\/\/mediagear.ee\/et\/#website\",\"url\":\"https:\/\/mediagear.ee\/et\/\",\"name\":\"MediaGear\",\"description\":\"Full-service solutions in AV equipment\",\"publisher\":{\"@id\":\"https:\/\/mediagear.ee\/et\/#organization\"},\"potentialAction\":[{\"@type\":\"SearchAction\",\"target\":{\"@type\":\"EntryPoint\",\"urlTemplate\":\"https:\/\/mediagear.ee\/et\/?s={search_term_string}\"},\"query-input\":{\"@type\":\"PropertyValueSpecification\",\"valueRequired\":true,\"valueName\":\"search_term_string\"}}],\"inLanguage\":\"et\"},{\"@type\":\"Organization\",\"@id\":\"https:\/\/mediagear.ee\/et\/#organization\",\"name\":\"Mediagear\",\"url\":\"https:\/\/mediagear.ee\/et\/\",\"logo\":{\"@type\":\"ImageObject\",\"inLanguage\":\"et\",\"@id\":\"https:\/\/mediagear.ee\/et\/#\/schema\/logo\/image\/\",\"url\":\"http:\/\/mediagear.ee\/wp-content\/uploads\/2024\/05\/MediaGear-logo-transp.png\",\"contentUrl\":\"http:\/\/mediagear.ee\/wp-content\/uploads\/2024\/05\/MediaGear-logo-transp.png\",\"width\":600,\"height\":200,\"caption\":\"Mediagear\"},\"image\":{\"@id\":\"https:\/\/mediagear.ee\/et\/#\/schema\/logo\/image\/\"},\"sameAs\":[\"https:\/\/www.facebook.com\/Mediagear.ee\/\",\"https:\/\/www.instagram.com\/mediagear_ee\/\"]}]}<\/script>\n<!-- \/ Yoast SEO plugin. -->","yoast_head_json":{"title":"Must Molton viimistletud lavakangas 300g\/m2 (tulekindel t\u00f6\u00f6tlus) - MediaGear","description":"Kanga \u00fclemine \u00e4\u00e4r on viimistletud ja \u00f6\u00f6situd iga 25cm j\u00e4rel, \u00f6\u00f6sides paelad riputuseks. Kanga k\u00fcljed ja alumine \u00e4\u00e4r on viimistlemata. Vali sobiv...","robots":{"index":"index","follow":"follow","max-snippet":"max-snippet:-1","max-image-preview":"max-image-preview:large","max-video-preview":"max-video-preview:-1"},"canonical":"https:\/\/mediagear.ee\/et\/toode\/black-molton-300g-m2-flame-retardant\/","og_locale":"et_EE","og_type":"article","og_title":"Must Molton viimistletud lavakangas 300g\/m2 (tulekindel t\u00f6\u00f6tlus) - MediaGear","og_description":"Kanga \u00fclemine \u00e4\u00e4r on viimistletud ja \u00f6\u00f6situd iga 25cm j\u00e4rel, \u00f6\u00f6sides paelad riputuseks. Kanga k\u00fcljed ja alumine \u00e4\u00e4r on viimistlemata. Vali sobiv...","og_url":"https:\/\/mediagear.ee\/et\/toode\/black-molton-300g-m2-flame-retardant\/","og_site_name":"MediaGear","article_publisher":"https:\/\/www.facebook.com\/Mediagear.ee\/","article_modified_time":"2026-01-21T11:25:26+00:00","og_image":[{"width":720,"height":1280,"url":"https:\/\/mediagear.ee\/wp-content\/uploads\/2025\/06\/Molton-black-green.jpg","type":"image\/jpeg"}],"twitter_card":"summary_large_image","twitter_misc":{"Est. reading time":"1 minut"},"schema":{"@context":"https:\/\/schema.org","@graph":[{"@type":"WebPage","@id":"https:\/\/mediagear.ee\/et\/toode\/black-molton-300g-m2-flame-retardant\/","url":"https:\/\/mediagear.ee\/et\/toode\/black-molton-300g-m2-flame-retardant\/","name":"Must Molton viimistletud lavakangas 300g\/m2 (tulekindel t\u00f6\u00f6tlus) - MediaGear","isPartOf":{"@id":"https:\/\/mediagear.ee\/et\/#website"},"primaryImageOfPage":{"@id":"https:\/\/mediagear.ee\/et\/toode\/black-molton-300g-m2-flame-retardant\/#primaryimage"},"image":{"@id":"https:\/\/mediagear.ee\/et\/toode\/black-molton-300g-m2-flame-retardant\/#primaryimage"},"thumbnailUrl":"https:\/\/mediagear.ee\/wp-content\/uploads\/2025\/06\/Molton-black-green.jpg","datePublished":"2025-06-11T10:35:33+00:00","dateModified":"2026-01-21T11:25:26+00:00","description":"Kanga \u00fclemine \u00e4\u00e4r on viimistletud ja \u00f6\u00f6situd iga 25cm j\u00e4rel, \u00f6\u00f6sides paelad riputuseks. Kanga k\u00fcljed ja alumine \u00e4\u00e4r on viimistlemata. Vali sobiv...","breadcrumb":{"@id":"https:\/\/mediagear.ee\/et\/toode\/black-molton-300g-m2-flame-retardant\/#breadcrumb"},"inLanguage":"et","potentialAction":[{"@type":"ReadAction","target":["https:\/\/mediagear.ee\/et\/toode\/black-molton-300g-m2-flame-retardant\/"]}]},{"@type":"ImageObject","inLanguage":"et","@id":"https:\/\/mediagear.ee\/et\/toode\/black-molton-300g-m2-flame-retardant\/#primaryimage","url":"https:\/\/mediagear.ee\/wp-content\/uploads\/2025\/06\/Molton-black-green.jpg","contentUrl":"https:\/\/mediagear.ee\/wp-content\/uploads\/2025\/06\/Molton-black-green.jpg","width":720,"height":1280,"caption":"Must Molton viimistletud lavakangas 300g\/m2 (tulekindel t\u00f6\u00f6tlus)"},{"@type":"BreadcrumbList","@id":"https:\/\/mediagear.ee\/et\/toode\/black-molton-300g-m2-flame-retardant\/#breadcrumb","itemListElement":[{"@type":"ListItem","position":1,"name":"Avaleht","item":"https:\/\/mediagear.ee\/et\/"},{"@type":"ListItem","position":2,"name":"Pro video &amp; audio tehnika pood","item":"https:\/\/mediagear.ee\/et\/pood\/"},{"@type":"ListItem","position":3,"name":"STUUDIO &amp; LAVA","item":"https:\/\/mediagear.ee\/et\/tootekategooria\/stuudio-lava\/"},{"@type":"ListItem","position":4,"name":"Kangad &amp; tekstiilid","item":"https:\/\/mediagear.ee\/et\/tootekategooria\/stuudio-lava\/kangad-tekstiilid\/"},{"@type":"ListItem","position":5,"name":"Must Molton viimistletud lavakangas 300g\/m2 (tulekindel t\u00f6\u00f6tlus)"}]},{"@type":"WebSite","@id":"https:\/\/mediagear.ee\/et\/#website","url":"https:\/\/mediagear.ee\/et\/","name":"MediaGear","description":"Full-service solutions in AV equipment","publisher":{"@id":"https:\/\/mediagear.ee\/et\/#organization"},"potentialAction":[{"@type":"SearchAction","target":{"@type":"EntryPoint","urlTemplate":"https:\/\/mediagear.ee\/et\/?s={search_term_string}"},"query-input":{"@type":"PropertyValueSpecification","valueRequired":true,"valueName":"search_term_string"}}],"inLanguage":"et"},{"@type":"Organization","@id":"https:\/\/mediagear.ee\/et\/#organization","name":"Mediagear","url":"https:\/\/mediagear.ee\/et\/","logo":{"@type":"ImageObject","inLanguage":"et","@id":"https:\/\/mediagear.ee\/et\/#\/schema\/logo\/image\/","url":"http:\/\/mediagear.ee\/wp-content\/uploads\/2024\/05\/MediaGear-logo-transp.png","contentUrl":"http:\/\/mediagear.ee\/wp-content\/uploads\/2024\/05\/MediaGear-logo-transp.png","width":600,"height":200,"caption":"Mediagear"},"image":{"@id":"https:\/\/mediagear.ee\/et\/#\/schema\/logo\/image\/"},"sameAs":["https:\/\/www.facebook.com\/Mediagear.ee\/","https:\/\/www.instagram.com\/mediagear_ee\/"]}]}},"_links":{"self":[{"href":"https:\/\/mediagear.ee\/et\/wp-json\/wp\/v2\/product\/231427","targetHints":{"allow":["GET"]}}],"collection":[{"href":"https:\/\/mediagear.ee\/et\/wp-json\/wp\/v2\/product"}],"about":[{"href":"https:\/\/mediagear.ee\/et\/wp-json\/wp\/v2\/types\/product"}],"wp:featuredmedia":[{"embeddable":true,"href":"https:\/\/mediagear.ee\/et\/wp-json\/wp\/v2\/media\/291786"}],"wp:attachment":[{"href":"https:\/\/mediagear.ee\/et\/wp-json\/wp\/v2\/media?parent=231427"}],"wp:term":[{"taxonomy":"brand","embeddable":true,"href":"https:\/\/mediagear.ee\/et\/wp-json\/wp\/v2\/brand?post=231427"},{"taxonomy":"product_cat","embeddable":true,"href":"https:\/\/mediagear.ee\/et\/wp-json\/wp\/v2\/product_cat?post=231427"},{"taxonomy":"product_tag","embeddable":true,"href":"https:\/\/mediagear.ee\/et\/wp-json\/wp\/v2\/product_tag?post=231427"},{"taxonomy":"inventory","embeddable":true,"href":"https:\/\/mediagear.ee\/et\/wp-json\/wp\/v2\/inventory?post=231427"}],"curies":[{"name":"wp","href":"https:\/\/api.w.org\/{rel}","templated":true}]}}