{"id":231527,"date":"2025-06-11T12:18:31","date_gmt":"2025-06-11T10:18:31","guid":{"rendered":"http:\/\/mediagear.ee\/product\/nitecore-np-f750-camera-battery-for-sony-np-f-5200mah\/"},"modified":"2025-08-01T14:29:28","modified_gmt":"2025-08-01T12:29:28","slug":"nitecore-np-f750-camera-battery-for-sony-np-f-5200mah","status":"publish","type":"product","link":"https:\/\/mediagear.ee\/et\/toode\/nitecore-np-f750-camera-battery-for-sony-np-f-5200mah\/","title":{"rendered":"Sony NP-F seeria asendusaku NITECORE NP-F750, 5200mAh"},"content":{"rendered":"","protected":false},"excerpt":{"rendered":"<p>Spetsifikatsioonid:<\/p>\n<p> \tT\u00fc\u00fcp: Laetav liitiumioonaku<br \/>\n \tMudel: NP-F750<br \/>\n \tPinge: 7.4V<br \/>\n \tMahutavus: 5,200mAh<br \/>\n \tEnergia: 38.5Wh<br \/>\n \tT\u00f6\u00f6temperatuur: Laadimisel: 0\u2103~45\u2103; T\u00fchjenemisel: -10\u2103~50\u2103<br \/>\n \t\u00dchilduvad mudelid: Sony NEX-FS700, HXR-NX5N, HXR-NX100, HDR-AX2000E, FDR-AX1 ja teised<br \/>\n \tM\u00f5\u00f5dud: 70.7mm\u00d738.7mm\u00d739.7mm<br \/>\n \tKaal: 194g<\/p>\n","protected":false},"featured_media":208348,"template":"","meta":{"_acf_changed":false},"brand":[4453],"product_cat":[5251],"product_tag":[],"inventory":[],"class_list":{"0":"post-231527","1":"product","2":"type-product","3":"status-publish","4":"has-post-thumbnail","6":"brand-nitecore-et","7":"product_cat-akud-dv","9":"first","10":"instock","11":"taxable","12":"shipping-taxable","13":"purchasable","14":"product-type-simple"},"acf":[],"yoast_head":"<!-- This site is optimized with the Yoast SEO plugin v27.1.1 - https:\/\/yoast.com\/product\/yoast-seo-wordpress\/ -->\n<title>Sony NP-F seeria asendusaku NITECORE NP-F750, 5200mAh - MediaGear<\/title>\n<meta name=\"description\" content=\"Spetsifikatsioonid: T\u00fc\u00fcp: Laetav liitiumioonaku Mudel: NP-F750 Pinge: 7.4V Mahutavus: 5,200mAh Energia: 38.5Wh T\u00f6\u00f6temperatuur: Laadimi...\" \/>\n<meta name=\"robots\" content=\"index, follow, max-snippet:-1, max-image-preview:large, max-video-preview:-1\" \/>\n<link rel=\"canonical\" href=\"https:\/\/mediagear.ee\/et\/toode\/nitecore-np-f750-camera-battery-for-sony-np-f-5200mah\/\" \/>\n<meta property=\"og:locale\" content=\"et_EE\" \/>\n<meta property=\"og:type\" content=\"article\" \/>\n<meta property=\"og:title\" content=\"Sony NP-F seeria asendusaku NITECORE NP-F750, 5200mAh - MediaGear\" \/>\n<meta property=\"og:description\" content=\"Spetsifikatsioonid: T\u00fc\u00fcp: Laetav liitiumioonaku Mudel: NP-F750 Pinge: 7.4V Mahutavus: 5,200mAh Energia: 38.5Wh T\u00f6\u00f6temperatuur: Laadimi...\" \/>\n<meta property=\"og:url\" content=\"https:\/\/mediagear.ee\/et\/toode\/nitecore-np-f750-camera-battery-for-sony-np-f-5200mah\/\" \/>\n<meta property=\"og:site_name\" content=\"MediaGear\" \/>\n<meta property=\"article:publisher\" content=\"https:\/\/www.facebook.com\/Mediagear.ee\/\" \/>\n<meta property=\"article:modified_time\" content=\"2025-08-01T12:29:28+00:00\" \/>\n<meta property=\"og:image\" content=\"https:\/\/mediagear.ee\/wp-content\/uploads\/2025\/06\/NITECORE_NP-F750_camera_battery_for_Sony_NP-F_5200mAh.jpg\" \/>\n\t<meta property=\"og:image:width\" content=\"570\" \/>\n\t<meta property=\"og:image:height\" content=\"571\" \/>\n\t<meta property=\"og:image:type\" content=\"image\/jpeg\" \/>\n<meta name=\"twitter:card\" content=\"summary_large_image\" \/>\n<script type=\"application\/ld+json\" class=\"yoast-schema-graph\">{\"@context\":\"https:\/\/schema.org\",\"@graph\":[{\"@type\":\"WebPage\",\"@id\":\"https:\/\/mediagear.ee\/et\/toode\/nitecore-np-f750-camera-battery-for-sony-np-f-5200mah\/\",\"url\":\"https:\/\/mediagear.ee\/et\/toode\/nitecore-np-f750-camera-battery-for-sony-np-f-5200mah\/\",\"name\":\"Sony NP-F seeria asendusaku NITECORE NP-F750, 5200mAh - MediaGear\",\"isPartOf\":{\"@id\":\"https:\/\/mediagear.ee\/et\/#website\"},\"primaryImageOfPage\":{\"@id\":\"https:\/\/mediagear.ee\/et\/toode\/nitecore-np-f750-camera-battery-for-sony-np-f-5200mah\/#primaryimage\"},\"image\":{\"@id\":\"https:\/\/mediagear.ee\/et\/toode\/nitecore-np-f750-camera-battery-for-sony-np-f-5200mah\/#primaryimage\"},\"thumbnailUrl\":\"https:\/\/mediagear.ee\/wp-content\/uploads\/2025\/06\/NITECORE_NP-F750_camera_battery_for_Sony_NP-F_5200mAh.jpg\",\"datePublished\":\"2025-06-11T10:18:31+00:00\",\"dateModified\":\"2025-08-01T12:29:28+00:00\",\"description\":\"Spetsifikatsioonid: T\u00fc\u00fcp: Laetav liitiumioonaku Mudel: NP-F750 Pinge: 7.4V Mahutavus: 5,200mAh Energia: 38.5Wh T\u00f6\u00f6temperatuur: Laadimi...\",\"breadcrumb\":{\"@id\":\"https:\/\/mediagear.ee\/et\/toode\/nitecore-np-f750-camera-battery-for-sony-np-f-5200mah\/#breadcrumb\"},\"inLanguage\":\"et\",\"potentialAction\":[{\"@type\":\"ReadAction\",\"target\":[\"https:\/\/mediagear.ee\/et\/toode\/nitecore-np-f750-camera-battery-for-sony-np-f-5200mah\/\"]}]},{\"@type\":\"ImageObject\",\"inLanguage\":\"et\",\"@id\":\"https:\/\/mediagear.ee\/et\/toode\/nitecore-np-f750-camera-battery-for-sony-np-f-5200mah\/#primaryimage\",\"url\":\"https:\/\/mediagear.ee\/wp-content\/uploads\/2025\/06\/NITECORE_NP-F750_camera_battery_for_Sony_NP-F_5200mAh.jpg\",\"contentUrl\":\"https:\/\/mediagear.ee\/wp-content\/uploads\/2025\/06\/NITECORE_NP-F750_camera_battery_for_Sony_NP-F_5200mAh.jpg\",\"width\":570,\"height\":571,\"caption\":\"Sony NP-F seeria asendusaku NITECORE NP-F750, 5200mAh\"},{\"@type\":\"BreadcrumbList\",\"@id\":\"https:\/\/mediagear.ee\/et\/toode\/nitecore-np-f750-camera-battery-for-sony-np-f-5200mah\/#breadcrumb\",\"itemListElement\":[{\"@type\":\"ListItem\",\"position\":1,\"name\":\"Avaleht\",\"item\":\"https:\/\/mediagear.ee\/et\/\"},{\"@type\":\"ListItem\",\"position\":2,\"name\":\"Pro video &amp; audio tehnika pood\",\"item\":\"https:\/\/mediagear.ee\/et\/pood\/\"},{\"@type\":\"ListItem\",\"position\":3,\"name\":\"AKUD &amp; TOIDE\",\"item\":\"https:\/\/mediagear.ee\/et\/tootekategooria\/akud-toide\/\"},{\"@type\":\"ListItem\",\"position\":4,\"name\":\"Akud DV\",\"item\":\"https:\/\/mediagear.ee\/et\/tootekategooria\/akud-toide\/akud-dv\/\"},{\"@type\":\"ListItem\",\"position\":5,\"name\":\"Sony NP-F seeria asendusaku NITECORE NP-F750, 5200mAh\"}]},{\"@type\":\"WebSite\",\"@id\":\"https:\/\/mediagear.ee\/et\/#website\",\"url\":\"https:\/\/mediagear.ee\/et\/\",\"name\":\"MediaGear\",\"description\":\"Full-service solutions in AV equipment\",\"publisher\":{\"@id\":\"https:\/\/mediagear.ee\/et\/#organization\"},\"potentialAction\":[{\"@type\":\"SearchAction\",\"target\":{\"@type\":\"EntryPoint\",\"urlTemplate\":\"https:\/\/mediagear.ee\/et\/?s={search_term_string}\"},\"query-input\":{\"@type\":\"PropertyValueSpecification\",\"valueRequired\":true,\"valueName\":\"search_term_string\"}}],\"inLanguage\":\"et\"},{\"@type\":\"Organization\",\"@id\":\"https:\/\/mediagear.ee\/et\/#organization\",\"name\":\"Mediagear\",\"url\":\"https:\/\/mediagear.ee\/et\/\",\"logo\":{\"@type\":\"ImageObject\",\"inLanguage\":\"et\",\"@id\":\"https:\/\/mediagear.ee\/et\/#\/schema\/logo\/image\/\",\"url\":\"http:\/\/mediagear.ee\/wp-content\/uploads\/2024\/05\/MediaGear-logo-transp.png\",\"contentUrl\":\"http:\/\/mediagear.ee\/wp-content\/uploads\/2024\/05\/MediaGear-logo-transp.png\",\"width\":600,\"height\":200,\"caption\":\"Mediagear\"},\"image\":{\"@id\":\"https:\/\/mediagear.ee\/et\/#\/schema\/logo\/image\/\"},\"sameAs\":[\"https:\/\/www.facebook.com\/Mediagear.ee\/\",\"https:\/\/www.instagram.com\/mediagear_ee\/\"]}]}<\/script>\n<!-- \/ Yoast SEO plugin. -->","yoast_head_json":{"title":"Sony NP-F seeria asendusaku NITECORE NP-F750, 5200mAh - MediaGear","description":"Spetsifikatsioonid: T\u00fc\u00fcp: Laetav liitiumioonaku Mudel: NP-F750 Pinge: 7.4V Mahutavus: 5,200mAh Energia: 38.5Wh T\u00f6\u00f6temperatuur: Laadimi...","robots":{"index":"index","follow":"follow","max-snippet":"max-snippet:-1","max-image-preview":"max-image-preview:large","max-video-preview":"max-video-preview:-1"},"canonical":"https:\/\/mediagear.ee\/et\/toode\/nitecore-np-f750-camera-battery-for-sony-np-f-5200mah\/","og_locale":"et_EE","og_type":"article","og_title":"Sony NP-F seeria asendusaku NITECORE NP-F750, 5200mAh - MediaGear","og_description":"Spetsifikatsioonid: T\u00fc\u00fcp: Laetav liitiumioonaku Mudel: NP-F750 Pinge: 7.4V Mahutavus: 5,200mAh Energia: 38.5Wh T\u00f6\u00f6temperatuur: Laadimi...","og_url":"https:\/\/mediagear.ee\/et\/toode\/nitecore-np-f750-camera-battery-for-sony-np-f-5200mah\/","og_site_name":"MediaGear","article_publisher":"https:\/\/www.facebook.com\/Mediagear.ee\/","article_modified_time":"2025-08-01T12:29:28+00:00","og_image":[{"width":570,"height":571,"url":"https:\/\/mediagear.ee\/wp-content\/uploads\/2025\/06\/NITECORE_NP-F750_camera_battery_for_Sony_NP-F_5200mAh.jpg","type":"image\/jpeg"}],"twitter_card":"summary_large_image","schema":{"@context":"https:\/\/schema.org","@graph":[{"@type":"WebPage","@id":"https:\/\/mediagear.ee\/et\/toode\/nitecore-np-f750-camera-battery-for-sony-np-f-5200mah\/","url":"https:\/\/mediagear.ee\/et\/toode\/nitecore-np-f750-camera-battery-for-sony-np-f-5200mah\/","name":"Sony NP-F seeria asendusaku NITECORE NP-F750, 5200mAh - MediaGear","isPartOf":{"@id":"https:\/\/mediagear.ee\/et\/#website"},"primaryImageOfPage":{"@id":"https:\/\/mediagear.ee\/et\/toode\/nitecore-np-f750-camera-battery-for-sony-np-f-5200mah\/#primaryimage"},"image":{"@id":"https:\/\/mediagear.ee\/et\/toode\/nitecore-np-f750-camera-battery-for-sony-np-f-5200mah\/#primaryimage"},"thumbnailUrl":"https:\/\/mediagear.ee\/wp-content\/uploads\/2025\/06\/NITECORE_NP-F750_camera_battery_for_Sony_NP-F_5200mAh.jpg","datePublished":"2025-06-11T10:18:31+00:00","dateModified":"2025-08-01T12:29:28+00:00","description":"Spetsifikatsioonid: T\u00fc\u00fcp: Laetav liitiumioonaku Mudel: NP-F750 Pinge: 7.4V Mahutavus: 5,200mAh Energia: 38.5Wh T\u00f6\u00f6temperatuur: Laadimi...","breadcrumb":{"@id":"https:\/\/mediagear.ee\/et\/toode\/nitecore-np-f750-camera-battery-for-sony-np-f-5200mah\/#breadcrumb"},"inLanguage":"et","potentialAction":[{"@type":"ReadAction","target":["https:\/\/mediagear.ee\/et\/toode\/nitecore-np-f750-camera-battery-for-sony-np-f-5200mah\/"]}]},{"@type":"ImageObject","inLanguage":"et","@id":"https:\/\/mediagear.ee\/et\/toode\/nitecore-np-f750-camera-battery-for-sony-np-f-5200mah\/#primaryimage","url":"https:\/\/mediagear.ee\/wp-content\/uploads\/2025\/06\/NITECORE_NP-F750_camera_battery_for_Sony_NP-F_5200mAh.jpg","contentUrl":"https:\/\/mediagear.ee\/wp-content\/uploads\/2025\/06\/NITECORE_NP-F750_camera_battery_for_Sony_NP-F_5200mAh.jpg","width":570,"height":571,"caption":"Sony NP-F seeria asendusaku NITECORE NP-F750, 5200mAh"},{"@type":"BreadcrumbList","@id":"https:\/\/mediagear.ee\/et\/toode\/nitecore-np-f750-camera-battery-for-sony-np-f-5200mah\/#breadcrumb","itemListElement":[{"@type":"ListItem","position":1,"name":"Avaleht","item":"https:\/\/mediagear.ee\/et\/"},{"@type":"ListItem","position":2,"name":"Pro video &amp; audio tehnika pood","item":"https:\/\/mediagear.ee\/et\/pood\/"},{"@type":"ListItem","position":3,"name":"AKUD &amp; TOIDE","item":"https:\/\/mediagear.ee\/et\/tootekategooria\/akud-toide\/"},{"@type":"ListItem","position":4,"name":"Akud DV","item":"https:\/\/mediagear.ee\/et\/tootekategooria\/akud-toide\/akud-dv\/"},{"@type":"ListItem","position":5,"name":"Sony NP-F seeria asendusaku NITECORE NP-F750, 5200mAh"}]},{"@type":"WebSite","@id":"https:\/\/mediagear.ee\/et\/#website","url":"https:\/\/mediagear.ee\/et\/","name":"MediaGear","description":"Full-service solutions in AV equipment","publisher":{"@id":"https:\/\/mediagear.ee\/et\/#organization"},"potentialAction":[{"@type":"SearchAction","target":{"@type":"EntryPoint","urlTemplate":"https:\/\/mediagear.ee\/et\/?s={search_term_string}"},"query-input":{"@type":"PropertyValueSpecification","valueRequired":true,"valueName":"search_term_string"}}],"inLanguage":"et"},{"@type":"Organization","@id":"https:\/\/mediagear.ee\/et\/#organization","name":"Mediagear","url":"https:\/\/mediagear.ee\/et\/","logo":{"@type":"ImageObject","inLanguage":"et","@id":"https:\/\/mediagear.ee\/et\/#\/schema\/logo\/image\/","url":"http:\/\/mediagear.ee\/wp-content\/uploads\/2024\/05\/MediaGear-logo-transp.png","contentUrl":"http:\/\/mediagear.ee\/wp-content\/uploads\/2024\/05\/MediaGear-logo-transp.png","width":600,"height":200,"caption":"Mediagear"},"image":{"@id":"https:\/\/mediagear.ee\/et\/#\/schema\/logo\/image\/"},"sameAs":["https:\/\/www.facebook.com\/Mediagear.ee\/","https:\/\/www.instagram.com\/mediagear_ee\/"]}]}},"_links":{"self":[{"href":"https:\/\/mediagear.ee\/et\/wp-json\/wp\/v2\/product\/231527","targetHints":{"allow":["GET"]}}],"collection":[{"href":"https:\/\/mediagear.ee\/et\/wp-json\/wp\/v2\/product"}],"about":[{"href":"https:\/\/mediagear.ee\/et\/wp-json\/wp\/v2\/types\/product"}],"wp:featuredmedia":[{"embeddable":true,"href":"https:\/\/mediagear.ee\/et\/wp-json\/wp\/v2\/media\/208348"}],"wp:attachment":[{"href":"https:\/\/mediagear.ee\/et\/wp-json\/wp\/v2\/media?parent=231527"}],"wp:term":[{"taxonomy":"brand","embeddable":true,"href":"https:\/\/mediagear.ee\/et\/wp-json\/wp\/v2\/brand?post=231527"},{"taxonomy":"product_cat","embeddable":true,"href":"https:\/\/mediagear.ee\/et\/wp-json\/wp\/v2\/product_cat?post=231527"},{"taxonomy":"product_tag","embeddable":true,"href":"https:\/\/mediagear.ee\/et\/wp-json\/wp\/v2\/product_tag?post=231527"},{"taxonomy":"inventory","embeddable":true,"href":"https:\/\/mediagear.ee\/et\/wp-json\/wp\/v2\/inventory?post=231527"}],"curies":[{"name":"wp","href":"https:\/\/api.w.org\/{rel}","templated":true}]}}