{"id":231548,"date":"2025-06-11T12:15:48","date_gmt":"2025-06-11T10:15:48","guid":{"rendered":"http:\/\/mediagear.ee\/product\/lexar-pro-633x-sdhc-memory-card-32gb\/"},"modified":"2025-08-01T14:29:33","modified_gmt":"2025-08-01T12:29:33","slug":"lexar-pro-633x-sdhc-memory-card-32gb","status":"publish","type":"product","link":"https:\/\/mediagear.ee\/et\/toode\/lexar-pro-633x-sdhc-memory-card-32gb\/","title":{"rendered":"LEXAR Pro 633X SDHC m\u00e4lukaart 32GB"},"content":{"rendered":"","protected":false},"excerpt":{"rendered":"<p>Tehniline spetsifikatsioon<br \/>\nM\u00e4lukaardi t\u00fc\u00fcp: SD<br \/>\nKasutusalad: Video, H\u00fcbriid, DSLR<\/p>\n<p>Mahutavus: 32GB<br \/>\nM\u00e4luseadme kiirusklass: V10, UHS-I, U1, Class 10<br \/>\nLugemiskiirus: 95 MB\/s<\/p>\n<p>Kirjutamiskiirus: 20 MB\/s<\/p>\n<p>Max temperatuur: +85<br \/>\nMin temperatuur: -25<br \/>\n\u00a0<\/p>\n","protected":false},"featured_media":207994,"template":"","meta":{"_acf_changed":false},"brand":[4437],"product_cat":[5296],"product_tag":[],"inventory":[],"class_list":{"0":"post-231548","1":"product","2":"type-product","3":"status-publish","4":"has-post-thumbnail","6":"brand-lexar-et","7":"product_cat-malukaardid","8":"pa_capacity-32-gb-et","10":"first","11":"instock","12":"sale","13":"taxable","14":"shipping-taxable","15":"purchasable","16":"product-type-simple"},"acf":[],"yoast_head":"<!-- This site is optimized with the Yoast SEO plugin v27.1.1 - https:\/\/yoast.com\/product\/yoast-seo-wordpress\/ -->\n<title>LEXAR Pro 633X SDHC m\u00e4lukaart 32GB - MediaGear<\/title>\n<meta name=\"description\" content=\"Tehniline spetsifikatsioon M\u00e4lukaardi t\u00fc\u00fcp: SD Kasutusalad: Video, H\u00fcbriid, DSLR Mahutavus: 32GB M\u00e4luseadme kiirusklass: V10, UHS-I, U1, Class 10...\" \/>\n<meta name=\"robots\" content=\"index, follow, max-snippet:-1, max-image-preview:large, max-video-preview:-1\" \/>\n<link rel=\"canonical\" href=\"https:\/\/mediagear.ee\/et\/toode\/lexar-pro-633x-sdhc-memory-card-32gb\/\" \/>\n<meta property=\"og:locale\" content=\"et_EE\" \/>\n<meta property=\"og:type\" content=\"article\" \/>\n<meta property=\"og:title\" content=\"LEXAR Pro 633X SDHC m\u00e4lukaart 32GB - MediaGear\" \/>\n<meta property=\"og:description\" content=\"Tehniline spetsifikatsioon M\u00e4lukaardi t\u00fc\u00fcp: SD Kasutusalad: Video, H\u00fcbriid, DSLR Mahutavus: 32GB M\u00e4luseadme kiirusklass: V10, UHS-I, U1, Class 10...\" \/>\n<meta property=\"og:url\" content=\"https:\/\/mediagear.ee\/et\/toode\/lexar-pro-633x-sdhc-memory-card-32gb\/\" \/>\n<meta property=\"og:site_name\" content=\"MediaGear\" \/>\n<meta property=\"article:publisher\" content=\"https:\/\/www.facebook.com\/Mediagear.ee\/\" \/>\n<meta property=\"article:modified_time\" content=\"2025-08-01T12:29:33+00:00\" \/>\n<meta property=\"og:image\" content=\"https:\/\/mediagear.ee\/wp-content\/uploads\/2025\/06\/LEXAR_Pro-633X-32GB.jpg\" \/>\n\t<meta property=\"og:image:width\" content=\"1000\" \/>\n\t<meta property=\"og:image:height\" content=\"1000\" \/>\n\t<meta property=\"og:image:type\" content=\"image\/jpeg\" \/>\n<meta name=\"twitter:card\" content=\"summary_large_image\" \/>\n<script type=\"application\/ld+json\" class=\"yoast-schema-graph\">{\"@context\":\"https:\/\/schema.org\",\"@graph\":[{\"@type\":\"WebPage\",\"@id\":\"https:\/\/mediagear.ee\/et\/toode\/lexar-pro-633x-sdhc-memory-card-32gb\/\",\"url\":\"https:\/\/mediagear.ee\/et\/toode\/lexar-pro-633x-sdhc-memory-card-32gb\/\",\"name\":\"LEXAR Pro 633X SDHC m\u00e4lukaart 32GB - MediaGear\",\"isPartOf\":{\"@id\":\"https:\/\/mediagear.ee\/et\/#website\"},\"primaryImageOfPage\":{\"@id\":\"https:\/\/mediagear.ee\/et\/toode\/lexar-pro-633x-sdhc-memory-card-32gb\/#primaryimage\"},\"image\":{\"@id\":\"https:\/\/mediagear.ee\/et\/toode\/lexar-pro-633x-sdhc-memory-card-32gb\/#primaryimage\"},\"thumbnailUrl\":\"https:\/\/mediagear.ee\/wp-content\/uploads\/2025\/06\/LEXAR_Pro-633X-32GB.jpg\",\"datePublished\":\"2025-06-11T10:15:48+00:00\",\"dateModified\":\"2025-08-01T12:29:33+00:00\",\"description\":\"Tehniline spetsifikatsioon M\u00e4lukaardi t\u00fc\u00fcp: SD Kasutusalad: Video, H\u00fcbriid, DSLR Mahutavus: 32GB M\u00e4luseadme kiirusklass: V10, UHS-I, U1, Class 10...\",\"breadcrumb\":{\"@id\":\"https:\/\/mediagear.ee\/et\/toode\/lexar-pro-633x-sdhc-memory-card-32gb\/#breadcrumb\"},\"inLanguage\":\"et\",\"potentialAction\":[{\"@type\":\"ReadAction\",\"target\":[\"https:\/\/mediagear.ee\/et\/toode\/lexar-pro-633x-sdhc-memory-card-32gb\/\"]}]},{\"@type\":\"ImageObject\",\"inLanguage\":\"et\",\"@id\":\"https:\/\/mediagear.ee\/et\/toode\/lexar-pro-633x-sdhc-memory-card-32gb\/#primaryimage\",\"url\":\"https:\/\/mediagear.ee\/wp-content\/uploads\/2025\/06\/LEXAR_Pro-633X-32GB.jpg\",\"contentUrl\":\"https:\/\/mediagear.ee\/wp-content\/uploads\/2025\/06\/LEXAR_Pro-633X-32GB.jpg\",\"width\":1000,\"height\":1000,\"caption\":\"LEXAR Pro 633X SDHC m\u00e4lukaart 32GB\"},{\"@type\":\"BreadcrumbList\",\"@id\":\"https:\/\/mediagear.ee\/et\/toode\/lexar-pro-633x-sdhc-memory-card-32gb\/#breadcrumb\",\"itemListElement\":[{\"@type\":\"ListItem\",\"position\":1,\"name\":\"Avaleht\",\"item\":\"https:\/\/mediagear.ee\/et\/\"},{\"@type\":\"ListItem\",\"position\":2,\"name\":\"Pro video &amp; audio tehnika pood\",\"item\":\"https:\/\/mediagear.ee\/et\/pood\/\"},{\"@type\":\"ListItem\",\"position\":3,\"name\":\"SALVESTUSMEEDIA\",\"item\":\"https:\/\/mediagear.ee\/et\/tootekategooria\/salvestusmeedia\/\"},{\"@type\":\"ListItem\",\"position\":4,\"name\":\"M\u00e4lukaardid\",\"item\":\"https:\/\/mediagear.ee\/et\/tootekategooria\/salvestusmeedia\/malukaardid\/\"},{\"@type\":\"ListItem\",\"position\":5,\"name\":\"LEXAR Pro 633X SDHC m\u00e4lukaart 32GB\"}]},{\"@type\":\"WebSite\",\"@id\":\"https:\/\/mediagear.ee\/et\/#website\",\"url\":\"https:\/\/mediagear.ee\/et\/\",\"name\":\"MediaGear\",\"description\":\"Full-service solutions in AV equipment\",\"publisher\":{\"@id\":\"https:\/\/mediagear.ee\/et\/#organization\"},\"potentialAction\":[{\"@type\":\"SearchAction\",\"target\":{\"@type\":\"EntryPoint\",\"urlTemplate\":\"https:\/\/mediagear.ee\/et\/?s={search_term_string}\"},\"query-input\":{\"@type\":\"PropertyValueSpecification\",\"valueRequired\":true,\"valueName\":\"search_term_string\"}}],\"inLanguage\":\"et\"},{\"@type\":\"Organization\",\"@id\":\"https:\/\/mediagear.ee\/et\/#organization\",\"name\":\"Mediagear\",\"url\":\"https:\/\/mediagear.ee\/et\/\",\"logo\":{\"@type\":\"ImageObject\",\"inLanguage\":\"et\",\"@id\":\"https:\/\/mediagear.ee\/et\/#\/schema\/logo\/image\/\",\"url\":\"http:\/\/mediagear.ee\/wp-content\/uploads\/2024\/05\/MediaGear-logo-transp.png\",\"contentUrl\":\"http:\/\/mediagear.ee\/wp-content\/uploads\/2024\/05\/MediaGear-logo-transp.png\",\"width\":600,\"height\":200,\"caption\":\"Mediagear\"},\"image\":{\"@id\":\"https:\/\/mediagear.ee\/et\/#\/schema\/logo\/image\/\"},\"sameAs\":[\"https:\/\/www.facebook.com\/Mediagear.ee\/\",\"https:\/\/www.instagram.com\/mediagear_ee\/\"]}]}<\/script>\n<!-- \/ Yoast SEO plugin. -->","yoast_head_json":{"title":"LEXAR Pro 633X SDHC m\u00e4lukaart 32GB - MediaGear","description":"Tehniline spetsifikatsioon M\u00e4lukaardi t\u00fc\u00fcp: SD Kasutusalad: Video, H\u00fcbriid, DSLR Mahutavus: 32GB M\u00e4luseadme kiirusklass: V10, UHS-I, U1, Class 10...","robots":{"index":"index","follow":"follow","max-snippet":"max-snippet:-1","max-image-preview":"max-image-preview:large","max-video-preview":"max-video-preview:-1"},"canonical":"https:\/\/mediagear.ee\/et\/toode\/lexar-pro-633x-sdhc-memory-card-32gb\/","og_locale":"et_EE","og_type":"article","og_title":"LEXAR Pro 633X SDHC m\u00e4lukaart 32GB - MediaGear","og_description":"Tehniline spetsifikatsioon M\u00e4lukaardi t\u00fc\u00fcp: SD Kasutusalad: Video, H\u00fcbriid, DSLR Mahutavus: 32GB M\u00e4luseadme kiirusklass: V10, UHS-I, U1, Class 10...","og_url":"https:\/\/mediagear.ee\/et\/toode\/lexar-pro-633x-sdhc-memory-card-32gb\/","og_site_name":"MediaGear","article_publisher":"https:\/\/www.facebook.com\/Mediagear.ee\/","article_modified_time":"2025-08-01T12:29:33+00:00","og_image":[{"width":1000,"height":1000,"url":"https:\/\/mediagear.ee\/wp-content\/uploads\/2025\/06\/LEXAR_Pro-633X-32GB.jpg","type":"image\/jpeg"}],"twitter_card":"summary_large_image","schema":{"@context":"https:\/\/schema.org","@graph":[{"@type":"WebPage","@id":"https:\/\/mediagear.ee\/et\/toode\/lexar-pro-633x-sdhc-memory-card-32gb\/","url":"https:\/\/mediagear.ee\/et\/toode\/lexar-pro-633x-sdhc-memory-card-32gb\/","name":"LEXAR Pro 633X SDHC m\u00e4lukaart 32GB - MediaGear","isPartOf":{"@id":"https:\/\/mediagear.ee\/et\/#website"},"primaryImageOfPage":{"@id":"https:\/\/mediagear.ee\/et\/toode\/lexar-pro-633x-sdhc-memory-card-32gb\/#primaryimage"},"image":{"@id":"https:\/\/mediagear.ee\/et\/toode\/lexar-pro-633x-sdhc-memory-card-32gb\/#primaryimage"},"thumbnailUrl":"https:\/\/mediagear.ee\/wp-content\/uploads\/2025\/06\/LEXAR_Pro-633X-32GB.jpg","datePublished":"2025-06-11T10:15:48+00:00","dateModified":"2025-08-01T12:29:33+00:00","description":"Tehniline spetsifikatsioon M\u00e4lukaardi t\u00fc\u00fcp: SD Kasutusalad: Video, H\u00fcbriid, DSLR Mahutavus: 32GB M\u00e4luseadme kiirusklass: V10, UHS-I, U1, Class 10...","breadcrumb":{"@id":"https:\/\/mediagear.ee\/et\/toode\/lexar-pro-633x-sdhc-memory-card-32gb\/#breadcrumb"},"inLanguage":"et","potentialAction":[{"@type":"ReadAction","target":["https:\/\/mediagear.ee\/et\/toode\/lexar-pro-633x-sdhc-memory-card-32gb\/"]}]},{"@type":"ImageObject","inLanguage":"et","@id":"https:\/\/mediagear.ee\/et\/toode\/lexar-pro-633x-sdhc-memory-card-32gb\/#primaryimage","url":"https:\/\/mediagear.ee\/wp-content\/uploads\/2025\/06\/LEXAR_Pro-633X-32GB.jpg","contentUrl":"https:\/\/mediagear.ee\/wp-content\/uploads\/2025\/06\/LEXAR_Pro-633X-32GB.jpg","width":1000,"height":1000,"caption":"LEXAR Pro 633X SDHC m\u00e4lukaart 32GB"},{"@type":"BreadcrumbList","@id":"https:\/\/mediagear.ee\/et\/toode\/lexar-pro-633x-sdhc-memory-card-32gb\/#breadcrumb","itemListElement":[{"@type":"ListItem","position":1,"name":"Avaleht","item":"https:\/\/mediagear.ee\/et\/"},{"@type":"ListItem","position":2,"name":"Pro video &amp; audio tehnika pood","item":"https:\/\/mediagear.ee\/et\/pood\/"},{"@type":"ListItem","position":3,"name":"SALVESTUSMEEDIA","item":"https:\/\/mediagear.ee\/et\/tootekategooria\/salvestusmeedia\/"},{"@type":"ListItem","position":4,"name":"M\u00e4lukaardid","item":"https:\/\/mediagear.ee\/et\/tootekategooria\/salvestusmeedia\/malukaardid\/"},{"@type":"ListItem","position":5,"name":"LEXAR Pro 633X SDHC m\u00e4lukaart 32GB"}]},{"@type":"WebSite","@id":"https:\/\/mediagear.ee\/et\/#website","url":"https:\/\/mediagear.ee\/et\/","name":"MediaGear","description":"Full-service solutions in AV equipment","publisher":{"@id":"https:\/\/mediagear.ee\/et\/#organization"},"potentialAction":[{"@type":"SearchAction","target":{"@type":"EntryPoint","urlTemplate":"https:\/\/mediagear.ee\/et\/?s={search_term_string}"},"query-input":{"@type":"PropertyValueSpecification","valueRequired":true,"valueName":"search_term_string"}}],"inLanguage":"et"},{"@type":"Organization","@id":"https:\/\/mediagear.ee\/et\/#organization","name":"Mediagear","url":"https:\/\/mediagear.ee\/et\/","logo":{"@type":"ImageObject","inLanguage":"et","@id":"https:\/\/mediagear.ee\/et\/#\/schema\/logo\/image\/","url":"http:\/\/mediagear.ee\/wp-content\/uploads\/2024\/05\/MediaGear-logo-transp.png","contentUrl":"http:\/\/mediagear.ee\/wp-content\/uploads\/2024\/05\/MediaGear-logo-transp.png","width":600,"height":200,"caption":"Mediagear"},"image":{"@id":"https:\/\/mediagear.ee\/et\/#\/schema\/logo\/image\/"},"sameAs":["https:\/\/www.facebook.com\/Mediagear.ee\/","https:\/\/www.instagram.com\/mediagear_ee\/"]}]}},"_links":{"self":[{"href":"https:\/\/mediagear.ee\/et\/wp-json\/wp\/v2\/product\/231548","targetHints":{"allow":["GET"]}}],"collection":[{"href":"https:\/\/mediagear.ee\/et\/wp-json\/wp\/v2\/product"}],"about":[{"href":"https:\/\/mediagear.ee\/et\/wp-json\/wp\/v2\/types\/product"}],"wp:featuredmedia":[{"embeddable":true,"href":"https:\/\/mediagear.ee\/et\/wp-json\/wp\/v2\/media\/207994"}],"wp:attachment":[{"href":"https:\/\/mediagear.ee\/et\/wp-json\/wp\/v2\/media?parent=231548"}],"wp:term":[{"taxonomy":"brand","embeddable":true,"href":"https:\/\/mediagear.ee\/et\/wp-json\/wp\/v2\/brand?post=231548"},{"taxonomy":"product_cat","embeddable":true,"href":"https:\/\/mediagear.ee\/et\/wp-json\/wp\/v2\/product_cat?post=231548"},{"taxonomy":"product_tag","embeddable":true,"href":"https:\/\/mediagear.ee\/et\/wp-json\/wp\/v2\/product_tag?post=231548"},{"taxonomy":"inventory","embeddable":true,"href":"https:\/\/mediagear.ee\/et\/wp-json\/wp\/v2\/inventory?post=231548"}],"curies":[{"name":"wp","href":"https:\/\/api.w.org\/{rel}","templated":true}]}}