{"id":232091,"date":"2025-06-10T15:22:53","date_gmt":"2025-06-10T13:22:53","guid":{"rendered":"http:\/\/mediagear.ee\/product\/digitex-dgt-2led-dual-slot-battery-charger-8-12-16v\/"},"modified":"2025-08-01T14:29:53","modified_gmt":"2025-08-01T12:29:53","slug":"digitex-dgt-2led-dual-slot-battery-charger-8-12-16v","status":"publish","type":"product","link":"https:\/\/mediagear.ee\/et\/toode\/digitex-dgt-2led-dual-slot-battery-charger-8-12-16v\/","title":{"rendered":"DIGITEX DGT-2LED kahe pesaga laadija (8\/12\/16V)"},"content":{"rendered":"","protected":false},"excerpt":{"rendered":"<p>Kahe laadimispesaga kiirlaadija, mis laeb korraga kahte akut. Taustavalgustusega LCD ekraan tagab hea loetavuse ka pimedas.<\/p>\n<p>DGT-2LED kasutab intelligentset laadimismeetodit, mis kontrollib laadimisprotsessi kogu aeg, et tagada pidev laadimine kuni aku v\u00f5i akud on t\u00e4ielikult laetud, v\u00e4ltides sealjuures \u00fclelaadimist.<\/p>\n<p>Pakendis sisaldub:\u00a0laadija, toitejuhe.<\/p>\n<p>Laadija v\u00f5imaldab kasutada j\u00e4rgmisi akukinnitusplaate:<\/p>\n<p> \tDGT-2LED BPU: Sony BP-U60 (14V) akudele<br \/>\n \tDGT-2LED NPF: Sony NP-F550\/750\/970 (7-8V) akudele<br \/>\n \tDGT-2LED BPC: Canon BP-995; BP-975 akudele<br \/>\n \tDGT-2LED WBD: Panasonic VW-VBD58\/59 akudele<br \/>\n \tDGT-2LED LP: Canon LP-E6 akudele<\/p>\n<p>Spetsifikatsioonid:<\/p>\n<p> \tAC in: 110-240V, 50\/60 Hz<br \/>\n \tDC in: 12-24 (toitmiseks nt autoadapteri kaudu, ei sisaldu pakendis)<br \/>\n \tM\u00f5\u00f5dud: 45x32x57 mm<\/p>\n<p>Sobib eri tootjate akude laadimiseks, sealhulgas ka Sony BP-U seeria (14V) akudele. Tellimisel palun teata vajaliku akukinnitusplaadi mudel.<\/p>\n","protected":false},"featured_media":238214,"template":"","meta":{"_acf_changed":false},"brand":[4407],"product_cat":[5254],"product_tag":[5796],"inventory":[],"class_list":{"0":"post-232091","1":"product","2":"type-product","3":"status-publish","4":"has-post-thumbnail","6":"brand-digitex-et","7":"product_cat-laadijad","8":"product_tag-dv-et","10":"first","11":"instock","12":"taxable","13":"shipping-taxable","14":"purchasable","15":"product-type-simple"},"acf":[],"yoast_head":"<!-- This site is optimized with the Yoast SEO plugin v27.1.1 - https:\/\/yoast.com\/product\/yoast-seo-wordpress\/ -->\n<title>DIGITEX DGT-2LED kahe pesaga laadija (8\/12\/16V) - MediaGear<\/title>\n<meta name=\"description\" content=\"Kahe laadimispesaga kiirlaadija, mis laeb korraga kahte akut. Taustavalgustusega LCD ekraan tagab hea loetavuse ka pimedas. DGT-2LED kasutab int...\" \/>\n<meta name=\"robots\" content=\"index, follow, max-snippet:-1, max-image-preview:large, max-video-preview:-1\" \/>\n<link rel=\"canonical\" href=\"https:\/\/mediagear.ee\/et\/toode\/digitex-dgt-2led-dual-slot-battery-charger-8-12-16v\/\" \/>\n<meta property=\"og:locale\" content=\"et_EE\" \/>\n<meta property=\"og:type\" content=\"article\" \/>\n<meta property=\"og:title\" content=\"DIGITEX DGT-2LED kahe pesaga laadija (8\/12\/16V) - MediaGear\" \/>\n<meta property=\"og:description\" content=\"Kahe laadimispesaga kiirlaadija, mis laeb korraga kahte akut. Taustavalgustusega LCD ekraan tagab hea loetavuse ka pimedas. DGT-2LED kasutab int...\" \/>\n<meta property=\"og:url\" content=\"https:\/\/mediagear.ee\/et\/toode\/digitex-dgt-2led-dual-slot-battery-charger-8-12-16v\/\" \/>\n<meta property=\"og:site_name\" content=\"MediaGear\" \/>\n<meta property=\"article:publisher\" content=\"https:\/\/www.facebook.com\/Mediagear.ee\/\" \/>\n<meta property=\"article:modified_time\" content=\"2025-08-01T12:29:53+00:00\" \/>\n<meta property=\"og:image\" content=\"https:\/\/mediagear.ee\/wp-content\/uploads\/2025\/06\/DIGITEX_DGT-2_dual_slot_battery_charger81216V-1.jpg\" \/>\n\t<meta property=\"og:image:width\" content=\"500\" \/>\n\t<meta property=\"og:image:height\" content=\"500\" \/>\n\t<meta property=\"og:image:type\" content=\"image\/jpeg\" \/>\n<meta name=\"twitter:card\" content=\"summary_large_image\" \/>\n<script type=\"application\/ld+json\" class=\"yoast-schema-graph\">{\"@context\":\"https:\/\/schema.org\",\"@graph\":[{\"@type\":\"WebPage\",\"@id\":\"https:\/\/mediagear.ee\/et\/toode\/digitex-dgt-2led-dual-slot-battery-charger-8-12-16v\/\",\"url\":\"https:\/\/mediagear.ee\/et\/toode\/digitex-dgt-2led-dual-slot-battery-charger-8-12-16v\/\",\"name\":\"DIGITEX DGT-2LED kahe pesaga laadija (8\/12\/16V) - MediaGear\",\"isPartOf\":{\"@id\":\"https:\/\/mediagear.ee\/et\/#website\"},\"primaryImageOfPage\":{\"@id\":\"https:\/\/mediagear.ee\/et\/toode\/digitex-dgt-2led-dual-slot-battery-charger-8-12-16v\/#primaryimage\"},\"image\":{\"@id\":\"https:\/\/mediagear.ee\/et\/toode\/digitex-dgt-2led-dual-slot-battery-charger-8-12-16v\/#primaryimage\"},\"thumbnailUrl\":\"https:\/\/mediagear.ee\/wp-content\/uploads\/2025\/06\/DIGITEX_DGT-2_dual_slot_battery_charger81216V-1.jpg\",\"datePublished\":\"2025-06-10T13:22:53+00:00\",\"dateModified\":\"2025-08-01T12:29:53+00:00\",\"description\":\"Kahe laadimispesaga kiirlaadija, mis laeb korraga kahte akut. Taustavalgustusega LCD ekraan tagab hea loetavuse ka pimedas. DGT-2LED kasutab int...\",\"breadcrumb\":{\"@id\":\"https:\/\/mediagear.ee\/et\/toode\/digitex-dgt-2led-dual-slot-battery-charger-8-12-16v\/#breadcrumb\"},\"inLanguage\":\"et\",\"potentialAction\":[{\"@type\":\"ReadAction\",\"target\":[\"https:\/\/mediagear.ee\/et\/toode\/digitex-dgt-2led-dual-slot-battery-charger-8-12-16v\/\"]}]},{\"@type\":\"ImageObject\",\"inLanguage\":\"et\",\"@id\":\"https:\/\/mediagear.ee\/et\/toode\/digitex-dgt-2led-dual-slot-battery-charger-8-12-16v\/#primaryimage\",\"url\":\"https:\/\/mediagear.ee\/wp-content\/uploads\/2025\/06\/DIGITEX_DGT-2_dual_slot_battery_charger81216V-1.jpg\",\"contentUrl\":\"https:\/\/mediagear.ee\/wp-content\/uploads\/2025\/06\/DIGITEX_DGT-2_dual_slot_battery_charger81216V-1.jpg\",\"width\":500,\"height\":500,\"caption\":\"DIGITEX DGT-2LED kahe pesaga laadija (8\/12\/16V)\"},{\"@type\":\"BreadcrumbList\",\"@id\":\"https:\/\/mediagear.ee\/et\/toode\/digitex-dgt-2led-dual-slot-battery-charger-8-12-16v\/#breadcrumb\",\"itemListElement\":[{\"@type\":\"ListItem\",\"position\":1,\"name\":\"Avaleht\",\"item\":\"https:\/\/mediagear.ee\/et\/\"},{\"@type\":\"ListItem\",\"position\":2,\"name\":\"Pro video &amp; audio tehnika pood\",\"item\":\"https:\/\/mediagear.ee\/et\/pood\/\"},{\"@type\":\"ListItem\",\"position\":3,\"name\":\"AKUD &amp; TOIDE\",\"item\":\"https:\/\/mediagear.ee\/et\/tootekategooria\/akud-toide\/\"},{\"@type\":\"ListItem\",\"position\":4,\"name\":\"Laadijad\",\"item\":\"https:\/\/mediagear.ee\/et\/tootekategooria\/akud-toide\/laadijad\/\"},{\"@type\":\"ListItem\",\"position\":5,\"name\":\"DIGITEX DGT-2LED kahe pesaga laadija (8\/12\/16V)\"}]},{\"@type\":\"WebSite\",\"@id\":\"https:\/\/mediagear.ee\/et\/#website\",\"url\":\"https:\/\/mediagear.ee\/et\/\",\"name\":\"MediaGear\",\"description\":\"Full-service solutions in AV equipment\",\"publisher\":{\"@id\":\"https:\/\/mediagear.ee\/et\/#organization\"},\"potentialAction\":[{\"@type\":\"SearchAction\",\"target\":{\"@type\":\"EntryPoint\",\"urlTemplate\":\"https:\/\/mediagear.ee\/et\/?s={search_term_string}\"},\"query-input\":{\"@type\":\"PropertyValueSpecification\",\"valueRequired\":true,\"valueName\":\"search_term_string\"}}],\"inLanguage\":\"et\"},{\"@type\":\"Organization\",\"@id\":\"https:\/\/mediagear.ee\/et\/#organization\",\"name\":\"Mediagear\",\"url\":\"https:\/\/mediagear.ee\/et\/\",\"logo\":{\"@type\":\"ImageObject\",\"inLanguage\":\"et\",\"@id\":\"https:\/\/mediagear.ee\/et\/#\/schema\/logo\/image\/\",\"url\":\"http:\/\/mediagear.ee\/wp-content\/uploads\/2024\/05\/MediaGear-logo-transp.png\",\"contentUrl\":\"http:\/\/mediagear.ee\/wp-content\/uploads\/2024\/05\/MediaGear-logo-transp.png\",\"width\":600,\"height\":200,\"caption\":\"Mediagear\"},\"image\":{\"@id\":\"https:\/\/mediagear.ee\/et\/#\/schema\/logo\/image\/\"},\"sameAs\":[\"https:\/\/www.facebook.com\/Mediagear.ee\/\",\"https:\/\/www.instagram.com\/mediagear_ee\/\"]}]}<\/script>\n<!-- \/ Yoast SEO plugin. -->","yoast_head_json":{"title":"DIGITEX DGT-2LED kahe pesaga laadija (8\/12\/16V) - MediaGear","description":"Kahe laadimispesaga kiirlaadija, mis laeb korraga kahte akut. Taustavalgustusega LCD ekraan tagab hea loetavuse ka pimedas. DGT-2LED kasutab int...","robots":{"index":"index","follow":"follow","max-snippet":"max-snippet:-1","max-image-preview":"max-image-preview:large","max-video-preview":"max-video-preview:-1"},"canonical":"https:\/\/mediagear.ee\/et\/toode\/digitex-dgt-2led-dual-slot-battery-charger-8-12-16v\/","og_locale":"et_EE","og_type":"article","og_title":"DIGITEX DGT-2LED kahe pesaga laadija (8\/12\/16V) - MediaGear","og_description":"Kahe laadimispesaga kiirlaadija, mis laeb korraga kahte akut. Taustavalgustusega LCD ekraan tagab hea loetavuse ka pimedas. DGT-2LED kasutab int...","og_url":"https:\/\/mediagear.ee\/et\/toode\/digitex-dgt-2led-dual-slot-battery-charger-8-12-16v\/","og_site_name":"MediaGear","article_publisher":"https:\/\/www.facebook.com\/Mediagear.ee\/","article_modified_time":"2025-08-01T12:29:53+00:00","og_image":[{"width":500,"height":500,"url":"https:\/\/mediagear.ee\/wp-content\/uploads\/2025\/06\/DIGITEX_DGT-2_dual_slot_battery_charger81216V-1.jpg","type":"image\/jpeg"}],"twitter_card":"summary_large_image","schema":{"@context":"https:\/\/schema.org","@graph":[{"@type":"WebPage","@id":"https:\/\/mediagear.ee\/et\/toode\/digitex-dgt-2led-dual-slot-battery-charger-8-12-16v\/","url":"https:\/\/mediagear.ee\/et\/toode\/digitex-dgt-2led-dual-slot-battery-charger-8-12-16v\/","name":"DIGITEX DGT-2LED kahe pesaga laadija (8\/12\/16V) - MediaGear","isPartOf":{"@id":"https:\/\/mediagear.ee\/et\/#website"},"primaryImageOfPage":{"@id":"https:\/\/mediagear.ee\/et\/toode\/digitex-dgt-2led-dual-slot-battery-charger-8-12-16v\/#primaryimage"},"image":{"@id":"https:\/\/mediagear.ee\/et\/toode\/digitex-dgt-2led-dual-slot-battery-charger-8-12-16v\/#primaryimage"},"thumbnailUrl":"https:\/\/mediagear.ee\/wp-content\/uploads\/2025\/06\/DIGITEX_DGT-2_dual_slot_battery_charger81216V-1.jpg","datePublished":"2025-06-10T13:22:53+00:00","dateModified":"2025-08-01T12:29:53+00:00","description":"Kahe laadimispesaga kiirlaadija, mis laeb korraga kahte akut. Taustavalgustusega LCD ekraan tagab hea loetavuse ka pimedas. DGT-2LED kasutab int...","breadcrumb":{"@id":"https:\/\/mediagear.ee\/et\/toode\/digitex-dgt-2led-dual-slot-battery-charger-8-12-16v\/#breadcrumb"},"inLanguage":"et","potentialAction":[{"@type":"ReadAction","target":["https:\/\/mediagear.ee\/et\/toode\/digitex-dgt-2led-dual-slot-battery-charger-8-12-16v\/"]}]},{"@type":"ImageObject","inLanguage":"et","@id":"https:\/\/mediagear.ee\/et\/toode\/digitex-dgt-2led-dual-slot-battery-charger-8-12-16v\/#primaryimage","url":"https:\/\/mediagear.ee\/wp-content\/uploads\/2025\/06\/DIGITEX_DGT-2_dual_slot_battery_charger81216V-1.jpg","contentUrl":"https:\/\/mediagear.ee\/wp-content\/uploads\/2025\/06\/DIGITEX_DGT-2_dual_slot_battery_charger81216V-1.jpg","width":500,"height":500,"caption":"DIGITEX DGT-2LED kahe pesaga laadija (8\/12\/16V)"},{"@type":"BreadcrumbList","@id":"https:\/\/mediagear.ee\/et\/toode\/digitex-dgt-2led-dual-slot-battery-charger-8-12-16v\/#breadcrumb","itemListElement":[{"@type":"ListItem","position":1,"name":"Avaleht","item":"https:\/\/mediagear.ee\/et\/"},{"@type":"ListItem","position":2,"name":"Pro video &amp; audio tehnika pood","item":"https:\/\/mediagear.ee\/et\/pood\/"},{"@type":"ListItem","position":3,"name":"AKUD &amp; TOIDE","item":"https:\/\/mediagear.ee\/et\/tootekategooria\/akud-toide\/"},{"@type":"ListItem","position":4,"name":"Laadijad","item":"https:\/\/mediagear.ee\/et\/tootekategooria\/akud-toide\/laadijad\/"},{"@type":"ListItem","position":5,"name":"DIGITEX DGT-2LED kahe pesaga laadija (8\/12\/16V)"}]},{"@type":"WebSite","@id":"https:\/\/mediagear.ee\/et\/#website","url":"https:\/\/mediagear.ee\/et\/","name":"MediaGear","description":"Full-service solutions in AV equipment","publisher":{"@id":"https:\/\/mediagear.ee\/et\/#organization"},"potentialAction":[{"@type":"SearchAction","target":{"@type":"EntryPoint","urlTemplate":"https:\/\/mediagear.ee\/et\/?s={search_term_string}"},"query-input":{"@type":"PropertyValueSpecification","valueRequired":true,"valueName":"search_term_string"}}],"inLanguage":"et"},{"@type":"Organization","@id":"https:\/\/mediagear.ee\/et\/#organization","name":"Mediagear","url":"https:\/\/mediagear.ee\/et\/","logo":{"@type":"ImageObject","inLanguage":"et","@id":"https:\/\/mediagear.ee\/et\/#\/schema\/logo\/image\/","url":"http:\/\/mediagear.ee\/wp-content\/uploads\/2024\/05\/MediaGear-logo-transp.png","contentUrl":"http:\/\/mediagear.ee\/wp-content\/uploads\/2024\/05\/MediaGear-logo-transp.png","width":600,"height":200,"caption":"Mediagear"},"image":{"@id":"https:\/\/mediagear.ee\/et\/#\/schema\/logo\/image\/"},"sameAs":["https:\/\/www.facebook.com\/Mediagear.ee\/","https:\/\/www.instagram.com\/mediagear_ee\/"]}]}},"_links":{"self":[{"href":"https:\/\/mediagear.ee\/et\/wp-json\/wp\/v2\/product\/232091","targetHints":{"allow":["GET"]}}],"collection":[{"href":"https:\/\/mediagear.ee\/et\/wp-json\/wp\/v2\/product"}],"about":[{"href":"https:\/\/mediagear.ee\/et\/wp-json\/wp\/v2\/types\/product"}],"wp:featuredmedia":[{"embeddable":true,"href":"https:\/\/mediagear.ee\/et\/wp-json\/wp\/v2\/media\/238214"}],"wp:attachment":[{"href":"https:\/\/mediagear.ee\/et\/wp-json\/wp\/v2\/media?parent=232091"}],"wp:term":[{"taxonomy":"brand","embeddable":true,"href":"https:\/\/mediagear.ee\/et\/wp-json\/wp\/v2\/brand?post=232091"},{"taxonomy":"product_cat","embeddable":true,"href":"https:\/\/mediagear.ee\/et\/wp-json\/wp\/v2\/product_cat?post=232091"},{"taxonomy":"product_tag","embeddable":true,"href":"https:\/\/mediagear.ee\/et\/wp-json\/wp\/v2\/product_tag?post=232091"},{"taxonomy":"inventory","embeddable":true,"href":"https:\/\/mediagear.ee\/et\/wp-json\/wp\/v2\/inventory?post=232091"}],"curies":[{"name":"wp","href":"https:\/\/api.w.org\/{rel}","templated":true}]}}