{"id":232103,"date":"2025-06-10T15:22:10","date_gmt":"2025-06-10T13:22:10","guid":{"rendered":"http:\/\/mediagear.ee\/product\/v-mount-battery-clamp\/"},"modified":"2025-12-30T00:20:30","modified_gmt":"2025-12-29T22:20:30","slug":"v-mount-battery-clamp","status":"publish","type":"product","link":"https:\/\/mediagear.ee\/et\/toode\/v-mount-battery-clamp\/","title":{"rendered":"V-mount akukinnitus"},"content":{"rendered":"","protected":false},"excerpt":{"rendered":"<p>V-Mount akukinnitust saab klambri abil lihtsasti kinnitada valgusstatiivi v\u00f5i kaamerastatiivi k\u00fclge.<\/p>\n<p>Akukinnituse t\u00fc\u00fcp: V Lock Mount<\/p>\n","protected":false},"featured_media":238225,"template":"","meta":{"_acf_changed":false},"brand":[4449],"product_cat":[4568],"product_tag":[],"inventory":[],"class_list":{"0":"post-232103","1":"product","2":"type-product","3":"status-publish","4":"has-post-thumbnail","6":"brand-mediagear-et","7":"product_cat-kinnitustarvikud","9":"first","10":"instock","11":"taxable","12":"shipping-taxable","13":"purchasable","14":"product-type-simple"},"acf":[],"yoast_head":"<!-- This site is optimized with the Yoast SEO plugin v27.1.1 - https:\/\/yoast.com\/product\/yoast-seo-wordpress\/ -->\n<title>V-mount akukinnitus - MediaGear<\/title>\n<meta name=\"description\" content=\"V-Mount akukinnitust saab klambri abil lihtsasti kinnitada valgusstatiivi v\u00f5i kaamerastatiivi k\u00fclge. Akukinnituse t\u00fc\u00fcp: V Lock Mount...\" \/>\n<meta name=\"robots\" content=\"index, follow, max-snippet:-1, max-image-preview:large, max-video-preview:-1\" \/>\n<link rel=\"canonical\" href=\"https:\/\/mediagear.ee\/et\/toode\/v-mount-battery-clamp\/\" \/>\n<meta property=\"og:locale\" content=\"et_EE\" \/>\n<meta property=\"og:type\" content=\"article\" \/>\n<meta property=\"og:title\" content=\"V-mount akukinnitus - MediaGear\" \/>\n<meta property=\"og:description\" content=\"V-Mount akukinnitust saab klambri abil lihtsasti kinnitada valgusstatiivi v\u00f5i kaamerastatiivi k\u00fclge. Akukinnituse t\u00fc\u00fcp: V Lock Mount...\" \/>\n<meta property=\"og:url\" content=\"https:\/\/mediagear.ee\/et\/toode\/v-mount-battery-clamp\/\" \/>\n<meta property=\"og:site_name\" content=\"MediaGear\" \/>\n<meta property=\"article:publisher\" content=\"https:\/\/www.facebook.com\/Mediagear.ee\/\" \/>\n<meta property=\"article:modified_time\" content=\"2025-12-29T22:20:30+00:00\" \/>\n<meta property=\"og:image\" content=\"https:\/\/mediagear.ee\/wp-content\/uploads\/2025\/06\/VCLAMP-Vmount-battery-clamp.webp\" \/>\n\t<meta property=\"og:image:width\" content=\"1000\" \/>\n\t<meta property=\"og:image:height\" content=\"1000\" \/>\n\t<meta property=\"og:image:type\" content=\"image\/webp\" \/>\n<meta name=\"twitter:card\" content=\"summary_large_image\" \/>\n<script type=\"application\/ld+json\" class=\"yoast-schema-graph\">{\"@context\":\"https:\/\/schema.org\",\"@graph\":[{\"@type\":\"WebPage\",\"@id\":\"https:\/\/mediagear.ee\/et\/toode\/v-mount-battery-clamp\/\",\"url\":\"https:\/\/mediagear.ee\/et\/toode\/v-mount-battery-clamp\/\",\"name\":\"V-mount akukinnitus - MediaGear\",\"isPartOf\":{\"@id\":\"https:\/\/mediagear.ee\/et\/#website\"},\"primaryImageOfPage\":{\"@id\":\"https:\/\/mediagear.ee\/et\/toode\/v-mount-battery-clamp\/#primaryimage\"},\"image\":{\"@id\":\"https:\/\/mediagear.ee\/et\/toode\/v-mount-battery-clamp\/#primaryimage\"},\"thumbnailUrl\":\"https:\/\/mediagear.ee\/wp-content\/uploads\/2025\/06\/VCLAMP-Vmount-battery-clamp.webp\",\"datePublished\":\"2025-06-10T13:22:10+00:00\",\"dateModified\":\"2025-12-29T22:20:30+00:00\",\"description\":\"V-Mount akukinnitust saab klambri abil lihtsasti kinnitada valgusstatiivi v\u00f5i kaamerastatiivi k\u00fclge. Akukinnituse t\u00fc\u00fcp: V Lock Mount...\",\"breadcrumb\":{\"@id\":\"https:\/\/mediagear.ee\/et\/toode\/v-mount-battery-clamp\/#breadcrumb\"},\"inLanguage\":\"et\",\"potentialAction\":[{\"@type\":\"ReadAction\",\"target\":[\"https:\/\/mediagear.ee\/et\/toode\/v-mount-battery-clamp\/\"]}]},{\"@type\":\"ImageObject\",\"inLanguage\":\"et\",\"@id\":\"https:\/\/mediagear.ee\/et\/toode\/v-mount-battery-clamp\/#primaryimage\",\"url\":\"https:\/\/mediagear.ee\/wp-content\/uploads\/2025\/06\/VCLAMP-Vmount-battery-clamp.webp\",\"contentUrl\":\"https:\/\/mediagear.ee\/wp-content\/uploads\/2025\/06\/VCLAMP-Vmount-battery-clamp.webp\",\"width\":1000,\"height\":1000,\"caption\":\"V-mount akukinnitus\"},{\"@type\":\"BreadcrumbList\",\"@id\":\"https:\/\/mediagear.ee\/et\/toode\/v-mount-battery-clamp\/#breadcrumb\",\"itemListElement\":[{\"@type\":\"ListItem\",\"position\":1,\"name\":\"Avaleht\",\"item\":\"https:\/\/mediagear.ee\/et\/\"},{\"@type\":\"ListItem\",\"position\":2,\"name\":\"Pro video &amp; audio tehnika pood\",\"item\":\"https:\/\/mediagear.ee\/et\/pood\/\"},{\"@type\":\"ListItem\",\"position\":3,\"name\":\"RIGGING &amp; GRIP\",\"item\":\"https:\/\/mediagear.ee\/et\/tootekategooria\/rigging-grip-et\/\"},{\"@type\":\"ListItem\",\"position\":4,\"name\":\"Kinnitustarvikud\",\"item\":\"https:\/\/mediagear.ee\/et\/tootekategooria\/rigging-grip-et\/kinnitustarvikud\/\"},{\"@type\":\"ListItem\",\"position\":5,\"name\":\"V-mount akukinnitus\"}]},{\"@type\":\"WebSite\",\"@id\":\"https:\/\/mediagear.ee\/et\/#website\",\"url\":\"https:\/\/mediagear.ee\/et\/\",\"name\":\"MediaGear\",\"description\":\"Full-service solutions in AV equipment\",\"publisher\":{\"@id\":\"https:\/\/mediagear.ee\/et\/#organization\"},\"potentialAction\":[{\"@type\":\"SearchAction\",\"target\":{\"@type\":\"EntryPoint\",\"urlTemplate\":\"https:\/\/mediagear.ee\/et\/?s={search_term_string}\"},\"query-input\":{\"@type\":\"PropertyValueSpecification\",\"valueRequired\":true,\"valueName\":\"search_term_string\"}}],\"inLanguage\":\"et\"},{\"@type\":\"Organization\",\"@id\":\"https:\/\/mediagear.ee\/et\/#organization\",\"name\":\"Mediagear\",\"url\":\"https:\/\/mediagear.ee\/et\/\",\"logo\":{\"@type\":\"ImageObject\",\"inLanguage\":\"et\",\"@id\":\"https:\/\/mediagear.ee\/et\/#\/schema\/logo\/image\/\",\"url\":\"http:\/\/mediagear.ee\/wp-content\/uploads\/2024\/05\/MediaGear-logo-transp.png\",\"contentUrl\":\"http:\/\/mediagear.ee\/wp-content\/uploads\/2024\/05\/MediaGear-logo-transp.png\",\"width\":600,\"height\":200,\"caption\":\"Mediagear\"},\"image\":{\"@id\":\"https:\/\/mediagear.ee\/et\/#\/schema\/logo\/image\/\"},\"sameAs\":[\"https:\/\/www.facebook.com\/Mediagear.ee\/\",\"https:\/\/www.instagram.com\/mediagear_ee\/\"]}]}<\/script>\n<!-- \/ Yoast SEO plugin. -->","yoast_head_json":{"title":"V-mount akukinnitus - MediaGear","description":"V-Mount akukinnitust saab klambri abil lihtsasti kinnitada valgusstatiivi v\u00f5i kaamerastatiivi k\u00fclge. Akukinnituse t\u00fc\u00fcp: V Lock Mount...","robots":{"index":"index","follow":"follow","max-snippet":"max-snippet:-1","max-image-preview":"max-image-preview:large","max-video-preview":"max-video-preview:-1"},"canonical":"https:\/\/mediagear.ee\/et\/toode\/v-mount-battery-clamp\/","og_locale":"et_EE","og_type":"article","og_title":"V-mount akukinnitus - MediaGear","og_description":"V-Mount akukinnitust saab klambri abil lihtsasti kinnitada valgusstatiivi v\u00f5i kaamerastatiivi k\u00fclge. Akukinnituse t\u00fc\u00fcp: V Lock Mount...","og_url":"https:\/\/mediagear.ee\/et\/toode\/v-mount-battery-clamp\/","og_site_name":"MediaGear","article_publisher":"https:\/\/www.facebook.com\/Mediagear.ee\/","article_modified_time":"2025-12-29T22:20:30+00:00","og_image":[{"width":1000,"height":1000,"url":"https:\/\/mediagear.ee\/wp-content\/uploads\/2025\/06\/VCLAMP-Vmount-battery-clamp.webp","type":"image\/webp"}],"twitter_card":"summary_large_image","schema":{"@context":"https:\/\/schema.org","@graph":[{"@type":"WebPage","@id":"https:\/\/mediagear.ee\/et\/toode\/v-mount-battery-clamp\/","url":"https:\/\/mediagear.ee\/et\/toode\/v-mount-battery-clamp\/","name":"V-mount akukinnitus - MediaGear","isPartOf":{"@id":"https:\/\/mediagear.ee\/et\/#website"},"primaryImageOfPage":{"@id":"https:\/\/mediagear.ee\/et\/toode\/v-mount-battery-clamp\/#primaryimage"},"image":{"@id":"https:\/\/mediagear.ee\/et\/toode\/v-mount-battery-clamp\/#primaryimage"},"thumbnailUrl":"https:\/\/mediagear.ee\/wp-content\/uploads\/2025\/06\/VCLAMP-Vmount-battery-clamp.webp","datePublished":"2025-06-10T13:22:10+00:00","dateModified":"2025-12-29T22:20:30+00:00","description":"V-Mount akukinnitust saab klambri abil lihtsasti kinnitada valgusstatiivi v\u00f5i kaamerastatiivi k\u00fclge. Akukinnituse t\u00fc\u00fcp: V Lock Mount...","breadcrumb":{"@id":"https:\/\/mediagear.ee\/et\/toode\/v-mount-battery-clamp\/#breadcrumb"},"inLanguage":"et","potentialAction":[{"@type":"ReadAction","target":["https:\/\/mediagear.ee\/et\/toode\/v-mount-battery-clamp\/"]}]},{"@type":"ImageObject","inLanguage":"et","@id":"https:\/\/mediagear.ee\/et\/toode\/v-mount-battery-clamp\/#primaryimage","url":"https:\/\/mediagear.ee\/wp-content\/uploads\/2025\/06\/VCLAMP-Vmount-battery-clamp.webp","contentUrl":"https:\/\/mediagear.ee\/wp-content\/uploads\/2025\/06\/VCLAMP-Vmount-battery-clamp.webp","width":1000,"height":1000,"caption":"V-mount akukinnitus"},{"@type":"BreadcrumbList","@id":"https:\/\/mediagear.ee\/et\/toode\/v-mount-battery-clamp\/#breadcrumb","itemListElement":[{"@type":"ListItem","position":1,"name":"Avaleht","item":"https:\/\/mediagear.ee\/et\/"},{"@type":"ListItem","position":2,"name":"Pro video &amp; audio tehnika pood","item":"https:\/\/mediagear.ee\/et\/pood\/"},{"@type":"ListItem","position":3,"name":"RIGGING &amp; GRIP","item":"https:\/\/mediagear.ee\/et\/tootekategooria\/rigging-grip-et\/"},{"@type":"ListItem","position":4,"name":"Kinnitustarvikud","item":"https:\/\/mediagear.ee\/et\/tootekategooria\/rigging-grip-et\/kinnitustarvikud\/"},{"@type":"ListItem","position":5,"name":"V-mount akukinnitus"}]},{"@type":"WebSite","@id":"https:\/\/mediagear.ee\/et\/#website","url":"https:\/\/mediagear.ee\/et\/","name":"MediaGear","description":"Full-service solutions in AV equipment","publisher":{"@id":"https:\/\/mediagear.ee\/et\/#organization"},"potentialAction":[{"@type":"SearchAction","target":{"@type":"EntryPoint","urlTemplate":"https:\/\/mediagear.ee\/et\/?s={search_term_string}"},"query-input":{"@type":"PropertyValueSpecification","valueRequired":true,"valueName":"search_term_string"}}],"inLanguage":"et"},{"@type":"Organization","@id":"https:\/\/mediagear.ee\/et\/#organization","name":"Mediagear","url":"https:\/\/mediagear.ee\/et\/","logo":{"@type":"ImageObject","inLanguage":"et","@id":"https:\/\/mediagear.ee\/et\/#\/schema\/logo\/image\/","url":"http:\/\/mediagear.ee\/wp-content\/uploads\/2024\/05\/MediaGear-logo-transp.png","contentUrl":"http:\/\/mediagear.ee\/wp-content\/uploads\/2024\/05\/MediaGear-logo-transp.png","width":600,"height":200,"caption":"Mediagear"},"image":{"@id":"https:\/\/mediagear.ee\/et\/#\/schema\/logo\/image\/"},"sameAs":["https:\/\/www.facebook.com\/Mediagear.ee\/","https:\/\/www.instagram.com\/mediagear_ee\/"]}]}},"_links":{"self":[{"href":"https:\/\/mediagear.ee\/et\/wp-json\/wp\/v2\/product\/232103","targetHints":{"allow":["GET"]}}],"collection":[{"href":"https:\/\/mediagear.ee\/et\/wp-json\/wp\/v2\/product"}],"about":[{"href":"https:\/\/mediagear.ee\/et\/wp-json\/wp\/v2\/types\/product"}],"wp:featuredmedia":[{"embeddable":true,"href":"https:\/\/mediagear.ee\/et\/wp-json\/wp\/v2\/media\/238225"}],"wp:attachment":[{"href":"https:\/\/mediagear.ee\/et\/wp-json\/wp\/v2\/media?parent=232103"}],"wp:term":[{"taxonomy":"brand","embeddable":true,"href":"https:\/\/mediagear.ee\/et\/wp-json\/wp\/v2\/brand?post=232103"},{"taxonomy":"product_cat","embeddable":true,"href":"https:\/\/mediagear.ee\/et\/wp-json\/wp\/v2\/product_cat?post=232103"},{"taxonomy":"product_tag","embeddable":true,"href":"https:\/\/mediagear.ee\/et\/wp-json\/wp\/v2\/product_tag?post=232103"},{"taxonomy":"inventory","embeddable":true,"href":"https:\/\/mediagear.ee\/et\/wp-json\/wp\/v2\/inventory?post=232103"}],"curies":[{"name":"wp","href":"https:\/\/api.w.org\/{rel}","templated":true}]}}