{"id":232168,"date":"2025-06-10T16:20:54","date_gmt":"2025-06-10T13:20:54","guid":{"rendered":"http:\/\/mediagear.ee\/product\/boya-by-k4-3-5mm-trs-female-to-type-c-male-audio-adapter\/"},"modified":"2025-08-01T14:30:11","modified_gmt":"2025-08-01T12:30:11","slug":"boya-by-k4-3-5mm-trs-female-to-type-c-male-audio-adapter","status":"publish","type":"product","link":"https:\/\/mediagear.ee\/et\/toode\/boya-by-k4-3-5mm-trs-female-to-type-c-male-audio-adapter\/","title":{"rendered":"BOYA BY-K4 3.5mm TRS (female) to Type-C (male) audio adapter"},"content":{"rendered":"","protected":false},"excerpt":{"rendered":"<p>3,5 mm &#8211; USB-C heliadapter<br \/>\nV\u00f5imaldab \u00fchendada mikrofoni nutitelefoniga<br \/>\nUSB-C pistik nutiseadmega \u00fchendamiseks<br \/>\nKaabli pikkus: 6 cm<\/p>\n","protected":false},"featured_media":238290,"template":"","meta":{"_acf_changed":false},"brand":[4395],"product_cat":[5241,5257],"product_tag":[],"inventory":[],"class_list":{"0":"post-232168","1":"product","2":"type-product","3":"status-publish","4":"has-post-thumbnail","6":"brand-boya-et","7":"product_cat-audio-tarvikud","8":"product_cat-audio-ja-dmx-kaablid","10":"first","11":"instock","12":"taxable","13":"shipping-taxable","14":"purchasable","15":"product-type-simple"},"acf":[],"yoast_head":"<!-- This site is optimized with the Yoast SEO plugin v27.5 - https:\/\/yoast.com\/product\/yoast-seo-wordpress\/ -->\n<title>BOYA BY-K4 3.5mm TRS (female) to Type-C (male) audio adapter - MediaGear<\/title>\n<meta name=\"description\" content=\"3,5 mm - USB-C heliadapter V\u00f5imaldab \u00fchendada mikrofoni nutitelefoniga USB-C pistik nutiseadmega \u00fchendamiseks Kaabli pikkus: 6 cm...\" \/>\n<meta name=\"robots\" content=\"index, follow, max-snippet:-1, max-image-preview:large, max-video-preview:-1\" \/>\n<link rel=\"canonical\" href=\"https:\/\/mediagear.ee\/et\/toode\/boya-by-k4-3-5mm-trs-female-to-type-c-male-audio-adapter\/\" \/>\n<meta property=\"og:locale\" content=\"et_EE\" \/>\n<meta property=\"og:type\" content=\"article\" \/>\n<meta property=\"og:title\" content=\"BOYA BY-K4 3.5mm TRS (female) to Type-C (male) audio adapter - MediaGear\" \/>\n<meta property=\"og:description\" content=\"3,5 mm - USB-C heliadapter V\u00f5imaldab \u00fchendada mikrofoni nutitelefoniga USB-C pistik nutiseadmega \u00fchendamiseks Kaabli pikkus: 6 cm...\" \/>\n<meta property=\"og:url\" content=\"https:\/\/mediagear.ee\/et\/toode\/boya-by-k4-3-5mm-trs-female-to-type-c-male-audio-adapter\/\" \/>\n<meta property=\"og:site_name\" content=\"MediaGear\" \/>\n<meta property=\"article:publisher\" content=\"https:\/\/www.facebook.com\/Mediagear.ee\/\" \/>\n<meta property=\"article:modified_time\" content=\"2025-08-01T12:30:11+00:00\" \/>\n<meta property=\"og:image\" content=\"https:\/\/mediagear.ee\/wp-content\/uploads\/2025\/06\/BOYA-BY-K4-3.5mm-TRS-female-to-Type-C-male-audio-adapter.webp\" \/>\n\t<meta property=\"og:image:width\" content=\"900\" \/>\n\t<meta property=\"og:image:height\" content=\"900\" \/>\n\t<meta property=\"og:image:type\" content=\"image\/webp\" \/>\n<meta name=\"twitter:card\" content=\"summary_large_image\" \/>\n<meta name=\"twitter:label1\" content=\"Est. reading time\" \/>\n\t<meta name=\"twitter:data1\" content=\"1 minut\" \/>\n<script type=\"application\/ld+json\" class=\"yoast-schema-graph\">{\"@context\":\"https:\\\/\\\/schema.org\",\"@graph\":[{\"@type\":\"WebPage\",\"@id\":\"https:\\\/\\\/mediagear.ee\\\/et\\\/toode\\\/boya-by-k4-3-5mm-trs-female-to-type-c-male-audio-adapter\\\/\",\"url\":\"https:\\\/\\\/mediagear.ee\\\/et\\\/toode\\\/boya-by-k4-3-5mm-trs-female-to-type-c-male-audio-adapter\\\/\",\"name\":\"BOYA BY-K4 3.5mm TRS (female) to Type-C (male) audio adapter - MediaGear\",\"isPartOf\":{\"@id\":\"https:\\\/\\\/mediagear.ee\\\/et\\\/#website\"},\"primaryImageOfPage\":{\"@id\":\"https:\\\/\\\/mediagear.ee\\\/et\\\/toode\\\/boya-by-k4-3-5mm-trs-female-to-type-c-male-audio-adapter\\\/#primaryimage\"},\"image\":{\"@id\":\"https:\\\/\\\/mediagear.ee\\\/et\\\/toode\\\/boya-by-k4-3-5mm-trs-female-to-type-c-male-audio-adapter\\\/#primaryimage\"},\"thumbnailUrl\":\"https:\\\/\\\/mediagear.ee\\\/wp-content\\\/uploads\\\/2025\\\/06\\\/BOYA-BY-K4-3.5mm-TRS-female-to-Type-C-male-audio-adapter.webp\",\"datePublished\":\"2025-06-10T13:20:54+00:00\",\"dateModified\":\"2025-08-01T12:30:11+00:00\",\"description\":\"3,5 mm - USB-C heliadapter V\u00f5imaldab \u00fchendada mikrofoni nutitelefoniga USB-C pistik nutiseadmega \u00fchendamiseks Kaabli pikkus: 6 cm...\",\"breadcrumb\":{\"@id\":\"https:\\\/\\\/mediagear.ee\\\/et\\\/toode\\\/boya-by-k4-3-5mm-trs-female-to-type-c-male-audio-adapter\\\/#breadcrumb\"},\"inLanguage\":\"et\",\"potentialAction\":[{\"@type\":\"ReadAction\",\"target\":[\"https:\\\/\\\/mediagear.ee\\\/et\\\/toode\\\/boya-by-k4-3-5mm-trs-female-to-type-c-male-audio-adapter\\\/\"]}]},{\"@type\":\"ImageObject\",\"inLanguage\":\"et\",\"@id\":\"https:\\\/\\\/mediagear.ee\\\/et\\\/toode\\\/boya-by-k4-3-5mm-trs-female-to-type-c-male-audio-adapter\\\/#primaryimage\",\"url\":\"https:\\\/\\\/mediagear.ee\\\/wp-content\\\/uploads\\\/2025\\\/06\\\/BOYA-BY-K4-3.5mm-TRS-female-to-Type-C-male-audio-adapter.webp\",\"contentUrl\":\"https:\\\/\\\/mediagear.ee\\\/wp-content\\\/uploads\\\/2025\\\/06\\\/BOYA-BY-K4-3.5mm-TRS-female-to-Type-C-male-audio-adapter.webp\",\"width\":900,\"height\":900,\"caption\":\"BOYA BY-K4 3.5mm TRS (female) to Type-C (male) audio adapter\"},{\"@type\":\"BreadcrumbList\",\"@id\":\"https:\\\/\\\/mediagear.ee\\\/et\\\/toode\\\/boya-by-k4-3-5mm-trs-female-to-type-c-male-audio-adapter\\\/#breadcrumb\",\"itemListElement\":[{\"@type\":\"ListItem\",\"position\":1,\"name\":\"Avaleht\",\"item\":\"https:\\\/\\\/mediagear.ee\\\/et\\\/\"},{\"@type\":\"ListItem\",\"position\":2,\"name\":\"Pro video &amp; audio tehnika pood\",\"item\":\"https:\\\/\\\/mediagear.ee\\\/et\\\/pood\\\/\"},{\"@type\":\"ListItem\",\"position\":3,\"name\":\"AUDIO\",\"item\":\"https:\\\/\\\/mediagear.ee\\\/et\\\/tootekategooria\\\/audio-et\\\/\"},{\"@type\":\"ListItem\",\"position\":4,\"name\":\"Audio tarvikud\",\"item\":\"https:\\\/\\\/mediagear.ee\\\/et\\\/tootekategooria\\\/audio-et\\\/audio-tarvikud\\\/\"},{\"@type\":\"ListItem\",\"position\":5,\"name\":\"BOYA BY-K4 3.5mm TRS (female) to Type-C (male) audio adapter\"}]},{\"@type\":\"WebSite\",\"@id\":\"https:\\\/\\\/mediagear.ee\\\/et\\\/#website\",\"url\":\"https:\\\/\\\/mediagear.ee\\\/et\\\/\",\"name\":\"MediaGear\",\"description\":\"Full-service solutions in AV equipment\",\"publisher\":{\"@id\":\"https:\\\/\\\/mediagear.ee\\\/et\\\/#organization\"},\"potentialAction\":[{\"@type\":\"SearchAction\",\"target\":{\"@type\":\"EntryPoint\",\"urlTemplate\":\"https:\\\/\\\/mediagear.ee\\\/et\\\/?s={search_term_string}\"},\"query-input\":{\"@type\":\"PropertyValueSpecification\",\"valueRequired\":true,\"valueName\":\"search_term_string\"}}],\"inLanguage\":\"et\"},{\"@type\":\"Organization\",\"@id\":\"https:\\\/\\\/mediagear.ee\\\/et\\\/#organization\",\"name\":\"Mediagear\",\"url\":\"https:\\\/\\\/mediagear.ee\\\/et\\\/\",\"logo\":{\"@type\":\"ImageObject\",\"inLanguage\":\"et\",\"@id\":\"https:\\\/\\\/mediagear.ee\\\/et\\\/#\\\/schema\\\/logo\\\/image\\\/\",\"url\":\"http:\\\/\\\/mediagear.ee\\\/wp-content\\\/uploads\\\/2024\\\/05\\\/MediaGear-logo-transp.png\",\"contentUrl\":\"http:\\\/\\\/mediagear.ee\\\/wp-content\\\/uploads\\\/2024\\\/05\\\/MediaGear-logo-transp.png\",\"width\":600,\"height\":200,\"caption\":\"Mediagear\"},\"image\":{\"@id\":\"https:\\\/\\\/mediagear.ee\\\/et\\\/#\\\/schema\\\/logo\\\/image\\\/\"},\"sameAs\":[\"https:\\\/\\\/www.facebook.com\\\/Mediagear.ee\\\/\",\"https:\\\/\\\/www.instagram.com\\\/mediagear_ee\\\/\"]}]}<\/script>\n<!-- \/ Yoast SEO plugin. -->","yoast_head_json":{"title":"BOYA BY-K4 3.5mm TRS (female) to Type-C (male) audio adapter - MediaGear","description":"3,5 mm - USB-C heliadapter V\u00f5imaldab \u00fchendada mikrofoni nutitelefoniga USB-C pistik nutiseadmega \u00fchendamiseks Kaabli pikkus: 6 cm...","robots":{"index":"index","follow":"follow","max-snippet":"max-snippet:-1","max-image-preview":"max-image-preview:large","max-video-preview":"max-video-preview:-1"},"canonical":"https:\/\/mediagear.ee\/et\/toode\/boya-by-k4-3-5mm-trs-female-to-type-c-male-audio-adapter\/","og_locale":"et_EE","og_type":"article","og_title":"BOYA BY-K4 3.5mm TRS (female) to Type-C (male) audio adapter - MediaGear","og_description":"3,5 mm - USB-C heliadapter V\u00f5imaldab \u00fchendada mikrofoni nutitelefoniga USB-C pistik nutiseadmega \u00fchendamiseks Kaabli pikkus: 6 cm...","og_url":"https:\/\/mediagear.ee\/et\/toode\/boya-by-k4-3-5mm-trs-female-to-type-c-male-audio-adapter\/","og_site_name":"MediaGear","article_publisher":"https:\/\/www.facebook.com\/Mediagear.ee\/","article_modified_time":"2025-08-01T12:30:11+00:00","og_image":[{"width":900,"height":900,"url":"https:\/\/mediagear.ee\/wp-content\/uploads\/2025\/06\/BOYA-BY-K4-3.5mm-TRS-female-to-Type-C-male-audio-adapter.webp","type":"image\/webp"}],"twitter_card":"summary_large_image","twitter_misc":{"Est. reading time":"1 minut"},"schema":{"@context":"https:\/\/schema.org","@graph":[{"@type":"WebPage","@id":"https:\/\/mediagear.ee\/et\/toode\/boya-by-k4-3-5mm-trs-female-to-type-c-male-audio-adapter\/","url":"https:\/\/mediagear.ee\/et\/toode\/boya-by-k4-3-5mm-trs-female-to-type-c-male-audio-adapter\/","name":"BOYA BY-K4 3.5mm TRS (female) to Type-C (male) audio adapter - MediaGear","isPartOf":{"@id":"https:\/\/mediagear.ee\/et\/#website"},"primaryImageOfPage":{"@id":"https:\/\/mediagear.ee\/et\/toode\/boya-by-k4-3-5mm-trs-female-to-type-c-male-audio-adapter\/#primaryimage"},"image":{"@id":"https:\/\/mediagear.ee\/et\/toode\/boya-by-k4-3-5mm-trs-female-to-type-c-male-audio-adapter\/#primaryimage"},"thumbnailUrl":"https:\/\/mediagear.ee\/wp-content\/uploads\/2025\/06\/BOYA-BY-K4-3.5mm-TRS-female-to-Type-C-male-audio-adapter.webp","datePublished":"2025-06-10T13:20:54+00:00","dateModified":"2025-08-01T12:30:11+00:00","description":"3,5 mm - USB-C heliadapter V\u00f5imaldab \u00fchendada mikrofoni nutitelefoniga USB-C pistik nutiseadmega \u00fchendamiseks Kaabli pikkus: 6 cm...","breadcrumb":{"@id":"https:\/\/mediagear.ee\/et\/toode\/boya-by-k4-3-5mm-trs-female-to-type-c-male-audio-adapter\/#breadcrumb"},"inLanguage":"et","potentialAction":[{"@type":"ReadAction","target":["https:\/\/mediagear.ee\/et\/toode\/boya-by-k4-3-5mm-trs-female-to-type-c-male-audio-adapter\/"]}]},{"@type":"ImageObject","inLanguage":"et","@id":"https:\/\/mediagear.ee\/et\/toode\/boya-by-k4-3-5mm-trs-female-to-type-c-male-audio-adapter\/#primaryimage","url":"https:\/\/mediagear.ee\/wp-content\/uploads\/2025\/06\/BOYA-BY-K4-3.5mm-TRS-female-to-Type-C-male-audio-adapter.webp","contentUrl":"https:\/\/mediagear.ee\/wp-content\/uploads\/2025\/06\/BOYA-BY-K4-3.5mm-TRS-female-to-Type-C-male-audio-adapter.webp","width":900,"height":900,"caption":"BOYA BY-K4 3.5mm TRS (female) to Type-C (male) audio adapter"},{"@type":"BreadcrumbList","@id":"https:\/\/mediagear.ee\/et\/toode\/boya-by-k4-3-5mm-trs-female-to-type-c-male-audio-adapter\/#breadcrumb","itemListElement":[{"@type":"ListItem","position":1,"name":"Avaleht","item":"https:\/\/mediagear.ee\/et\/"},{"@type":"ListItem","position":2,"name":"Pro video &amp; audio tehnika pood","item":"https:\/\/mediagear.ee\/et\/pood\/"},{"@type":"ListItem","position":3,"name":"AUDIO","item":"https:\/\/mediagear.ee\/et\/tootekategooria\/audio-et\/"},{"@type":"ListItem","position":4,"name":"Audio tarvikud","item":"https:\/\/mediagear.ee\/et\/tootekategooria\/audio-et\/audio-tarvikud\/"},{"@type":"ListItem","position":5,"name":"BOYA BY-K4 3.5mm TRS (female) to Type-C (male) audio adapter"}]},{"@type":"WebSite","@id":"https:\/\/mediagear.ee\/et\/#website","url":"https:\/\/mediagear.ee\/et\/","name":"MediaGear","description":"Full-service solutions in AV equipment","publisher":{"@id":"https:\/\/mediagear.ee\/et\/#organization"},"potentialAction":[{"@type":"SearchAction","target":{"@type":"EntryPoint","urlTemplate":"https:\/\/mediagear.ee\/et\/?s={search_term_string}"},"query-input":{"@type":"PropertyValueSpecification","valueRequired":true,"valueName":"search_term_string"}}],"inLanguage":"et"},{"@type":"Organization","@id":"https:\/\/mediagear.ee\/et\/#organization","name":"Mediagear","url":"https:\/\/mediagear.ee\/et\/","logo":{"@type":"ImageObject","inLanguage":"et","@id":"https:\/\/mediagear.ee\/et\/#\/schema\/logo\/image\/","url":"http:\/\/mediagear.ee\/wp-content\/uploads\/2024\/05\/MediaGear-logo-transp.png","contentUrl":"http:\/\/mediagear.ee\/wp-content\/uploads\/2024\/05\/MediaGear-logo-transp.png","width":600,"height":200,"caption":"Mediagear"},"image":{"@id":"https:\/\/mediagear.ee\/et\/#\/schema\/logo\/image\/"},"sameAs":["https:\/\/www.facebook.com\/Mediagear.ee\/","https:\/\/www.instagram.com\/mediagear_ee\/"]}]}},"_links":{"self":[{"href":"https:\/\/mediagear.ee\/et\/wp-json\/wp\/v2\/product\/232168","targetHints":{"allow":["GET"]}}],"collection":[{"href":"https:\/\/mediagear.ee\/et\/wp-json\/wp\/v2\/product"}],"about":[{"href":"https:\/\/mediagear.ee\/et\/wp-json\/wp\/v2\/types\/product"}],"wp:featuredmedia":[{"embeddable":true,"href":"https:\/\/mediagear.ee\/et\/wp-json\/wp\/v2\/media\/238290"}],"wp:attachment":[{"href":"https:\/\/mediagear.ee\/et\/wp-json\/wp\/v2\/media?parent=232168"}],"wp:term":[{"taxonomy":"brand","embeddable":true,"href":"https:\/\/mediagear.ee\/et\/wp-json\/wp\/v2\/brand?post=232168"},{"taxonomy":"product_cat","embeddable":true,"href":"https:\/\/mediagear.ee\/et\/wp-json\/wp\/v2\/product_cat?post=232168"},{"taxonomy":"product_tag","embeddable":true,"href":"https:\/\/mediagear.ee\/et\/wp-json\/wp\/v2\/product_tag?post=232168"},{"taxonomy":"inventory","embeddable":true,"href":"https:\/\/mediagear.ee\/et\/wp-json\/wp\/v2\/inventory?post=232168"}],"curies":[{"name":"wp","href":"https:\/\/api.w.org\/{rel}","templated":true}]}}