{"id":232207,"date":"2025-06-10T16:20:27","date_gmt":"2025-06-10T13:20:27","guid":{"rendered":"http:\/\/mediagear.ee\/product\/avmatrix-vs0601u-mini-6ch-sdi-hdmi-multi-format-streaming-video-switcher\/"},"modified":"2026-01-24T12:46:17","modified_gmt":"2026-01-24T10:46:17","slug":"avmatrix-vs0601u-mini-6ch-sdi-hdmi-multi-format-streaming-video-switcher","status":"publish","type":"product","link":"https:\/\/mediagear.ee\/et\/toode\/avmatrix-vs0601u-mini-6ch-sdi-hdmi-multi-format-streaming-video-switcher\/","title":{"rendered":"AVMATRIX VS0601U mini 6ch SDI\/HDMI multi-format streaming video switcher"},"content":{"rendered":"<p>6 channel HDMI\/SDI switcher with integrated panel and additional USB-C streaming output. HDMI and SDI output. Multi format video detection, Picture in Picture function<\/p>\n<ul>\n<li style=\"list-style-type: none;\">\n<ul>\n<li>Uncompressed capture for live streaming, comply with UVC &amp; UAC<\/li>\n<li>6 channel inputs: 4\u00d7SDI &amp; 2\u00d7HDMI<\/li>\n<li>1\u00d7USB type-C output, 2\u00d7SDI &amp; 1\u00d7HDMI PGM outputs, 1\u00d7SDI &amp; 1\u00d7HDMI multiview outputs<\/li>\n<li>1\u00d7SDI AUX output, can be selected as PGM or PVW<\/li>\n<li>Multi-format inputauto-detected and PGM outputs format selectable<\/li>\n<li>T-Bar\/ AUTO\/ CUT transitions<\/li>\n<li>Mix\/ Fade\/ Wipe transition effects<\/li>\n<li>PIP mode size and position adjustable<\/li>\n<li>Support audio MIXING and AFV mode<\/li>\n<li>GPIO for Tally, FTB for emergency<\/li>\n<\/ul>\n<\/li>\n<\/ul>\n<p>&nbsp;<\/p>\n<div class=\"project-content\">\n<div class=\"project-description post-content\">\n<div class=\"fusion-fullwidth fullwidth-box fusion-builder-row-2 nonhundred-percent-fullwidth non-hundred-percent-height-scrolling\">\n<div class=\"fusion-builder-row fusion-row \">\n<div class=\"fusion-layout-column fusion_builder_column fusion_builder_column_1_1 fusion-builder-column-3 fusion-one-full fusion-column-first fusion-column-last 1_1\">\n<div class=\"fusion-column-wrapper\" data-bg-url=\"\">\n<div class=\"fusion-tabs fusion-tabs-1 classic horizontal-tabs icon-position-left\">\n<div class=\"tab-content\">\n<div id=\"tab-4b659032100a2b8fd94\" class=\"tab-pane fade fusion-clearfix active in\"><\/div>\n<\/div>\n<\/div>\n<\/div>\n<\/div>\n<\/div>\n<\/div>\n<\/div>\n<\/div>\n","protected":false},"excerpt":{"rendered":"<ul>\n<li>USB capture for streaming (VS0601U only)<\/li>\n<li>6 channel inputs: 4\u00d7SDI and 2\u00d7HDMI inputs<\/li>\n<li>2\u00d7SDI &amp;1\u00d7HDMI PGM outputs, 1\u00d7SDI AUX output, 1\u00d7SDI &amp;1\u00d7HDMI multiview outputs<\/li>\n<li>T-Bar\/ AUTO\/ CUT transitions and MIX\/ FADE\/ WIPE effects<\/li>\n<li>PiP mode, both size and position is adjustable<\/li>\n<li>Audio mixer: 3.5mm stereo\/ RCA audio &amp; SDI\/ HDMI embedded audio<\/li>\n<li>GPIO interface for live tally system<\/li>\n<li>FTB for emergency situation<\/li>\n<\/ul>\n","protected":false},"featured_media":344785,"template":"","meta":{"_acf_changed":false},"brand":[4389],"product_cat":[5300],"product_tag":[5797,5798],"inventory":[],"class_list":{"0":"post-232207","1":"product","2":"type-product","3":"status-publish","4":"has-post-thumbnail","6":"brand-avmatrix-et","7":"product_cat-videomikserid","8":"product_tag-hdmi-et","9":"product_tag-sdi-et","11":"first","12":"instock","13":"taxable","14":"shipping-taxable","15":"purchasable","16":"product-type-simple"},"acf":[],"yoast_head":"<!-- This site is optimized with the Yoast SEO plugin v27.1.1 - https:\/\/yoast.com\/product\/yoast-seo-wordpress\/ -->\n<title>AVMATRIX VS0601U mini 6ch SDI\/HDMI multi-format streaming video switcher - MediaGear<\/title>\n<meta name=\"description\" content=\"USB capture for streaming (VS0601U only) 6 channel inputs: 4\u00d7SDI and 2\u00d7HDMI inputs 2\u00d7SDI &amp;1\u00d7HDMI PGM outputs, 1\u00d7SDI AUX output, 1\u00d7SDI &amp;am...\" \/>\n<meta name=\"robots\" content=\"index, follow, max-snippet:-1, max-image-preview:large, max-video-preview:-1\" \/>\n<link rel=\"canonical\" href=\"https:\/\/mediagear.ee\/et\/toode\/avmatrix-vs0601u-mini-6ch-sdi-hdmi-multi-format-streaming-video-switcher\/\" \/>\n<meta property=\"og:locale\" content=\"et_EE\" \/>\n<meta property=\"og:type\" content=\"article\" \/>\n<meta property=\"og:title\" content=\"AVMATRIX VS0601U mini 6ch SDI\/HDMI multi-format streaming video switcher - MediaGear\" \/>\n<meta property=\"og:description\" content=\"USB capture for streaming (VS0601U only) 6 channel inputs: 4\u00d7SDI and 2\u00d7HDMI inputs 2\u00d7SDI &amp;1\u00d7HDMI PGM outputs, 1\u00d7SDI AUX output, 1\u00d7SDI &amp;am...\" \/>\n<meta property=\"og:url\" content=\"https:\/\/mediagear.ee\/et\/toode\/avmatrix-vs0601u-mini-6ch-sdi-hdmi-multi-format-streaming-video-switcher\/\" \/>\n<meta property=\"og:site_name\" content=\"MediaGear\" \/>\n<meta property=\"article:publisher\" content=\"https:\/\/www.facebook.com\/Mediagear.ee\/\" \/>\n<meta property=\"article:modified_time\" content=\"2026-01-24T10:46:17+00:00\" \/>\n<meta property=\"og:image\" content=\"https:\/\/mediagear.ee\/wp-content\/uploads\/2025\/06\/avmatrix-6ch-hdmi-sdi-streaming-video-switcher-vs0601u-1.jpg\" \/>\n\t<meta property=\"og:image:width\" content=\"1500\" \/>\n\t<meta property=\"og:image:height\" content=\"1500\" \/>\n\t<meta property=\"og:image:type\" content=\"image\/jpeg\" \/>\n<meta name=\"twitter:card\" content=\"summary_large_image\" \/>\n<script type=\"application\/ld+json\" class=\"yoast-schema-graph\">{\"@context\":\"https:\/\/schema.org\",\"@graph\":[{\"@type\":\"WebPage\",\"@id\":\"https:\/\/mediagear.ee\/et\/toode\/avmatrix-vs0601u-mini-6ch-sdi-hdmi-multi-format-streaming-video-switcher\/\",\"url\":\"https:\/\/mediagear.ee\/et\/toode\/avmatrix-vs0601u-mini-6ch-sdi-hdmi-multi-format-streaming-video-switcher\/\",\"name\":\"AVMATRIX VS0601U mini 6ch SDI\/HDMI multi-format streaming video switcher - MediaGear\",\"isPartOf\":{\"@id\":\"https:\/\/mediagear.ee\/et\/#website\"},\"primaryImageOfPage\":{\"@id\":\"https:\/\/mediagear.ee\/et\/toode\/avmatrix-vs0601u-mini-6ch-sdi-hdmi-multi-format-streaming-video-switcher\/#primaryimage\"},\"image\":{\"@id\":\"https:\/\/mediagear.ee\/et\/toode\/avmatrix-vs0601u-mini-6ch-sdi-hdmi-multi-format-streaming-video-switcher\/#primaryimage\"},\"thumbnailUrl\":\"https:\/\/mediagear.ee\/wp-content\/uploads\/2025\/06\/avmatrix-6ch-hdmi-sdi-streaming-video-switcher-vs0601u-1.jpg\",\"datePublished\":\"2025-06-10T13:20:27+00:00\",\"dateModified\":\"2026-01-24T10:46:17+00:00\",\"description\":\"USB capture for streaming (VS0601U only) 6 channel inputs: 4\u00d7SDI and 2\u00d7HDMI inputs 2\u00d7SDI &amp;1\u00d7HDMI PGM outputs, 1\u00d7SDI AUX output, 1\u00d7SDI &am...\",\"breadcrumb\":{\"@id\":\"https:\/\/mediagear.ee\/et\/toode\/avmatrix-vs0601u-mini-6ch-sdi-hdmi-multi-format-streaming-video-switcher\/#breadcrumb\"},\"inLanguage\":\"et\",\"potentialAction\":[{\"@type\":\"ReadAction\",\"target\":[\"https:\/\/mediagear.ee\/et\/toode\/avmatrix-vs0601u-mini-6ch-sdi-hdmi-multi-format-streaming-video-switcher\/\"]}]},{\"@type\":\"ImageObject\",\"inLanguage\":\"et\",\"@id\":\"https:\/\/mediagear.ee\/et\/toode\/avmatrix-vs0601u-mini-6ch-sdi-hdmi-multi-format-streaming-video-switcher\/#primaryimage\",\"url\":\"https:\/\/mediagear.ee\/wp-content\/uploads\/2025\/06\/avmatrix-6ch-hdmi-sdi-streaming-video-switcher-vs0601u-1.jpg\",\"contentUrl\":\"https:\/\/mediagear.ee\/wp-content\/uploads\/2025\/06\/avmatrix-6ch-hdmi-sdi-streaming-video-switcher-vs0601u-1.jpg\",\"width\":1500,\"height\":1500,\"caption\":\"AVMATRIX VS0601U mini 6ch SDI\/HDMI multi-format streaming video switcher\"},{\"@type\":\"BreadcrumbList\",\"@id\":\"https:\/\/mediagear.ee\/et\/toode\/avmatrix-vs0601u-mini-6ch-sdi-hdmi-multi-format-streaming-video-switcher\/#breadcrumb\",\"itemListElement\":[{\"@type\":\"ListItem\",\"position\":1,\"name\":\"Avaleht\",\"item\":\"https:\/\/mediagear.ee\/et\/\"},{\"@type\":\"ListItem\",\"position\":2,\"name\":\"Pro video &amp; audio tehnika pood\",\"item\":\"https:\/\/mediagear.ee\/et\/pood\/\"},{\"@type\":\"ListItem\",\"position\":3,\"name\":\"SIGNAALIT\u00d6\u00d6TLUS\",\"item\":\"https:\/\/mediagear.ee\/et\/tootekategooria\/signaalitootlus\/\"},{\"@type\":\"ListItem\",\"position\":4,\"name\":\"Videomikserid\",\"item\":\"https:\/\/mediagear.ee\/et\/tootekategooria\/signaalitootlus\/videomikserid\/\"},{\"@type\":\"ListItem\",\"position\":5,\"name\":\"AVMATRIX VS0601U mini 6ch SDI\/HDMI multi-format streaming video switcher\"}]},{\"@type\":\"WebSite\",\"@id\":\"https:\/\/mediagear.ee\/et\/#website\",\"url\":\"https:\/\/mediagear.ee\/et\/\",\"name\":\"MediaGear\",\"description\":\"Full-service solutions in AV equipment\",\"publisher\":{\"@id\":\"https:\/\/mediagear.ee\/et\/#organization\"},\"potentialAction\":[{\"@type\":\"SearchAction\",\"target\":{\"@type\":\"EntryPoint\",\"urlTemplate\":\"https:\/\/mediagear.ee\/et\/?s={search_term_string}\"},\"query-input\":{\"@type\":\"PropertyValueSpecification\",\"valueRequired\":true,\"valueName\":\"search_term_string\"}}],\"inLanguage\":\"et\"},{\"@type\":\"Organization\",\"@id\":\"https:\/\/mediagear.ee\/et\/#organization\",\"name\":\"Mediagear\",\"url\":\"https:\/\/mediagear.ee\/et\/\",\"logo\":{\"@type\":\"ImageObject\",\"inLanguage\":\"et\",\"@id\":\"https:\/\/mediagear.ee\/et\/#\/schema\/logo\/image\/\",\"url\":\"http:\/\/mediagear.ee\/wp-content\/uploads\/2024\/05\/MediaGear-logo-transp.png\",\"contentUrl\":\"http:\/\/mediagear.ee\/wp-content\/uploads\/2024\/05\/MediaGear-logo-transp.png\",\"width\":600,\"height\":200,\"caption\":\"Mediagear\"},\"image\":{\"@id\":\"https:\/\/mediagear.ee\/et\/#\/schema\/logo\/image\/\"},\"sameAs\":[\"https:\/\/www.facebook.com\/Mediagear.ee\/\",\"https:\/\/www.instagram.com\/mediagear_ee\/\"]}]}<\/script>\n<!-- \/ Yoast SEO plugin. -->","yoast_head_json":{"title":"AVMATRIX VS0601U mini 6ch SDI\/HDMI multi-format streaming video switcher - MediaGear","description":"USB capture for streaming (VS0601U only) 6 channel inputs: 4\u00d7SDI and 2\u00d7HDMI inputs 2\u00d7SDI &amp;1\u00d7HDMI PGM outputs, 1\u00d7SDI AUX output, 1\u00d7SDI &am...","robots":{"index":"index","follow":"follow","max-snippet":"max-snippet:-1","max-image-preview":"max-image-preview:large","max-video-preview":"max-video-preview:-1"},"canonical":"https:\/\/mediagear.ee\/et\/toode\/avmatrix-vs0601u-mini-6ch-sdi-hdmi-multi-format-streaming-video-switcher\/","og_locale":"et_EE","og_type":"article","og_title":"AVMATRIX VS0601U mini 6ch SDI\/HDMI multi-format streaming video switcher - MediaGear","og_description":"USB capture for streaming (VS0601U only) 6 channel inputs: 4\u00d7SDI and 2\u00d7HDMI inputs 2\u00d7SDI &amp;1\u00d7HDMI PGM outputs, 1\u00d7SDI AUX output, 1\u00d7SDI &am...","og_url":"https:\/\/mediagear.ee\/et\/toode\/avmatrix-vs0601u-mini-6ch-sdi-hdmi-multi-format-streaming-video-switcher\/","og_site_name":"MediaGear","article_publisher":"https:\/\/www.facebook.com\/Mediagear.ee\/","article_modified_time":"2026-01-24T10:46:17+00:00","og_image":[{"width":1500,"height":1500,"url":"https:\/\/mediagear.ee\/wp-content\/uploads\/2025\/06\/avmatrix-6ch-hdmi-sdi-streaming-video-switcher-vs0601u-1.jpg","type":"image\/jpeg"}],"twitter_card":"summary_large_image","schema":{"@context":"https:\/\/schema.org","@graph":[{"@type":"WebPage","@id":"https:\/\/mediagear.ee\/et\/toode\/avmatrix-vs0601u-mini-6ch-sdi-hdmi-multi-format-streaming-video-switcher\/","url":"https:\/\/mediagear.ee\/et\/toode\/avmatrix-vs0601u-mini-6ch-sdi-hdmi-multi-format-streaming-video-switcher\/","name":"AVMATRIX VS0601U mini 6ch SDI\/HDMI multi-format streaming video switcher - MediaGear","isPartOf":{"@id":"https:\/\/mediagear.ee\/et\/#website"},"primaryImageOfPage":{"@id":"https:\/\/mediagear.ee\/et\/toode\/avmatrix-vs0601u-mini-6ch-sdi-hdmi-multi-format-streaming-video-switcher\/#primaryimage"},"image":{"@id":"https:\/\/mediagear.ee\/et\/toode\/avmatrix-vs0601u-mini-6ch-sdi-hdmi-multi-format-streaming-video-switcher\/#primaryimage"},"thumbnailUrl":"https:\/\/mediagear.ee\/wp-content\/uploads\/2025\/06\/avmatrix-6ch-hdmi-sdi-streaming-video-switcher-vs0601u-1.jpg","datePublished":"2025-06-10T13:20:27+00:00","dateModified":"2026-01-24T10:46:17+00:00","description":"USB capture for streaming (VS0601U only) 6 channel inputs: 4\u00d7SDI and 2\u00d7HDMI inputs 2\u00d7SDI &amp;1\u00d7HDMI PGM outputs, 1\u00d7SDI AUX output, 1\u00d7SDI &am...","breadcrumb":{"@id":"https:\/\/mediagear.ee\/et\/toode\/avmatrix-vs0601u-mini-6ch-sdi-hdmi-multi-format-streaming-video-switcher\/#breadcrumb"},"inLanguage":"et","potentialAction":[{"@type":"ReadAction","target":["https:\/\/mediagear.ee\/et\/toode\/avmatrix-vs0601u-mini-6ch-sdi-hdmi-multi-format-streaming-video-switcher\/"]}]},{"@type":"ImageObject","inLanguage":"et","@id":"https:\/\/mediagear.ee\/et\/toode\/avmatrix-vs0601u-mini-6ch-sdi-hdmi-multi-format-streaming-video-switcher\/#primaryimage","url":"https:\/\/mediagear.ee\/wp-content\/uploads\/2025\/06\/avmatrix-6ch-hdmi-sdi-streaming-video-switcher-vs0601u-1.jpg","contentUrl":"https:\/\/mediagear.ee\/wp-content\/uploads\/2025\/06\/avmatrix-6ch-hdmi-sdi-streaming-video-switcher-vs0601u-1.jpg","width":1500,"height":1500,"caption":"AVMATRIX VS0601U mini 6ch SDI\/HDMI multi-format streaming video switcher"},{"@type":"BreadcrumbList","@id":"https:\/\/mediagear.ee\/et\/toode\/avmatrix-vs0601u-mini-6ch-sdi-hdmi-multi-format-streaming-video-switcher\/#breadcrumb","itemListElement":[{"@type":"ListItem","position":1,"name":"Avaleht","item":"https:\/\/mediagear.ee\/et\/"},{"@type":"ListItem","position":2,"name":"Pro video &amp; audio tehnika pood","item":"https:\/\/mediagear.ee\/et\/pood\/"},{"@type":"ListItem","position":3,"name":"SIGNAALIT\u00d6\u00d6TLUS","item":"https:\/\/mediagear.ee\/et\/tootekategooria\/signaalitootlus\/"},{"@type":"ListItem","position":4,"name":"Videomikserid","item":"https:\/\/mediagear.ee\/et\/tootekategooria\/signaalitootlus\/videomikserid\/"},{"@type":"ListItem","position":5,"name":"AVMATRIX VS0601U mini 6ch SDI\/HDMI multi-format streaming video switcher"}]},{"@type":"WebSite","@id":"https:\/\/mediagear.ee\/et\/#website","url":"https:\/\/mediagear.ee\/et\/","name":"MediaGear","description":"Full-service solutions in AV equipment","publisher":{"@id":"https:\/\/mediagear.ee\/et\/#organization"},"potentialAction":[{"@type":"SearchAction","target":{"@type":"EntryPoint","urlTemplate":"https:\/\/mediagear.ee\/et\/?s={search_term_string}"},"query-input":{"@type":"PropertyValueSpecification","valueRequired":true,"valueName":"search_term_string"}}],"inLanguage":"et"},{"@type":"Organization","@id":"https:\/\/mediagear.ee\/et\/#organization","name":"Mediagear","url":"https:\/\/mediagear.ee\/et\/","logo":{"@type":"ImageObject","inLanguage":"et","@id":"https:\/\/mediagear.ee\/et\/#\/schema\/logo\/image\/","url":"http:\/\/mediagear.ee\/wp-content\/uploads\/2024\/05\/MediaGear-logo-transp.png","contentUrl":"http:\/\/mediagear.ee\/wp-content\/uploads\/2024\/05\/MediaGear-logo-transp.png","width":600,"height":200,"caption":"Mediagear"},"image":{"@id":"https:\/\/mediagear.ee\/et\/#\/schema\/logo\/image\/"},"sameAs":["https:\/\/www.facebook.com\/Mediagear.ee\/","https:\/\/www.instagram.com\/mediagear_ee\/"]}]}},"_links":{"self":[{"href":"https:\/\/mediagear.ee\/et\/wp-json\/wp\/v2\/product\/232207","targetHints":{"allow":["GET"]}}],"collection":[{"href":"https:\/\/mediagear.ee\/et\/wp-json\/wp\/v2\/product"}],"about":[{"href":"https:\/\/mediagear.ee\/et\/wp-json\/wp\/v2\/types\/product"}],"wp:featuredmedia":[{"embeddable":true,"href":"https:\/\/mediagear.ee\/et\/wp-json\/wp\/v2\/media\/344785"}],"wp:attachment":[{"href":"https:\/\/mediagear.ee\/et\/wp-json\/wp\/v2\/media?parent=232207"}],"wp:term":[{"taxonomy":"brand","embeddable":true,"href":"https:\/\/mediagear.ee\/et\/wp-json\/wp\/v2\/brand?post=232207"},{"taxonomy":"product_cat","embeddable":true,"href":"https:\/\/mediagear.ee\/et\/wp-json\/wp\/v2\/product_cat?post=232207"},{"taxonomy":"product_tag","embeddable":true,"href":"https:\/\/mediagear.ee\/et\/wp-json\/wp\/v2\/product_tag?post=232207"},{"taxonomy":"inventory","embeddable":true,"href":"https:\/\/mediagear.ee\/et\/wp-json\/wp\/v2\/inventory?post=232207"}],"curies":[{"name":"wp","href":"https:\/\/api.w.org\/{rel}","templated":true}]}}