{"id":232218,"date":"2025-06-10T15:20:03","date_gmt":"2025-06-10T13:20:03","guid":{"rendered":"http:\/\/mediagear.ee\/product\/avmatrix-pvs0615u-multi-format-6-channel-streaming-video-switcher\/"},"modified":"2025-08-25T16:35:45","modified_gmt":"2025-08-25T13:35:45","slug":"avmatrix-pvs0615u-multi-format-6-channel-streaming-video-switcher","status":"publish","type":"product","link":"https:\/\/mediagear.ee\/et\/toode\/avmatrix-pvs0615u-multi-format-6-channel-streaming-video-switcher\/","title":{"rendered":"AVMATRIX PVS0615U multi-format 6 channel streaming video switcher"},"content":{"rendered":"","protected":false},"excerpt":{"rendered":"<p>USB capture for streaming (PVS0615U only)<br \/>\nPortable All-In-One design with 15.6 inch FHD LCD display<br \/>\n6 channel inputs: 4\u00d7SDI and 2\u00d7DVI-I\/HDMI\/VGA\/USB<br \/>\n3\u00d7SDI PGM out(1\u00d7AUX), 2\u00d7HDMI PGM &#038; 1\u00d7HDMI multiview out<br \/>\nInput format auto-detected and PGM\/AUX output format selectable<br \/>\nT-Bar\/AUTO\/CUT transitions and MIX\/ FADE\/ WIPE effects<br \/>\nLuma Key\/ Chroma Key for virtual studio<br \/>\nPIP\/POP window size and position adjustable<br \/>\nRecord PGM video to SD card, up to 1080p60<br \/>\nAudio mixer: TRS audio &#038; SDI, HDMI, USB embedded audio<\/p>\n","protected":false},"featured_media":238338,"template":"","meta":{"_acf_changed":false},"brand":[4389],"product_cat":[5300],"product_tag":[5797,5798],"inventory":[],"class_list":{"0":"post-232218","1":"product","2":"type-product","3":"status-publish","4":"has-post-thumbnail","6":"brand-avmatrix-et","7":"product_cat-videomikserid","8":"product_tag-hdmi-et","9":"product_tag-sdi-et","11":"first","12":"onbackorder","13":"taxable","14":"shipping-taxable","15":"purchasable","16":"product-type-simple"},"acf":[],"yoast_head":"<!-- This site is optimized with the Yoast SEO plugin v27.1.1 - https:\/\/yoast.com\/product\/yoast-seo-wordpress\/ -->\n<title>AVMATRIX PVS0615U multi-format 6 channel streaming video switcher - MediaGear<\/title>\n<meta name=\"description\" content=\"USB capture for streaming (PVS0615U only) Portable All-In-One design with 15.6 inch FHD LCD display 6 channel inputs: 4\u00d7SDI and 2\u00d7DVI-I\/HDMI\/VGA\/US...\" \/>\n<meta name=\"robots\" content=\"index, follow, max-snippet:-1, max-image-preview:large, max-video-preview:-1\" \/>\n<link rel=\"canonical\" href=\"https:\/\/mediagear.ee\/et\/toode\/avmatrix-pvs0615u-multi-format-6-channel-streaming-video-switcher\/\" \/>\n<meta property=\"og:locale\" content=\"et_EE\" \/>\n<meta property=\"og:type\" content=\"article\" \/>\n<meta property=\"og:title\" content=\"AVMATRIX PVS0615U multi-format 6 channel streaming video switcher - MediaGear\" \/>\n<meta property=\"og:description\" content=\"USB capture for streaming (PVS0615U only) Portable All-In-One design with 15.6 inch FHD LCD display 6 channel inputs: 4\u00d7SDI and 2\u00d7DVI-I\/HDMI\/VGA\/US...\" \/>\n<meta property=\"og:url\" content=\"https:\/\/mediagear.ee\/et\/toode\/avmatrix-pvs0615u-multi-format-6-channel-streaming-video-switcher\/\" \/>\n<meta property=\"og:site_name\" content=\"MediaGear\" \/>\n<meta property=\"article:publisher\" content=\"https:\/\/www.facebook.com\/Mediagear.ee\/\" \/>\n<meta property=\"article:modified_time\" content=\"2025-08-25T13:35:45+00:00\" \/>\n<meta property=\"og:image\" content=\"https:\/\/mediagear.ee\/wp-content\/uploads\/2025\/06\/AVmatrixPVS0615-1.jpg\" \/>\n\t<meta property=\"og:image:width\" content=\"1500\" \/>\n\t<meta property=\"og:image:height\" content=\"1500\" \/>\n\t<meta property=\"og:image:type\" content=\"image\/jpeg\" \/>\n<meta name=\"twitter:card\" content=\"summary_large_image\" \/>\n<script type=\"application\/ld+json\" class=\"yoast-schema-graph\">{\"@context\":\"https:\/\/schema.org\",\"@graph\":[{\"@type\":\"WebPage\",\"@id\":\"https:\/\/mediagear.ee\/et\/toode\/avmatrix-pvs0615u-multi-format-6-channel-streaming-video-switcher\/\",\"url\":\"https:\/\/mediagear.ee\/et\/toode\/avmatrix-pvs0615u-multi-format-6-channel-streaming-video-switcher\/\",\"name\":\"AVMATRIX PVS0615U multi-format 6 channel streaming video switcher - MediaGear\",\"isPartOf\":{\"@id\":\"https:\/\/mediagear.ee\/et\/#website\"},\"primaryImageOfPage\":{\"@id\":\"https:\/\/mediagear.ee\/et\/toode\/avmatrix-pvs0615u-multi-format-6-channel-streaming-video-switcher\/#primaryimage\"},\"image\":{\"@id\":\"https:\/\/mediagear.ee\/et\/toode\/avmatrix-pvs0615u-multi-format-6-channel-streaming-video-switcher\/#primaryimage\"},\"thumbnailUrl\":\"https:\/\/mediagear.ee\/wp-content\/uploads\/2025\/06\/AVmatrixPVS0615-1.jpg\",\"datePublished\":\"2025-06-10T13:20:03+00:00\",\"dateModified\":\"2025-08-25T13:35:45+00:00\",\"description\":\"USB capture for streaming (PVS0615U only) Portable All-In-One design with 15.6 inch FHD LCD display 6 channel inputs: 4\u00d7SDI and 2\u00d7DVI-I\/HDMI\/VGA\/US...\",\"breadcrumb\":{\"@id\":\"https:\/\/mediagear.ee\/et\/toode\/avmatrix-pvs0615u-multi-format-6-channel-streaming-video-switcher\/#breadcrumb\"},\"inLanguage\":\"et\",\"potentialAction\":[{\"@type\":\"ReadAction\",\"target\":[\"https:\/\/mediagear.ee\/et\/toode\/avmatrix-pvs0615u-multi-format-6-channel-streaming-video-switcher\/\"]}]},{\"@type\":\"ImageObject\",\"inLanguage\":\"et\",\"@id\":\"https:\/\/mediagear.ee\/et\/toode\/avmatrix-pvs0615u-multi-format-6-channel-streaming-video-switcher\/#primaryimage\",\"url\":\"https:\/\/mediagear.ee\/wp-content\/uploads\/2025\/06\/AVmatrixPVS0615-1.jpg\",\"contentUrl\":\"https:\/\/mediagear.ee\/wp-content\/uploads\/2025\/06\/AVmatrixPVS0615-1.jpg\",\"width\":1500,\"height\":1500,\"caption\":\"AVMATRIX PVS0615U multi-format 6 channel streaming video switcher\"},{\"@type\":\"BreadcrumbList\",\"@id\":\"https:\/\/mediagear.ee\/et\/toode\/avmatrix-pvs0615u-multi-format-6-channel-streaming-video-switcher\/#breadcrumb\",\"itemListElement\":[{\"@type\":\"ListItem\",\"position\":1,\"name\":\"Avaleht\",\"item\":\"https:\/\/mediagear.ee\/et\/\"},{\"@type\":\"ListItem\",\"position\":2,\"name\":\"Pro video &amp; audio tehnika pood\",\"item\":\"https:\/\/mediagear.ee\/et\/pood\/\"},{\"@type\":\"ListItem\",\"position\":3,\"name\":\"SIGNAALIT\u00d6\u00d6TLUS\",\"item\":\"https:\/\/mediagear.ee\/et\/tootekategooria\/signaalitootlus\/\"},{\"@type\":\"ListItem\",\"position\":4,\"name\":\"Videomikserid\",\"item\":\"https:\/\/mediagear.ee\/et\/tootekategooria\/signaalitootlus\/videomikserid\/\"},{\"@type\":\"ListItem\",\"position\":5,\"name\":\"AVMATRIX PVS0615U multi-format 6 channel streaming video switcher\"}]},{\"@type\":\"WebSite\",\"@id\":\"https:\/\/mediagear.ee\/et\/#website\",\"url\":\"https:\/\/mediagear.ee\/et\/\",\"name\":\"MediaGear\",\"description\":\"Full-service solutions in AV equipment\",\"publisher\":{\"@id\":\"https:\/\/mediagear.ee\/et\/#organization\"},\"potentialAction\":[{\"@type\":\"SearchAction\",\"target\":{\"@type\":\"EntryPoint\",\"urlTemplate\":\"https:\/\/mediagear.ee\/et\/?s={search_term_string}\"},\"query-input\":{\"@type\":\"PropertyValueSpecification\",\"valueRequired\":true,\"valueName\":\"search_term_string\"}}],\"inLanguage\":\"et\"},{\"@type\":\"Organization\",\"@id\":\"https:\/\/mediagear.ee\/et\/#organization\",\"name\":\"Mediagear\",\"url\":\"https:\/\/mediagear.ee\/et\/\",\"logo\":{\"@type\":\"ImageObject\",\"inLanguage\":\"et\",\"@id\":\"https:\/\/mediagear.ee\/et\/#\/schema\/logo\/image\/\",\"url\":\"http:\/\/mediagear.ee\/wp-content\/uploads\/2024\/05\/MediaGear-logo-transp.png\",\"contentUrl\":\"http:\/\/mediagear.ee\/wp-content\/uploads\/2024\/05\/MediaGear-logo-transp.png\",\"width\":600,\"height\":200,\"caption\":\"Mediagear\"},\"image\":{\"@id\":\"https:\/\/mediagear.ee\/et\/#\/schema\/logo\/image\/\"},\"sameAs\":[\"https:\/\/www.facebook.com\/Mediagear.ee\/\",\"https:\/\/www.instagram.com\/mediagear_ee\/\"]}]}<\/script>\n<!-- \/ Yoast SEO plugin. -->","yoast_head_json":{"title":"AVMATRIX PVS0615U multi-format 6 channel streaming video switcher - MediaGear","description":"USB capture for streaming (PVS0615U only) Portable All-In-One design with 15.6 inch FHD LCD display 6 channel inputs: 4\u00d7SDI and 2\u00d7DVI-I\/HDMI\/VGA\/US...","robots":{"index":"index","follow":"follow","max-snippet":"max-snippet:-1","max-image-preview":"max-image-preview:large","max-video-preview":"max-video-preview:-1"},"canonical":"https:\/\/mediagear.ee\/et\/toode\/avmatrix-pvs0615u-multi-format-6-channel-streaming-video-switcher\/","og_locale":"et_EE","og_type":"article","og_title":"AVMATRIX PVS0615U multi-format 6 channel streaming video switcher - MediaGear","og_description":"USB capture for streaming (PVS0615U only) Portable All-In-One design with 15.6 inch FHD LCD display 6 channel inputs: 4\u00d7SDI and 2\u00d7DVI-I\/HDMI\/VGA\/US...","og_url":"https:\/\/mediagear.ee\/et\/toode\/avmatrix-pvs0615u-multi-format-6-channel-streaming-video-switcher\/","og_site_name":"MediaGear","article_publisher":"https:\/\/www.facebook.com\/Mediagear.ee\/","article_modified_time":"2025-08-25T13:35:45+00:00","og_image":[{"width":1500,"height":1500,"url":"https:\/\/mediagear.ee\/wp-content\/uploads\/2025\/06\/AVmatrixPVS0615-1.jpg","type":"image\/jpeg"}],"twitter_card":"summary_large_image","schema":{"@context":"https:\/\/schema.org","@graph":[{"@type":"WebPage","@id":"https:\/\/mediagear.ee\/et\/toode\/avmatrix-pvs0615u-multi-format-6-channel-streaming-video-switcher\/","url":"https:\/\/mediagear.ee\/et\/toode\/avmatrix-pvs0615u-multi-format-6-channel-streaming-video-switcher\/","name":"AVMATRIX PVS0615U multi-format 6 channel streaming video switcher - MediaGear","isPartOf":{"@id":"https:\/\/mediagear.ee\/et\/#website"},"primaryImageOfPage":{"@id":"https:\/\/mediagear.ee\/et\/toode\/avmatrix-pvs0615u-multi-format-6-channel-streaming-video-switcher\/#primaryimage"},"image":{"@id":"https:\/\/mediagear.ee\/et\/toode\/avmatrix-pvs0615u-multi-format-6-channel-streaming-video-switcher\/#primaryimage"},"thumbnailUrl":"https:\/\/mediagear.ee\/wp-content\/uploads\/2025\/06\/AVmatrixPVS0615-1.jpg","datePublished":"2025-06-10T13:20:03+00:00","dateModified":"2025-08-25T13:35:45+00:00","description":"USB capture for streaming (PVS0615U only) Portable All-In-One design with 15.6 inch FHD LCD display 6 channel inputs: 4\u00d7SDI and 2\u00d7DVI-I\/HDMI\/VGA\/US...","breadcrumb":{"@id":"https:\/\/mediagear.ee\/et\/toode\/avmatrix-pvs0615u-multi-format-6-channel-streaming-video-switcher\/#breadcrumb"},"inLanguage":"et","potentialAction":[{"@type":"ReadAction","target":["https:\/\/mediagear.ee\/et\/toode\/avmatrix-pvs0615u-multi-format-6-channel-streaming-video-switcher\/"]}]},{"@type":"ImageObject","inLanguage":"et","@id":"https:\/\/mediagear.ee\/et\/toode\/avmatrix-pvs0615u-multi-format-6-channel-streaming-video-switcher\/#primaryimage","url":"https:\/\/mediagear.ee\/wp-content\/uploads\/2025\/06\/AVmatrixPVS0615-1.jpg","contentUrl":"https:\/\/mediagear.ee\/wp-content\/uploads\/2025\/06\/AVmatrixPVS0615-1.jpg","width":1500,"height":1500,"caption":"AVMATRIX PVS0615U multi-format 6 channel streaming video switcher"},{"@type":"BreadcrumbList","@id":"https:\/\/mediagear.ee\/et\/toode\/avmatrix-pvs0615u-multi-format-6-channel-streaming-video-switcher\/#breadcrumb","itemListElement":[{"@type":"ListItem","position":1,"name":"Avaleht","item":"https:\/\/mediagear.ee\/et\/"},{"@type":"ListItem","position":2,"name":"Pro video &amp; audio tehnika pood","item":"https:\/\/mediagear.ee\/et\/pood\/"},{"@type":"ListItem","position":3,"name":"SIGNAALIT\u00d6\u00d6TLUS","item":"https:\/\/mediagear.ee\/et\/tootekategooria\/signaalitootlus\/"},{"@type":"ListItem","position":4,"name":"Videomikserid","item":"https:\/\/mediagear.ee\/et\/tootekategooria\/signaalitootlus\/videomikserid\/"},{"@type":"ListItem","position":5,"name":"AVMATRIX PVS0615U multi-format 6 channel streaming video switcher"}]},{"@type":"WebSite","@id":"https:\/\/mediagear.ee\/et\/#website","url":"https:\/\/mediagear.ee\/et\/","name":"MediaGear","description":"Full-service solutions in AV equipment","publisher":{"@id":"https:\/\/mediagear.ee\/et\/#organization"},"potentialAction":[{"@type":"SearchAction","target":{"@type":"EntryPoint","urlTemplate":"https:\/\/mediagear.ee\/et\/?s={search_term_string}"},"query-input":{"@type":"PropertyValueSpecification","valueRequired":true,"valueName":"search_term_string"}}],"inLanguage":"et"},{"@type":"Organization","@id":"https:\/\/mediagear.ee\/et\/#organization","name":"Mediagear","url":"https:\/\/mediagear.ee\/et\/","logo":{"@type":"ImageObject","inLanguage":"et","@id":"https:\/\/mediagear.ee\/et\/#\/schema\/logo\/image\/","url":"http:\/\/mediagear.ee\/wp-content\/uploads\/2024\/05\/MediaGear-logo-transp.png","contentUrl":"http:\/\/mediagear.ee\/wp-content\/uploads\/2024\/05\/MediaGear-logo-transp.png","width":600,"height":200,"caption":"Mediagear"},"image":{"@id":"https:\/\/mediagear.ee\/et\/#\/schema\/logo\/image\/"},"sameAs":["https:\/\/www.facebook.com\/Mediagear.ee\/","https:\/\/www.instagram.com\/mediagear_ee\/"]}]}},"_links":{"self":[{"href":"https:\/\/mediagear.ee\/et\/wp-json\/wp\/v2\/product\/232218","targetHints":{"allow":["GET"]}}],"collection":[{"href":"https:\/\/mediagear.ee\/et\/wp-json\/wp\/v2\/product"}],"about":[{"href":"https:\/\/mediagear.ee\/et\/wp-json\/wp\/v2\/types\/product"}],"wp:featuredmedia":[{"embeddable":true,"href":"https:\/\/mediagear.ee\/et\/wp-json\/wp\/v2\/media\/238338"}],"wp:attachment":[{"href":"https:\/\/mediagear.ee\/et\/wp-json\/wp\/v2\/media?parent=232218"}],"wp:term":[{"taxonomy":"brand","embeddable":true,"href":"https:\/\/mediagear.ee\/et\/wp-json\/wp\/v2\/brand?post=232218"},{"taxonomy":"product_cat","embeddable":true,"href":"https:\/\/mediagear.ee\/et\/wp-json\/wp\/v2\/product_cat?post=232218"},{"taxonomy":"product_tag","embeddable":true,"href":"https:\/\/mediagear.ee\/et\/wp-json\/wp\/v2\/product_tag?post=232218"},{"taxonomy":"inventory","embeddable":true,"href":"https:\/\/mediagear.ee\/et\/wp-json\/wp\/v2\/inventory?post=232218"}],"curies":[{"name":"wp","href":"https:\/\/api.w.org\/{rel}","templated":true}]}}