{"id":242829,"date":"2025-07-04T13:43:06","date_gmt":"2025-07-04T11:43:06","guid":{"rendered":"http:\/\/mediagear.ee\/product\/hollyland-lark-150-single-wireless-audio-transmission-kit\/"},"modified":"2025-08-25T16:29:15","modified_gmt":"2025-08-25T13:29:15","slug":"hollyland-lark-150-single-wireless-audio-transmission-kit","status":"publish","type":"product","link":"https:\/\/mediagear.ee\/et\/toode\/hollyland-lark-150-single-wireless-audio-transmission-kit\/","title":{"rendered":"HOLLYLAND Lark 150 digitaalne raadiomikrofoni komplekt (1TX)"},"content":{"rendered":"<p>LARK 150 Solo Kit on kuluefektiivne valik vlogijatele ja filmitegijatele, kes pildistavad \u00fche esitleja re\u017eiimis. Praegu on saadaval ka \u00fcks LARK 150 saatja, mis on avatud v\u00f5imalus, et hiljem h\u00f5lpsasti uuendada Solo Kit 2-liikmeliseks duokomplektiks. LARK 150 on Hollylandi esimene 2,4 GHz digitaalne traadita mikrofonis\u00fcsteem, mis tugineb tema kogemustele traadita video\u00fclekande ja intercom-s\u00fcsteemide alal. \u00dclimalt kompaktse, klambriga disainis\u00fcsteemiga pakub alati usaldusv\u00e4\u00e4rset, professionaalset helikvaliteeti, mis on ideaalne vlogimise, YouTube&#8217;i esitluste, reklaamide, otse\u00fclekannete ja muu videosisu jaoks.<\/p>\n<h3>Peamised omadused<\/h3>\n<p><strong>1. STABIILNE JUHTMEVABA HELI\u00dcLEKANNE<\/strong>\u00a0Vabastage LARK 150 loominguline potentsiaal t\u00e4nu v\u00e4hem kui 5 ms \u00fclimadalale latentsusele ja 100 m stabiilsele traadita heli\u00fclekandele. Isegi kui signaalid on treeningute ja muude f\u00fc\u00fcsiliste tegevuste ajal osaliselt andekate poolt blokeeritud, saavutab seade ikkagi 20M \u00fclekandekauguse, mis takistab t\u00f5husalt signaali langemist.<\/p>\n<p><strong>2. \u00dcLIMALT KOMPAKTNE KONSTRUKTSIOON<\/strong>\u00a0Kinnitage maailma v\u00e4ikseim ja kergeim saatja (37x37x17,5 mm, 21 g) mis tahes krae k\u00fclge, olenemata sellest, mida kannate.<\/p>\n<p><strong>3. PROFESSIONAALNE HELIKVALITEET<\/strong>\u00a0Salvesta k\u00f5ik armastatud helid igal ajal ja igal pool. LARK 150 sisseehitatud \u00fclitundliku \u00fcmbersuunalise mikrofoni vibratsioonivastane helikamber summutab m\u00fcra, et saavutada parim helitase.<\/p>\n<p><strong>4. LAADIMISKOHVRI AUTOMAATNE SIDUMINE<\/strong>\u00a0LARK 150 kaasaskantav laadimiskohver teeb rohkem, kui te arvate. See on korpus, laadija ja sidumiskarp \u00fches. Probleemivaba ja h\u00f5lpsasti kasutatav.<\/p>\n<p><strong>5. MONO\/STEREO\/KAITSEL\u00dcLITUSEGA RAJAD<\/strong>\u00a0Valige erinevate t\u00f6\u00f6de jaoks \u00f5ige helire\u017eiim, et saada pro-heli. Valige mono-, stereo- ja ohutusraja vahel.<\/p>\n<p><strong>6. AUDIO POPPIDE ENNETAV DISAIN<\/strong>\u00a0Kas teie helis on pops? Safety track salvestab kahes kanalis, mis v\u00f5imaldab j\u00e4relt\u00f6\u00f6tlust, et k\u00f5rvaldada popid \u00fcksk\u00f5ik millise mikrofoni puhul.<\/p>\n<p><strong>7. KAHESUUNALINE VAIGISTAMINE JA REAALAJAS HELISEIRE<\/strong>\u00a0V\u00f5tke t\u00e4ielik kontroll oma heli \u00fcle, kasutades nii TX kui ka RX-i puhul k\u00e4ttesaadavat mute-funktsiooni ja kohapealse salvestuse reaalajas j\u00e4lgimist igal ajal filmimise ajal.<\/p>\n<p>&nbsp;<\/p>\n<p>&nbsp;<\/p>\n<p><strong>Karbis<\/strong><\/p>\n<ul>\n<li>Laadimiskohver x 1<\/li>\n<li>Saatja x 1<\/li>\n<li>Vastuv\u00f5tja x 1<\/li>\n<li>Karvane tuuleklaas x 1<\/li>\n<li>3,5 mm TRS \u00fchenduskaabel x 1<\/li>\n<li>3,5 mm TRS- TRRS \u00fchenduskaabel x 1<\/li>\n<li>USB Type-A Type-C kaabel x 1<\/li>\n<li>Lavalier mikrofon x 1<\/li>\n<li>Kasutusjuhend x 1<\/li>\n<li>Hoiukott x 1<\/li>\n<\/ul>\n","protected":false},"excerpt":{"rendered":"<p>Juhtmevaba mikrofonis\u00fcsteem \u00fchele inimesele.<\/p>\n","protected":false},"featured_media":243986,"template":"","meta":{"_acf_changed":false},"brand":[4425],"product_cat":[5246],"product_tag":[],"inventory":[],"class_list":{"0":"post-242829","1":"product","2":"type-product","3":"status-publish","4":"has-post-thumbnail","6":"brand-hollyland-et","7":"product_cat-mikrofonid","9":"first","10":"onbackorder","11":"taxable","12":"shipping-taxable","13":"purchasable","14":"product-type-simple"},"acf":[],"yoast_head":"<!-- This site is optimized with the Yoast SEO plugin v27.1.1 - https:\/\/yoast.com\/product\/yoast-seo-wordpress\/ -->\n<title>HOLLYLAND Lark 150 digitaalne raadiomikrofoni komplekt (1TX) - MediaGear<\/title>\n<meta name=\"description\" content=\"Juhtmevaba mikrofonis\u00fcsteem \u00fchele inimesele....\" \/>\n<meta name=\"robots\" content=\"index, follow, max-snippet:-1, max-image-preview:large, max-video-preview:-1\" \/>\n<link rel=\"canonical\" href=\"https:\/\/mediagear.ee\/et\/toode\/hollyland-lark-150-single-wireless-audio-transmission-kit\/\" \/>\n<meta property=\"og:locale\" content=\"et_EE\" \/>\n<meta property=\"og:type\" content=\"article\" \/>\n<meta property=\"og:title\" content=\"HOLLYLAND Lark 150 digitaalne raadiomikrofoni komplekt (1TX) - MediaGear\" \/>\n<meta property=\"og:description\" content=\"Juhtmevaba mikrofonis\u00fcsteem \u00fchele inimesele....\" \/>\n<meta property=\"og:url\" content=\"https:\/\/mediagear.ee\/et\/toode\/hollyland-lark-150-single-wireless-audio-transmission-kit\/\" \/>\n<meta property=\"og:site_name\" content=\"MediaGear\" \/>\n<meta property=\"article:publisher\" content=\"https:\/\/www.facebook.com\/Mediagear.ee\/\" \/>\n<meta property=\"article:modified_time\" content=\"2025-08-25T13:29:15+00:00\" \/>\n<meta property=\"og:image\" content=\"https:\/\/mediagear.ee\/wp-content\/uploads\/2025\/07\/800q-01_116399-2.png\" \/>\n\t<meta property=\"og:image:width\" content=\"800\" \/>\n\t<meta property=\"og:image:height\" content=\"339\" \/>\n\t<meta property=\"og:image:type\" content=\"image\/png\" \/>\n<meta name=\"twitter:card\" content=\"summary_large_image\" \/>\n<meta name=\"twitter:label1\" content=\"Est. reading time\" \/>\n\t<meta name=\"twitter:data1\" content=\"2 minutit\" \/>\n<script type=\"application\/ld+json\" class=\"yoast-schema-graph\">{\"@context\":\"https:\/\/schema.org\",\"@graph\":[{\"@type\":\"WebPage\",\"@id\":\"https:\/\/mediagear.ee\/et\/toode\/hollyland-lark-150-single-wireless-audio-transmission-kit\/\",\"url\":\"https:\/\/mediagear.ee\/et\/toode\/hollyland-lark-150-single-wireless-audio-transmission-kit\/\",\"name\":\"HOLLYLAND Lark 150 digitaalne raadiomikrofoni komplekt (1TX) - MediaGear\",\"isPartOf\":{\"@id\":\"https:\/\/mediagear.ee\/et\/#website\"},\"primaryImageOfPage\":{\"@id\":\"https:\/\/mediagear.ee\/et\/toode\/hollyland-lark-150-single-wireless-audio-transmission-kit\/#primaryimage\"},\"image\":{\"@id\":\"https:\/\/mediagear.ee\/et\/toode\/hollyland-lark-150-single-wireless-audio-transmission-kit\/#primaryimage\"},\"thumbnailUrl\":\"https:\/\/mediagear.ee\/wp-content\/uploads\/2025\/07\/800q-01_116399-2.png\",\"datePublished\":\"2025-07-04T11:43:06+00:00\",\"dateModified\":\"2025-08-25T13:29:15+00:00\",\"description\":\"Juhtmevaba mikrofonis\u00fcsteem \u00fchele inimesele....\",\"breadcrumb\":{\"@id\":\"https:\/\/mediagear.ee\/et\/toode\/hollyland-lark-150-single-wireless-audio-transmission-kit\/#breadcrumb\"},\"inLanguage\":\"et\",\"potentialAction\":[{\"@type\":\"ReadAction\",\"target\":[\"https:\/\/mediagear.ee\/et\/toode\/hollyland-lark-150-single-wireless-audio-transmission-kit\/\"]}]},{\"@type\":\"ImageObject\",\"inLanguage\":\"et\",\"@id\":\"https:\/\/mediagear.ee\/et\/toode\/hollyland-lark-150-single-wireless-audio-transmission-kit\/#primaryimage\",\"url\":\"https:\/\/mediagear.ee\/wp-content\/uploads\/2025\/07\/800q-01_116399-2.png\",\"contentUrl\":\"https:\/\/mediagear.ee\/wp-content\/uploads\/2025\/07\/800q-01_116399-2.png\",\"width\":800,\"height\":339,\"caption\":\"HOLLYLAND Lark 150 digitaalne raadiomikrofoni komplekt (1TX)\"},{\"@type\":\"BreadcrumbList\",\"@id\":\"https:\/\/mediagear.ee\/et\/toode\/hollyland-lark-150-single-wireless-audio-transmission-kit\/#breadcrumb\",\"itemListElement\":[{\"@type\":\"ListItem\",\"position\":1,\"name\":\"Avaleht\",\"item\":\"https:\/\/mediagear.ee\/et\/\"},{\"@type\":\"ListItem\",\"position\":2,\"name\":\"Pro video &amp; audio tehnika pood\",\"item\":\"https:\/\/mediagear.ee\/et\/pood\/\"},{\"@type\":\"ListItem\",\"position\":3,\"name\":\"AUDIO\",\"item\":\"https:\/\/mediagear.ee\/et\/tootekategooria\/audio-et\/\"},{\"@type\":\"ListItem\",\"position\":4,\"name\":\"Mikrofonid\",\"item\":\"https:\/\/mediagear.ee\/et\/tootekategooria\/audio-et\/mikrofonid\/\"},{\"@type\":\"ListItem\",\"position\":5,\"name\":\"HOLLYLAND Lark 150 digitaalne raadiomikrofoni komplekt (1TX)\"}]},{\"@type\":\"WebSite\",\"@id\":\"https:\/\/mediagear.ee\/et\/#website\",\"url\":\"https:\/\/mediagear.ee\/et\/\",\"name\":\"MediaGear\",\"description\":\"Full-service solutions in AV equipment\",\"publisher\":{\"@id\":\"https:\/\/mediagear.ee\/et\/#organization\"},\"potentialAction\":[{\"@type\":\"SearchAction\",\"target\":{\"@type\":\"EntryPoint\",\"urlTemplate\":\"https:\/\/mediagear.ee\/et\/?s={search_term_string}\"},\"query-input\":{\"@type\":\"PropertyValueSpecification\",\"valueRequired\":true,\"valueName\":\"search_term_string\"}}],\"inLanguage\":\"et\"},{\"@type\":\"Organization\",\"@id\":\"https:\/\/mediagear.ee\/et\/#organization\",\"name\":\"Mediagear\",\"url\":\"https:\/\/mediagear.ee\/et\/\",\"logo\":{\"@type\":\"ImageObject\",\"inLanguage\":\"et\",\"@id\":\"https:\/\/mediagear.ee\/et\/#\/schema\/logo\/image\/\",\"url\":\"http:\/\/mediagear.ee\/wp-content\/uploads\/2024\/05\/MediaGear-logo-transp.png\",\"contentUrl\":\"http:\/\/mediagear.ee\/wp-content\/uploads\/2024\/05\/MediaGear-logo-transp.png\",\"width\":600,\"height\":200,\"caption\":\"Mediagear\"},\"image\":{\"@id\":\"https:\/\/mediagear.ee\/et\/#\/schema\/logo\/image\/\"},\"sameAs\":[\"https:\/\/www.facebook.com\/Mediagear.ee\/\",\"https:\/\/www.instagram.com\/mediagear_ee\/\"]}]}<\/script>\n<!-- \/ Yoast SEO plugin. -->","yoast_head_json":{"title":"HOLLYLAND Lark 150 digitaalne raadiomikrofoni komplekt (1TX) - MediaGear","description":"Juhtmevaba mikrofonis\u00fcsteem \u00fchele inimesele....","robots":{"index":"index","follow":"follow","max-snippet":"max-snippet:-1","max-image-preview":"max-image-preview:large","max-video-preview":"max-video-preview:-1"},"canonical":"https:\/\/mediagear.ee\/et\/toode\/hollyland-lark-150-single-wireless-audio-transmission-kit\/","og_locale":"et_EE","og_type":"article","og_title":"HOLLYLAND Lark 150 digitaalne raadiomikrofoni komplekt (1TX) - MediaGear","og_description":"Juhtmevaba mikrofonis\u00fcsteem \u00fchele inimesele....","og_url":"https:\/\/mediagear.ee\/et\/toode\/hollyland-lark-150-single-wireless-audio-transmission-kit\/","og_site_name":"MediaGear","article_publisher":"https:\/\/www.facebook.com\/Mediagear.ee\/","article_modified_time":"2025-08-25T13:29:15+00:00","og_image":[{"width":800,"height":339,"url":"https:\/\/mediagear.ee\/wp-content\/uploads\/2025\/07\/800q-01_116399-2.png","type":"image\/png"}],"twitter_card":"summary_large_image","twitter_misc":{"Est. reading time":"2 minutit"},"schema":{"@context":"https:\/\/schema.org","@graph":[{"@type":"WebPage","@id":"https:\/\/mediagear.ee\/et\/toode\/hollyland-lark-150-single-wireless-audio-transmission-kit\/","url":"https:\/\/mediagear.ee\/et\/toode\/hollyland-lark-150-single-wireless-audio-transmission-kit\/","name":"HOLLYLAND Lark 150 digitaalne raadiomikrofoni komplekt (1TX) - MediaGear","isPartOf":{"@id":"https:\/\/mediagear.ee\/et\/#website"},"primaryImageOfPage":{"@id":"https:\/\/mediagear.ee\/et\/toode\/hollyland-lark-150-single-wireless-audio-transmission-kit\/#primaryimage"},"image":{"@id":"https:\/\/mediagear.ee\/et\/toode\/hollyland-lark-150-single-wireless-audio-transmission-kit\/#primaryimage"},"thumbnailUrl":"https:\/\/mediagear.ee\/wp-content\/uploads\/2025\/07\/800q-01_116399-2.png","datePublished":"2025-07-04T11:43:06+00:00","dateModified":"2025-08-25T13:29:15+00:00","description":"Juhtmevaba mikrofonis\u00fcsteem \u00fchele inimesele....","breadcrumb":{"@id":"https:\/\/mediagear.ee\/et\/toode\/hollyland-lark-150-single-wireless-audio-transmission-kit\/#breadcrumb"},"inLanguage":"et","potentialAction":[{"@type":"ReadAction","target":["https:\/\/mediagear.ee\/et\/toode\/hollyland-lark-150-single-wireless-audio-transmission-kit\/"]}]},{"@type":"ImageObject","inLanguage":"et","@id":"https:\/\/mediagear.ee\/et\/toode\/hollyland-lark-150-single-wireless-audio-transmission-kit\/#primaryimage","url":"https:\/\/mediagear.ee\/wp-content\/uploads\/2025\/07\/800q-01_116399-2.png","contentUrl":"https:\/\/mediagear.ee\/wp-content\/uploads\/2025\/07\/800q-01_116399-2.png","width":800,"height":339,"caption":"HOLLYLAND Lark 150 digitaalne raadiomikrofoni komplekt (1TX)"},{"@type":"BreadcrumbList","@id":"https:\/\/mediagear.ee\/et\/toode\/hollyland-lark-150-single-wireless-audio-transmission-kit\/#breadcrumb","itemListElement":[{"@type":"ListItem","position":1,"name":"Avaleht","item":"https:\/\/mediagear.ee\/et\/"},{"@type":"ListItem","position":2,"name":"Pro video &amp; audio tehnika pood","item":"https:\/\/mediagear.ee\/et\/pood\/"},{"@type":"ListItem","position":3,"name":"AUDIO","item":"https:\/\/mediagear.ee\/et\/tootekategooria\/audio-et\/"},{"@type":"ListItem","position":4,"name":"Mikrofonid","item":"https:\/\/mediagear.ee\/et\/tootekategooria\/audio-et\/mikrofonid\/"},{"@type":"ListItem","position":5,"name":"HOLLYLAND Lark 150 digitaalne raadiomikrofoni komplekt (1TX)"}]},{"@type":"WebSite","@id":"https:\/\/mediagear.ee\/et\/#website","url":"https:\/\/mediagear.ee\/et\/","name":"MediaGear","description":"Full-service solutions in AV equipment","publisher":{"@id":"https:\/\/mediagear.ee\/et\/#organization"},"potentialAction":[{"@type":"SearchAction","target":{"@type":"EntryPoint","urlTemplate":"https:\/\/mediagear.ee\/et\/?s={search_term_string}"},"query-input":{"@type":"PropertyValueSpecification","valueRequired":true,"valueName":"search_term_string"}}],"inLanguage":"et"},{"@type":"Organization","@id":"https:\/\/mediagear.ee\/et\/#organization","name":"Mediagear","url":"https:\/\/mediagear.ee\/et\/","logo":{"@type":"ImageObject","inLanguage":"et","@id":"https:\/\/mediagear.ee\/et\/#\/schema\/logo\/image\/","url":"http:\/\/mediagear.ee\/wp-content\/uploads\/2024\/05\/MediaGear-logo-transp.png","contentUrl":"http:\/\/mediagear.ee\/wp-content\/uploads\/2024\/05\/MediaGear-logo-transp.png","width":600,"height":200,"caption":"Mediagear"},"image":{"@id":"https:\/\/mediagear.ee\/et\/#\/schema\/logo\/image\/"},"sameAs":["https:\/\/www.facebook.com\/Mediagear.ee\/","https:\/\/www.instagram.com\/mediagear_ee\/"]}]}},"_links":{"self":[{"href":"https:\/\/mediagear.ee\/et\/wp-json\/wp\/v2\/product\/242829","targetHints":{"allow":["GET"]}}],"collection":[{"href":"https:\/\/mediagear.ee\/et\/wp-json\/wp\/v2\/product"}],"about":[{"href":"https:\/\/mediagear.ee\/et\/wp-json\/wp\/v2\/types\/product"}],"wp:featuredmedia":[{"embeddable":true,"href":"https:\/\/mediagear.ee\/et\/wp-json\/wp\/v2\/media\/243986"}],"wp:attachment":[{"href":"https:\/\/mediagear.ee\/et\/wp-json\/wp\/v2\/media?parent=242829"}],"wp:term":[{"taxonomy":"brand","embeddable":true,"href":"https:\/\/mediagear.ee\/et\/wp-json\/wp\/v2\/brand?post=242829"},{"taxonomy":"product_cat","embeddable":true,"href":"https:\/\/mediagear.ee\/et\/wp-json\/wp\/v2\/product_cat?post=242829"},{"taxonomy":"product_tag","embeddable":true,"href":"https:\/\/mediagear.ee\/et\/wp-json\/wp\/v2\/product_tag?post=242829"},{"taxonomy":"inventory","embeddable":true,"href":"https:\/\/mediagear.ee\/et\/wp-json\/wp\/v2\/inventory?post=242829"}],"curies":[{"name":"wp","href":"https:\/\/api.w.org\/{rel}","templated":true}]}}