{"id":258187,"date":"2025-08-13T14:43:16","date_gmt":"2025-08-13T11:43:16","guid":{"rendered":"http:\/\/mediagear.ee\/product\/smallrig-4063-v-mount-battery-mount-plate-kit-advanced\/"},"modified":"2025-12-02T15:32:09","modified_gmt":"2025-12-02T13:32:09","slug":"smallrig-4063-v-mount-battery-mount-plate-kit-advanced","status":"publish","type":"product","link":"https:\/\/mediagear.ee\/et\/toode\/smallrig-4063-v-mount-battery-mount-plate-kit-advanced\/","title":{"rendered":"SMALLRIG 4063 V-Mount Battery Mount Plate Kit (Advanced)"},"content":{"rendered":"<p><strong>SmallRig 4063 V-Mount aku paigaldusplaadi komplekt (t\u00e4iustatud)<\/strong><\/p>\n<p>Eelk\u00f5ige saab alusplaati venitada, et see sobiks eri suurusega peegelkaameratele \/ DSLR-kaameratele, mida aitab t\u00f6\u00f6riistavaba paigaldamine ja reguleerimine &#8211; kiire ja aja kokkuhoid.<\/p>\n<p>Lisaks igale sisseehitatud Arca-t\u00fc\u00fcpi plaadiga puuri saab Arca Swiss kiirp\u00e4\u00e4steplaadi kaudu toetada otse kaamerat ja DJI RS-seeria kardaanid.<\/p>\n<p>V-mount akuplaat, millel on 1\/4&#8243;-20 keermega augud ja V-mount plaat.<\/p>\n<p>Rohkemate toiteallikate lahenduste pakkumiseks v\u00f5ite lisada SmallRig NP-F akuadapterplaadi Professional Edition <strong>3168<\/strong> (m\u00fc\u00fcakse eraldi) ja kandvate akupankade hoidja <strong>2336<\/strong> (m\u00fc\u00fcakse eraldi).<\/p>\n<p>T\u00e4nu alumisele Arca-t\u00fc\u00fcpi plaadile on ka vahetamine k\u00e4est pildistamise ja statiivi pildistamise vahel lihtsam.<\/p>\n<p>90 kraadi v\u00f5rra p\u00f6\u00f6ratav V-paigaldusega akuplaat j\u00e4tab piisavalt ruumi klappekraani jaoks, kusjuures p\u00f6\u00f6rdepunktide summutus takistab seadme kukkumist. Seda saab kokku voltida, et suurendada kompaktsust ja kaasaskantavust.<\/p>\n<p>Lisaks on 15 mm varraste otsas rinnapadi, mis tagab stabiilsuse k\u00e4est pildistamisel.<\/p>\n<p><strong>M\u00e4rkus:<\/strong><br \/>\nKandev\u00f5ime: 5kg<\/p>\n<p><strong>Sobivus:<\/strong><br \/>\nN\u00e4iteks peeglita \/ DSLR kaamerad, mille paksus on alla 111mm:<br \/>\nSony Alpha 7R V \/ Alpha 7 IV \/ Alpha 7S III \/ Alpha 7C \/ FX3 \/ FX30<br \/>\nCanon EOS R5 C \/ R5 \/ R6 \/ R6 Mark II \/ R7 \/ R10 \/ R \/ RP<br \/>\nPanasonic LUMIX S1H \/ S1R \/ S1 \/ S1 \/ S5 \/ S5 II \/ GH6 \/ GH5<\/p>\n<p><strong>Pakett sisaldab:<\/strong><br \/>\n1x V-mount akuplaat<br \/>\n1x Arca-Swiss kiirkinnitusplaat<br \/>\n1x V-kinnitusplaat<br \/>\n2x 15mm varras<br \/>\n1x rinnapadi<\/p>\n","protected":false},"excerpt":{"rendered":"<p>Represents a compact, lightweight, convenient, all-in-one mounting solution for V-mount battery. The kit consists of a V-mount battery plate, an Arca-type quick-release plate, a V-mount plate, 15mm rods, and a chest pad.<\/p>\n","protected":false},"featured_media":253951,"template":"","meta":{"_acf_changed":false},"brand":[4492],"product_cat":[5266],"product_tag":[],"inventory":[],"class_list":{"0":"post-258187","1":"product","2":"type-product","3":"status-publish","4":"has-post-thumbnail","6":"brand-smallrig-et","7":"product_cat-kaamerate-lisaseadmed","9":"first","10":"onbackorder","11":"taxable","12":"shipping-taxable","13":"purchasable","14":"product-type-simple"},"acf":[],"yoast_head":"<!-- This site is optimized with the Yoast SEO plugin v27.1.1 - https:\/\/yoast.com\/product\/yoast-seo-wordpress\/ -->\n<title>SMALLRIG 4063 V-Mount Battery Mount Plate Kit (Advanced) - MediaGear<\/title>\n<meta name=\"description\" content=\"Represents a compact, lightweight, convenient, all-in-one mounting solution for V-mount battery. The kit consists of a V-mount battery plate, an Ar...\" \/>\n<meta name=\"robots\" content=\"index, follow, max-snippet:-1, max-image-preview:large, max-video-preview:-1\" \/>\n<link rel=\"canonical\" href=\"https:\/\/mediagear.ee\/et\/toode\/smallrig-4063-v-mount-battery-mount-plate-kit-advanced\/\" \/>\n<meta property=\"og:locale\" content=\"et_EE\" \/>\n<meta property=\"og:type\" content=\"article\" \/>\n<meta property=\"og:title\" content=\"SMALLRIG 4063 V-Mount Battery Mount Plate Kit (Advanced) - MediaGear\" \/>\n<meta property=\"og:description\" content=\"Represents a compact, lightweight, convenient, all-in-one mounting solution for V-mount battery. The kit consists of a V-mount battery plate, an Ar...\" \/>\n<meta property=\"og:url\" content=\"https:\/\/mediagear.ee\/et\/toode\/smallrig-4063-v-mount-battery-mount-plate-kit-advanced\/\" \/>\n<meta property=\"og:site_name\" content=\"MediaGear\" \/>\n<meta property=\"article:publisher\" content=\"https:\/\/www.facebook.com\/Mediagear.ee\/\" \/>\n<meta property=\"article:modified_time\" content=\"2025-12-02T13:32:09+00:00\" \/>\n<meta property=\"og:image\" content=\"https:\/\/mediagear.ee\/wp-content\/uploads\/2025\/08\/SMALLRIG-4063-V-Mount-Battery-Mount-Plate-Kit-Advanced.png\" \/>\n\t<meta property=\"og:image:width\" content=\"800\" \/>\n\t<meta property=\"og:image:height\" content=\"789\" \/>\n\t<meta property=\"og:image:type\" content=\"image\/png\" \/>\n<meta name=\"twitter:card\" content=\"summary_large_image\" \/>\n<meta name=\"twitter:label1\" content=\"Est. reading time\" \/>\n\t<meta name=\"twitter:data1\" content=\"1 minut\" \/>\n<script type=\"application\/ld+json\" class=\"yoast-schema-graph\">{\"@context\":\"https:\/\/schema.org\",\"@graph\":[{\"@type\":\"WebPage\",\"@id\":\"https:\/\/mediagear.ee\/et\/toode\/smallrig-4063-v-mount-battery-mount-plate-kit-advanced\/\",\"url\":\"https:\/\/mediagear.ee\/et\/toode\/smallrig-4063-v-mount-battery-mount-plate-kit-advanced\/\",\"name\":\"SMALLRIG 4063 V-Mount Battery Mount Plate Kit (Advanced) - MediaGear\",\"isPartOf\":{\"@id\":\"https:\/\/mediagear.ee\/et\/#website\"},\"primaryImageOfPage\":{\"@id\":\"https:\/\/mediagear.ee\/et\/toode\/smallrig-4063-v-mount-battery-mount-plate-kit-advanced\/#primaryimage\"},\"image\":{\"@id\":\"https:\/\/mediagear.ee\/et\/toode\/smallrig-4063-v-mount-battery-mount-plate-kit-advanced\/#primaryimage\"},\"thumbnailUrl\":\"https:\/\/mediagear.ee\/wp-content\/uploads\/2025\/08\/SMALLRIG-4063-V-Mount-Battery-Mount-Plate-Kit-Advanced.png\",\"datePublished\":\"2025-08-13T11:43:16+00:00\",\"dateModified\":\"2025-12-02T13:32:09+00:00\",\"description\":\"Represents a compact, lightweight, convenient, all-in-one mounting solution for V-mount battery. The kit consists of a V-mount battery plate, an Ar...\",\"breadcrumb\":{\"@id\":\"https:\/\/mediagear.ee\/et\/toode\/smallrig-4063-v-mount-battery-mount-plate-kit-advanced\/#breadcrumb\"},\"inLanguage\":\"et\",\"potentialAction\":[{\"@type\":\"ReadAction\",\"target\":[\"https:\/\/mediagear.ee\/et\/toode\/smallrig-4063-v-mount-battery-mount-plate-kit-advanced\/\"]}]},{\"@type\":\"ImageObject\",\"inLanguage\":\"et\",\"@id\":\"https:\/\/mediagear.ee\/et\/toode\/smallrig-4063-v-mount-battery-mount-plate-kit-advanced\/#primaryimage\",\"url\":\"https:\/\/mediagear.ee\/wp-content\/uploads\/2025\/08\/SMALLRIG-4063-V-Mount-Battery-Mount-Plate-Kit-Advanced.png\",\"contentUrl\":\"https:\/\/mediagear.ee\/wp-content\/uploads\/2025\/08\/SMALLRIG-4063-V-Mount-Battery-Mount-Plate-Kit-Advanced.png\",\"width\":800,\"height\":789,\"caption\":\"SMALLRIG 4063 V-Mount Battery Mount Plate Kit (Advanced)\"},{\"@type\":\"BreadcrumbList\",\"@id\":\"https:\/\/mediagear.ee\/et\/toode\/smallrig-4063-v-mount-battery-mount-plate-kit-advanced\/#breadcrumb\",\"itemListElement\":[{\"@type\":\"ListItem\",\"position\":1,\"name\":\"Avaleht\",\"item\":\"https:\/\/mediagear.ee\/et\/\"},{\"@type\":\"ListItem\",\"position\":2,\"name\":\"Pro video &amp; audio tehnika pood\",\"item\":\"https:\/\/mediagear.ee\/et\/pood\/\"},{\"@type\":\"ListItem\",\"position\":3,\"name\":\"KAAMERAD\",\"item\":\"https:\/\/mediagear.ee\/et\/tootekategooria\/kaamerad\/\"},{\"@type\":\"ListItem\",\"position\":4,\"name\":\"Kaamerate lisaseadmed\",\"item\":\"https:\/\/mediagear.ee\/et\/tootekategooria\/kaamerad\/kaamerate-lisaseadmed\/\"},{\"@type\":\"ListItem\",\"position\":5,\"name\":\"SMALLRIG 4063 V-Mount Battery Mount Plate Kit (Advanced)\"}]},{\"@type\":\"WebSite\",\"@id\":\"https:\/\/mediagear.ee\/et\/#website\",\"url\":\"https:\/\/mediagear.ee\/et\/\",\"name\":\"MediaGear\",\"description\":\"Full-service solutions in AV equipment\",\"publisher\":{\"@id\":\"https:\/\/mediagear.ee\/et\/#organization\"},\"potentialAction\":[{\"@type\":\"SearchAction\",\"target\":{\"@type\":\"EntryPoint\",\"urlTemplate\":\"https:\/\/mediagear.ee\/et\/?s={search_term_string}\"},\"query-input\":{\"@type\":\"PropertyValueSpecification\",\"valueRequired\":true,\"valueName\":\"search_term_string\"}}],\"inLanguage\":\"et\"},{\"@type\":\"Organization\",\"@id\":\"https:\/\/mediagear.ee\/et\/#organization\",\"name\":\"Mediagear\",\"url\":\"https:\/\/mediagear.ee\/et\/\",\"logo\":{\"@type\":\"ImageObject\",\"inLanguage\":\"et\",\"@id\":\"https:\/\/mediagear.ee\/et\/#\/schema\/logo\/image\/\",\"url\":\"http:\/\/mediagear.ee\/wp-content\/uploads\/2024\/05\/MediaGear-logo-transp.png\",\"contentUrl\":\"http:\/\/mediagear.ee\/wp-content\/uploads\/2024\/05\/MediaGear-logo-transp.png\",\"width\":600,\"height\":200,\"caption\":\"Mediagear\"},\"image\":{\"@id\":\"https:\/\/mediagear.ee\/et\/#\/schema\/logo\/image\/\"},\"sameAs\":[\"https:\/\/www.facebook.com\/Mediagear.ee\/\",\"https:\/\/www.instagram.com\/mediagear_ee\/\"]}]}<\/script>\n<!-- \/ Yoast SEO plugin. -->","yoast_head_json":{"title":"SMALLRIG 4063 V-Mount Battery Mount Plate Kit (Advanced) - MediaGear","description":"Represents a compact, lightweight, convenient, all-in-one mounting solution for V-mount battery. The kit consists of a V-mount battery plate, an Ar...","robots":{"index":"index","follow":"follow","max-snippet":"max-snippet:-1","max-image-preview":"max-image-preview:large","max-video-preview":"max-video-preview:-1"},"canonical":"https:\/\/mediagear.ee\/et\/toode\/smallrig-4063-v-mount-battery-mount-plate-kit-advanced\/","og_locale":"et_EE","og_type":"article","og_title":"SMALLRIG 4063 V-Mount Battery Mount Plate Kit (Advanced) - MediaGear","og_description":"Represents a compact, lightweight, convenient, all-in-one mounting solution for V-mount battery. The kit consists of a V-mount battery plate, an Ar...","og_url":"https:\/\/mediagear.ee\/et\/toode\/smallrig-4063-v-mount-battery-mount-plate-kit-advanced\/","og_site_name":"MediaGear","article_publisher":"https:\/\/www.facebook.com\/Mediagear.ee\/","article_modified_time":"2025-12-02T13:32:09+00:00","og_image":[{"width":800,"height":789,"url":"https:\/\/mediagear.ee\/wp-content\/uploads\/2025\/08\/SMALLRIG-4063-V-Mount-Battery-Mount-Plate-Kit-Advanced.png","type":"image\/png"}],"twitter_card":"summary_large_image","twitter_misc":{"Est. reading time":"1 minut"},"schema":{"@context":"https:\/\/schema.org","@graph":[{"@type":"WebPage","@id":"https:\/\/mediagear.ee\/et\/toode\/smallrig-4063-v-mount-battery-mount-plate-kit-advanced\/","url":"https:\/\/mediagear.ee\/et\/toode\/smallrig-4063-v-mount-battery-mount-plate-kit-advanced\/","name":"SMALLRIG 4063 V-Mount Battery Mount Plate Kit (Advanced) - MediaGear","isPartOf":{"@id":"https:\/\/mediagear.ee\/et\/#website"},"primaryImageOfPage":{"@id":"https:\/\/mediagear.ee\/et\/toode\/smallrig-4063-v-mount-battery-mount-plate-kit-advanced\/#primaryimage"},"image":{"@id":"https:\/\/mediagear.ee\/et\/toode\/smallrig-4063-v-mount-battery-mount-plate-kit-advanced\/#primaryimage"},"thumbnailUrl":"https:\/\/mediagear.ee\/wp-content\/uploads\/2025\/08\/SMALLRIG-4063-V-Mount-Battery-Mount-Plate-Kit-Advanced.png","datePublished":"2025-08-13T11:43:16+00:00","dateModified":"2025-12-02T13:32:09+00:00","description":"Represents a compact, lightweight, convenient, all-in-one mounting solution for V-mount battery. The kit consists of a V-mount battery plate, an Ar...","breadcrumb":{"@id":"https:\/\/mediagear.ee\/et\/toode\/smallrig-4063-v-mount-battery-mount-plate-kit-advanced\/#breadcrumb"},"inLanguage":"et","potentialAction":[{"@type":"ReadAction","target":["https:\/\/mediagear.ee\/et\/toode\/smallrig-4063-v-mount-battery-mount-plate-kit-advanced\/"]}]},{"@type":"ImageObject","inLanguage":"et","@id":"https:\/\/mediagear.ee\/et\/toode\/smallrig-4063-v-mount-battery-mount-plate-kit-advanced\/#primaryimage","url":"https:\/\/mediagear.ee\/wp-content\/uploads\/2025\/08\/SMALLRIG-4063-V-Mount-Battery-Mount-Plate-Kit-Advanced.png","contentUrl":"https:\/\/mediagear.ee\/wp-content\/uploads\/2025\/08\/SMALLRIG-4063-V-Mount-Battery-Mount-Plate-Kit-Advanced.png","width":800,"height":789,"caption":"SMALLRIG 4063 V-Mount Battery Mount Plate Kit (Advanced)"},{"@type":"BreadcrumbList","@id":"https:\/\/mediagear.ee\/et\/toode\/smallrig-4063-v-mount-battery-mount-plate-kit-advanced\/#breadcrumb","itemListElement":[{"@type":"ListItem","position":1,"name":"Avaleht","item":"https:\/\/mediagear.ee\/et\/"},{"@type":"ListItem","position":2,"name":"Pro video &amp; audio tehnika pood","item":"https:\/\/mediagear.ee\/et\/pood\/"},{"@type":"ListItem","position":3,"name":"KAAMERAD","item":"https:\/\/mediagear.ee\/et\/tootekategooria\/kaamerad\/"},{"@type":"ListItem","position":4,"name":"Kaamerate lisaseadmed","item":"https:\/\/mediagear.ee\/et\/tootekategooria\/kaamerad\/kaamerate-lisaseadmed\/"},{"@type":"ListItem","position":5,"name":"SMALLRIG 4063 V-Mount Battery Mount Plate Kit (Advanced)"}]},{"@type":"WebSite","@id":"https:\/\/mediagear.ee\/et\/#website","url":"https:\/\/mediagear.ee\/et\/","name":"MediaGear","description":"Full-service solutions in AV equipment","publisher":{"@id":"https:\/\/mediagear.ee\/et\/#organization"},"potentialAction":[{"@type":"SearchAction","target":{"@type":"EntryPoint","urlTemplate":"https:\/\/mediagear.ee\/et\/?s={search_term_string}"},"query-input":{"@type":"PropertyValueSpecification","valueRequired":true,"valueName":"search_term_string"}}],"inLanguage":"et"},{"@type":"Organization","@id":"https:\/\/mediagear.ee\/et\/#organization","name":"Mediagear","url":"https:\/\/mediagear.ee\/et\/","logo":{"@type":"ImageObject","inLanguage":"et","@id":"https:\/\/mediagear.ee\/et\/#\/schema\/logo\/image\/","url":"http:\/\/mediagear.ee\/wp-content\/uploads\/2024\/05\/MediaGear-logo-transp.png","contentUrl":"http:\/\/mediagear.ee\/wp-content\/uploads\/2024\/05\/MediaGear-logo-transp.png","width":600,"height":200,"caption":"Mediagear"},"image":{"@id":"https:\/\/mediagear.ee\/et\/#\/schema\/logo\/image\/"},"sameAs":["https:\/\/www.facebook.com\/Mediagear.ee\/","https:\/\/www.instagram.com\/mediagear_ee\/"]}]}},"_links":{"self":[{"href":"https:\/\/mediagear.ee\/et\/wp-json\/wp\/v2\/product\/258187","targetHints":{"allow":["GET"]}}],"collection":[{"href":"https:\/\/mediagear.ee\/et\/wp-json\/wp\/v2\/product"}],"about":[{"href":"https:\/\/mediagear.ee\/et\/wp-json\/wp\/v2\/types\/product"}],"wp:featuredmedia":[{"embeddable":true,"href":"https:\/\/mediagear.ee\/et\/wp-json\/wp\/v2\/media\/253951"}],"wp:attachment":[{"href":"https:\/\/mediagear.ee\/et\/wp-json\/wp\/v2\/media?parent=258187"}],"wp:term":[{"taxonomy":"brand","embeddable":true,"href":"https:\/\/mediagear.ee\/et\/wp-json\/wp\/v2\/brand?post=258187"},{"taxonomy":"product_cat","embeddable":true,"href":"https:\/\/mediagear.ee\/et\/wp-json\/wp\/v2\/product_cat?post=258187"},{"taxonomy":"product_tag","embeddable":true,"href":"https:\/\/mediagear.ee\/et\/wp-json\/wp\/v2\/product_tag?post=258187"},{"taxonomy":"inventory","embeddable":true,"href":"https:\/\/mediagear.ee\/et\/wp-json\/wp\/v2\/inventory?post=258187"}],"curies":[{"name":"wp","href":"https:\/\/api.w.org\/{rel}","templated":true}]}}