{"id":258192,"date":"2025-08-13T14:41:30","date_gmt":"2025-08-13T11:41:30","guid":{"rendered":"http:\/\/mediagear.ee\/product\/smallrig-4064-compact-v-mount-battery-mounting-system\/"},"modified":"2025-12-02T15:32:09","modified_gmt":"2025-12-02T13:32:09","slug":"smallrig-4064-compact-v-mount-battery-mounting-system","status":"publish","type":"product","link":"https:\/\/mediagear.ee\/et\/toode\/smallrig-4064-compact-v-mount-battery-mounting-system\/","title":{"rendered":"SMALLRIG 4064 Compact V-Mount Battery Mounting System"},"content":{"rendered":"<p><strong>SmallRig 4064 kompaktne V-Mount aku kinnituss\u00fcsteem<\/strong><\/p>\n<p>P\u00f5hiplaati saab venitada, et see sobiks eri suurusega peegelkaameratele \/ DSLR-kaameratele.<\/p>\n<p>T\u00f6\u00f6riistavaba paigaldamine ja reguleerimine teeb protsessi kiireks ja ajas\u00e4\u00e4stlikuks.<\/p>\n<p>Lisaks igale sisseehitatud Arca-t\u00fc\u00fcpi kinnitusega puuri saab Arca-Swiss kiirv\u00e4ljalaskeplaadi kaudu toetada otse kaameraid ja DJI RS-seeria kardaani.<\/p>\n<p>Sisseehitatud 1\/4&#8243;-20 keermega augud ja V-Mount plaat pakuvad rohkem toiteallikate lahendusi, kinnitades SmallRig akuadapteri plaadi Professional Edition <strong>3168<\/strong>, kinnitusklambri portatiivsete toiteallikate jaoks <strong>2336<\/strong> jne.<\/p>\n<p>Allosas asuv eemaldatav Arca-t\u00fc\u00fcpi plaat v\u00f5imaldab kiiret \u00fcleminekut k\u00e4est pildistamise ja statiivi pildistamise vahel ning on vahetatav teiste kiirvahetusplaatidega.<\/p>\n<p>V-Mount akuplaadi p\u00f6\u00f6ratav struktuur v\u00f5imaldab 90\u00b0 tagasip\u00f6\u00f6ramist, mis h\u00f5lbustab ekraani kasutamist, ja v\u00f5tab vastu summutuse, et v\u00e4ltida teie seadme kukkumist.<\/p>\n<p>V-Mount plaadi kokkupandav disain suurendab kompaktsust ja kaasaskantavust.<\/p>\n<p>Kaasasolev alumiiniumsulamist V-Mount Backplate v\u00f5ib asendada teiste V-mount akude tagak\u00fcljel olevat plastist V-Mount plaati.<\/p>\n<ul>\n<li>Universaalne V-Mount akukinnitusplaadi komplekt<\/li>\n<li>Toetab kolme toitelahendust (V-Mount, NP-F ja Power Bank)<\/li>\n<li>Saab kasutada koos Arca-Swiss \u00fchilduvate statiividega<\/li>\n<\/ul>\n<p><strong>M\u00e4rkus:<\/strong><br \/>\nKandev\u00f5ime: 5kg<\/p>\n<p><strong>Sobivus:<\/strong><br \/>\nN\u00e4iteks peeglita \/ DSLR kaamerad, mille paksus on alla 111mm:<br \/>\nSony Alpha 7R V \/ Alpha 7 IV \/ Alpha 7S III \/ Alpha 7C \/ FX3 \/ FX30<br \/>\nCanon EOS R5 C \/ R5 \/ R6 \/ R6 Mark II \/ R7 \/ R10 \/ R \/ RP<br \/>\nPanasonic LUMIX S1H \/ S1R \/ S1 \/ S1 \/ S5 \/ S5 II \/ GH6 \/ GH5<\/p>\n<p><strong>Pakett sisaldab:<\/strong><br \/>\n1x V-mount akuplaat<br \/>\n1x Arca-Swiss kiirkinnitusplaat<br \/>\n1x V-kinnitusplaat<\/p>\n","protected":false},"excerpt":{"rendered":"<p>A compact, lightweight, convenient, all-in-one mounting solution for V-mount batteries. The kit includes a V-mount battery plate, an Arca-Swiss quick release plate, and a V-mount plate.<\/p>\n","protected":false},"featured_media":253786,"template":"","meta":{"_acf_changed":false},"brand":[4492],"product_cat":[5266],"product_tag":[],"inventory":[],"class_list":{"0":"post-258192","1":"product","2":"type-product","3":"status-publish","4":"has-post-thumbnail","6":"brand-smallrig-et","7":"product_cat-kaamerate-lisaseadmed","9":"first","10":"onbackorder","11":"taxable","12":"shipping-taxable","13":"purchasable","14":"product-type-simple"},"acf":[],"yoast_head":"<!-- This site is optimized with the Yoast SEO plugin v27.1.1 - https:\/\/yoast.com\/product\/yoast-seo-wordpress\/ -->\n<title>SMALLRIG 4064 Compact V-Mount Battery Mounting System - MediaGear<\/title>\n<meta name=\"description\" content=\"A compact, lightweight, convenient, all-in-one mounting solution for V-mount batteries. The kit includes a V-mount battery plate, an Arca-Swiss qui...\" \/>\n<meta name=\"robots\" content=\"index, follow, max-snippet:-1, max-image-preview:large, max-video-preview:-1\" \/>\n<link rel=\"canonical\" href=\"https:\/\/mediagear.ee\/et\/toode\/smallrig-4064-compact-v-mount-battery-mounting-system\/\" \/>\n<meta property=\"og:locale\" content=\"et_EE\" \/>\n<meta property=\"og:type\" content=\"article\" \/>\n<meta property=\"og:title\" content=\"SMALLRIG 4064 Compact V-Mount Battery Mounting System - MediaGear\" \/>\n<meta property=\"og:description\" content=\"A compact, lightweight, convenient, all-in-one mounting solution for V-mount batteries. The kit includes a V-mount battery plate, an Arca-Swiss qui...\" \/>\n<meta property=\"og:url\" content=\"https:\/\/mediagear.ee\/et\/toode\/smallrig-4064-compact-v-mount-battery-mounting-system\/\" \/>\n<meta property=\"og:site_name\" content=\"MediaGear\" \/>\n<meta property=\"article:publisher\" content=\"https:\/\/www.facebook.com\/Mediagear.ee\/\" \/>\n<meta property=\"article:modified_time\" content=\"2025-12-02T13:32:09+00:00\" \/>\n<meta property=\"og:image\" content=\"https:\/\/mediagear.ee\/wp-content\/uploads\/2025\/08\/SMALLRIG-4064-Compact-V-Mount-Battery-Mounting-System.png\" \/>\n\t<meta property=\"og:image:width\" content=\"567\" \/>\n\t<meta property=\"og:image:height\" content=\"800\" \/>\n\t<meta property=\"og:image:type\" content=\"image\/png\" \/>\n<meta name=\"twitter:card\" content=\"summary_large_image\" \/>\n<meta name=\"twitter:label1\" content=\"Est. reading time\" \/>\n\t<meta name=\"twitter:data1\" content=\"1 minut\" \/>\n<script type=\"application\/ld+json\" class=\"yoast-schema-graph\">{\"@context\":\"https:\/\/schema.org\",\"@graph\":[{\"@type\":\"WebPage\",\"@id\":\"https:\/\/mediagear.ee\/et\/toode\/smallrig-4064-compact-v-mount-battery-mounting-system\/\",\"url\":\"https:\/\/mediagear.ee\/et\/toode\/smallrig-4064-compact-v-mount-battery-mounting-system\/\",\"name\":\"SMALLRIG 4064 Compact V-Mount Battery Mounting System - MediaGear\",\"isPartOf\":{\"@id\":\"https:\/\/mediagear.ee\/et\/#website\"},\"primaryImageOfPage\":{\"@id\":\"https:\/\/mediagear.ee\/et\/toode\/smallrig-4064-compact-v-mount-battery-mounting-system\/#primaryimage\"},\"image\":{\"@id\":\"https:\/\/mediagear.ee\/et\/toode\/smallrig-4064-compact-v-mount-battery-mounting-system\/#primaryimage\"},\"thumbnailUrl\":\"https:\/\/mediagear.ee\/wp-content\/uploads\/2025\/08\/SMALLRIG-4064-Compact-V-Mount-Battery-Mounting-System.png\",\"datePublished\":\"2025-08-13T11:41:30+00:00\",\"dateModified\":\"2025-12-02T13:32:09+00:00\",\"description\":\"A compact, lightweight, convenient, all-in-one mounting solution for V-mount batteries. The kit includes a V-mount battery plate, an Arca-Swiss qui...\",\"breadcrumb\":{\"@id\":\"https:\/\/mediagear.ee\/et\/toode\/smallrig-4064-compact-v-mount-battery-mounting-system\/#breadcrumb\"},\"inLanguage\":\"et\",\"potentialAction\":[{\"@type\":\"ReadAction\",\"target\":[\"https:\/\/mediagear.ee\/et\/toode\/smallrig-4064-compact-v-mount-battery-mounting-system\/\"]}]},{\"@type\":\"ImageObject\",\"inLanguage\":\"et\",\"@id\":\"https:\/\/mediagear.ee\/et\/toode\/smallrig-4064-compact-v-mount-battery-mounting-system\/#primaryimage\",\"url\":\"https:\/\/mediagear.ee\/wp-content\/uploads\/2025\/08\/SMALLRIG-4064-Compact-V-Mount-Battery-Mounting-System.png\",\"contentUrl\":\"https:\/\/mediagear.ee\/wp-content\/uploads\/2025\/08\/SMALLRIG-4064-Compact-V-Mount-Battery-Mounting-System.png\",\"width\":567,\"height\":800,\"caption\":\"SMALLRIG 4064 Compact V-Mount Battery Mounting System\"},{\"@type\":\"BreadcrumbList\",\"@id\":\"https:\/\/mediagear.ee\/et\/toode\/smallrig-4064-compact-v-mount-battery-mounting-system\/#breadcrumb\",\"itemListElement\":[{\"@type\":\"ListItem\",\"position\":1,\"name\":\"Avaleht\",\"item\":\"https:\/\/mediagear.ee\/et\/\"},{\"@type\":\"ListItem\",\"position\":2,\"name\":\"Pro video &amp; audio tehnika pood\",\"item\":\"https:\/\/mediagear.ee\/et\/pood\/\"},{\"@type\":\"ListItem\",\"position\":3,\"name\":\"KAAMERAD\",\"item\":\"https:\/\/mediagear.ee\/et\/tootekategooria\/kaamerad\/\"},{\"@type\":\"ListItem\",\"position\":4,\"name\":\"Kaamerate lisaseadmed\",\"item\":\"https:\/\/mediagear.ee\/et\/tootekategooria\/kaamerad\/kaamerate-lisaseadmed\/\"},{\"@type\":\"ListItem\",\"position\":5,\"name\":\"SMALLRIG 4064 Compact V-Mount Battery Mounting System\"}]},{\"@type\":\"WebSite\",\"@id\":\"https:\/\/mediagear.ee\/et\/#website\",\"url\":\"https:\/\/mediagear.ee\/et\/\",\"name\":\"MediaGear\",\"description\":\"Full-service solutions in AV equipment\",\"publisher\":{\"@id\":\"https:\/\/mediagear.ee\/et\/#organization\"},\"potentialAction\":[{\"@type\":\"SearchAction\",\"target\":{\"@type\":\"EntryPoint\",\"urlTemplate\":\"https:\/\/mediagear.ee\/et\/?s={search_term_string}\"},\"query-input\":{\"@type\":\"PropertyValueSpecification\",\"valueRequired\":true,\"valueName\":\"search_term_string\"}}],\"inLanguage\":\"et\"},{\"@type\":\"Organization\",\"@id\":\"https:\/\/mediagear.ee\/et\/#organization\",\"name\":\"Mediagear\",\"url\":\"https:\/\/mediagear.ee\/et\/\",\"logo\":{\"@type\":\"ImageObject\",\"inLanguage\":\"et\",\"@id\":\"https:\/\/mediagear.ee\/et\/#\/schema\/logo\/image\/\",\"url\":\"http:\/\/mediagear.ee\/wp-content\/uploads\/2024\/05\/MediaGear-logo-transp.png\",\"contentUrl\":\"http:\/\/mediagear.ee\/wp-content\/uploads\/2024\/05\/MediaGear-logo-transp.png\",\"width\":600,\"height\":200,\"caption\":\"Mediagear\"},\"image\":{\"@id\":\"https:\/\/mediagear.ee\/et\/#\/schema\/logo\/image\/\"},\"sameAs\":[\"https:\/\/www.facebook.com\/Mediagear.ee\/\",\"https:\/\/www.instagram.com\/mediagear_ee\/\"]}]}<\/script>\n<!-- \/ Yoast SEO plugin. -->","yoast_head_json":{"title":"SMALLRIG 4064 Compact V-Mount Battery Mounting System - MediaGear","description":"A compact, lightweight, convenient, all-in-one mounting solution for V-mount batteries. The kit includes a V-mount battery plate, an Arca-Swiss qui...","robots":{"index":"index","follow":"follow","max-snippet":"max-snippet:-1","max-image-preview":"max-image-preview:large","max-video-preview":"max-video-preview:-1"},"canonical":"https:\/\/mediagear.ee\/et\/toode\/smallrig-4064-compact-v-mount-battery-mounting-system\/","og_locale":"et_EE","og_type":"article","og_title":"SMALLRIG 4064 Compact V-Mount Battery Mounting System - MediaGear","og_description":"A compact, lightweight, convenient, all-in-one mounting solution for V-mount batteries. The kit includes a V-mount battery plate, an Arca-Swiss qui...","og_url":"https:\/\/mediagear.ee\/et\/toode\/smallrig-4064-compact-v-mount-battery-mounting-system\/","og_site_name":"MediaGear","article_publisher":"https:\/\/www.facebook.com\/Mediagear.ee\/","article_modified_time":"2025-12-02T13:32:09+00:00","og_image":[{"width":567,"height":800,"url":"https:\/\/mediagear.ee\/wp-content\/uploads\/2025\/08\/SMALLRIG-4064-Compact-V-Mount-Battery-Mounting-System.png","type":"image\/png"}],"twitter_card":"summary_large_image","twitter_misc":{"Est. reading time":"1 minut"},"schema":{"@context":"https:\/\/schema.org","@graph":[{"@type":"WebPage","@id":"https:\/\/mediagear.ee\/et\/toode\/smallrig-4064-compact-v-mount-battery-mounting-system\/","url":"https:\/\/mediagear.ee\/et\/toode\/smallrig-4064-compact-v-mount-battery-mounting-system\/","name":"SMALLRIG 4064 Compact V-Mount Battery Mounting System - MediaGear","isPartOf":{"@id":"https:\/\/mediagear.ee\/et\/#website"},"primaryImageOfPage":{"@id":"https:\/\/mediagear.ee\/et\/toode\/smallrig-4064-compact-v-mount-battery-mounting-system\/#primaryimage"},"image":{"@id":"https:\/\/mediagear.ee\/et\/toode\/smallrig-4064-compact-v-mount-battery-mounting-system\/#primaryimage"},"thumbnailUrl":"https:\/\/mediagear.ee\/wp-content\/uploads\/2025\/08\/SMALLRIG-4064-Compact-V-Mount-Battery-Mounting-System.png","datePublished":"2025-08-13T11:41:30+00:00","dateModified":"2025-12-02T13:32:09+00:00","description":"A compact, lightweight, convenient, all-in-one mounting solution for V-mount batteries. The kit includes a V-mount battery plate, an Arca-Swiss qui...","breadcrumb":{"@id":"https:\/\/mediagear.ee\/et\/toode\/smallrig-4064-compact-v-mount-battery-mounting-system\/#breadcrumb"},"inLanguage":"et","potentialAction":[{"@type":"ReadAction","target":["https:\/\/mediagear.ee\/et\/toode\/smallrig-4064-compact-v-mount-battery-mounting-system\/"]}]},{"@type":"ImageObject","inLanguage":"et","@id":"https:\/\/mediagear.ee\/et\/toode\/smallrig-4064-compact-v-mount-battery-mounting-system\/#primaryimage","url":"https:\/\/mediagear.ee\/wp-content\/uploads\/2025\/08\/SMALLRIG-4064-Compact-V-Mount-Battery-Mounting-System.png","contentUrl":"https:\/\/mediagear.ee\/wp-content\/uploads\/2025\/08\/SMALLRIG-4064-Compact-V-Mount-Battery-Mounting-System.png","width":567,"height":800,"caption":"SMALLRIG 4064 Compact V-Mount Battery Mounting System"},{"@type":"BreadcrumbList","@id":"https:\/\/mediagear.ee\/et\/toode\/smallrig-4064-compact-v-mount-battery-mounting-system\/#breadcrumb","itemListElement":[{"@type":"ListItem","position":1,"name":"Avaleht","item":"https:\/\/mediagear.ee\/et\/"},{"@type":"ListItem","position":2,"name":"Pro video &amp; audio tehnika pood","item":"https:\/\/mediagear.ee\/et\/pood\/"},{"@type":"ListItem","position":3,"name":"KAAMERAD","item":"https:\/\/mediagear.ee\/et\/tootekategooria\/kaamerad\/"},{"@type":"ListItem","position":4,"name":"Kaamerate lisaseadmed","item":"https:\/\/mediagear.ee\/et\/tootekategooria\/kaamerad\/kaamerate-lisaseadmed\/"},{"@type":"ListItem","position":5,"name":"SMALLRIG 4064 Compact V-Mount Battery Mounting System"}]},{"@type":"WebSite","@id":"https:\/\/mediagear.ee\/et\/#website","url":"https:\/\/mediagear.ee\/et\/","name":"MediaGear","description":"Full-service solutions in AV equipment","publisher":{"@id":"https:\/\/mediagear.ee\/et\/#organization"},"potentialAction":[{"@type":"SearchAction","target":{"@type":"EntryPoint","urlTemplate":"https:\/\/mediagear.ee\/et\/?s={search_term_string}"},"query-input":{"@type":"PropertyValueSpecification","valueRequired":true,"valueName":"search_term_string"}}],"inLanguage":"et"},{"@type":"Organization","@id":"https:\/\/mediagear.ee\/et\/#organization","name":"Mediagear","url":"https:\/\/mediagear.ee\/et\/","logo":{"@type":"ImageObject","inLanguage":"et","@id":"https:\/\/mediagear.ee\/et\/#\/schema\/logo\/image\/","url":"http:\/\/mediagear.ee\/wp-content\/uploads\/2024\/05\/MediaGear-logo-transp.png","contentUrl":"http:\/\/mediagear.ee\/wp-content\/uploads\/2024\/05\/MediaGear-logo-transp.png","width":600,"height":200,"caption":"Mediagear"},"image":{"@id":"https:\/\/mediagear.ee\/et\/#\/schema\/logo\/image\/"},"sameAs":["https:\/\/www.facebook.com\/Mediagear.ee\/","https:\/\/www.instagram.com\/mediagear_ee\/"]}]}},"_links":{"self":[{"href":"https:\/\/mediagear.ee\/et\/wp-json\/wp\/v2\/product\/258192","targetHints":{"allow":["GET"]}}],"collection":[{"href":"https:\/\/mediagear.ee\/et\/wp-json\/wp\/v2\/product"}],"about":[{"href":"https:\/\/mediagear.ee\/et\/wp-json\/wp\/v2\/types\/product"}],"wp:featuredmedia":[{"embeddable":true,"href":"https:\/\/mediagear.ee\/et\/wp-json\/wp\/v2\/media\/253786"}],"wp:attachment":[{"href":"https:\/\/mediagear.ee\/et\/wp-json\/wp\/v2\/media?parent=258192"}],"wp:term":[{"taxonomy":"brand","embeddable":true,"href":"https:\/\/mediagear.ee\/et\/wp-json\/wp\/v2\/brand?post=258192"},{"taxonomy":"product_cat","embeddable":true,"href":"https:\/\/mediagear.ee\/et\/wp-json\/wp\/v2\/product_cat?post=258192"},{"taxonomy":"product_tag","embeddable":true,"href":"https:\/\/mediagear.ee\/et\/wp-json\/wp\/v2\/product_tag?post=258192"},{"taxonomy":"inventory","embeddable":true,"href":"https:\/\/mediagear.ee\/et\/wp-json\/wp\/v2\/inventory?post=258192"}],"curies":[{"name":"wp","href":"https:\/\/api.w.org\/{rel}","templated":true}]}}