{"id":258523,"date":"2025-08-13T15:42:23","date_gmt":"2025-08-13T12:42:23","guid":{"rendered":"http:\/\/mediagear.ee\/product\/smallrig-3384-all-in-one-video-kit-for-smartphone-creators\/"},"modified":"2025-12-02T15:30:40","modified_gmt":"2025-12-02T13:30:40","slug":"smallrig-3384-all-in-one-video-kit-for-smartphone-creators","status":"publish","type":"product","link":"https:\/\/mediagear.ee\/et\/toode\/smallrig-3384-all-in-one-video-kit-for-smartphone-creators\/","title":{"rendered":"SMALLRIG 3384 k\u00f5ik \u00fches videokomplekt nutitelefonidele"},"content":{"rendered":"<p><strong>SmallRig 3384 All-in-One Video Kit For Smartphone Creators<\/strong><\/p>\n<p>The universal cage features multiple 1\/4&#8243;-20 threaded holes and cold shoe mounts, enabling the expansion with a wide range of professional video equipment.<\/p>\n<p>The microphone is connected by a 3.5mm to Type-C interface, which is more concise.<br \/>\nDirectional cardioid pickup makes the video sound clear and independent, blocking background noise.<\/p>\n<p>Dual-temperature mini LED light, with built-in battery, up to 2.5 hours of battery life.<br \/>\nCool and warm color temperature control, simulating a variety of light effect modes.<\/p>\n<p>Small desktop metal tripod, 360\u00b0 panoramic head with Arca quick-release plate, sturdy and durable construction.<\/p>\n<p><strong>Compatibility:<\/strong><\/p>\n<ul>\n<li>The cage is compatible with smartphones ranging from 57.0mm to 90.0mm in width and can be used with the cases.<\/li>\n<li>Compatible with power banks ranging from 53.0mm to 81.0mm in width.<\/li>\n<\/ul>\n<p><strong>Package Includes:<\/strong><\/p>\n<ul>\n<li>1x Universal Video Cage for Smartphone<\/li>\n<li>2x Side Handle<\/li>\n<li>1x Metal Tabletop Tripod<\/li>\n<li>1x Bi-color LED Light<\/li>\n<li>1x Shotgun Microphone<\/li>\n<li>1x 2-in-1 USB-C PD Fast Charging and Audio Adapter<\/li>\n<li>1x Lightning to USB-C Adapter<\/li>\n<li>1x Power Bank Clamp<\/li>\n<li>2x Velcro Cable Ties<\/li>\n<li>1x User Manual<\/li>\n<li>1x Carrying Case<\/li>\n<\/ul>\n","protected":false},"excerpt":{"rendered":"<p>Pakub terviklikku lahendust professionaalseks nutitelefoniga videote filmimiseks. Komplekt sisaldab universaalset nutitelefonipuuri, kahte k\u00fclgmist k\u00e4epidet, metallist lauastatiivi, suundmikrofoni, bi-color LED-valgustit, akupanga klambrit, 2-\u00fches USB-C PD kiirlaadimise ja heliadapterit ning muid tarvikuid.<\/p>\n","protected":false},"featured_media":256458,"template":"","meta":{"_acf_changed":false},"brand":[4492],"product_cat":[5929],"product_tag":[],"inventory":[],"class_list":{"0":"post-258523","1":"product","2":"type-product","3":"status-publish","4":"has-post-thumbnail","6":"brand-smallrig-et","7":"product_cat-mobiilitarvikud","9":"first","10":"onbackorder","11":"sale","12":"taxable","13":"shipping-taxable","14":"purchasable","15":"product-type-simple"},"acf":[],"yoast_head":"<!-- This site is optimized with the Yoast SEO plugin v27.1.1 - https:\/\/yoast.com\/product\/yoast-seo-wordpress\/ -->\n<title>SMALLRIG 3384 k\u00f5ik \u00fches videokomplekt nutitelefonidele - MediaGear<\/title>\n<meta name=\"description\" content=\"Pakub terviklikku lahendust professionaalseks nutitelefoniga videote filmimiseks. Komplekt sisaldab universaalset nutitelefonipuuri, kahte k\u00fclgmist...\" \/>\n<meta name=\"robots\" content=\"index, follow, max-snippet:-1, max-image-preview:large, max-video-preview:-1\" \/>\n<link rel=\"canonical\" href=\"https:\/\/mediagear.ee\/et\/toode\/smallrig-3384-all-in-one-video-kit-for-smartphone-creators\/\" \/>\n<meta property=\"og:locale\" content=\"et_EE\" \/>\n<meta property=\"og:type\" content=\"article\" \/>\n<meta property=\"og:title\" content=\"SMALLRIG 3384 k\u00f5ik \u00fches videokomplekt nutitelefonidele - MediaGear\" \/>\n<meta property=\"og:description\" content=\"Pakub terviklikku lahendust professionaalseks nutitelefoniga videote filmimiseks. Komplekt sisaldab universaalset nutitelefonipuuri, kahte k\u00fclgmist...\" \/>\n<meta property=\"og:url\" content=\"https:\/\/mediagear.ee\/et\/toode\/smallrig-3384-all-in-one-video-kit-for-smartphone-creators\/\" \/>\n<meta property=\"og:site_name\" content=\"MediaGear\" \/>\n<meta property=\"article:publisher\" content=\"https:\/\/www.facebook.com\/Mediagear.ee\/\" \/>\n<meta property=\"article:modified_time\" content=\"2025-12-02T13:30:40+00:00\" \/>\n<meta property=\"og:image\" content=\"https:\/\/mediagear.ee\/wp-content\/uploads\/2025\/08\/SMALLRIG-3384-All-in-One-Video-Kit-For-Smartphone-Creators.png\" \/>\n\t<meta property=\"og:image:width\" content=\"755\" \/>\n\t<meta property=\"og:image:height\" content=\"800\" \/>\n\t<meta property=\"og:image:type\" content=\"image\/png\" \/>\n<meta name=\"twitter:card\" content=\"summary_large_image\" \/>\n<meta name=\"twitter:label1\" content=\"Est. reading time\" \/>\n\t<meta name=\"twitter:data1\" content=\"2 minutit\" \/>\n<script type=\"application\/ld+json\" class=\"yoast-schema-graph\">{\"@context\":\"https:\/\/schema.org\",\"@graph\":[{\"@type\":\"WebPage\",\"@id\":\"https:\/\/mediagear.ee\/et\/toode\/smallrig-3384-all-in-one-video-kit-for-smartphone-creators\/\",\"url\":\"https:\/\/mediagear.ee\/et\/toode\/smallrig-3384-all-in-one-video-kit-for-smartphone-creators\/\",\"name\":\"SMALLRIG 3384 k\u00f5ik \u00fches videokomplekt nutitelefonidele - MediaGear\",\"isPartOf\":{\"@id\":\"https:\/\/mediagear.ee\/et\/#website\"},\"primaryImageOfPage\":{\"@id\":\"https:\/\/mediagear.ee\/et\/toode\/smallrig-3384-all-in-one-video-kit-for-smartphone-creators\/#primaryimage\"},\"image\":{\"@id\":\"https:\/\/mediagear.ee\/et\/toode\/smallrig-3384-all-in-one-video-kit-for-smartphone-creators\/#primaryimage\"},\"thumbnailUrl\":\"https:\/\/mediagear.ee\/wp-content\/uploads\/2025\/08\/SMALLRIG-3384-All-in-One-Video-Kit-For-Smartphone-Creators.png\",\"datePublished\":\"2025-08-13T12:42:23+00:00\",\"dateModified\":\"2025-12-02T13:30:40+00:00\",\"description\":\"Pakub terviklikku lahendust professionaalseks nutitelefoniga videote filmimiseks. Komplekt sisaldab universaalset nutitelefonipuuri, kahte k\u00fclgmist...\",\"breadcrumb\":{\"@id\":\"https:\/\/mediagear.ee\/et\/toode\/smallrig-3384-all-in-one-video-kit-for-smartphone-creators\/#breadcrumb\"},\"inLanguage\":\"et\",\"potentialAction\":[{\"@type\":\"ReadAction\",\"target\":[\"https:\/\/mediagear.ee\/et\/toode\/smallrig-3384-all-in-one-video-kit-for-smartphone-creators\/\"]}]},{\"@type\":\"ImageObject\",\"inLanguage\":\"et\",\"@id\":\"https:\/\/mediagear.ee\/et\/toode\/smallrig-3384-all-in-one-video-kit-for-smartphone-creators\/#primaryimage\",\"url\":\"https:\/\/mediagear.ee\/wp-content\/uploads\/2025\/08\/SMALLRIG-3384-All-in-One-Video-Kit-For-Smartphone-Creators.png\",\"contentUrl\":\"https:\/\/mediagear.ee\/wp-content\/uploads\/2025\/08\/SMALLRIG-3384-All-in-One-Video-Kit-For-Smartphone-Creators.png\",\"width\":755,\"height\":800,\"caption\":\"SMALLRIG 3384 k\u00f5ik \u00fches videokomplekt nutitelefonidele\"},{\"@type\":\"BreadcrumbList\",\"@id\":\"https:\/\/mediagear.ee\/et\/toode\/smallrig-3384-all-in-one-video-kit-for-smartphone-creators\/#breadcrumb\",\"itemListElement\":[{\"@type\":\"ListItem\",\"position\":1,\"name\":\"Avaleht\",\"item\":\"https:\/\/mediagear.ee\/et\/\"},{\"@type\":\"ListItem\",\"position\":2,\"name\":\"Pro video &amp; audio tehnika pood\",\"item\":\"https:\/\/mediagear.ee\/et\/pood\/\"},{\"@type\":\"ListItem\",\"position\":3,\"name\":\"RIGGING &amp; GRIP\",\"item\":\"https:\/\/mediagear.ee\/et\/tootekategooria\/rigging-grip-et\/\"},{\"@type\":\"ListItem\",\"position\":4,\"name\":\"Mobiilitarvikud\",\"item\":\"https:\/\/mediagear.ee\/et\/tootekategooria\/rigging-grip-et\/mobiilitarvikud\/\"},{\"@type\":\"ListItem\",\"position\":5,\"name\":\"SMALLRIG 3384 k\u00f5ik \u00fches videokomplekt nutitelefonidele\"}]},{\"@type\":\"WebSite\",\"@id\":\"https:\/\/mediagear.ee\/et\/#website\",\"url\":\"https:\/\/mediagear.ee\/et\/\",\"name\":\"MediaGear\",\"description\":\"Full-service solutions in AV equipment\",\"publisher\":{\"@id\":\"https:\/\/mediagear.ee\/et\/#organization\"},\"potentialAction\":[{\"@type\":\"SearchAction\",\"target\":{\"@type\":\"EntryPoint\",\"urlTemplate\":\"https:\/\/mediagear.ee\/et\/?s={search_term_string}\"},\"query-input\":{\"@type\":\"PropertyValueSpecification\",\"valueRequired\":true,\"valueName\":\"search_term_string\"}}],\"inLanguage\":\"et\"},{\"@type\":\"Organization\",\"@id\":\"https:\/\/mediagear.ee\/et\/#organization\",\"name\":\"Mediagear\",\"url\":\"https:\/\/mediagear.ee\/et\/\",\"logo\":{\"@type\":\"ImageObject\",\"inLanguage\":\"et\",\"@id\":\"https:\/\/mediagear.ee\/et\/#\/schema\/logo\/image\/\",\"url\":\"http:\/\/mediagear.ee\/wp-content\/uploads\/2024\/05\/MediaGear-logo-transp.png\",\"contentUrl\":\"http:\/\/mediagear.ee\/wp-content\/uploads\/2024\/05\/MediaGear-logo-transp.png\",\"width\":600,\"height\":200,\"caption\":\"Mediagear\"},\"image\":{\"@id\":\"https:\/\/mediagear.ee\/et\/#\/schema\/logo\/image\/\"},\"sameAs\":[\"https:\/\/www.facebook.com\/Mediagear.ee\/\",\"https:\/\/www.instagram.com\/mediagear_ee\/\"]}]}<\/script>\n<!-- \/ Yoast SEO plugin. -->","yoast_head_json":{"title":"SMALLRIG 3384 k\u00f5ik \u00fches videokomplekt nutitelefonidele - MediaGear","description":"Pakub terviklikku lahendust professionaalseks nutitelefoniga videote filmimiseks. Komplekt sisaldab universaalset nutitelefonipuuri, kahte k\u00fclgmist...","robots":{"index":"index","follow":"follow","max-snippet":"max-snippet:-1","max-image-preview":"max-image-preview:large","max-video-preview":"max-video-preview:-1"},"canonical":"https:\/\/mediagear.ee\/et\/toode\/smallrig-3384-all-in-one-video-kit-for-smartphone-creators\/","og_locale":"et_EE","og_type":"article","og_title":"SMALLRIG 3384 k\u00f5ik \u00fches videokomplekt nutitelefonidele - MediaGear","og_description":"Pakub terviklikku lahendust professionaalseks nutitelefoniga videote filmimiseks. Komplekt sisaldab universaalset nutitelefonipuuri, kahte k\u00fclgmist...","og_url":"https:\/\/mediagear.ee\/et\/toode\/smallrig-3384-all-in-one-video-kit-for-smartphone-creators\/","og_site_name":"MediaGear","article_publisher":"https:\/\/www.facebook.com\/Mediagear.ee\/","article_modified_time":"2025-12-02T13:30:40+00:00","og_image":[{"width":755,"height":800,"url":"https:\/\/mediagear.ee\/wp-content\/uploads\/2025\/08\/SMALLRIG-3384-All-in-One-Video-Kit-For-Smartphone-Creators.png","type":"image\/png"}],"twitter_card":"summary_large_image","twitter_misc":{"Est. reading time":"2 minutit"},"schema":{"@context":"https:\/\/schema.org","@graph":[{"@type":"WebPage","@id":"https:\/\/mediagear.ee\/et\/toode\/smallrig-3384-all-in-one-video-kit-for-smartphone-creators\/","url":"https:\/\/mediagear.ee\/et\/toode\/smallrig-3384-all-in-one-video-kit-for-smartphone-creators\/","name":"SMALLRIG 3384 k\u00f5ik \u00fches videokomplekt nutitelefonidele - MediaGear","isPartOf":{"@id":"https:\/\/mediagear.ee\/et\/#website"},"primaryImageOfPage":{"@id":"https:\/\/mediagear.ee\/et\/toode\/smallrig-3384-all-in-one-video-kit-for-smartphone-creators\/#primaryimage"},"image":{"@id":"https:\/\/mediagear.ee\/et\/toode\/smallrig-3384-all-in-one-video-kit-for-smartphone-creators\/#primaryimage"},"thumbnailUrl":"https:\/\/mediagear.ee\/wp-content\/uploads\/2025\/08\/SMALLRIG-3384-All-in-One-Video-Kit-For-Smartphone-Creators.png","datePublished":"2025-08-13T12:42:23+00:00","dateModified":"2025-12-02T13:30:40+00:00","description":"Pakub terviklikku lahendust professionaalseks nutitelefoniga videote filmimiseks. Komplekt sisaldab universaalset nutitelefonipuuri, kahte k\u00fclgmist...","breadcrumb":{"@id":"https:\/\/mediagear.ee\/et\/toode\/smallrig-3384-all-in-one-video-kit-for-smartphone-creators\/#breadcrumb"},"inLanguage":"et","potentialAction":[{"@type":"ReadAction","target":["https:\/\/mediagear.ee\/et\/toode\/smallrig-3384-all-in-one-video-kit-for-smartphone-creators\/"]}]},{"@type":"ImageObject","inLanguage":"et","@id":"https:\/\/mediagear.ee\/et\/toode\/smallrig-3384-all-in-one-video-kit-for-smartphone-creators\/#primaryimage","url":"https:\/\/mediagear.ee\/wp-content\/uploads\/2025\/08\/SMALLRIG-3384-All-in-One-Video-Kit-For-Smartphone-Creators.png","contentUrl":"https:\/\/mediagear.ee\/wp-content\/uploads\/2025\/08\/SMALLRIG-3384-All-in-One-Video-Kit-For-Smartphone-Creators.png","width":755,"height":800,"caption":"SMALLRIG 3384 k\u00f5ik \u00fches videokomplekt nutitelefonidele"},{"@type":"BreadcrumbList","@id":"https:\/\/mediagear.ee\/et\/toode\/smallrig-3384-all-in-one-video-kit-for-smartphone-creators\/#breadcrumb","itemListElement":[{"@type":"ListItem","position":1,"name":"Avaleht","item":"https:\/\/mediagear.ee\/et\/"},{"@type":"ListItem","position":2,"name":"Pro video &amp; audio tehnika pood","item":"https:\/\/mediagear.ee\/et\/pood\/"},{"@type":"ListItem","position":3,"name":"RIGGING &amp; GRIP","item":"https:\/\/mediagear.ee\/et\/tootekategooria\/rigging-grip-et\/"},{"@type":"ListItem","position":4,"name":"Mobiilitarvikud","item":"https:\/\/mediagear.ee\/et\/tootekategooria\/rigging-grip-et\/mobiilitarvikud\/"},{"@type":"ListItem","position":5,"name":"SMALLRIG 3384 k\u00f5ik \u00fches videokomplekt nutitelefonidele"}]},{"@type":"WebSite","@id":"https:\/\/mediagear.ee\/et\/#website","url":"https:\/\/mediagear.ee\/et\/","name":"MediaGear","description":"Full-service solutions in AV equipment","publisher":{"@id":"https:\/\/mediagear.ee\/et\/#organization"},"potentialAction":[{"@type":"SearchAction","target":{"@type":"EntryPoint","urlTemplate":"https:\/\/mediagear.ee\/et\/?s={search_term_string}"},"query-input":{"@type":"PropertyValueSpecification","valueRequired":true,"valueName":"search_term_string"}}],"inLanguage":"et"},{"@type":"Organization","@id":"https:\/\/mediagear.ee\/et\/#organization","name":"Mediagear","url":"https:\/\/mediagear.ee\/et\/","logo":{"@type":"ImageObject","inLanguage":"et","@id":"https:\/\/mediagear.ee\/et\/#\/schema\/logo\/image\/","url":"http:\/\/mediagear.ee\/wp-content\/uploads\/2024\/05\/MediaGear-logo-transp.png","contentUrl":"http:\/\/mediagear.ee\/wp-content\/uploads\/2024\/05\/MediaGear-logo-transp.png","width":600,"height":200,"caption":"Mediagear"},"image":{"@id":"https:\/\/mediagear.ee\/et\/#\/schema\/logo\/image\/"},"sameAs":["https:\/\/www.facebook.com\/Mediagear.ee\/","https:\/\/www.instagram.com\/mediagear_ee\/"]}]}},"_links":{"self":[{"href":"https:\/\/mediagear.ee\/et\/wp-json\/wp\/v2\/product\/258523","targetHints":{"allow":["GET"]}}],"collection":[{"href":"https:\/\/mediagear.ee\/et\/wp-json\/wp\/v2\/product"}],"about":[{"href":"https:\/\/mediagear.ee\/et\/wp-json\/wp\/v2\/types\/product"}],"wp:featuredmedia":[{"embeddable":true,"href":"https:\/\/mediagear.ee\/et\/wp-json\/wp\/v2\/media\/256458"}],"wp:attachment":[{"href":"https:\/\/mediagear.ee\/et\/wp-json\/wp\/v2\/media?parent=258523"}],"wp:term":[{"taxonomy":"brand","embeddable":true,"href":"https:\/\/mediagear.ee\/et\/wp-json\/wp\/v2\/brand?post=258523"},{"taxonomy":"product_cat","embeddable":true,"href":"https:\/\/mediagear.ee\/et\/wp-json\/wp\/v2\/product_cat?post=258523"},{"taxonomy":"product_tag","embeddable":true,"href":"https:\/\/mediagear.ee\/et\/wp-json\/wp\/v2\/product_tag?post=258523"},{"taxonomy":"inventory","embeddable":true,"href":"https:\/\/mediagear.ee\/et\/wp-json\/wp\/v2\/inventory?post=258523"}],"curies":[{"name":"wp","href":"https:\/\/api.w.org\/{rel}","templated":true}]}}