{"id":260118,"date":"2025-08-15T16:31:10","date_gmt":"2025-08-15T13:31:10","guid":{"rendered":"http:\/\/mediagear.ee\/product\/samyang-v-af-mf-adapter\/"},"modified":"2025-11-05T04:05:34","modified_gmt":"2025-11-05T02:05:34","slug":"samyang-v-af-mf-adapter","status":"publish","type":"product","link":"https:\/\/mediagear.ee\/et\/toode\/samyang-v-af-mf-adapter\/","title":{"rendered":"SAMYANG V-AF MF Adapter"},"content":{"rendered":"<p>Isegi liikuva objekti puhul eelistavad paljud videograafid kiirelt liikuvate kaadrite puhul k\u00e4sitsi fookustamist &#8211; nad tahavad ise valida, kuhu objektiiv fookustada, mitte j\u00e4tta seda kaamera otsustada.<\/p>\n<p>Manuaalse fookuse adapteril on kahesugune skaala, millel on nii jalad kui ka meetrid, ning fookuse peenreguleerimine on v\u00f5imalik sujuvalt 300\u00b0 p\u00f6\u00f6ramisega. Fookusringil on t\u00f6\u00f6stusstandardne 0,8 mod ja seda saab kombineerida mis tahes j\u00e4lgimisfookusega.<br \/>\nKui adapter on kinnitatud, saab objektiivi poolel olevat MF-r\u00f5ngast kasutada avamisr\u00f5ngana. Esik\u00fcljel olev m\u00e4rgutuli annab subjektile v\u00f5i fotograafile teada, kas kaamera on salvestus- v\u00f5i ooteseisundis, ning 95 mm esiosa l\u00e4bim\u00f5\u00f5t v\u00f5imaldab h\u00f5lpsasti kinnitada mattkarbi.<\/p>\n<p>Kinoobjektiivid on tavaliselt \u00fcsna rasked ja mahuka konstruktsiooniga. Uue manuaalse fookusega adapteriga on v\u00f5imalik kasutada k\u00f5iki tavap\u00e4raste kinoobjektiivide funktsioone, kuid kompaktses formaadis. Koos V-AF-seeria objektiiviga on kogukaal vaid 430 g, v\u00f5rreldes kinoobjektiiviga, mis tavaliselt kaalub kaks korda rohkem.<\/p>\n<p><strong>V\u00e4ikesed spetsifikatsioonid<\/strong><\/p>\n<ul>\n<li>Standardne l\u00e4bim\u00f5\u00f5t 95 mm tagab \u00fchilduvuse mattkastidega.<\/li>\n<li>T\u00f6\u00f6stusstandardne 0.8 Mod fookusringil<\/li>\n<li>Sisseehitatud Tally lamp<\/li>\n<li>Kaheskaalaline skaala nii jalgade kui ka meetritega<\/li>\n<li>95mm esiosa l\u00e4bim\u00f5\u00f5t<\/li>\n<li>Sujuv 300\u00b0 p\u00f6\u00f6rdenurk<\/li>\n<li>Mehaaniline MF<\/li>\n<\/ul>\n","protected":false},"excerpt":{"rendered":"<p>The Samayng V-AF manual focus adapter easily attaches to the front of any V-AF lens with a front bayonet mount, giving filmmakers and videographers total control over focus.<\/p>\n","protected":false},"featured_media":259885,"template":"","meta":{"_acf_changed":false},"brand":[4480],"product_cat":[5278],"product_tag":[],"inventory":[],"class_list":{"0":"post-260118","1":"product","2":"type-product","3":"status-publish","4":"has-post-thumbnail","6":"brand-samyang-et","7":"product_cat-objektiivide-tarvikud","9":"first","10":"onbackorder","11":"taxable","12":"shipping-taxable","13":"purchasable","14":"product-type-simple"},"acf":[],"yoast_head":"<!-- This site is optimized with the Yoast SEO plugin v27.1.1 - https:\/\/yoast.com\/product\/yoast-seo-wordpress\/ -->\n<title>SAMYANG V-AF MF Adapter - MediaGear<\/title>\n<meta name=\"description\" content=\"The Samayng V-AF manual focus adapter easily attaches to the front of any V-AF lens with a front bayonet mount, giving filmmakers and videographers...\" \/>\n<meta name=\"robots\" content=\"index, follow, max-snippet:-1, max-image-preview:large, max-video-preview:-1\" \/>\n<link rel=\"canonical\" href=\"https:\/\/mediagear.ee\/et\/toode\/samyang-v-af-mf-adapter\/\" \/>\n<meta property=\"og:locale\" content=\"et_EE\" \/>\n<meta property=\"og:type\" content=\"article\" \/>\n<meta property=\"og:title\" content=\"SAMYANG V-AF MF Adapter - MediaGear\" \/>\n<meta property=\"og:description\" content=\"The Samayng V-AF manual focus adapter easily attaches to the front of any V-AF lens with a front bayonet mount, giving filmmakers and videographers...\" \/>\n<meta property=\"og:url\" content=\"https:\/\/mediagear.ee\/et\/toode\/samyang-v-af-mf-adapter\/\" \/>\n<meta property=\"og:site_name\" content=\"MediaGear\" \/>\n<meta property=\"article:publisher\" content=\"https:\/\/www.facebook.com\/Mediagear.ee\/\" \/>\n<meta property=\"article:modified_time\" content=\"2025-11-05T02:05:34+00:00\" \/>\n<meta property=\"og:image\" content=\"https:\/\/mediagear.ee\/wp-content\/uploads\/2025\/08\/SAMYANG-V-AF-MF-Adapter.png\" \/>\n\t<meta property=\"og:image:width\" content=\"800\" \/>\n\t<meta property=\"og:image:height\" content=\"352\" \/>\n\t<meta property=\"og:image:type\" content=\"image\/png\" \/>\n<meta name=\"twitter:card\" content=\"summary_large_image\" \/>\n<meta name=\"twitter:label1\" content=\"Est. reading time\" \/>\n\t<meta name=\"twitter:data1\" content=\"1 minut\" \/>\n<script type=\"application\/ld+json\" class=\"yoast-schema-graph\">{\"@context\":\"https:\/\/schema.org\",\"@graph\":[{\"@type\":\"WebPage\",\"@id\":\"https:\/\/mediagear.ee\/et\/toode\/samyang-v-af-mf-adapter\/\",\"url\":\"https:\/\/mediagear.ee\/et\/toode\/samyang-v-af-mf-adapter\/\",\"name\":\"SAMYANG V-AF MF Adapter - MediaGear\",\"isPartOf\":{\"@id\":\"https:\/\/mediagear.ee\/et\/#website\"},\"primaryImageOfPage\":{\"@id\":\"https:\/\/mediagear.ee\/et\/toode\/samyang-v-af-mf-adapter\/#primaryimage\"},\"image\":{\"@id\":\"https:\/\/mediagear.ee\/et\/toode\/samyang-v-af-mf-adapter\/#primaryimage\"},\"thumbnailUrl\":\"https:\/\/mediagear.ee\/wp-content\/uploads\/2025\/08\/SAMYANG-V-AF-MF-Adapter.png\",\"datePublished\":\"2025-08-15T13:31:10+00:00\",\"dateModified\":\"2025-11-05T02:05:34+00:00\",\"description\":\"The Samayng V-AF manual focus adapter easily attaches to the front of any V-AF lens with a front bayonet mount, giving filmmakers and videographers...\",\"breadcrumb\":{\"@id\":\"https:\/\/mediagear.ee\/et\/toode\/samyang-v-af-mf-adapter\/#breadcrumb\"},\"inLanguage\":\"et\",\"potentialAction\":[{\"@type\":\"ReadAction\",\"target\":[\"https:\/\/mediagear.ee\/et\/toode\/samyang-v-af-mf-adapter\/\"]}]},{\"@type\":\"ImageObject\",\"inLanguage\":\"et\",\"@id\":\"https:\/\/mediagear.ee\/et\/toode\/samyang-v-af-mf-adapter\/#primaryimage\",\"url\":\"https:\/\/mediagear.ee\/wp-content\/uploads\/2025\/08\/SAMYANG-V-AF-MF-Adapter.png\",\"contentUrl\":\"https:\/\/mediagear.ee\/wp-content\/uploads\/2025\/08\/SAMYANG-V-AF-MF-Adapter.png\",\"width\":800,\"height\":352,\"caption\":\"SAMYANG V-AF MF Adapter\"},{\"@type\":\"BreadcrumbList\",\"@id\":\"https:\/\/mediagear.ee\/et\/toode\/samyang-v-af-mf-adapter\/#breadcrumb\",\"itemListElement\":[{\"@type\":\"ListItem\",\"position\":1,\"name\":\"Avaleht\",\"item\":\"https:\/\/mediagear.ee\/et\/\"},{\"@type\":\"ListItem\",\"position\":2,\"name\":\"Pro video &amp; audio tehnika pood\",\"item\":\"https:\/\/mediagear.ee\/et\/pood\/\"},{\"@type\":\"ListItem\",\"position\":3,\"name\":\"OBJEKTIIVID\",\"item\":\"https:\/\/mediagear.ee\/et\/tootekategooria\/objektiivid\/\"},{\"@type\":\"ListItem\",\"position\":4,\"name\":\"Objektiivide tarvikud\",\"item\":\"https:\/\/mediagear.ee\/et\/tootekategooria\/objektiivid\/objektiivide-tarvikud\/\"},{\"@type\":\"ListItem\",\"position\":5,\"name\":\"SAMYANG V-AF MF Adapter\"}]},{\"@type\":\"WebSite\",\"@id\":\"https:\/\/mediagear.ee\/et\/#website\",\"url\":\"https:\/\/mediagear.ee\/et\/\",\"name\":\"MediaGear\",\"description\":\"Full-service solutions in AV equipment\",\"publisher\":{\"@id\":\"https:\/\/mediagear.ee\/et\/#organization\"},\"potentialAction\":[{\"@type\":\"SearchAction\",\"target\":{\"@type\":\"EntryPoint\",\"urlTemplate\":\"https:\/\/mediagear.ee\/et\/?s={search_term_string}\"},\"query-input\":{\"@type\":\"PropertyValueSpecification\",\"valueRequired\":true,\"valueName\":\"search_term_string\"}}],\"inLanguage\":\"et\"},{\"@type\":\"Organization\",\"@id\":\"https:\/\/mediagear.ee\/et\/#organization\",\"name\":\"Mediagear\",\"url\":\"https:\/\/mediagear.ee\/et\/\",\"logo\":{\"@type\":\"ImageObject\",\"inLanguage\":\"et\",\"@id\":\"https:\/\/mediagear.ee\/et\/#\/schema\/logo\/image\/\",\"url\":\"http:\/\/mediagear.ee\/wp-content\/uploads\/2024\/05\/MediaGear-logo-transp.png\",\"contentUrl\":\"http:\/\/mediagear.ee\/wp-content\/uploads\/2024\/05\/MediaGear-logo-transp.png\",\"width\":600,\"height\":200,\"caption\":\"Mediagear\"},\"image\":{\"@id\":\"https:\/\/mediagear.ee\/et\/#\/schema\/logo\/image\/\"},\"sameAs\":[\"https:\/\/www.facebook.com\/Mediagear.ee\/\",\"https:\/\/www.instagram.com\/mediagear_ee\/\"]}]}<\/script>\n<!-- \/ Yoast SEO plugin. -->","yoast_head_json":{"title":"SAMYANG V-AF MF Adapter - MediaGear","description":"The Samayng V-AF manual focus adapter easily attaches to the front of any V-AF lens with a front bayonet mount, giving filmmakers and videographers...","robots":{"index":"index","follow":"follow","max-snippet":"max-snippet:-1","max-image-preview":"max-image-preview:large","max-video-preview":"max-video-preview:-1"},"canonical":"https:\/\/mediagear.ee\/et\/toode\/samyang-v-af-mf-adapter\/","og_locale":"et_EE","og_type":"article","og_title":"SAMYANG V-AF MF Adapter - MediaGear","og_description":"The Samayng V-AF manual focus adapter easily attaches to the front of any V-AF lens with a front bayonet mount, giving filmmakers and videographers...","og_url":"https:\/\/mediagear.ee\/et\/toode\/samyang-v-af-mf-adapter\/","og_site_name":"MediaGear","article_publisher":"https:\/\/www.facebook.com\/Mediagear.ee\/","article_modified_time":"2025-11-05T02:05:34+00:00","og_image":[{"width":800,"height":352,"url":"https:\/\/mediagear.ee\/wp-content\/uploads\/2025\/08\/SAMYANG-V-AF-MF-Adapter.png","type":"image\/png"}],"twitter_card":"summary_large_image","twitter_misc":{"Est. reading time":"1 minut"},"schema":{"@context":"https:\/\/schema.org","@graph":[{"@type":"WebPage","@id":"https:\/\/mediagear.ee\/et\/toode\/samyang-v-af-mf-adapter\/","url":"https:\/\/mediagear.ee\/et\/toode\/samyang-v-af-mf-adapter\/","name":"SAMYANG V-AF MF Adapter - MediaGear","isPartOf":{"@id":"https:\/\/mediagear.ee\/et\/#website"},"primaryImageOfPage":{"@id":"https:\/\/mediagear.ee\/et\/toode\/samyang-v-af-mf-adapter\/#primaryimage"},"image":{"@id":"https:\/\/mediagear.ee\/et\/toode\/samyang-v-af-mf-adapter\/#primaryimage"},"thumbnailUrl":"https:\/\/mediagear.ee\/wp-content\/uploads\/2025\/08\/SAMYANG-V-AF-MF-Adapter.png","datePublished":"2025-08-15T13:31:10+00:00","dateModified":"2025-11-05T02:05:34+00:00","description":"The Samayng V-AF manual focus adapter easily attaches to the front of any V-AF lens with a front bayonet mount, giving filmmakers and videographers...","breadcrumb":{"@id":"https:\/\/mediagear.ee\/et\/toode\/samyang-v-af-mf-adapter\/#breadcrumb"},"inLanguage":"et","potentialAction":[{"@type":"ReadAction","target":["https:\/\/mediagear.ee\/et\/toode\/samyang-v-af-mf-adapter\/"]}]},{"@type":"ImageObject","inLanguage":"et","@id":"https:\/\/mediagear.ee\/et\/toode\/samyang-v-af-mf-adapter\/#primaryimage","url":"https:\/\/mediagear.ee\/wp-content\/uploads\/2025\/08\/SAMYANG-V-AF-MF-Adapter.png","contentUrl":"https:\/\/mediagear.ee\/wp-content\/uploads\/2025\/08\/SAMYANG-V-AF-MF-Adapter.png","width":800,"height":352,"caption":"SAMYANG V-AF MF Adapter"},{"@type":"BreadcrumbList","@id":"https:\/\/mediagear.ee\/et\/toode\/samyang-v-af-mf-adapter\/#breadcrumb","itemListElement":[{"@type":"ListItem","position":1,"name":"Avaleht","item":"https:\/\/mediagear.ee\/et\/"},{"@type":"ListItem","position":2,"name":"Pro video &amp; audio tehnika pood","item":"https:\/\/mediagear.ee\/et\/pood\/"},{"@type":"ListItem","position":3,"name":"OBJEKTIIVID","item":"https:\/\/mediagear.ee\/et\/tootekategooria\/objektiivid\/"},{"@type":"ListItem","position":4,"name":"Objektiivide tarvikud","item":"https:\/\/mediagear.ee\/et\/tootekategooria\/objektiivid\/objektiivide-tarvikud\/"},{"@type":"ListItem","position":5,"name":"SAMYANG V-AF MF Adapter"}]},{"@type":"WebSite","@id":"https:\/\/mediagear.ee\/et\/#website","url":"https:\/\/mediagear.ee\/et\/","name":"MediaGear","description":"Full-service solutions in AV equipment","publisher":{"@id":"https:\/\/mediagear.ee\/et\/#organization"},"potentialAction":[{"@type":"SearchAction","target":{"@type":"EntryPoint","urlTemplate":"https:\/\/mediagear.ee\/et\/?s={search_term_string}"},"query-input":{"@type":"PropertyValueSpecification","valueRequired":true,"valueName":"search_term_string"}}],"inLanguage":"et"},{"@type":"Organization","@id":"https:\/\/mediagear.ee\/et\/#organization","name":"Mediagear","url":"https:\/\/mediagear.ee\/et\/","logo":{"@type":"ImageObject","inLanguage":"et","@id":"https:\/\/mediagear.ee\/et\/#\/schema\/logo\/image\/","url":"http:\/\/mediagear.ee\/wp-content\/uploads\/2024\/05\/MediaGear-logo-transp.png","contentUrl":"http:\/\/mediagear.ee\/wp-content\/uploads\/2024\/05\/MediaGear-logo-transp.png","width":600,"height":200,"caption":"Mediagear"},"image":{"@id":"https:\/\/mediagear.ee\/et\/#\/schema\/logo\/image\/"},"sameAs":["https:\/\/www.facebook.com\/Mediagear.ee\/","https:\/\/www.instagram.com\/mediagear_ee\/"]}]}},"_links":{"self":[{"href":"https:\/\/mediagear.ee\/et\/wp-json\/wp\/v2\/product\/260118","targetHints":{"allow":["GET"]}}],"collection":[{"href":"https:\/\/mediagear.ee\/et\/wp-json\/wp\/v2\/product"}],"about":[{"href":"https:\/\/mediagear.ee\/et\/wp-json\/wp\/v2\/types\/product"}],"wp:featuredmedia":[{"embeddable":true,"href":"https:\/\/mediagear.ee\/et\/wp-json\/wp\/v2\/media\/259885"}],"wp:attachment":[{"href":"https:\/\/mediagear.ee\/et\/wp-json\/wp\/v2\/media?parent=260118"}],"wp:term":[{"taxonomy":"brand","embeddable":true,"href":"https:\/\/mediagear.ee\/et\/wp-json\/wp\/v2\/brand?post=260118"},{"taxonomy":"product_cat","embeddable":true,"href":"https:\/\/mediagear.ee\/et\/wp-json\/wp\/v2\/product_cat?post=260118"},{"taxonomy":"product_tag","embeddable":true,"href":"https:\/\/mediagear.ee\/et\/wp-json\/wp\/v2\/product_tag?post=260118"},{"taxonomy":"inventory","embeddable":true,"href":"https:\/\/mediagear.ee\/et\/wp-json\/wp\/v2\/inventory?post=260118"}],"curies":[{"name":"wp","href":"https:\/\/api.w.org\/{rel}","templated":true}]}}