{"id":260126,"date":"2025-08-15T16:29:13","date_gmt":"2025-08-15T13:29:13","guid":{"rendered":"http:\/\/mediagear.ee\/product\/samyang-af-135mm-f-1-8-sony-fe\/"},"modified":"2025-11-05T01:50:46","modified_gmt":"2025-11-04T23:50:46","slug":"samyang-af-135mm-f-1-8-sony-fe","status":"publish","type":"product","link":"https:\/\/mediagear.ee\/et\/toode\/samyang-af-135mm-f-1-8-sony-fe\/","title":{"rendered":"SAMYANG AF 135mm F\/1.8 Sony FE"},"content":{"rendered":"<p>Optiliselt koosneb uus 135 mm fookuskaugusega objektiiv 13 l\u00e4\u00e4tsest (neist \u00fcks U-ASP, kaks HR ja kolm ED), mis on jagatud 11 gruppi.  Koost\u00f6\u00f6na Sony t\u00e4iskaadri m\u00f5\u00f5dus sensoriga saavutatakse eeskujulik kontrastsus ja kujutise teravus kogu pildiv\u00e4lja ulatuses. Objektiivis kasutatav UA (Ultra-precision Aspherical) l\u00e4\u00e4ts aitab luua teie fotodele loomuliku uduse tausta ning eraldada portree- ning l\u00e4hiv\u00f5tetel fookuses oleva objekti selgelt taustast.<\/p>\n<p>AF 135 mm F1.8 FE disainiti kerge ning kompaktsena ja see kaalub vaid 772 grammi. Mikrotekstuuriga kaetud kummeeritud teravustamisr\u00f5ngas ning tihendid kaitseks ilmastikum\u00f5jude eest v\u00f5imaldavad selle objektiivi kasutamist ka keerulistes ilmastikuoludes.<\/p>\n<p>Objektiivilt leiame teravustamispunkti lukustamise nupu, muudetava funktsiooniga l\u00fcliti ja teravustamisvahemiku valiku l\u00fcliti. Muudetava funktsiooniga l\u00fcliti v\u00f5imaldab teil n\u00e4iteks muuta teravustamisr\u00f5nga keeramisel hoopis vaikselt avaarvu.<\/p>\n<p>Samyang Lens Station\u00b4i abiga saate objektiivi kohandada enda vajadustele ning tulevikus lisatakse tarkvarauuendustega ka t\u00e4iendavaid v\u00f5imalusi funktsioonil\u00fclitile.<br \/>\nFocus Hold nupu vajutamisel hoitakse fookust valitud kaugusel. Kaamerast on sellele nupule v\u00f5imalik omistada ka teisi seadistusi \u2013 n\u00e4iteks silmale teravustamist (Eye AF).<\/p>\n<p>Objektiivis Samyang AF 135 mm F1.8 FE on teravustamiseks kasutusel Samyang&#8217;i linear STM (samm-mootor), mille vaikne t\u00f6\u00f6 v\u00f5imaldab objektiivi kasutada nii video- kui fotov\u00f5teteks.<\/p>\n<p>L\u00e4himaks teravustamiskauguseks on eeskujulik 0,69 meetrit, mis annab l\u00e4hipildistamiseks suurenduse 0,243x \u2013 eriti sobilik detailide esile toomiseks pehmest udustatud taustast.<\/p>\n<p><strong>Olulisimad omadused<\/strong><\/p>\n<ul>\n<li>Suurep\u00e4rane pildikvaliteet.<\/li>\n<li>Eeskujulik tausta h\u00e4gustamine.<\/li>\n<li>Tihendid kaitseks ilmastikum\u00f5jude eest.<\/li>\n<li>Kiire, t\u00e4pne ja vaikne automaatteravustamine.<\/li>\n<li>Muudetava funktsiooniga nupud.<\/li>\n<li>Minimaalne teravustamiskaugus vaid 0,69 meetrit.<\/li>\n<li>Kaalub vaid 772 grammi.<\/li>\n<li>Filtrikeerme l\u00e4bim\u00f5\u00f5t 82 mm.<\/li>\n<\/ul>\n","protected":false},"excerpt":{"rendered":"<p>The new AF 135mm F1.8 FE telephoto lens is optimised for portraits, astrophotography, landscapes and video shooting. It includes Samyang&#8217;s key features, such as: focus lock button, custom switch, and focus range limiter switch.All packed in a compact format with outstanding optical performance!<\/p>\n","protected":false},"featured_media":259785,"template":"","meta":{"_acf_changed":false},"brand":[4480],"product_cat":[5277],"product_tag":[],"inventory":[],"class_list":{"0":"post-260126","1":"product","2":"type-product","3":"status-publish","4":"has-post-thumbnail","6":"brand-samyang-et","7":"product_cat-fiksobjektiivid","9":"first","10":"onbackorder","11":"taxable","12":"shipping-taxable","13":"purchasable","14":"product-type-simple"},"acf":[],"yoast_head":"<!-- This site is optimized with the Yoast SEO plugin v27.1.1 - https:\/\/yoast.com\/product\/yoast-seo-wordpress\/ -->\n<title>SAMYANG AF 135mm F\/1.8 Sony FE - MediaGear<\/title>\n<meta name=\"description\" content=\"The new AF 135mm F1.8 FE telephoto lens is optimised for portraits, astrophotography, landscapes and video shooting. It includes Samyang&#039;s key feat...\" \/>\n<meta name=\"robots\" content=\"index, follow, max-snippet:-1, max-image-preview:large, max-video-preview:-1\" \/>\n<link rel=\"canonical\" href=\"https:\/\/mediagear.ee\/et\/toode\/samyang-af-135mm-f-1-8-sony-fe\/\" \/>\n<meta property=\"og:locale\" content=\"et_EE\" \/>\n<meta property=\"og:type\" content=\"article\" \/>\n<meta property=\"og:title\" content=\"SAMYANG AF 135mm F\/1.8 Sony FE - MediaGear\" \/>\n<meta property=\"og:description\" content=\"The new AF 135mm F1.8 FE telephoto lens is optimised for portraits, astrophotography, landscapes and video shooting. It includes Samyang&#039;s key feat...\" \/>\n<meta property=\"og:url\" content=\"https:\/\/mediagear.ee\/et\/toode\/samyang-af-135mm-f-1-8-sony-fe\/\" \/>\n<meta property=\"og:site_name\" content=\"MediaGear\" \/>\n<meta property=\"article:publisher\" content=\"https:\/\/www.facebook.com\/Mediagear.ee\/\" \/>\n<meta property=\"article:modified_time\" content=\"2025-11-04T23:50:46+00:00\" \/>\n<meta property=\"og:image\" content=\"https:\/\/mediagear.ee\/wp-content\/uploads\/2025\/08\/SAMYANG-AF-135mm-F1.8-Sony-FE.png\" \/>\n\t<meta property=\"og:image:width\" content=\"541\" \/>\n\t<meta property=\"og:image:height\" content=\"800\" \/>\n\t<meta property=\"og:image:type\" content=\"image\/png\" \/>\n<meta name=\"twitter:card\" content=\"summary_large_image\" \/>\n<meta name=\"twitter:label1\" content=\"Est. reading time\" \/>\n\t<meta name=\"twitter:data1\" content=\"1 minut\" \/>\n<script type=\"application\/ld+json\" class=\"yoast-schema-graph\">{\"@context\":\"https:\/\/schema.org\",\"@graph\":[{\"@type\":\"WebPage\",\"@id\":\"https:\/\/mediagear.ee\/et\/toode\/samyang-af-135mm-f-1-8-sony-fe\/\",\"url\":\"https:\/\/mediagear.ee\/et\/toode\/samyang-af-135mm-f-1-8-sony-fe\/\",\"name\":\"SAMYANG AF 135mm F\/1.8 Sony FE - MediaGear\",\"isPartOf\":{\"@id\":\"https:\/\/mediagear.ee\/et\/#website\"},\"primaryImageOfPage\":{\"@id\":\"https:\/\/mediagear.ee\/et\/toode\/samyang-af-135mm-f-1-8-sony-fe\/#primaryimage\"},\"image\":{\"@id\":\"https:\/\/mediagear.ee\/et\/toode\/samyang-af-135mm-f-1-8-sony-fe\/#primaryimage\"},\"thumbnailUrl\":\"https:\/\/mediagear.ee\/wp-content\/uploads\/2025\/08\/SAMYANG-AF-135mm-F1.8-Sony-FE.png\",\"datePublished\":\"2025-08-15T13:29:13+00:00\",\"dateModified\":\"2025-11-04T23:50:46+00:00\",\"description\":\"The new AF 135mm F1.8 FE telephoto lens is optimised for portraits, astrophotography, landscapes and video shooting. It includes Samyang's key feat...\",\"breadcrumb\":{\"@id\":\"https:\/\/mediagear.ee\/et\/toode\/samyang-af-135mm-f-1-8-sony-fe\/#breadcrumb\"},\"inLanguage\":\"et\",\"potentialAction\":[{\"@type\":\"ReadAction\",\"target\":[\"https:\/\/mediagear.ee\/et\/toode\/samyang-af-135mm-f-1-8-sony-fe\/\"]}]},{\"@type\":\"ImageObject\",\"inLanguage\":\"et\",\"@id\":\"https:\/\/mediagear.ee\/et\/toode\/samyang-af-135mm-f-1-8-sony-fe\/#primaryimage\",\"url\":\"https:\/\/mediagear.ee\/wp-content\/uploads\/2025\/08\/SAMYANG-AF-135mm-F1.8-Sony-FE.png\",\"contentUrl\":\"https:\/\/mediagear.ee\/wp-content\/uploads\/2025\/08\/SAMYANG-AF-135mm-F1.8-Sony-FE.png\",\"width\":541,\"height\":800,\"caption\":\"SAMYANG AF 135mm F\/1.8 Sony FE\"},{\"@type\":\"BreadcrumbList\",\"@id\":\"https:\/\/mediagear.ee\/et\/toode\/samyang-af-135mm-f-1-8-sony-fe\/#breadcrumb\",\"itemListElement\":[{\"@type\":\"ListItem\",\"position\":1,\"name\":\"Avaleht\",\"item\":\"https:\/\/mediagear.ee\/et\/\"},{\"@type\":\"ListItem\",\"position\":2,\"name\":\"Pro video &amp; audio tehnika pood\",\"item\":\"https:\/\/mediagear.ee\/et\/pood\/\"},{\"@type\":\"ListItem\",\"position\":3,\"name\":\"OBJEKTIIVID\",\"item\":\"https:\/\/mediagear.ee\/et\/tootekategooria\/objektiivid\/\"},{\"@type\":\"ListItem\",\"position\":4,\"name\":\"Fiksobjektiivid\",\"item\":\"https:\/\/mediagear.ee\/et\/tootekategooria\/objektiivid\/fiksobjektiivid\/\"},{\"@type\":\"ListItem\",\"position\":5,\"name\":\"SAMYANG AF 135mm F\/1.8 Sony FE\"}]},{\"@type\":\"WebSite\",\"@id\":\"https:\/\/mediagear.ee\/et\/#website\",\"url\":\"https:\/\/mediagear.ee\/et\/\",\"name\":\"MediaGear\",\"description\":\"Full-service solutions in AV equipment\",\"publisher\":{\"@id\":\"https:\/\/mediagear.ee\/et\/#organization\"},\"potentialAction\":[{\"@type\":\"SearchAction\",\"target\":{\"@type\":\"EntryPoint\",\"urlTemplate\":\"https:\/\/mediagear.ee\/et\/?s={search_term_string}\"},\"query-input\":{\"@type\":\"PropertyValueSpecification\",\"valueRequired\":true,\"valueName\":\"search_term_string\"}}],\"inLanguage\":\"et\"},{\"@type\":\"Organization\",\"@id\":\"https:\/\/mediagear.ee\/et\/#organization\",\"name\":\"Mediagear\",\"url\":\"https:\/\/mediagear.ee\/et\/\",\"logo\":{\"@type\":\"ImageObject\",\"inLanguage\":\"et\",\"@id\":\"https:\/\/mediagear.ee\/et\/#\/schema\/logo\/image\/\",\"url\":\"http:\/\/mediagear.ee\/wp-content\/uploads\/2024\/05\/MediaGear-logo-transp.png\",\"contentUrl\":\"http:\/\/mediagear.ee\/wp-content\/uploads\/2024\/05\/MediaGear-logo-transp.png\",\"width\":600,\"height\":200,\"caption\":\"Mediagear\"},\"image\":{\"@id\":\"https:\/\/mediagear.ee\/et\/#\/schema\/logo\/image\/\"},\"sameAs\":[\"https:\/\/www.facebook.com\/Mediagear.ee\/\",\"https:\/\/www.instagram.com\/mediagear_ee\/\"]}]}<\/script>\n<!-- \/ Yoast SEO plugin. -->","yoast_head_json":{"title":"SAMYANG AF 135mm F\/1.8 Sony FE - MediaGear","description":"The new AF 135mm F1.8 FE telephoto lens is optimised for portraits, astrophotography, landscapes and video shooting. It includes Samyang's key feat...","robots":{"index":"index","follow":"follow","max-snippet":"max-snippet:-1","max-image-preview":"max-image-preview:large","max-video-preview":"max-video-preview:-1"},"canonical":"https:\/\/mediagear.ee\/et\/toode\/samyang-af-135mm-f-1-8-sony-fe\/","og_locale":"et_EE","og_type":"article","og_title":"SAMYANG AF 135mm F\/1.8 Sony FE - MediaGear","og_description":"The new AF 135mm F1.8 FE telephoto lens is optimised for portraits, astrophotography, landscapes and video shooting. It includes Samyang's key feat...","og_url":"https:\/\/mediagear.ee\/et\/toode\/samyang-af-135mm-f-1-8-sony-fe\/","og_site_name":"MediaGear","article_publisher":"https:\/\/www.facebook.com\/Mediagear.ee\/","article_modified_time":"2025-11-04T23:50:46+00:00","og_image":[{"width":541,"height":800,"url":"https:\/\/mediagear.ee\/wp-content\/uploads\/2025\/08\/SAMYANG-AF-135mm-F1.8-Sony-FE.png","type":"image\/png"}],"twitter_card":"summary_large_image","twitter_misc":{"Est. reading time":"1 minut"},"schema":{"@context":"https:\/\/schema.org","@graph":[{"@type":"WebPage","@id":"https:\/\/mediagear.ee\/et\/toode\/samyang-af-135mm-f-1-8-sony-fe\/","url":"https:\/\/mediagear.ee\/et\/toode\/samyang-af-135mm-f-1-8-sony-fe\/","name":"SAMYANG AF 135mm F\/1.8 Sony FE - MediaGear","isPartOf":{"@id":"https:\/\/mediagear.ee\/et\/#website"},"primaryImageOfPage":{"@id":"https:\/\/mediagear.ee\/et\/toode\/samyang-af-135mm-f-1-8-sony-fe\/#primaryimage"},"image":{"@id":"https:\/\/mediagear.ee\/et\/toode\/samyang-af-135mm-f-1-8-sony-fe\/#primaryimage"},"thumbnailUrl":"https:\/\/mediagear.ee\/wp-content\/uploads\/2025\/08\/SAMYANG-AF-135mm-F1.8-Sony-FE.png","datePublished":"2025-08-15T13:29:13+00:00","dateModified":"2025-11-04T23:50:46+00:00","description":"The new AF 135mm F1.8 FE telephoto lens is optimised for portraits, astrophotography, landscapes and video shooting. It includes Samyang's key feat...","breadcrumb":{"@id":"https:\/\/mediagear.ee\/et\/toode\/samyang-af-135mm-f-1-8-sony-fe\/#breadcrumb"},"inLanguage":"et","potentialAction":[{"@type":"ReadAction","target":["https:\/\/mediagear.ee\/et\/toode\/samyang-af-135mm-f-1-8-sony-fe\/"]}]},{"@type":"ImageObject","inLanguage":"et","@id":"https:\/\/mediagear.ee\/et\/toode\/samyang-af-135mm-f-1-8-sony-fe\/#primaryimage","url":"https:\/\/mediagear.ee\/wp-content\/uploads\/2025\/08\/SAMYANG-AF-135mm-F1.8-Sony-FE.png","contentUrl":"https:\/\/mediagear.ee\/wp-content\/uploads\/2025\/08\/SAMYANG-AF-135mm-F1.8-Sony-FE.png","width":541,"height":800,"caption":"SAMYANG AF 135mm F\/1.8 Sony FE"},{"@type":"BreadcrumbList","@id":"https:\/\/mediagear.ee\/et\/toode\/samyang-af-135mm-f-1-8-sony-fe\/#breadcrumb","itemListElement":[{"@type":"ListItem","position":1,"name":"Avaleht","item":"https:\/\/mediagear.ee\/et\/"},{"@type":"ListItem","position":2,"name":"Pro video &amp; audio tehnika pood","item":"https:\/\/mediagear.ee\/et\/pood\/"},{"@type":"ListItem","position":3,"name":"OBJEKTIIVID","item":"https:\/\/mediagear.ee\/et\/tootekategooria\/objektiivid\/"},{"@type":"ListItem","position":4,"name":"Fiksobjektiivid","item":"https:\/\/mediagear.ee\/et\/tootekategooria\/objektiivid\/fiksobjektiivid\/"},{"@type":"ListItem","position":5,"name":"SAMYANG AF 135mm F\/1.8 Sony FE"}]},{"@type":"WebSite","@id":"https:\/\/mediagear.ee\/et\/#website","url":"https:\/\/mediagear.ee\/et\/","name":"MediaGear","description":"Full-service solutions in AV equipment","publisher":{"@id":"https:\/\/mediagear.ee\/et\/#organization"},"potentialAction":[{"@type":"SearchAction","target":{"@type":"EntryPoint","urlTemplate":"https:\/\/mediagear.ee\/et\/?s={search_term_string}"},"query-input":{"@type":"PropertyValueSpecification","valueRequired":true,"valueName":"search_term_string"}}],"inLanguage":"et"},{"@type":"Organization","@id":"https:\/\/mediagear.ee\/et\/#organization","name":"Mediagear","url":"https:\/\/mediagear.ee\/et\/","logo":{"@type":"ImageObject","inLanguage":"et","@id":"https:\/\/mediagear.ee\/et\/#\/schema\/logo\/image\/","url":"http:\/\/mediagear.ee\/wp-content\/uploads\/2024\/05\/MediaGear-logo-transp.png","contentUrl":"http:\/\/mediagear.ee\/wp-content\/uploads\/2024\/05\/MediaGear-logo-transp.png","width":600,"height":200,"caption":"Mediagear"},"image":{"@id":"https:\/\/mediagear.ee\/et\/#\/schema\/logo\/image\/"},"sameAs":["https:\/\/www.facebook.com\/Mediagear.ee\/","https:\/\/www.instagram.com\/mediagear_ee\/"]}]}},"_links":{"self":[{"href":"https:\/\/mediagear.ee\/et\/wp-json\/wp\/v2\/product\/260126","targetHints":{"allow":["GET"]}}],"collection":[{"href":"https:\/\/mediagear.ee\/et\/wp-json\/wp\/v2\/product"}],"about":[{"href":"https:\/\/mediagear.ee\/et\/wp-json\/wp\/v2\/types\/product"}],"wp:featuredmedia":[{"embeddable":true,"href":"https:\/\/mediagear.ee\/et\/wp-json\/wp\/v2\/media\/259785"}],"wp:attachment":[{"href":"https:\/\/mediagear.ee\/et\/wp-json\/wp\/v2\/media?parent=260126"}],"wp:term":[{"taxonomy":"brand","embeddable":true,"href":"https:\/\/mediagear.ee\/et\/wp-json\/wp\/v2\/brand?post=260126"},{"taxonomy":"product_cat","embeddable":true,"href":"https:\/\/mediagear.ee\/et\/wp-json\/wp\/v2\/product_cat?post=260126"},{"taxonomy":"product_tag","embeddable":true,"href":"https:\/\/mediagear.ee\/et\/wp-json\/wp\/v2\/product_tag?post=260126"},{"taxonomy":"inventory","embeddable":true,"href":"https:\/\/mediagear.ee\/et\/wp-json\/wp\/v2\/inventory?post=260126"}],"curies":[{"name":"wp","href":"https:\/\/api.w.org\/{rel}","templated":true}]}}