{"id":283725,"date":"2025-09-04T14:52:51","date_gmt":"2025-09-04T11:52:51","guid":{"rendered":"http:\/\/mediagear.ee\/product\/lexar-microsdxc-express-play-pro-express-7-1-r900-w600-c10-u3-uhs-i-v30-256gb\/"},"modified":"2026-01-15T14:32:33","modified_gmt":"2026-01-15T12:32:33","slug":"lexar-microsdxc-express-play-pro-express-7-1-r900-w600-c10-u3-uhs-i-v30-256gb","status":"publish","type":"product","link":"https:\/\/mediagear.ee\/et\/toode\/lexar-microsdxc-express-play-pro-express-7-1-r900-w600-c10-u3-uhs-i-v30-256gb\/","title":{"rendered":"LEXAR microSDXC Express PLAY Pro Express 7.1, R900\/W600 C10 U3 UHS-I (V30) 256GB"},"content":{"rendered":"<div>Lexar PLAY PRO microSDXCExpress-kaart annab m\u00e4ngijatele eepilise v\u00f5imsuse kuni 900MB\/s lugemis- ja 600MB\/s kirjutamiskiirusega1. Kuni 1TB mahutavusega pakub see ka ruumi paljudele AAA-m\u00e4ngudele ja on varustatud piiratud eluaegse garantiiga2.<\/div>\n<div>Pluss, see on tagasi\u00fchilduv UHS- I vastuv\u00f5tvate seadmetega, mis lisab mugavust. T\u00e4nu j\u00e4rgmise p\u00f5lvkonna PCIe- ja NVMe-liidesetehnoloogiale, mis tagab kuni 900 MB\/s lugemiskiiruse1, on PLAY PRO microSDXC Express kaart h\u00e4mmastavalt 4x kiirem kui tavalised UHS- I microSD-kaardid &#8211; see t\u00e4hendab, et m\u00e4ngud laadivad kiiremini ja tagavad ka sujuva, viivituseta m\u00e4ngukogemuse.<\/div>\n<div><\/div>\n<div>\n<ul>\n<li>\n<li><span>Revolutsiooniline j\u00f5udlus on 4x kiirem kui tavalistel UHS- I microSD-kaartidel<br \/><\/span><\/li>\n<\/li>\n<\/ul>\n<\/div>\n<div>\n<div>\n<ul>\n<li><lilist-style-type: disc\"=\"\"><span>kirjutamiskiirus kuni 600MB\/s1saadab <\/span>kiirendatud allalaadimiskiiruse, kui see on \u00fchendatud Lexar microSD Express kaardilugejaga<\/lilist-style-type:><\/li>\n<\/ul>\n<\/div>\n<div>\n<ul>\n<ul>\n<li>: Level- up your handheld gaming experience with next- gen tech<\/li>\n<\/ul>\n<\/ul>\n<\/div>\n<div>\n<ul>\n<ul>\n<li><span>1TB microSD Express card offers more space <\/span>for your favorite games<\/li>\n<\/ul>\n<\/ul>\n<\/div>\n<\/div>\n<div>\n<ul>\n<ul>\n<li>1TB microSD Express card offers more space for your favorite games<\/li>\n<\/ul>\n<\/ul>\n<\/div>\n<div>\n<ul><lilist-style-type: disc\"=\"\"><span>Tagasi \u00fchilduv UHS- I ja <\/span>UHS- II (UHS- I kiirusel) vastuv\u00f5tvate seadmetega, tulevikukindel microSD Express seadmete jaoks<\/lilist-style-type:><\/ul>\n<\/div>\n<div>\n<ul>\n<li><li: <=\"\" span=\"\">Komplektis on piiratud eluaegne garantii2 ja eluaegne juurdep\u00e4\u00e4s Lexar Recovery Tool&#8217;ile, mis tagab meelerahu<\/li:><\/li>\n<\/ul>\n<\/div>\n","protected":false},"excerpt":{"rendered":"<p>With up to 900MB\/s read and 600MB\/s write1, the Lexar PLAY PRO microSDXCExpress Card gives gamers an epic performance power- up. With capacity up to 1TB, it also offers space for many AAA games and comes with a limited lifetime warranty2.Plus, it&#8217;s backwards- compatible with UHS- I host devices for added convenience.Revolutionary Performance. Thanks to its next- gen tech of PCIe and NVMe interface technologies that deliver up to 900MB\/s read speed1, the PLAY PRO microSDXC Express Card is a stunning 4x faster than typical UHS- I microSD cards \u2012 meaning that games load faster and also ensuring a smooth, lag- free experience.<\/p>\n","protected":false},"featured_media":283726,"template":"","meta":{"_acf_changed":false},"brand":[4437],"product_cat":[5296],"product_tag":[],"inventory":[],"class_list":{"0":"post-283725","1":"product","2":"type-product","3":"status-publish","4":"has-post-thumbnail","6":"brand-lexar-et","7":"product_cat-malukaardid","8":"pa_capacity-256-gb-et","10":"first","11":"onbackorder","12":"taxable","13":"shipping-taxable","14":"purchasable","15":"product-type-simple"},"acf":[],"yoast_head":"<!-- This site is optimized with the Yoast SEO plugin v27.1.1 - https:\/\/yoast.com\/product\/yoast-seo-wordpress\/ -->\n<title>LEXAR microSDXC Express PLAY Pro Express 7.1, R900\/W600 C10 U3 UHS-I (V30) 256GB - MediaGear<\/title>\n<meta name=\"description\" content=\"With up to 900MB\/s read and 600MB\/s write1, the Lexar PLAY PRO microSDXCExpress Card gives gamers an epic performance power- up. With capacity up t...\" \/>\n<meta name=\"robots\" content=\"index, follow, max-snippet:-1, max-image-preview:large, max-video-preview:-1\" \/>\n<link rel=\"canonical\" href=\"https:\/\/mediagear.ee\/et\/toode\/lexar-microsdxc-express-play-pro-express-7-1-r900-w600-c10-u3-uhs-i-v30-256gb\/\" \/>\n<meta property=\"og:locale\" content=\"et_EE\" \/>\n<meta property=\"og:type\" content=\"article\" \/>\n<meta property=\"og:title\" content=\"LEXAR microSDXC Express PLAY Pro Express 7.1, R900\/W600 C10 U3 UHS-I (V30) 256GB - MediaGear\" \/>\n<meta property=\"og:description\" content=\"With up to 900MB\/s read and 600MB\/s write1, the Lexar PLAY PRO microSDXCExpress Card gives gamers an epic performance power- up. With capacity up t...\" \/>\n<meta property=\"og:url\" content=\"https:\/\/mediagear.ee\/et\/toode\/lexar-microsdxc-express-play-pro-express-7-1-r900-w600-c10-u3-uhs-i-v30-256gb\/\" \/>\n<meta property=\"og:site_name\" content=\"MediaGear\" \/>\n<meta property=\"article:publisher\" content=\"https:\/\/www.facebook.com\/Mediagear.ee\/\" \/>\n<meta property=\"article:modified_time\" content=\"2026-01-15T12:32:33+00:00\" \/>\n<meta property=\"og:image\" content=\"https:\/\/mediagear.ee\/wp-content\/uploads\/2025\/09\/LEXAR-microSDXC-Express-PLAY-Pro-Express-7.1-R900W600-C10-U3-UHS-I-V30-256GB.png\" \/>\n\t<meta property=\"og:image:width\" content=\"800\" \/>\n\t<meta property=\"og:image:height\" content=\"589\" \/>\n\t<meta property=\"og:image:type\" content=\"image\/png\" \/>\n<meta name=\"twitter:card\" content=\"summary_large_image\" \/>\n<meta name=\"twitter:label1\" content=\"Est. reading time\" \/>\n\t<meta name=\"twitter:data1\" content=\"1 minut\" \/>\n<script type=\"application\/ld+json\" class=\"yoast-schema-graph\">{\"@context\":\"https:\/\/schema.org\",\"@graph\":[{\"@type\":\"WebPage\",\"@id\":\"https:\/\/mediagear.ee\/et\/toode\/lexar-microsdxc-express-play-pro-express-7-1-r900-w600-c10-u3-uhs-i-v30-256gb\/\",\"url\":\"https:\/\/mediagear.ee\/et\/toode\/lexar-microsdxc-express-play-pro-express-7-1-r900-w600-c10-u3-uhs-i-v30-256gb\/\",\"name\":\"LEXAR microSDXC Express PLAY Pro Express 7.1, R900\/W600 C10 U3 UHS-I (V30) 256GB - MediaGear\",\"isPartOf\":{\"@id\":\"https:\/\/mediagear.ee\/et\/#website\"},\"primaryImageOfPage\":{\"@id\":\"https:\/\/mediagear.ee\/et\/toode\/lexar-microsdxc-express-play-pro-express-7-1-r900-w600-c10-u3-uhs-i-v30-256gb\/#primaryimage\"},\"image\":{\"@id\":\"https:\/\/mediagear.ee\/et\/toode\/lexar-microsdxc-express-play-pro-express-7-1-r900-w600-c10-u3-uhs-i-v30-256gb\/#primaryimage\"},\"thumbnailUrl\":\"https:\/\/mediagear.ee\/wp-content\/uploads\/2025\/09\/LEXAR-microSDXC-Express-PLAY-Pro-Express-7.1-R900W600-C10-U3-UHS-I-V30-256GB.png\",\"datePublished\":\"2025-09-04T11:52:51+00:00\",\"dateModified\":\"2026-01-15T12:32:33+00:00\",\"description\":\"With up to 900MB\/s read and 600MB\/s write1, the Lexar PLAY PRO microSDXCExpress Card gives gamers an epic performance power- up. With capacity up t...\",\"breadcrumb\":{\"@id\":\"https:\/\/mediagear.ee\/et\/toode\/lexar-microsdxc-express-play-pro-express-7-1-r900-w600-c10-u3-uhs-i-v30-256gb\/#breadcrumb\"},\"inLanguage\":\"et\",\"potentialAction\":[{\"@type\":\"ReadAction\",\"target\":[\"https:\/\/mediagear.ee\/et\/toode\/lexar-microsdxc-express-play-pro-express-7-1-r900-w600-c10-u3-uhs-i-v30-256gb\/\"]}]},{\"@type\":\"ImageObject\",\"inLanguage\":\"et\",\"@id\":\"https:\/\/mediagear.ee\/et\/toode\/lexar-microsdxc-express-play-pro-express-7-1-r900-w600-c10-u3-uhs-i-v30-256gb\/#primaryimage\",\"url\":\"https:\/\/mediagear.ee\/wp-content\/uploads\/2025\/09\/LEXAR-microSDXC-Express-PLAY-Pro-Express-7.1-R900W600-C10-U3-UHS-I-V30-256GB.png\",\"contentUrl\":\"https:\/\/mediagear.ee\/wp-content\/uploads\/2025\/09\/LEXAR-microSDXC-Express-PLAY-Pro-Express-7.1-R900W600-C10-U3-UHS-I-V30-256GB.png\",\"width\":800,\"height\":589,\"caption\":\"LEXAR microSDXC Express PLAY Pro Express 7.1, R900\/W600 C10 U3 UHS-I (V30) 256GB\"},{\"@type\":\"BreadcrumbList\",\"@id\":\"https:\/\/mediagear.ee\/et\/toode\/lexar-microsdxc-express-play-pro-express-7-1-r900-w600-c10-u3-uhs-i-v30-256gb\/#breadcrumb\",\"itemListElement\":[{\"@type\":\"ListItem\",\"position\":1,\"name\":\"Avaleht\",\"item\":\"https:\/\/mediagear.ee\/et\/\"},{\"@type\":\"ListItem\",\"position\":2,\"name\":\"Pro video &amp; audio tehnika pood\",\"item\":\"https:\/\/mediagear.ee\/et\/pood\/\"},{\"@type\":\"ListItem\",\"position\":3,\"name\":\"SALVESTUSMEEDIA\",\"item\":\"https:\/\/mediagear.ee\/et\/tootekategooria\/salvestusmeedia\/\"},{\"@type\":\"ListItem\",\"position\":4,\"name\":\"M\u00e4lukaardid\",\"item\":\"https:\/\/mediagear.ee\/et\/tootekategooria\/salvestusmeedia\/malukaardid\/\"},{\"@type\":\"ListItem\",\"position\":5,\"name\":\"LEXAR microSDXC Express PLAY Pro Express 7.1, R900\/W600 C10 U3 UHS-I (V30) 256GB\"}]},{\"@type\":\"WebSite\",\"@id\":\"https:\/\/mediagear.ee\/et\/#website\",\"url\":\"https:\/\/mediagear.ee\/et\/\",\"name\":\"MediaGear\",\"description\":\"Full-service solutions in AV equipment\",\"publisher\":{\"@id\":\"https:\/\/mediagear.ee\/et\/#organization\"},\"potentialAction\":[{\"@type\":\"SearchAction\",\"target\":{\"@type\":\"EntryPoint\",\"urlTemplate\":\"https:\/\/mediagear.ee\/et\/?s={search_term_string}\"},\"query-input\":{\"@type\":\"PropertyValueSpecification\",\"valueRequired\":true,\"valueName\":\"search_term_string\"}}],\"inLanguage\":\"et\"},{\"@type\":\"Organization\",\"@id\":\"https:\/\/mediagear.ee\/et\/#organization\",\"name\":\"Mediagear\",\"url\":\"https:\/\/mediagear.ee\/et\/\",\"logo\":{\"@type\":\"ImageObject\",\"inLanguage\":\"et\",\"@id\":\"https:\/\/mediagear.ee\/et\/#\/schema\/logo\/image\/\",\"url\":\"http:\/\/mediagear.ee\/wp-content\/uploads\/2024\/05\/MediaGear-logo-transp.png\",\"contentUrl\":\"http:\/\/mediagear.ee\/wp-content\/uploads\/2024\/05\/MediaGear-logo-transp.png\",\"width\":600,\"height\":200,\"caption\":\"Mediagear\"},\"image\":{\"@id\":\"https:\/\/mediagear.ee\/et\/#\/schema\/logo\/image\/\"},\"sameAs\":[\"https:\/\/www.facebook.com\/Mediagear.ee\/\",\"https:\/\/www.instagram.com\/mediagear_ee\/\"]}]}<\/script>\n<!-- \/ Yoast SEO plugin. -->","yoast_head_json":{"title":"LEXAR microSDXC Express PLAY Pro Express 7.1, R900\/W600 C10 U3 UHS-I (V30) 256GB - MediaGear","description":"With up to 900MB\/s read and 600MB\/s write1, the Lexar PLAY PRO microSDXCExpress Card gives gamers an epic performance power- up. With capacity up t...","robots":{"index":"index","follow":"follow","max-snippet":"max-snippet:-1","max-image-preview":"max-image-preview:large","max-video-preview":"max-video-preview:-1"},"canonical":"https:\/\/mediagear.ee\/et\/toode\/lexar-microsdxc-express-play-pro-express-7-1-r900-w600-c10-u3-uhs-i-v30-256gb\/","og_locale":"et_EE","og_type":"article","og_title":"LEXAR microSDXC Express PLAY Pro Express 7.1, R900\/W600 C10 U3 UHS-I (V30) 256GB - MediaGear","og_description":"With up to 900MB\/s read and 600MB\/s write1, the Lexar PLAY PRO microSDXCExpress Card gives gamers an epic performance power- up. With capacity up t...","og_url":"https:\/\/mediagear.ee\/et\/toode\/lexar-microsdxc-express-play-pro-express-7-1-r900-w600-c10-u3-uhs-i-v30-256gb\/","og_site_name":"MediaGear","article_publisher":"https:\/\/www.facebook.com\/Mediagear.ee\/","article_modified_time":"2026-01-15T12:32:33+00:00","og_image":[{"width":800,"height":589,"url":"https:\/\/mediagear.ee\/wp-content\/uploads\/2025\/09\/LEXAR-microSDXC-Express-PLAY-Pro-Express-7.1-R900W600-C10-U3-UHS-I-V30-256GB.png","type":"image\/png"}],"twitter_card":"summary_large_image","twitter_misc":{"Est. reading time":"1 minut"},"schema":{"@context":"https:\/\/schema.org","@graph":[{"@type":"WebPage","@id":"https:\/\/mediagear.ee\/et\/toode\/lexar-microsdxc-express-play-pro-express-7-1-r900-w600-c10-u3-uhs-i-v30-256gb\/","url":"https:\/\/mediagear.ee\/et\/toode\/lexar-microsdxc-express-play-pro-express-7-1-r900-w600-c10-u3-uhs-i-v30-256gb\/","name":"LEXAR microSDXC Express PLAY Pro Express 7.1, R900\/W600 C10 U3 UHS-I (V30) 256GB - MediaGear","isPartOf":{"@id":"https:\/\/mediagear.ee\/et\/#website"},"primaryImageOfPage":{"@id":"https:\/\/mediagear.ee\/et\/toode\/lexar-microsdxc-express-play-pro-express-7-1-r900-w600-c10-u3-uhs-i-v30-256gb\/#primaryimage"},"image":{"@id":"https:\/\/mediagear.ee\/et\/toode\/lexar-microsdxc-express-play-pro-express-7-1-r900-w600-c10-u3-uhs-i-v30-256gb\/#primaryimage"},"thumbnailUrl":"https:\/\/mediagear.ee\/wp-content\/uploads\/2025\/09\/LEXAR-microSDXC-Express-PLAY-Pro-Express-7.1-R900W600-C10-U3-UHS-I-V30-256GB.png","datePublished":"2025-09-04T11:52:51+00:00","dateModified":"2026-01-15T12:32:33+00:00","description":"With up to 900MB\/s read and 600MB\/s write1, the Lexar PLAY PRO microSDXCExpress Card gives gamers an epic performance power- up. With capacity up t...","breadcrumb":{"@id":"https:\/\/mediagear.ee\/et\/toode\/lexar-microsdxc-express-play-pro-express-7-1-r900-w600-c10-u3-uhs-i-v30-256gb\/#breadcrumb"},"inLanguage":"et","potentialAction":[{"@type":"ReadAction","target":["https:\/\/mediagear.ee\/et\/toode\/lexar-microsdxc-express-play-pro-express-7-1-r900-w600-c10-u3-uhs-i-v30-256gb\/"]}]},{"@type":"ImageObject","inLanguage":"et","@id":"https:\/\/mediagear.ee\/et\/toode\/lexar-microsdxc-express-play-pro-express-7-1-r900-w600-c10-u3-uhs-i-v30-256gb\/#primaryimage","url":"https:\/\/mediagear.ee\/wp-content\/uploads\/2025\/09\/LEXAR-microSDXC-Express-PLAY-Pro-Express-7.1-R900W600-C10-U3-UHS-I-V30-256GB.png","contentUrl":"https:\/\/mediagear.ee\/wp-content\/uploads\/2025\/09\/LEXAR-microSDXC-Express-PLAY-Pro-Express-7.1-R900W600-C10-U3-UHS-I-V30-256GB.png","width":800,"height":589,"caption":"LEXAR microSDXC Express PLAY Pro Express 7.1, R900\/W600 C10 U3 UHS-I (V30) 256GB"},{"@type":"BreadcrumbList","@id":"https:\/\/mediagear.ee\/et\/toode\/lexar-microsdxc-express-play-pro-express-7-1-r900-w600-c10-u3-uhs-i-v30-256gb\/#breadcrumb","itemListElement":[{"@type":"ListItem","position":1,"name":"Avaleht","item":"https:\/\/mediagear.ee\/et\/"},{"@type":"ListItem","position":2,"name":"Pro video &amp; audio tehnika pood","item":"https:\/\/mediagear.ee\/et\/pood\/"},{"@type":"ListItem","position":3,"name":"SALVESTUSMEEDIA","item":"https:\/\/mediagear.ee\/et\/tootekategooria\/salvestusmeedia\/"},{"@type":"ListItem","position":4,"name":"M\u00e4lukaardid","item":"https:\/\/mediagear.ee\/et\/tootekategooria\/salvestusmeedia\/malukaardid\/"},{"@type":"ListItem","position":5,"name":"LEXAR microSDXC Express PLAY Pro Express 7.1, R900\/W600 C10 U3 UHS-I (V30) 256GB"}]},{"@type":"WebSite","@id":"https:\/\/mediagear.ee\/et\/#website","url":"https:\/\/mediagear.ee\/et\/","name":"MediaGear","description":"Full-service solutions in AV equipment","publisher":{"@id":"https:\/\/mediagear.ee\/et\/#organization"},"potentialAction":[{"@type":"SearchAction","target":{"@type":"EntryPoint","urlTemplate":"https:\/\/mediagear.ee\/et\/?s={search_term_string}"},"query-input":{"@type":"PropertyValueSpecification","valueRequired":true,"valueName":"search_term_string"}}],"inLanguage":"et"},{"@type":"Organization","@id":"https:\/\/mediagear.ee\/et\/#organization","name":"Mediagear","url":"https:\/\/mediagear.ee\/et\/","logo":{"@type":"ImageObject","inLanguage":"et","@id":"https:\/\/mediagear.ee\/et\/#\/schema\/logo\/image\/","url":"http:\/\/mediagear.ee\/wp-content\/uploads\/2024\/05\/MediaGear-logo-transp.png","contentUrl":"http:\/\/mediagear.ee\/wp-content\/uploads\/2024\/05\/MediaGear-logo-transp.png","width":600,"height":200,"caption":"Mediagear"},"image":{"@id":"https:\/\/mediagear.ee\/et\/#\/schema\/logo\/image\/"},"sameAs":["https:\/\/www.facebook.com\/Mediagear.ee\/","https:\/\/www.instagram.com\/mediagear_ee\/"]}]}},"_links":{"self":[{"href":"https:\/\/mediagear.ee\/et\/wp-json\/wp\/v2\/product\/283725","targetHints":{"allow":["GET"]}}],"collection":[{"href":"https:\/\/mediagear.ee\/et\/wp-json\/wp\/v2\/product"}],"about":[{"href":"https:\/\/mediagear.ee\/et\/wp-json\/wp\/v2\/types\/product"}],"wp:featuredmedia":[{"embeddable":true,"href":"https:\/\/mediagear.ee\/et\/wp-json\/wp\/v2\/media\/283726"}],"wp:attachment":[{"href":"https:\/\/mediagear.ee\/et\/wp-json\/wp\/v2\/media?parent=283725"}],"wp:term":[{"taxonomy":"brand","embeddable":true,"href":"https:\/\/mediagear.ee\/et\/wp-json\/wp\/v2\/brand?post=283725"},{"taxonomy":"product_cat","embeddable":true,"href":"https:\/\/mediagear.ee\/et\/wp-json\/wp\/v2\/product_cat?post=283725"},{"taxonomy":"product_tag","embeddable":true,"href":"https:\/\/mediagear.ee\/et\/wp-json\/wp\/v2\/product_tag?post=283725"},{"taxonomy":"inventory","embeddable":true,"href":"https:\/\/mediagear.ee\/et\/wp-json\/wp\/v2\/inventory?post=283725"}],"curies":[{"name":"wp","href":"https:\/\/api.w.org\/{rel}","templated":true}]}}