{"id":283765,"date":"2025-09-04T14:50:51","date_gmt":"2025-09-04T11:50:51","guid":{"rendered":"http:\/\/mediagear.ee\/product\/lexar-cardreader-cfexpress-type-a-sd-lrw530u-uhs-ii-usb-3-2-gen2-reader\/"},"modified":"2026-01-15T14:32:36","modified_gmt":"2026-01-15T12:32:36","slug":"lexar-cardreader-cfexpress-type-a-sd-lrw530u-uhs-ii-usb-3-2-gen2-reader","status":"publish","type":"product","link":"https:\/\/mediagear.ee\/et\/toode\/lexar-cardreader-cfexpress-type-a-sd-lrw530u-uhs-ii-usb-3-2-gen2-reader\/","title":{"rendered":"LEXAR Cardreader CFexpress Type A &#038; SD (LRW530U) UHS-II USB 3.2 Gen2 Reader"},"content":{"rendered":"<p><strong>Versatiivne kaardilugeja t\u00f5husamate t\u00f6\u00f6voogude jaoks<\/strong><br \/>\nUutele Lexar CFexpress\u2122 Type A m\u00e4lukaartidele optimeeritud CFexpress\u2122 Type A\/SD\u2122 kaardilugeja pakub kiiret USB 10Gbps (USB 3.2 Gen 2) \u00fclekandekiirust, mis v\u00f5imaldab sisuloojatel luua t\u00f5husa t\u00f6\u00f6voo k\u00f5rge resolutsiooniga foto- ja videosisu edastamisel.<\/p>\n<p><strong>Suundlikum t\u00f6\u00f6voog 10Gbps kiirusega<\/strong><br \/>\nUSB 3.2 Gen 2 toega Lexar\u00ae Professional CFexpress\u2122 Type A\/SD\u2122 USB 3.2 Gen 2 lugeja toetab USB Type-C\u00ae abil 10Gbps kiiret \u00fclekannet, mis teeb suurte failide ja 8K-videote edastamise sekunditega lihtsaks.<\/p>\n<p><strong>Kompaktne ja vastupidav disain<\/strong><br \/>\nLexar\u00ae Professional CFexpress\u2122 Type A\/SD\u2122 USB 3.2 Gen 2 lugejal on kerge disain, mis v\u00f5imaldab lugeja h\u00f5lpsasti taskusse v\u00f5i kotti mahutada, mist\u00f5ttu on see ideaalne andmete edastamiseks teel olles. Ja t\u00e4nu kulumiskindlale metallpinnale on lugeja nii vastupidav kui ka stiilne.<\/p>\n<p><strong>Tugevalt testitud<\/strong><br \/>\nK\u00f5ik Lexari toodete disainilahendused l\u00e4bivad Lexari kvaliteedilaborites, rajatistes \u00fcle 1100 digitaalse seadmega ulatuslikud testid, et tagada j\u00f5udlus, kvaliteet, \u00fchilduvus ja usaldusv\u00e4\u00e4rsus.<\/p>\n","protected":false},"excerpt":{"rendered":"<p>Optimized for the new Lexar CFexpress\u2122 Type A memory cards, the CFexpress\u2122 Type A\/SD\u2122 Card Reader provides high-speed USB 10Gbps (USB 3.2 Gen 2) transfer speeds, allowing content creators to establish an efficient workflow when transferring high-resolution photo and video content.<\/p>\n","protected":false},"featured_media":283766,"template":"","meta":{"_acf_changed":false},"brand":[4437],"product_cat":[5295],"product_tag":[],"inventory":[],"class_list":{"0":"post-283765","1":"product","2":"type-product","3":"status-publish","4":"has-post-thumbnail","6":"brand-lexar-et","7":"product_cat-kaardilugejad","9":"first","10":"onbackorder","11":"taxable","12":"shipping-taxable","13":"purchasable","14":"product-type-simple"},"acf":[],"yoast_head":"<!-- This site is optimized with the Yoast SEO plugin v27.1.1 - https:\/\/yoast.com\/product\/yoast-seo-wordpress\/ -->\n<title>LEXAR Cardreader CFexpress Type A &amp; SD (LRW530U) UHS-II USB 3.2 Gen2 Reader - MediaGear<\/title>\n<meta name=\"description\" content=\"Optimized for the new Lexar CFexpress\u2122 Type A memory cards, the CFexpress\u2122 Type A\/SD\u2122 Card Reader provides high-speed USB 10Gbps (USB 3.2 Gen 2) tr...\" \/>\n<meta name=\"robots\" content=\"index, follow, max-snippet:-1, max-image-preview:large, max-video-preview:-1\" \/>\n<link rel=\"canonical\" href=\"https:\/\/mediagear.ee\/et\/toode\/lexar-cardreader-cfexpress-type-a-sd-lrw530u-uhs-ii-usb-3-2-gen2-reader\/\" \/>\n<meta property=\"og:locale\" content=\"et_EE\" \/>\n<meta property=\"og:type\" content=\"article\" \/>\n<meta property=\"og:title\" content=\"LEXAR Cardreader CFexpress Type A &amp; SD (LRW530U) UHS-II USB 3.2 Gen2 Reader - MediaGear\" \/>\n<meta property=\"og:description\" content=\"Optimized for the new Lexar CFexpress\u2122 Type A memory cards, the CFexpress\u2122 Type A\/SD\u2122 Card Reader provides high-speed USB 10Gbps (USB 3.2 Gen 2) tr...\" \/>\n<meta property=\"og:url\" content=\"https:\/\/mediagear.ee\/et\/toode\/lexar-cardreader-cfexpress-type-a-sd-lrw530u-uhs-ii-usb-3-2-gen2-reader\/\" \/>\n<meta property=\"og:site_name\" content=\"MediaGear\" \/>\n<meta property=\"article:publisher\" content=\"https:\/\/www.facebook.com\/Mediagear.ee\/\" \/>\n<meta property=\"article:modified_time\" content=\"2026-01-15T12:32:36+00:00\" \/>\n<meta property=\"og:image\" content=\"https:\/\/mediagear.ee\/wp-content\/uploads\/2025\/09\/LEXAR-Cardreader-CFexpress-Type-A-SD-LRW530U-UHS-II-USB-3.2-Gen2-Reader.png\" \/>\n\t<meta property=\"og:image:width\" content=\"800\" \/>\n\t<meta property=\"og:image:height\" content=\"450\" \/>\n\t<meta property=\"og:image:type\" content=\"image\/png\" \/>\n<meta name=\"twitter:card\" content=\"summary_large_image\" \/>\n<meta name=\"twitter:label1\" content=\"Est. reading time\" \/>\n\t<meta name=\"twitter:data1\" content=\"1 minut\" \/>\n<script type=\"application\/ld+json\" class=\"yoast-schema-graph\">{\"@context\":\"https:\/\/schema.org\",\"@graph\":[{\"@type\":\"WebPage\",\"@id\":\"https:\/\/mediagear.ee\/et\/toode\/lexar-cardreader-cfexpress-type-a-sd-lrw530u-uhs-ii-usb-3-2-gen2-reader\/\",\"url\":\"https:\/\/mediagear.ee\/et\/toode\/lexar-cardreader-cfexpress-type-a-sd-lrw530u-uhs-ii-usb-3-2-gen2-reader\/\",\"name\":\"LEXAR Cardreader CFexpress Type A & SD (LRW530U) UHS-II USB 3.2 Gen2 Reader - MediaGear\",\"isPartOf\":{\"@id\":\"https:\/\/mediagear.ee\/et\/#website\"},\"primaryImageOfPage\":{\"@id\":\"https:\/\/mediagear.ee\/et\/toode\/lexar-cardreader-cfexpress-type-a-sd-lrw530u-uhs-ii-usb-3-2-gen2-reader\/#primaryimage\"},\"image\":{\"@id\":\"https:\/\/mediagear.ee\/et\/toode\/lexar-cardreader-cfexpress-type-a-sd-lrw530u-uhs-ii-usb-3-2-gen2-reader\/#primaryimage\"},\"thumbnailUrl\":\"https:\/\/mediagear.ee\/wp-content\/uploads\/2025\/09\/LEXAR-Cardreader-CFexpress-Type-A-SD-LRW530U-UHS-II-USB-3.2-Gen2-Reader.png\",\"datePublished\":\"2025-09-04T11:50:51+00:00\",\"dateModified\":\"2026-01-15T12:32:36+00:00\",\"description\":\"Optimized for the new Lexar CFexpress\u2122 Type A memory cards, the CFexpress\u2122 Type A\/SD\u2122 Card Reader provides high-speed USB 10Gbps (USB 3.2 Gen 2) tr...\",\"breadcrumb\":{\"@id\":\"https:\/\/mediagear.ee\/et\/toode\/lexar-cardreader-cfexpress-type-a-sd-lrw530u-uhs-ii-usb-3-2-gen2-reader\/#breadcrumb\"},\"inLanguage\":\"et\",\"potentialAction\":[{\"@type\":\"ReadAction\",\"target\":[\"https:\/\/mediagear.ee\/et\/toode\/lexar-cardreader-cfexpress-type-a-sd-lrw530u-uhs-ii-usb-3-2-gen2-reader\/\"]}]},{\"@type\":\"ImageObject\",\"inLanguage\":\"et\",\"@id\":\"https:\/\/mediagear.ee\/et\/toode\/lexar-cardreader-cfexpress-type-a-sd-lrw530u-uhs-ii-usb-3-2-gen2-reader\/#primaryimage\",\"url\":\"https:\/\/mediagear.ee\/wp-content\/uploads\/2025\/09\/LEXAR-Cardreader-CFexpress-Type-A-SD-LRW530U-UHS-II-USB-3.2-Gen2-Reader.png\",\"contentUrl\":\"https:\/\/mediagear.ee\/wp-content\/uploads\/2025\/09\/LEXAR-Cardreader-CFexpress-Type-A-SD-LRW530U-UHS-II-USB-3.2-Gen2-Reader.png\",\"width\":800,\"height\":450,\"caption\":\"LEXAR Cardreader CFexpress Type A & SD (LRW530U) UHS-II USB 3.2 Gen2 Reader\"},{\"@type\":\"BreadcrumbList\",\"@id\":\"https:\/\/mediagear.ee\/et\/toode\/lexar-cardreader-cfexpress-type-a-sd-lrw530u-uhs-ii-usb-3-2-gen2-reader\/#breadcrumb\",\"itemListElement\":[{\"@type\":\"ListItem\",\"position\":1,\"name\":\"Avaleht\",\"item\":\"https:\/\/mediagear.ee\/et\/\"},{\"@type\":\"ListItem\",\"position\":2,\"name\":\"Pro video &amp; audio tehnika pood\",\"item\":\"https:\/\/mediagear.ee\/et\/pood\/\"},{\"@type\":\"ListItem\",\"position\":3,\"name\":\"SALVESTUSMEEDIA\",\"item\":\"https:\/\/mediagear.ee\/et\/tootekategooria\/salvestusmeedia\/\"},{\"@type\":\"ListItem\",\"position\":4,\"name\":\"Kaardilugejad\",\"item\":\"https:\/\/mediagear.ee\/et\/tootekategooria\/salvestusmeedia\/kaardilugejad\/\"},{\"@type\":\"ListItem\",\"position\":5,\"name\":\"LEXAR Cardreader CFexpress Type A &#038; SD (LRW530U) UHS-II USB 3.2 Gen2 Reader\"}]},{\"@type\":\"WebSite\",\"@id\":\"https:\/\/mediagear.ee\/et\/#website\",\"url\":\"https:\/\/mediagear.ee\/et\/\",\"name\":\"MediaGear\",\"description\":\"Full-service solutions in AV equipment\",\"publisher\":{\"@id\":\"https:\/\/mediagear.ee\/et\/#organization\"},\"potentialAction\":[{\"@type\":\"SearchAction\",\"target\":{\"@type\":\"EntryPoint\",\"urlTemplate\":\"https:\/\/mediagear.ee\/et\/?s={search_term_string}\"},\"query-input\":{\"@type\":\"PropertyValueSpecification\",\"valueRequired\":true,\"valueName\":\"search_term_string\"}}],\"inLanguage\":\"et\"},{\"@type\":\"Organization\",\"@id\":\"https:\/\/mediagear.ee\/et\/#organization\",\"name\":\"Mediagear\",\"url\":\"https:\/\/mediagear.ee\/et\/\",\"logo\":{\"@type\":\"ImageObject\",\"inLanguage\":\"et\",\"@id\":\"https:\/\/mediagear.ee\/et\/#\/schema\/logo\/image\/\",\"url\":\"http:\/\/mediagear.ee\/wp-content\/uploads\/2024\/05\/MediaGear-logo-transp.png\",\"contentUrl\":\"http:\/\/mediagear.ee\/wp-content\/uploads\/2024\/05\/MediaGear-logo-transp.png\",\"width\":600,\"height\":200,\"caption\":\"Mediagear\"},\"image\":{\"@id\":\"https:\/\/mediagear.ee\/et\/#\/schema\/logo\/image\/\"},\"sameAs\":[\"https:\/\/www.facebook.com\/Mediagear.ee\/\",\"https:\/\/www.instagram.com\/mediagear_ee\/\"]}]}<\/script>\n<!-- \/ Yoast SEO plugin. -->","yoast_head_json":{"title":"LEXAR Cardreader CFexpress Type A & SD (LRW530U) UHS-II USB 3.2 Gen2 Reader - MediaGear","description":"Optimized for the new Lexar CFexpress\u2122 Type A memory cards, the CFexpress\u2122 Type A\/SD\u2122 Card Reader provides high-speed USB 10Gbps (USB 3.2 Gen 2) tr...","robots":{"index":"index","follow":"follow","max-snippet":"max-snippet:-1","max-image-preview":"max-image-preview:large","max-video-preview":"max-video-preview:-1"},"canonical":"https:\/\/mediagear.ee\/et\/toode\/lexar-cardreader-cfexpress-type-a-sd-lrw530u-uhs-ii-usb-3-2-gen2-reader\/","og_locale":"et_EE","og_type":"article","og_title":"LEXAR Cardreader CFexpress Type A & SD (LRW530U) UHS-II USB 3.2 Gen2 Reader - MediaGear","og_description":"Optimized for the new Lexar CFexpress\u2122 Type A memory cards, the CFexpress\u2122 Type A\/SD\u2122 Card Reader provides high-speed USB 10Gbps (USB 3.2 Gen 2) tr...","og_url":"https:\/\/mediagear.ee\/et\/toode\/lexar-cardreader-cfexpress-type-a-sd-lrw530u-uhs-ii-usb-3-2-gen2-reader\/","og_site_name":"MediaGear","article_publisher":"https:\/\/www.facebook.com\/Mediagear.ee\/","article_modified_time":"2026-01-15T12:32:36+00:00","og_image":[{"width":800,"height":450,"url":"https:\/\/mediagear.ee\/wp-content\/uploads\/2025\/09\/LEXAR-Cardreader-CFexpress-Type-A-SD-LRW530U-UHS-II-USB-3.2-Gen2-Reader.png","type":"image\/png"}],"twitter_card":"summary_large_image","twitter_misc":{"Est. reading time":"1 minut"},"schema":{"@context":"https:\/\/schema.org","@graph":[{"@type":"WebPage","@id":"https:\/\/mediagear.ee\/et\/toode\/lexar-cardreader-cfexpress-type-a-sd-lrw530u-uhs-ii-usb-3-2-gen2-reader\/","url":"https:\/\/mediagear.ee\/et\/toode\/lexar-cardreader-cfexpress-type-a-sd-lrw530u-uhs-ii-usb-3-2-gen2-reader\/","name":"LEXAR Cardreader CFexpress Type A & SD (LRW530U) UHS-II USB 3.2 Gen2 Reader - MediaGear","isPartOf":{"@id":"https:\/\/mediagear.ee\/et\/#website"},"primaryImageOfPage":{"@id":"https:\/\/mediagear.ee\/et\/toode\/lexar-cardreader-cfexpress-type-a-sd-lrw530u-uhs-ii-usb-3-2-gen2-reader\/#primaryimage"},"image":{"@id":"https:\/\/mediagear.ee\/et\/toode\/lexar-cardreader-cfexpress-type-a-sd-lrw530u-uhs-ii-usb-3-2-gen2-reader\/#primaryimage"},"thumbnailUrl":"https:\/\/mediagear.ee\/wp-content\/uploads\/2025\/09\/LEXAR-Cardreader-CFexpress-Type-A-SD-LRW530U-UHS-II-USB-3.2-Gen2-Reader.png","datePublished":"2025-09-04T11:50:51+00:00","dateModified":"2026-01-15T12:32:36+00:00","description":"Optimized for the new Lexar CFexpress\u2122 Type A memory cards, the CFexpress\u2122 Type A\/SD\u2122 Card Reader provides high-speed USB 10Gbps (USB 3.2 Gen 2) tr...","breadcrumb":{"@id":"https:\/\/mediagear.ee\/et\/toode\/lexar-cardreader-cfexpress-type-a-sd-lrw530u-uhs-ii-usb-3-2-gen2-reader\/#breadcrumb"},"inLanguage":"et","potentialAction":[{"@type":"ReadAction","target":["https:\/\/mediagear.ee\/et\/toode\/lexar-cardreader-cfexpress-type-a-sd-lrw530u-uhs-ii-usb-3-2-gen2-reader\/"]}]},{"@type":"ImageObject","inLanguage":"et","@id":"https:\/\/mediagear.ee\/et\/toode\/lexar-cardreader-cfexpress-type-a-sd-lrw530u-uhs-ii-usb-3-2-gen2-reader\/#primaryimage","url":"https:\/\/mediagear.ee\/wp-content\/uploads\/2025\/09\/LEXAR-Cardreader-CFexpress-Type-A-SD-LRW530U-UHS-II-USB-3.2-Gen2-Reader.png","contentUrl":"https:\/\/mediagear.ee\/wp-content\/uploads\/2025\/09\/LEXAR-Cardreader-CFexpress-Type-A-SD-LRW530U-UHS-II-USB-3.2-Gen2-Reader.png","width":800,"height":450,"caption":"LEXAR Cardreader CFexpress Type A & SD (LRW530U) UHS-II USB 3.2 Gen2 Reader"},{"@type":"BreadcrumbList","@id":"https:\/\/mediagear.ee\/et\/toode\/lexar-cardreader-cfexpress-type-a-sd-lrw530u-uhs-ii-usb-3-2-gen2-reader\/#breadcrumb","itemListElement":[{"@type":"ListItem","position":1,"name":"Avaleht","item":"https:\/\/mediagear.ee\/et\/"},{"@type":"ListItem","position":2,"name":"Pro video &amp; audio tehnika pood","item":"https:\/\/mediagear.ee\/et\/pood\/"},{"@type":"ListItem","position":3,"name":"SALVESTUSMEEDIA","item":"https:\/\/mediagear.ee\/et\/tootekategooria\/salvestusmeedia\/"},{"@type":"ListItem","position":4,"name":"Kaardilugejad","item":"https:\/\/mediagear.ee\/et\/tootekategooria\/salvestusmeedia\/kaardilugejad\/"},{"@type":"ListItem","position":5,"name":"LEXAR Cardreader CFexpress Type A &#038; SD (LRW530U) UHS-II USB 3.2 Gen2 Reader"}]},{"@type":"WebSite","@id":"https:\/\/mediagear.ee\/et\/#website","url":"https:\/\/mediagear.ee\/et\/","name":"MediaGear","description":"Full-service solutions in AV equipment","publisher":{"@id":"https:\/\/mediagear.ee\/et\/#organization"},"potentialAction":[{"@type":"SearchAction","target":{"@type":"EntryPoint","urlTemplate":"https:\/\/mediagear.ee\/et\/?s={search_term_string}"},"query-input":{"@type":"PropertyValueSpecification","valueRequired":true,"valueName":"search_term_string"}}],"inLanguage":"et"},{"@type":"Organization","@id":"https:\/\/mediagear.ee\/et\/#organization","name":"Mediagear","url":"https:\/\/mediagear.ee\/et\/","logo":{"@type":"ImageObject","inLanguage":"et","@id":"https:\/\/mediagear.ee\/et\/#\/schema\/logo\/image\/","url":"http:\/\/mediagear.ee\/wp-content\/uploads\/2024\/05\/MediaGear-logo-transp.png","contentUrl":"http:\/\/mediagear.ee\/wp-content\/uploads\/2024\/05\/MediaGear-logo-transp.png","width":600,"height":200,"caption":"Mediagear"},"image":{"@id":"https:\/\/mediagear.ee\/et\/#\/schema\/logo\/image\/"},"sameAs":["https:\/\/www.facebook.com\/Mediagear.ee\/","https:\/\/www.instagram.com\/mediagear_ee\/"]}]}},"_links":{"self":[{"href":"https:\/\/mediagear.ee\/et\/wp-json\/wp\/v2\/product\/283765","targetHints":{"allow":["GET"]}}],"collection":[{"href":"https:\/\/mediagear.ee\/et\/wp-json\/wp\/v2\/product"}],"about":[{"href":"https:\/\/mediagear.ee\/et\/wp-json\/wp\/v2\/types\/product"}],"wp:featuredmedia":[{"embeddable":true,"href":"https:\/\/mediagear.ee\/et\/wp-json\/wp\/v2\/media\/283766"}],"wp:attachment":[{"href":"https:\/\/mediagear.ee\/et\/wp-json\/wp\/v2\/media?parent=283765"}],"wp:term":[{"taxonomy":"brand","embeddable":true,"href":"https:\/\/mediagear.ee\/et\/wp-json\/wp\/v2\/brand?post=283765"},{"taxonomy":"product_cat","embeddable":true,"href":"https:\/\/mediagear.ee\/et\/wp-json\/wp\/v2\/product_cat?post=283765"},{"taxonomy":"product_tag","embeddable":true,"href":"https:\/\/mediagear.ee\/et\/wp-json\/wp\/v2\/product_tag?post=283765"},{"taxonomy":"inventory","embeddable":true,"href":"https:\/\/mediagear.ee\/et\/wp-json\/wp\/v2\/inventory?post=283765"}],"curies":[{"name":"wp","href":"https:\/\/api.w.org\/{rel}","templated":true}]}}