{"id":285177,"date":"2025-09-11T16:50:35","date_gmt":"2025-09-11T13:50:35","guid":{"rendered":"http:\/\/mediagear.ee\/product\/orca-or-370-advanced-audio-waist-belt\/"},"modified":"2026-01-15T14:31:48","modified_gmt":"2026-01-15T12:31:48","slug":"orca-or-370-advanced-audio-waist-belt","status":"publish","type":"product","link":"https:\/\/mediagear.ee\/et\/toode\/orca-or-370-advanced-audio-waist-belt\/","title":{"rendered":"ORCA OR-370 Advanced audio waist belt\u00a0"},"content":{"rendered":"<p>ORCA OR-370 on t\u00e4iustatud, kerge v\u00f6\u00f6kohav\u00f6\u00f6, mis aitab teil kanda oma v\u00e4ikest v\u00f5i keskmise suurusega helikotti puusal, ilma et see koormaks teie \u00f5lgasid. Kiireks \u00fchendamiseks ja vabastamiseks nelja karabiini abil helikoti k\u00fclge \u00fchendatud, sobib see ideaalselt t\u00f6\u00f6tamiseks v\u00e4litingimustes toimuvatel filmiv\u00f5tetel. V\u00f6\u00f6 on h\u00e4sti polsterdatud m\u00e4luvahuga, mis tagab t\u00e4ieliku mugavuse, ning seda saab kasutada kardaanide v\u00f5i poomipulkade esipoolse hoidjana.<\/p>\n<p><strong>Kirjeldus<\/strong><br \/>\n<strong>Haardeomadused:<\/strong><\/p>\n<ul>\n<li>4 \u00fchenduslukku<\/li>\n<li>Lihtne \u00fchendamine mis tahes Orca audiokotiga<\/li>\n<li>Mugav vahtm\u00e4lu polsterdus<\/li>\n<li>Ainulaadne reguleerimise p\u00f6\u00f6rlev s\u00fcsteem<\/li>\n<li>Komplektis on v\u00e4ike kandekott<\/li>\n<\/ul>\n<p><strong>Mudel<\/strong><\/p>\n<ul>\n<li>pikkus: 70 cm<\/li>\n<li>Laius: 30 cm<\/li>\n<li>Kaal: 0,5 kg<\/li>\n<\/ul>\n<p><strong>Palun t\u00e4helepanek<\/strong><br \/>\n<em>See on v\u00f6\u00f6kohav\u00f6\u00f6. Ei sisalda kotte, gimaleid ega poomipoolist. Pildid on v\u00f6\u00f6 kasutamise illustreerimiseks<\/em><\/p>\n","protected":false},"excerpt":{"rendered":"<p>The ORCA OR-370 is an advanced, lightweight waist belt that will help you carry your small or medium sound bag on your hip without putting any pressure on your shoulders.<\/p>\n","protected":false},"featured_media":285178,"template":"","meta":{"_acf_changed":false},"brand":[4455],"product_cat":[5883],"product_tag":[],"inventory":[],"class_list":{"0":"post-285177","1":"product","2":"type-product","3":"status-publish","4":"has-post-thumbnail","6":"brand-orca-et","7":"product_cat-rihmad","9":"first","10":"onbackorder","11":"taxable","12":"shipping-taxable","13":"purchasable","14":"product-type-simple"},"acf":[],"yoast_head":"<!-- This site is optimized with the Yoast SEO plugin v27.1.1 - https:\/\/yoast.com\/product\/yoast-seo-wordpress\/ -->\n<title>ORCA OR-370 Advanced audio waist belt\u00a0 - MediaGear<\/title>\n<meta name=\"description\" content=\"The ORCA OR-370 is an advanced, lightweight waist belt that will help you carry your small or medium sound bag on your hip without putting any pres...\" \/>\n<meta name=\"robots\" content=\"index, follow, max-snippet:-1, max-image-preview:large, max-video-preview:-1\" \/>\n<link rel=\"canonical\" href=\"https:\/\/mediagear.ee\/et\/toode\/orca-or-370-advanced-audio-waist-belt\/\" \/>\n<meta property=\"og:locale\" content=\"et_EE\" \/>\n<meta property=\"og:type\" content=\"article\" \/>\n<meta property=\"og:title\" content=\"ORCA OR-370 Advanced audio waist belt\u00a0 - MediaGear\" \/>\n<meta property=\"og:description\" content=\"The ORCA OR-370 is an advanced, lightweight waist belt that will help you carry your small or medium sound bag on your hip without putting any pres...\" \/>\n<meta property=\"og:url\" content=\"https:\/\/mediagear.ee\/et\/toode\/orca-or-370-advanced-audio-waist-belt\/\" \/>\n<meta property=\"og:site_name\" content=\"MediaGear\" \/>\n<meta property=\"article:publisher\" content=\"https:\/\/www.facebook.com\/Mediagear.ee\/\" \/>\n<meta property=\"article:modified_time\" content=\"2026-01-15T12:31:48+00:00\" \/>\n<meta property=\"og:image\" content=\"https:\/\/mediagear.ee\/wp-content\/uploads\/2025\/09\/ORCA-OR-370-Advanced-audio-waist-belt.png\" \/>\n\t<meta property=\"og:image:width\" content=\"800\" \/>\n\t<meta property=\"og:image:height\" content=\"481\" \/>\n\t<meta property=\"og:image:type\" content=\"image\/png\" \/>\n<meta name=\"twitter:card\" content=\"summary_large_image\" \/>\n<meta name=\"twitter:label1\" content=\"Est. reading time\" \/>\n\t<meta name=\"twitter:data1\" content=\"1 minut\" \/>\n<script type=\"application\/ld+json\" class=\"yoast-schema-graph\">{\"@context\":\"https:\/\/schema.org\",\"@graph\":[{\"@type\":\"WebPage\",\"@id\":\"https:\/\/mediagear.ee\/et\/toode\/orca-or-370-advanced-audio-waist-belt\/\",\"url\":\"https:\/\/mediagear.ee\/et\/toode\/orca-or-370-advanced-audio-waist-belt\/\",\"name\":\"ORCA OR-370 Advanced audio waist belt\u00a0 - MediaGear\",\"isPartOf\":{\"@id\":\"https:\/\/mediagear.ee\/et\/#website\"},\"primaryImageOfPage\":{\"@id\":\"https:\/\/mediagear.ee\/et\/toode\/orca-or-370-advanced-audio-waist-belt\/#primaryimage\"},\"image\":{\"@id\":\"https:\/\/mediagear.ee\/et\/toode\/orca-or-370-advanced-audio-waist-belt\/#primaryimage\"},\"thumbnailUrl\":\"https:\/\/mediagear.ee\/wp-content\/uploads\/2025\/09\/ORCA-OR-370-Advanced-audio-waist-belt.png\",\"datePublished\":\"2025-09-11T13:50:35+00:00\",\"dateModified\":\"2026-01-15T12:31:48+00:00\",\"description\":\"The ORCA OR-370 is an advanced, lightweight waist belt that will help you carry your small or medium sound bag on your hip without putting any pres...\",\"breadcrumb\":{\"@id\":\"https:\/\/mediagear.ee\/et\/toode\/orca-or-370-advanced-audio-waist-belt\/#breadcrumb\"},\"inLanguage\":\"et\",\"potentialAction\":[{\"@type\":\"ReadAction\",\"target\":[\"https:\/\/mediagear.ee\/et\/toode\/orca-or-370-advanced-audio-waist-belt\/\"]}]},{\"@type\":\"ImageObject\",\"inLanguage\":\"et\",\"@id\":\"https:\/\/mediagear.ee\/et\/toode\/orca-or-370-advanced-audio-waist-belt\/#primaryimage\",\"url\":\"https:\/\/mediagear.ee\/wp-content\/uploads\/2025\/09\/ORCA-OR-370-Advanced-audio-waist-belt.png\",\"contentUrl\":\"https:\/\/mediagear.ee\/wp-content\/uploads\/2025\/09\/ORCA-OR-370-Advanced-audio-waist-belt.png\",\"width\":800,\"height\":481,\"caption\":\"ORCA OR-370 Advanced audio waist belt\u00a0\"},{\"@type\":\"BreadcrumbList\",\"@id\":\"https:\/\/mediagear.ee\/et\/toode\/orca-or-370-advanced-audio-waist-belt\/#breadcrumb\",\"itemListElement\":[{\"@type\":\"ListItem\",\"position\":1,\"name\":\"Avaleht\",\"item\":\"https:\/\/mediagear.ee\/et\/\"},{\"@type\":\"ListItem\",\"position\":2,\"name\":\"Pro video &amp; audio tehnika pood\",\"item\":\"https:\/\/mediagear.ee\/et\/pood\/\"},{\"@type\":\"ListItem\",\"position\":3,\"name\":\"KOTID &amp; KOHVRID\",\"item\":\"https:\/\/mediagear.ee\/et\/tootekategooria\/kotid-kohvrid\/\"},{\"@type\":\"ListItem\",\"position\":4,\"name\":\"Rihmad\",\"item\":\"https:\/\/mediagear.ee\/et\/tootekategooria\/kotid-kohvrid\/rihmad\/\"},{\"@type\":\"ListItem\",\"position\":5,\"name\":\"ORCA OR-370 Advanced audio waist belt\u00a0\"}]},{\"@type\":\"WebSite\",\"@id\":\"https:\/\/mediagear.ee\/et\/#website\",\"url\":\"https:\/\/mediagear.ee\/et\/\",\"name\":\"MediaGear\",\"description\":\"Full-service solutions in AV equipment\",\"publisher\":{\"@id\":\"https:\/\/mediagear.ee\/et\/#organization\"},\"potentialAction\":[{\"@type\":\"SearchAction\",\"target\":{\"@type\":\"EntryPoint\",\"urlTemplate\":\"https:\/\/mediagear.ee\/et\/?s={search_term_string}\"},\"query-input\":{\"@type\":\"PropertyValueSpecification\",\"valueRequired\":true,\"valueName\":\"search_term_string\"}}],\"inLanguage\":\"et\"},{\"@type\":\"Organization\",\"@id\":\"https:\/\/mediagear.ee\/et\/#organization\",\"name\":\"Mediagear\",\"url\":\"https:\/\/mediagear.ee\/et\/\",\"logo\":{\"@type\":\"ImageObject\",\"inLanguage\":\"et\",\"@id\":\"https:\/\/mediagear.ee\/et\/#\/schema\/logo\/image\/\",\"url\":\"http:\/\/mediagear.ee\/wp-content\/uploads\/2024\/05\/MediaGear-logo-transp.png\",\"contentUrl\":\"http:\/\/mediagear.ee\/wp-content\/uploads\/2024\/05\/MediaGear-logo-transp.png\",\"width\":600,\"height\":200,\"caption\":\"Mediagear\"},\"image\":{\"@id\":\"https:\/\/mediagear.ee\/et\/#\/schema\/logo\/image\/\"},\"sameAs\":[\"https:\/\/www.facebook.com\/Mediagear.ee\/\",\"https:\/\/www.instagram.com\/mediagear_ee\/\"]}]}<\/script>\n<!-- \/ Yoast SEO plugin. -->","yoast_head_json":{"title":"ORCA OR-370 Advanced audio waist belt\u00a0 - MediaGear","description":"The ORCA OR-370 is an advanced, lightweight waist belt that will help you carry your small or medium sound bag on your hip without putting any pres...","robots":{"index":"index","follow":"follow","max-snippet":"max-snippet:-1","max-image-preview":"max-image-preview:large","max-video-preview":"max-video-preview:-1"},"canonical":"https:\/\/mediagear.ee\/et\/toode\/orca-or-370-advanced-audio-waist-belt\/","og_locale":"et_EE","og_type":"article","og_title":"ORCA OR-370 Advanced audio waist belt\u00a0 - MediaGear","og_description":"The ORCA OR-370 is an advanced, lightweight waist belt that will help you carry your small or medium sound bag on your hip without putting any pres...","og_url":"https:\/\/mediagear.ee\/et\/toode\/orca-or-370-advanced-audio-waist-belt\/","og_site_name":"MediaGear","article_publisher":"https:\/\/www.facebook.com\/Mediagear.ee\/","article_modified_time":"2026-01-15T12:31:48+00:00","og_image":[{"width":800,"height":481,"url":"https:\/\/mediagear.ee\/wp-content\/uploads\/2025\/09\/ORCA-OR-370-Advanced-audio-waist-belt.png","type":"image\/png"}],"twitter_card":"summary_large_image","twitter_misc":{"Est. reading time":"1 minut"},"schema":{"@context":"https:\/\/schema.org","@graph":[{"@type":"WebPage","@id":"https:\/\/mediagear.ee\/et\/toode\/orca-or-370-advanced-audio-waist-belt\/","url":"https:\/\/mediagear.ee\/et\/toode\/orca-or-370-advanced-audio-waist-belt\/","name":"ORCA OR-370 Advanced audio waist belt\u00a0 - MediaGear","isPartOf":{"@id":"https:\/\/mediagear.ee\/et\/#website"},"primaryImageOfPage":{"@id":"https:\/\/mediagear.ee\/et\/toode\/orca-or-370-advanced-audio-waist-belt\/#primaryimage"},"image":{"@id":"https:\/\/mediagear.ee\/et\/toode\/orca-or-370-advanced-audio-waist-belt\/#primaryimage"},"thumbnailUrl":"https:\/\/mediagear.ee\/wp-content\/uploads\/2025\/09\/ORCA-OR-370-Advanced-audio-waist-belt.png","datePublished":"2025-09-11T13:50:35+00:00","dateModified":"2026-01-15T12:31:48+00:00","description":"The ORCA OR-370 is an advanced, lightweight waist belt that will help you carry your small or medium sound bag on your hip without putting any pres...","breadcrumb":{"@id":"https:\/\/mediagear.ee\/et\/toode\/orca-or-370-advanced-audio-waist-belt\/#breadcrumb"},"inLanguage":"et","potentialAction":[{"@type":"ReadAction","target":["https:\/\/mediagear.ee\/et\/toode\/orca-or-370-advanced-audio-waist-belt\/"]}]},{"@type":"ImageObject","inLanguage":"et","@id":"https:\/\/mediagear.ee\/et\/toode\/orca-or-370-advanced-audio-waist-belt\/#primaryimage","url":"https:\/\/mediagear.ee\/wp-content\/uploads\/2025\/09\/ORCA-OR-370-Advanced-audio-waist-belt.png","contentUrl":"https:\/\/mediagear.ee\/wp-content\/uploads\/2025\/09\/ORCA-OR-370-Advanced-audio-waist-belt.png","width":800,"height":481,"caption":"ORCA OR-370 Advanced audio waist belt\u00a0"},{"@type":"BreadcrumbList","@id":"https:\/\/mediagear.ee\/et\/toode\/orca-or-370-advanced-audio-waist-belt\/#breadcrumb","itemListElement":[{"@type":"ListItem","position":1,"name":"Avaleht","item":"https:\/\/mediagear.ee\/et\/"},{"@type":"ListItem","position":2,"name":"Pro video &amp; audio tehnika pood","item":"https:\/\/mediagear.ee\/et\/pood\/"},{"@type":"ListItem","position":3,"name":"KOTID &amp; KOHVRID","item":"https:\/\/mediagear.ee\/et\/tootekategooria\/kotid-kohvrid\/"},{"@type":"ListItem","position":4,"name":"Rihmad","item":"https:\/\/mediagear.ee\/et\/tootekategooria\/kotid-kohvrid\/rihmad\/"},{"@type":"ListItem","position":5,"name":"ORCA OR-370 Advanced audio waist belt\u00a0"}]},{"@type":"WebSite","@id":"https:\/\/mediagear.ee\/et\/#website","url":"https:\/\/mediagear.ee\/et\/","name":"MediaGear","description":"Full-service solutions in AV equipment","publisher":{"@id":"https:\/\/mediagear.ee\/et\/#organization"},"potentialAction":[{"@type":"SearchAction","target":{"@type":"EntryPoint","urlTemplate":"https:\/\/mediagear.ee\/et\/?s={search_term_string}"},"query-input":{"@type":"PropertyValueSpecification","valueRequired":true,"valueName":"search_term_string"}}],"inLanguage":"et"},{"@type":"Organization","@id":"https:\/\/mediagear.ee\/et\/#organization","name":"Mediagear","url":"https:\/\/mediagear.ee\/et\/","logo":{"@type":"ImageObject","inLanguage":"et","@id":"https:\/\/mediagear.ee\/et\/#\/schema\/logo\/image\/","url":"http:\/\/mediagear.ee\/wp-content\/uploads\/2024\/05\/MediaGear-logo-transp.png","contentUrl":"http:\/\/mediagear.ee\/wp-content\/uploads\/2024\/05\/MediaGear-logo-transp.png","width":600,"height":200,"caption":"Mediagear"},"image":{"@id":"https:\/\/mediagear.ee\/et\/#\/schema\/logo\/image\/"},"sameAs":["https:\/\/www.facebook.com\/Mediagear.ee\/","https:\/\/www.instagram.com\/mediagear_ee\/"]}]}},"_links":{"self":[{"href":"https:\/\/mediagear.ee\/et\/wp-json\/wp\/v2\/product\/285177","targetHints":{"allow":["GET"]}}],"collection":[{"href":"https:\/\/mediagear.ee\/et\/wp-json\/wp\/v2\/product"}],"about":[{"href":"https:\/\/mediagear.ee\/et\/wp-json\/wp\/v2\/types\/product"}],"wp:featuredmedia":[{"embeddable":true,"href":"https:\/\/mediagear.ee\/et\/wp-json\/wp\/v2\/media\/285178"}],"wp:attachment":[{"href":"https:\/\/mediagear.ee\/et\/wp-json\/wp\/v2\/media?parent=285177"}],"wp:term":[{"taxonomy":"brand","embeddable":true,"href":"https:\/\/mediagear.ee\/et\/wp-json\/wp\/v2\/brand?post=285177"},{"taxonomy":"product_cat","embeddable":true,"href":"https:\/\/mediagear.ee\/et\/wp-json\/wp\/v2\/product_cat?post=285177"},{"taxonomy":"product_tag","embeddable":true,"href":"https:\/\/mediagear.ee\/et\/wp-json\/wp\/v2\/product_tag?post=285177"},{"taxonomy":"inventory","embeddable":true,"href":"https:\/\/mediagear.ee\/et\/wp-json\/wp\/v2\/inventory?post=285177"}],"curies":[{"name":"wp","href":"https:\/\/api.w.org\/{rel}","templated":true}]}}