{"id":286177,"date":"2025-09-15T18:40:24","date_gmt":"2025-09-15T15:40:24","guid":{"rendered":"http:\/\/mediagear.ee\/product\/sirui-traveler-7va-aluminium-tripod\/"},"modified":"2026-01-20T22:47:55","modified_gmt":"2026-01-20T20:47:55","slug":"sirui-traveler-7va-aluminium-tripod","status":"publish","type":"product","link":"https:\/\/mediagear.ee\/et\/toode\/sirui-traveler-7va-aluminium-tripod\/","title":{"rendered":"SIRUI Traveler 7VA Aluminium Tripod"},"content":{"rendered":"<p><strong>SIRUI Traveler 7VA alumiiniumist statiiv<\/strong><\/p>\n<p><strong>Kvaliteetne kaasaskantav sobivus<\/strong><br \/>\nKlappige jalad 180\u00b0 kokku, et neid oleks v\u00f5imalik kompaktselt hoiustada ja kaasas kanda.<\/p>\n<p><strong>Multible t\u00f6\u00f6k\u00f5rgused<\/strong><br \/>\nVenitage kesksammast \u00fcles v\u00f5i alla, et reguleerida t\u00f6\u00f6k\u00f5rgust, v\u00f5i p\u00f6\u00f6rake seda \u00fcmber, et teha \u00fclimadalate nurkade ja makrofotode jaoks.<\/p>\n<p><strong>Kaksikfunktsioon!<\/strong><br \/>\nMuuda eemaldatav jalg h\u00f5lpsasti monopoodiks ulatuslikeks kaadriteks.<\/p>\n<p><strong>V\u00e4listavad pildistamiskomponendid<\/strong><br \/>\n\u00dchendage videotarvikud kaasasoleva 1\/4&#8243;-20 lisaseadme pesa kaudu.<br \/>\nJa kaasasolevate roostevabast metallist piikide abil seisate kindlalt pehmel pinnasel, et pildistada kindlalt.<\/p>\n<p><strong>Lihtsad jala seadistused<\/strong><br \/>\nStatiivil on poolautomaatsed jalgade nurga reguleerimise nupud ja keeratavad jalalukud, et reguleerida jalgade laiust ja pikkust erinevate jalgade k\u00f5rguse vajaduste j\u00e4rgi.<\/p>\n<p><strong>Sirui VA-5 Professional Fluid videopea lisatud<\/strong><br \/>\nJa on sujuvate liigutuste ja kallutuste tegemiseks m\u00f5eldud vedeliku s\u00fcsteem. Sisemine vedruga toetatud vastukaalumehhanism pakub lisatoetust, sujuvamaid kallutusliikumisi ja kaitseb teie seadmeid.<\/p>\n<p>Kaamera asendi reguleerimine tasakaalu saavutamiseks ettepoole\/tagasi on kiire ja lihtne. Ja kahekordne turvalukustuss\u00fcsteem takistab kaamera kukkumist, kui esmane lukustusmehhanism on l\u00f5dvendatud.<\/p>\n<p>Kaamerapea horisontaalse joondamise lihtsustamiseks on 2 mullitasandit &#8211; \u00fcks pea aluse peal statiivi joondamiseks ja teine videopea peal kaamera joondamiseks.<\/p>\n<p>Traveler 7VA sobib ideaalselt kasutamiseks kompaktsete DSLR- ja videokaameratega, mis kaaluvad kuni 3 kg. See sisaldab TY-70A kiirlahendusplaati ja v\u00f5tab vastu SIRUI TY-plaate Arca-Swiss standardiga.<\/p>\n","protected":false},"excerpt":{"rendered":"<p>An essential professional tripod for videographers &#038;amp small leightweighted spottingscopes<\/p>\n","protected":false},"featured_media":286178,"template":"","meta":{"_acf_changed":false},"brand":[4490],"product_cat":[4564],"product_tag":[],"inventory":[],"class_list":{"0":"post-286177","1":"product","2":"type-product","3":"status-publish","4":"has-post-thumbnail","6":"brand-sirui-et","7":"product_cat-kaamerastatiivid","9":"first","10":"onbackorder","11":"taxable","12":"shipping-taxable","13":"purchasable","14":"product-type-simple"},"acf":[],"yoast_head":"<!-- This site is optimized with the Yoast SEO plugin v27.1.1 - https:\/\/yoast.com\/product\/yoast-seo-wordpress\/ -->\n<title>SIRUI Traveler 7VA Aluminium Tripod - MediaGear<\/title>\n<meta name=\"description\" content=\"An essential professional tripod for videographers &amp;amp small leightweighted spottingscopes...\" \/>\n<meta name=\"robots\" content=\"index, follow, max-snippet:-1, max-image-preview:large, max-video-preview:-1\" \/>\n<link rel=\"canonical\" href=\"https:\/\/mediagear.ee\/et\/toode\/sirui-traveler-7va-aluminium-tripod\/\" \/>\n<meta property=\"og:locale\" content=\"et_EE\" \/>\n<meta property=\"og:type\" content=\"article\" \/>\n<meta property=\"og:title\" content=\"SIRUI Traveler 7VA Aluminium Tripod - MediaGear\" \/>\n<meta property=\"og:description\" content=\"An essential professional tripod for videographers &amp;amp small leightweighted spottingscopes...\" \/>\n<meta property=\"og:url\" content=\"https:\/\/mediagear.ee\/et\/toode\/sirui-traveler-7va-aluminium-tripod\/\" \/>\n<meta property=\"og:site_name\" content=\"MediaGear\" \/>\n<meta property=\"article:publisher\" content=\"https:\/\/www.facebook.com\/Mediagear.ee\/\" \/>\n<meta property=\"article:modified_time\" content=\"2026-01-20T20:47:55+00:00\" \/>\n<meta property=\"og:image\" content=\"https:\/\/mediagear.ee\/wp-content\/uploads\/2025\/09\/SIRUI-Traveler-7VA-Aluminium-Tripod.png\" \/>\n\t<meta property=\"og:image:width\" content=\"579\" \/>\n\t<meta property=\"og:image:height\" content=\"800\" \/>\n\t<meta property=\"og:image:type\" content=\"image\/png\" \/>\n<meta name=\"twitter:card\" content=\"summary_large_image\" \/>\n<meta name=\"twitter:label1\" content=\"Est. reading time\" \/>\n\t<meta name=\"twitter:data1\" content=\"1 minut\" \/>\n<script type=\"application\/ld+json\" class=\"yoast-schema-graph\">{\"@context\":\"https:\/\/schema.org\",\"@graph\":[{\"@type\":\"WebPage\",\"@id\":\"https:\/\/mediagear.ee\/et\/toode\/sirui-traveler-7va-aluminium-tripod\/\",\"url\":\"https:\/\/mediagear.ee\/et\/toode\/sirui-traveler-7va-aluminium-tripod\/\",\"name\":\"SIRUI Traveler 7VA Aluminium Tripod - MediaGear\",\"isPartOf\":{\"@id\":\"https:\/\/mediagear.ee\/et\/#website\"},\"primaryImageOfPage\":{\"@id\":\"https:\/\/mediagear.ee\/et\/toode\/sirui-traveler-7va-aluminium-tripod\/#primaryimage\"},\"image\":{\"@id\":\"https:\/\/mediagear.ee\/et\/toode\/sirui-traveler-7va-aluminium-tripod\/#primaryimage\"},\"thumbnailUrl\":\"https:\/\/mediagear.ee\/wp-content\/uploads\/2025\/09\/SIRUI-Traveler-7VA-Aluminium-Tripod.png\",\"datePublished\":\"2025-09-15T15:40:24+00:00\",\"dateModified\":\"2026-01-20T20:47:55+00:00\",\"description\":\"An essential professional tripod for videographers &amp small leightweighted spottingscopes...\",\"breadcrumb\":{\"@id\":\"https:\/\/mediagear.ee\/et\/toode\/sirui-traveler-7va-aluminium-tripod\/#breadcrumb\"},\"inLanguage\":\"et\",\"potentialAction\":[{\"@type\":\"ReadAction\",\"target\":[\"https:\/\/mediagear.ee\/et\/toode\/sirui-traveler-7va-aluminium-tripod\/\"]}]},{\"@type\":\"ImageObject\",\"inLanguage\":\"et\",\"@id\":\"https:\/\/mediagear.ee\/et\/toode\/sirui-traveler-7va-aluminium-tripod\/#primaryimage\",\"url\":\"https:\/\/mediagear.ee\/wp-content\/uploads\/2025\/09\/SIRUI-Traveler-7VA-Aluminium-Tripod.png\",\"contentUrl\":\"https:\/\/mediagear.ee\/wp-content\/uploads\/2025\/09\/SIRUI-Traveler-7VA-Aluminium-Tripod.png\",\"width\":579,\"height\":800,\"caption\":\"SIRUI Traveler 7VA Aluminium Tripod\"},{\"@type\":\"BreadcrumbList\",\"@id\":\"https:\/\/mediagear.ee\/et\/toode\/sirui-traveler-7va-aluminium-tripod\/#breadcrumb\",\"itemListElement\":[{\"@type\":\"ListItem\",\"position\":1,\"name\":\"Avaleht\",\"item\":\"https:\/\/mediagear.ee\/et\/\"},{\"@type\":\"ListItem\",\"position\":2,\"name\":\"Pro video &amp; audio tehnika pood\",\"item\":\"https:\/\/mediagear.ee\/et\/pood\/\"},{\"@type\":\"ListItem\",\"position\":3,\"name\":\"RIGGING &amp; GRIP\",\"item\":\"https:\/\/mediagear.ee\/et\/tootekategooria\/rigging-grip-et\/\"},{\"@type\":\"ListItem\",\"position\":4,\"name\":\"Kaamerastatiivid\",\"item\":\"https:\/\/mediagear.ee\/et\/tootekategooria\/rigging-grip-et\/kaamerastatiivid\/\"},{\"@type\":\"ListItem\",\"position\":5,\"name\":\"SIRUI Traveler 7VA Aluminium Tripod\"}]},{\"@type\":\"WebSite\",\"@id\":\"https:\/\/mediagear.ee\/et\/#website\",\"url\":\"https:\/\/mediagear.ee\/et\/\",\"name\":\"MediaGear\",\"description\":\"Full-service solutions in AV equipment\",\"publisher\":{\"@id\":\"https:\/\/mediagear.ee\/et\/#organization\"},\"potentialAction\":[{\"@type\":\"SearchAction\",\"target\":{\"@type\":\"EntryPoint\",\"urlTemplate\":\"https:\/\/mediagear.ee\/et\/?s={search_term_string}\"},\"query-input\":{\"@type\":\"PropertyValueSpecification\",\"valueRequired\":true,\"valueName\":\"search_term_string\"}}],\"inLanguage\":\"et\"},{\"@type\":\"Organization\",\"@id\":\"https:\/\/mediagear.ee\/et\/#organization\",\"name\":\"Mediagear\",\"url\":\"https:\/\/mediagear.ee\/et\/\",\"logo\":{\"@type\":\"ImageObject\",\"inLanguage\":\"et\",\"@id\":\"https:\/\/mediagear.ee\/et\/#\/schema\/logo\/image\/\",\"url\":\"http:\/\/mediagear.ee\/wp-content\/uploads\/2024\/05\/MediaGear-logo-transp.png\",\"contentUrl\":\"http:\/\/mediagear.ee\/wp-content\/uploads\/2024\/05\/MediaGear-logo-transp.png\",\"width\":600,\"height\":200,\"caption\":\"Mediagear\"},\"image\":{\"@id\":\"https:\/\/mediagear.ee\/et\/#\/schema\/logo\/image\/\"},\"sameAs\":[\"https:\/\/www.facebook.com\/Mediagear.ee\/\",\"https:\/\/www.instagram.com\/mediagear_ee\/\"]}]}<\/script>\n<!-- \/ Yoast SEO plugin. -->","yoast_head_json":{"title":"SIRUI Traveler 7VA Aluminium Tripod - MediaGear","description":"An essential professional tripod for videographers &amp small leightweighted spottingscopes...","robots":{"index":"index","follow":"follow","max-snippet":"max-snippet:-1","max-image-preview":"max-image-preview:large","max-video-preview":"max-video-preview:-1"},"canonical":"https:\/\/mediagear.ee\/et\/toode\/sirui-traveler-7va-aluminium-tripod\/","og_locale":"et_EE","og_type":"article","og_title":"SIRUI Traveler 7VA Aluminium Tripod - MediaGear","og_description":"An essential professional tripod for videographers &amp small leightweighted spottingscopes...","og_url":"https:\/\/mediagear.ee\/et\/toode\/sirui-traveler-7va-aluminium-tripod\/","og_site_name":"MediaGear","article_publisher":"https:\/\/www.facebook.com\/Mediagear.ee\/","article_modified_time":"2026-01-20T20:47:55+00:00","og_image":[{"width":579,"height":800,"url":"https:\/\/mediagear.ee\/wp-content\/uploads\/2025\/09\/SIRUI-Traveler-7VA-Aluminium-Tripod.png","type":"image\/png"}],"twitter_card":"summary_large_image","twitter_misc":{"Est. reading time":"1 minut"},"schema":{"@context":"https:\/\/schema.org","@graph":[{"@type":"WebPage","@id":"https:\/\/mediagear.ee\/et\/toode\/sirui-traveler-7va-aluminium-tripod\/","url":"https:\/\/mediagear.ee\/et\/toode\/sirui-traveler-7va-aluminium-tripod\/","name":"SIRUI Traveler 7VA Aluminium Tripod - MediaGear","isPartOf":{"@id":"https:\/\/mediagear.ee\/et\/#website"},"primaryImageOfPage":{"@id":"https:\/\/mediagear.ee\/et\/toode\/sirui-traveler-7va-aluminium-tripod\/#primaryimage"},"image":{"@id":"https:\/\/mediagear.ee\/et\/toode\/sirui-traveler-7va-aluminium-tripod\/#primaryimage"},"thumbnailUrl":"https:\/\/mediagear.ee\/wp-content\/uploads\/2025\/09\/SIRUI-Traveler-7VA-Aluminium-Tripod.png","datePublished":"2025-09-15T15:40:24+00:00","dateModified":"2026-01-20T20:47:55+00:00","description":"An essential professional tripod for videographers &amp small leightweighted spottingscopes...","breadcrumb":{"@id":"https:\/\/mediagear.ee\/et\/toode\/sirui-traveler-7va-aluminium-tripod\/#breadcrumb"},"inLanguage":"et","potentialAction":[{"@type":"ReadAction","target":["https:\/\/mediagear.ee\/et\/toode\/sirui-traveler-7va-aluminium-tripod\/"]}]},{"@type":"ImageObject","inLanguage":"et","@id":"https:\/\/mediagear.ee\/et\/toode\/sirui-traveler-7va-aluminium-tripod\/#primaryimage","url":"https:\/\/mediagear.ee\/wp-content\/uploads\/2025\/09\/SIRUI-Traveler-7VA-Aluminium-Tripod.png","contentUrl":"https:\/\/mediagear.ee\/wp-content\/uploads\/2025\/09\/SIRUI-Traveler-7VA-Aluminium-Tripod.png","width":579,"height":800,"caption":"SIRUI Traveler 7VA Aluminium Tripod"},{"@type":"BreadcrumbList","@id":"https:\/\/mediagear.ee\/et\/toode\/sirui-traveler-7va-aluminium-tripod\/#breadcrumb","itemListElement":[{"@type":"ListItem","position":1,"name":"Avaleht","item":"https:\/\/mediagear.ee\/et\/"},{"@type":"ListItem","position":2,"name":"Pro video &amp; audio tehnika pood","item":"https:\/\/mediagear.ee\/et\/pood\/"},{"@type":"ListItem","position":3,"name":"RIGGING &amp; GRIP","item":"https:\/\/mediagear.ee\/et\/tootekategooria\/rigging-grip-et\/"},{"@type":"ListItem","position":4,"name":"Kaamerastatiivid","item":"https:\/\/mediagear.ee\/et\/tootekategooria\/rigging-grip-et\/kaamerastatiivid\/"},{"@type":"ListItem","position":5,"name":"SIRUI Traveler 7VA Aluminium Tripod"}]},{"@type":"WebSite","@id":"https:\/\/mediagear.ee\/et\/#website","url":"https:\/\/mediagear.ee\/et\/","name":"MediaGear","description":"Full-service solutions in AV equipment","publisher":{"@id":"https:\/\/mediagear.ee\/et\/#organization"},"potentialAction":[{"@type":"SearchAction","target":{"@type":"EntryPoint","urlTemplate":"https:\/\/mediagear.ee\/et\/?s={search_term_string}"},"query-input":{"@type":"PropertyValueSpecification","valueRequired":true,"valueName":"search_term_string"}}],"inLanguage":"et"},{"@type":"Organization","@id":"https:\/\/mediagear.ee\/et\/#organization","name":"Mediagear","url":"https:\/\/mediagear.ee\/et\/","logo":{"@type":"ImageObject","inLanguage":"et","@id":"https:\/\/mediagear.ee\/et\/#\/schema\/logo\/image\/","url":"http:\/\/mediagear.ee\/wp-content\/uploads\/2024\/05\/MediaGear-logo-transp.png","contentUrl":"http:\/\/mediagear.ee\/wp-content\/uploads\/2024\/05\/MediaGear-logo-transp.png","width":600,"height":200,"caption":"Mediagear"},"image":{"@id":"https:\/\/mediagear.ee\/et\/#\/schema\/logo\/image\/"},"sameAs":["https:\/\/www.facebook.com\/Mediagear.ee\/","https:\/\/www.instagram.com\/mediagear_ee\/"]}]}},"_links":{"self":[{"href":"https:\/\/mediagear.ee\/et\/wp-json\/wp\/v2\/product\/286177","targetHints":{"allow":["GET"]}}],"collection":[{"href":"https:\/\/mediagear.ee\/et\/wp-json\/wp\/v2\/product"}],"about":[{"href":"https:\/\/mediagear.ee\/et\/wp-json\/wp\/v2\/types\/product"}],"wp:featuredmedia":[{"embeddable":true,"href":"https:\/\/mediagear.ee\/et\/wp-json\/wp\/v2\/media\/286178"}],"wp:attachment":[{"href":"https:\/\/mediagear.ee\/et\/wp-json\/wp\/v2\/media?parent=286177"}],"wp:term":[{"taxonomy":"brand","embeddable":true,"href":"https:\/\/mediagear.ee\/et\/wp-json\/wp\/v2\/brand?post=286177"},{"taxonomy":"product_cat","embeddable":true,"href":"https:\/\/mediagear.ee\/et\/wp-json\/wp\/v2\/product_cat?post=286177"},{"taxonomy":"product_tag","embeddable":true,"href":"https:\/\/mediagear.ee\/et\/wp-json\/wp\/v2\/product_tag?post=286177"},{"taxonomy":"inventory","embeddable":true,"href":"https:\/\/mediagear.ee\/et\/wp-json\/wp\/v2\/inventory?post=286177"}],"curies":[{"name":"wp","href":"https:\/\/api.w.org\/{rel}","templated":true}]}}