{"id":290281,"date":"2025-09-29T12:01:22","date_gmt":"2025-09-29T09:01:22","guid":{"rendered":"http:\/\/mediagear.ee\/product\/smallrig-5540-mobile-dual-handheld-kit-for-iphone-17-pro\/"},"modified":"2026-03-13T01:46:15","modified_gmt":"2026-03-12T23:46:15","slug":"smallrig-5540-mobile-dual-handheld-kit-for-iphone-17-pro","status":"publish","type":"product","link":"https:\/\/mediagear.ee\/et\/toode\/smallrig-5540-mobile-dual-handheld-kit-for-iphone-17-pro\/","title":{"rendered":"SMALLRIG 5540 mobiilne kahe k\u00e4epidemega komplekt iPhone 17 Pro jaoks"},"content":{"rendered":"<div><b>SmallRig 5540 Mobile Dual Handheld Kit for iPhone 17 Pro<\/b><\/div>\n<div><\/div>\n<div>\n<div>In addition to providing daily protection for the phone, the case comes standard with a T-mount backplate and a 17mm threaded lens backplate for external lens mounting. The T-mount backplate can be replaced with a 67mm magnetic filter adapter (sold separately) for enhanced optical output.<\/p>\n<div><\/div>\n<div>The phone can be mounted into the cage with its case on.<\/div>\n<div><\/div>\n<div>The cage features multiple 1\/4&#8243;-20 anti-twist threaded holes and cold shoe mounts to expand with accessories like handles, tripods, microphones, and lights.<\/div>\n<div><\/div>\n<div>Classic quick release interfaces allow for efficient handheld or tripod setups.<\/div>\n<div><\/div>\n<div>Side-mounted strap holes are compatible with professional wrist and shoulder straps under 2mm in diameter, keeping your hands free between shots.<\/div>\n<div><\/div>\n<div>The hollowed-out design maintains access to all iPhone buttons, ports, radar system, ultra-wide lens, and wireless charging.<\/div>\n<div><\/div>\n<div>The quick lock mechanism allows convenient, secure phone mounting \/ dismounting and prevents accidental unlocking and phone ejection.<\/div>\n<div><\/div>\n<div>The all-metal construction provides comprehensive protection, shock absorption, and scratch resistance.<\/div>\n<div><\/div>\n<div>For underwater shooting or high-performance cooling scenarios, the phone can be used without the case by mounting it directly into the cage alongside the TPU soft bumper.<\/div>\n<div><\/div>\n<div>The handles attach to the cage via HawkLock H11 quick release mechanism, enabling one-second assembly \/ disassembly.<\/div>\n<div><\/div>\n<div>The stepless rotating handles allow a comfortable grip and smooth operation at any angle.<\/div>\n<div><\/div>\n<\/div>\n<div>The detachable wireless remote supports one-touch shooting from distances of up to 10m.<\/div>\n<div><\/div>\n<div><b>Compatibility:<\/b><\/div>\n<div>\n<div>\n<ul>\n<li>iPhone 17 Pro<\/li>\n<\/ul>\n<\/div>\n<div><\/div>\n<div><b>Packaging includes:<\/b><\/div>\n<div>\n<ul>\n<li>Cage for iPhone 17 Pro<\/li>\n<li>Case for iPhone 17 Pro<\/li>\n<li>TPU Soft Bumper for iPhone 17 Pro<\/li>\n<li>Rotatable Handle with Wireless Control<\/li>\n<li>Rotatable Side Handle<\/li>\n<li>T-Mount Lens Backplate<\/li>\n<li>17mm Lens Backplate<\/li>\n<li>Operating Instruction<\/li>\n<\/ul>\n<\/div>\n<\/div>\n<\/div>\n","protected":false},"excerpt":{"rendered":"<p>Professionaalne kahe k\u00e4ega filmimise lahendus, mis on loodud spetsiaalselt iPhone 17 Pro jaoks ning h\u00f5lbustab professionaalsel tasemel videosalvestust, otse\u00fclekandeid ja l\u00fchifilmide tootmist. See komplekt sisaldab telefoni\u00fcmbrist, videopuuri, p\u00f6\u00f6ratavat juhtmevaba puldi k\u00fclgk\u00e4epidet, p\u00f6\u00f6ratavat k\u00fclgk\u00e4epidet ja TPU pehmendust.<\/p>\n","protected":false},"featured_media":290282,"template":"","meta":{"_acf_changed":false},"brand":[4492],"product_cat":[5929],"product_tag":[],"inventory":[],"class_list":{"0":"post-290281","1":"product","2":"type-product","3":"status-publish","4":"has-post-thumbnail","6":"brand-smallrig-et","7":"product_cat-mobiilitarvikud","9":"first","10":"onbackorder","11":"sale","12":"taxable","13":"shipping-taxable","14":"purchasable","15":"product-type-simple"},"acf":[],"yoast_head":"<!-- This site is optimized with the Yoast SEO plugin v27.1.1 - https:\/\/yoast.com\/product\/yoast-seo-wordpress\/ -->\n<title>SMALLRIG 5540 mobiilne kahe k\u00e4epidemega komplekt iPhone 17 Pro jaoks - MediaGear<\/title>\n<meta name=\"description\" content=\"Professionaalne kahe k\u00e4ega filmimise lahendus, mis on loodud spetsiaalselt iPhone 17 Pro jaoks ning h\u00f5lbustab professionaalsel tasemel videosalvest...\" \/>\n<meta name=\"robots\" content=\"index, follow, max-snippet:-1, max-image-preview:large, max-video-preview:-1\" \/>\n<link rel=\"canonical\" href=\"https:\/\/mediagear.ee\/et\/toode\/smallrig-5540-mobile-dual-handheld-kit-for-iphone-17-pro\/\" \/>\n<meta property=\"og:locale\" content=\"et_EE\" \/>\n<meta property=\"og:type\" content=\"article\" \/>\n<meta property=\"og:title\" content=\"SMALLRIG 5540 mobiilne kahe k\u00e4epidemega komplekt iPhone 17 Pro jaoks - MediaGear\" \/>\n<meta property=\"og:description\" content=\"Professionaalne kahe k\u00e4ega filmimise lahendus, mis on loodud spetsiaalselt iPhone 17 Pro jaoks ning h\u00f5lbustab professionaalsel tasemel videosalvest...\" \/>\n<meta property=\"og:url\" content=\"https:\/\/mediagear.ee\/et\/toode\/smallrig-5540-mobile-dual-handheld-kit-for-iphone-17-pro\/\" \/>\n<meta property=\"og:site_name\" content=\"MediaGear\" \/>\n<meta property=\"article:publisher\" content=\"https:\/\/www.facebook.com\/Mediagear.ee\/\" \/>\n<meta property=\"article:modified_time\" content=\"2026-03-12T23:46:15+00:00\" \/>\n<meta property=\"og:image\" content=\"https:\/\/mediagear.ee\/wp-content\/uploads\/2025\/09\/SMALLRIG-5540-Mobile-Dual-Handheld-Kit-for-iPhone-17-Pro.png\" \/>\n\t<meta property=\"og:image:width\" content=\"800\" \/>\n\t<meta property=\"og:image:height\" content=\"728\" \/>\n\t<meta property=\"og:image:type\" content=\"image\/png\" \/>\n<meta name=\"twitter:card\" content=\"summary_large_image\" \/>\n<meta name=\"twitter:label1\" content=\"Est. reading time\" \/>\n\t<meta name=\"twitter:data1\" content=\"2 minutit\" \/>\n<script type=\"application\/ld+json\" class=\"yoast-schema-graph\">{\"@context\":\"https:\/\/schema.org\",\"@graph\":[{\"@type\":\"WebPage\",\"@id\":\"https:\/\/mediagear.ee\/et\/toode\/smallrig-5540-mobile-dual-handheld-kit-for-iphone-17-pro\/\",\"url\":\"https:\/\/mediagear.ee\/et\/toode\/smallrig-5540-mobile-dual-handheld-kit-for-iphone-17-pro\/\",\"name\":\"SMALLRIG 5540 mobiilne kahe k\u00e4epidemega komplekt iPhone 17 Pro jaoks - MediaGear\",\"isPartOf\":{\"@id\":\"https:\/\/mediagear.ee\/et\/#website\"},\"primaryImageOfPage\":{\"@id\":\"https:\/\/mediagear.ee\/et\/toode\/smallrig-5540-mobile-dual-handheld-kit-for-iphone-17-pro\/#primaryimage\"},\"image\":{\"@id\":\"https:\/\/mediagear.ee\/et\/toode\/smallrig-5540-mobile-dual-handheld-kit-for-iphone-17-pro\/#primaryimage\"},\"thumbnailUrl\":\"https:\/\/mediagear.ee\/wp-content\/uploads\/2025\/09\/SMALLRIG-5540-Mobile-Dual-Handheld-Kit-for-iPhone-17-Pro.png\",\"datePublished\":\"2025-09-29T09:01:22+00:00\",\"dateModified\":\"2026-03-12T23:46:15+00:00\",\"description\":\"Professionaalne kahe k\u00e4ega filmimise lahendus, mis on loodud spetsiaalselt iPhone 17 Pro jaoks ning h\u00f5lbustab professionaalsel tasemel videosalvest...\",\"breadcrumb\":{\"@id\":\"https:\/\/mediagear.ee\/et\/toode\/smallrig-5540-mobile-dual-handheld-kit-for-iphone-17-pro\/#breadcrumb\"},\"inLanguage\":\"et\",\"potentialAction\":[{\"@type\":\"ReadAction\",\"target\":[\"https:\/\/mediagear.ee\/et\/toode\/smallrig-5540-mobile-dual-handheld-kit-for-iphone-17-pro\/\"]}]},{\"@type\":\"ImageObject\",\"inLanguage\":\"et\",\"@id\":\"https:\/\/mediagear.ee\/et\/toode\/smallrig-5540-mobile-dual-handheld-kit-for-iphone-17-pro\/#primaryimage\",\"url\":\"https:\/\/mediagear.ee\/wp-content\/uploads\/2025\/09\/SMALLRIG-5540-Mobile-Dual-Handheld-Kit-for-iPhone-17-Pro.png\",\"contentUrl\":\"https:\/\/mediagear.ee\/wp-content\/uploads\/2025\/09\/SMALLRIG-5540-Mobile-Dual-Handheld-Kit-for-iPhone-17-Pro.png\",\"width\":800,\"height\":728,\"caption\":\"SMALLRIG 5540 mobiilne kahe k\u00e4epidemega komplekt iPhone 17 Pro jaoks\"},{\"@type\":\"BreadcrumbList\",\"@id\":\"https:\/\/mediagear.ee\/et\/toode\/smallrig-5540-mobile-dual-handheld-kit-for-iphone-17-pro\/#breadcrumb\",\"itemListElement\":[{\"@type\":\"ListItem\",\"position\":1,\"name\":\"Avaleht\",\"item\":\"https:\/\/mediagear.ee\/et\/\"},{\"@type\":\"ListItem\",\"position\":2,\"name\":\"Pro video &amp; audio tehnika pood\",\"item\":\"https:\/\/mediagear.ee\/et\/pood\/\"},{\"@type\":\"ListItem\",\"position\":3,\"name\":\"RIGGING &amp; GRIP\",\"item\":\"https:\/\/mediagear.ee\/et\/tootekategooria\/rigging-grip-et\/\"},{\"@type\":\"ListItem\",\"position\":4,\"name\":\"Mobiilitarvikud\",\"item\":\"https:\/\/mediagear.ee\/et\/tootekategooria\/rigging-grip-et\/mobiilitarvikud\/\"},{\"@type\":\"ListItem\",\"position\":5,\"name\":\"SMALLRIG 5540 mobiilne kahe k\u00e4epidemega komplekt iPhone 17 Pro jaoks\"}]},{\"@type\":\"WebSite\",\"@id\":\"https:\/\/mediagear.ee\/et\/#website\",\"url\":\"https:\/\/mediagear.ee\/et\/\",\"name\":\"MediaGear\",\"description\":\"Full-service solutions in AV equipment\",\"publisher\":{\"@id\":\"https:\/\/mediagear.ee\/et\/#organization\"},\"potentialAction\":[{\"@type\":\"SearchAction\",\"target\":{\"@type\":\"EntryPoint\",\"urlTemplate\":\"https:\/\/mediagear.ee\/et\/?s={search_term_string}\"},\"query-input\":{\"@type\":\"PropertyValueSpecification\",\"valueRequired\":true,\"valueName\":\"search_term_string\"}}],\"inLanguage\":\"et\"},{\"@type\":\"Organization\",\"@id\":\"https:\/\/mediagear.ee\/et\/#organization\",\"name\":\"Mediagear\",\"url\":\"https:\/\/mediagear.ee\/et\/\",\"logo\":{\"@type\":\"ImageObject\",\"inLanguage\":\"et\",\"@id\":\"https:\/\/mediagear.ee\/et\/#\/schema\/logo\/image\/\",\"url\":\"http:\/\/mediagear.ee\/wp-content\/uploads\/2024\/05\/MediaGear-logo-transp.png\",\"contentUrl\":\"http:\/\/mediagear.ee\/wp-content\/uploads\/2024\/05\/MediaGear-logo-transp.png\",\"width\":600,\"height\":200,\"caption\":\"Mediagear\"},\"image\":{\"@id\":\"https:\/\/mediagear.ee\/et\/#\/schema\/logo\/image\/\"},\"sameAs\":[\"https:\/\/www.facebook.com\/Mediagear.ee\/\",\"https:\/\/www.instagram.com\/mediagear_ee\/\"]}]}<\/script>\n<!-- \/ Yoast SEO plugin. -->","yoast_head_json":{"title":"SMALLRIG 5540 mobiilne kahe k\u00e4epidemega komplekt iPhone 17 Pro jaoks - MediaGear","description":"Professionaalne kahe k\u00e4ega filmimise lahendus, mis on loodud spetsiaalselt iPhone 17 Pro jaoks ning h\u00f5lbustab professionaalsel tasemel videosalvest...","robots":{"index":"index","follow":"follow","max-snippet":"max-snippet:-1","max-image-preview":"max-image-preview:large","max-video-preview":"max-video-preview:-1"},"canonical":"https:\/\/mediagear.ee\/et\/toode\/smallrig-5540-mobile-dual-handheld-kit-for-iphone-17-pro\/","og_locale":"et_EE","og_type":"article","og_title":"SMALLRIG 5540 mobiilne kahe k\u00e4epidemega komplekt iPhone 17 Pro jaoks - MediaGear","og_description":"Professionaalne kahe k\u00e4ega filmimise lahendus, mis on loodud spetsiaalselt iPhone 17 Pro jaoks ning h\u00f5lbustab professionaalsel tasemel videosalvest...","og_url":"https:\/\/mediagear.ee\/et\/toode\/smallrig-5540-mobile-dual-handheld-kit-for-iphone-17-pro\/","og_site_name":"MediaGear","article_publisher":"https:\/\/www.facebook.com\/Mediagear.ee\/","article_modified_time":"2026-03-12T23:46:15+00:00","og_image":[{"width":800,"height":728,"url":"https:\/\/mediagear.ee\/wp-content\/uploads\/2025\/09\/SMALLRIG-5540-Mobile-Dual-Handheld-Kit-for-iPhone-17-Pro.png","type":"image\/png"}],"twitter_card":"summary_large_image","twitter_misc":{"Est. reading time":"2 minutit"},"schema":{"@context":"https:\/\/schema.org","@graph":[{"@type":"WebPage","@id":"https:\/\/mediagear.ee\/et\/toode\/smallrig-5540-mobile-dual-handheld-kit-for-iphone-17-pro\/","url":"https:\/\/mediagear.ee\/et\/toode\/smallrig-5540-mobile-dual-handheld-kit-for-iphone-17-pro\/","name":"SMALLRIG 5540 mobiilne kahe k\u00e4epidemega komplekt iPhone 17 Pro jaoks - MediaGear","isPartOf":{"@id":"https:\/\/mediagear.ee\/et\/#website"},"primaryImageOfPage":{"@id":"https:\/\/mediagear.ee\/et\/toode\/smallrig-5540-mobile-dual-handheld-kit-for-iphone-17-pro\/#primaryimage"},"image":{"@id":"https:\/\/mediagear.ee\/et\/toode\/smallrig-5540-mobile-dual-handheld-kit-for-iphone-17-pro\/#primaryimage"},"thumbnailUrl":"https:\/\/mediagear.ee\/wp-content\/uploads\/2025\/09\/SMALLRIG-5540-Mobile-Dual-Handheld-Kit-for-iPhone-17-Pro.png","datePublished":"2025-09-29T09:01:22+00:00","dateModified":"2026-03-12T23:46:15+00:00","description":"Professionaalne kahe k\u00e4ega filmimise lahendus, mis on loodud spetsiaalselt iPhone 17 Pro jaoks ning h\u00f5lbustab professionaalsel tasemel videosalvest...","breadcrumb":{"@id":"https:\/\/mediagear.ee\/et\/toode\/smallrig-5540-mobile-dual-handheld-kit-for-iphone-17-pro\/#breadcrumb"},"inLanguage":"et","potentialAction":[{"@type":"ReadAction","target":["https:\/\/mediagear.ee\/et\/toode\/smallrig-5540-mobile-dual-handheld-kit-for-iphone-17-pro\/"]}]},{"@type":"ImageObject","inLanguage":"et","@id":"https:\/\/mediagear.ee\/et\/toode\/smallrig-5540-mobile-dual-handheld-kit-for-iphone-17-pro\/#primaryimage","url":"https:\/\/mediagear.ee\/wp-content\/uploads\/2025\/09\/SMALLRIG-5540-Mobile-Dual-Handheld-Kit-for-iPhone-17-Pro.png","contentUrl":"https:\/\/mediagear.ee\/wp-content\/uploads\/2025\/09\/SMALLRIG-5540-Mobile-Dual-Handheld-Kit-for-iPhone-17-Pro.png","width":800,"height":728,"caption":"SMALLRIG 5540 mobiilne kahe k\u00e4epidemega komplekt iPhone 17 Pro jaoks"},{"@type":"BreadcrumbList","@id":"https:\/\/mediagear.ee\/et\/toode\/smallrig-5540-mobile-dual-handheld-kit-for-iphone-17-pro\/#breadcrumb","itemListElement":[{"@type":"ListItem","position":1,"name":"Avaleht","item":"https:\/\/mediagear.ee\/et\/"},{"@type":"ListItem","position":2,"name":"Pro video &amp; audio tehnika pood","item":"https:\/\/mediagear.ee\/et\/pood\/"},{"@type":"ListItem","position":3,"name":"RIGGING &amp; GRIP","item":"https:\/\/mediagear.ee\/et\/tootekategooria\/rigging-grip-et\/"},{"@type":"ListItem","position":4,"name":"Mobiilitarvikud","item":"https:\/\/mediagear.ee\/et\/tootekategooria\/rigging-grip-et\/mobiilitarvikud\/"},{"@type":"ListItem","position":5,"name":"SMALLRIG 5540 mobiilne kahe k\u00e4epidemega komplekt iPhone 17 Pro jaoks"}]},{"@type":"WebSite","@id":"https:\/\/mediagear.ee\/et\/#website","url":"https:\/\/mediagear.ee\/et\/","name":"MediaGear","description":"Full-service solutions in AV equipment","publisher":{"@id":"https:\/\/mediagear.ee\/et\/#organization"},"potentialAction":[{"@type":"SearchAction","target":{"@type":"EntryPoint","urlTemplate":"https:\/\/mediagear.ee\/et\/?s={search_term_string}"},"query-input":{"@type":"PropertyValueSpecification","valueRequired":true,"valueName":"search_term_string"}}],"inLanguage":"et"},{"@type":"Organization","@id":"https:\/\/mediagear.ee\/et\/#organization","name":"Mediagear","url":"https:\/\/mediagear.ee\/et\/","logo":{"@type":"ImageObject","inLanguage":"et","@id":"https:\/\/mediagear.ee\/et\/#\/schema\/logo\/image\/","url":"http:\/\/mediagear.ee\/wp-content\/uploads\/2024\/05\/MediaGear-logo-transp.png","contentUrl":"http:\/\/mediagear.ee\/wp-content\/uploads\/2024\/05\/MediaGear-logo-transp.png","width":600,"height":200,"caption":"Mediagear"},"image":{"@id":"https:\/\/mediagear.ee\/et\/#\/schema\/logo\/image\/"},"sameAs":["https:\/\/www.facebook.com\/Mediagear.ee\/","https:\/\/www.instagram.com\/mediagear_ee\/"]}]}},"_links":{"self":[{"href":"https:\/\/mediagear.ee\/et\/wp-json\/wp\/v2\/product\/290281","targetHints":{"allow":["GET"]}}],"collection":[{"href":"https:\/\/mediagear.ee\/et\/wp-json\/wp\/v2\/product"}],"about":[{"href":"https:\/\/mediagear.ee\/et\/wp-json\/wp\/v2\/types\/product"}],"wp:featuredmedia":[{"embeddable":true,"href":"https:\/\/mediagear.ee\/et\/wp-json\/wp\/v2\/media\/290282"}],"wp:attachment":[{"href":"https:\/\/mediagear.ee\/et\/wp-json\/wp\/v2\/media?parent=290281"}],"wp:term":[{"taxonomy":"brand","embeddable":true,"href":"https:\/\/mediagear.ee\/et\/wp-json\/wp\/v2\/brand?post=290281"},{"taxonomy":"product_cat","embeddable":true,"href":"https:\/\/mediagear.ee\/et\/wp-json\/wp\/v2\/product_cat?post=290281"},{"taxonomy":"product_tag","embeddable":true,"href":"https:\/\/mediagear.ee\/et\/wp-json\/wp\/v2\/product_tag?post=290281"},{"taxonomy":"inventory","embeddable":true,"href":"https:\/\/mediagear.ee\/et\/wp-json\/wp\/v2\/inventory?post=290281"}],"curies":[{"name":"wp","href":"https:\/\/api.w.org\/{rel}","templated":true}]}}