{"id":310136,"date":"2025-10-21T16:01:47","date_gmt":"2025-10-21T13:01:47","guid":{"rendered":"http:\/\/mediagear.ee\/product\/nanlite-forza-60b-ii-bicolor-led-spot-light\/"},"modified":"2026-04-11T18:24:16","modified_gmt":"2026-04-11T15:24:16","slug":"nanlite-forza-60b-ii-bicolor-led-spot-light","status":"publish","type":"product","link":"https:\/\/mediagear.ee\/et\/toode\/nanlite-forza-60b-ii-bicolor-led-spot-light\/","title":{"rendered":"NANLITE p\u00fcsivalgusti Forza 60B II LED"},"content":{"rendered":"<ul>\n<li>Forza 60B II on kompaktne ja kerge valgusti, kaaludes k&otilde;igest 700 g<\/li>\n<li>Valgustemperatuur on reguleeritav vahemikus 2700&ndash;6500 K ja valgustatus reflektoriga on kuni 14 350 luksi (1 m, 5600 K)<\/li>\n<li>CRI v&auml;&auml;rtus 96, TLCI v&auml;&auml;rtus 98, TM-30 Rf 93 ja Rg v&auml;&auml;rtus 100<\/li>\n<li>FM Mount kinnitus hajutite ja valguse suunajate kasutamiseks<\/li>\n<li>Adapteriga saab kasutada Bowens s&uuml;steemi tarvikuid<\/li>\n<li>V&otilde;rgu- ja akutoite v&otilde;imalused erinevateks v&otilde;ttekeskkondadeks<\/li>\n<li>Vaikne jahutusventilaator on vajadusel v&auml;lja l&uuml;litatav<\/li>\n<li>Erinevad juhtimise v&otilde;imalused, sh 2,4 GHz, Bluetooth, DMX ja RDM<\/li>\n<li>Toetab p&uuml;sivara uuendamist USB-liidese kaudu<\/li>\n<\/ul>\n<p><strong>Eredam. Vaiksem. Parem.<\/strong><br \/>T&auml;nu kasutajate tagasisidele naaseb Forza k&otilde;ikeh&otilde;lmavate t&auml;iustustega 3 aastat peale deb&uuml;&uuml;ti. N&uuml;&uuml;d on Forza 60 II &amp; 60B II esirinnas, kasutades t&auml;ielikult &auml;ra kompaktsete p&uuml;sivalgustite potentsiaali. Forza 60B II viib paljud aspektid j&auml;rgmisele tasemele, v&auml;hendamata seejuures esimese p&otilde;lvkonna tugevaid k&uuml;lgi.<\/p>\n<p><strong>Kompaktsus ja eredus<\/strong><br \/>Forza 60B II sai uue disainiga reflektori, et kerget kaalu veelgi kergemaks muuta. T&auml;iustatud optiline disain parandab valgustusringi ohverdamata t&otilde;husust. Selle kauni v&auml;limuse all peidab end tohutu j&otilde;ud. Forza 60B II pakub h&auml;mmastavat v&auml;ljundit &uuml;likompaktses korpuses, mille valgustihedus ilma reflekorita on 2577 lux (1 m, 5600 K).<\/p>\n<p><strong>Rohkem v&otilde;imalusi<\/strong><br \/>T&auml;nu CCT re\u017eiimile annab Forza 60B II v&otilde;imaluse end kunstiliselt v&auml;ljendada. Saad luua erinevaid meeleolusid ja stiile &ndash;&nbsp;v&otilde;imalusi on palju.<\/p>\n<p><strong>Kaks v&auml;ljundre\u017eiimi. T&auml;iustatud t&ouml;&ouml;voog.<\/strong><br \/>Forza 60B II on varustatud kahe v&auml;ljundre\u017eiimiga: tavap&auml;rane maksimaalne v&auml;ljundre\u017eiim ja uudne konstantne v&auml;ljundre\u017eiim.<\/p>\n<p><strong>V&auml;rviedastusv&otilde;ime<\/strong><br \/>Forza 60B II saavutab v&auml;rviedastuses muljetavaldavad hinded, l&auml;bides k&otilde;ik ranged CRI, TLCI, k&uuml;llastuse, t&auml;psuse ja &auml;sja kehtestatud standardite testid professionaalse j&otilde;dlusega. RAW-failivormingusse salvestub rohkem v&auml;rviteavet, et pakkuda j&auml;relt&ouml;&ouml;tlusel suuremat paindlikkust.<\/p>\n<ul>\n<li>CRI: 96<\/li>\n<li>TLCI: 98<\/li>\n<li>TM-30 Rf: 93<\/li>\n<li>TM-30 Rg: 100<\/li>\n<\/ul>\n<p><strong>Kohandatavad efektid<\/strong><br \/>Forza 60B II pakub eriefekte, mille iga perimeeter on reguleeritav. Saad oma kujutlusv&otilde;ime valguse ja varjude p&otilde;nevate kombinatsioonide kaudu intuitiivselt &uuml;les &auml;ratada.<\/p>\n<p><strong>Juhtimise uus tase<\/strong><br \/>Forza 60B II saab juhtida mitmel viisil. OLED-ekraani ja nuppude kasutamine on v&auml;ga lihtne ning see ei vaja lisakoolitust. Lisatud on MODE nupp, mis v&otilde;imaldab kiirelt re\u017eiime vahetada, et t&ouml;&ouml;voogu sujuvamaks muuta. Sisseehitatud 2.4G ja Bluetooth moodulid toetavad kiiret ja mugavat kaugjuhtimist Nanlink mobiilirakenduse kaudu &ndash; see muudab Forza 60B II kasutamise teiste Nanlite valgustitega muretuks. Rakenduses saab efekte palju paindlikumalt kohandada. Valgusti toetab ka DMX ja RDM kaudu kontrollimist.<\/p>\n<p><strong>Vaikne keskkond, h&auml;&auml;letu t&ouml;&ouml;loom<\/strong><br \/>Forza 60B II on varustatud kordades vaiksema integreeritud ventilaatoriga ning Sul on v&otilde;imalus seda ka v&auml;lja l&uuml;litada. M&uuml;ratase ventilaatoriga on k&otilde;igest 20 dBA, seega enamiku helisalvestuste puhul pole vaja j&otilde;udlust ventilaatori v&auml;ljal&uuml;litamisega ohverdada.<\/p>\n<p><strong>FM Mount kinnitus<\/strong><br \/>Forza 60B II kasutab sama kompaktset ja tugevat FM Mount kinnitust. Pidevalt kasvav FM Mount &ouml;kos&uuml;steem pakub loojatele laiaulatuslikku tarvikute arsenali. Ava loomingulises valgustuses rohkem v&otilde;imalusi n&auml;iteks valguse hajutamise ja suunamise kaudu. Kaasasoleva adapteriga saad ka juurdep&auml;&auml;su Bowens s&uuml;steemi tarvikutele.<\/p>\n<p><strong>Mobiilsus<\/strong><br \/>Forza 60B II on akuk&auml;epideme kaudu alalisvoolu toitev&otilde;imalus. Kaks NPF seeria akut v&otilde;i &uuml;ks V-t&uuml;&uuml;pi aku on sobivad, kui on vaja liikvel olla (akud ei kuulu komplekti). Kaasas on kvaliteetne kandekott, et saaksid valgusti mugavalt endaga kaasa v&otilde;tta.<\/p>\n<p><strong>Tulevased funktsioonid<\/strong><br \/>Valgusti toetab p&uuml;sivara uuendamist USB-liidese kaudu, seega ligip&auml;&auml;s uutele funktsioonidele on olemas.<\/p>\n<p><strong>Komplektis:<\/strong><\/p>\n<ul>\n<li>Forza 60B II<\/li>\n<li>Vooluadapter<\/li>\n<li>Voolukaabel 3m<\/li>\n<li>COB kaitsekork<\/li>\n<li>RF-FMM-45-S reflektor<\/li>\n<li>BH-FZ60 akuk&auml;epide<\/li>\n<li>AS-BA-FMM Bowens adapter<\/li>\n<li>Kandekott<\/li>\n<\/ul>\n","protected":false},"excerpt":{"rendered":"<ul>\n<li>V&otilde;imas 72 W LED p&uuml;sivalgusti<\/li>\n<li>Valgustemperatuur: 2700&ndash;6500 K<\/li>\n<li>Valgustugevus muudetav 0&ndash;100%<\/li>\n<li>DMX, RDM, Bluetooth &amp; 2,4 GHz tugi<\/li>\n<li>Erinevad valgustusre\u017eiimid<\/li>\n<\/ul>\n","protected":false},"featured_media":310137,"template":"","meta":{"_acf_changed":false},"brand":[4375],"product_cat":[5284],"product_tag":[],"inventory":[],"class_list":{"0":"post-310136","1":"product","2":"type-product","3":"status-publish","4":"has-post-thumbnail","6":"brand-nanlite-et","7":"product_cat-spot-valgustid","9":"first","10":"onbackorder","11":"taxable","12":"shipping-taxable","13":"purchasable","14":"product-type-simple"},"acf":[],"yoast_head":"<!-- This site is optimized with the Yoast SEO plugin v27.1.1 - https:\/\/yoast.com\/product\/yoast-seo-wordpress\/ -->\n<title>NANLITE p\u00fcsivalgusti Forza 60B II LED - MediaGear<\/title>\n<meta name=\"description\" content=\"Adopting the quality of light and the compact and lightweight form of the Forza 60 and 60B models, Nanlite has improved the performance and versati...\" \/>\n<meta name=\"robots\" content=\"index, follow, max-snippet:-1, max-image-preview:large, max-video-preview:-1\" \/>\n<link rel=\"canonical\" href=\"https:\/\/mediagear.ee\/et\/toode\/nanlite-forza-60b-ii-bicolor-led-spot-light\/\" \/>\n<meta property=\"og:locale\" content=\"et_EE\" \/>\n<meta property=\"og:type\" content=\"article\" \/>\n<meta property=\"og:title\" content=\"NANLITE p\u00fcsivalgusti Forza 60B II LED - MediaGear\" \/>\n<meta property=\"og:description\" content=\"Adopting the quality of light and the compact and lightweight form of the Forza 60 and 60B models, Nanlite has improved the performance and versati...\" \/>\n<meta property=\"og:url\" content=\"https:\/\/mediagear.ee\/et\/toode\/nanlite-forza-60b-ii-bicolor-led-spot-light\/\" \/>\n<meta property=\"og:site_name\" content=\"MediaGear\" \/>\n<meta property=\"article:publisher\" content=\"https:\/\/www.facebook.com\/Mediagear.ee\/\" \/>\n<meta property=\"article:modified_time\" content=\"2026-04-11T15:24:16+00:00\" \/>\n<meta property=\"og:image\" content=\"https:\/\/mediagear.ee\/wp-content\/uploads\/2025\/10\/NANLITE-Forza-60B-II-Bicolor-LED-Spot-Light.png\" \/>\n\t<meta property=\"og:image:width\" content=\"617\" \/>\n\t<meta property=\"og:image:height\" content=\"800\" \/>\n\t<meta property=\"og:image:type\" content=\"image\/png\" \/>\n<meta name=\"twitter:card\" content=\"summary_large_image\" \/>\n<meta name=\"twitter:label1\" content=\"Est. reading time\" \/>\n\t<meta name=\"twitter:data1\" content=\"3 minutit\" \/>\n<script type=\"application\/ld+json\" class=\"yoast-schema-graph\">{\"@context\":\"https:\/\/schema.org\",\"@graph\":[{\"@type\":\"WebPage\",\"@id\":\"https:\/\/mediagear.ee\/et\/toode\/nanlite-forza-60b-ii-bicolor-led-spot-light\/\",\"url\":\"https:\/\/mediagear.ee\/et\/toode\/nanlite-forza-60b-ii-bicolor-led-spot-light\/\",\"name\":\"NANLITE p\u00fcsivalgusti Forza 60B II LED - MediaGear\",\"isPartOf\":{\"@id\":\"https:\/\/mediagear.ee\/et\/#website\"},\"primaryImageOfPage\":{\"@id\":\"https:\/\/mediagear.ee\/et\/toode\/nanlite-forza-60b-ii-bicolor-led-spot-light\/#primaryimage\"},\"image\":{\"@id\":\"https:\/\/mediagear.ee\/et\/toode\/nanlite-forza-60b-ii-bicolor-led-spot-light\/#primaryimage\"},\"thumbnailUrl\":\"https:\/\/mediagear.ee\/wp-content\/uploads\/2025\/10\/NANLITE-Forza-60B-II-Bicolor-LED-Spot-Light.png\",\"datePublished\":\"2025-10-21T13:01:47+00:00\",\"dateModified\":\"2026-04-11T15:24:16+00:00\",\"description\":\"Adopting the quality of light and the compact and lightweight form of the Forza 60 and 60B models, Nanlite has improved the performance and versati...\",\"breadcrumb\":{\"@id\":\"https:\/\/mediagear.ee\/et\/toode\/nanlite-forza-60b-ii-bicolor-led-spot-light\/#breadcrumb\"},\"inLanguage\":\"et\",\"potentialAction\":[{\"@type\":\"ReadAction\",\"target\":[\"https:\/\/mediagear.ee\/et\/toode\/nanlite-forza-60b-ii-bicolor-led-spot-light\/\"]}]},{\"@type\":\"ImageObject\",\"inLanguage\":\"et\",\"@id\":\"https:\/\/mediagear.ee\/et\/toode\/nanlite-forza-60b-ii-bicolor-led-spot-light\/#primaryimage\",\"url\":\"https:\/\/mediagear.ee\/wp-content\/uploads\/2025\/10\/NANLITE-Forza-60B-II-Bicolor-LED-Spot-Light.png\",\"contentUrl\":\"https:\/\/mediagear.ee\/wp-content\/uploads\/2025\/10\/NANLITE-Forza-60B-II-Bicolor-LED-Spot-Light.png\",\"width\":617,\"height\":800,\"caption\":\"NANLITE Forza 60B II Bicolor LED Spot Light\"},{\"@type\":\"BreadcrumbList\",\"@id\":\"https:\/\/mediagear.ee\/et\/toode\/nanlite-forza-60b-ii-bicolor-led-spot-light\/#breadcrumb\",\"itemListElement\":[{\"@type\":\"ListItem\",\"position\":1,\"name\":\"Avaleht\",\"item\":\"https:\/\/mediagear.ee\/et\/\"},{\"@type\":\"ListItem\",\"position\":2,\"name\":\"Pro video &amp; audio tehnika pood\",\"item\":\"https:\/\/mediagear.ee\/et\/pood\/\"},{\"@type\":\"ListItem\",\"position\":3,\"name\":\"VALGUSTEHNIKA\",\"item\":\"https:\/\/mediagear.ee\/et\/tootekategooria\/valgustehnika\/\"},{\"@type\":\"ListItem\",\"position\":4,\"name\":\"Spot-valgustid\",\"item\":\"https:\/\/mediagear.ee\/et\/tootekategooria\/valgustehnika\/spot-valgustid\/\"},{\"@type\":\"ListItem\",\"position\":5,\"name\":\"NANLITE p\u00fcsivalgusti Forza 60B II LED\"}]},{\"@type\":\"WebSite\",\"@id\":\"https:\/\/mediagear.ee\/et\/#website\",\"url\":\"https:\/\/mediagear.ee\/et\/\",\"name\":\"MediaGear\",\"description\":\"Full-service solutions in AV equipment\",\"publisher\":{\"@id\":\"https:\/\/mediagear.ee\/et\/#organization\"},\"potentialAction\":[{\"@type\":\"SearchAction\",\"target\":{\"@type\":\"EntryPoint\",\"urlTemplate\":\"https:\/\/mediagear.ee\/et\/?s={search_term_string}\"},\"query-input\":{\"@type\":\"PropertyValueSpecification\",\"valueRequired\":true,\"valueName\":\"search_term_string\"}}],\"inLanguage\":\"et\"},{\"@type\":\"Organization\",\"@id\":\"https:\/\/mediagear.ee\/et\/#organization\",\"name\":\"Mediagear\",\"url\":\"https:\/\/mediagear.ee\/et\/\",\"logo\":{\"@type\":\"ImageObject\",\"inLanguage\":\"et\",\"@id\":\"https:\/\/mediagear.ee\/et\/#\/schema\/logo\/image\/\",\"url\":\"http:\/\/mediagear.ee\/wp-content\/uploads\/2024\/05\/MediaGear-logo-transp.png\",\"contentUrl\":\"http:\/\/mediagear.ee\/wp-content\/uploads\/2024\/05\/MediaGear-logo-transp.png\",\"width\":600,\"height\":200,\"caption\":\"Mediagear\"},\"image\":{\"@id\":\"https:\/\/mediagear.ee\/et\/#\/schema\/logo\/image\/\"},\"sameAs\":[\"https:\/\/www.facebook.com\/Mediagear.ee\/\",\"https:\/\/www.instagram.com\/mediagear_ee\/\"]}]}<\/script>\n<!-- \/ Yoast SEO plugin. -->","yoast_head_json":{"title":"NANLITE p\u00fcsivalgusti Forza 60B II LED - MediaGear","description":"Adopting the quality of light and the compact and lightweight form of the Forza 60 and 60B models, Nanlite has improved the performance and versati...","robots":{"index":"index","follow":"follow","max-snippet":"max-snippet:-1","max-image-preview":"max-image-preview:large","max-video-preview":"max-video-preview:-1"},"canonical":"https:\/\/mediagear.ee\/et\/toode\/nanlite-forza-60b-ii-bicolor-led-spot-light\/","og_locale":"et_EE","og_type":"article","og_title":"NANLITE p\u00fcsivalgusti Forza 60B II LED - MediaGear","og_description":"Adopting the quality of light and the compact and lightweight form of the Forza 60 and 60B models, Nanlite has improved the performance and versati...","og_url":"https:\/\/mediagear.ee\/et\/toode\/nanlite-forza-60b-ii-bicolor-led-spot-light\/","og_site_name":"MediaGear","article_publisher":"https:\/\/www.facebook.com\/Mediagear.ee\/","article_modified_time":"2026-04-11T15:24:16+00:00","og_image":[{"width":617,"height":800,"url":"https:\/\/mediagear.ee\/wp-content\/uploads\/2025\/10\/NANLITE-Forza-60B-II-Bicolor-LED-Spot-Light.png","type":"image\/png"}],"twitter_card":"summary_large_image","twitter_misc":{"Est. reading time":"3 minutit"},"schema":{"@context":"https:\/\/schema.org","@graph":[{"@type":"WebPage","@id":"https:\/\/mediagear.ee\/et\/toode\/nanlite-forza-60b-ii-bicolor-led-spot-light\/","url":"https:\/\/mediagear.ee\/et\/toode\/nanlite-forza-60b-ii-bicolor-led-spot-light\/","name":"NANLITE p\u00fcsivalgusti Forza 60B II LED - MediaGear","isPartOf":{"@id":"https:\/\/mediagear.ee\/et\/#website"},"primaryImageOfPage":{"@id":"https:\/\/mediagear.ee\/et\/toode\/nanlite-forza-60b-ii-bicolor-led-spot-light\/#primaryimage"},"image":{"@id":"https:\/\/mediagear.ee\/et\/toode\/nanlite-forza-60b-ii-bicolor-led-spot-light\/#primaryimage"},"thumbnailUrl":"https:\/\/mediagear.ee\/wp-content\/uploads\/2025\/10\/NANLITE-Forza-60B-II-Bicolor-LED-Spot-Light.png","datePublished":"2025-10-21T13:01:47+00:00","dateModified":"2026-04-11T15:24:16+00:00","description":"Adopting the quality of light and the compact and lightweight form of the Forza 60 and 60B models, Nanlite has improved the performance and versati...","breadcrumb":{"@id":"https:\/\/mediagear.ee\/et\/toode\/nanlite-forza-60b-ii-bicolor-led-spot-light\/#breadcrumb"},"inLanguage":"et","potentialAction":[{"@type":"ReadAction","target":["https:\/\/mediagear.ee\/et\/toode\/nanlite-forza-60b-ii-bicolor-led-spot-light\/"]}]},{"@type":"ImageObject","inLanguage":"et","@id":"https:\/\/mediagear.ee\/et\/toode\/nanlite-forza-60b-ii-bicolor-led-spot-light\/#primaryimage","url":"https:\/\/mediagear.ee\/wp-content\/uploads\/2025\/10\/NANLITE-Forza-60B-II-Bicolor-LED-Spot-Light.png","contentUrl":"https:\/\/mediagear.ee\/wp-content\/uploads\/2025\/10\/NANLITE-Forza-60B-II-Bicolor-LED-Spot-Light.png","width":617,"height":800,"caption":"NANLITE Forza 60B II Bicolor LED Spot Light"},{"@type":"BreadcrumbList","@id":"https:\/\/mediagear.ee\/et\/toode\/nanlite-forza-60b-ii-bicolor-led-spot-light\/#breadcrumb","itemListElement":[{"@type":"ListItem","position":1,"name":"Avaleht","item":"https:\/\/mediagear.ee\/et\/"},{"@type":"ListItem","position":2,"name":"Pro video &amp; audio tehnika pood","item":"https:\/\/mediagear.ee\/et\/pood\/"},{"@type":"ListItem","position":3,"name":"VALGUSTEHNIKA","item":"https:\/\/mediagear.ee\/et\/tootekategooria\/valgustehnika\/"},{"@type":"ListItem","position":4,"name":"Spot-valgustid","item":"https:\/\/mediagear.ee\/et\/tootekategooria\/valgustehnika\/spot-valgustid\/"},{"@type":"ListItem","position":5,"name":"NANLITE p\u00fcsivalgusti Forza 60B II LED"}]},{"@type":"WebSite","@id":"https:\/\/mediagear.ee\/et\/#website","url":"https:\/\/mediagear.ee\/et\/","name":"MediaGear","description":"Full-service solutions in AV equipment","publisher":{"@id":"https:\/\/mediagear.ee\/et\/#organization"},"potentialAction":[{"@type":"SearchAction","target":{"@type":"EntryPoint","urlTemplate":"https:\/\/mediagear.ee\/et\/?s={search_term_string}"},"query-input":{"@type":"PropertyValueSpecification","valueRequired":true,"valueName":"search_term_string"}}],"inLanguage":"et"},{"@type":"Organization","@id":"https:\/\/mediagear.ee\/et\/#organization","name":"Mediagear","url":"https:\/\/mediagear.ee\/et\/","logo":{"@type":"ImageObject","inLanguage":"et","@id":"https:\/\/mediagear.ee\/et\/#\/schema\/logo\/image\/","url":"http:\/\/mediagear.ee\/wp-content\/uploads\/2024\/05\/MediaGear-logo-transp.png","contentUrl":"http:\/\/mediagear.ee\/wp-content\/uploads\/2024\/05\/MediaGear-logo-transp.png","width":600,"height":200,"caption":"Mediagear"},"image":{"@id":"https:\/\/mediagear.ee\/et\/#\/schema\/logo\/image\/"},"sameAs":["https:\/\/www.facebook.com\/Mediagear.ee\/","https:\/\/www.instagram.com\/mediagear_ee\/"]}]}},"_links":{"self":[{"href":"https:\/\/mediagear.ee\/et\/wp-json\/wp\/v2\/product\/310136","targetHints":{"allow":["GET"]}}],"collection":[{"href":"https:\/\/mediagear.ee\/et\/wp-json\/wp\/v2\/product"}],"about":[{"href":"https:\/\/mediagear.ee\/et\/wp-json\/wp\/v2\/types\/product"}],"wp:featuredmedia":[{"embeddable":true,"href":"https:\/\/mediagear.ee\/et\/wp-json\/wp\/v2\/media\/310137"}],"wp:attachment":[{"href":"https:\/\/mediagear.ee\/et\/wp-json\/wp\/v2\/media?parent=310136"}],"wp:term":[{"taxonomy":"brand","embeddable":true,"href":"https:\/\/mediagear.ee\/et\/wp-json\/wp\/v2\/brand?post=310136"},{"taxonomy":"product_cat","embeddable":true,"href":"https:\/\/mediagear.ee\/et\/wp-json\/wp\/v2\/product_cat?post=310136"},{"taxonomy":"product_tag","embeddable":true,"href":"https:\/\/mediagear.ee\/et\/wp-json\/wp\/v2\/product_tag?post=310136"},{"taxonomy":"inventory","embeddable":true,"href":"https:\/\/mediagear.ee\/et\/wp-json\/wp\/v2\/inventory?post=310136"}],"curies":[{"name":"wp","href":"https:\/\/api.w.org\/{rel}","templated":true}]}}