{"id":326913,"date":"2025-12-17T14:58:30","date_gmt":"2025-12-17T12:58:30","guid":{"rendered":"https:\/\/mediagear.ee\/product\/laowa-probe-zoom-15-24mm-t8-lens-direct-view-arri-pl\/"},"modified":"2026-02-09T05:25:21","modified_gmt":"2026-02-09T03:25:21","slug":"laowa-probe-zoom-15-24mm-t8-lens-direct-view-arri-pl","status":"publish","type":"product","link":"https:\/\/mediagear.ee\/et\/toode\/laowa-probe-zoom-15-24mm-t8-lens-direct-view-arri-pl\/","title":{"rendered":"LAOWA Probe Zoom 15\u201324mm T8 Lens (Direct View) \u2013 Arri PL"},"content":{"rendered":"<p><span>Laowa Probe Zoom s\u00e4ilitab oma m\u00e4rkimisv\u00e4\u00e4rse parfokaalse konstruktsiooniga fookuse suumimise ajal, v\u00f5imaldades filmitegijatel teostada sujuvaid ja kaasahaaravaid suumiefekte ilma fookuse pideva reguleerimiseta. Objektiivil on 15 mm \u00fclisuur t\u00e4iskaadri perspektiiv ja ulatuslik 1,6-kordne suumivahemik, mis on loodud nii kaasahaaravate keskkonnakaadrite kui ka keeruliste makrodetailide jaoks. Selle erakordselt l\u00e4hedane t\u00f6\u00f6kaugus &#8211; vaid 5 mm kaugusel objektist &#8211; v\u00f5imaldab j\u00e4\u00e4dvustada peeneid detaile ka k\u00f5ige keerulisemates ja kitsamates ruumides.<\/span><\/p>\n<p>Objektiiv on modulaarselt paindlik, pakkudes nelja vahetatavat esiosa &#8211; otsevaade, periskoopvaade, 35\u00b0 vaade ja 90\u00b0 vaade -, mis on kohandatud konkreetsetele filmimisstsenaariumidele ja kunstilistele visioonidele. Need moodulid aitavad operaatoritel luua uuenduslikke vaatenurki ja d\u00fcnaamilisi kaadreid ilma kaamera \u00fcmberpaigutamiseta. Veekindel ja vastupidav t\u00fcnniku konstruktsioon laiendab veelgi pildistamisv\u00f5imalusi, mis on ideaalne keskkondades, alates veealustest filmidest kuni n\u00f5udlike v\u00e4litingimustes toimuva pildistamiseni.<\/p>\n<p><b>V\u00e4limused:<\/b><\/p>\n<ul>\n<li>\n<p>15 mm ultra-laia perspektiiviga<\/p>\n<\/li>\n<li>\n<p>1,6x zoomi ulatus parfokaalse disainiga<\/p>\n<\/li>\n<li>\n<p>Vahetatavad esimoodulid: Otse, periskoop, 35\u00b0 vaade, 90\u00b0 vaade<\/p>\n<\/li>\n<li>\n<p>Magnifikatsioon kuni 1,6x \u00e4\u00e4rmuslikeks l\u00e4hiv\u00f5teteks<\/p>\n<\/li>\n<li>\n<li>\n<p>V\u00e4ljapaistev teravus ja suurep\u00e4rane pildikvaliteet<\/p>\n<\/li>\n<li>\n<li>\n<p>Veetakistus, pikk torukujuline toru, mis sobib erinevatesse pildistamiskeskkondadesse<\/p>\n<\/li>\n<li>\n<li>\n<p>360\u00b0 p\u00f6\u00f6ratav eesmine toru mitmek\u00fclgse nurga reguleerimiseks<\/p>\n<\/li>\n<li>\n<li>\n<p>T\u00e4ielik kaadri ulatus 43.2mm pildiring<\/p>\n<\/li>\n<li>\n<li>\n<p>Kaksikliibriline\/meetriline fookusskaala<\/p>\n<\/li>\n<li>\n<li>\n<p>Valikuline ARRI PL kinnitus ning valikuliselt Canon EF, Canon RF, Sony E, Nikon Z ja L kinnitus<\/p>\n<\/li>\n<\/li>\n<\/li>\n<\/li>\n<\/li>\n<\/li>\n<\/li>\n<\/ul>\n<p><\/p>\n<p><b>Mida on karbis:<\/b><\/p>\n<ul>\n<li>\n<li>\n<p>Laowa Probe Zoom 15-24mm T8 makroobjektiiv<\/p>\n<\/li>\n<li>\n<li>\n<p>Valikustatud esemoodul (otsene, periskoop, 35\u00b0 v\u00f5i 90\u00b0)<\/p>\n<\/li>\n<li>\n<p>Mount adapter (valikuline)<\/p>\n<\/li>\n<li>\n<li>\n<p>kaitsekorgid<\/p>\n<\/li>\n<li>\n<li>\n<p>Kandekott<\/p>\n<\/li>\n<\/li>\n<\/li>\n<\/li>\n<\/li>\n<\/ul>\n<p>Kandekott<\/p>\n","protected":false},"excerpt":{"rendered":"<p>The Laowa Probe Zoom 15-24mm T8 Macro lens opens up new creative possibilities for filmmakers by providing perspectives that traditional lenses cannot capture. As part of Laowa&#8217;s innovative probe zoom series, this lens enables close-up filming with an expansive view, perfect for capturing detailed shots in challenging spaces<\/p>\n","protected":false},"featured_media":326914,"template":"","meta":{"_acf_changed":false},"brand":[6739],"product_cat":[5279],"product_tag":[],"inventory":[],"class_list":{"0":"post-326913","1":"product","2":"type-product","3":"status-publish","4":"has-post-thumbnail","6":"brand-laowa-et","7":"product_cat-suumobjektiivid","9":"first","10":"onbackorder","11":"taxable","12":"shipping-taxable","13":"purchasable","14":"product-type-simple"},"acf":[],"yoast_head":"<!-- This site is optimized with the Yoast SEO plugin v27.1.1 - https:\/\/yoast.com\/product\/yoast-seo-wordpress\/ -->\n<title>LAOWA Probe Zoom 15\u201324mm T8 Lens (Direct View) \u2013 Arri PL - MediaGear<\/title>\n<meta name=\"description\" content=\"The Laowa Probe Zoom 15-24mm T8 Macro lens opens up new creative possibilities for filmmakers by providing perspectives that traditional lenses can...\" \/>\n<meta name=\"robots\" content=\"index, follow, max-snippet:-1, max-image-preview:large, max-video-preview:-1\" \/>\n<link rel=\"canonical\" href=\"https:\/\/mediagear.ee\/et\/toode\/laowa-probe-zoom-15-24mm-t8-lens-direct-view-arri-pl\/\" \/>\n<meta property=\"og:locale\" content=\"et_EE\" \/>\n<meta property=\"og:type\" content=\"article\" \/>\n<meta property=\"og:title\" content=\"LAOWA Probe Zoom 15\u201324mm T8 Lens (Direct View) \u2013 Arri PL - MediaGear\" \/>\n<meta property=\"og:description\" content=\"The Laowa Probe Zoom 15-24mm T8 Macro lens opens up new creative possibilities for filmmakers by providing perspectives that traditional lenses can...\" \/>\n<meta property=\"og:url\" content=\"https:\/\/mediagear.ee\/et\/toode\/laowa-probe-zoom-15-24mm-t8-lens-direct-view-arri-pl\/\" \/>\n<meta property=\"og:site_name\" content=\"MediaGear\" \/>\n<meta property=\"article:publisher\" content=\"https:\/\/www.facebook.com\/Mediagear.ee\/\" \/>\n<meta property=\"article:modified_time\" content=\"2026-02-09T03:25:21+00:00\" \/>\n<meta property=\"og:image\" content=\"https:\/\/mediagear.ee\/wp-content\/uploads\/2025\/12\/LAOWA-Probe-Zoom-15\u201324mm-T8-Lens-Direct-View-\u2013-Arri-PL.png\" \/>\n\t<meta property=\"og:image:width\" content=\"106\" \/>\n\t<meta property=\"og:image:height\" content=\"800\" \/>\n\t<meta property=\"og:image:type\" content=\"image\/png\" \/>\n<meta name=\"twitter:card\" content=\"summary_large_image\" \/>\n<meta name=\"twitter:label1\" content=\"Est. reading time\" \/>\n\t<meta name=\"twitter:data1\" content=\"1 minut\" \/>\n<script type=\"application\/ld+json\" class=\"yoast-schema-graph\">{\"@context\":\"https:\/\/schema.org\",\"@graph\":[{\"@type\":\"WebPage\",\"@id\":\"https:\/\/mediagear.ee\/et\/toode\/laowa-probe-zoom-15-24mm-t8-lens-direct-view-arri-pl\/\",\"url\":\"https:\/\/mediagear.ee\/et\/toode\/laowa-probe-zoom-15-24mm-t8-lens-direct-view-arri-pl\/\",\"name\":\"LAOWA Probe Zoom 15\u201324mm T8 Lens (Direct View) \u2013 Arri PL - MediaGear\",\"isPartOf\":{\"@id\":\"https:\/\/mediagear.ee\/et\/#website\"},\"primaryImageOfPage\":{\"@id\":\"https:\/\/mediagear.ee\/et\/toode\/laowa-probe-zoom-15-24mm-t8-lens-direct-view-arri-pl\/#primaryimage\"},\"image\":{\"@id\":\"https:\/\/mediagear.ee\/et\/toode\/laowa-probe-zoom-15-24mm-t8-lens-direct-view-arri-pl\/#primaryimage\"},\"thumbnailUrl\":\"https:\/\/mediagear.ee\/wp-content\/uploads\/2025\/12\/LAOWA-Probe-Zoom-15\u201324mm-T8-Lens-Direct-View-\u2013-Arri-PL.png\",\"datePublished\":\"2025-12-17T12:58:30+00:00\",\"dateModified\":\"2026-02-09T03:25:21+00:00\",\"description\":\"The Laowa Probe Zoom 15-24mm T8 Macro lens opens up new creative possibilities for filmmakers by providing perspectives that traditional lenses can...\",\"breadcrumb\":{\"@id\":\"https:\/\/mediagear.ee\/et\/toode\/laowa-probe-zoom-15-24mm-t8-lens-direct-view-arri-pl\/#breadcrumb\"},\"inLanguage\":\"et\",\"potentialAction\":[{\"@type\":\"ReadAction\",\"target\":[\"https:\/\/mediagear.ee\/et\/toode\/laowa-probe-zoom-15-24mm-t8-lens-direct-view-arri-pl\/\"]}]},{\"@type\":\"ImageObject\",\"inLanguage\":\"et\",\"@id\":\"https:\/\/mediagear.ee\/et\/toode\/laowa-probe-zoom-15-24mm-t8-lens-direct-view-arri-pl\/#primaryimage\",\"url\":\"https:\/\/mediagear.ee\/wp-content\/uploads\/2025\/12\/LAOWA-Probe-Zoom-15\u201324mm-T8-Lens-Direct-View-\u2013-Arri-PL.png\",\"contentUrl\":\"https:\/\/mediagear.ee\/wp-content\/uploads\/2025\/12\/LAOWA-Probe-Zoom-15\u201324mm-T8-Lens-Direct-View-\u2013-Arri-PL.png\",\"width\":106,\"height\":800,\"caption\":\"LAOWA Probe Zoom 15\u201324mm T8 Lens (Direct View) \u2013 Arri PL\"},{\"@type\":\"BreadcrumbList\",\"@id\":\"https:\/\/mediagear.ee\/et\/toode\/laowa-probe-zoom-15-24mm-t8-lens-direct-view-arri-pl\/#breadcrumb\",\"itemListElement\":[{\"@type\":\"ListItem\",\"position\":1,\"name\":\"Avaleht\",\"item\":\"https:\/\/mediagear.ee\/et\/\"},{\"@type\":\"ListItem\",\"position\":2,\"name\":\"Pro video &amp; audio tehnika pood\",\"item\":\"https:\/\/mediagear.ee\/et\/pood\/\"},{\"@type\":\"ListItem\",\"position\":3,\"name\":\"OBJEKTIIVID\",\"item\":\"https:\/\/mediagear.ee\/et\/tootekategooria\/objektiivid\/\"},{\"@type\":\"ListItem\",\"position\":4,\"name\":\"Suumobjektiivid\",\"item\":\"https:\/\/mediagear.ee\/et\/tootekategooria\/objektiivid\/suumobjektiivid\/\"},{\"@type\":\"ListItem\",\"position\":5,\"name\":\"LAOWA Probe Zoom 15\u201324mm T8 Lens (Direct View) \u2013 Arri PL\"}]},{\"@type\":\"WebSite\",\"@id\":\"https:\/\/mediagear.ee\/et\/#website\",\"url\":\"https:\/\/mediagear.ee\/et\/\",\"name\":\"MediaGear\",\"description\":\"Full-service solutions in AV equipment\",\"publisher\":{\"@id\":\"https:\/\/mediagear.ee\/et\/#organization\"},\"potentialAction\":[{\"@type\":\"SearchAction\",\"target\":{\"@type\":\"EntryPoint\",\"urlTemplate\":\"https:\/\/mediagear.ee\/et\/?s={search_term_string}\"},\"query-input\":{\"@type\":\"PropertyValueSpecification\",\"valueRequired\":true,\"valueName\":\"search_term_string\"}}],\"inLanguage\":\"et\"},{\"@type\":\"Organization\",\"@id\":\"https:\/\/mediagear.ee\/et\/#organization\",\"name\":\"Mediagear\",\"url\":\"https:\/\/mediagear.ee\/et\/\",\"logo\":{\"@type\":\"ImageObject\",\"inLanguage\":\"et\",\"@id\":\"https:\/\/mediagear.ee\/et\/#\/schema\/logo\/image\/\",\"url\":\"http:\/\/mediagear.ee\/wp-content\/uploads\/2024\/05\/MediaGear-logo-transp.png\",\"contentUrl\":\"http:\/\/mediagear.ee\/wp-content\/uploads\/2024\/05\/MediaGear-logo-transp.png\",\"width\":600,\"height\":200,\"caption\":\"Mediagear\"},\"image\":{\"@id\":\"https:\/\/mediagear.ee\/et\/#\/schema\/logo\/image\/\"},\"sameAs\":[\"https:\/\/www.facebook.com\/Mediagear.ee\/\",\"https:\/\/www.instagram.com\/mediagear_ee\/\"]}]}<\/script>\n<!-- \/ Yoast SEO plugin. -->","yoast_head_json":{"title":"LAOWA Probe Zoom 15\u201324mm T8 Lens (Direct View) \u2013 Arri PL - MediaGear","description":"The Laowa Probe Zoom 15-24mm T8 Macro lens opens up new creative possibilities for filmmakers by providing perspectives that traditional lenses can...","robots":{"index":"index","follow":"follow","max-snippet":"max-snippet:-1","max-image-preview":"max-image-preview:large","max-video-preview":"max-video-preview:-1"},"canonical":"https:\/\/mediagear.ee\/et\/toode\/laowa-probe-zoom-15-24mm-t8-lens-direct-view-arri-pl\/","og_locale":"et_EE","og_type":"article","og_title":"LAOWA Probe Zoom 15\u201324mm T8 Lens (Direct View) \u2013 Arri PL - MediaGear","og_description":"The Laowa Probe Zoom 15-24mm T8 Macro lens opens up new creative possibilities for filmmakers by providing perspectives that traditional lenses can...","og_url":"https:\/\/mediagear.ee\/et\/toode\/laowa-probe-zoom-15-24mm-t8-lens-direct-view-arri-pl\/","og_site_name":"MediaGear","article_publisher":"https:\/\/www.facebook.com\/Mediagear.ee\/","article_modified_time":"2026-02-09T03:25:21+00:00","og_image":[{"width":106,"height":800,"url":"https:\/\/mediagear.ee\/wp-content\/uploads\/2025\/12\/LAOWA-Probe-Zoom-15\u201324mm-T8-Lens-Direct-View-\u2013-Arri-PL.png","type":"image\/png"}],"twitter_card":"summary_large_image","twitter_misc":{"Est. reading time":"1 minut"},"schema":{"@context":"https:\/\/schema.org","@graph":[{"@type":"WebPage","@id":"https:\/\/mediagear.ee\/et\/toode\/laowa-probe-zoom-15-24mm-t8-lens-direct-view-arri-pl\/","url":"https:\/\/mediagear.ee\/et\/toode\/laowa-probe-zoom-15-24mm-t8-lens-direct-view-arri-pl\/","name":"LAOWA Probe Zoom 15\u201324mm T8 Lens (Direct View) \u2013 Arri PL - MediaGear","isPartOf":{"@id":"https:\/\/mediagear.ee\/et\/#website"},"primaryImageOfPage":{"@id":"https:\/\/mediagear.ee\/et\/toode\/laowa-probe-zoom-15-24mm-t8-lens-direct-view-arri-pl\/#primaryimage"},"image":{"@id":"https:\/\/mediagear.ee\/et\/toode\/laowa-probe-zoom-15-24mm-t8-lens-direct-view-arri-pl\/#primaryimage"},"thumbnailUrl":"https:\/\/mediagear.ee\/wp-content\/uploads\/2025\/12\/LAOWA-Probe-Zoom-15\u201324mm-T8-Lens-Direct-View-\u2013-Arri-PL.png","datePublished":"2025-12-17T12:58:30+00:00","dateModified":"2026-02-09T03:25:21+00:00","description":"The Laowa Probe Zoom 15-24mm T8 Macro lens opens up new creative possibilities for filmmakers by providing perspectives that traditional lenses can...","breadcrumb":{"@id":"https:\/\/mediagear.ee\/et\/toode\/laowa-probe-zoom-15-24mm-t8-lens-direct-view-arri-pl\/#breadcrumb"},"inLanguage":"et","potentialAction":[{"@type":"ReadAction","target":["https:\/\/mediagear.ee\/et\/toode\/laowa-probe-zoom-15-24mm-t8-lens-direct-view-arri-pl\/"]}]},{"@type":"ImageObject","inLanguage":"et","@id":"https:\/\/mediagear.ee\/et\/toode\/laowa-probe-zoom-15-24mm-t8-lens-direct-view-arri-pl\/#primaryimage","url":"https:\/\/mediagear.ee\/wp-content\/uploads\/2025\/12\/LAOWA-Probe-Zoom-15\u201324mm-T8-Lens-Direct-View-\u2013-Arri-PL.png","contentUrl":"https:\/\/mediagear.ee\/wp-content\/uploads\/2025\/12\/LAOWA-Probe-Zoom-15\u201324mm-T8-Lens-Direct-View-\u2013-Arri-PL.png","width":106,"height":800,"caption":"LAOWA Probe Zoom 15\u201324mm T8 Lens (Direct View) \u2013 Arri PL"},{"@type":"BreadcrumbList","@id":"https:\/\/mediagear.ee\/et\/toode\/laowa-probe-zoom-15-24mm-t8-lens-direct-view-arri-pl\/#breadcrumb","itemListElement":[{"@type":"ListItem","position":1,"name":"Avaleht","item":"https:\/\/mediagear.ee\/et\/"},{"@type":"ListItem","position":2,"name":"Pro video &amp; audio tehnika pood","item":"https:\/\/mediagear.ee\/et\/pood\/"},{"@type":"ListItem","position":3,"name":"OBJEKTIIVID","item":"https:\/\/mediagear.ee\/et\/tootekategooria\/objektiivid\/"},{"@type":"ListItem","position":4,"name":"Suumobjektiivid","item":"https:\/\/mediagear.ee\/et\/tootekategooria\/objektiivid\/suumobjektiivid\/"},{"@type":"ListItem","position":5,"name":"LAOWA Probe Zoom 15\u201324mm T8 Lens (Direct View) \u2013 Arri PL"}]},{"@type":"WebSite","@id":"https:\/\/mediagear.ee\/et\/#website","url":"https:\/\/mediagear.ee\/et\/","name":"MediaGear","description":"Full-service solutions in AV equipment","publisher":{"@id":"https:\/\/mediagear.ee\/et\/#organization"},"potentialAction":[{"@type":"SearchAction","target":{"@type":"EntryPoint","urlTemplate":"https:\/\/mediagear.ee\/et\/?s={search_term_string}"},"query-input":{"@type":"PropertyValueSpecification","valueRequired":true,"valueName":"search_term_string"}}],"inLanguage":"et"},{"@type":"Organization","@id":"https:\/\/mediagear.ee\/et\/#organization","name":"Mediagear","url":"https:\/\/mediagear.ee\/et\/","logo":{"@type":"ImageObject","inLanguage":"et","@id":"https:\/\/mediagear.ee\/et\/#\/schema\/logo\/image\/","url":"http:\/\/mediagear.ee\/wp-content\/uploads\/2024\/05\/MediaGear-logo-transp.png","contentUrl":"http:\/\/mediagear.ee\/wp-content\/uploads\/2024\/05\/MediaGear-logo-transp.png","width":600,"height":200,"caption":"Mediagear"},"image":{"@id":"https:\/\/mediagear.ee\/et\/#\/schema\/logo\/image\/"},"sameAs":["https:\/\/www.facebook.com\/Mediagear.ee\/","https:\/\/www.instagram.com\/mediagear_ee\/"]}]}},"_links":{"self":[{"href":"https:\/\/mediagear.ee\/et\/wp-json\/wp\/v2\/product\/326913","targetHints":{"allow":["GET"]}}],"collection":[{"href":"https:\/\/mediagear.ee\/et\/wp-json\/wp\/v2\/product"}],"about":[{"href":"https:\/\/mediagear.ee\/et\/wp-json\/wp\/v2\/types\/product"}],"wp:featuredmedia":[{"embeddable":true,"href":"https:\/\/mediagear.ee\/et\/wp-json\/wp\/v2\/media\/326914"}],"wp:attachment":[{"href":"https:\/\/mediagear.ee\/et\/wp-json\/wp\/v2\/media?parent=326913"}],"wp:term":[{"taxonomy":"brand","embeddable":true,"href":"https:\/\/mediagear.ee\/et\/wp-json\/wp\/v2\/brand?post=326913"},{"taxonomy":"product_cat","embeddable":true,"href":"https:\/\/mediagear.ee\/et\/wp-json\/wp\/v2\/product_cat?post=326913"},{"taxonomy":"product_tag","embeddable":true,"href":"https:\/\/mediagear.ee\/et\/wp-json\/wp\/v2\/product_tag?post=326913"},{"taxonomy":"inventory","embeddable":true,"href":"https:\/\/mediagear.ee\/et\/wp-json\/wp\/v2\/inventory?post=326913"}],"curies":[{"name":"wp","href":"https:\/\/api.w.org\/{rel}","templated":true}]}}