{"id":350836,"date":"2026-02-03T14:31:20","date_gmt":"2026-02-03T12:31:20","guid":{"rendered":"https:\/\/mediagear.ee\/product\/nanlite-mixpad-27c-ii-rgbww-led-panel-6981eaa5b5c91\/"},"modified":"2026-02-24T20:33:52","modified_gmt":"2026-02-24T18:33:52","slug":"nanlite-mixpad-27c-ii-rgbww-led-panel","status":"publish","type":"product","link":"https:\/\/mediagear.ee\/et\/toode\/nanlite-mixpad-27c-ii-rgbww-led-panel\/","title":{"rendered":"NANLITE MixPad 27C II  RGBWW LED Panel"},"content":{"rendered":"<p>A thin, lightweight 13.7 x 2.2 x 12.7 inch fixture with a remarkably bright output relative to its size and the unique ability to switch between a \u201ctraditional\u201d multi-LED array, a diffused SMD LED panel and a tunable RGB array at the touch of a button. The MixPad II 27C also features 0 to 100% dimming, an output of 2898 Lux @ 1m 5600K (Hard Light Mode), adjustable color temperature from 2700K-6500K with green to magenta shift (only available in hard light mode), 360 degrees of hue control with 100 levels of color saturation adjustment, an average CRI of 98, and an average TLCI of 95. Power via AC adapter, 2x Sony NP-F type batteries (sold separately) or DC via D-tap cable (sold separately).<\/p>\n<ul>\n<li>Size L\/W\/H: 34.8 x 5.6 x 32.3 cm<\/li>\n<li>Color Temp: 2700-6500K<\/li>\n<li>CRI: Average 95<\/li>\n<li>TLCI: Average 98<\/li>\n<li>CRI: 95<\/li>\n<li>TLCI: 93<\/li>\n<li>Dimming: 0-100%<\/li>\n<li>Lumen Output 5600K: 2795 Lumen<\/li>\n<li>Lux @ 1m 5600K:\u00a0 Hard Light Mode \u2013 2898 Lux \/Soft Light Mode \u2013 500 Lux<\/li>\n<li>Lux @ 1m 3200K:\u00a0 Hard Light Mode \u2013 2898 Lux\/Soft Light Mode \u2013 450 Lux<\/li>\n<li>Power Source: 15V\/2.4A DC<\/li>\n<li>Max Power Draw: 36w<\/li>\n<li>Battery: Sony NP-F550 \/ F970 series (Not Included)<\/li>\n<li>Battery Run Time at 100% Brightness (approx): 2x NP-F550: 1.5 hours \/\u00a0 2x NP-F970: 2 hours 48 min<\/li>\n<li>Mount: 5\/8\u2033 Receiver<\/li>\n<\/ul>\n","protected":false},"excerpt":{"rendered":"<p>Adjustable Bicolor Tunable RGB Dimmable Hard and Soft Light LED Panel.<\/p>\n","protected":false},"featured_media":350822,"template":"","meta":{"_acf_changed":false},"brand":[4375],"product_cat":[5283],"product_tag":[],"inventory":[],"class_list":{"0":"post-350836","1":"product","2":"type-product","3":"status-publish","4":"has-post-thumbnail","6":"brand-nanlite-et","7":"product_cat-paneelvalgustid","9":"first","10":"onbackorder","11":"taxable","12":"shipping-taxable","13":"purchasable","14":"product-type-simple"},"acf":[],"yoast_head":"<!-- This site is optimized with the Yoast SEO plugin v27.1.1 - https:\/\/yoast.com\/product\/yoast-seo-wordpress\/ -->\n<title>NANLITE MixPad 27C II RGBWW LED Panel - MediaGear<\/title>\n<meta name=\"description\" content=\"Reguleeritav kahev\u00e4rviline h\u00e4\u00e4lestatav RGB h\u00e4mardatav tugeva ja pehme valgusega LED paneel....\" \/>\n<meta name=\"robots\" content=\"index, follow, max-snippet:-1, max-image-preview:large, max-video-preview:-1\" \/>\n<link rel=\"canonical\" href=\"https:\/\/mediagear.ee\/et\/toode\/nanlite-mixpad-27c-ii-rgbww-led-panel\/\" \/>\n<meta property=\"og:locale\" content=\"et_EE\" \/>\n<meta property=\"og:type\" content=\"article\" \/>\n<meta property=\"og:title\" content=\"NANLITE MixPad 27C II RGBWW LED Panel - MediaGear\" \/>\n<meta property=\"og:description\" content=\"Reguleeritav kahev\u00e4rviline h\u00e4\u00e4lestatav RGB h\u00e4mardatav tugeva ja pehme valgusega LED paneel....\" \/>\n<meta property=\"og:url\" content=\"https:\/\/mediagear.ee\/et\/toode\/nanlite-mixpad-27c-ii-rgbww-led-panel\/\" \/>\n<meta property=\"og:site_name\" content=\"MediaGear\" \/>\n<meta property=\"article:publisher\" content=\"https:\/\/www.facebook.com\/Mediagear.ee\/\" \/>\n<meta property=\"article:modified_time\" content=\"2026-02-24T18:33:52+00:00\" \/>\n<meta property=\"og:image\" content=\"https:\/\/mediagear.ee\/wp-content\/uploads\/2026\/02\/nanlite-mixpad-27c-ii-rgbww-led-panel-1.png\" \/>\n\t<meta property=\"og:image:width\" content=\"800\" \/>\n\t<meta property=\"og:image:height\" content=\"732\" \/>\n\t<meta property=\"og:image:type\" content=\"image\/png\" \/>\n<meta name=\"twitter:card\" content=\"summary_large_image\" \/>\n<meta name=\"twitter:label1\" content=\"Est. reading time\" \/>\n\t<meta name=\"twitter:data1\" content=\"3 minutit\" \/>\n<script type=\"application\/ld+json\" class=\"yoast-schema-graph\">{\"@context\":\"https:\/\/schema.org\",\"@graph\":[{\"@type\":\"WebPage\",\"@id\":\"https:\/\/mediagear.ee\/et\/toode\/nanlite-mixpad-27c-ii-rgbww-led-panel\/\",\"url\":\"https:\/\/mediagear.ee\/et\/toode\/nanlite-mixpad-27c-ii-rgbww-led-panel\/\",\"name\":\"NANLITE MixPad 27C II RGBWW LED Panel - MediaGear\",\"isPartOf\":{\"@id\":\"https:\/\/mediagear.ee\/et\/#website\"},\"primaryImageOfPage\":{\"@id\":\"https:\/\/mediagear.ee\/et\/toode\/nanlite-mixpad-27c-ii-rgbww-led-panel\/#primaryimage\"},\"image\":{\"@id\":\"https:\/\/mediagear.ee\/et\/toode\/nanlite-mixpad-27c-ii-rgbww-led-panel\/#primaryimage\"},\"thumbnailUrl\":\"https:\/\/mediagear.ee\/wp-content\/uploads\/2026\/02\/nanlite-mixpad-27c-ii-rgbww-led-panel-1.png\",\"datePublished\":\"2026-02-03T12:31:20+00:00\",\"dateModified\":\"2026-02-24T18:33:52+00:00\",\"description\":\"Reguleeritav kahev\u00e4rviline h\u00e4\u00e4lestatav RGB h\u00e4mardatav tugeva ja pehme valgusega LED paneel....\",\"breadcrumb\":{\"@id\":\"https:\/\/mediagear.ee\/et\/toode\/nanlite-mixpad-27c-ii-rgbww-led-panel\/#breadcrumb\"},\"inLanguage\":\"et\",\"potentialAction\":[{\"@type\":\"ReadAction\",\"target\":[\"https:\/\/mediagear.ee\/et\/toode\/nanlite-mixpad-27c-ii-rgbww-led-panel\/\"]}]},{\"@type\":\"ImageObject\",\"inLanguage\":\"et\",\"@id\":\"https:\/\/mediagear.ee\/et\/toode\/nanlite-mixpad-27c-ii-rgbww-led-panel\/#primaryimage\",\"url\":\"https:\/\/mediagear.ee\/wp-content\/uploads\/2026\/02\/nanlite-mixpad-27c-ii-rgbww-led-panel-1.png\",\"contentUrl\":\"https:\/\/mediagear.ee\/wp-content\/uploads\/2026\/02\/nanlite-mixpad-27c-ii-rgbww-led-panel-1.png\",\"width\":800,\"height\":732,\"caption\":\"NANLITE MixPad 27C II RGBWW LED Panel\"},{\"@type\":\"BreadcrumbList\",\"@id\":\"https:\/\/mediagear.ee\/et\/toode\/nanlite-mixpad-27c-ii-rgbww-led-panel\/#breadcrumb\",\"itemListElement\":[{\"@type\":\"ListItem\",\"position\":1,\"name\":\"Avaleht\",\"item\":\"https:\/\/mediagear.ee\/et\/\"},{\"@type\":\"ListItem\",\"position\":2,\"name\":\"Pro video &amp; audio tehnika pood\",\"item\":\"https:\/\/mediagear.ee\/et\/pood\/\"},{\"@type\":\"ListItem\",\"position\":3,\"name\":\"VALGUSTEHNIKA\",\"item\":\"https:\/\/mediagear.ee\/et\/tootekategooria\/valgustehnika\/\"},{\"@type\":\"ListItem\",\"position\":4,\"name\":\"Paneelvalgustid\",\"item\":\"https:\/\/mediagear.ee\/et\/tootekategooria\/valgustehnika\/paneelvalgustid\/\"},{\"@type\":\"ListItem\",\"position\":5,\"name\":\"NANLITE MixPad 27C II RGBWW LED Panel\"}]},{\"@type\":\"WebSite\",\"@id\":\"https:\/\/mediagear.ee\/et\/#website\",\"url\":\"https:\/\/mediagear.ee\/et\/\",\"name\":\"MediaGear\",\"description\":\"Full-service solutions in AV equipment\",\"publisher\":{\"@id\":\"https:\/\/mediagear.ee\/et\/#organization\"},\"potentialAction\":[{\"@type\":\"SearchAction\",\"target\":{\"@type\":\"EntryPoint\",\"urlTemplate\":\"https:\/\/mediagear.ee\/et\/?s={search_term_string}\"},\"query-input\":{\"@type\":\"PropertyValueSpecification\",\"valueRequired\":true,\"valueName\":\"search_term_string\"}}],\"inLanguage\":\"et\"},{\"@type\":\"Organization\",\"@id\":\"https:\/\/mediagear.ee\/et\/#organization\",\"name\":\"Mediagear\",\"url\":\"https:\/\/mediagear.ee\/et\/\",\"logo\":{\"@type\":\"ImageObject\",\"inLanguage\":\"et\",\"@id\":\"https:\/\/mediagear.ee\/et\/#\/schema\/logo\/image\/\",\"url\":\"http:\/\/mediagear.ee\/wp-content\/uploads\/2024\/05\/MediaGear-logo-transp.png\",\"contentUrl\":\"http:\/\/mediagear.ee\/wp-content\/uploads\/2024\/05\/MediaGear-logo-transp.png\",\"width\":600,\"height\":200,\"caption\":\"Mediagear\"},\"image\":{\"@id\":\"https:\/\/mediagear.ee\/et\/#\/schema\/logo\/image\/\"},\"sameAs\":[\"https:\/\/www.facebook.com\/Mediagear.ee\/\",\"https:\/\/www.instagram.com\/mediagear_ee\/\"]}]}<\/script>\n<!-- \/ Yoast SEO plugin. -->","yoast_head_json":{"title":"NANLITE MixPad 27C II RGBWW LED Panel - MediaGear","description":"Reguleeritav kahev\u00e4rviline h\u00e4\u00e4lestatav RGB h\u00e4mardatav tugeva ja pehme valgusega LED paneel....","robots":{"index":"index","follow":"follow","max-snippet":"max-snippet:-1","max-image-preview":"max-image-preview:large","max-video-preview":"max-video-preview:-1"},"canonical":"https:\/\/mediagear.ee\/et\/toode\/nanlite-mixpad-27c-ii-rgbww-led-panel\/","og_locale":"et_EE","og_type":"article","og_title":"NANLITE MixPad 27C II RGBWW LED Panel - MediaGear","og_description":"Reguleeritav kahev\u00e4rviline h\u00e4\u00e4lestatav RGB h\u00e4mardatav tugeva ja pehme valgusega LED paneel....","og_url":"https:\/\/mediagear.ee\/et\/toode\/nanlite-mixpad-27c-ii-rgbww-led-panel\/","og_site_name":"MediaGear","article_publisher":"https:\/\/www.facebook.com\/Mediagear.ee\/","article_modified_time":"2026-02-24T18:33:52+00:00","og_image":[{"width":800,"height":732,"url":"https:\/\/mediagear.ee\/wp-content\/uploads\/2026\/02\/nanlite-mixpad-27c-ii-rgbww-led-panel-1.png","type":"image\/png"}],"twitter_card":"summary_large_image","twitter_misc":{"Est. reading time":"3 minutit"},"schema":{"@context":"https:\/\/schema.org","@graph":[{"@type":"WebPage","@id":"https:\/\/mediagear.ee\/et\/toode\/nanlite-mixpad-27c-ii-rgbww-led-panel\/","url":"https:\/\/mediagear.ee\/et\/toode\/nanlite-mixpad-27c-ii-rgbww-led-panel\/","name":"NANLITE MixPad 27C II RGBWW LED Panel - MediaGear","isPartOf":{"@id":"https:\/\/mediagear.ee\/et\/#website"},"primaryImageOfPage":{"@id":"https:\/\/mediagear.ee\/et\/toode\/nanlite-mixpad-27c-ii-rgbww-led-panel\/#primaryimage"},"image":{"@id":"https:\/\/mediagear.ee\/et\/toode\/nanlite-mixpad-27c-ii-rgbww-led-panel\/#primaryimage"},"thumbnailUrl":"https:\/\/mediagear.ee\/wp-content\/uploads\/2026\/02\/nanlite-mixpad-27c-ii-rgbww-led-panel-1.png","datePublished":"2026-02-03T12:31:20+00:00","dateModified":"2026-02-24T18:33:52+00:00","description":"Reguleeritav kahev\u00e4rviline h\u00e4\u00e4lestatav RGB h\u00e4mardatav tugeva ja pehme valgusega LED paneel....","breadcrumb":{"@id":"https:\/\/mediagear.ee\/et\/toode\/nanlite-mixpad-27c-ii-rgbww-led-panel\/#breadcrumb"},"inLanguage":"et","potentialAction":[{"@type":"ReadAction","target":["https:\/\/mediagear.ee\/et\/toode\/nanlite-mixpad-27c-ii-rgbww-led-panel\/"]}]},{"@type":"ImageObject","inLanguage":"et","@id":"https:\/\/mediagear.ee\/et\/toode\/nanlite-mixpad-27c-ii-rgbww-led-panel\/#primaryimage","url":"https:\/\/mediagear.ee\/wp-content\/uploads\/2026\/02\/nanlite-mixpad-27c-ii-rgbww-led-panel-1.png","contentUrl":"https:\/\/mediagear.ee\/wp-content\/uploads\/2026\/02\/nanlite-mixpad-27c-ii-rgbww-led-panel-1.png","width":800,"height":732,"caption":"NANLITE MixPad 27C II RGBWW LED Panel"},{"@type":"BreadcrumbList","@id":"https:\/\/mediagear.ee\/et\/toode\/nanlite-mixpad-27c-ii-rgbww-led-panel\/#breadcrumb","itemListElement":[{"@type":"ListItem","position":1,"name":"Avaleht","item":"https:\/\/mediagear.ee\/et\/"},{"@type":"ListItem","position":2,"name":"Pro video &amp; audio tehnika pood","item":"https:\/\/mediagear.ee\/et\/pood\/"},{"@type":"ListItem","position":3,"name":"VALGUSTEHNIKA","item":"https:\/\/mediagear.ee\/et\/tootekategooria\/valgustehnika\/"},{"@type":"ListItem","position":4,"name":"Paneelvalgustid","item":"https:\/\/mediagear.ee\/et\/tootekategooria\/valgustehnika\/paneelvalgustid\/"},{"@type":"ListItem","position":5,"name":"NANLITE MixPad 27C II RGBWW LED Panel"}]},{"@type":"WebSite","@id":"https:\/\/mediagear.ee\/et\/#website","url":"https:\/\/mediagear.ee\/et\/","name":"MediaGear","description":"Full-service solutions in AV equipment","publisher":{"@id":"https:\/\/mediagear.ee\/et\/#organization"},"potentialAction":[{"@type":"SearchAction","target":{"@type":"EntryPoint","urlTemplate":"https:\/\/mediagear.ee\/et\/?s={search_term_string}"},"query-input":{"@type":"PropertyValueSpecification","valueRequired":true,"valueName":"search_term_string"}}],"inLanguage":"et"},{"@type":"Organization","@id":"https:\/\/mediagear.ee\/et\/#organization","name":"Mediagear","url":"https:\/\/mediagear.ee\/et\/","logo":{"@type":"ImageObject","inLanguage":"et","@id":"https:\/\/mediagear.ee\/et\/#\/schema\/logo\/image\/","url":"http:\/\/mediagear.ee\/wp-content\/uploads\/2024\/05\/MediaGear-logo-transp.png","contentUrl":"http:\/\/mediagear.ee\/wp-content\/uploads\/2024\/05\/MediaGear-logo-transp.png","width":600,"height":200,"caption":"Mediagear"},"image":{"@id":"https:\/\/mediagear.ee\/et\/#\/schema\/logo\/image\/"},"sameAs":["https:\/\/www.facebook.com\/Mediagear.ee\/","https:\/\/www.instagram.com\/mediagear_ee\/"]}]}},"_links":{"self":[{"href":"https:\/\/mediagear.ee\/et\/wp-json\/wp\/v2\/product\/350836","targetHints":{"allow":["GET"]}}],"collection":[{"href":"https:\/\/mediagear.ee\/et\/wp-json\/wp\/v2\/product"}],"about":[{"href":"https:\/\/mediagear.ee\/et\/wp-json\/wp\/v2\/types\/product"}],"wp:featuredmedia":[{"embeddable":true,"href":"https:\/\/mediagear.ee\/et\/wp-json\/wp\/v2\/media\/350822"}],"wp:attachment":[{"href":"https:\/\/mediagear.ee\/et\/wp-json\/wp\/v2\/media?parent=350836"}],"wp:term":[{"taxonomy":"brand","embeddable":true,"href":"https:\/\/mediagear.ee\/et\/wp-json\/wp\/v2\/brand?post=350836"},{"taxonomy":"product_cat","embeddable":true,"href":"https:\/\/mediagear.ee\/et\/wp-json\/wp\/v2\/product_cat?post=350836"},{"taxonomy":"product_tag","embeddable":true,"href":"https:\/\/mediagear.ee\/et\/wp-json\/wp\/v2\/product_tag?post=350836"},{"taxonomy":"inventory","embeddable":true,"href":"https:\/\/mediagear.ee\/et\/wp-json\/wp\/v2\/inventory?post=350836"}],"curies":[{"name":"wp","href":"https:\/\/api.w.org\/{rel}","templated":true}]}}