{"id":351295,"date":"2026-02-04T13:29:18","date_gmt":"2026-02-04T11:29:18","guid":{"rendered":"https:\/\/mediagear.ee\/product\/panasonic-lumix-s-100-500mm-f-5-7-1-o-i-s-69832d9788371\/"},"modified":"2026-04-11T18:56:36","modified_gmt":"2026-04-11T15:56:36","slug":"panasonic-lumix-s-100-500mm-f-5-7-1-o-i-s","status":"publish","type":"product","link":"https:\/\/mediagear.ee\/et\/toode\/panasonic-lumix-s-100-500mm-f-5-7-1-o-i-s\/","title":{"rendered":"PANASONIC Lumix S 100-500mm f\/5.0-7.1 O.I.S. objektiiv"},"content":{"rendered":"<ul>\n<li>100&ndash;500 mm supertelesuumobjektiiv silmapaistva mobiilsusega<\/li>\n<li>&Uuml;hildub valikuliste 1,4&times; ja 2,0&times; telekonverteritega (m&uuml;&uuml;gil eraldi)<\/li>\n<li>L&auml;him teravustamiskaugus: 0,8 m (lainurk)<\/li>\n<li>Maksimaalne suurendus: 0,36&times; (tele)<\/li>\n<li>Kuni 7-astmeline pildistabilisaator koos Dual I.S. 2-ga<\/li>\n<li>Tolmu-, pritsme- ja k&uuml;lmumiskindel konstruktsioon ja fluorkate<\/li>\n<\/ul>\n<p><strong>Kanna 500 mm v&otilde;imsust endaga k&otilde;ikjal kaasas<\/strong><br \/>See 500 mm supertelesuumobjektiiv on valmis sinuga k&otilde;ikjale kaasa tulema. LUMIX S-seeria* k&otilde;ige pikema objektiivina pakub see suurep&auml;rast k&auml;sitsetavust ja silmapaistvat pildikvaliteeti, mis sobib ideaalselt kaugete objektide, n&auml;iteks raskesti tabatavate lindude, metsloomade v&otilde;i spordistseenide j&auml;&auml;dvustamiseks kohtades, kus statiivi kasutamine pole v&otilde;imalik. Valikulise 2&times; telekonverteriga saad saavutada muljetavaldava 1000 mm fookuskauguse.<br \/><em>* Seisuga september 2025<\/em><\/p>\n<p><strong>Teravad detailid vahemikus 100&ndash;500 mm<\/strong><br \/>Erakordne pildikvaliteet vahemikus 100&ndash;500 mm, j&auml;&auml;dvustades kaadris t&auml;pselt peeneid detaile. 500 mm juures pakub objektiiv dramaatilisi kompressiooniefekte, s&auml;ilitades samal ajal selguse. Sobib h&auml;sti k&otilde;ige jaoks alates s&otilde;idukite keerukatest joontest kuni lindude ja metsloomade &otilde;rnade tekstuurideni.&nbsp;Lisaks saad h&uuml;briidsuumiga* suurendada oma suumivahemikku nii fotode kui ka videote puhul kuni 1 562 mm-ni.<br \/><em>*See funktsioon &uuml;hendab optilise suumi ja k&auml;rpimissuumi, v&otilde;imaldades laiendada ainult suumir&otilde;ngast kasutades telefoto vahemikku ilma lainurga fookuskaugust muutmata.<\/em><\/p>\n<p><strong>Kuni 1000 mm telekonverteritega<\/strong><br \/>Valikuliste 1,4&times; (DMW-STC14) ja 2,0&times; (DMW-STC20) telekonverteritega (m&uuml;&uuml;gil eraldi) &uuml;hilduv objektiiv pikendab fookuskaugust 700 mm* v&otilde;i isegi 1000 mm*-ni. Isegi nende pikendatud fookuskauguste korral v&otilde;imaldab kompaktne seadistus ilma statiivita k&auml;est pildistada, misp&auml;rast on see ideaalne d&uuml;naamiliseks telefotograafiaks v&auml;litingimustes.<br \/><em>*Telekonverteri kasutamine v&auml;hendab efektiivset ava &uuml;he f-astme (DMW-STC14) v&otilde;i kahe f-astme (DMW-STC20) v&otilde;rra.<\/em><\/p>\n<p><strong>Kaunis <em>bokeh<\/em>, mis toob objekti esile<\/strong><br \/>Kaunis <em>bokeh<\/em> on &uuml;ks telefotograafia t&otilde;elisi naudinguid. See objektiiv tagab sujuva &uuml;lemineku teravustatud ja teravustamata alade vahel, luues loomuliku s&uuml;gavuse ja rikkaliku tekstuuri tunde. Selle t&auml;ppistehnoloogiline optika minimeerib servade kontuurimist, vinjeteerimist ja topeltjoonte h&auml;gusust, luues vapustava <em>bokeh<\/em>-efekti, mis t&otilde;stab sinu objekti esile selgelt ja m&otilde;jusalt.<\/p>\n<p><strong>P&uuml;&uuml;a ilu oma jalge ees<\/strong><br \/>See supertelesuumobjektiiv ei ole m&otilde;eldud ainult kaugete objektide j&auml;&auml;dvustamiseks, vaid muudab lihtsaks ka ilu p&uuml;&uuml;dmise l&auml;hemalt. L&auml;hima teravustamiskaugusega 0,8 m* lainurgas ja maksimaalse suurendusega 0,36&times;** teleobjektiivi otsas sobib see ideaalselt k&otilde;ige j&auml;&auml;dvustamiseks alates &otilde;itsevatest lilledest kuni l&auml;heduses maanduvate liblikateni.<br \/><em>*0,8 m (fookuskaugusel 100 mm), 1,5 m (fookuskaugusel 500 mm)<\/em><br \/><em>**0,16&times; (fookuskaugusel 100 mm), 0,36&times; (fookuskaugusel 500 mm)<\/em><\/p>\n<p><strong>Objektiivi ehitus<\/strong><br \/>Pikemad fookuskaugused kipuvad tekitama kromaatilist aberratsiooni, mis v&otilde;ib v&auml;hendada kontrasti ja p&otilde;hjustada v&auml;rvide &uuml;lekandumist. Sellep&auml;rast on objektiivil hoolikalt optimeeritud paigutus, mis koosneb kahest UED ja kahest ED elemendist. UED-elemendid pakuvad isegi madalamat dispersiooni kui ED-elemendid, saavutades fluoriidile l&auml;hedase j&otilde;udluse. See kombinatsioon korrigeerib t&otilde;husalt aksiaalset kromaatilist aberratsiooni, tagades teravad ja suure kontrastsusega tulemused.<\/p>\n<p><strong>Kuni 7-astmeline pildistabilisaator koos Dual I.S. 2-ga<\/strong><br \/>Lisaks optilisele pildistabilisaatorile (O.I.S.) toetab see objektiiv ka Dual I.S. 2, mis t&ouml;&ouml;tab koos kaamera B.I.S.-iga, et pakkuda telefoto ulatuses kuni 7 astet kompensatsiooni. Tavaliselt v&auml;heneb korrektsiooninurk fookuskauguse suurenedes, kuid Dual I.S. v&otilde;imaldab kompenseerida kaamera v&auml;rinat isegi teleobjektiivi ulatuses.&nbsp;&Uuml;ksk&otilde;ik, kas pildistad k&auml;es hoides teleobjektiiviga v&otilde;i kasutad&nbsp;pikka s&auml;riaega, saad pildistada enesekindlalt, muretsemata k&auml;te v&auml;rinast tingitud h&auml;gususe p&auml;rast.<\/p>\n<p><strong>Lihtne kaasas kanda, valmis v&auml;lit&ouml;&ouml;deks<\/strong><br \/>500 mm ulatusega, umbes 196,1 mm pikkuse ja ligikaudu 1285 g kaaluva korpusega objektiiv on valmis tulema k&otilde;ikjale, kuhu tegevus sind viib. Seda on lihtne kaasa v&otilde;tta isegi kohtadesse, kus raske varustus on ebapraktiline v&otilde;i statiivid pole v&otilde;imalikud. Selle suurep&auml;rane liikuvus v&otilde;imaldab k&auml;est pildistamist, nii et sa ei j&auml;&auml; kunagi ilma &uuml;hestki otsustavast hetkest.<\/p>\n<p><strong>Tundlikud juhtnupud iga pildistamisolukorra jaoks<\/strong><br \/>See objektiiv on loodud kohanema sinu t&ouml;&ouml;vooga ja pakub tundlikku juhtimist v&auml;ga erinevates pildistamisolukordades. Sujuvate ja stabiilsete telefotode tegemiseks saad O.I.S.-re\u017eiime vahetada v&otilde;i suumi p&ouml;&ouml;rdemomenti reguleerida tihe-sujuva r&otilde;nga abil. Koheseks juurdep&auml;&auml;suks saab sageli kasutatavaid funktsioone m&auml;&auml;rata kohandatavale teravustamisr&otilde;ngale v&otilde;i teravustamisnupule (Fn-nupp). K&auml;sitsi teravustamise re\u017eiimis pakub objektiiv t&auml;pseid ja intuitiivseid kohandusi, mis on koosk&otilde;las sinu loominguliste kavatsustega. Isegi statiivile paigaldatuna v&otilde;imaldab komplekti kuuluv statiivikinnitus p&ouml;&ouml;rata objektiivi horisontaalse ja vertikaalse asendi vahel ilma statiivi pead liigutamata.<\/p>\n<p><strong>Tihe-sujuv r&otilde;ngas<\/strong><br \/>Uus tihe-sujuv r&otilde;ngas v&otilde;imaldab optimaalse juhtimise saavutamiseks reguleerida suumir&otilde;nga tunnetust. Alates &otilde;rnast kadreerimisest kuni kiire suumimiseni &ndash; saavutad vajaliku t&auml;pse k&auml;sitsemise, v&auml;ltides samal ajal tahtmatuid suumiliigutusi.<\/p>\n<p><strong>Fookuse l&uuml;liti<\/strong><br \/>Fookuse l&uuml;liti v&otilde;imaldab valida s&auml;tete FULL (t&auml;is) ja LIMIT (piiratud) vahel, et muuta teravustamist sujuvamaks ja reageerida koheselt kiiresti liikuvatele objektidele.<\/p>\n<p><strong>O.I.S. l&uuml;liti<\/strong><br \/>Vaheta O.I.S.-re\u017eiimide vahel vastavalt oma pildistamisstiilile. RE\u017dIIM 1 sobib ideaalselt &uuml;ldiseks pildistamiseks, samas kui RE\u017dIIM 2 on optimeeritud panoraamv&otilde;tete jaoks, tuvastades ja kompenseerides automaatselt liikumissuunda.<\/p>\n<p><strong>Kohandatav teravustamisr&otilde;ngas<\/strong><br \/>Teravustamisr&otilde;ngast saab kasutada juhtr&otilde;ngana, mis v&otilde;imaldab sul m&auml;&auml;rata p&otilde;hifunktsioone, nt ava ja s&auml;rikompensatsioon.<\/p>\n<p><strong>R&otilde;nga p&ouml;&ouml;rlemissuund<\/strong><br \/>Saad muuta teravustamisr&otilde;nga p&ouml;&ouml;rlemissuunda vastavalt oma eelistatud kasutusstiilile.<\/p>\n<p><strong>Teravustamisnupp (Fn-nupp)<\/strong><br \/>Objektiivil on ka teravustamisnupp, mis v&otilde;imaldab sul kiiresti saada juurdep&auml;&auml;su m&auml;&auml;ratud funktsioonidele, n&auml;iteks h&uuml;briidsuumile, mis laiendab sujuvalt sinu telefoto ulatust.<\/p>\n<p><strong>K&auml;sitsi teravustamine suumimise ajal<\/strong><br \/>Suumimise ajal saad teravustamist k&auml;sitsi reguleerida, mis v&otilde;imaldab sujuvaid teravustamis&uuml;leminekuid objektide vahel ja laiendab sinu loomingulisi v&otilde;imalusi.<\/p>\n<p><strong>Mittelineaarne re\u017eiim<\/strong><br \/>Teravustamisr&otilde;ngas toetab nii lineaarset kui ka mittelineaarset re\u017eiimi. Mittelineaarses re\u017eiimis varieeruvad fookuse nihked s&otilde;ltuvalt r&otilde;nga keeramise kiirusest, v&otilde;imaldades kiireid kohandusi.<\/p>\n<p><strong>Lineaarne re\u017eiim<\/strong><br \/>Lineaarses re\u017eiimis nihkub fookus kasutaja m&auml;&auml;ratud &uuml;htlase kiirusega, pakkudes t&auml;pset, mehaanilist laadi juhtimist, mis on eriti kasulik intuitiivseks ja t&auml;pseks teravustamiseks video filmimise ajal.<\/p>\n<p><strong>Kiire, t&auml;pne ja vaikne teravustamine<\/strong><br \/>Kahefaasiline lineaarmootor ja uusim optiline kodeerija v&otilde;imaldavad kiiret ja &uuml;lit&auml;pset automaatse teravustamise j&otilde;udlust.<\/p>\n<p><strong>Tolmu-, pritsme- ja k&uuml;lmumiskindel konstruktsioon<\/strong><br \/>See objektiiv on m&otilde;eldud pildistamiseks k&otilde;ige raskemates tingimustes t&auml;nu tolmu- ja pritsmekindlale konstruktsioonile ning v&otilde;imaldab pildistada kuni &ndash;10 &deg;C temperatuuril. Esil&auml;&auml;tsele kantud fluorkate hoiab &auml;ra &otilde;lip&otilde;hise mustuse kleepumise.<\/p>\n<p><strong>Suurep&auml;rased videotootmisv&otilde;imalused<\/strong><br \/>T&auml;iustatud optiline lahendus ja optimeeritud sisemine toru struktuur p&auml;rsivad t&otilde;husalt fookuse hingamist. Suure kontrastsusega stseenides v&otilde;imaldab mikrosammuline ava juhtimine sujuvaid F-stop &uuml;leminekuid ja v&auml;ldib &auml;kilisi s&auml;rituse muutusi.<\/p>\n","protected":false},"excerpt":{"rendered":"<ul>\n<li>100&ndash;500 mm telesuumobjektiiv<\/li>\n<li>Kiire, t&auml;pne ja vaikne teravustamine<\/li>\n<li>Kuni 7-astmeline pildistabilisaator<\/li>\n<li>Tolmu-, pritsme- ja k&uuml;lmumiskindel disain<\/li>\n<li>L-bajonetiga t&auml;iskaader kaameratele<\/li>\n<\/ul>\n","protected":false},"featured_media":351281,"template":"","meta":{"_acf_changed":false},"brand":[4462],"product_cat":[5279],"product_tag":[],"inventory":[],"class_list":{"0":"post-351295","1":"product","2":"type-product","3":"status-publish","4":"has-post-thumbnail","6":"brand-panasonic-et","7":"product_cat-suumobjektiivid","9":"first","10":"onbackorder","11":"taxable","12":"shipping-taxable","13":"purchasable","14":"product-type-simple"},"acf":[],"yoast_head":"<!-- This site is optimized with the Yoast SEO plugin v27.1.1 - https:\/\/yoast.com\/product\/yoast-seo-wordpress\/ -->\n<title>PANASONIC Lumix S 100-500mm F\/5-7.1 O.I.S. | MediaGear<\/title>\n<meta name=\"description\" content=\"Panasonic LUMIX S 100\u2013500mm F5\u20137.1 O.I.S. is a versatile telephoto-to-super-telephoto zoom for L-Mount users who want reliable reach in a compact p...\" \/>\n<meta name=\"robots\" content=\"index, follow, max-snippet:-1, max-image-preview:large, max-video-preview:-1\" \/>\n<link rel=\"canonical\" href=\"https:\/\/mediagear.ee\/et\/toode\/panasonic-lumix-s-100-500mm-f-5-7-1-o-i-s\/\" \/>\n<meta property=\"og:locale\" content=\"et_EE\" \/>\n<meta property=\"og:type\" content=\"article\" \/>\n<meta property=\"og:title\" content=\"PANASONIC Lumix S 100-500mm F\/5-7.1 O.I.S. | MediaGear\" \/>\n<meta property=\"og:description\" content=\"Panasonic LUMIX S 100\u2013500mm F5\u20137.1 O.I.S. is a versatile telephoto-to-super-telephoto zoom for L-Mount users who want reliable reach in a compact p...\" \/>\n<meta property=\"og:url\" content=\"https:\/\/mediagear.ee\/et\/toode\/panasonic-lumix-s-100-500mm-f-5-7-1-o-i-s\/\" \/>\n<meta property=\"og:site_name\" content=\"MediaGear\" \/>\n<meta property=\"article:publisher\" content=\"https:\/\/www.facebook.com\/Mediagear.ee\/\" \/>\n<meta property=\"article:modified_time\" content=\"2026-04-11T15:56:36+00:00\" \/>\n<meta property=\"og:image\" content=\"https:\/\/mediagear.ee\/wp-content\/uploads\/2026\/02\/panasonic-lumix-s-100-500mm-f5-71-ois-1.png\" \/>\n\t<meta property=\"og:image:width\" content=\"800\" \/>\n\t<meta property=\"og:image:height\" content=\"402\" \/>\n\t<meta property=\"og:image:type\" content=\"image\/png\" \/>\n<meta name=\"twitter:card\" content=\"summary_large_image\" \/>\n<meta name=\"twitter:label1\" content=\"Est. reading time\" \/>\n\t<meta name=\"twitter:data1\" content=\"6 minutit\" \/>\n<script type=\"application\/ld+json\" class=\"yoast-schema-graph\">{\"@context\":\"https:\/\/schema.org\",\"@graph\":[{\"@type\":\"WebPage\",\"@id\":\"https:\/\/mediagear.ee\/et\/toode\/panasonic-lumix-s-100-500mm-f-5-7-1-o-i-s\/\",\"url\":\"https:\/\/mediagear.ee\/et\/toode\/panasonic-lumix-s-100-500mm-f-5-7-1-o-i-s\/\",\"name\":\"PANASONIC Lumix S 100-500mm F\/5-7.1 O.I.S. | MediaGear\",\"isPartOf\":{\"@id\":\"https:\/\/mediagear.ee\/et\/#website\"},\"primaryImageOfPage\":{\"@id\":\"https:\/\/mediagear.ee\/et\/toode\/panasonic-lumix-s-100-500mm-f-5-7-1-o-i-s\/#primaryimage\"},\"image\":{\"@id\":\"https:\/\/mediagear.ee\/et\/toode\/panasonic-lumix-s-100-500mm-f-5-7-1-o-i-s\/#primaryimage\"},\"thumbnailUrl\":\"https:\/\/mediagear.ee\/wp-content\/uploads\/2026\/02\/panasonic-lumix-s-100-500mm-f5-71-ois-1.png\",\"datePublished\":\"2026-02-04T11:29:18+00:00\",\"dateModified\":\"2026-04-11T15:56:36+00:00\",\"description\":\"Panasonic LUMIX S 100\u2013500mm F5\u20137.1 O.I.S. is a versatile telephoto-to-super-telephoto zoom for L-Mount users who want reliable reach in a compact p...\",\"breadcrumb\":{\"@id\":\"https:\/\/mediagear.ee\/et\/toode\/panasonic-lumix-s-100-500mm-f-5-7-1-o-i-s\/#breadcrumb\"},\"inLanguage\":\"et\",\"potentialAction\":[{\"@type\":\"ReadAction\",\"target\":[\"https:\/\/mediagear.ee\/et\/toode\/panasonic-lumix-s-100-500mm-f-5-7-1-o-i-s\/\"]}]},{\"@type\":\"ImageObject\",\"inLanguage\":\"et\",\"@id\":\"https:\/\/mediagear.ee\/et\/toode\/panasonic-lumix-s-100-500mm-f-5-7-1-o-i-s\/#primaryimage\",\"url\":\"https:\/\/mediagear.ee\/wp-content\/uploads\/2026\/02\/panasonic-lumix-s-100-500mm-f5-71-ois-1.png\",\"contentUrl\":\"https:\/\/mediagear.ee\/wp-content\/uploads\/2026\/02\/panasonic-lumix-s-100-500mm-f5-71-ois-1.png\",\"width\":800,\"height\":402},{\"@type\":\"BreadcrumbList\",\"@id\":\"https:\/\/mediagear.ee\/et\/toode\/panasonic-lumix-s-100-500mm-f-5-7-1-o-i-s\/#breadcrumb\",\"itemListElement\":[{\"@type\":\"ListItem\",\"position\":1,\"name\":\"Avaleht\",\"item\":\"https:\/\/mediagear.ee\/et\/\"},{\"@type\":\"ListItem\",\"position\":2,\"name\":\"Pro video &amp; audio tehnika pood\",\"item\":\"https:\/\/mediagear.ee\/et\/pood\/\"},{\"@type\":\"ListItem\",\"position\":3,\"name\":\"OBJEKTIIVID\",\"item\":\"https:\/\/mediagear.ee\/et\/tootekategooria\/objektiivid\/\"},{\"@type\":\"ListItem\",\"position\":4,\"name\":\"Suumobjektiivid\",\"item\":\"https:\/\/mediagear.ee\/et\/tootekategooria\/objektiivid\/suumobjektiivid\/\"},{\"@type\":\"ListItem\",\"position\":5,\"name\":\"PANASONIC Lumix S 100-500mm f\/5.0-7.1 O.I.S. objektiiv\"}]},{\"@type\":\"WebSite\",\"@id\":\"https:\/\/mediagear.ee\/et\/#website\",\"url\":\"https:\/\/mediagear.ee\/et\/\",\"name\":\"MediaGear\",\"description\":\"Full-service solutions in AV equipment\",\"publisher\":{\"@id\":\"https:\/\/mediagear.ee\/et\/#organization\"},\"potentialAction\":[{\"@type\":\"SearchAction\",\"target\":{\"@type\":\"EntryPoint\",\"urlTemplate\":\"https:\/\/mediagear.ee\/et\/?s={search_term_string}\"},\"query-input\":{\"@type\":\"PropertyValueSpecification\",\"valueRequired\":true,\"valueName\":\"search_term_string\"}}],\"inLanguage\":\"et\"},{\"@type\":\"Organization\",\"@id\":\"https:\/\/mediagear.ee\/et\/#organization\",\"name\":\"Mediagear\",\"url\":\"https:\/\/mediagear.ee\/et\/\",\"logo\":{\"@type\":\"ImageObject\",\"inLanguage\":\"et\",\"@id\":\"https:\/\/mediagear.ee\/et\/#\/schema\/logo\/image\/\",\"url\":\"http:\/\/mediagear.ee\/wp-content\/uploads\/2024\/05\/MediaGear-logo-transp.png\",\"contentUrl\":\"http:\/\/mediagear.ee\/wp-content\/uploads\/2024\/05\/MediaGear-logo-transp.png\",\"width\":600,\"height\":200,\"caption\":\"Mediagear\"},\"image\":{\"@id\":\"https:\/\/mediagear.ee\/et\/#\/schema\/logo\/image\/\"},\"sameAs\":[\"https:\/\/www.facebook.com\/Mediagear.ee\/\",\"https:\/\/www.instagram.com\/mediagear_ee\/\"]}]}<\/script>\n<!-- \/ Yoast SEO plugin. -->","yoast_head_json":{"title":"PANASONIC Lumix S 100-500mm F\/5-7.1 O.I.S. | MediaGear","description":"Panasonic LUMIX S 100\u2013500mm F5\u20137.1 O.I.S. is a versatile telephoto-to-super-telephoto zoom for L-Mount users who want reliable reach in a compact p...","robots":{"index":"index","follow":"follow","max-snippet":"max-snippet:-1","max-image-preview":"max-image-preview:large","max-video-preview":"max-video-preview:-1"},"canonical":"https:\/\/mediagear.ee\/et\/toode\/panasonic-lumix-s-100-500mm-f-5-7-1-o-i-s\/","og_locale":"et_EE","og_type":"article","og_title":"PANASONIC Lumix S 100-500mm F\/5-7.1 O.I.S. | MediaGear","og_description":"Panasonic LUMIX S 100\u2013500mm F5\u20137.1 O.I.S. is a versatile telephoto-to-super-telephoto zoom for L-Mount users who want reliable reach in a compact p...","og_url":"https:\/\/mediagear.ee\/et\/toode\/panasonic-lumix-s-100-500mm-f-5-7-1-o-i-s\/","og_site_name":"MediaGear","article_publisher":"https:\/\/www.facebook.com\/Mediagear.ee\/","article_modified_time":"2026-04-11T15:56:36+00:00","og_image":[{"width":800,"height":402,"url":"https:\/\/mediagear.ee\/wp-content\/uploads\/2026\/02\/panasonic-lumix-s-100-500mm-f5-71-ois-1.png","type":"image\/png"}],"twitter_card":"summary_large_image","twitter_misc":{"Est. reading time":"6 minutit"},"schema":{"@context":"https:\/\/schema.org","@graph":[{"@type":"WebPage","@id":"https:\/\/mediagear.ee\/et\/toode\/panasonic-lumix-s-100-500mm-f-5-7-1-o-i-s\/","url":"https:\/\/mediagear.ee\/et\/toode\/panasonic-lumix-s-100-500mm-f-5-7-1-o-i-s\/","name":"PANASONIC Lumix S 100-500mm F\/5-7.1 O.I.S. | MediaGear","isPartOf":{"@id":"https:\/\/mediagear.ee\/et\/#website"},"primaryImageOfPage":{"@id":"https:\/\/mediagear.ee\/et\/toode\/panasonic-lumix-s-100-500mm-f-5-7-1-o-i-s\/#primaryimage"},"image":{"@id":"https:\/\/mediagear.ee\/et\/toode\/panasonic-lumix-s-100-500mm-f-5-7-1-o-i-s\/#primaryimage"},"thumbnailUrl":"https:\/\/mediagear.ee\/wp-content\/uploads\/2026\/02\/panasonic-lumix-s-100-500mm-f5-71-ois-1.png","datePublished":"2026-02-04T11:29:18+00:00","dateModified":"2026-04-11T15:56:36+00:00","description":"Panasonic LUMIX S 100\u2013500mm F5\u20137.1 O.I.S. is a versatile telephoto-to-super-telephoto zoom for L-Mount users who want reliable reach in a compact p...","breadcrumb":{"@id":"https:\/\/mediagear.ee\/et\/toode\/panasonic-lumix-s-100-500mm-f-5-7-1-o-i-s\/#breadcrumb"},"inLanguage":"et","potentialAction":[{"@type":"ReadAction","target":["https:\/\/mediagear.ee\/et\/toode\/panasonic-lumix-s-100-500mm-f-5-7-1-o-i-s\/"]}]},{"@type":"ImageObject","inLanguage":"et","@id":"https:\/\/mediagear.ee\/et\/toode\/panasonic-lumix-s-100-500mm-f-5-7-1-o-i-s\/#primaryimage","url":"https:\/\/mediagear.ee\/wp-content\/uploads\/2026\/02\/panasonic-lumix-s-100-500mm-f5-71-ois-1.png","contentUrl":"https:\/\/mediagear.ee\/wp-content\/uploads\/2026\/02\/panasonic-lumix-s-100-500mm-f5-71-ois-1.png","width":800,"height":402},{"@type":"BreadcrumbList","@id":"https:\/\/mediagear.ee\/et\/toode\/panasonic-lumix-s-100-500mm-f-5-7-1-o-i-s\/#breadcrumb","itemListElement":[{"@type":"ListItem","position":1,"name":"Avaleht","item":"https:\/\/mediagear.ee\/et\/"},{"@type":"ListItem","position":2,"name":"Pro video &amp; audio tehnika pood","item":"https:\/\/mediagear.ee\/et\/pood\/"},{"@type":"ListItem","position":3,"name":"OBJEKTIIVID","item":"https:\/\/mediagear.ee\/et\/tootekategooria\/objektiivid\/"},{"@type":"ListItem","position":4,"name":"Suumobjektiivid","item":"https:\/\/mediagear.ee\/et\/tootekategooria\/objektiivid\/suumobjektiivid\/"},{"@type":"ListItem","position":5,"name":"PANASONIC Lumix S 100-500mm f\/5.0-7.1 O.I.S. objektiiv"}]},{"@type":"WebSite","@id":"https:\/\/mediagear.ee\/et\/#website","url":"https:\/\/mediagear.ee\/et\/","name":"MediaGear","description":"Full-service solutions in AV equipment","publisher":{"@id":"https:\/\/mediagear.ee\/et\/#organization"},"potentialAction":[{"@type":"SearchAction","target":{"@type":"EntryPoint","urlTemplate":"https:\/\/mediagear.ee\/et\/?s={search_term_string}"},"query-input":{"@type":"PropertyValueSpecification","valueRequired":true,"valueName":"search_term_string"}}],"inLanguage":"et"},{"@type":"Organization","@id":"https:\/\/mediagear.ee\/et\/#organization","name":"Mediagear","url":"https:\/\/mediagear.ee\/et\/","logo":{"@type":"ImageObject","inLanguage":"et","@id":"https:\/\/mediagear.ee\/et\/#\/schema\/logo\/image\/","url":"http:\/\/mediagear.ee\/wp-content\/uploads\/2024\/05\/MediaGear-logo-transp.png","contentUrl":"http:\/\/mediagear.ee\/wp-content\/uploads\/2024\/05\/MediaGear-logo-transp.png","width":600,"height":200,"caption":"Mediagear"},"image":{"@id":"https:\/\/mediagear.ee\/et\/#\/schema\/logo\/image\/"},"sameAs":["https:\/\/www.facebook.com\/Mediagear.ee\/","https:\/\/www.instagram.com\/mediagear_ee\/"]}]}},"_links":{"self":[{"href":"https:\/\/mediagear.ee\/et\/wp-json\/wp\/v2\/product\/351295","targetHints":{"allow":["GET"]}}],"collection":[{"href":"https:\/\/mediagear.ee\/et\/wp-json\/wp\/v2\/product"}],"about":[{"href":"https:\/\/mediagear.ee\/et\/wp-json\/wp\/v2\/types\/product"}],"wp:featuredmedia":[{"embeddable":true,"href":"https:\/\/mediagear.ee\/et\/wp-json\/wp\/v2\/media\/351281"}],"wp:attachment":[{"href":"https:\/\/mediagear.ee\/et\/wp-json\/wp\/v2\/media?parent=351295"}],"wp:term":[{"taxonomy":"brand","embeddable":true,"href":"https:\/\/mediagear.ee\/et\/wp-json\/wp\/v2\/brand?post=351295"},{"taxonomy":"product_cat","embeddable":true,"href":"https:\/\/mediagear.ee\/et\/wp-json\/wp\/v2\/product_cat?post=351295"},{"taxonomy":"product_tag","embeddable":true,"href":"https:\/\/mediagear.ee\/et\/wp-json\/wp\/v2\/product_tag?post=351295"},{"taxonomy":"inventory","embeddable":true,"href":"https:\/\/mediagear.ee\/et\/wp-json\/wp\/v2\/inventory?post=351295"}],"curies":[{"name":"wp","href":"https:\/\/api.w.org\/{rel}","templated":true}]}}