{"id":351466,"date":"2026-02-04T13:57:16","date_gmt":"2026-02-04T11:57:16","guid":{"rendered":"https:\/\/mediagear.ee\/product\/samyang-af-24-60mm-f-2-8-sony-fe-698334292e40c\/"},"modified":"2026-02-24T20:32:14","modified_gmt":"2026-02-24T18:32:14","slug":"samyang-af-24-60mm-f-2-8-sony-fe","status":"publish","type":"product","link":"https:\/\/mediagear.ee\/et\/toode\/samyang-af-24-60mm-f-2-8-sony-fe\/","title":{"rendered":"SAMYANG AF 24-60mm F\/2.8 Sony FE"},"content":{"rendered":"<p><b>Samyang AF 24-60mm F2.8 FE<\/b><\/p>\n<p>Koost\u00f6\u00f6s Schneider-Kreuznachiga loodud optiline disain sisaldab kolme HR-, kahte ED- ja kolme asf\u00e4\u00e4rilist l\u00e4\u00e4tse ning Samyangi UMC-katteid, et kontrollida aberratsioone ja s\u00e4ilitada terav kontrast ja v\u00e4rvid kogu pildiv\u00e4lja ulatuses. 9 lamelliga diafragma tagab meeldiva tausta h\u00e4gustamise. Nii foto- kui ka video puhul tagab lineaarne STM-mootor kiire ja vaikse autofookuse koos kindla objekti j\u00e4lgimisega. AF\/MF-l\u00fcliti v\u00f5imaldab vajadusel kiiret k\u00e4sitsi peenh\u00e4\u00e4lestust.<\/p>\n<p>L\u00e4hiv\u00f5tted on tugevaks k\u00fcljeks: l\u00fchim teravustamiskaugus on 0,18 m 24 mm juures (suurendus 0,27x) ja 0,32 m 60 mm juures (suurendus 0,25x), mis teeb detailide j\u00e4\u00e4dvustamise v\u00f5imalikuks ilma objektiivi vahetamata. Vastupidav alumiiniumist korpus on IP5X tolmu- ja pritsmekindlusega ning esil\u00e4\u00e4ts vett ja \u00f5li h\u00fclgava kattega. Filtrikeerme l\u00e4bim\u00f5\u00f5t on 72 mm.<\/p>\n<p><b>Omadused<\/b><\/p>\n<p>&#8211; Kerge ja kompaktne: 494 g; 102-126 mm pikk<\/p>\n<p>&#8211; Konstantne F2.8 ava kogu suumivahemiku ulatuses<\/p>\n<p>&#8211; V\u00e4lja t\u00f6\u00f6tatud koost\u00f6\u00f6s Schneider-Kreuznachiga<\/p>\n<p>&#8211; 14 l\u00e4\u00e4tse jagatud 11 grupiks, sealhulgas ASP, HR, ED. Lisaks UMC-katted.<\/p>\n<p>&#8211; Videot\u00f6\u00f6ks optimeeritud lineaarne STM teravustamismootor; AF\/MF l\u00fcliti<\/p>\n<p>&#8211; L\u00e4him teravustamine 0,18 m (0,27\u00d7) 24 mm ja 0,32 m (0,25\u00d7) 60 mm fookuskaugusel.<\/p>\n<p>&#8211; Vastupidav tolmu- ja pritsmekindel konstruktsioon. Vett ja \u00f5li h\u00fclgav kate l\u00e4\u00e4tsel.<\/p>\n<p>&#8211; 72 mm filtrikeerme l\u00e4bim\u00f5\u00f5t.<\/p>\n<p><b>Mis on karbis:<\/b><\/p>\n<ul>\n<li>Objektiiv<\/li>\n<li>Esi- ja tagakork<\/li>\n<li>Varjuk<\/li>\n<\/ul>\n","protected":false},"excerpt":{"rendered":"<p>A lightweight, fast all-round zoom for Sony full-frame mirrorless, the AF 24\u201360mm F2.8 FE is built for everyday carry without compromising image quality. Covering landscapes, lifestyle and portraits with a constant F2.8 aperture, it delivers dependable low-light performance and smooth subject separation while keeping your kit compact at just 494 g and 102\u2013126 mm in length.<\/p>\n","protected":false},"featured_media":351452,"template":"","meta":{"_acf_changed":false},"brand":[4480],"product_cat":[5279],"product_tag":[],"inventory":[],"class_list":{"0":"post-351466","1":"product","2":"type-product","3":"status-publish","4":"has-post-thumbnail","6":"brand-samyang-et","7":"product_cat-suumobjektiivid","9":"first","10":"onbackorder","11":"taxable","12":"shipping-taxable","13":"purchasable","14":"product-type-simple"},"acf":[],"yoast_head":"<!-- This site is optimized with the Yoast SEO plugin v27.1.1 - https:\/\/yoast.com\/product\/yoast-seo-wordpress\/ -->\n<title>SAMYANG AF 24-60mm F\/2.8 Sony FE - MediaGear<\/title>\n<meta name=\"description\" content=\"A lightweight, fast all-round zoom for Sony full-frame mirrorless, the AF 24\u201360mm F2.8 FE is built for everyday carry without compromising image qu...\" \/>\n<meta name=\"robots\" content=\"index, follow, max-snippet:-1, max-image-preview:large, max-video-preview:-1\" \/>\n<link rel=\"canonical\" href=\"https:\/\/mediagear.ee\/et\/toode\/samyang-af-24-60mm-f-2-8-sony-fe\/\" \/>\n<meta property=\"og:locale\" content=\"et_EE\" \/>\n<meta property=\"og:type\" content=\"article\" \/>\n<meta property=\"og:title\" content=\"SAMYANG AF 24-60mm F\/2.8 Sony FE - MediaGear\" \/>\n<meta property=\"og:description\" content=\"A lightweight, fast all-round zoom for Sony full-frame mirrorless, the AF 24\u201360mm F2.8 FE is built for everyday carry without compromising image qu...\" \/>\n<meta property=\"og:url\" content=\"https:\/\/mediagear.ee\/et\/toode\/samyang-af-24-60mm-f-2-8-sony-fe\/\" \/>\n<meta property=\"og:site_name\" content=\"MediaGear\" \/>\n<meta property=\"article:publisher\" content=\"https:\/\/www.facebook.com\/Mediagear.ee\/\" \/>\n<meta property=\"article:modified_time\" content=\"2026-02-24T18:32:14+00:00\" \/>\n<meta property=\"og:image\" content=\"https:\/\/mediagear.ee\/wp-content\/uploads\/2026\/02\/samyang-af-24-60mm-f28-sony-fe-1.png\" \/>\n\t<meta property=\"og:image:width\" content=\"560\" \/>\n\t<meta property=\"og:image:height\" content=\"800\" \/>\n\t<meta property=\"og:image:type\" content=\"image\/png\" \/>\n<meta name=\"twitter:card\" content=\"summary_large_image\" \/>\n<meta name=\"twitter:label1\" content=\"Est. reading time\" \/>\n\t<meta name=\"twitter:data1\" content=\"1 minut\" \/>\n<script type=\"application\/ld+json\" class=\"yoast-schema-graph\">{\"@context\":\"https:\/\/schema.org\",\"@graph\":[{\"@type\":\"WebPage\",\"@id\":\"https:\/\/mediagear.ee\/et\/toode\/samyang-af-24-60mm-f-2-8-sony-fe\/\",\"url\":\"https:\/\/mediagear.ee\/et\/toode\/samyang-af-24-60mm-f-2-8-sony-fe\/\",\"name\":\"SAMYANG AF 24-60mm F\/2.8 Sony FE - MediaGear\",\"isPartOf\":{\"@id\":\"https:\/\/mediagear.ee\/et\/#website\"},\"primaryImageOfPage\":{\"@id\":\"https:\/\/mediagear.ee\/et\/toode\/samyang-af-24-60mm-f-2-8-sony-fe\/#primaryimage\"},\"image\":{\"@id\":\"https:\/\/mediagear.ee\/et\/toode\/samyang-af-24-60mm-f-2-8-sony-fe\/#primaryimage\"},\"thumbnailUrl\":\"https:\/\/mediagear.ee\/wp-content\/uploads\/2026\/02\/samyang-af-24-60mm-f28-sony-fe-1.png\",\"datePublished\":\"2026-02-04T11:57:16+00:00\",\"dateModified\":\"2026-02-24T18:32:14+00:00\",\"description\":\"A lightweight, fast all-round zoom for Sony full-frame mirrorless, the AF 24\u201360mm F2.8 FE is built for everyday carry without compromising image qu...\",\"breadcrumb\":{\"@id\":\"https:\/\/mediagear.ee\/et\/toode\/samyang-af-24-60mm-f-2-8-sony-fe\/#breadcrumb\"},\"inLanguage\":\"et\",\"potentialAction\":[{\"@type\":\"ReadAction\",\"target\":[\"https:\/\/mediagear.ee\/et\/toode\/samyang-af-24-60mm-f-2-8-sony-fe\/\"]}]},{\"@type\":\"ImageObject\",\"inLanguage\":\"et\",\"@id\":\"https:\/\/mediagear.ee\/et\/toode\/samyang-af-24-60mm-f-2-8-sony-fe\/#primaryimage\",\"url\":\"https:\/\/mediagear.ee\/wp-content\/uploads\/2026\/02\/samyang-af-24-60mm-f28-sony-fe-1.png\",\"contentUrl\":\"https:\/\/mediagear.ee\/wp-content\/uploads\/2026\/02\/samyang-af-24-60mm-f28-sony-fe-1.png\",\"width\":560,\"height\":800,\"caption\":\"SAMYANG AF 24-60mm F\/2.8 Sony FE\"},{\"@type\":\"BreadcrumbList\",\"@id\":\"https:\/\/mediagear.ee\/et\/toode\/samyang-af-24-60mm-f-2-8-sony-fe\/#breadcrumb\",\"itemListElement\":[{\"@type\":\"ListItem\",\"position\":1,\"name\":\"Avaleht\",\"item\":\"https:\/\/mediagear.ee\/et\/\"},{\"@type\":\"ListItem\",\"position\":2,\"name\":\"Pro video &amp; audio tehnika pood\",\"item\":\"https:\/\/mediagear.ee\/et\/pood\/\"},{\"@type\":\"ListItem\",\"position\":3,\"name\":\"OBJEKTIIVID\",\"item\":\"https:\/\/mediagear.ee\/et\/tootekategooria\/objektiivid\/\"},{\"@type\":\"ListItem\",\"position\":4,\"name\":\"Suumobjektiivid\",\"item\":\"https:\/\/mediagear.ee\/et\/tootekategooria\/objektiivid\/suumobjektiivid\/\"},{\"@type\":\"ListItem\",\"position\":5,\"name\":\"SAMYANG AF 24-60mm F\/2.8 Sony FE\"}]},{\"@type\":\"WebSite\",\"@id\":\"https:\/\/mediagear.ee\/et\/#website\",\"url\":\"https:\/\/mediagear.ee\/et\/\",\"name\":\"MediaGear\",\"description\":\"Full-service solutions in AV equipment\",\"publisher\":{\"@id\":\"https:\/\/mediagear.ee\/et\/#organization\"},\"potentialAction\":[{\"@type\":\"SearchAction\",\"target\":{\"@type\":\"EntryPoint\",\"urlTemplate\":\"https:\/\/mediagear.ee\/et\/?s={search_term_string}\"},\"query-input\":{\"@type\":\"PropertyValueSpecification\",\"valueRequired\":true,\"valueName\":\"search_term_string\"}}],\"inLanguage\":\"et\"},{\"@type\":\"Organization\",\"@id\":\"https:\/\/mediagear.ee\/et\/#organization\",\"name\":\"Mediagear\",\"url\":\"https:\/\/mediagear.ee\/et\/\",\"logo\":{\"@type\":\"ImageObject\",\"inLanguage\":\"et\",\"@id\":\"https:\/\/mediagear.ee\/et\/#\/schema\/logo\/image\/\",\"url\":\"http:\/\/mediagear.ee\/wp-content\/uploads\/2024\/05\/MediaGear-logo-transp.png\",\"contentUrl\":\"http:\/\/mediagear.ee\/wp-content\/uploads\/2024\/05\/MediaGear-logo-transp.png\",\"width\":600,\"height\":200,\"caption\":\"Mediagear\"},\"image\":{\"@id\":\"https:\/\/mediagear.ee\/et\/#\/schema\/logo\/image\/\"},\"sameAs\":[\"https:\/\/www.facebook.com\/Mediagear.ee\/\",\"https:\/\/www.instagram.com\/mediagear_ee\/\"]}]}<\/script>\n<!-- \/ Yoast SEO plugin. -->","yoast_head_json":{"title":"SAMYANG AF 24-60mm F\/2.8 Sony FE - MediaGear","description":"A lightweight, fast all-round zoom for Sony full-frame mirrorless, the AF 24\u201360mm F2.8 FE is built for everyday carry without compromising image qu...","robots":{"index":"index","follow":"follow","max-snippet":"max-snippet:-1","max-image-preview":"max-image-preview:large","max-video-preview":"max-video-preview:-1"},"canonical":"https:\/\/mediagear.ee\/et\/toode\/samyang-af-24-60mm-f-2-8-sony-fe\/","og_locale":"et_EE","og_type":"article","og_title":"SAMYANG AF 24-60mm F\/2.8 Sony FE - MediaGear","og_description":"A lightweight, fast all-round zoom for Sony full-frame mirrorless, the AF 24\u201360mm F2.8 FE is built for everyday carry without compromising image qu...","og_url":"https:\/\/mediagear.ee\/et\/toode\/samyang-af-24-60mm-f-2-8-sony-fe\/","og_site_name":"MediaGear","article_publisher":"https:\/\/www.facebook.com\/Mediagear.ee\/","article_modified_time":"2026-02-24T18:32:14+00:00","og_image":[{"width":560,"height":800,"url":"https:\/\/mediagear.ee\/wp-content\/uploads\/2026\/02\/samyang-af-24-60mm-f28-sony-fe-1.png","type":"image\/png"}],"twitter_card":"summary_large_image","twitter_misc":{"Est. reading time":"1 minut"},"schema":{"@context":"https:\/\/schema.org","@graph":[{"@type":"WebPage","@id":"https:\/\/mediagear.ee\/et\/toode\/samyang-af-24-60mm-f-2-8-sony-fe\/","url":"https:\/\/mediagear.ee\/et\/toode\/samyang-af-24-60mm-f-2-8-sony-fe\/","name":"SAMYANG AF 24-60mm F\/2.8 Sony FE - MediaGear","isPartOf":{"@id":"https:\/\/mediagear.ee\/et\/#website"},"primaryImageOfPage":{"@id":"https:\/\/mediagear.ee\/et\/toode\/samyang-af-24-60mm-f-2-8-sony-fe\/#primaryimage"},"image":{"@id":"https:\/\/mediagear.ee\/et\/toode\/samyang-af-24-60mm-f-2-8-sony-fe\/#primaryimage"},"thumbnailUrl":"https:\/\/mediagear.ee\/wp-content\/uploads\/2026\/02\/samyang-af-24-60mm-f28-sony-fe-1.png","datePublished":"2026-02-04T11:57:16+00:00","dateModified":"2026-02-24T18:32:14+00:00","description":"A lightweight, fast all-round zoom for Sony full-frame mirrorless, the AF 24\u201360mm F2.8 FE is built for everyday carry without compromising image qu...","breadcrumb":{"@id":"https:\/\/mediagear.ee\/et\/toode\/samyang-af-24-60mm-f-2-8-sony-fe\/#breadcrumb"},"inLanguage":"et","potentialAction":[{"@type":"ReadAction","target":["https:\/\/mediagear.ee\/et\/toode\/samyang-af-24-60mm-f-2-8-sony-fe\/"]}]},{"@type":"ImageObject","inLanguage":"et","@id":"https:\/\/mediagear.ee\/et\/toode\/samyang-af-24-60mm-f-2-8-sony-fe\/#primaryimage","url":"https:\/\/mediagear.ee\/wp-content\/uploads\/2026\/02\/samyang-af-24-60mm-f28-sony-fe-1.png","contentUrl":"https:\/\/mediagear.ee\/wp-content\/uploads\/2026\/02\/samyang-af-24-60mm-f28-sony-fe-1.png","width":560,"height":800,"caption":"SAMYANG AF 24-60mm F\/2.8 Sony FE"},{"@type":"BreadcrumbList","@id":"https:\/\/mediagear.ee\/et\/toode\/samyang-af-24-60mm-f-2-8-sony-fe\/#breadcrumb","itemListElement":[{"@type":"ListItem","position":1,"name":"Avaleht","item":"https:\/\/mediagear.ee\/et\/"},{"@type":"ListItem","position":2,"name":"Pro video &amp; audio tehnika pood","item":"https:\/\/mediagear.ee\/et\/pood\/"},{"@type":"ListItem","position":3,"name":"OBJEKTIIVID","item":"https:\/\/mediagear.ee\/et\/tootekategooria\/objektiivid\/"},{"@type":"ListItem","position":4,"name":"Suumobjektiivid","item":"https:\/\/mediagear.ee\/et\/tootekategooria\/objektiivid\/suumobjektiivid\/"},{"@type":"ListItem","position":5,"name":"SAMYANG AF 24-60mm F\/2.8 Sony FE"}]},{"@type":"WebSite","@id":"https:\/\/mediagear.ee\/et\/#website","url":"https:\/\/mediagear.ee\/et\/","name":"MediaGear","description":"Full-service solutions in AV equipment","publisher":{"@id":"https:\/\/mediagear.ee\/et\/#organization"},"potentialAction":[{"@type":"SearchAction","target":{"@type":"EntryPoint","urlTemplate":"https:\/\/mediagear.ee\/et\/?s={search_term_string}"},"query-input":{"@type":"PropertyValueSpecification","valueRequired":true,"valueName":"search_term_string"}}],"inLanguage":"et"},{"@type":"Organization","@id":"https:\/\/mediagear.ee\/et\/#organization","name":"Mediagear","url":"https:\/\/mediagear.ee\/et\/","logo":{"@type":"ImageObject","inLanguage":"et","@id":"https:\/\/mediagear.ee\/et\/#\/schema\/logo\/image\/","url":"http:\/\/mediagear.ee\/wp-content\/uploads\/2024\/05\/MediaGear-logo-transp.png","contentUrl":"http:\/\/mediagear.ee\/wp-content\/uploads\/2024\/05\/MediaGear-logo-transp.png","width":600,"height":200,"caption":"Mediagear"},"image":{"@id":"https:\/\/mediagear.ee\/et\/#\/schema\/logo\/image\/"},"sameAs":["https:\/\/www.facebook.com\/Mediagear.ee\/","https:\/\/www.instagram.com\/mediagear_ee\/"]}]}},"_links":{"self":[{"href":"https:\/\/mediagear.ee\/et\/wp-json\/wp\/v2\/product\/351466","targetHints":{"allow":["GET"]}}],"collection":[{"href":"https:\/\/mediagear.ee\/et\/wp-json\/wp\/v2\/product"}],"about":[{"href":"https:\/\/mediagear.ee\/et\/wp-json\/wp\/v2\/types\/product"}],"wp:featuredmedia":[{"embeddable":true,"href":"https:\/\/mediagear.ee\/et\/wp-json\/wp\/v2\/media\/351452"}],"wp:attachment":[{"href":"https:\/\/mediagear.ee\/et\/wp-json\/wp\/v2\/media?parent=351466"}],"wp:term":[{"taxonomy":"brand","embeddable":true,"href":"https:\/\/mediagear.ee\/et\/wp-json\/wp\/v2\/brand?post=351466"},{"taxonomy":"product_cat","embeddable":true,"href":"https:\/\/mediagear.ee\/et\/wp-json\/wp\/v2\/product_cat?post=351466"},{"taxonomy":"product_tag","embeddable":true,"href":"https:\/\/mediagear.ee\/et\/wp-json\/wp\/v2\/product_tag?post=351466"},{"taxonomy":"inventory","embeddable":true,"href":"https:\/\/mediagear.ee\/et\/wp-json\/wp\/v2\/inventory?post=351466"}],"curies":[{"name":"wp","href":"https:\/\/api.w.org\/{rel}","templated":true}]}}