{"id":363211,"date":"2026-03-22T21:28:45","date_gmt":"2026-03-22T19:28:45","guid":{"rendered":"https:\/\/mediagear.ee\/product\/brinno-bcc300-c-time-lapse-camera-construction-bundle-69c042f12568b\/"},"modified":"2026-03-22T21:30:17","modified_gmt":"2026-03-22T19:30:17","slug":"brinno-bcc300-c-time-lapse-camera-construction-bundle","status":"publish","type":"product","link":"https:\/\/mediagear.ee\/et\/toode\/brinno-bcc300-c-time-lapse-camera-construction-bundle\/","title":{"rendered":"BRINNO BCC300-C Time Lapse Camera Construction Bundle"},"content":{"rendered":"<p>Construction BCC300 komplekt on parim lahendus k\u00f5igile, kes alles alustavad aegluubis pildistamist. T\u00e4nu lihtsale kasutajaliidesele sobib see ideaalselt amat\u00f6\u00f6ridele, samal ajal kui veekindel korpus ja paigaldustarvikud v\u00f5imaldavad muretut kasutamist v\u00e4litingimustes.<\/p>\n<p>T\u00e4nu enneolematule 100-p\u00e4evasele aku t\u00f6\u00f6eale, kasutades vaid 4 AA-patareid, sobib see komplekt pikaajalisteks salvestusprojektideks, mist\u00f5ttu on see ideaalne valik nii algajatele kui ka professionaalidele.<\/p>\n<p>Valige oma t\u00f6\u00f6keel ja kohandage oma kaamera seaded isikup\u00e4raseks alates filmimise ajakavast kuni pildiseadeteni.<\/p>\n<p>Seadistage oma kaamera h\u00f5lpsasti heledas keskkonnas ja kontrollige vaatenurka ilma ekraani pimestuseta TLC300 kristallilise IPS LCD-paneeli abil.<br \/>\nBrinno \u00e4sja uuendatud kasutajaliides pakub kiiremat seadistamist ja kasutajas\u00f5bralikumat filmimise kogemust. Komplektis on k\u00f5ik, mida vajate alustamiseks: BCC300 sisaldab IPX4 ilmastikukindlat korpust, seinakinnitust ja kahte pungee-paela.<\/p>\n<p><strong>Kauakestev aku<\/strong><\/p>\n<p>Brinno revolutsiooniline energias\u00e4\u00e4stutehnoloogia sobib ideaalselt pikaajaliste projektide jaoks ja hoiab teie kaamerat laetuna kauem kui mis tahes muud turul olevad action-kaamerad.<\/p>\n<p><strong>Ahutusvalguses loetav ekraan<\/strong><\/p>\n<p>Brinno IPS LCD-ekraanile ei ole heledates keskkondades midagi vastu panna. Kontrollida live-vaadet ja reguleerida seadeid kristallselgelt ekraanilt isegi otsese p\u00e4ikesevalguse k\u00e4es.<\/p>\n<p><strong>Pakend sisaldab:<\/strong><\/p>\n<ul>\n<li>Ajastamiskaamera TLC300 x 1<\/li>\n<li>Veekindel korpus ATH120 x 1<\/li>\n<li>Klammerjalg x 1<\/li>\n<li>Trossid x 2<\/li>\n<li>AA patareid x 4<\/li>\n<li>Objektiivi kate<\/li>\n<li>SD kaart<\/li>\n<li>Kiirjuhend<\/li>\n<\/ul>\n","protected":false},"excerpt":{"rendered":"<p>The BCC300 features a revolutionary one-page design for setting time lapse parameters, integrating the schedule, capture interval, and image settings into a streamlined menu, making it the ultimate user-friendly professional time lapse camera.<\/p>\n","protected":false},"featured_media":363206,"template":"","meta":{"_acf_changed":false},"brand":[6883],"product_cat":[5270],"product_tag":[],"inventory":[],"class_list":{"0":"post-363211","1":"product","2":"type-product","3":"status-publish","4":"has-post-thumbnail","6":"brand-brinno","7":"product_cat-spetsiaalkaamerad","9":"first","10":"onbackorder","11":"taxable","12":"shipping-taxable","13":"purchasable","14":"product-type-simple"},"acf":[],"yoast_head":"<!-- This site is optimized with the Yoast SEO plugin v27.1.1 - https:\/\/yoast.com\/product\/yoast-seo-wordpress\/ -->\n<title>BRINNO BCC300-C Time Lapse Camera Construction Bundle - MediaGear<\/title>\n<meta name=\"description\" content=\"The BCC300 features a revolutionary one-page design for setting time lapse parameters, integrating the schedule, capture interval, and image settin...\" \/>\n<meta name=\"robots\" content=\"index, follow, max-snippet:-1, max-image-preview:large, max-video-preview:-1\" \/>\n<link rel=\"canonical\" href=\"https:\/\/mediagear.ee\/et\/toode\/brinno-bcc300-c-time-lapse-camera-construction-bundle\/\" \/>\n<meta property=\"og:locale\" content=\"et_EE\" \/>\n<meta property=\"og:type\" content=\"article\" \/>\n<meta property=\"og:title\" content=\"BRINNO BCC300-C Time Lapse Camera Construction Bundle - MediaGear\" \/>\n<meta property=\"og:description\" content=\"The BCC300 features a revolutionary one-page design for setting time lapse parameters, integrating the schedule, capture interval, and image settin...\" \/>\n<meta property=\"og:url\" content=\"https:\/\/mediagear.ee\/et\/toode\/brinno-bcc300-c-time-lapse-camera-construction-bundle\/\" \/>\n<meta property=\"og:site_name\" content=\"MediaGear\" \/>\n<meta property=\"article:publisher\" content=\"https:\/\/www.facebook.com\/Mediagear.ee\/\" \/>\n<meta property=\"article:modified_time\" content=\"2026-03-22T19:30:17+00:00\" \/>\n<meta property=\"og:image\" content=\"https:\/\/mediagear.ee\/wp-content\/uploads\/2026\/03\/brinno-bcc300-c-time-lapse-camera-construction-bundle-1.png\" \/>\n\t<meta property=\"og:image:width\" content=\"772\" \/>\n\t<meta property=\"og:image:height\" content=\"800\" \/>\n\t<meta property=\"og:image:type\" content=\"image\/png\" \/>\n<meta name=\"twitter:card\" content=\"summary_large_image\" \/>\n<meta name=\"twitter:label1\" content=\"Est. reading time\" \/>\n\t<meta name=\"twitter:data1\" content=\"1 minut\" \/>\n<script type=\"application\/ld+json\" class=\"yoast-schema-graph\">{\"@context\":\"https:\/\/schema.org\",\"@graph\":[{\"@type\":\"WebPage\",\"@id\":\"https:\/\/mediagear.ee\/et\/toode\/brinno-bcc300-c-time-lapse-camera-construction-bundle\/\",\"url\":\"https:\/\/mediagear.ee\/et\/toode\/brinno-bcc300-c-time-lapse-camera-construction-bundle\/\",\"name\":\"BRINNO BCC300-C Time Lapse Camera Construction Bundle - MediaGear\",\"isPartOf\":{\"@id\":\"https:\/\/mediagear.ee\/et\/#website\"},\"primaryImageOfPage\":{\"@id\":\"https:\/\/mediagear.ee\/et\/toode\/brinno-bcc300-c-time-lapse-camera-construction-bundle\/#primaryimage\"},\"image\":{\"@id\":\"https:\/\/mediagear.ee\/et\/toode\/brinno-bcc300-c-time-lapse-camera-construction-bundle\/#primaryimage\"},\"thumbnailUrl\":\"https:\/\/mediagear.ee\/wp-content\/uploads\/2026\/03\/brinno-bcc300-c-time-lapse-camera-construction-bundle-1.png\",\"datePublished\":\"2026-03-22T19:28:45+00:00\",\"dateModified\":\"2026-03-22T19:30:17+00:00\",\"description\":\"The BCC300 features a revolutionary one-page design for setting time lapse parameters, integrating the schedule, capture interval, and image settin...\",\"breadcrumb\":{\"@id\":\"https:\/\/mediagear.ee\/et\/toode\/brinno-bcc300-c-time-lapse-camera-construction-bundle\/#breadcrumb\"},\"inLanguage\":\"et\",\"potentialAction\":[{\"@type\":\"ReadAction\",\"target\":[\"https:\/\/mediagear.ee\/et\/toode\/brinno-bcc300-c-time-lapse-camera-construction-bundle\/\"]}]},{\"@type\":\"ImageObject\",\"inLanguage\":\"et\",\"@id\":\"https:\/\/mediagear.ee\/et\/toode\/brinno-bcc300-c-time-lapse-camera-construction-bundle\/#primaryimage\",\"url\":\"https:\/\/mediagear.ee\/wp-content\/uploads\/2026\/03\/brinno-bcc300-c-time-lapse-camera-construction-bundle-1.png\",\"contentUrl\":\"https:\/\/mediagear.ee\/wp-content\/uploads\/2026\/03\/brinno-bcc300-c-time-lapse-camera-construction-bundle-1.png\",\"width\":772,\"height\":800},{\"@type\":\"BreadcrumbList\",\"@id\":\"https:\/\/mediagear.ee\/et\/toode\/brinno-bcc300-c-time-lapse-camera-construction-bundle\/#breadcrumb\",\"itemListElement\":[{\"@type\":\"ListItem\",\"position\":1,\"name\":\"Avaleht\",\"item\":\"https:\/\/mediagear.ee\/et\/\"},{\"@type\":\"ListItem\",\"position\":2,\"name\":\"Pro video &amp; audio tehnika pood\",\"item\":\"https:\/\/mediagear.ee\/et\/pood\/\"},{\"@type\":\"ListItem\",\"position\":3,\"name\":\"KAAMERAD\",\"item\":\"https:\/\/mediagear.ee\/et\/tootekategooria\/kaamerad\/\"},{\"@type\":\"ListItem\",\"position\":4,\"name\":\"Spetsiaalkaamerad\",\"item\":\"https:\/\/mediagear.ee\/et\/tootekategooria\/kaamerad\/spetsiaalkaamerad\/\"},{\"@type\":\"ListItem\",\"position\":5,\"name\":\"BRINNO BCC300-C Time Lapse Camera Construction Bundle\"}]},{\"@type\":\"WebSite\",\"@id\":\"https:\/\/mediagear.ee\/et\/#website\",\"url\":\"https:\/\/mediagear.ee\/et\/\",\"name\":\"MediaGear\",\"description\":\"Full-service solutions in AV equipment\",\"publisher\":{\"@id\":\"https:\/\/mediagear.ee\/et\/#organization\"},\"potentialAction\":[{\"@type\":\"SearchAction\",\"target\":{\"@type\":\"EntryPoint\",\"urlTemplate\":\"https:\/\/mediagear.ee\/et\/?s={search_term_string}\"},\"query-input\":{\"@type\":\"PropertyValueSpecification\",\"valueRequired\":true,\"valueName\":\"search_term_string\"}}],\"inLanguage\":\"et\"},{\"@type\":\"Organization\",\"@id\":\"https:\/\/mediagear.ee\/et\/#organization\",\"name\":\"Mediagear\",\"url\":\"https:\/\/mediagear.ee\/et\/\",\"logo\":{\"@type\":\"ImageObject\",\"inLanguage\":\"et\",\"@id\":\"https:\/\/mediagear.ee\/et\/#\/schema\/logo\/image\/\",\"url\":\"http:\/\/mediagear.ee\/wp-content\/uploads\/2024\/05\/MediaGear-logo-transp.png\",\"contentUrl\":\"http:\/\/mediagear.ee\/wp-content\/uploads\/2024\/05\/MediaGear-logo-transp.png\",\"width\":600,\"height\":200,\"caption\":\"Mediagear\"},\"image\":{\"@id\":\"https:\/\/mediagear.ee\/et\/#\/schema\/logo\/image\/\"},\"sameAs\":[\"https:\/\/www.facebook.com\/Mediagear.ee\/\",\"https:\/\/www.instagram.com\/mediagear_ee\/\"]}]}<\/script>\n<!-- \/ Yoast SEO plugin. -->","yoast_head_json":{"title":"BRINNO BCC300-C Time Lapse Camera Construction Bundle - MediaGear","description":"The BCC300 features a revolutionary one-page design for setting time lapse parameters, integrating the schedule, capture interval, and image settin...","robots":{"index":"index","follow":"follow","max-snippet":"max-snippet:-1","max-image-preview":"max-image-preview:large","max-video-preview":"max-video-preview:-1"},"canonical":"https:\/\/mediagear.ee\/et\/toode\/brinno-bcc300-c-time-lapse-camera-construction-bundle\/","og_locale":"et_EE","og_type":"article","og_title":"BRINNO BCC300-C Time Lapse Camera Construction Bundle - MediaGear","og_description":"The BCC300 features a revolutionary one-page design for setting time lapse parameters, integrating the schedule, capture interval, and image settin...","og_url":"https:\/\/mediagear.ee\/et\/toode\/brinno-bcc300-c-time-lapse-camera-construction-bundle\/","og_site_name":"MediaGear","article_publisher":"https:\/\/www.facebook.com\/Mediagear.ee\/","article_modified_time":"2026-03-22T19:30:17+00:00","og_image":[{"width":772,"height":800,"url":"https:\/\/mediagear.ee\/wp-content\/uploads\/2026\/03\/brinno-bcc300-c-time-lapse-camera-construction-bundle-1.png","type":"image\/png"}],"twitter_card":"summary_large_image","twitter_misc":{"Est. reading time":"1 minut"},"schema":{"@context":"https:\/\/schema.org","@graph":[{"@type":"WebPage","@id":"https:\/\/mediagear.ee\/et\/toode\/brinno-bcc300-c-time-lapse-camera-construction-bundle\/","url":"https:\/\/mediagear.ee\/et\/toode\/brinno-bcc300-c-time-lapse-camera-construction-bundle\/","name":"BRINNO BCC300-C Time Lapse Camera Construction Bundle - MediaGear","isPartOf":{"@id":"https:\/\/mediagear.ee\/et\/#website"},"primaryImageOfPage":{"@id":"https:\/\/mediagear.ee\/et\/toode\/brinno-bcc300-c-time-lapse-camera-construction-bundle\/#primaryimage"},"image":{"@id":"https:\/\/mediagear.ee\/et\/toode\/brinno-bcc300-c-time-lapse-camera-construction-bundle\/#primaryimage"},"thumbnailUrl":"https:\/\/mediagear.ee\/wp-content\/uploads\/2026\/03\/brinno-bcc300-c-time-lapse-camera-construction-bundle-1.png","datePublished":"2026-03-22T19:28:45+00:00","dateModified":"2026-03-22T19:30:17+00:00","description":"The BCC300 features a revolutionary one-page design for setting time lapse parameters, integrating the schedule, capture interval, and image settin...","breadcrumb":{"@id":"https:\/\/mediagear.ee\/et\/toode\/brinno-bcc300-c-time-lapse-camera-construction-bundle\/#breadcrumb"},"inLanguage":"et","potentialAction":[{"@type":"ReadAction","target":["https:\/\/mediagear.ee\/et\/toode\/brinno-bcc300-c-time-lapse-camera-construction-bundle\/"]}]},{"@type":"ImageObject","inLanguage":"et","@id":"https:\/\/mediagear.ee\/et\/toode\/brinno-bcc300-c-time-lapse-camera-construction-bundle\/#primaryimage","url":"https:\/\/mediagear.ee\/wp-content\/uploads\/2026\/03\/brinno-bcc300-c-time-lapse-camera-construction-bundle-1.png","contentUrl":"https:\/\/mediagear.ee\/wp-content\/uploads\/2026\/03\/brinno-bcc300-c-time-lapse-camera-construction-bundle-1.png","width":772,"height":800},{"@type":"BreadcrumbList","@id":"https:\/\/mediagear.ee\/et\/toode\/brinno-bcc300-c-time-lapse-camera-construction-bundle\/#breadcrumb","itemListElement":[{"@type":"ListItem","position":1,"name":"Avaleht","item":"https:\/\/mediagear.ee\/et\/"},{"@type":"ListItem","position":2,"name":"Pro video &amp; audio tehnika pood","item":"https:\/\/mediagear.ee\/et\/pood\/"},{"@type":"ListItem","position":3,"name":"KAAMERAD","item":"https:\/\/mediagear.ee\/et\/tootekategooria\/kaamerad\/"},{"@type":"ListItem","position":4,"name":"Spetsiaalkaamerad","item":"https:\/\/mediagear.ee\/et\/tootekategooria\/kaamerad\/spetsiaalkaamerad\/"},{"@type":"ListItem","position":5,"name":"BRINNO BCC300-C Time Lapse Camera Construction Bundle"}]},{"@type":"WebSite","@id":"https:\/\/mediagear.ee\/et\/#website","url":"https:\/\/mediagear.ee\/et\/","name":"MediaGear","description":"Full-service solutions in AV equipment","publisher":{"@id":"https:\/\/mediagear.ee\/et\/#organization"},"potentialAction":[{"@type":"SearchAction","target":{"@type":"EntryPoint","urlTemplate":"https:\/\/mediagear.ee\/et\/?s={search_term_string}"},"query-input":{"@type":"PropertyValueSpecification","valueRequired":true,"valueName":"search_term_string"}}],"inLanguage":"et"},{"@type":"Organization","@id":"https:\/\/mediagear.ee\/et\/#organization","name":"Mediagear","url":"https:\/\/mediagear.ee\/et\/","logo":{"@type":"ImageObject","inLanguage":"et","@id":"https:\/\/mediagear.ee\/et\/#\/schema\/logo\/image\/","url":"http:\/\/mediagear.ee\/wp-content\/uploads\/2024\/05\/MediaGear-logo-transp.png","contentUrl":"http:\/\/mediagear.ee\/wp-content\/uploads\/2024\/05\/MediaGear-logo-transp.png","width":600,"height":200,"caption":"Mediagear"},"image":{"@id":"https:\/\/mediagear.ee\/et\/#\/schema\/logo\/image\/"},"sameAs":["https:\/\/www.facebook.com\/Mediagear.ee\/","https:\/\/www.instagram.com\/mediagear_ee\/"]}]}},"_links":{"self":[{"href":"https:\/\/mediagear.ee\/et\/wp-json\/wp\/v2\/product\/363211","targetHints":{"allow":["GET"]}}],"collection":[{"href":"https:\/\/mediagear.ee\/et\/wp-json\/wp\/v2\/product"}],"about":[{"href":"https:\/\/mediagear.ee\/et\/wp-json\/wp\/v2\/types\/product"}],"wp:featuredmedia":[{"embeddable":true,"href":"https:\/\/mediagear.ee\/et\/wp-json\/wp\/v2\/media\/363206"}],"wp:attachment":[{"href":"https:\/\/mediagear.ee\/et\/wp-json\/wp\/v2\/media?parent=363211"}],"wp:term":[{"taxonomy":"brand","embeddable":true,"href":"https:\/\/mediagear.ee\/et\/wp-json\/wp\/v2\/brand?post=363211"},{"taxonomy":"product_cat","embeddable":true,"href":"https:\/\/mediagear.ee\/et\/wp-json\/wp\/v2\/product_cat?post=363211"},{"taxonomy":"product_tag","embeddable":true,"href":"https:\/\/mediagear.ee\/et\/wp-json\/wp\/v2\/product_tag?post=363211"},{"taxonomy":"inventory","embeddable":true,"href":"https:\/\/mediagear.ee\/et\/wp-json\/wp\/v2\/inventory?post=363211"}],"curies":[{"name":"wp","href":"https:\/\/api.w.org\/{rel}","templated":true}]}}