{"id":272392,"date":"2025-08-18T19:44:54","date_gmt":"2025-08-18T16:44:54","guid":{"rendered":"http:\/\/mediagear.ee\/product\/think-tank-mindshift-firstlight-46l-black\/"},"modified":"2025-11-05T03:05:39","modified_gmt":"2025-11-05T01:05:39","slug":"think-tank-mindshift-firstlight-46l-black","status":"publish","type":"product","link":"https:\/\/mediagear.ee\/fi\/tuote\/think-tank-mindshift-firstlight-46l-black\/","title":{"rendered":"THINK TANK MindShift FirstLight 46L+, Black"},"content":{"rendered":"<p>FirstLight+ seljakotid on m\u00f5eldud reisivatele v\u00e4lifotograafidele. See on m\u00f5eldud pikemaks reisimiseks, kuid sobib ka k\u00e4sipagasiga, mis lihtsustab sihtkohta j\u00f5udmist. FirstLight&#8217;i kontuurne, 11-punktiline reguleeritav torso rakmed sobivad enamikule meestele ja naistele. Pakid pakuvad ka ballistilisest nailonist aluspaneele vastupidavuse tagamiseks, rohkelt ruumi pikkade objektiivide jaoks ja laiendatavat isiklikku mahtu spetsiaalse s\u00fclearvutitasku abil.<\/p>\n<p><strong>V\u00d5TMEOMADUSED:<\/strong><\/p>\n<ul>\n<li>Laiendatav esitasku<\/li>\n<li>Eemaldatav (ujuv) \u00fclemine tasku<\/li>\n<li>\u00dcmberkujundatud organiseerimistaskud<\/li>\n<li>Parandatud \u00fclemised ja k\u00fcljetaskud, mis h\u00f5lbustavad juurdep\u00e4\u00e4su v\u00e4ikestele esemetele<\/li>\n<\/ul>\n<p><strong>MIS MAKSAB<\/strong> FirstLight 46L+:<\/p>\n<ul>\n<li>Mahutab 2 haaratud DSLR-fotokaamerat koos 6-8 standardse suumobjektiiviga ja 1-2 v\u00e4lklambi. Maksimaalne objektiivi suurus: 600mm f\/4 objektiiv eraldatuna v\u00f5i 500mm f\/4 kinnitatuna.<\/li>\n<\/ul>\n<p>**T\u00c4IENDAVAD OMADUSED: **<br \/>\nFirstLight+ omab kontuurset, mis sobib enamikule k\u00f5igile. Pakil on ka vastupidavuse tagamiseks ballistiline nailonp\u00f5hi ja pikk objektiivi mahutavus koos lisaruumiga s\u00fclearvuti ja isikliku varustuse jaoks.<\/p>\n<ul>\n<li>Parem kaalujaotus mugavama koormuse jaoks v\u00f5imaldab lihtsamat kogu p\u00e4eva kasutamist matkarajal<\/li>\n<li>Laiendatav esi\u00fcmbruse tasku reisi- v\u00f5i r\u00e4nnakul h\u00e4davajalike asjade jaoks: lisakihtide, tulejope, pealamp, kindad, laadijad<\/li>\n<li>Pehmendusega \u00fcmbris tahvelarvuti v\u00f5i s\u00fclearvuti jaoks esitasku sees (sobib enamikule 16-tollistele s\u00fclearvutitele).<\/li>\n<li>Reguleeritavad suure tihedusega vahtpol\u00fcstri vaheseinad suurte teleobjektiivide, traditsiooniliste fotovarustuse v\u00f5i isiklike esemete jaoks.<\/li>\n<li>Sisaldab statiivi\/monopodi kinnituss\u00fcsteemi ees v\u00f5i k\u00fcljel.<\/li>\n<li>Suur k\u00fcljetasku lukuga k\u00fcljetasku lisatarvikute v\u00f5i isiklike esemete jaoks<\/li>\n<li>\u00dclemine t\u00f5mblukuga tasku kiireks juurdep\u00e4\u00e4suks olulistele asjadele<\/li>\n<li>2 suurt veepudeli v\u00f5i tarvikute taskut m\u00f5lemal k\u00fcljel, millel on \u00e4ravoolud ja turvaline n\u00f6\u00f6r.<\/li>\n<li>Ballistiline nailonist alumine paneel vastupidavuse tagamiseks karedatel pindadel<\/li>\n<li>Kujundatud alumiiniumist torso tugi t\u00e4iendava toetuse saamiseks<\/li>\n<li>Kolmel k\u00fcljel olevad k\u00e4epidemed v\u00f5imaldavad h\u00f5lpsasti t\u00f5sta seda \u00fclest\u00f5stukisse, autosse v\u00f5i pagasiruumi.<\/li>\n<li>Sisemised v\u00f5rktaskud filtrite, patareide, kaablite jms hoidmiseks.<\/li>\n<li>K\u00fclgedel olevad kompressioonirihmad koos lukustuvate SR-lukkudega t\u00e4iendavate kinnituspunktide jaoks.<\/li>\n<li>\u00d5larihmad ja v\u00f6\u00f6koharihm m\u00e4hitakse ette, et neid saaks kompaktselt hoiustada \u00fcle peaosas.<\/li>\n<li>Rinnarihma luku sisse integreeritud pilliga<\/li>\n<li>Kaasas olev vihmakate kaitseb v\u00e4ikest kuni keskmise suurusega statiivi, mis on kinnitatud paki esiosale.<\/li>\n<li>\u00dchildub Think Tanki modulaarsete kottide ja teiste filtrikottidega<\/li>\n<\/ul>\n<p><strong>SPETSIFIKATSIOONID:<\/strong><\/p>\n<ul>\n<li><strong>Sisemised m\u00f5\u00f5tmed:<\/strong> 34 x 51 x 18,5 cm<\/li>\n<li><strong>v\u00e4lised m\u00f5\u00f5tmed:<\/strong> 35 x 55 x 22,9 cm<\/li>\n<li><strong>Maht:<\/strong> 46 &#8211; 50 liitrit (laiendus)<\/li>\n<li><strong>Kaal:<\/strong> 2.7kg<\/li>\n<\/ul>\n<p><strong>MATERJALID:<\/strong><\/p>\n<ul>\n<li><strong>K\u00fclg:<\/strong> Suurep\u00e4rase veekindluse tagamiseks on kogu v\u00e4liskangas vastupidav vetth\u00fclgava kattega; kanga alumine k\u00fclg on kaetud pol\u00fcuretaankattega. Samuti on sellel k\u00f5rgeima kvaliteediga kulumiskindlad YKK\u00ae RC-Fuse t\u00f5mblukud, 420D Velocitynylon, 420D suure tihedusega nailon, 420D R\/S nailon, 1680D ballistiline nailon, 840Dmatte TPU Dynatonic nailon, nailonriie ja 3-kordne liimitud nailonniit.<\/li>\n<li><strong>Sisemine:<\/strong> 210D h\u00f5bedase tooniga nailonvooder, Hexa v\u00f5rgusilma taskud, Nylex nailon, k\u00f5rge tihedusega suletud vaht, PE-plaadi tugevdus, 3-kordselt liimitud nailonniit.<\/li>\n<\/ul>\n","protected":false},"excerpt":{"rendered":"<p>The FirstLight+ backpacks are designed fortraveling outdoor photographers. Built for extended days of travel, the pack is carry-on compatible,making it easier to get to your destination. The FirstLight\u2019s contoured, 11-point adjustable torso harness fits most men and women. The packs also offer ballistic nylon bottom panels for durability, ample space for long lenses and expandable personal capacity with a dedicated laptop pocket.<\/p>\n","protected":false},"featured_media":272393,"template":"","meta":{"_acf_changed":false},"brand":[6061],"product_cat":[5978],"product_tag":[],"inventory":[],"class_list":{"0":"post-272392","1":"product","2":"type-product","3":"status-publish","4":"has-post-thumbnail","6":"brand-think-tank-fi","7":"product_cat-soft-bags-fi","9":"first","10":"onbackorder","11":"taxable","12":"shipping-taxable","13":"purchasable","14":"product-type-simple"},"acf":[],"yoast_head":"<!-- This site is optimized with the Yoast SEO plugin v27.1.1 - https:\/\/yoast.com\/product\/yoast-seo-wordpress\/ -->\n<title>THINK TANK MindShift FirstLight 46L+, Black - MediaGear<\/title>\n<meta name=\"description\" content=\"The FirstLight+ backpacks are designed fortraveling outdoor photographers. Built for extended days of travel, the pack is carry-on compatible,makin...\" \/>\n<meta name=\"robots\" content=\"index, follow, max-snippet:-1, max-image-preview:large, max-video-preview:-1\" \/>\n<link rel=\"canonical\" href=\"https:\/\/mediagear.ee\/fi\/tuote\/think-tank-mindshift-firstlight-46l-black\/\" \/>\n<meta property=\"og:locale\" content=\"fi_FI\" \/>\n<meta property=\"og:type\" content=\"article\" \/>\n<meta property=\"og:title\" content=\"THINK TANK MindShift FirstLight 46L+, Black - MediaGear\" \/>\n<meta property=\"og:description\" content=\"The FirstLight+ backpacks are designed fortraveling outdoor photographers. Built for extended days of travel, the pack is carry-on compatible,makin...\" \/>\n<meta property=\"og:url\" content=\"https:\/\/mediagear.ee\/fi\/tuote\/think-tank-mindshift-firstlight-46l-black\/\" \/>\n<meta property=\"og:site_name\" content=\"MediaGear\" \/>\n<meta property=\"article:publisher\" content=\"https:\/\/www.facebook.com\/Mediagear.ee\/\" \/>\n<meta property=\"article:modified_time\" content=\"2025-11-05T01:05:39+00:00\" \/>\n<meta property=\"og:image\" content=\"https:\/\/mediagear.ee\/wp-content\/uploads\/2025\/08\/THINK-TANK-MindShift-FirstLight-46L-Black.png\" \/>\n\t<meta property=\"og:image:width\" content=\"800\" \/>\n\t<meta property=\"og:image:height\" content=\"800\" \/>\n\t<meta property=\"og:image:type\" content=\"image\/png\" \/>\n<meta name=\"twitter:card\" content=\"summary_large_image\" \/>\n<meta name=\"twitter:label1\" content=\"Arvioitu lukuaika\" \/>\n\t<meta name=\"twitter:data1\" content=\"2 minuuttia\" \/>\n<script type=\"application\/ld+json\" class=\"yoast-schema-graph\">{\"@context\":\"https:\/\/schema.org\",\"@graph\":[{\"@type\":\"WebPage\",\"@id\":\"https:\/\/mediagear.ee\/fi\/tuote\/think-tank-mindshift-firstlight-46l-black\/\",\"url\":\"https:\/\/mediagear.ee\/fi\/tuote\/think-tank-mindshift-firstlight-46l-black\/\",\"name\":\"THINK TANK MindShift FirstLight 46L+, Black - MediaGear\",\"isPartOf\":{\"@id\":\"https:\/\/mediagear.ee\/fi\/#website\"},\"primaryImageOfPage\":{\"@id\":\"https:\/\/mediagear.ee\/fi\/tuote\/think-tank-mindshift-firstlight-46l-black\/#primaryimage\"},\"image\":{\"@id\":\"https:\/\/mediagear.ee\/fi\/tuote\/think-tank-mindshift-firstlight-46l-black\/#primaryimage\"},\"thumbnailUrl\":\"https:\/\/mediagear.ee\/wp-content\/uploads\/2025\/08\/THINK-TANK-MindShift-FirstLight-46L-Black.png\",\"datePublished\":\"2025-08-18T16:44:54+00:00\",\"dateModified\":\"2025-11-05T01:05:39+00:00\",\"description\":\"The FirstLight+ backpacks are designed fortraveling outdoor photographers. Built for extended days of travel, the pack is carry-on compatible,makin...\",\"breadcrumb\":{\"@id\":\"https:\/\/mediagear.ee\/fi\/tuote\/think-tank-mindshift-firstlight-46l-black\/#breadcrumb\"},\"inLanguage\":\"fi\",\"potentialAction\":[{\"@type\":\"ReadAction\",\"target\":[\"https:\/\/mediagear.ee\/fi\/tuote\/think-tank-mindshift-firstlight-46l-black\/\"]}]},{\"@type\":\"ImageObject\",\"inLanguage\":\"fi\",\"@id\":\"https:\/\/mediagear.ee\/fi\/tuote\/think-tank-mindshift-firstlight-46l-black\/#primaryimage\",\"url\":\"https:\/\/mediagear.ee\/wp-content\/uploads\/2025\/08\/THINK-TANK-MindShift-FirstLight-46L-Black.png\",\"contentUrl\":\"https:\/\/mediagear.ee\/wp-content\/uploads\/2025\/08\/THINK-TANK-MindShift-FirstLight-46L-Black.png\",\"width\":800,\"height\":800,\"caption\":\"THINK TANK MindShift FirstLight 46L+, Black\"},{\"@type\":\"BreadcrumbList\",\"@id\":\"https:\/\/mediagear.ee\/fi\/tuote\/think-tank-mindshift-firstlight-46l-black\/#breadcrumb\",\"itemListElement\":[{\"@type\":\"ListItem\",\"position\":1,\"name\":\"Home\",\"item\":\"https:\/\/mediagear.ee\/fi\/\"},{\"@type\":\"ListItem\",\"position\":2,\"name\":\"Pro video- ja \u00e4\u00e4nilaitteiden kauppa\",\"item\":\"https:\/\/mediagear.ee\/fi\/kauppa\/\"},{\"@type\":\"ListItem\",\"position\":3,\"name\":\"LAUKUT JA LAATIKOT\",\"item\":\"https:\/\/mediagear.ee\/fi\/tuote-osasto\/bags-cases\/\"},{\"@type\":\"ListItem\",\"position\":4,\"name\":\"Laukut\",\"item\":\"https:\/\/mediagear.ee\/fi\/tuote-osasto\/bags-cases\/soft-bags-fi\/\"},{\"@type\":\"ListItem\",\"position\":5,\"name\":\"THINK TANK MindShift FirstLight 46L+, Black\"}]},{\"@type\":\"WebSite\",\"@id\":\"https:\/\/mediagear.ee\/fi\/#website\",\"url\":\"https:\/\/mediagear.ee\/fi\/\",\"name\":\"MediaGear\",\"description\":\"Full-service solutions in AV equipment\",\"publisher\":{\"@id\":\"https:\/\/mediagear.ee\/fi\/#organization\"},\"potentialAction\":[{\"@type\":\"SearchAction\",\"target\":{\"@type\":\"EntryPoint\",\"urlTemplate\":\"https:\/\/mediagear.ee\/fi\/?s={search_term_string}\"},\"query-input\":{\"@type\":\"PropertyValueSpecification\",\"valueRequired\":true,\"valueName\":\"search_term_string\"}}],\"inLanguage\":\"fi\"},{\"@type\":\"Organization\",\"@id\":\"https:\/\/mediagear.ee\/fi\/#organization\",\"name\":\"Mediagear\",\"url\":\"https:\/\/mediagear.ee\/fi\/\",\"logo\":{\"@type\":\"ImageObject\",\"inLanguage\":\"fi\",\"@id\":\"https:\/\/mediagear.ee\/fi\/#\/schema\/logo\/image\/\",\"url\":\"http:\/\/mediagear.ee\/wp-content\/uploads\/2024\/05\/MediaGear-logo-transp.png\",\"contentUrl\":\"http:\/\/mediagear.ee\/wp-content\/uploads\/2024\/05\/MediaGear-logo-transp.png\",\"width\":600,\"height\":200,\"caption\":\"Mediagear\"},\"image\":{\"@id\":\"https:\/\/mediagear.ee\/fi\/#\/schema\/logo\/image\/\"},\"sameAs\":[\"https:\/\/www.facebook.com\/Mediagear.ee\/\",\"https:\/\/www.instagram.com\/mediagear_ee\/\"]}]}<\/script>\n<!-- \/ Yoast SEO plugin. -->","yoast_head_json":{"title":"THINK TANK MindShift FirstLight 46L+, Black - MediaGear","description":"The FirstLight+ backpacks are designed fortraveling outdoor photographers. Built for extended days of travel, the pack is carry-on compatible,makin...","robots":{"index":"index","follow":"follow","max-snippet":"max-snippet:-1","max-image-preview":"max-image-preview:large","max-video-preview":"max-video-preview:-1"},"canonical":"https:\/\/mediagear.ee\/fi\/tuote\/think-tank-mindshift-firstlight-46l-black\/","og_locale":"fi_FI","og_type":"article","og_title":"THINK TANK MindShift FirstLight 46L+, Black - MediaGear","og_description":"The FirstLight+ backpacks are designed fortraveling outdoor photographers. Built for extended days of travel, the pack is carry-on compatible,makin...","og_url":"https:\/\/mediagear.ee\/fi\/tuote\/think-tank-mindshift-firstlight-46l-black\/","og_site_name":"MediaGear","article_publisher":"https:\/\/www.facebook.com\/Mediagear.ee\/","article_modified_time":"2025-11-05T01:05:39+00:00","og_image":[{"width":800,"height":800,"url":"https:\/\/mediagear.ee\/wp-content\/uploads\/2025\/08\/THINK-TANK-MindShift-FirstLight-46L-Black.png","type":"image\/png"}],"twitter_card":"summary_large_image","twitter_misc":{"Arvioitu lukuaika":"2 minuuttia"},"schema":{"@context":"https:\/\/schema.org","@graph":[{"@type":"WebPage","@id":"https:\/\/mediagear.ee\/fi\/tuote\/think-tank-mindshift-firstlight-46l-black\/","url":"https:\/\/mediagear.ee\/fi\/tuote\/think-tank-mindshift-firstlight-46l-black\/","name":"THINK TANK MindShift FirstLight 46L+, Black - MediaGear","isPartOf":{"@id":"https:\/\/mediagear.ee\/fi\/#website"},"primaryImageOfPage":{"@id":"https:\/\/mediagear.ee\/fi\/tuote\/think-tank-mindshift-firstlight-46l-black\/#primaryimage"},"image":{"@id":"https:\/\/mediagear.ee\/fi\/tuote\/think-tank-mindshift-firstlight-46l-black\/#primaryimage"},"thumbnailUrl":"https:\/\/mediagear.ee\/wp-content\/uploads\/2025\/08\/THINK-TANK-MindShift-FirstLight-46L-Black.png","datePublished":"2025-08-18T16:44:54+00:00","dateModified":"2025-11-05T01:05:39+00:00","description":"The FirstLight+ backpacks are designed fortraveling outdoor photographers. Built for extended days of travel, the pack is carry-on compatible,makin...","breadcrumb":{"@id":"https:\/\/mediagear.ee\/fi\/tuote\/think-tank-mindshift-firstlight-46l-black\/#breadcrumb"},"inLanguage":"fi","potentialAction":[{"@type":"ReadAction","target":["https:\/\/mediagear.ee\/fi\/tuote\/think-tank-mindshift-firstlight-46l-black\/"]}]},{"@type":"ImageObject","inLanguage":"fi","@id":"https:\/\/mediagear.ee\/fi\/tuote\/think-tank-mindshift-firstlight-46l-black\/#primaryimage","url":"https:\/\/mediagear.ee\/wp-content\/uploads\/2025\/08\/THINK-TANK-MindShift-FirstLight-46L-Black.png","contentUrl":"https:\/\/mediagear.ee\/wp-content\/uploads\/2025\/08\/THINK-TANK-MindShift-FirstLight-46L-Black.png","width":800,"height":800,"caption":"THINK TANK MindShift FirstLight 46L+, Black"},{"@type":"BreadcrumbList","@id":"https:\/\/mediagear.ee\/fi\/tuote\/think-tank-mindshift-firstlight-46l-black\/#breadcrumb","itemListElement":[{"@type":"ListItem","position":1,"name":"Home","item":"https:\/\/mediagear.ee\/fi\/"},{"@type":"ListItem","position":2,"name":"Pro video- ja \u00e4\u00e4nilaitteiden kauppa","item":"https:\/\/mediagear.ee\/fi\/kauppa\/"},{"@type":"ListItem","position":3,"name":"LAUKUT JA LAATIKOT","item":"https:\/\/mediagear.ee\/fi\/tuote-osasto\/bags-cases\/"},{"@type":"ListItem","position":4,"name":"Laukut","item":"https:\/\/mediagear.ee\/fi\/tuote-osasto\/bags-cases\/soft-bags-fi\/"},{"@type":"ListItem","position":5,"name":"THINK TANK MindShift FirstLight 46L+, Black"}]},{"@type":"WebSite","@id":"https:\/\/mediagear.ee\/fi\/#website","url":"https:\/\/mediagear.ee\/fi\/","name":"MediaGear","description":"Full-service solutions in AV equipment","publisher":{"@id":"https:\/\/mediagear.ee\/fi\/#organization"},"potentialAction":[{"@type":"SearchAction","target":{"@type":"EntryPoint","urlTemplate":"https:\/\/mediagear.ee\/fi\/?s={search_term_string}"},"query-input":{"@type":"PropertyValueSpecification","valueRequired":true,"valueName":"search_term_string"}}],"inLanguage":"fi"},{"@type":"Organization","@id":"https:\/\/mediagear.ee\/fi\/#organization","name":"Mediagear","url":"https:\/\/mediagear.ee\/fi\/","logo":{"@type":"ImageObject","inLanguage":"fi","@id":"https:\/\/mediagear.ee\/fi\/#\/schema\/logo\/image\/","url":"http:\/\/mediagear.ee\/wp-content\/uploads\/2024\/05\/MediaGear-logo-transp.png","contentUrl":"http:\/\/mediagear.ee\/wp-content\/uploads\/2024\/05\/MediaGear-logo-transp.png","width":600,"height":200,"caption":"Mediagear"},"image":{"@id":"https:\/\/mediagear.ee\/fi\/#\/schema\/logo\/image\/"},"sameAs":["https:\/\/www.facebook.com\/Mediagear.ee\/","https:\/\/www.instagram.com\/mediagear_ee\/"]}]}},"_links":{"self":[{"href":"https:\/\/mediagear.ee\/fi\/wp-json\/wp\/v2\/product\/272392","targetHints":{"allow":["GET"]}}],"collection":[{"href":"https:\/\/mediagear.ee\/fi\/wp-json\/wp\/v2\/product"}],"about":[{"href":"https:\/\/mediagear.ee\/fi\/wp-json\/wp\/v2\/types\/product"}],"wp:featuredmedia":[{"embeddable":true,"href":"https:\/\/mediagear.ee\/fi\/wp-json\/wp\/v2\/media\/272393"}],"wp:attachment":[{"href":"https:\/\/mediagear.ee\/fi\/wp-json\/wp\/v2\/media?parent=272392"}],"wp:term":[{"taxonomy":"brand","embeddable":true,"href":"https:\/\/mediagear.ee\/fi\/wp-json\/wp\/v2\/brand?post=272392"},{"taxonomy":"product_cat","embeddable":true,"href":"https:\/\/mediagear.ee\/fi\/wp-json\/wp\/v2\/product_cat?post=272392"},{"taxonomy":"product_tag","embeddable":true,"href":"https:\/\/mediagear.ee\/fi\/wp-json\/wp\/v2\/product_tag?post=272392"},{"taxonomy":"inventory","embeddable":true,"href":"https:\/\/mediagear.ee\/fi\/wp-json\/wp\/v2\/inventory?post=272392"}],"curies":[{"name":"wp","href":"https:\/\/api.w.org\/{rel}","templated":true}]}}