{"id":272672,"date":"2025-08-15T16:31:10","date_gmt":"2025-08-15T13:31:10","guid":{"rendered":"http:\/\/mediagear.ee\/product\/samyang-af-35-150mm-f2-2-8-sony-fe\/"},"modified":"2025-11-05T04:05:55","modified_gmt":"2025-11-05T02:05:55","slug":"samyang-af-35-150mm-f2-2-8-sony-fe","status":"publish","type":"product","link":"https:\/\/mediagear.ee\/fi\/tuote\/samyang-af-35-150mm-f2-2-8-sony-fe\/","title":{"rendered":"SAMYANG AF 35-150mm F2-2.8 Sony FE"},"content":{"rendered":"<p>Samyang AF 35-150 suurim ava on F2 k\u00f5ige laiemas ja F2,8 teleobjektiivi otsas ning see katab viis k\u00f5ige populaarsemat fookuskaugust 35, 50, 85, 135 ja 150 mm.<\/p>\n<p>Objektiivi optiline konstruktsioon koosneb 21 l\u00e4\u00e4tsest, mis on jagatud 18 grupiks (neist 2 ASP, 1 HB, 3 H-ASP ja 6 ED l\u00e4\u00e4tse), et tagada eeskujulik pildikvaliteet kogu pika suumivahemiku ulatuses.<br \/>\nUMC (Ultra Multi-Coating) katted l\u00e4\u00e4tsedel aitavad minimeerida peegeldusi ja halosid, mis aitab omakorda s\u00e4ilitada loomulikke v\u00e4rve ning saavutada selgeid ja kontrastseid kaadreid. Suur avaarv aitab t\u00f5husalt eraldada objekti taustast ja 9 diafragmalamelli loovad \u00fchtlase ja meeldiva tausta h\u00e4gustamise.<\/p>\n<p>Teravustamiseks kasutatav lineaarne samm-mootor (STM) on kiire ja v\u00e4ga t\u00e4pne, sobides v\u00f5rdselt h\u00e4sti foto- ja videograafidele. Tulemuseks eeskujulikult sujuvad \u00fcleminekud j\u00e4lgiva fookuse kasutamisel, et muuta teie videod filmilikeks. Kui valite Linear MF funktsiooni, muudetakse teravustamisratta p\u00f6\u00f6ramiseks vajalik j\u00f5ud v\u00f5imalikult l\u00e4hedaseks k\u00e4sitsi teravustamiseks vaja minevale. Uus Samyang AF 35-150 mm F2-2.8 FE on disainitud <em>parfokaalsena<\/em>, mis on eriti kasulik videov\u00f5tetel. Kui olete k\u00e4sitsi teravustamise re\u017eiimis (MF) mingile objektile teravustanud, siis ei ole suumimisel vaja fookust korrigeerida. See v\u00f5imaldab videov\u00f5tetel aega kokku hoida ning teisalt s\u00e4ilitada t\u00e4pne ja stabiilne fookus. Ka <em>focus breathing<\/em> on selle objektiivi puhul viidud miinimumini.<\/p>\n<p>Objektiiv on t\u00e4ielikult ilmastikukindel. 11 tihendit erinevates objektiivi piirkondades aitavad v\u00e4ltida tolmu, kerge vihma v\u00f5i lume poolt tekkida v\u00f5ivaid kahjustusi.<br \/>\nObjektiivi k\u00fcljel olevad muudetava funktsiooniga l\u00fclitid ja nupud v\u00f5imaldavad kasutajal objektiivi enda vajadustele vastavaks kohandada. Fookuspunkti hoidmine, <em>dolly shot<\/em>, avar\u00f5nga funktsiooni muutmine, kui loetleda m\u00f5nda ning tulevikus saab <em>Samyang lens station<\/em>\u00b4i abil lisada t\u00e4iendavaid funktsioone.<\/p>\n<p>L\u00e4him teravustamiskaugus on uuel Samyang AF 35-150 mm F2-2.8 FE objektiivil lainurkseadistuses ainult 0,33 meetrit. T\u00e4nu objektiivi lahtisele F 2.0 avale v\u00f5imaldab see luua ainulaadse perspektiiviga v\u00f5tteid, millel objektiivi l\u00e4heduses olev objekt eraldub kaunilt h\u00e4gustatud taustast.<\/p>\n","protected":false},"excerpt":{"rendered":"<p>The Samyang AF 35-150mm F2-2.8 Sony FE lens is a great all-around performer, equally good for photography as for shooting video. It\u2019s a dynamic focal length that covers a wide range of shooting scenarios, from portraits to travel and from street to landscape.<\/p>\n","protected":false},"featured_media":272673,"template":"","meta":{"_acf_changed":false},"brand":[6048],"product_cat":[6104,6110],"product_tag":[],"inventory":[],"class_list":{"0":"post-272672","1":"product","2":"type-product","3":"status-publish","4":"has-post-thumbnail","6":"brand-samyang-fi","7":"product_cat-autofocus-lenses-fi","8":"product_cat-zoom-lenses-fi","10":"first","11":"onbackorder","12":"taxable","13":"shipping-taxable","14":"purchasable","15":"product-type-simple"},"acf":[],"yoast_head":"<!-- This site is optimized with the Yoast SEO plugin v27.1.1 - https:\/\/yoast.com\/product\/yoast-seo-wordpress\/ -->\n<title>SAMYANG AF 35-150mm F2-2.8 Sony FE - MediaGear<\/title>\n<meta name=\"description\" content=\"The Samyang AF 35-150mm F2-2.8 Sony FE lens is a great all-around performer, equally good for photography as for shooting video. It\u2019s a dynamic foc...\" \/>\n<meta name=\"robots\" content=\"index, follow, max-snippet:-1, max-image-preview:large, max-video-preview:-1\" \/>\n<link rel=\"canonical\" href=\"https:\/\/mediagear.ee\/fi\/tuote\/samyang-af-35-150mm-f2-2-8-sony-fe\/\" \/>\n<meta property=\"og:locale\" content=\"fi_FI\" \/>\n<meta property=\"og:type\" content=\"article\" \/>\n<meta property=\"og:title\" content=\"SAMYANG AF 35-150mm F2-2.8 Sony FE - MediaGear\" \/>\n<meta property=\"og:description\" content=\"The Samyang AF 35-150mm F2-2.8 Sony FE lens is a great all-around performer, equally good for photography as for shooting video. It\u2019s a dynamic foc...\" \/>\n<meta property=\"og:url\" content=\"https:\/\/mediagear.ee\/fi\/tuote\/samyang-af-35-150mm-f2-2-8-sony-fe\/\" \/>\n<meta property=\"og:site_name\" content=\"MediaGear\" \/>\n<meta property=\"article:publisher\" content=\"https:\/\/www.facebook.com\/Mediagear.ee\/\" \/>\n<meta property=\"article:modified_time\" content=\"2025-11-05T02:05:55+00:00\" \/>\n<meta property=\"og:image\" content=\"https:\/\/mediagear.ee\/wp-content\/uploads\/2025\/08\/SAMYANG-AF-35-150mm-F2-2.8-Sony-FE.png\" \/>\n\t<meta property=\"og:image:width\" content=\"439\" \/>\n\t<meta property=\"og:image:height\" content=\"800\" \/>\n\t<meta property=\"og:image:type\" content=\"image\/png\" \/>\n<meta name=\"twitter:card\" content=\"summary_large_image\" \/>\n<meta name=\"twitter:label1\" content=\"Arvioitu lukuaika\" \/>\n\t<meta name=\"twitter:data1\" content=\"2 minuuttia\" \/>\n<script type=\"application\/ld+json\" class=\"yoast-schema-graph\">{\"@context\":\"https:\/\/schema.org\",\"@graph\":[{\"@type\":\"WebPage\",\"@id\":\"https:\/\/mediagear.ee\/fi\/tuote\/samyang-af-35-150mm-f2-2-8-sony-fe\/\",\"url\":\"https:\/\/mediagear.ee\/fi\/tuote\/samyang-af-35-150mm-f2-2-8-sony-fe\/\",\"name\":\"SAMYANG AF 35-150mm F2-2.8 Sony FE - MediaGear\",\"isPartOf\":{\"@id\":\"https:\/\/mediagear.ee\/fi\/#website\"},\"primaryImageOfPage\":{\"@id\":\"https:\/\/mediagear.ee\/fi\/tuote\/samyang-af-35-150mm-f2-2-8-sony-fe\/#primaryimage\"},\"image\":{\"@id\":\"https:\/\/mediagear.ee\/fi\/tuote\/samyang-af-35-150mm-f2-2-8-sony-fe\/#primaryimage\"},\"thumbnailUrl\":\"https:\/\/mediagear.ee\/wp-content\/uploads\/2025\/08\/SAMYANG-AF-35-150mm-F2-2.8-Sony-FE.png\",\"datePublished\":\"2025-08-15T13:31:10+00:00\",\"dateModified\":\"2025-11-05T02:05:55+00:00\",\"description\":\"The Samyang AF 35-150mm F2-2.8 Sony FE lens is a great all-around performer, equally good for photography as for shooting video. It\u2019s a dynamic foc...\",\"breadcrumb\":{\"@id\":\"https:\/\/mediagear.ee\/fi\/tuote\/samyang-af-35-150mm-f2-2-8-sony-fe\/#breadcrumb\"},\"inLanguage\":\"fi\",\"potentialAction\":[{\"@type\":\"ReadAction\",\"target\":[\"https:\/\/mediagear.ee\/fi\/tuote\/samyang-af-35-150mm-f2-2-8-sony-fe\/\"]}]},{\"@type\":\"ImageObject\",\"inLanguage\":\"fi\",\"@id\":\"https:\/\/mediagear.ee\/fi\/tuote\/samyang-af-35-150mm-f2-2-8-sony-fe\/#primaryimage\",\"url\":\"https:\/\/mediagear.ee\/wp-content\/uploads\/2025\/08\/SAMYANG-AF-35-150mm-F2-2.8-Sony-FE.png\",\"contentUrl\":\"https:\/\/mediagear.ee\/wp-content\/uploads\/2025\/08\/SAMYANG-AF-35-150mm-F2-2.8-Sony-FE.png\",\"width\":439,\"height\":800,\"caption\":\"SAMYANG AF 35-150mm F2-2.8 Sony FE\"},{\"@type\":\"BreadcrumbList\",\"@id\":\"https:\/\/mediagear.ee\/fi\/tuote\/samyang-af-35-150mm-f2-2-8-sony-fe\/#breadcrumb\",\"itemListElement\":[{\"@type\":\"ListItem\",\"position\":1,\"name\":\"Home\",\"item\":\"https:\/\/mediagear.ee\/fi\/\"},{\"@type\":\"ListItem\",\"position\":2,\"name\":\"Pro video- ja \u00e4\u00e4nilaitteiden kauppa\",\"item\":\"https:\/\/mediagear.ee\/fi\/kauppa\/\"},{\"@type\":\"ListItem\",\"position\":3,\"name\":\"OBJEKTIIVIT\",\"item\":\"https:\/\/mediagear.ee\/fi\/tuote-osasto\/lenses-fi\/\"},{\"@type\":\"ListItem\",\"position\":4,\"name\":\"Autofocus objektiivit\",\"item\":\"https:\/\/mediagear.ee\/fi\/tuote-osasto\/lenses-fi\/autofocus-lenses-fi\/\"},{\"@type\":\"ListItem\",\"position\":5,\"name\":\"SAMYANG AF 35-150mm F2-2.8 Sony FE\"}]},{\"@type\":\"WebSite\",\"@id\":\"https:\/\/mediagear.ee\/fi\/#website\",\"url\":\"https:\/\/mediagear.ee\/fi\/\",\"name\":\"MediaGear\",\"description\":\"Full-service solutions in AV equipment\",\"publisher\":{\"@id\":\"https:\/\/mediagear.ee\/fi\/#organization\"},\"potentialAction\":[{\"@type\":\"SearchAction\",\"target\":{\"@type\":\"EntryPoint\",\"urlTemplate\":\"https:\/\/mediagear.ee\/fi\/?s={search_term_string}\"},\"query-input\":{\"@type\":\"PropertyValueSpecification\",\"valueRequired\":true,\"valueName\":\"search_term_string\"}}],\"inLanguage\":\"fi\"},{\"@type\":\"Organization\",\"@id\":\"https:\/\/mediagear.ee\/fi\/#organization\",\"name\":\"Mediagear\",\"url\":\"https:\/\/mediagear.ee\/fi\/\",\"logo\":{\"@type\":\"ImageObject\",\"inLanguage\":\"fi\",\"@id\":\"https:\/\/mediagear.ee\/fi\/#\/schema\/logo\/image\/\",\"url\":\"http:\/\/mediagear.ee\/wp-content\/uploads\/2024\/05\/MediaGear-logo-transp.png\",\"contentUrl\":\"http:\/\/mediagear.ee\/wp-content\/uploads\/2024\/05\/MediaGear-logo-transp.png\",\"width\":600,\"height\":200,\"caption\":\"Mediagear\"},\"image\":{\"@id\":\"https:\/\/mediagear.ee\/fi\/#\/schema\/logo\/image\/\"},\"sameAs\":[\"https:\/\/www.facebook.com\/Mediagear.ee\/\",\"https:\/\/www.instagram.com\/mediagear_ee\/\"]}]}<\/script>\n<!-- \/ Yoast SEO plugin. -->","yoast_head_json":{"title":"SAMYANG AF 35-150mm F2-2.8 Sony FE - MediaGear","description":"The Samyang AF 35-150mm F2-2.8 Sony FE lens is a great all-around performer, equally good for photography as for shooting video. It\u2019s a dynamic foc...","robots":{"index":"index","follow":"follow","max-snippet":"max-snippet:-1","max-image-preview":"max-image-preview:large","max-video-preview":"max-video-preview:-1"},"canonical":"https:\/\/mediagear.ee\/fi\/tuote\/samyang-af-35-150mm-f2-2-8-sony-fe\/","og_locale":"fi_FI","og_type":"article","og_title":"SAMYANG AF 35-150mm F2-2.8 Sony FE - MediaGear","og_description":"The Samyang AF 35-150mm F2-2.8 Sony FE lens is a great all-around performer, equally good for photography as for shooting video. It\u2019s a dynamic foc...","og_url":"https:\/\/mediagear.ee\/fi\/tuote\/samyang-af-35-150mm-f2-2-8-sony-fe\/","og_site_name":"MediaGear","article_publisher":"https:\/\/www.facebook.com\/Mediagear.ee\/","article_modified_time":"2025-11-05T02:05:55+00:00","og_image":[{"width":439,"height":800,"url":"https:\/\/mediagear.ee\/wp-content\/uploads\/2025\/08\/SAMYANG-AF-35-150mm-F2-2.8-Sony-FE.png","type":"image\/png"}],"twitter_card":"summary_large_image","twitter_misc":{"Arvioitu lukuaika":"2 minuuttia"},"schema":{"@context":"https:\/\/schema.org","@graph":[{"@type":"WebPage","@id":"https:\/\/mediagear.ee\/fi\/tuote\/samyang-af-35-150mm-f2-2-8-sony-fe\/","url":"https:\/\/mediagear.ee\/fi\/tuote\/samyang-af-35-150mm-f2-2-8-sony-fe\/","name":"SAMYANG AF 35-150mm F2-2.8 Sony FE - MediaGear","isPartOf":{"@id":"https:\/\/mediagear.ee\/fi\/#website"},"primaryImageOfPage":{"@id":"https:\/\/mediagear.ee\/fi\/tuote\/samyang-af-35-150mm-f2-2-8-sony-fe\/#primaryimage"},"image":{"@id":"https:\/\/mediagear.ee\/fi\/tuote\/samyang-af-35-150mm-f2-2-8-sony-fe\/#primaryimage"},"thumbnailUrl":"https:\/\/mediagear.ee\/wp-content\/uploads\/2025\/08\/SAMYANG-AF-35-150mm-F2-2.8-Sony-FE.png","datePublished":"2025-08-15T13:31:10+00:00","dateModified":"2025-11-05T02:05:55+00:00","description":"The Samyang AF 35-150mm F2-2.8 Sony FE lens is a great all-around performer, equally good for photography as for shooting video. It\u2019s a dynamic foc...","breadcrumb":{"@id":"https:\/\/mediagear.ee\/fi\/tuote\/samyang-af-35-150mm-f2-2-8-sony-fe\/#breadcrumb"},"inLanguage":"fi","potentialAction":[{"@type":"ReadAction","target":["https:\/\/mediagear.ee\/fi\/tuote\/samyang-af-35-150mm-f2-2-8-sony-fe\/"]}]},{"@type":"ImageObject","inLanguage":"fi","@id":"https:\/\/mediagear.ee\/fi\/tuote\/samyang-af-35-150mm-f2-2-8-sony-fe\/#primaryimage","url":"https:\/\/mediagear.ee\/wp-content\/uploads\/2025\/08\/SAMYANG-AF-35-150mm-F2-2.8-Sony-FE.png","contentUrl":"https:\/\/mediagear.ee\/wp-content\/uploads\/2025\/08\/SAMYANG-AF-35-150mm-F2-2.8-Sony-FE.png","width":439,"height":800,"caption":"SAMYANG AF 35-150mm F2-2.8 Sony FE"},{"@type":"BreadcrumbList","@id":"https:\/\/mediagear.ee\/fi\/tuote\/samyang-af-35-150mm-f2-2-8-sony-fe\/#breadcrumb","itemListElement":[{"@type":"ListItem","position":1,"name":"Home","item":"https:\/\/mediagear.ee\/fi\/"},{"@type":"ListItem","position":2,"name":"Pro video- ja \u00e4\u00e4nilaitteiden kauppa","item":"https:\/\/mediagear.ee\/fi\/kauppa\/"},{"@type":"ListItem","position":3,"name":"OBJEKTIIVIT","item":"https:\/\/mediagear.ee\/fi\/tuote-osasto\/lenses-fi\/"},{"@type":"ListItem","position":4,"name":"Autofocus objektiivit","item":"https:\/\/mediagear.ee\/fi\/tuote-osasto\/lenses-fi\/autofocus-lenses-fi\/"},{"@type":"ListItem","position":5,"name":"SAMYANG AF 35-150mm F2-2.8 Sony FE"}]},{"@type":"WebSite","@id":"https:\/\/mediagear.ee\/fi\/#website","url":"https:\/\/mediagear.ee\/fi\/","name":"MediaGear","description":"Full-service solutions in AV equipment","publisher":{"@id":"https:\/\/mediagear.ee\/fi\/#organization"},"potentialAction":[{"@type":"SearchAction","target":{"@type":"EntryPoint","urlTemplate":"https:\/\/mediagear.ee\/fi\/?s={search_term_string}"},"query-input":{"@type":"PropertyValueSpecification","valueRequired":true,"valueName":"search_term_string"}}],"inLanguage":"fi"},{"@type":"Organization","@id":"https:\/\/mediagear.ee\/fi\/#organization","name":"Mediagear","url":"https:\/\/mediagear.ee\/fi\/","logo":{"@type":"ImageObject","inLanguage":"fi","@id":"https:\/\/mediagear.ee\/fi\/#\/schema\/logo\/image\/","url":"http:\/\/mediagear.ee\/wp-content\/uploads\/2024\/05\/MediaGear-logo-transp.png","contentUrl":"http:\/\/mediagear.ee\/wp-content\/uploads\/2024\/05\/MediaGear-logo-transp.png","width":600,"height":200,"caption":"Mediagear"},"image":{"@id":"https:\/\/mediagear.ee\/fi\/#\/schema\/logo\/image\/"},"sameAs":["https:\/\/www.facebook.com\/Mediagear.ee\/","https:\/\/www.instagram.com\/mediagear_ee\/"]}]}},"_links":{"self":[{"href":"https:\/\/mediagear.ee\/fi\/wp-json\/wp\/v2\/product\/272672","targetHints":{"allow":["GET"]}}],"collection":[{"href":"https:\/\/mediagear.ee\/fi\/wp-json\/wp\/v2\/product"}],"about":[{"href":"https:\/\/mediagear.ee\/fi\/wp-json\/wp\/v2\/types\/product"}],"wp:featuredmedia":[{"embeddable":true,"href":"https:\/\/mediagear.ee\/fi\/wp-json\/wp\/v2\/media\/272673"}],"wp:attachment":[{"href":"https:\/\/mediagear.ee\/fi\/wp-json\/wp\/v2\/media?parent=272672"}],"wp:term":[{"taxonomy":"brand","embeddable":true,"href":"https:\/\/mediagear.ee\/fi\/wp-json\/wp\/v2\/brand?post=272672"},{"taxonomy":"product_cat","embeddable":true,"href":"https:\/\/mediagear.ee\/fi\/wp-json\/wp\/v2\/product_cat?post=272672"},{"taxonomy":"product_tag","embeddable":true,"href":"https:\/\/mediagear.ee\/fi\/wp-json\/wp\/v2\/product_tag?post=272672"},{"taxonomy":"inventory","embeddable":true,"href":"https:\/\/mediagear.ee\/fi\/wp-json\/wp\/v2\/inventory?post=272672"}],"curies":[{"name":"wp","href":"https:\/\/api.w.org\/{rel}","templated":true}]}}