{"id":272692,"date":"2025-08-15T16:29:13","date_gmt":"2025-08-15T13:29:13","guid":{"rendered":"http:\/\/mediagear.ee\/product\/samyang-v-af-75mm-t1-9-sony-fe\/"},"modified":"2025-11-05T02:45:49","modified_gmt":"2025-11-05T00:45:49","slug":"samyang-v-af-75mm-t1-9-sony-fe","status":"publish","type":"product","link":"https:\/\/mediagear.ee\/fi\/tuote\/samyang-v-af-75mm-t1-9-sony-fe\/","title":{"rendered":"SAMYANG V-AF 75mm T1.9 Sony FE"},"content":{"rendered":"<p>Uus V-AF tooteseeria \u00fchendab endas maailmas ainulaadsena spetsiaalselt videot\u00f6\u00f6ks loodud automaatteravustamisega objektiive. Esimesena m\u00fc\u00fcgile j\u00f5udnud V-AF 75 mm objektiivile lisanduvad 35 mm, 24 mm, 20 mm ja 40 mm T1.9 objektiivid.<\/p>\n<p>V-AF-seeria toetab kuni 8K lahutusv\u00f5imet ning on eriti kompaktsed ja kerged. Seet\u00f5ttu sobivad nad lisaks kaameratele suurep\u00e4raselt kasutamiseks koos k\u00e4eshoitavate stabilisaatoritega ning droonikaameratega. K\u00f5ik uue seeria objektiivid on \u00fchtlustatud v\u00e4rvi\u00fclekandega ning 9 lamelliga diafragma v\u00f5imaldab saavutada loomulikult h\u00e4gustatud tausta.<\/p>\n<p>Objektiivi esiotsal on LED-indikaator, mis annab m\u00e4rku sellest, et kaamera salvestab &#8211; v\u00e4ga kasulik intervjuude ning otse\u00fclekannete tegemisel.<\/p>\n<p>Objektiivi k\u00fcljel on muudetava funktsiooniga nupp, mida saab seadistada n\u00e4iteks k\u00e4sitsi teravustamiseks v\u00f5i ava reguleerimiseks teravustamisr\u00f5ngast keerates.<br \/>\nObjektivi k\u00fcljel asub ka fookuse hoidmise nupp, mis v\u00f5imaldab fookust teatud kaugusele lukustada. Kasutaja saab p\u00fcsivara uuendamise kaudu m\u00e4\u00e4rata l\u00fclitile ka teisi funktsioone.<\/p>\n<p>V-AF 75 mm T1.9 objektiivi konstruktsioon koosneb 10 l\u00e4\u00e4tsest, mis on jagatud 9 grupiks ja selles on 2 ED ja 2 HR l\u00e4\u00e4tse, mis tagavad videomaterjali terava ja filmiliku v\u00e4ljan\u00e4gemise. Teravustamiseks on kasutusel Samyangi lineaarne STM-fookusmootor, mis tagab vaikse ja sujuva autofookuse ning minimeerib vibratsiooni ja m\u00fcra.<\/p>\n<p><strong>Olulisimad omadused<\/strong><\/p>\n<ul>\n<li>K\u00f5ik objektiivid on samade m\u00f5\u00f5tmetega.<\/li>\n<li>Samyangi lineaarne STM-teravustamismootor.<\/li>\n<li>Tally lamp.<\/li>\n<li>Hammasv\u00f6\u00f6 j\u00e4lgiva fookuse juhtimiseks.<\/li>\n<li>K\u00f5ik seeria objektiivid on \u00fchtlustatud v\u00e4rviedastusega.<\/li>\n<li>Sobivad kasutamiseks t\u00e4iskaadri sensoriga kaameratega.<\/li>\n<\/ul>\n","protected":false},"excerpt":{"rendered":"<p>The world\u2019s first cine AF lenses. The V-AF series is the world&#8217;s first lenses for video creators designed to make video content creation more convenient.<\/p>\n","protected":false},"featured_media":272693,"template":"","meta":{"_acf_changed":false},"brand":[6048],"product_cat":[6107],"product_tag":[],"inventory":[],"class_list":{"0":"post-272692","1":"product","2":"type-product","3":"status-publish","4":"has-post-thumbnail","6":"brand-samyang-fi","7":"product_cat-fixed-lenses-fi","9":"first","10":"onbackorder","11":"taxable","12":"shipping-taxable","13":"purchasable","14":"product-type-simple"},"acf":[],"yoast_head":"<!-- This site is optimized with the Yoast SEO plugin v27.1.1 - https:\/\/yoast.com\/product\/yoast-seo-wordpress\/ -->\n<title>SAMYANG V-AF 75mm T1.9 Sony FE - MediaGear<\/title>\n<meta name=\"description\" content=\"The world\u2019s first cine AF lenses. The V-AF series is the world&#039;s first lenses for video creators designed to make video content creation more conve...\" \/>\n<meta name=\"robots\" content=\"index, follow, max-snippet:-1, max-image-preview:large, max-video-preview:-1\" \/>\n<link rel=\"canonical\" href=\"https:\/\/mediagear.ee\/fi\/tuote\/samyang-v-af-75mm-t1-9-sony-fe\/\" \/>\n<meta property=\"og:locale\" content=\"fi_FI\" \/>\n<meta property=\"og:type\" content=\"article\" \/>\n<meta property=\"og:title\" content=\"SAMYANG V-AF 75mm T1.9 Sony FE - MediaGear\" \/>\n<meta property=\"og:description\" content=\"The world\u2019s first cine AF lenses. The V-AF series is the world&#039;s first lenses for video creators designed to make video content creation more conve...\" \/>\n<meta property=\"og:url\" content=\"https:\/\/mediagear.ee\/fi\/tuote\/samyang-v-af-75mm-t1-9-sony-fe\/\" \/>\n<meta property=\"og:site_name\" content=\"MediaGear\" \/>\n<meta property=\"article:publisher\" content=\"https:\/\/www.facebook.com\/Mediagear.ee\/\" \/>\n<meta property=\"article:modified_time\" content=\"2025-11-05T00:45:49+00:00\" \/>\n<meta property=\"og:image\" content=\"https:\/\/mediagear.ee\/wp-content\/uploads\/2025\/08\/SAMYANG-V-AF-75mm-T1.9-Sony-FE.png\" \/>\n\t<meta property=\"og:image:width\" content=\"730\" \/>\n\t<meta property=\"og:image:height\" content=\"800\" \/>\n\t<meta property=\"og:image:type\" content=\"image\/png\" \/>\n<meta name=\"twitter:card\" content=\"summary_large_image\" \/>\n<meta name=\"twitter:label1\" content=\"Arvioitu lukuaika\" \/>\n\t<meta name=\"twitter:data1\" content=\"1 minuutti\" \/>\n<script type=\"application\/ld+json\" class=\"yoast-schema-graph\">{\"@context\":\"https:\/\/schema.org\",\"@graph\":[{\"@type\":\"WebPage\",\"@id\":\"https:\/\/mediagear.ee\/fi\/tuote\/samyang-v-af-75mm-t1-9-sony-fe\/\",\"url\":\"https:\/\/mediagear.ee\/fi\/tuote\/samyang-v-af-75mm-t1-9-sony-fe\/\",\"name\":\"SAMYANG V-AF 75mm T1.9 Sony FE - MediaGear\",\"isPartOf\":{\"@id\":\"https:\/\/mediagear.ee\/fi\/#website\"},\"primaryImageOfPage\":{\"@id\":\"https:\/\/mediagear.ee\/fi\/tuote\/samyang-v-af-75mm-t1-9-sony-fe\/#primaryimage\"},\"image\":{\"@id\":\"https:\/\/mediagear.ee\/fi\/tuote\/samyang-v-af-75mm-t1-9-sony-fe\/#primaryimage\"},\"thumbnailUrl\":\"https:\/\/mediagear.ee\/wp-content\/uploads\/2025\/08\/SAMYANG-V-AF-75mm-T1.9-Sony-FE.png\",\"datePublished\":\"2025-08-15T13:29:13+00:00\",\"dateModified\":\"2025-11-05T00:45:49+00:00\",\"description\":\"The world\u2019s first cine AF lenses. The V-AF series is the world's first lenses for video creators designed to make video content creation more conve...\",\"breadcrumb\":{\"@id\":\"https:\/\/mediagear.ee\/fi\/tuote\/samyang-v-af-75mm-t1-9-sony-fe\/#breadcrumb\"},\"inLanguage\":\"fi\",\"potentialAction\":[{\"@type\":\"ReadAction\",\"target\":[\"https:\/\/mediagear.ee\/fi\/tuote\/samyang-v-af-75mm-t1-9-sony-fe\/\"]}]},{\"@type\":\"ImageObject\",\"inLanguage\":\"fi\",\"@id\":\"https:\/\/mediagear.ee\/fi\/tuote\/samyang-v-af-75mm-t1-9-sony-fe\/#primaryimage\",\"url\":\"https:\/\/mediagear.ee\/wp-content\/uploads\/2025\/08\/SAMYANG-V-AF-75mm-T1.9-Sony-FE.png\",\"contentUrl\":\"https:\/\/mediagear.ee\/wp-content\/uploads\/2025\/08\/SAMYANG-V-AF-75mm-T1.9-Sony-FE.png\",\"width\":730,\"height\":800,\"caption\":\"SAMYANG V-AF 75mm T1.9 Sony FE\"},{\"@type\":\"BreadcrumbList\",\"@id\":\"https:\/\/mediagear.ee\/fi\/tuote\/samyang-v-af-75mm-t1-9-sony-fe\/#breadcrumb\",\"itemListElement\":[{\"@type\":\"ListItem\",\"position\":1,\"name\":\"Home\",\"item\":\"https:\/\/mediagear.ee\/fi\/\"},{\"@type\":\"ListItem\",\"position\":2,\"name\":\"Pro video- ja \u00e4\u00e4nilaitteiden kauppa\",\"item\":\"https:\/\/mediagear.ee\/fi\/kauppa\/\"},{\"@type\":\"ListItem\",\"position\":3,\"name\":\"OBJEKTIIVIT\",\"item\":\"https:\/\/mediagear.ee\/fi\/tuote-osasto\/lenses-fi\/\"},{\"@type\":\"ListItem\",\"position\":4,\"name\":\"Fix-objektiivit\",\"item\":\"https:\/\/mediagear.ee\/fi\/tuote-osasto\/lenses-fi\/fixed-lenses-fi\/\"},{\"@type\":\"ListItem\",\"position\":5,\"name\":\"SAMYANG V-AF 75mm T1.9 Sony FE\"}]},{\"@type\":\"WebSite\",\"@id\":\"https:\/\/mediagear.ee\/fi\/#website\",\"url\":\"https:\/\/mediagear.ee\/fi\/\",\"name\":\"MediaGear\",\"description\":\"Full-service solutions in AV equipment\",\"publisher\":{\"@id\":\"https:\/\/mediagear.ee\/fi\/#organization\"},\"potentialAction\":[{\"@type\":\"SearchAction\",\"target\":{\"@type\":\"EntryPoint\",\"urlTemplate\":\"https:\/\/mediagear.ee\/fi\/?s={search_term_string}\"},\"query-input\":{\"@type\":\"PropertyValueSpecification\",\"valueRequired\":true,\"valueName\":\"search_term_string\"}}],\"inLanguage\":\"fi\"},{\"@type\":\"Organization\",\"@id\":\"https:\/\/mediagear.ee\/fi\/#organization\",\"name\":\"Mediagear\",\"url\":\"https:\/\/mediagear.ee\/fi\/\",\"logo\":{\"@type\":\"ImageObject\",\"inLanguage\":\"fi\",\"@id\":\"https:\/\/mediagear.ee\/fi\/#\/schema\/logo\/image\/\",\"url\":\"http:\/\/mediagear.ee\/wp-content\/uploads\/2024\/05\/MediaGear-logo-transp.png\",\"contentUrl\":\"http:\/\/mediagear.ee\/wp-content\/uploads\/2024\/05\/MediaGear-logo-transp.png\",\"width\":600,\"height\":200,\"caption\":\"Mediagear\"},\"image\":{\"@id\":\"https:\/\/mediagear.ee\/fi\/#\/schema\/logo\/image\/\"},\"sameAs\":[\"https:\/\/www.facebook.com\/Mediagear.ee\/\",\"https:\/\/www.instagram.com\/mediagear_ee\/\"]}]}<\/script>\n<!-- \/ Yoast SEO plugin. -->","yoast_head_json":{"title":"SAMYANG V-AF 75mm T1.9 Sony FE - MediaGear","description":"The world\u2019s first cine AF lenses. The V-AF series is the world's first lenses for video creators designed to make video content creation more conve...","robots":{"index":"index","follow":"follow","max-snippet":"max-snippet:-1","max-image-preview":"max-image-preview:large","max-video-preview":"max-video-preview:-1"},"canonical":"https:\/\/mediagear.ee\/fi\/tuote\/samyang-v-af-75mm-t1-9-sony-fe\/","og_locale":"fi_FI","og_type":"article","og_title":"SAMYANG V-AF 75mm T1.9 Sony FE - MediaGear","og_description":"The world\u2019s first cine AF lenses. The V-AF series is the world's first lenses for video creators designed to make video content creation more conve...","og_url":"https:\/\/mediagear.ee\/fi\/tuote\/samyang-v-af-75mm-t1-9-sony-fe\/","og_site_name":"MediaGear","article_publisher":"https:\/\/www.facebook.com\/Mediagear.ee\/","article_modified_time":"2025-11-05T00:45:49+00:00","og_image":[{"width":730,"height":800,"url":"https:\/\/mediagear.ee\/wp-content\/uploads\/2025\/08\/SAMYANG-V-AF-75mm-T1.9-Sony-FE.png","type":"image\/png"}],"twitter_card":"summary_large_image","twitter_misc":{"Arvioitu lukuaika":"1 minuutti"},"schema":{"@context":"https:\/\/schema.org","@graph":[{"@type":"WebPage","@id":"https:\/\/mediagear.ee\/fi\/tuote\/samyang-v-af-75mm-t1-9-sony-fe\/","url":"https:\/\/mediagear.ee\/fi\/tuote\/samyang-v-af-75mm-t1-9-sony-fe\/","name":"SAMYANG V-AF 75mm T1.9 Sony FE - MediaGear","isPartOf":{"@id":"https:\/\/mediagear.ee\/fi\/#website"},"primaryImageOfPage":{"@id":"https:\/\/mediagear.ee\/fi\/tuote\/samyang-v-af-75mm-t1-9-sony-fe\/#primaryimage"},"image":{"@id":"https:\/\/mediagear.ee\/fi\/tuote\/samyang-v-af-75mm-t1-9-sony-fe\/#primaryimage"},"thumbnailUrl":"https:\/\/mediagear.ee\/wp-content\/uploads\/2025\/08\/SAMYANG-V-AF-75mm-T1.9-Sony-FE.png","datePublished":"2025-08-15T13:29:13+00:00","dateModified":"2025-11-05T00:45:49+00:00","description":"The world\u2019s first cine AF lenses. The V-AF series is the world's first lenses for video creators designed to make video content creation more conve...","breadcrumb":{"@id":"https:\/\/mediagear.ee\/fi\/tuote\/samyang-v-af-75mm-t1-9-sony-fe\/#breadcrumb"},"inLanguage":"fi","potentialAction":[{"@type":"ReadAction","target":["https:\/\/mediagear.ee\/fi\/tuote\/samyang-v-af-75mm-t1-9-sony-fe\/"]}]},{"@type":"ImageObject","inLanguage":"fi","@id":"https:\/\/mediagear.ee\/fi\/tuote\/samyang-v-af-75mm-t1-9-sony-fe\/#primaryimage","url":"https:\/\/mediagear.ee\/wp-content\/uploads\/2025\/08\/SAMYANG-V-AF-75mm-T1.9-Sony-FE.png","contentUrl":"https:\/\/mediagear.ee\/wp-content\/uploads\/2025\/08\/SAMYANG-V-AF-75mm-T1.9-Sony-FE.png","width":730,"height":800,"caption":"SAMYANG V-AF 75mm T1.9 Sony FE"},{"@type":"BreadcrumbList","@id":"https:\/\/mediagear.ee\/fi\/tuote\/samyang-v-af-75mm-t1-9-sony-fe\/#breadcrumb","itemListElement":[{"@type":"ListItem","position":1,"name":"Home","item":"https:\/\/mediagear.ee\/fi\/"},{"@type":"ListItem","position":2,"name":"Pro video- ja \u00e4\u00e4nilaitteiden kauppa","item":"https:\/\/mediagear.ee\/fi\/kauppa\/"},{"@type":"ListItem","position":3,"name":"OBJEKTIIVIT","item":"https:\/\/mediagear.ee\/fi\/tuote-osasto\/lenses-fi\/"},{"@type":"ListItem","position":4,"name":"Fix-objektiivit","item":"https:\/\/mediagear.ee\/fi\/tuote-osasto\/lenses-fi\/fixed-lenses-fi\/"},{"@type":"ListItem","position":5,"name":"SAMYANG V-AF 75mm T1.9 Sony FE"}]},{"@type":"WebSite","@id":"https:\/\/mediagear.ee\/fi\/#website","url":"https:\/\/mediagear.ee\/fi\/","name":"MediaGear","description":"Full-service solutions in AV equipment","publisher":{"@id":"https:\/\/mediagear.ee\/fi\/#organization"},"potentialAction":[{"@type":"SearchAction","target":{"@type":"EntryPoint","urlTemplate":"https:\/\/mediagear.ee\/fi\/?s={search_term_string}"},"query-input":{"@type":"PropertyValueSpecification","valueRequired":true,"valueName":"search_term_string"}}],"inLanguage":"fi"},{"@type":"Organization","@id":"https:\/\/mediagear.ee\/fi\/#organization","name":"Mediagear","url":"https:\/\/mediagear.ee\/fi\/","logo":{"@type":"ImageObject","inLanguage":"fi","@id":"https:\/\/mediagear.ee\/fi\/#\/schema\/logo\/image\/","url":"http:\/\/mediagear.ee\/wp-content\/uploads\/2024\/05\/MediaGear-logo-transp.png","contentUrl":"http:\/\/mediagear.ee\/wp-content\/uploads\/2024\/05\/MediaGear-logo-transp.png","width":600,"height":200,"caption":"Mediagear"},"image":{"@id":"https:\/\/mediagear.ee\/fi\/#\/schema\/logo\/image\/"},"sameAs":["https:\/\/www.facebook.com\/Mediagear.ee\/","https:\/\/www.instagram.com\/mediagear_ee\/"]}]}},"_links":{"self":[{"href":"https:\/\/mediagear.ee\/fi\/wp-json\/wp\/v2\/product\/272692","targetHints":{"allow":["GET"]}}],"collection":[{"href":"https:\/\/mediagear.ee\/fi\/wp-json\/wp\/v2\/product"}],"about":[{"href":"https:\/\/mediagear.ee\/fi\/wp-json\/wp\/v2\/types\/product"}],"wp:featuredmedia":[{"embeddable":true,"href":"https:\/\/mediagear.ee\/fi\/wp-json\/wp\/v2\/media\/272693"}],"wp:attachment":[{"href":"https:\/\/mediagear.ee\/fi\/wp-json\/wp\/v2\/media?parent=272692"}],"wp:term":[{"taxonomy":"brand","embeddable":true,"href":"https:\/\/mediagear.ee\/fi\/wp-json\/wp\/v2\/brand?post=272692"},{"taxonomy":"product_cat","embeddable":true,"href":"https:\/\/mediagear.ee\/fi\/wp-json\/wp\/v2\/product_cat?post=272692"},{"taxonomy":"product_tag","embeddable":true,"href":"https:\/\/mediagear.ee\/fi\/wp-json\/wp\/v2\/product_tag?post=272692"},{"taxonomy":"inventory","embeddable":true,"href":"https:\/\/mediagear.ee\/fi\/wp-json\/wp\/v2\/inventory?post=272692"}],"curies":[{"name":"wp","href":"https:\/\/api.w.org\/{rel}","templated":true}]}}