{"id":272758,"date":"2025-08-15T16:19:22","date_gmt":"2025-08-15T13:19:22","guid":{"rendered":"http:\/\/mediagear.ee\/product\/samyang-af-35mm-f-1-8-sony-fe\/"},"modified":"2026-01-20T22:44:35","modified_gmt":"2026-01-20T20:44:35","slug":"samyang-af-35mm-f-1-8-sony-fe","status":"publish","type":"product","link":"https:\/\/mediagear.ee\/fi\/tuote\/samyang-af-35mm-f-1-8-sony-fe\/","title":{"rendered":"SAMYANG AF 35MM F\/1.8 SONY FE"},"content":{"rendered":"<p>Sony kaameratele m\u00f5eldud uus valgusj\u00f5uline, kerge ja kompaktne fiksobjektiiv Samyang AF 35 mm F1.8 FE pakub mobiilsust ning mugavust paljudeks olukordadeks &#8211; igap\u00e4evased kaadrid, toidufotod, linnavaated, maastikud \u2013 k\u00f5ik saavad kvaliteetselt j\u00e4\u00e4dvustatud.<\/p>\n<p>Paljud fotograafid peavad 35 mm objektiivi k\u00f5ige mitmek\u00fclgsemaks. Kui te k\u00fcsiksite professionaalselt fotograafilt, millise objektiivi ta \u00fcksikule saarele kaasa v\u00f5taks, oleks selleks t\u00f5en\u00e4oliselt 35 mm.<\/p>\n<p>Sony t\u00e4iskaadri sensoriga kaameratele loodud uus objektiiv t\u00e4iendab Samyangi populaarset seeriat Tiny but Mighty (V\u00e4ike, aga v\u00f5imas) ja pakub lahtise F1.8 avaga silmapaistvat pildikvaliteeti kogu pildiv\u00e4lja ulatuses. T\u00e4nu vaiksele ning t\u00e4pselt t\u00f6\u00f6tavale j\u00e4lgivale autofookusele on selle objektiivi puhul tegemist suurep\u00e4rase valikuga lisaks fotodele ka videov\u00f5teteks.<\/p>\n<p><strong>Tugev konstruktsioon<\/strong><\/p>\n<p>Objektiivis on 10 l\u00e4\u00e4tse jagatud 8 grupiks. Kaks asf\u00e4\u00e4rilist ja kaks h\u00fcbriid-asf\u00e4\u00e4rilist l\u00e4\u00e4tse viivad eeskujuliku pildikvaliteedi tagamiseks moonutused miinimumini. 9 lamelliga diafragma loob ringikujulise bokeh-efekti ja kreemjalt h\u00e4gustatud tausta.<\/p>\n<p>Objektiiv ise kaalub ilma objektiivikorgi ja varjukita ainult 210 grammi ning selle l\u00e4bim\u00f5\u00f5t on 65 mm ja pikkus 63,5 mm. Samyang AF 35 mm F1.8 FE peab t\u00e4nu ilmastikukindlatele tihenditele vastu ka karmides v\u00f5tteolukordades.<\/p>\n<p>Objektiivi k\u00fcljel olevale l\u00fclitile saab Samyangi doki abil omistada erinevaid funktsioone.<\/p>\n<p>Kiire ja vaikne autofookus eeskujulikult toimiva j\u00e4lgimisfunktsiooniga videov\u00f5teteks<\/p>\n<p>Uue objektiivi t\u00e4iustatud teravustamismootor suudab suuremat ja raskemat teravustavat l\u00e4\u00e4tsegruppi juhtida varasemast palju vaiksemalt ja t\u00e4psemalt. Kiire ja t\u00e4pne teravustamine koos sujuvate \u00fcleminekutega ning ilma teravustamismootori tekitatava m\u00fcrata on just see, mida t\u00e4nased sisuloojad vajavad \u2013 fotod ja videod sama seadmekomplektiga ilma vahepealse \u00fcmberseadistamise vajaduseta.<\/p>\n<p><strong>Olulisimad omadused<\/strong><\/p>\n<ul>\n<li>Universaalne valgusj\u00f5uline objektiiv igap\u00e4evaste kaadrite, toidufotode, linna- ja maastikuv\u00f5tete jaoks.<\/li>\n<li>Kerge ja kompaktne foto- ja videoobjektiiv.<\/li>\n<li>Eeskujulik pildikvaliteet.<\/li>\n<li>9-lamelliga diafragma.<\/li>\n<li>Vaikne ja kiire autofookus.<\/li>\n<li>Kohandatav l\u00fcliti.<\/li>\n<li><\/li>\n<\/ul>\n","protected":false},"excerpt":{"rendered":"<p>A lens made for the decisive moment<\/p>\n","protected":false},"featured_media":272759,"template":"","meta":{"_acf_changed":false},"brand":[6048],"product_cat":[6107],"product_tag":[],"inventory":[],"class_list":{"0":"post-272758","1":"product","2":"type-product","3":"status-publish","4":"has-post-thumbnail","6":"brand-samyang-fi","7":"product_cat-fixed-lenses-fi","9":"first","10":"onbackorder","11":"taxable","12":"shipping-taxable","13":"purchasable","14":"product-type-simple"},"acf":[],"yoast_head":"<!-- This site is optimized with the Yoast SEO plugin v27.1.1 - https:\/\/yoast.com\/product\/yoast-seo-wordpress\/ -->\n<title>SAMYANG AF 35MM F\/1.8 SONY FE - MediaGear<\/title>\n<meta name=\"description\" content=\"A lens made for the decisive moment...\" \/>\n<meta name=\"robots\" content=\"index, follow, max-snippet:-1, max-image-preview:large, max-video-preview:-1\" \/>\n<link rel=\"canonical\" href=\"https:\/\/mediagear.ee\/fi\/tuote\/samyang-af-35mm-f-1-8-sony-fe\/\" \/>\n<meta property=\"og:locale\" content=\"fi_FI\" \/>\n<meta property=\"og:type\" content=\"article\" \/>\n<meta property=\"og:title\" content=\"SAMYANG AF 35MM F\/1.8 SONY FE - MediaGear\" \/>\n<meta property=\"og:description\" content=\"A lens made for the decisive moment...\" \/>\n<meta property=\"og:url\" content=\"https:\/\/mediagear.ee\/fi\/tuote\/samyang-af-35mm-f-1-8-sony-fe\/\" \/>\n<meta property=\"og:site_name\" content=\"MediaGear\" \/>\n<meta property=\"article:publisher\" content=\"https:\/\/www.facebook.com\/Mediagear.ee\/\" \/>\n<meta property=\"article:modified_time\" content=\"2026-01-20T20:44:35+00:00\" \/>\n<meta property=\"og:image\" content=\"https:\/\/mediagear.ee\/wp-content\/uploads\/2025\/08\/SAMYANG-AF-35MM-F1.8-SONY-FE.png\" \/>\n\t<meta property=\"og:image:width\" content=\"729\" \/>\n\t<meta property=\"og:image:height\" content=\"800\" \/>\n\t<meta property=\"og:image:type\" content=\"image\/png\" \/>\n<meta name=\"twitter:card\" content=\"summary_large_image\" \/>\n<meta name=\"twitter:label1\" content=\"Arvioitu lukuaika\" \/>\n\t<meta name=\"twitter:data1\" content=\"1 minuutti\" \/>\n<script type=\"application\/ld+json\" class=\"yoast-schema-graph\">{\"@context\":\"https:\/\/schema.org\",\"@graph\":[{\"@type\":\"WebPage\",\"@id\":\"https:\/\/mediagear.ee\/fi\/tuote\/samyang-af-35mm-f-1-8-sony-fe\/\",\"url\":\"https:\/\/mediagear.ee\/fi\/tuote\/samyang-af-35mm-f-1-8-sony-fe\/\",\"name\":\"SAMYANG AF 35MM F\/1.8 SONY FE - MediaGear\",\"isPartOf\":{\"@id\":\"https:\/\/mediagear.ee\/fi\/#website\"},\"primaryImageOfPage\":{\"@id\":\"https:\/\/mediagear.ee\/fi\/tuote\/samyang-af-35mm-f-1-8-sony-fe\/#primaryimage\"},\"image\":{\"@id\":\"https:\/\/mediagear.ee\/fi\/tuote\/samyang-af-35mm-f-1-8-sony-fe\/#primaryimage\"},\"thumbnailUrl\":\"https:\/\/mediagear.ee\/wp-content\/uploads\/2025\/08\/SAMYANG-AF-35MM-F1.8-SONY-FE.png\",\"datePublished\":\"2025-08-15T13:19:22+00:00\",\"dateModified\":\"2026-01-20T20:44:35+00:00\",\"description\":\"A lens made for the decisive moment...\",\"breadcrumb\":{\"@id\":\"https:\/\/mediagear.ee\/fi\/tuote\/samyang-af-35mm-f-1-8-sony-fe\/#breadcrumb\"},\"inLanguage\":\"fi\",\"potentialAction\":[{\"@type\":\"ReadAction\",\"target\":[\"https:\/\/mediagear.ee\/fi\/tuote\/samyang-af-35mm-f-1-8-sony-fe\/\"]}]},{\"@type\":\"ImageObject\",\"inLanguage\":\"fi\",\"@id\":\"https:\/\/mediagear.ee\/fi\/tuote\/samyang-af-35mm-f-1-8-sony-fe\/#primaryimage\",\"url\":\"https:\/\/mediagear.ee\/wp-content\/uploads\/2025\/08\/SAMYANG-AF-35MM-F1.8-SONY-FE.png\",\"contentUrl\":\"https:\/\/mediagear.ee\/wp-content\/uploads\/2025\/08\/SAMYANG-AF-35MM-F1.8-SONY-FE.png\",\"width\":729,\"height\":800,\"caption\":\"SAMYANG AF 35MM F\/1.8 SONY FE\"},{\"@type\":\"BreadcrumbList\",\"@id\":\"https:\/\/mediagear.ee\/fi\/tuote\/samyang-af-35mm-f-1-8-sony-fe\/#breadcrumb\",\"itemListElement\":[{\"@type\":\"ListItem\",\"position\":1,\"name\":\"Home\",\"item\":\"https:\/\/mediagear.ee\/fi\/\"},{\"@type\":\"ListItem\",\"position\":2,\"name\":\"Pro video- ja \u00e4\u00e4nilaitteiden kauppa\",\"item\":\"https:\/\/mediagear.ee\/fi\/kauppa\/\"},{\"@type\":\"ListItem\",\"position\":3,\"name\":\"OBJEKTIIVIT\",\"item\":\"https:\/\/mediagear.ee\/fi\/tuote-osasto\/lenses-fi\/\"},{\"@type\":\"ListItem\",\"position\":4,\"name\":\"Fix-objektiivit\",\"item\":\"https:\/\/mediagear.ee\/fi\/tuote-osasto\/lenses-fi\/fixed-lenses-fi\/\"},{\"@type\":\"ListItem\",\"position\":5,\"name\":\"SAMYANG AF 35MM F\/1.8 SONY FE\"}]},{\"@type\":\"WebSite\",\"@id\":\"https:\/\/mediagear.ee\/fi\/#website\",\"url\":\"https:\/\/mediagear.ee\/fi\/\",\"name\":\"MediaGear\",\"description\":\"Full-service solutions in AV equipment\",\"publisher\":{\"@id\":\"https:\/\/mediagear.ee\/fi\/#organization\"},\"potentialAction\":[{\"@type\":\"SearchAction\",\"target\":{\"@type\":\"EntryPoint\",\"urlTemplate\":\"https:\/\/mediagear.ee\/fi\/?s={search_term_string}\"},\"query-input\":{\"@type\":\"PropertyValueSpecification\",\"valueRequired\":true,\"valueName\":\"search_term_string\"}}],\"inLanguage\":\"fi\"},{\"@type\":\"Organization\",\"@id\":\"https:\/\/mediagear.ee\/fi\/#organization\",\"name\":\"Mediagear\",\"url\":\"https:\/\/mediagear.ee\/fi\/\",\"logo\":{\"@type\":\"ImageObject\",\"inLanguage\":\"fi\",\"@id\":\"https:\/\/mediagear.ee\/fi\/#\/schema\/logo\/image\/\",\"url\":\"http:\/\/mediagear.ee\/wp-content\/uploads\/2024\/05\/MediaGear-logo-transp.png\",\"contentUrl\":\"http:\/\/mediagear.ee\/wp-content\/uploads\/2024\/05\/MediaGear-logo-transp.png\",\"width\":600,\"height\":200,\"caption\":\"Mediagear\"},\"image\":{\"@id\":\"https:\/\/mediagear.ee\/fi\/#\/schema\/logo\/image\/\"},\"sameAs\":[\"https:\/\/www.facebook.com\/Mediagear.ee\/\",\"https:\/\/www.instagram.com\/mediagear_ee\/\"]}]}<\/script>\n<!-- \/ Yoast SEO plugin. -->","yoast_head_json":{"title":"SAMYANG AF 35MM F\/1.8 SONY FE - MediaGear","description":"A lens made for the decisive moment...","robots":{"index":"index","follow":"follow","max-snippet":"max-snippet:-1","max-image-preview":"max-image-preview:large","max-video-preview":"max-video-preview:-1"},"canonical":"https:\/\/mediagear.ee\/fi\/tuote\/samyang-af-35mm-f-1-8-sony-fe\/","og_locale":"fi_FI","og_type":"article","og_title":"SAMYANG AF 35MM F\/1.8 SONY FE - MediaGear","og_description":"A lens made for the decisive moment...","og_url":"https:\/\/mediagear.ee\/fi\/tuote\/samyang-af-35mm-f-1-8-sony-fe\/","og_site_name":"MediaGear","article_publisher":"https:\/\/www.facebook.com\/Mediagear.ee\/","article_modified_time":"2026-01-20T20:44:35+00:00","og_image":[{"width":729,"height":800,"url":"https:\/\/mediagear.ee\/wp-content\/uploads\/2025\/08\/SAMYANG-AF-35MM-F1.8-SONY-FE.png","type":"image\/png"}],"twitter_card":"summary_large_image","twitter_misc":{"Arvioitu lukuaika":"1 minuutti"},"schema":{"@context":"https:\/\/schema.org","@graph":[{"@type":"WebPage","@id":"https:\/\/mediagear.ee\/fi\/tuote\/samyang-af-35mm-f-1-8-sony-fe\/","url":"https:\/\/mediagear.ee\/fi\/tuote\/samyang-af-35mm-f-1-8-sony-fe\/","name":"SAMYANG AF 35MM F\/1.8 SONY FE - MediaGear","isPartOf":{"@id":"https:\/\/mediagear.ee\/fi\/#website"},"primaryImageOfPage":{"@id":"https:\/\/mediagear.ee\/fi\/tuote\/samyang-af-35mm-f-1-8-sony-fe\/#primaryimage"},"image":{"@id":"https:\/\/mediagear.ee\/fi\/tuote\/samyang-af-35mm-f-1-8-sony-fe\/#primaryimage"},"thumbnailUrl":"https:\/\/mediagear.ee\/wp-content\/uploads\/2025\/08\/SAMYANG-AF-35MM-F1.8-SONY-FE.png","datePublished":"2025-08-15T13:19:22+00:00","dateModified":"2026-01-20T20:44:35+00:00","description":"A lens made for the decisive moment...","breadcrumb":{"@id":"https:\/\/mediagear.ee\/fi\/tuote\/samyang-af-35mm-f-1-8-sony-fe\/#breadcrumb"},"inLanguage":"fi","potentialAction":[{"@type":"ReadAction","target":["https:\/\/mediagear.ee\/fi\/tuote\/samyang-af-35mm-f-1-8-sony-fe\/"]}]},{"@type":"ImageObject","inLanguage":"fi","@id":"https:\/\/mediagear.ee\/fi\/tuote\/samyang-af-35mm-f-1-8-sony-fe\/#primaryimage","url":"https:\/\/mediagear.ee\/wp-content\/uploads\/2025\/08\/SAMYANG-AF-35MM-F1.8-SONY-FE.png","contentUrl":"https:\/\/mediagear.ee\/wp-content\/uploads\/2025\/08\/SAMYANG-AF-35MM-F1.8-SONY-FE.png","width":729,"height":800,"caption":"SAMYANG AF 35MM F\/1.8 SONY FE"},{"@type":"BreadcrumbList","@id":"https:\/\/mediagear.ee\/fi\/tuote\/samyang-af-35mm-f-1-8-sony-fe\/#breadcrumb","itemListElement":[{"@type":"ListItem","position":1,"name":"Home","item":"https:\/\/mediagear.ee\/fi\/"},{"@type":"ListItem","position":2,"name":"Pro video- ja \u00e4\u00e4nilaitteiden kauppa","item":"https:\/\/mediagear.ee\/fi\/kauppa\/"},{"@type":"ListItem","position":3,"name":"OBJEKTIIVIT","item":"https:\/\/mediagear.ee\/fi\/tuote-osasto\/lenses-fi\/"},{"@type":"ListItem","position":4,"name":"Fix-objektiivit","item":"https:\/\/mediagear.ee\/fi\/tuote-osasto\/lenses-fi\/fixed-lenses-fi\/"},{"@type":"ListItem","position":5,"name":"SAMYANG AF 35MM F\/1.8 SONY FE"}]},{"@type":"WebSite","@id":"https:\/\/mediagear.ee\/fi\/#website","url":"https:\/\/mediagear.ee\/fi\/","name":"MediaGear","description":"Full-service solutions in AV equipment","publisher":{"@id":"https:\/\/mediagear.ee\/fi\/#organization"},"potentialAction":[{"@type":"SearchAction","target":{"@type":"EntryPoint","urlTemplate":"https:\/\/mediagear.ee\/fi\/?s={search_term_string}"},"query-input":{"@type":"PropertyValueSpecification","valueRequired":true,"valueName":"search_term_string"}}],"inLanguage":"fi"},{"@type":"Organization","@id":"https:\/\/mediagear.ee\/fi\/#organization","name":"Mediagear","url":"https:\/\/mediagear.ee\/fi\/","logo":{"@type":"ImageObject","inLanguage":"fi","@id":"https:\/\/mediagear.ee\/fi\/#\/schema\/logo\/image\/","url":"http:\/\/mediagear.ee\/wp-content\/uploads\/2024\/05\/MediaGear-logo-transp.png","contentUrl":"http:\/\/mediagear.ee\/wp-content\/uploads\/2024\/05\/MediaGear-logo-transp.png","width":600,"height":200,"caption":"Mediagear"},"image":{"@id":"https:\/\/mediagear.ee\/fi\/#\/schema\/logo\/image\/"},"sameAs":["https:\/\/www.facebook.com\/Mediagear.ee\/","https:\/\/www.instagram.com\/mediagear_ee\/"]}]}},"_links":{"self":[{"href":"https:\/\/mediagear.ee\/fi\/wp-json\/wp\/v2\/product\/272758","targetHints":{"allow":["GET"]}}],"collection":[{"href":"https:\/\/mediagear.ee\/fi\/wp-json\/wp\/v2\/product"}],"about":[{"href":"https:\/\/mediagear.ee\/fi\/wp-json\/wp\/v2\/types\/product"}],"wp:featuredmedia":[{"embeddable":true,"href":"https:\/\/mediagear.ee\/fi\/wp-json\/wp\/v2\/media\/272759"}],"wp:attachment":[{"href":"https:\/\/mediagear.ee\/fi\/wp-json\/wp\/v2\/media?parent=272758"}],"wp:term":[{"taxonomy":"brand","embeddable":true,"href":"https:\/\/mediagear.ee\/fi\/wp-json\/wp\/v2\/brand?post=272758"},{"taxonomy":"product_cat","embeddable":true,"href":"https:\/\/mediagear.ee\/fi\/wp-json\/wp\/v2\/product_cat?post=272758"},{"taxonomy":"product_tag","embeddable":true,"href":"https:\/\/mediagear.ee\/fi\/wp-json\/wp\/v2\/product_tag?post=272758"},{"taxonomy":"inventory","embeddable":true,"href":"https:\/\/mediagear.ee\/fi\/wp-json\/wp\/v2\/inventory?post=272758"}],"curies":[{"name":"wp","href":"https:\/\/api.w.org\/{rel}","templated":true}]}}