{"id":272947,"date":"2025-08-13T15:46:40","date_gmt":"2025-08-13T12:46:40","guid":{"rendered":"http:\/\/mediagear.ee\/product\/smallrig-4148-rotatable-horizontal-to-vertical-mount-plate-kit-for-sony-a7-iv-a7-riv-v-a7-siii\/"},"modified":"2025-12-02T15:32:10","modified_gmt":"2025-12-02T13:32:10","slug":"smallrig-4148-rotatable-horizontal-to-vertical-mount-plate-kit-for-sony-a7-iv-a7-riv-v-a7-siii","status":"publish","type":"product","link":"https:\/\/mediagear.ee\/fi\/tuote\/smallrig-4148-rotatable-horizontal-to-vertical-mount-plate-kit-for-sony-a7-iv-a7-riv-v-a7-siii\/","title":{"rendered":"SMALLRIG 4148 Rotatable Horizontal-to-Vertical Mount Plate Kit for Sony A7 IV, A7 RIV\/V, A7 SIII"},"content":{"rendered":"<p><strong>SmallRig 4148 p\u00f6\u00f6ratav horisontaalselt vertikaalseks paigaldusplaadi komplekt Sony A7 IV, A7 RIV\/V, A7 SIII jaoks<\/strong><\/p>\n<p>See lukustub kaamera p\u00f5hja k\u00fclge 1\/4&#8243;-20 kruvi ja v\u00e4\u00e4ndumisvastase tihvti abil ning s\u00e4ilitab t\u00e4ieliku juurdep\u00e4\u00e4su LCD-klahviekraanile ja porte.<br \/>\nSellel on sisseehitatud padjad, mis hoiavad \u00e4ra kriimustused ja v\u00e4\u00e4ndumise.<\/p>\n<p>\u00dchildub Arca-type \/ Manfrotto RC2 statiiviga.<\/p>\n<p>Kinnitusplaat saab nupu avamise teel 90 kraadi p\u00f6\u00f6rata, et vahetada horisontaalse ja vertikaalse pildistamise vahel.<\/p>\n<p>Selle alumised 1\/4&#8243;-20 ja 3\/8&#8243;-16 keermestatud augud toetavad ka SmallRig Handle <strong>2093<\/strong>, et suurendada stabiilsust k\u00e4eshoitud re\u017eiimis.<\/p>\n<p>Alusplaati saab kasutada eraldi, et rahuldada teie erinevaid vajadusi.<\/p>\n<p>Akuklapi juures on liigendvarras, mis sobib ideaalselt kaamera korpusele, et tagada parem haardekogemus.<\/p>\n<p>Kaasas on ka rihmapesa, 1\/4&#8243;-20 keermega ava randmerihma jaoks, kiirlahendusplaat ja magnetiline kahepealine mutriv\u00f5ti lihtsaks paigaldamiseks ja vabastamiseks.<\/p>\n<p>**Sobivus: **<br \/>\nSony Alpha 7R V<br \/>\nSony Alpha 7R IV<br \/>\nSony Alpha 7 IV<br \/>\nSony Alpha 7S III<\/p>\n<p>Pakett sisaldab:<br \/>\n1 x alusplaat<br \/>\n1 x Objektiivir\u00f5nga kinnitusplaat vertikaalseks ja horisontaalseks paigaldamiseks<br \/>\n1 x kuuskantv\u00f5ti<\/p>\n","protected":false},"excerpt":{"rendered":"<p>Quickly switches between horizontal and vertical modes without adjusting the lens optical axis. Modular design and gives full access to buttons and ports (LCD flip screen, battery door, card slot). Supports camera with or without a cage and supports Arca-Swiss \/ Manfrotto RC2 QR-mounts<\/p>\n","protected":false},"featured_media":272948,"template":"","meta":{"_acf_changed":false},"brand":[6055],"product_cat":[6134],"product_tag":[],"inventory":[],"class_list":{"0":"post-272947","1":"product","2":"type-product","3":"status-publish","4":"has-post-thumbnail","6":"brand-smallrig-fi","7":"product_cat-tripods-fi","9":"first","10":"onbackorder","11":"taxable","12":"shipping-taxable","13":"purchasable","14":"product-type-simple"},"acf":[],"yoast_head":"<!-- This site is optimized with the Yoast SEO plugin v27.1.1 - https:\/\/yoast.com\/product\/yoast-seo-wordpress\/ -->\n<title>SMALLRIG 4148 Rotatable Horizontal-to-Vertical Mount Plate Kit for Sony A7 IV, A7 RIV\/V, A7 SIII - MediaGear<\/title>\n<meta name=\"description\" content=\"Quickly switches between horizontal and vertical modes without adjusting the lens optical axis. Modular design and gives full access to buttons and...\" \/>\n<meta name=\"robots\" content=\"index, follow, max-snippet:-1, max-image-preview:large, max-video-preview:-1\" \/>\n<link rel=\"canonical\" href=\"https:\/\/mediagear.ee\/fi\/tuote\/smallrig-4148-rotatable-horizontal-to-vertical-mount-plate-kit-for-sony-a7-iv-a7-riv-v-a7-siii\/\" \/>\n<meta property=\"og:locale\" content=\"fi_FI\" \/>\n<meta property=\"og:type\" content=\"article\" \/>\n<meta property=\"og:title\" content=\"SMALLRIG 4148 Rotatable Horizontal-to-Vertical Mount Plate Kit for Sony A7 IV, A7 RIV\/V, A7 SIII - MediaGear\" \/>\n<meta property=\"og:description\" content=\"Quickly switches between horizontal and vertical modes without adjusting the lens optical axis. Modular design and gives full access to buttons and...\" \/>\n<meta property=\"og:url\" content=\"https:\/\/mediagear.ee\/fi\/tuote\/smallrig-4148-rotatable-horizontal-to-vertical-mount-plate-kit-for-sony-a7-iv-a7-riv-v-a7-siii\/\" \/>\n<meta property=\"og:site_name\" content=\"MediaGear\" \/>\n<meta property=\"article:publisher\" content=\"https:\/\/www.facebook.com\/Mediagear.ee\/\" \/>\n<meta property=\"article:modified_time\" content=\"2025-12-02T13:32:10+00:00\" \/>\n<meta property=\"og:image\" content=\"https:\/\/mediagear.ee\/wp-content\/uploads\/2025\/08\/SMALLRIG-4148-Rotatable-Horizontal-to-Vertical-Mount-Plate-Kit-for-Sony-A7-IV-A7-RIVV-A7-SIII.png\" \/>\n\t<meta property=\"og:image:width\" content=\"745\" \/>\n\t<meta property=\"og:image:height\" content=\"800\" \/>\n\t<meta property=\"og:image:type\" content=\"image\/png\" \/>\n<meta name=\"twitter:card\" content=\"summary_large_image\" \/>\n<meta name=\"twitter:label1\" content=\"Arvioitu lukuaika\" \/>\n\t<meta name=\"twitter:data1\" content=\"1 minuutti\" \/>\n<script type=\"application\/ld+json\" class=\"yoast-schema-graph\">{\"@context\":\"https:\/\/schema.org\",\"@graph\":[{\"@type\":\"WebPage\",\"@id\":\"https:\/\/mediagear.ee\/fi\/tuote\/smallrig-4148-rotatable-horizontal-to-vertical-mount-plate-kit-for-sony-a7-iv-a7-riv-v-a7-siii\/\",\"url\":\"https:\/\/mediagear.ee\/fi\/tuote\/smallrig-4148-rotatable-horizontal-to-vertical-mount-plate-kit-for-sony-a7-iv-a7-riv-v-a7-siii\/\",\"name\":\"SMALLRIG 4148 Rotatable Horizontal-to-Vertical Mount Plate Kit for Sony A7 IV, A7 RIV\/V, A7 SIII - MediaGear\",\"isPartOf\":{\"@id\":\"https:\/\/mediagear.ee\/fi\/#website\"},\"primaryImageOfPage\":{\"@id\":\"https:\/\/mediagear.ee\/fi\/tuote\/smallrig-4148-rotatable-horizontal-to-vertical-mount-plate-kit-for-sony-a7-iv-a7-riv-v-a7-siii\/#primaryimage\"},\"image\":{\"@id\":\"https:\/\/mediagear.ee\/fi\/tuote\/smallrig-4148-rotatable-horizontal-to-vertical-mount-plate-kit-for-sony-a7-iv-a7-riv-v-a7-siii\/#primaryimage\"},\"thumbnailUrl\":\"https:\/\/mediagear.ee\/wp-content\/uploads\/2025\/08\/SMALLRIG-4148-Rotatable-Horizontal-to-Vertical-Mount-Plate-Kit-for-Sony-A7-IV-A7-RIVV-A7-SIII.png\",\"datePublished\":\"2025-08-13T12:46:40+00:00\",\"dateModified\":\"2025-12-02T13:32:10+00:00\",\"description\":\"Quickly switches between horizontal and vertical modes without adjusting the lens optical axis. Modular design and gives full access to buttons and...\",\"breadcrumb\":{\"@id\":\"https:\/\/mediagear.ee\/fi\/tuote\/smallrig-4148-rotatable-horizontal-to-vertical-mount-plate-kit-for-sony-a7-iv-a7-riv-v-a7-siii\/#breadcrumb\"},\"inLanguage\":\"fi\",\"potentialAction\":[{\"@type\":\"ReadAction\",\"target\":[\"https:\/\/mediagear.ee\/fi\/tuote\/smallrig-4148-rotatable-horizontal-to-vertical-mount-plate-kit-for-sony-a7-iv-a7-riv-v-a7-siii\/\"]}]},{\"@type\":\"ImageObject\",\"inLanguage\":\"fi\",\"@id\":\"https:\/\/mediagear.ee\/fi\/tuote\/smallrig-4148-rotatable-horizontal-to-vertical-mount-plate-kit-for-sony-a7-iv-a7-riv-v-a7-siii\/#primaryimage\",\"url\":\"https:\/\/mediagear.ee\/wp-content\/uploads\/2025\/08\/SMALLRIG-4148-Rotatable-Horizontal-to-Vertical-Mount-Plate-Kit-for-Sony-A7-IV-A7-RIVV-A7-SIII.png\",\"contentUrl\":\"https:\/\/mediagear.ee\/wp-content\/uploads\/2025\/08\/SMALLRIG-4148-Rotatable-Horizontal-to-Vertical-Mount-Plate-Kit-for-Sony-A7-IV-A7-RIVV-A7-SIII.png\",\"width\":745,\"height\":800,\"caption\":\"SMALLRIG 4148 Rotatable Horizontal-to-Vertical Mount Plate Kit for Sony A7 IV, A7 RIV\/V, A7 SIII\"},{\"@type\":\"BreadcrumbList\",\"@id\":\"https:\/\/mediagear.ee\/fi\/tuote\/smallrig-4148-rotatable-horizontal-to-vertical-mount-plate-kit-for-sony-a7-iv-a7-riv-v-a7-siii\/#breadcrumb\",\"itemListElement\":[{\"@type\":\"ListItem\",\"position\":1,\"name\":\"Home\",\"item\":\"https:\/\/mediagear.ee\/fi\/\"},{\"@type\":\"ListItem\",\"position\":2,\"name\":\"Pro video- ja \u00e4\u00e4nilaitteiden kauppa\",\"item\":\"https:\/\/mediagear.ee\/fi\/kauppa\/\"},{\"@type\":\"ListItem\",\"position\":3,\"name\":\"RIGGING &amp; GRIP\",\"item\":\"https:\/\/mediagear.ee\/fi\/tuote-osasto\/rigging-grip-fi\/\"},{\"@type\":\"ListItem\",\"position\":4,\"name\":\"Jalustat\",\"item\":\"https:\/\/mediagear.ee\/fi\/tuote-osasto\/rigging-grip-fi\/tripods-fi\/\"},{\"@type\":\"ListItem\",\"position\":5,\"name\":\"SMALLRIG 4148 Rotatable Horizontal-to-Vertical Mount Plate Kit for Sony A7 IV, A7 RIV\/V, A7 SIII\"}]},{\"@type\":\"WebSite\",\"@id\":\"https:\/\/mediagear.ee\/fi\/#website\",\"url\":\"https:\/\/mediagear.ee\/fi\/\",\"name\":\"MediaGear\",\"description\":\"Full-service solutions in AV equipment\",\"publisher\":{\"@id\":\"https:\/\/mediagear.ee\/fi\/#organization\"},\"potentialAction\":[{\"@type\":\"SearchAction\",\"target\":{\"@type\":\"EntryPoint\",\"urlTemplate\":\"https:\/\/mediagear.ee\/fi\/?s={search_term_string}\"},\"query-input\":{\"@type\":\"PropertyValueSpecification\",\"valueRequired\":true,\"valueName\":\"search_term_string\"}}],\"inLanguage\":\"fi\"},{\"@type\":\"Organization\",\"@id\":\"https:\/\/mediagear.ee\/fi\/#organization\",\"name\":\"Mediagear\",\"url\":\"https:\/\/mediagear.ee\/fi\/\",\"logo\":{\"@type\":\"ImageObject\",\"inLanguage\":\"fi\",\"@id\":\"https:\/\/mediagear.ee\/fi\/#\/schema\/logo\/image\/\",\"url\":\"http:\/\/mediagear.ee\/wp-content\/uploads\/2024\/05\/MediaGear-logo-transp.png\",\"contentUrl\":\"http:\/\/mediagear.ee\/wp-content\/uploads\/2024\/05\/MediaGear-logo-transp.png\",\"width\":600,\"height\":200,\"caption\":\"Mediagear\"},\"image\":{\"@id\":\"https:\/\/mediagear.ee\/fi\/#\/schema\/logo\/image\/\"},\"sameAs\":[\"https:\/\/www.facebook.com\/Mediagear.ee\/\",\"https:\/\/www.instagram.com\/mediagear_ee\/\"]}]}<\/script>\n<!-- \/ Yoast SEO plugin. -->","yoast_head_json":{"title":"SMALLRIG 4148 Rotatable Horizontal-to-Vertical Mount Plate Kit for Sony A7 IV, A7 RIV\/V, A7 SIII - MediaGear","description":"Quickly switches between horizontal and vertical modes without adjusting the lens optical axis. Modular design and gives full access to buttons and...","robots":{"index":"index","follow":"follow","max-snippet":"max-snippet:-1","max-image-preview":"max-image-preview:large","max-video-preview":"max-video-preview:-1"},"canonical":"https:\/\/mediagear.ee\/fi\/tuote\/smallrig-4148-rotatable-horizontal-to-vertical-mount-plate-kit-for-sony-a7-iv-a7-riv-v-a7-siii\/","og_locale":"fi_FI","og_type":"article","og_title":"SMALLRIG 4148 Rotatable Horizontal-to-Vertical Mount Plate Kit for Sony A7 IV, A7 RIV\/V, A7 SIII - MediaGear","og_description":"Quickly switches between horizontal and vertical modes without adjusting the lens optical axis. Modular design and gives full access to buttons and...","og_url":"https:\/\/mediagear.ee\/fi\/tuote\/smallrig-4148-rotatable-horizontal-to-vertical-mount-plate-kit-for-sony-a7-iv-a7-riv-v-a7-siii\/","og_site_name":"MediaGear","article_publisher":"https:\/\/www.facebook.com\/Mediagear.ee\/","article_modified_time":"2025-12-02T13:32:10+00:00","og_image":[{"width":745,"height":800,"url":"https:\/\/mediagear.ee\/wp-content\/uploads\/2025\/08\/SMALLRIG-4148-Rotatable-Horizontal-to-Vertical-Mount-Plate-Kit-for-Sony-A7-IV-A7-RIVV-A7-SIII.png","type":"image\/png"}],"twitter_card":"summary_large_image","twitter_misc":{"Arvioitu lukuaika":"1 minuutti"},"schema":{"@context":"https:\/\/schema.org","@graph":[{"@type":"WebPage","@id":"https:\/\/mediagear.ee\/fi\/tuote\/smallrig-4148-rotatable-horizontal-to-vertical-mount-plate-kit-for-sony-a7-iv-a7-riv-v-a7-siii\/","url":"https:\/\/mediagear.ee\/fi\/tuote\/smallrig-4148-rotatable-horizontal-to-vertical-mount-plate-kit-for-sony-a7-iv-a7-riv-v-a7-siii\/","name":"SMALLRIG 4148 Rotatable Horizontal-to-Vertical Mount Plate Kit for Sony A7 IV, A7 RIV\/V, A7 SIII - MediaGear","isPartOf":{"@id":"https:\/\/mediagear.ee\/fi\/#website"},"primaryImageOfPage":{"@id":"https:\/\/mediagear.ee\/fi\/tuote\/smallrig-4148-rotatable-horizontal-to-vertical-mount-plate-kit-for-sony-a7-iv-a7-riv-v-a7-siii\/#primaryimage"},"image":{"@id":"https:\/\/mediagear.ee\/fi\/tuote\/smallrig-4148-rotatable-horizontal-to-vertical-mount-plate-kit-for-sony-a7-iv-a7-riv-v-a7-siii\/#primaryimage"},"thumbnailUrl":"https:\/\/mediagear.ee\/wp-content\/uploads\/2025\/08\/SMALLRIG-4148-Rotatable-Horizontal-to-Vertical-Mount-Plate-Kit-for-Sony-A7-IV-A7-RIVV-A7-SIII.png","datePublished":"2025-08-13T12:46:40+00:00","dateModified":"2025-12-02T13:32:10+00:00","description":"Quickly switches between horizontal and vertical modes without adjusting the lens optical axis. Modular design and gives full access to buttons and...","breadcrumb":{"@id":"https:\/\/mediagear.ee\/fi\/tuote\/smallrig-4148-rotatable-horizontal-to-vertical-mount-plate-kit-for-sony-a7-iv-a7-riv-v-a7-siii\/#breadcrumb"},"inLanguage":"fi","potentialAction":[{"@type":"ReadAction","target":["https:\/\/mediagear.ee\/fi\/tuote\/smallrig-4148-rotatable-horizontal-to-vertical-mount-plate-kit-for-sony-a7-iv-a7-riv-v-a7-siii\/"]}]},{"@type":"ImageObject","inLanguage":"fi","@id":"https:\/\/mediagear.ee\/fi\/tuote\/smallrig-4148-rotatable-horizontal-to-vertical-mount-plate-kit-for-sony-a7-iv-a7-riv-v-a7-siii\/#primaryimage","url":"https:\/\/mediagear.ee\/wp-content\/uploads\/2025\/08\/SMALLRIG-4148-Rotatable-Horizontal-to-Vertical-Mount-Plate-Kit-for-Sony-A7-IV-A7-RIVV-A7-SIII.png","contentUrl":"https:\/\/mediagear.ee\/wp-content\/uploads\/2025\/08\/SMALLRIG-4148-Rotatable-Horizontal-to-Vertical-Mount-Plate-Kit-for-Sony-A7-IV-A7-RIVV-A7-SIII.png","width":745,"height":800,"caption":"SMALLRIG 4148 Rotatable Horizontal-to-Vertical Mount Plate Kit for Sony A7 IV, A7 RIV\/V, A7 SIII"},{"@type":"BreadcrumbList","@id":"https:\/\/mediagear.ee\/fi\/tuote\/smallrig-4148-rotatable-horizontal-to-vertical-mount-plate-kit-for-sony-a7-iv-a7-riv-v-a7-siii\/#breadcrumb","itemListElement":[{"@type":"ListItem","position":1,"name":"Home","item":"https:\/\/mediagear.ee\/fi\/"},{"@type":"ListItem","position":2,"name":"Pro video- ja \u00e4\u00e4nilaitteiden kauppa","item":"https:\/\/mediagear.ee\/fi\/kauppa\/"},{"@type":"ListItem","position":3,"name":"RIGGING &amp; GRIP","item":"https:\/\/mediagear.ee\/fi\/tuote-osasto\/rigging-grip-fi\/"},{"@type":"ListItem","position":4,"name":"Jalustat","item":"https:\/\/mediagear.ee\/fi\/tuote-osasto\/rigging-grip-fi\/tripods-fi\/"},{"@type":"ListItem","position":5,"name":"SMALLRIG 4148 Rotatable Horizontal-to-Vertical Mount Plate Kit for Sony A7 IV, A7 RIV\/V, A7 SIII"}]},{"@type":"WebSite","@id":"https:\/\/mediagear.ee\/fi\/#website","url":"https:\/\/mediagear.ee\/fi\/","name":"MediaGear","description":"Full-service solutions in AV equipment","publisher":{"@id":"https:\/\/mediagear.ee\/fi\/#organization"},"potentialAction":[{"@type":"SearchAction","target":{"@type":"EntryPoint","urlTemplate":"https:\/\/mediagear.ee\/fi\/?s={search_term_string}"},"query-input":{"@type":"PropertyValueSpecification","valueRequired":true,"valueName":"search_term_string"}}],"inLanguage":"fi"},{"@type":"Organization","@id":"https:\/\/mediagear.ee\/fi\/#organization","name":"Mediagear","url":"https:\/\/mediagear.ee\/fi\/","logo":{"@type":"ImageObject","inLanguage":"fi","@id":"https:\/\/mediagear.ee\/fi\/#\/schema\/logo\/image\/","url":"http:\/\/mediagear.ee\/wp-content\/uploads\/2024\/05\/MediaGear-logo-transp.png","contentUrl":"http:\/\/mediagear.ee\/wp-content\/uploads\/2024\/05\/MediaGear-logo-transp.png","width":600,"height":200,"caption":"Mediagear"},"image":{"@id":"https:\/\/mediagear.ee\/fi\/#\/schema\/logo\/image\/"},"sameAs":["https:\/\/www.facebook.com\/Mediagear.ee\/","https:\/\/www.instagram.com\/mediagear_ee\/"]}]}},"_links":{"self":[{"href":"https:\/\/mediagear.ee\/fi\/wp-json\/wp\/v2\/product\/272947","targetHints":{"allow":["GET"]}}],"collection":[{"href":"https:\/\/mediagear.ee\/fi\/wp-json\/wp\/v2\/product"}],"about":[{"href":"https:\/\/mediagear.ee\/fi\/wp-json\/wp\/v2\/types\/product"}],"wp:featuredmedia":[{"embeddable":true,"href":"https:\/\/mediagear.ee\/fi\/wp-json\/wp\/v2\/media\/272948"}],"wp:attachment":[{"href":"https:\/\/mediagear.ee\/fi\/wp-json\/wp\/v2\/media?parent=272947"}],"wp:term":[{"taxonomy":"brand","embeddable":true,"href":"https:\/\/mediagear.ee\/fi\/wp-json\/wp\/v2\/brand?post=272947"},{"taxonomy":"product_cat","embeddable":true,"href":"https:\/\/mediagear.ee\/fi\/wp-json\/wp\/v2\/product_cat?post=272947"},{"taxonomy":"product_tag","embeddable":true,"href":"https:\/\/mediagear.ee\/fi\/wp-json\/wp\/v2\/product_tag?post=272947"},{"taxonomy":"inventory","embeddable":true,"href":"https:\/\/mediagear.ee\/fi\/wp-json\/wp\/v2\/inventory?post=272947"}],"curies":[{"name":"wp","href":"https:\/\/api.w.org\/{rel}","templated":true}]}}