{"id":274871,"date":"2025-06-11T15:40:28","date_gmt":"2025-06-11T13:40:28","guid":{"rendered":"http:\/\/mediagear.ee\/product\/avmatrix-shark-s8x-plus-portable-video-switcher\/"},"modified":"2026-04-19T06:01:30","modified_gmt":"2026-04-19T03:01:30","slug":"avmatrix-shark-s8x-plus-portable-video-switcher","status":"publish","type":"product","link":"https:\/\/mediagear.ee\/fi\/tuote\/avmatrix-shark-s8x-plus-portable-video-switcher\/","title":{"rendered":"AVMATRIX Shark S8X PLUS Portable Video Switcher"},"content":{"rendered":"","protected":false},"excerpt":{"rendered":"<p><strong>Features:<\/strong><\/p>\n<ul>\n<li>17.3-inch FHD IPS display<\/li>\n<li>Inputs: 8\u00d73G-SDI and 2\u00d74K HDMI, 1\u00d7BNC REF, 1\u00d7AUX (internal interface)<\/li>\n<li>Multi-view source routing function, supporting the definition of any input signal to any specified view<\/li>\n<li>AUX input: Video playback\/UVC CAM\/network pull stream\/NDI<\/li>\n<li>Outputs: 2\u00d7HDMI(A\/B) PGM (configurable), 4\u00d7SDI(A\/B) PGM (configurable), 1\u00d7HDMI MV (source configurable), 1\u00d7REF output<\/li>\n<li>Streaming: RTMP(S)\/SRT\/RTSP\/NDI(Optional)<\/li>\n<li>Recording and playback: USB flash drive\/SD card\/2.5-inch SATA<\/li>\n<li>USBC port for UVC lossless capture<\/li>\n<li>Chroma key, luma key, custom position and size PIP\u00d73, POP, DSK, LOGO overlay<\/li>\n<li>Transition: T-bar\/Auto\/Cut<\/li>\n<li>Professional XLR audio input and output, supporting 48V phantom power<\/li>\n<li>Mixer: 8\u00d7input video embedded audio &amp; 2\u00d7XLR\/TRS balanced &amp; 3.5mm stereo input; 3.5mm stereo &amp; XLR balanced output<\/li>\n<li>8-channel PTZ control, supporting PTZ speed setting, preset position setting and calling, automatic\/manual white balance, automatic\/manual color and automatic\/manual focus control<\/li>\n<li>Macro script function, supporting macro recording, playback and user editing of macro scripts<\/li>\n<li>Tally GPIO port<\/li>\n<\/ul>\n","protected":false},"featured_media":274872,"template":"","meta":{"_acf_changed":false},"brand":[5974],"product_cat":[6137],"product_tag":[],"inventory":[],"class_list":{"0":"post-274871","1":"product","2":"type-product","3":"status-publish","4":"has-post-thumbnail","6":"brand-avmatrix-fi","7":"product_cat-video-mixers-fi","8":"pa_version-with-ndi-fi","9":"pa_version-without-ndi-fi","11":"first","12":"onbackorder","13":"taxable","14":"shipping-taxable","15":"purchasable","16":"product-type-variable"},"acf":[],"yoast_head":"<!-- This site is optimized with the Yoast SEO plugin v27.1.1 - https:\/\/yoast.com\/product\/yoast-seo-wordpress\/ -->\n<title>AVMATRIX Shark S8X PLUS Portable Video Switcher - MediaGear<\/title>\n<meta name=\"description\" content=\"Features: 17.3-inch FHD IPS display Inputs: 8\u00d73G-SDI and 2\u00d74K HDMI, 1\u00d7BNC REF, 1\u00d7AUX (internal interface) Multi-view source routing func...\" \/>\n<meta name=\"robots\" content=\"index, follow, max-snippet:-1, max-image-preview:large, max-video-preview:-1\" \/>\n<link rel=\"canonical\" href=\"https:\/\/mediagear.ee\/fi\/tuote\/avmatrix-shark-s8x-plus-portable-video-switcher\/\" \/>\n<meta property=\"og:locale\" content=\"fi_FI\" \/>\n<meta property=\"og:type\" content=\"article\" \/>\n<meta property=\"og:title\" content=\"AVMATRIX Shark S8X PLUS Portable Video Switcher - MediaGear\" \/>\n<meta property=\"og:description\" content=\"Features: 17.3-inch FHD IPS display Inputs: 8\u00d73G-SDI and 2\u00d74K HDMI, 1\u00d7BNC REF, 1\u00d7AUX (internal interface) Multi-view source routing func...\" \/>\n<meta property=\"og:url\" content=\"https:\/\/mediagear.ee\/fi\/tuote\/avmatrix-shark-s8x-plus-portable-video-switcher\/\" \/>\n<meta property=\"og:site_name\" content=\"MediaGear\" \/>\n<meta property=\"article:publisher\" content=\"https:\/\/www.facebook.com\/Mediagear.ee\/\" \/>\n<meta property=\"article:modified_time\" content=\"2026-04-19T03:01:30+00:00\" \/>\n<meta property=\"og:image\" content=\"https:\/\/mediagear.ee\/wp-content\/uploads\/2025\/06\/AVMATRIX_Shark_S8X_PLUS_Portable_Video_Switcher.webp\" \/>\n\t<meta property=\"og:image:width\" content=\"1000\" \/>\n\t<meta property=\"og:image:height\" content=\"1000\" \/>\n\t<meta property=\"og:image:type\" content=\"image\/webp\" \/>\n<meta name=\"twitter:card\" content=\"summary_large_image\" \/>\n<script type=\"application\/ld+json\" class=\"yoast-schema-graph\">{\"@context\":\"https:\/\/schema.org\",\"@graph\":[{\"@type\":\"WebPage\",\"@id\":\"https:\/\/mediagear.ee\/fi\/tuote\/avmatrix-shark-s8x-plus-portable-video-switcher\/\",\"url\":\"https:\/\/mediagear.ee\/fi\/tuote\/avmatrix-shark-s8x-plus-portable-video-switcher\/\",\"name\":\"AVMATRIX Shark S8X PLUS Portable Video Switcher - MediaGear\",\"isPartOf\":{\"@id\":\"https:\/\/mediagear.ee\/fi\/#website\"},\"primaryImageOfPage\":{\"@id\":\"https:\/\/mediagear.ee\/fi\/tuote\/avmatrix-shark-s8x-plus-portable-video-switcher\/#primaryimage\"},\"image\":{\"@id\":\"https:\/\/mediagear.ee\/fi\/tuote\/avmatrix-shark-s8x-plus-portable-video-switcher\/#primaryimage\"},\"thumbnailUrl\":\"https:\/\/mediagear.ee\/wp-content\/uploads\/2025\/06\/AVMATRIX_Shark_S8X_PLUS_Portable_Video_Switcher.webp\",\"datePublished\":\"2025-06-11T13:40:28+00:00\",\"dateModified\":\"2026-04-19T03:01:30+00:00\",\"description\":\"Features: 17.3-inch FHD IPS display Inputs: 8\u00d73G-SDI and 2\u00d74K HDMI, 1\u00d7BNC REF, 1\u00d7AUX (internal interface) Multi-view source routing func...\",\"breadcrumb\":{\"@id\":\"https:\/\/mediagear.ee\/fi\/tuote\/avmatrix-shark-s8x-plus-portable-video-switcher\/#breadcrumb\"},\"inLanguage\":\"fi\",\"potentialAction\":[{\"@type\":\"ReadAction\",\"target\":[\"https:\/\/mediagear.ee\/fi\/tuote\/avmatrix-shark-s8x-plus-portable-video-switcher\/\"]}]},{\"@type\":\"ImageObject\",\"inLanguage\":\"fi\",\"@id\":\"https:\/\/mediagear.ee\/fi\/tuote\/avmatrix-shark-s8x-plus-portable-video-switcher\/#primaryimage\",\"url\":\"https:\/\/mediagear.ee\/wp-content\/uploads\/2025\/06\/AVMATRIX_Shark_S8X_PLUS_Portable_Video_Switcher.webp\",\"contentUrl\":\"https:\/\/mediagear.ee\/wp-content\/uploads\/2025\/06\/AVMATRIX_Shark_S8X_PLUS_Portable_Video_Switcher.webp\",\"width\":1000,\"height\":1000,\"caption\":\"AVMATRIX Shark S8X PLUS Portable Video Switcher\"},{\"@type\":\"BreadcrumbList\",\"@id\":\"https:\/\/mediagear.ee\/fi\/tuote\/avmatrix-shark-s8x-plus-portable-video-switcher\/#breadcrumb\",\"itemListElement\":[{\"@type\":\"ListItem\",\"position\":1,\"name\":\"Home\",\"item\":\"https:\/\/mediagear.ee\/fi\/\"},{\"@type\":\"ListItem\",\"position\":2,\"name\":\"Pro video- ja \u00e4\u00e4nilaitteiden kauppa\",\"item\":\"https:\/\/mediagear.ee\/fi\/kauppa\/\"},{\"@type\":\"ListItem\",\"position\":3,\"name\":\"SIGNAALINK\u00c4SITTELY\",\"item\":\"https:\/\/mediagear.ee\/fi\/tuote-osasto\/signal-processing-fi\/\"},{\"@type\":\"ListItem\",\"position\":4,\"name\":\"Videomikserit\",\"item\":\"https:\/\/mediagear.ee\/fi\/tuote-osasto\/signal-processing-fi\/video-mixers-fi\/\"},{\"@type\":\"ListItem\",\"position\":5,\"name\":\"AVMATRIX Shark S8X PLUS Portable Video Switcher\"}]},{\"@type\":\"WebSite\",\"@id\":\"https:\/\/mediagear.ee\/fi\/#website\",\"url\":\"https:\/\/mediagear.ee\/fi\/\",\"name\":\"MediaGear\",\"description\":\"Full-service solutions in AV equipment\",\"publisher\":{\"@id\":\"https:\/\/mediagear.ee\/fi\/#organization\"},\"potentialAction\":[{\"@type\":\"SearchAction\",\"target\":{\"@type\":\"EntryPoint\",\"urlTemplate\":\"https:\/\/mediagear.ee\/fi\/?s={search_term_string}\"},\"query-input\":{\"@type\":\"PropertyValueSpecification\",\"valueRequired\":true,\"valueName\":\"search_term_string\"}}],\"inLanguage\":\"fi\"},{\"@type\":\"Organization\",\"@id\":\"https:\/\/mediagear.ee\/fi\/#organization\",\"name\":\"Mediagear\",\"url\":\"https:\/\/mediagear.ee\/fi\/\",\"logo\":{\"@type\":\"ImageObject\",\"inLanguage\":\"fi\",\"@id\":\"https:\/\/mediagear.ee\/fi\/#\/schema\/logo\/image\/\",\"url\":\"http:\/\/mediagear.ee\/wp-content\/uploads\/2024\/05\/MediaGear-logo-transp.png\",\"contentUrl\":\"http:\/\/mediagear.ee\/wp-content\/uploads\/2024\/05\/MediaGear-logo-transp.png\",\"width\":600,\"height\":200,\"caption\":\"Mediagear\"},\"image\":{\"@id\":\"https:\/\/mediagear.ee\/fi\/#\/schema\/logo\/image\/\"},\"sameAs\":[\"https:\/\/www.facebook.com\/Mediagear.ee\/\",\"https:\/\/www.instagram.com\/mediagear_ee\/\"]}]}<\/script>\n<!-- \/ Yoast SEO plugin. -->","yoast_head_json":{"title":"AVMATRIX Shark S8X PLUS Portable Video Switcher - MediaGear","description":"Features: 17.3-inch FHD IPS display Inputs: 8\u00d73G-SDI and 2\u00d74K HDMI, 1\u00d7BNC REF, 1\u00d7AUX (internal interface) Multi-view source routing func...","robots":{"index":"index","follow":"follow","max-snippet":"max-snippet:-1","max-image-preview":"max-image-preview:large","max-video-preview":"max-video-preview:-1"},"canonical":"https:\/\/mediagear.ee\/fi\/tuote\/avmatrix-shark-s8x-plus-portable-video-switcher\/","og_locale":"fi_FI","og_type":"article","og_title":"AVMATRIX Shark S8X PLUS Portable Video Switcher - MediaGear","og_description":"Features: 17.3-inch FHD IPS display Inputs: 8\u00d73G-SDI and 2\u00d74K HDMI, 1\u00d7BNC REF, 1\u00d7AUX (internal interface) Multi-view source routing func...","og_url":"https:\/\/mediagear.ee\/fi\/tuote\/avmatrix-shark-s8x-plus-portable-video-switcher\/","og_site_name":"MediaGear","article_publisher":"https:\/\/www.facebook.com\/Mediagear.ee\/","article_modified_time":"2026-04-19T03:01:30+00:00","og_image":[{"width":1000,"height":1000,"url":"https:\/\/mediagear.ee\/wp-content\/uploads\/2025\/06\/AVMATRIX_Shark_S8X_PLUS_Portable_Video_Switcher.webp","type":"image\/webp"}],"twitter_card":"summary_large_image","schema":{"@context":"https:\/\/schema.org","@graph":[{"@type":"WebPage","@id":"https:\/\/mediagear.ee\/fi\/tuote\/avmatrix-shark-s8x-plus-portable-video-switcher\/","url":"https:\/\/mediagear.ee\/fi\/tuote\/avmatrix-shark-s8x-plus-portable-video-switcher\/","name":"AVMATRIX Shark S8X PLUS Portable Video Switcher - MediaGear","isPartOf":{"@id":"https:\/\/mediagear.ee\/fi\/#website"},"primaryImageOfPage":{"@id":"https:\/\/mediagear.ee\/fi\/tuote\/avmatrix-shark-s8x-plus-portable-video-switcher\/#primaryimage"},"image":{"@id":"https:\/\/mediagear.ee\/fi\/tuote\/avmatrix-shark-s8x-plus-portable-video-switcher\/#primaryimage"},"thumbnailUrl":"https:\/\/mediagear.ee\/wp-content\/uploads\/2025\/06\/AVMATRIX_Shark_S8X_PLUS_Portable_Video_Switcher.webp","datePublished":"2025-06-11T13:40:28+00:00","dateModified":"2026-04-19T03:01:30+00:00","description":"Features: 17.3-inch FHD IPS display Inputs: 8\u00d73G-SDI and 2\u00d74K HDMI, 1\u00d7BNC REF, 1\u00d7AUX (internal interface) Multi-view source routing func...","breadcrumb":{"@id":"https:\/\/mediagear.ee\/fi\/tuote\/avmatrix-shark-s8x-plus-portable-video-switcher\/#breadcrumb"},"inLanguage":"fi","potentialAction":[{"@type":"ReadAction","target":["https:\/\/mediagear.ee\/fi\/tuote\/avmatrix-shark-s8x-plus-portable-video-switcher\/"]}]},{"@type":"ImageObject","inLanguage":"fi","@id":"https:\/\/mediagear.ee\/fi\/tuote\/avmatrix-shark-s8x-plus-portable-video-switcher\/#primaryimage","url":"https:\/\/mediagear.ee\/wp-content\/uploads\/2025\/06\/AVMATRIX_Shark_S8X_PLUS_Portable_Video_Switcher.webp","contentUrl":"https:\/\/mediagear.ee\/wp-content\/uploads\/2025\/06\/AVMATRIX_Shark_S8X_PLUS_Portable_Video_Switcher.webp","width":1000,"height":1000,"caption":"AVMATRIX Shark S8X PLUS Portable Video Switcher"},{"@type":"BreadcrumbList","@id":"https:\/\/mediagear.ee\/fi\/tuote\/avmatrix-shark-s8x-plus-portable-video-switcher\/#breadcrumb","itemListElement":[{"@type":"ListItem","position":1,"name":"Home","item":"https:\/\/mediagear.ee\/fi\/"},{"@type":"ListItem","position":2,"name":"Pro video- ja \u00e4\u00e4nilaitteiden kauppa","item":"https:\/\/mediagear.ee\/fi\/kauppa\/"},{"@type":"ListItem","position":3,"name":"SIGNAALINK\u00c4SITTELY","item":"https:\/\/mediagear.ee\/fi\/tuote-osasto\/signal-processing-fi\/"},{"@type":"ListItem","position":4,"name":"Videomikserit","item":"https:\/\/mediagear.ee\/fi\/tuote-osasto\/signal-processing-fi\/video-mixers-fi\/"},{"@type":"ListItem","position":5,"name":"AVMATRIX Shark S8X PLUS Portable Video Switcher"}]},{"@type":"WebSite","@id":"https:\/\/mediagear.ee\/fi\/#website","url":"https:\/\/mediagear.ee\/fi\/","name":"MediaGear","description":"Full-service solutions in AV equipment","publisher":{"@id":"https:\/\/mediagear.ee\/fi\/#organization"},"potentialAction":[{"@type":"SearchAction","target":{"@type":"EntryPoint","urlTemplate":"https:\/\/mediagear.ee\/fi\/?s={search_term_string}"},"query-input":{"@type":"PropertyValueSpecification","valueRequired":true,"valueName":"search_term_string"}}],"inLanguage":"fi"},{"@type":"Organization","@id":"https:\/\/mediagear.ee\/fi\/#organization","name":"Mediagear","url":"https:\/\/mediagear.ee\/fi\/","logo":{"@type":"ImageObject","inLanguage":"fi","@id":"https:\/\/mediagear.ee\/fi\/#\/schema\/logo\/image\/","url":"http:\/\/mediagear.ee\/wp-content\/uploads\/2024\/05\/MediaGear-logo-transp.png","contentUrl":"http:\/\/mediagear.ee\/wp-content\/uploads\/2024\/05\/MediaGear-logo-transp.png","width":600,"height":200,"caption":"Mediagear"},"image":{"@id":"https:\/\/mediagear.ee\/fi\/#\/schema\/logo\/image\/"},"sameAs":["https:\/\/www.facebook.com\/Mediagear.ee\/","https:\/\/www.instagram.com\/mediagear_ee\/"]}]}},"_links":{"self":[{"href":"https:\/\/mediagear.ee\/fi\/wp-json\/wp\/v2\/product\/274871","targetHints":{"allow":["GET"]}}],"collection":[{"href":"https:\/\/mediagear.ee\/fi\/wp-json\/wp\/v2\/product"}],"about":[{"href":"https:\/\/mediagear.ee\/fi\/wp-json\/wp\/v2\/types\/product"}],"wp:featuredmedia":[{"embeddable":true,"href":"https:\/\/mediagear.ee\/fi\/wp-json\/wp\/v2\/media\/274872"}],"wp:attachment":[{"href":"https:\/\/mediagear.ee\/fi\/wp-json\/wp\/v2\/media?parent=274871"}],"wp:term":[{"taxonomy":"brand","embeddable":true,"href":"https:\/\/mediagear.ee\/fi\/wp-json\/wp\/v2\/brand?post=274871"},{"taxonomy":"product_cat","embeddable":true,"href":"https:\/\/mediagear.ee\/fi\/wp-json\/wp\/v2\/product_cat?post=274871"},{"taxonomy":"product_tag","embeddable":true,"href":"https:\/\/mediagear.ee\/fi\/wp-json\/wp\/v2\/product_tag?post=274871"},{"taxonomy":"inventory","embeddable":true,"href":"https:\/\/mediagear.ee\/fi\/wp-json\/wp\/v2\/inventory?post=274871"}],"curies":[{"name":"wp","href":"https:\/\/api.w.org\/{rel}","templated":true}]}}