{"id":276497,"date":"2025-08-13T15:19:16","date_gmt":"2025-08-13T12:19:16","guid":{"rendered":"http:\/\/mediagear.ee\/product\/smallrig-3966-rc-350b-cob-light\/"},"modified":"2026-04-03T03:10:23","modified_gmt":"2026-04-03T00:10:23","slug":"smallrig-3966-rc-350b-cob-light","status":"publish","type":"product","link":"https:\/\/mediagear.ee\/fi\/tuote\/smallrig-3966-rc-350b-cob-light\/","title":{"rendered":"SMALLRIG 3966 RC 350B Cob Light"},"content":{"rendered":"<p><strong>SmallRig 3966 RC 350B Cob valgusti<\/strong><\/p>\n<p>SmallRigi v\u00f5imsate videovalgustite COB LED uus p\u00f5lvkond kasutab 55-kraadise h\u00fcperpeegeldiga optilist s\u00fcsteemi, et saavutada taset 115 000 luksi (1 m).<\/p>\n<p>Valgustil on indeksid CRI 96+ ja TLCI 97+, et tagada t\u00e4pne v\u00e4rviesitus ja v\u00e4rvide taastootmine, millega see edestab oma eelk\u00e4ijaid, GaN (galliumnitriidist) adapter, millega tagatakse energiav\u00f5imsus v\u00e4hemalt 95%, ning summutav amortisaatori toetuss\u00fcsteem valgusti kaitsmiseks.<\/p>\n<p>See metallist ja mittes\u00fcttivast materjalist \u00fcksus on 20% kergem ning seda on v\u00f5imalik juhtida l\u00fcliti, rakenduse SmallGoGo v\u00f5i juhtpaneeli (valikuline) abil.<\/p>\n<p>Bowens-t\u00fc\u00fcpi kinnitus toetab enamikke valgustite juhttarvikuid, et luua erinevaid valgusefekte.<\/p>\n<p>H\u00f5lpsamaks hoiustamiseks ja transportimiseks kaasneb tootega kandekott.<\/p>\n<p><strong>Peamised omadused<\/strong><\/p>\n<ul>\n<li>SmallRigi arendatud uusim optiline s\u00fcsteem.<\/li>\n<li>Patenteeritud valgusallikas \u2013 suurem ja suurema v\u00f5imsusega LED kiip toodab valgust t\u00f5husamalt, vastandades v\u00e4ljundv\u00f5imsust v\u00e4ljundi valgustatusega. K\u00f5ik muud omadused on sarnased, kuid valgusti valgustatus edestab teisi tooteid enam kui 35%.<\/li>\n<li>K\u00f5rge l\u00e4bilaskvusega esiklaas \u2013 kahepoolse kuuekihilise kattekihiga klaasi l\u00e4bilaskvus on suurem kui 97% n\u00e4htava lainepikkuse vahemikus, tagades sellega kadudeta valgusvoo ja \u00fchtlase v\u00e4rvide segamise ilma sisepeegelduseta.<\/li>\n<li>K\u00f5rgpeegeldav COB- ja soojuse hajutamise tehnoloogia \u2013 valtsitud alumiiniumlehest ja komposiitvasest valmistatud tahvel tagab hea peegeldavuse ning soojusjuhtivuse.<\/li>\n<li>Valgustatus konkureerib 1.2 K HMI fresnel-l\u00e4\u00e4tsega \u2013 maksimaalne valgustatus: 115 000 luksi (1 m) (5600 K juures, peegeldiga).<\/li>\n<li>Indeksid CRI96+ ja TLCI97+ t\u00e4histavad t\u00e4pset v\u00e4rviesitust ning v\u00e4rvide taastootmist.<\/li>\n<li>GaN (galliumnitriidist) adapteri energiat\u00f5husus on v\u00e4hemalt 95% madalama soojustootmisega ja sellel on lukustusmehhanism ning terasest kaablikinnitus parema turvalisuse tagamiseks.<\/li>\n<li>Pidev summutav tugis\u00fcsteem tagab turvalise pehmenduse ja sujuva kalde reguleerimise.<\/li>\n<li>Intelligentse temperatuuri reguleerimise algoritmiga vaiksed jahutusventilaatorid parandavad soojuse hajutamist ja tekitavad heli ainult 28 dB \u00fche meetri raadiuses, mist\u00f5ttu on see sobilik videote salvestamiseks.<\/li>\n<li>Kerge disain \u2013 valmistatud metallist ja mittes\u00fcttivast materjalist, muutes valgusti 20% kergemaks (GaN (galliumnitriidist) adapter on 26% v\u00e4iksem ja 200 g kergem).<\/li>\n<li>Eemaldatav amortisaator s\u00e4\u00e4stab hoiuruumi h\u00f5lpsaks transportimiseks.<\/li>\n<li>Kolm erinevat v\u00f5imalust valgusti juhtimiseks: l\u00fcliti \/ rakendus SmallGoGo \/ juhtpaneel (valikuline).<\/li>\n<li>Bowens-t\u00fc\u00fcpi kinnitus toetab enamikke valgustite juhttarvikuid, et luua erinevaid valgusefekte.<\/li>\n<li>Valgusti on kerge ja see kaalub koos kandekotiga ainult 7,9 kg, et seda oleks lihtne hoiustada, transportida ning kaitsta.<\/li>\n<li>V\u00e4rvitemperatuur: 2700 K \u2013 6500 K (\u00b1200 K)<\/li>\n<\/ul>\n<p><strong>Pakendis:<\/strong><br \/>\n1 x RC 350B COB LED videovalgusti<br \/>\n1 x vahelduvvooluadapter<br \/>\n1 x toitekaabel<br \/>\n1 x kasutusjuhend<br \/>\n1 x 55-kraadine h\u00fcperpeegeldi<br \/>\n1 x kaitse\u00fcmbris<br \/>\n1 x kandekott<\/p>\n","protected":false},"excerpt":{"rendered":"<p>A new generation of powerful COB LED video light (Bi-color 2700K-6500K) with high color rendering index (TLCI 97+ \/ CRI 96+), high brightness, ultra-quiet cooling and Bowens mount<\/p>\n","protected":false},"featured_media":276498,"template":"","meta":{"_acf_changed":false},"brand":[6055],"product_cat":[6117],"product_tag":[],"inventory":[],"class_list":{"0":"post-276497","1":"product","2":"type-product","3":"status-publish","4":"has-post-thumbnail","6":"brand-smallrig-fi","7":"product_cat-spot-lights-fi-fi","9":"first","10":"onbackorder","11":"taxable","12":"shipping-taxable","13":"purchasable","14":"product-type-simple"},"acf":[],"yoast_head":"<!-- This site is optimized with the Yoast SEO plugin v27.1.1 - https:\/\/yoast.com\/product\/yoast-seo-wordpress\/ -->\n<title>SMALLRIG 3966 RC 350B Cob Light - MediaGear<\/title>\n<meta name=\"description\" content=\"A new generation of powerful COB LED video light (Bi-color 2700K-6500K) with high color rendering index (TLCI 97+ \/ CRI 96+), high brightness, ultr...\" \/>\n<meta name=\"robots\" content=\"index, follow, max-snippet:-1, max-image-preview:large, max-video-preview:-1\" \/>\n<link rel=\"canonical\" href=\"https:\/\/mediagear.ee\/fi\/tuote\/smallrig-3966-rc-350b-cob-light\/\" \/>\n<meta property=\"og:locale\" content=\"fi_FI\" \/>\n<meta property=\"og:type\" content=\"article\" \/>\n<meta property=\"og:title\" content=\"SMALLRIG 3966 RC 350B Cob Light - MediaGear\" \/>\n<meta property=\"og:description\" content=\"A new generation of powerful COB LED video light (Bi-color 2700K-6500K) with high color rendering index (TLCI 97+ \/ CRI 96+), high brightness, ultr...\" \/>\n<meta property=\"og:url\" content=\"https:\/\/mediagear.ee\/fi\/tuote\/smallrig-3966-rc-350b-cob-light\/\" \/>\n<meta property=\"og:site_name\" content=\"MediaGear\" \/>\n<meta property=\"article:publisher\" content=\"https:\/\/www.facebook.com\/Mediagear.ee\/\" \/>\n<meta property=\"article:modified_time\" content=\"2026-04-03T00:10:23+00:00\" \/>\n<meta property=\"og:image\" content=\"https:\/\/mediagear.ee\/wp-content\/uploads\/2025\/08\/SMALLRIG-3966-RC-350B-Cob-Light.png\" \/>\n\t<meta property=\"og:image:width\" content=\"800\" \/>\n\t<meta property=\"og:image:height\" content=\"656\" \/>\n\t<meta property=\"og:image:type\" content=\"image\/png\" \/>\n<meta name=\"twitter:card\" content=\"summary_large_image\" \/>\n<meta name=\"twitter:label1\" content=\"Arvioitu lukuaika\" \/>\n\t<meta name=\"twitter:data1\" content=\"2 minuuttia\" \/>\n<script type=\"application\/ld+json\" class=\"yoast-schema-graph\">{\"@context\":\"https:\/\/schema.org\",\"@graph\":[{\"@type\":\"WebPage\",\"@id\":\"https:\/\/mediagear.ee\/fi\/tuote\/smallrig-3966-rc-350b-cob-light\/\",\"url\":\"https:\/\/mediagear.ee\/fi\/tuote\/smallrig-3966-rc-350b-cob-light\/\",\"name\":\"SMALLRIG 3966 RC 350B Cob Light - MediaGear\",\"isPartOf\":{\"@id\":\"https:\/\/mediagear.ee\/fi\/#website\"},\"primaryImageOfPage\":{\"@id\":\"https:\/\/mediagear.ee\/fi\/tuote\/smallrig-3966-rc-350b-cob-light\/#primaryimage\"},\"image\":{\"@id\":\"https:\/\/mediagear.ee\/fi\/tuote\/smallrig-3966-rc-350b-cob-light\/#primaryimage\"},\"thumbnailUrl\":\"https:\/\/mediagear.ee\/wp-content\/uploads\/2025\/08\/SMALLRIG-3966-RC-350B-Cob-Light.png\",\"datePublished\":\"2025-08-13T12:19:16+00:00\",\"dateModified\":\"2026-04-03T00:10:23+00:00\",\"description\":\"A new generation of powerful COB LED video light (Bi-color 2700K-6500K) with high color rendering index (TLCI 97+ \/ CRI 96+), high brightness, ultr...\",\"breadcrumb\":{\"@id\":\"https:\/\/mediagear.ee\/fi\/tuote\/smallrig-3966-rc-350b-cob-light\/#breadcrumb\"},\"inLanguage\":\"fi\",\"potentialAction\":[{\"@type\":\"ReadAction\",\"target\":[\"https:\/\/mediagear.ee\/fi\/tuote\/smallrig-3966-rc-350b-cob-light\/\"]}]},{\"@type\":\"ImageObject\",\"inLanguage\":\"fi\",\"@id\":\"https:\/\/mediagear.ee\/fi\/tuote\/smallrig-3966-rc-350b-cob-light\/#primaryimage\",\"url\":\"https:\/\/mediagear.ee\/wp-content\/uploads\/2025\/08\/SMALLRIG-3966-RC-350B-Cob-Light.png\",\"contentUrl\":\"https:\/\/mediagear.ee\/wp-content\/uploads\/2025\/08\/SMALLRIG-3966-RC-350B-Cob-Light.png\",\"width\":800,\"height\":656,\"caption\":\"SMALLRIG 3966 RC 350B Cob Light\"},{\"@type\":\"BreadcrumbList\",\"@id\":\"https:\/\/mediagear.ee\/fi\/tuote\/smallrig-3966-rc-350b-cob-light\/#breadcrumb\",\"itemListElement\":[{\"@type\":\"ListItem\",\"position\":1,\"name\":\"Home\",\"item\":\"https:\/\/mediagear.ee\/fi\/\"},{\"@type\":\"ListItem\",\"position\":2,\"name\":\"Pro video- ja \u00e4\u00e4nilaitteiden kauppa\",\"item\":\"https:\/\/mediagear.ee\/fi\/kauppa\/\"},{\"@type\":\"ListItem\",\"position\":3,\"name\":\"VALAISU\",\"item\":\"https:\/\/mediagear.ee\/fi\/tuote-osasto\/lighting-fixtures-fi\/\"},{\"@type\":\"ListItem\",\"position\":4,\"name\":\"COB- ja Fresnel-valot\",\"item\":\"https:\/\/mediagear.ee\/fi\/tuote-osasto\/lighting-fixtures-fi\/spot-lights-fi-fi\/\"},{\"@type\":\"ListItem\",\"position\":5,\"name\":\"SMALLRIG 3966 RC 350B Cob Light\"}]},{\"@type\":\"WebSite\",\"@id\":\"https:\/\/mediagear.ee\/fi\/#website\",\"url\":\"https:\/\/mediagear.ee\/fi\/\",\"name\":\"MediaGear\",\"description\":\"Full-service solutions in AV equipment\",\"publisher\":{\"@id\":\"https:\/\/mediagear.ee\/fi\/#organization\"},\"potentialAction\":[{\"@type\":\"SearchAction\",\"target\":{\"@type\":\"EntryPoint\",\"urlTemplate\":\"https:\/\/mediagear.ee\/fi\/?s={search_term_string}\"},\"query-input\":{\"@type\":\"PropertyValueSpecification\",\"valueRequired\":true,\"valueName\":\"search_term_string\"}}],\"inLanguage\":\"fi\"},{\"@type\":\"Organization\",\"@id\":\"https:\/\/mediagear.ee\/fi\/#organization\",\"name\":\"Mediagear\",\"url\":\"https:\/\/mediagear.ee\/fi\/\",\"logo\":{\"@type\":\"ImageObject\",\"inLanguage\":\"fi\",\"@id\":\"https:\/\/mediagear.ee\/fi\/#\/schema\/logo\/image\/\",\"url\":\"http:\/\/mediagear.ee\/wp-content\/uploads\/2024\/05\/MediaGear-logo-transp.png\",\"contentUrl\":\"http:\/\/mediagear.ee\/wp-content\/uploads\/2024\/05\/MediaGear-logo-transp.png\",\"width\":600,\"height\":200,\"caption\":\"Mediagear\"},\"image\":{\"@id\":\"https:\/\/mediagear.ee\/fi\/#\/schema\/logo\/image\/\"},\"sameAs\":[\"https:\/\/www.facebook.com\/Mediagear.ee\/\",\"https:\/\/www.instagram.com\/mediagear_ee\/\"]}]}<\/script>\n<!-- \/ Yoast SEO plugin. -->","yoast_head_json":{"title":"SMALLRIG 3966 RC 350B Cob Light - MediaGear","description":"A new generation of powerful COB LED video light (Bi-color 2700K-6500K) with high color rendering index (TLCI 97+ \/ CRI 96+), high brightness, ultr...","robots":{"index":"index","follow":"follow","max-snippet":"max-snippet:-1","max-image-preview":"max-image-preview:large","max-video-preview":"max-video-preview:-1"},"canonical":"https:\/\/mediagear.ee\/fi\/tuote\/smallrig-3966-rc-350b-cob-light\/","og_locale":"fi_FI","og_type":"article","og_title":"SMALLRIG 3966 RC 350B Cob Light - MediaGear","og_description":"A new generation of powerful COB LED video light (Bi-color 2700K-6500K) with high color rendering index (TLCI 97+ \/ CRI 96+), high brightness, ultr...","og_url":"https:\/\/mediagear.ee\/fi\/tuote\/smallrig-3966-rc-350b-cob-light\/","og_site_name":"MediaGear","article_publisher":"https:\/\/www.facebook.com\/Mediagear.ee\/","article_modified_time":"2026-04-03T00:10:23+00:00","og_image":[{"width":800,"height":656,"url":"https:\/\/mediagear.ee\/wp-content\/uploads\/2025\/08\/SMALLRIG-3966-RC-350B-Cob-Light.png","type":"image\/png"}],"twitter_card":"summary_large_image","twitter_misc":{"Arvioitu lukuaika":"2 minuuttia"},"schema":{"@context":"https:\/\/schema.org","@graph":[{"@type":"WebPage","@id":"https:\/\/mediagear.ee\/fi\/tuote\/smallrig-3966-rc-350b-cob-light\/","url":"https:\/\/mediagear.ee\/fi\/tuote\/smallrig-3966-rc-350b-cob-light\/","name":"SMALLRIG 3966 RC 350B Cob Light - MediaGear","isPartOf":{"@id":"https:\/\/mediagear.ee\/fi\/#website"},"primaryImageOfPage":{"@id":"https:\/\/mediagear.ee\/fi\/tuote\/smallrig-3966-rc-350b-cob-light\/#primaryimage"},"image":{"@id":"https:\/\/mediagear.ee\/fi\/tuote\/smallrig-3966-rc-350b-cob-light\/#primaryimage"},"thumbnailUrl":"https:\/\/mediagear.ee\/wp-content\/uploads\/2025\/08\/SMALLRIG-3966-RC-350B-Cob-Light.png","datePublished":"2025-08-13T12:19:16+00:00","dateModified":"2026-04-03T00:10:23+00:00","description":"A new generation of powerful COB LED video light (Bi-color 2700K-6500K) with high color rendering index (TLCI 97+ \/ CRI 96+), high brightness, ultr...","breadcrumb":{"@id":"https:\/\/mediagear.ee\/fi\/tuote\/smallrig-3966-rc-350b-cob-light\/#breadcrumb"},"inLanguage":"fi","potentialAction":[{"@type":"ReadAction","target":["https:\/\/mediagear.ee\/fi\/tuote\/smallrig-3966-rc-350b-cob-light\/"]}]},{"@type":"ImageObject","inLanguage":"fi","@id":"https:\/\/mediagear.ee\/fi\/tuote\/smallrig-3966-rc-350b-cob-light\/#primaryimage","url":"https:\/\/mediagear.ee\/wp-content\/uploads\/2025\/08\/SMALLRIG-3966-RC-350B-Cob-Light.png","contentUrl":"https:\/\/mediagear.ee\/wp-content\/uploads\/2025\/08\/SMALLRIG-3966-RC-350B-Cob-Light.png","width":800,"height":656,"caption":"SMALLRIG 3966 RC 350B Cob Light"},{"@type":"BreadcrumbList","@id":"https:\/\/mediagear.ee\/fi\/tuote\/smallrig-3966-rc-350b-cob-light\/#breadcrumb","itemListElement":[{"@type":"ListItem","position":1,"name":"Home","item":"https:\/\/mediagear.ee\/fi\/"},{"@type":"ListItem","position":2,"name":"Pro video- ja \u00e4\u00e4nilaitteiden kauppa","item":"https:\/\/mediagear.ee\/fi\/kauppa\/"},{"@type":"ListItem","position":3,"name":"VALAISU","item":"https:\/\/mediagear.ee\/fi\/tuote-osasto\/lighting-fixtures-fi\/"},{"@type":"ListItem","position":4,"name":"COB- ja Fresnel-valot","item":"https:\/\/mediagear.ee\/fi\/tuote-osasto\/lighting-fixtures-fi\/spot-lights-fi-fi\/"},{"@type":"ListItem","position":5,"name":"SMALLRIG 3966 RC 350B Cob Light"}]},{"@type":"WebSite","@id":"https:\/\/mediagear.ee\/fi\/#website","url":"https:\/\/mediagear.ee\/fi\/","name":"MediaGear","description":"Full-service solutions in AV equipment","publisher":{"@id":"https:\/\/mediagear.ee\/fi\/#organization"},"potentialAction":[{"@type":"SearchAction","target":{"@type":"EntryPoint","urlTemplate":"https:\/\/mediagear.ee\/fi\/?s={search_term_string}"},"query-input":{"@type":"PropertyValueSpecification","valueRequired":true,"valueName":"search_term_string"}}],"inLanguage":"fi"},{"@type":"Organization","@id":"https:\/\/mediagear.ee\/fi\/#organization","name":"Mediagear","url":"https:\/\/mediagear.ee\/fi\/","logo":{"@type":"ImageObject","inLanguage":"fi","@id":"https:\/\/mediagear.ee\/fi\/#\/schema\/logo\/image\/","url":"http:\/\/mediagear.ee\/wp-content\/uploads\/2024\/05\/MediaGear-logo-transp.png","contentUrl":"http:\/\/mediagear.ee\/wp-content\/uploads\/2024\/05\/MediaGear-logo-transp.png","width":600,"height":200,"caption":"Mediagear"},"image":{"@id":"https:\/\/mediagear.ee\/fi\/#\/schema\/logo\/image\/"},"sameAs":["https:\/\/www.facebook.com\/Mediagear.ee\/","https:\/\/www.instagram.com\/mediagear_ee\/"]}]}},"_links":{"self":[{"href":"https:\/\/mediagear.ee\/fi\/wp-json\/wp\/v2\/product\/276497","targetHints":{"allow":["GET"]}}],"collection":[{"href":"https:\/\/mediagear.ee\/fi\/wp-json\/wp\/v2\/product"}],"about":[{"href":"https:\/\/mediagear.ee\/fi\/wp-json\/wp\/v2\/types\/product"}],"wp:featuredmedia":[{"embeddable":true,"href":"https:\/\/mediagear.ee\/fi\/wp-json\/wp\/v2\/media\/276498"}],"wp:attachment":[{"href":"https:\/\/mediagear.ee\/fi\/wp-json\/wp\/v2\/media?parent=276497"}],"wp:term":[{"taxonomy":"brand","embeddable":true,"href":"https:\/\/mediagear.ee\/fi\/wp-json\/wp\/v2\/brand?post=276497"},{"taxonomy":"product_cat","embeddable":true,"href":"https:\/\/mediagear.ee\/fi\/wp-json\/wp\/v2\/product_cat?post=276497"},{"taxonomy":"product_tag","embeddable":true,"href":"https:\/\/mediagear.ee\/fi\/wp-json\/wp\/v2\/product_tag?post=276497"},{"taxonomy":"inventory","embeddable":true,"href":"https:\/\/mediagear.ee\/fi\/wp-json\/wp\/v2\/inventory?post=276497"}],"curies":[{"name":"wp","href":"https:\/\/api.w.org\/{rel}","templated":true}]}}