{"id":278474,"date":"2025-06-11T14:21:48","date_gmt":"2025-06-11T12:21:48","guid":{"rendered":"http:\/\/mediagear.ee\/product\/avmatrix-shark-s6-6-ch-hdmi-sdi-video-switcher-with-recording-and-streaming\/"},"modified":"2025-06-11T14:21:48","modified_gmt":"2025-06-11T12:21:48","slug":"avmatrix-shark-s6-6-ch-hdmi-sdi-video-switcher-with-recording-and-streaming","status":"publish","type":"product","link":"https:\/\/mediagear.ee\/fi\/tuote\/avmatrix-shark-s6-6-ch-hdmi-sdi-video-switcher-with-recording-and-streaming\/","title":{"rendered":"AVMATRIX Shark S6 6-ch HDMI\/SDI Video Switcher with Recording and Streaming"},"content":{"rendered":"","protected":false},"excerpt":{"rendered":"<p><strong>Features:<\/strong><\/p>\n<ul>\n<li>Built-in 5 inch LCD display<\/li>\n<li>Input: 4\u00d7SDI and 2\u00d7HDMI<\/li>\n<li>Output: 2\u00d7SDI, 1\u00d7HDMI PGM, 2\u00d7SDI AUX ,1\u00d7HDMI Multiview, 1\u00d7USB Type-C<\/li>\n<li>RTMP stream &amp; USB Disk &amp; SD Card Record<\/li>\n<li>USB for capturing and streaming on PC<\/li>\n<li>Professional chroma Key, downstream key, 2PIP\/ POP, and LOGO overlay<\/li>\n<li>T-bar\/ Auto\/ Cut transitions, various effects: MIX\/ DIP\/WIPE effects<\/li>\n<li>Audio mixer:4\u00d7SDI, 2\u00d7HDMI audio &amp; 2\u00d7MIC in<\/li>\n<li>PTZ camera control: VISCA, VISCA over IP, Pelco D\/P &amp; ONVIF<\/li>\n<li>Layout style: landscape &amp; portrait mode<\/li>\n<li>FTB\/ STILL, GPIO port for tally system, RS232\/RS422\/RS485<\/li>\n<\/ul>\n","protected":false},"featured_media":278475,"template":"","meta":{"_acf_changed":false},"brand":[5974],"product_cat":[6137],"product_tag":[],"inventory":[],"class_list":{"0":"post-278474","1":"product","2":"type-product","3":"status-publish","4":"has-post-thumbnail","6":"brand-avmatrix-fi","7":"product_cat-video-mixers-fi","9":"first","10":"onbackorder","11":"taxable","12":"shipping-taxable","13":"purchasable","14":"product-type-simple"},"acf":[],"yoast_head":"<!-- This site is optimized with the Yoast SEO plugin v27.1.1 - https:\/\/yoast.com\/product\/yoast-seo-wordpress\/ -->\n<title>AVMATRIX Shark S6 6-ch HDMI\/SDI Video Switcher with Recording and Streaming - MediaGear<\/title>\n<meta name=\"description\" content=\"Features: Built-in 5 inch LCD display Input: 4\u00d7SDI and 2\u00d7HDMI Output: 2\u00d7SDI, 1\u00d7HDMI PGM, 2\u00d7SDI AUX ,1\u00d7HDMI Multiview, 1\u00d7USB Type-C RTMP stream...\" \/>\n<meta name=\"robots\" content=\"index, follow, max-snippet:-1, max-image-preview:large, max-video-preview:-1\" \/>\n<link rel=\"canonical\" href=\"https:\/\/mediagear.ee\/fi\/tuote\/avmatrix-shark-s6-6-ch-hdmi-sdi-video-switcher-with-recording-and-streaming\/\" \/>\n<meta property=\"og:locale\" content=\"fi_FI\" \/>\n<meta property=\"og:type\" content=\"article\" \/>\n<meta property=\"og:title\" content=\"AVMATRIX Shark S6 6-ch HDMI\/SDI Video Switcher with Recording and Streaming - MediaGear\" \/>\n<meta property=\"og:description\" content=\"Features: Built-in 5 inch LCD display Input: 4\u00d7SDI and 2\u00d7HDMI Output: 2\u00d7SDI, 1\u00d7HDMI PGM, 2\u00d7SDI AUX ,1\u00d7HDMI Multiview, 1\u00d7USB Type-C RTMP stream...\" \/>\n<meta property=\"og:url\" content=\"https:\/\/mediagear.ee\/fi\/tuote\/avmatrix-shark-s6-6-ch-hdmi-sdi-video-switcher-with-recording-and-streaming\/\" \/>\n<meta property=\"og:site_name\" content=\"MediaGear\" \/>\n<meta property=\"article:publisher\" content=\"https:\/\/www.facebook.com\/Mediagear.ee\/\" \/>\n<meta property=\"og:image\" content=\"https:\/\/mediagear.ee\/wp-content\/uploads\/2025\/06\/AVMATRIX_Shark_S6_6-ch_HDMI-SDI_Video_Switcher_with_Recording_and_Streaming.webp\" \/>\n\t<meta property=\"og:image:width\" content=\"1000\" \/>\n\t<meta property=\"og:image:height\" content=\"1000\" \/>\n\t<meta property=\"og:image:type\" content=\"image\/webp\" \/>\n<meta name=\"twitter:card\" content=\"summary_large_image\" \/>\n<script type=\"application\/ld+json\" class=\"yoast-schema-graph\">{\"@context\":\"https:\/\/schema.org\",\"@graph\":[{\"@type\":\"WebPage\",\"@id\":\"https:\/\/mediagear.ee\/fi\/tuote\/avmatrix-shark-s6-6-ch-hdmi-sdi-video-switcher-with-recording-and-streaming\/\",\"url\":\"https:\/\/mediagear.ee\/fi\/tuote\/avmatrix-shark-s6-6-ch-hdmi-sdi-video-switcher-with-recording-and-streaming\/\",\"name\":\"AVMATRIX Shark S6 6-ch HDMI\/SDI Video Switcher with Recording and Streaming - MediaGear\",\"isPartOf\":{\"@id\":\"https:\/\/mediagear.ee\/fi\/#website\"},\"primaryImageOfPage\":{\"@id\":\"https:\/\/mediagear.ee\/fi\/tuote\/avmatrix-shark-s6-6-ch-hdmi-sdi-video-switcher-with-recording-and-streaming\/#primaryimage\"},\"image\":{\"@id\":\"https:\/\/mediagear.ee\/fi\/tuote\/avmatrix-shark-s6-6-ch-hdmi-sdi-video-switcher-with-recording-and-streaming\/#primaryimage\"},\"thumbnailUrl\":\"https:\/\/mediagear.ee\/wp-content\/uploads\/2025\/06\/AVMATRIX_Shark_S6_6-ch_HDMI-SDI_Video_Switcher_with_Recording_and_Streaming.webp\",\"datePublished\":\"2025-06-11T12:21:48+00:00\",\"description\":\"Features: Built-in 5 inch LCD display Input: 4\u00d7SDI and 2\u00d7HDMI Output: 2\u00d7SDI, 1\u00d7HDMI PGM, 2\u00d7SDI AUX ,1\u00d7HDMI Multiview, 1\u00d7USB Type-C RTMP stream...\",\"breadcrumb\":{\"@id\":\"https:\/\/mediagear.ee\/fi\/tuote\/avmatrix-shark-s6-6-ch-hdmi-sdi-video-switcher-with-recording-and-streaming\/#breadcrumb\"},\"inLanguage\":\"fi\",\"potentialAction\":[{\"@type\":\"ReadAction\",\"target\":[\"https:\/\/mediagear.ee\/fi\/tuote\/avmatrix-shark-s6-6-ch-hdmi-sdi-video-switcher-with-recording-and-streaming\/\"]}]},{\"@type\":\"ImageObject\",\"inLanguage\":\"fi\",\"@id\":\"https:\/\/mediagear.ee\/fi\/tuote\/avmatrix-shark-s6-6-ch-hdmi-sdi-video-switcher-with-recording-and-streaming\/#primaryimage\",\"url\":\"https:\/\/mediagear.ee\/wp-content\/uploads\/2025\/06\/AVMATRIX_Shark_S6_6-ch_HDMI-SDI_Video_Switcher_with_Recording_and_Streaming.webp\",\"contentUrl\":\"https:\/\/mediagear.ee\/wp-content\/uploads\/2025\/06\/AVMATRIX_Shark_S6_6-ch_HDMI-SDI_Video_Switcher_with_Recording_and_Streaming.webp\",\"width\":1000,\"height\":1000,\"caption\":\"AVMATRIX Shark S6 6-ch HDMI\/SDI Video Switcher with Recording and Streaming\"},{\"@type\":\"BreadcrumbList\",\"@id\":\"https:\/\/mediagear.ee\/fi\/tuote\/avmatrix-shark-s6-6-ch-hdmi-sdi-video-switcher-with-recording-and-streaming\/#breadcrumb\",\"itemListElement\":[{\"@type\":\"ListItem\",\"position\":1,\"name\":\"Home\",\"item\":\"https:\/\/mediagear.ee\/fi\/\"},{\"@type\":\"ListItem\",\"position\":2,\"name\":\"Pro video- ja \u00e4\u00e4nilaitteiden kauppa\",\"item\":\"https:\/\/mediagear.ee\/fi\/kauppa\/\"},{\"@type\":\"ListItem\",\"position\":3,\"name\":\"SIGNAALINK\u00c4SITTELY\",\"item\":\"https:\/\/mediagear.ee\/fi\/tuote-osasto\/signal-processing-fi\/\"},{\"@type\":\"ListItem\",\"position\":4,\"name\":\"Videomikserit\",\"item\":\"https:\/\/mediagear.ee\/fi\/tuote-osasto\/signal-processing-fi\/video-mixers-fi\/\"},{\"@type\":\"ListItem\",\"position\":5,\"name\":\"AVMATRIX Shark S6 6-ch HDMI\/SDI Video Switcher with Recording and Streaming\"}]},{\"@type\":\"WebSite\",\"@id\":\"https:\/\/mediagear.ee\/fi\/#website\",\"url\":\"https:\/\/mediagear.ee\/fi\/\",\"name\":\"MediaGear\",\"description\":\"Full-service solutions in AV equipment\",\"publisher\":{\"@id\":\"https:\/\/mediagear.ee\/fi\/#organization\"},\"potentialAction\":[{\"@type\":\"SearchAction\",\"target\":{\"@type\":\"EntryPoint\",\"urlTemplate\":\"https:\/\/mediagear.ee\/fi\/?s={search_term_string}\"},\"query-input\":{\"@type\":\"PropertyValueSpecification\",\"valueRequired\":true,\"valueName\":\"search_term_string\"}}],\"inLanguage\":\"fi\"},{\"@type\":\"Organization\",\"@id\":\"https:\/\/mediagear.ee\/fi\/#organization\",\"name\":\"Mediagear\",\"url\":\"https:\/\/mediagear.ee\/fi\/\",\"logo\":{\"@type\":\"ImageObject\",\"inLanguage\":\"fi\",\"@id\":\"https:\/\/mediagear.ee\/fi\/#\/schema\/logo\/image\/\",\"url\":\"http:\/\/mediagear.ee\/wp-content\/uploads\/2024\/05\/MediaGear-logo-transp.png\",\"contentUrl\":\"http:\/\/mediagear.ee\/wp-content\/uploads\/2024\/05\/MediaGear-logo-transp.png\",\"width\":600,\"height\":200,\"caption\":\"Mediagear\"},\"image\":{\"@id\":\"https:\/\/mediagear.ee\/fi\/#\/schema\/logo\/image\/\"},\"sameAs\":[\"https:\/\/www.facebook.com\/Mediagear.ee\/\",\"https:\/\/www.instagram.com\/mediagear_ee\/\"]}]}<\/script>\n<!-- \/ Yoast SEO plugin. -->","yoast_head_json":{"title":"AVMATRIX Shark S6 6-ch HDMI\/SDI Video Switcher with Recording and Streaming - MediaGear","description":"Features: Built-in 5 inch LCD display Input: 4\u00d7SDI and 2\u00d7HDMI Output: 2\u00d7SDI, 1\u00d7HDMI PGM, 2\u00d7SDI AUX ,1\u00d7HDMI Multiview, 1\u00d7USB Type-C RTMP stream...","robots":{"index":"index","follow":"follow","max-snippet":"max-snippet:-1","max-image-preview":"max-image-preview:large","max-video-preview":"max-video-preview:-1"},"canonical":"https:\/\/mediagear.ee\/fi\/tuote\/avmatrix-shark-s6-6-ch-hdmi-sdi-video-switcher-with-recording-and-streaming\/","og_locale":"fi_FI","og_type":"article","og_title":"AVMATRIX Shark S6 6-ch HDMI\/SDI Video Switcher with Recording and Streaming - MediaGear","og_description":"Features: Built-in 5 inch LCD display Input: 4\u00d7SDI and 2\u00d7HDMI Output: 2\u00d7SDI, 1\u00d7HDMI PGM, 2\u00d7SDI AUX ,1\u00d7HDMI Multiview, 1\u00d7USB Type-C RTMP stream...","og_url":"https:\/\/mediagear.ee\/fi\/tuote\/avmatrix-shark-s6-6-ch-hdmi-sdi-video-switcher-with-recording-and-streaming\/","og_site_name":"MediaGear","article_publisher":"https:\/\/www.facebook.com\/Mediagear.ee\/","og_image":[{"width":1000,"height":1000,"url":"https:\/\/mediagear.ee\/wp-content\/uploads\/2025\/06\/AVMATRIX_Shark_S6_6-ch_HDMI-SDI_Video_Switcher_with_Recording_and_Streaming.webp","type":"image\/webp"}],"twitter_card":"summary_large_image","schema":{"@context":"https:\/\/schema.org","@graph":[{"@type":"WebPage","@id":"https:\/\/mediagear.ee\/fi\/tuote\/avmatrix-shark-s6-6-ch-hdmi-sdi-video-switcher-with-recording-and-streaming\/","url":"https:\/\/mediagear.ee\/fi\/tuote\/avmatrix-shark-s6-6-ch-hdmi-sdi-video-switcher-with-recording-and-streaming\/","name":"AVMATRIX Shark S6 6-ch HDMI\/SDI Video Switcher with Recording and Streaming - MediaGear","isPartOf":{"@id":"https:\/\/mediagear.ee\/fi\/#website"},"primaryImageOfPage":{"@id":"https:\/\/mediagear.ee\/fi\/tuote\/avmatrix-shark-s6-6-ch-hdmi-sdi-video-switcher-with-recording-and-streaming\/#primaryimage"},"image":{"@id":"https:\/\/mediagear.ee\/fi\/tuote\/avmatrix-shark-s6-6-ch-hdmi-sdi-video-switcher-with-recording-and-streaming\/#primaryimage"},"thumbnailUrl":"https:\/\/mediagear.ee\/wp-content\/uploads\/2025\/06\/AVMATRIX_Shark_S6_6-ch_HDMI-SDI_Video_Switcher_with_Recording_and_Streaming.webp","datePublished":"2025-06-11T12:21:48+00:00","description":"Features: Built-in 5 inch LCD display Input: 4\u00d7SDI and 2\u00d7HDMI Output: 2\u00d7SDI, 1\u00d7HDMI PGM, 2\u00d7SDI AUX ,1\u00d7HDMI Multiview, 1\u00d7USB Type-C RTMP stream...","breadcrumb":{"@id":"https:\/\/mediagear.ee\/fi\/tuote\/avmatrix-shark-s6-6-ch-hdmi-sdi-video-switcher-with-recording-and-streaming\/#breadcrumb"},"inLanguage":"fi","potentialAction":[{"@type":"ReadAction","target":["https:\/\/mediagear.ee\/fi\/tuote\/avmatrix-shark-s6-6-ch-hdmi-sdi-video-switcher-with-recording-and-streaming\/"]}]},{"@type":"ImageObject","inLanguage":"fi","@id":"https:\/\/mediagear.ee\/fi\/tuote\/avmatrix-shark-s6-6-ch-hdmi-sdi-video-switcher-with-recording-and-streaming\/#primaryimage","url":"https:\/\/mediagear.ee\/wp-content\/uploads\/2025\/06\/AVMATRIX_Shark_S6_6-ch_HDMI-SDI_Video_Switcher_with_Recording_and_Streaming.webp","contentUrl":"https:\/\/mediagear.ee\/wp-content\/uploads\/2025\/06\/AVMATRIX_Shark_S6_6-ch_HDMI-SDI_Video_Switcher_with_Recording_and_Streaming.webp","width":1000,"height":1000,"caption":"AVMATRIX Shark S6 6-ch HDMI\/SDI Video Switcher with Recording and Streaming"},{"@type":"BreadcrumbList","@id":"https:\/\/mediagear.ee\/fi\/tuote\/avmatrix-shark-s6-6-ch-hdmi-sdi-video-switcher-with-recording-and-streaming\/#breadcrumb","itemListElement":[{"@type":"ListItem","position":1,"name":"Home","item":"https:\/\/mediagear.ee\/fi\/"},{"@type":"ListItem","position":2,"name":"Pro video- ja \u00e4\u00e4nilaitteiden kauppa","item":"https:\/\/mediagear.ee\/fi\/kauppa\/"},{"@type":"ListItem","position":3,"name":"SIGNAALINK\u00c4SITTELY","item":"https:\/\/mediagear.ee\/fi\/tuote-osasto\/signal-processing-fi\/"},{"@type":"ListItem","position":4,"name":"Videomikserit","item":"https:\/\/mediagear.ee\/fi\/tuote-osasto\/signal-processing-fi\/video-mixers-fi\/"},{"@type":"ListItem","position":5,"name":"AVMATRIX Shark S6 6-ch HDMI\/SDI Video Switcher with Recording and Streaming"}]},{"@type":"WebSite","@id":"https:\/\/mediagear.ee\/fi\/#website","url":"https:\/\/mediagear.ee\/fi\/","name":"MediaGear","description":"Full-service solutions in AV equipment","publisher":{"@id":"https:\/\/mediagear.ee\/fi\/#organization"},"potentialAction":[{"@type":"SearchAction","target":{"@type":"EntryPoint","urlTemplate":"https:\/\/mediagear.ee\/fi\/?s={search_term_string}"},"query-input":{"@type":"PropertyValueSpecification","valueRequired":true,"valueName":"search_term_string"}}],"inLanguage":"fi"},{"@type":"Organization","@id":"https:\/\/mediagear.ee\/fi\/#organization","name":"Mediagear","url":"https:\/\/mediagear.ee\/fi\/","logo":{"@type":"ImageObject","inLanguage":"fi","@id":"https:\/\/mediagear.ee\/fi\/#\/schema\/logo\/image\/","url":"http:\/\/mediagear.ee\/wp-content\/uploads\/2024\/05\/MediaGear-logo-transp.png","contentUrl":"http:\/\/mediagear.ee\/wp-content\/uploads\/2024\/05\/MediaGear-logo-transp.png","width":600,"height":200,"caption":"Mediagear"},"image":{"@id":"https:\/\/mediagear.ee\/fi\/#\/schema\/logo\/image\/"},"sameAs":["https:\/\/www.facebook.com\/Mediagear.ee\/","https:\/\/www.instagram.com\/mediagear_ee\/"]}]}},"_links":{"self":[{"href":"https:\/\/mediagear.ee\/fi\/wp-json\/wp\/v2\/product\/278474","targetHints":{"allow":["GET"]}}],"collection":[{"href":"https:\/\/mediagear.ee\/fi\/wp-json\/wp\/v2\/product"}],"about":[{"href":"https:\/\/mediagear.ee\/fi\/wp-json\/wp\/v2\/types\/product"}],"wp:featuredmedia":[{"embeddable":true,"href":"https:\/\/mediagear.ee\/fi\/wp-json\/wp\/v2\/media\/278475"}],"wp:attachment":[{"href":"https:\/\/mediagear.ee\/fi\/wp-json\/wp\/v2\/media?parent=278474"}],"wp:term":[{"taxonomy":"brand","embeddable":true,"href":"https:\/\/mediagear.ee\/fi\/wp-json\/wp\/v2\/brand?post=278474"},{"taxonomy":"product_cat","embeddable":true,"href":"https:\/\/mediagear.ee\/fi\/wp-json\/wp\/v2\/product_cat?post=278474"},{"taxonomy":"product_tag","embeddable":true,"href":"https:\/\/mediagear.ee\/fi\/wp-json\/wp\/v2\/product_tag?post=278474"},{"taxonomy":"inventory","embeddable":true,"href":"https:\/\/mediagear.ee\/fi\/wp-json\/wp\/v2\/inventory?post=278474"}],"curies":[{"name":"wp","href":"https:\/\/api.w.org\/{rel}","templated":true}]}}