{"id":279550,"date":"2025-06-11T12:12:24","date_gmt":"2025-06-11T10:12:24","guid":{"rendered":"http:\/\/mediagear.ee\/product\/avmatrix-se1217-h-264-265-hdmi-streaming-encoder\/"},"modified":"2025-06-11T12:12:24","modified_gmt":"2025-06-11T10:12:24","slug":"avmatrix-se1217-h-264-265-hdmi-streaming-encoder","status":"publish","type":"product","link":"https:\/\/mediagear.ee\/fi\/tuote\/avmatrix-se1217-h-264-265-hdmi-streaming-encoder\/","title":{"rendered":"AVMATRIX SE1217 H.264\/265 HDMI streaming encoder"},"content":{"rendered":"","protected":false},"excerpt":{"rendered":"<ul>\n<li>1\u00d7HDMI input, 1\u00d7HDMI loop out, 1\u00d7Analog audio input<\/li>\n<li>Supports H.265\/ H.264 stream encode protocol, up to 1080p60hz<\/li>\n<li>Dual-stream (main stream and sub stream)<\/li>\n<li>RTSP, RTP, RTMPS, RTMP, HTTP, UDP, SRT, unicast and multicast<\/li>\n<li>Video and audio streaming or single audio streaming<\/li>\n<li>Image and text overlay<\/li>\n<li>Mirror image &amp; upside-down image<\/li>\n<li>Live stream with no need for connecting a computer<\/li>\n<\/ul>\n","protected":false},"featured_media":279551,"template":"","meta":{"_acf_changed":false},"brand":[5974],"product_cat":[6136],"product_tag":[],"inventory":[],"class_list":{"0":"post-279550","1":"product","2":"type-product","3":"status-publish","4":"has-post-thumbnail","6":"brand-avmatrix-fi","7":"product_cat-streamers-fi","9":"first","10":"onbackorder","11":"taxable","12":"shipping-taxable","13":"purchasable","14":"product-type-simple"},"acf":[],"yoast_head":"<!-- This site is optimized with the Yoast SEO plugin v27.1.1 - https:\/\/yoast.com\/product\/yoast-seo-wordpress\/ -->\n<title>AVMATRIX SE1217 H.264\/265 HDMI streaming encoder - MediaGear<\/title>\n<meta name=\"description\" content=\"1\u00d7HDMI input, 1\u00d7HDMI loop out, 1\u00d7Analog audio input Supports H.265\/ H.264 stream encode protocol, up to 1080p60hz Dual-stream (main stream and ...\" \/>\n<meta name=\"robots\" content=\"index, follow, max-snippet:-1, max-image-preview:large, max-video-preview:-1\" \/>\n<link rel=\"canonical\" href=\"https:\/\/mediagear.ee\/fi\/tuote\/avmatrix-se1217-h-264-265-hdmi-streaming-encoder\/\" \/>\n<meta property=\"og:locale\" content=\"fi_FI\" \/>\n<meta property=\"og:type\" content=\"article\" \/>\n<meta property=\"og:title\" content=\"AVMATRIX SE1217 H.264\/265 HDMI streaming encoder - MediaGear\" \/>\n<meta property=\"og:description\" content=\"1\u00d7HDMI input, 1\u00d7HDMI loop out, 1\u00d7Analog audio input Supports H.265\/ H.264 stream encode protocol, up to 1080p60hz Dual-stream (main stream and ...\" \/>\n<meta property=\"og:url\" content=\"https:\/\/mediagear.ee\/fi\/tuote\/avmatrix-se1217-h-264-265-hdmi-streaming-encoder\/\" \/>\n<meta property=\"og:site_name\" content=\"MediaGear\" \/>\n<meta property=\"article:publisher\" content=\"https:\/\/www.facebook.com\/Mediagear.ee\/\" \/>\n<meta property=\"og:image\" content=\"https:\/\/mediagear.ee\/wp-content\/uploads\/2025\/06\/AVMATRIX_SE1217-1.jpg\" \/>\n\t<meta property=\"og:image:width\" content=\"1500\" \/>\n\t<meta property=\"og:image:height\" content=\"1500\" \/>\n\t<meta property=\"og:image:type\" content=\"image\/jpeg\" \/>\n<meta name=\"twitter:card\" content=\"summary_large_image\" \/>\n<script type=\"application\/ld+json\" class=\"yoast-schema-graph\">{\"@context\":\"https:\/\/schema.org\",\"@graph\":[{\"@type\":\"WebPage\",\"@id\":\"https:\/\/mediagear.ee\/fi\/tuote\/avmatrix-se1217-h-264-265-hdmi-streaming-encoder\/\",\"url\":\"https:\/\/mediagear.ee\/fi\/tuote\/avmatrix-se1217-h-264-265-hdmi-streaming-encoder\/\",\"name\":\"AVMATRIX SE1217 H.264\/265 HDMI streaming encoder - MediaGear\",\"isPartOf\":{\"@id\":\"https:\/\/mediagear.ee\/fi\/#website\"},\"primaryImageOfPage\":{\"@id\":\"https:\/\/mediagear.ee\/fi\/tuote\/avmatrix-se1217-h-264-265-hdmi-streaming-encoder\/#primaryimage\"},\"image\":{\"@id\":\"https:\/\/mediagear.ee\/fi\/tuote\/avmatrix-se1217-h-264-265-hdmi-streaming-encoder\/#primaryimage\"},\"thumbnailUrl\":\"https:\/\/mediagear.ee\/wp-content\/uploads\/2025\/06\/AVMATRIX_SE1217-1.jpg\",\"datePublished\":\"2025-06-11T10:12:24+00:00\",\"description\":\"1\u00d7HDMI input, 1\u00d7HDMI loop out, 1\u00d7Analog audio input Supports H.265\/ H.264 stream encode protocol, up to 1080p60hz Dual-stream (main stream and ...\",\"breadcrumb\":{\"@id\":\"https:\/\/mediagear.ee\/fi\/tuote\/avmatrix-se1217-h-264-265-hdmi-streaming-encoder\/#breadcrumb\"},\"inLanguage\":\"fi\",\"potentialAction\":[{\"@type\":\"ReadAction\",\"target\":[\"https:\/\/mediagear.ee\/fi\/tuote\/avmatrix-se1217-h-264-265-hdmi-streaming-encoder\/\"]}]},{\"@type\":\"ImageObject\",\"inLanguage\":\"fi\",\"@id\":\"https:\/\/mediagear.ee\/fi\/tuote\/avmatrix-se1217-h-264-265-hdmi-streaming-encoder\/#primaryimage\",\"url\":\"https:\/\/mediagear.ee\/wp-content\/uploads\/2025\/06\/AVMATRIX_SE1217-1.jpg\",\"contentUrl\":\"https:\/\/mediagear.ee\/wp-content\/uploads\/2025\/06\/AVMATRIX_SE1217-1.jpg\",\"width\":1500,\"height\":1500,\"caption\":\"AVMATRIX SE1217 H.264\/265 HDMI streaming encoder\"},{\"@type\":\"BreadcrumbList\",\"@id\":\"https:\/\/mediagear.ee\/fi\/tuote\/avmatrix-se1217-h-264-265-hdmi-streaming-encoder\/#breadcrumb\",\"itemListElement\":[{\"@type\":\"ListItem\",\"position\":1,\"name\":\"Home\",\"item\":\"https:\/\/mediagear.ee\/fi\/\"},{\"@type\":\"ListItem\",\"position\":2,\"name\":\"Pro video- ja \u00e4\u00e4nilaitteiden kauppa\",\"item\":\"https:\/\/mediagear.ee\/fi\/kauppa\/\"},{\"@type\":\"ListItem\",\"position\":3,\"name\":\"SIGNAALINK\u00c4SITTELY\",\"item\":\"https:\/\/mediagear.ee\/fi\/tuote-osasto\/signal-processing-fi\/\"},{\"@type\":\"ListItem\",\"position\":4,\"name\":\"Striimerit\",\"item\":\"https:\/\/mediagear.ee\/fi\/tuote-osasto\/signal-processing-fi\/streamers-fi\/\"},{\"@type\":\"ListItem\",\"position\":5,\"name\":\"AVMATRIX SE1217 H.264\/265 HDMI streaming encoder\"}]},{\"@type\":\"WebSite\",\"@id\":\"https:\/\/mediagear.ee\/fi\/#website\",\"url\":\"https:\/\/mediagear.ee\/fi\/\",\"name\":\"MediaGear\",\"description\":\"Full-service solutions in AV equipment\",\"publisher\":{\"@id\":\"https:\/\/mediagear.ee\/fi\/#organization\"},\"potentialAction\":[{\"@type\":\"SearchAction\",\"target\":{\"@type\":\"EntryPoint\",\"urlTemplate\":\"https:\/\/mediagear.ee\/fi\/?s={search_term_string}\"},\"query-input\":{\"@type\":\"PropertyValueSpecification\",\"valueRequired\":true,\"valueName\":\"search_term_string\"}}],\"inLanguage\":\"fi\"},{\"@type\":\"Organization\",\"@id\":\"https:\/\/mediagear.ee\/fi\/#organization\",\"name\":\"Mediagear\",\"url\":\"https:\/\/mediagear.ee\/fi\/\",\"logo\":{\"@type\":\"ImageObject\",\"inLanguage\":\"fi\",\"@id\":\"https:\/\/mediagear.ee\/fi\/#\/schema\/logo\/image\/\",\"url\":\"http:\/\/mediagear.ee\/wp-content\/uploads\/2024\/05\/MediaGear-logo-transp.png\",\"contentUrl\":\"http:\/\/mediagear.ee\/wp-content\/uploads\/2024\/05\/MediaGear-logo-transp.png\",\"width\":600,\"height\":200,\"caption\":\"Mediagear\"},\"image\":{\"@id\":\"https:\/\/mediagear.ee\/fi\/#\/schema\/logo\/image\/\"},\"sameAs\":[\"https:\/\/www.facebook.com\/Mediagear.ee\/\",\"https:\/\/www.instagram.com\/mediagear_ee\/\"]}]}<\/script>\n<!-- \/ Yoast SEO plugin. -->","yoast_head_json":{"title":"AVMATRIX SE1217 H.264\/265 HDMI streaming encoder - MediaGear","description":"1\u00d7HDMI input, 1\u00d7HDMI loop out, 1\u00d7Analog audio input Supports H.265\/ H.264 stream encode protocol, up to 1080p60hz Dual-stream (main stream and ...","robots":{"index":"index","follow":"follow","max-snippet":"max-snippet:-1","max-image-preview":"max-image-preview:large","max-video-preview":"max-video-preview:-1"},"canonical":"https:\/\/mediagear.ee\/fi\/tuote\/avmatrix-se1217-h-264-265-hdmi-streaming-encoder\/","og_locale":"fi_FI","og_type":"article","og_title":"AVMATRIX SE1217 H.264\/265 HDMI streaming encoder - MediaGear","og_description":"1\u00d7HDMI input, 1\u00d7HDMI loop out, 1\u00d7Analog audio input Supports H.265\/ H.264 stream encode protocol, up to 1080p60hz Dual-stream (main stream and ...","og_url":"https:\/\/mediagear.ee\/fi\/tuote\/avmatrix-se1217-h-264-265-hdmi-streaming-encoder\/","og_site_name":"MediaGear","article_publisher":"https:\/\/www.facebook.com\/Mediagear.ee\/","og_image":[{"width":1500,"height":1500,"url":"https:\/\/mediagear.ee\/wp-content\/uploads\/2025\/06\/AVMATRIX_SE1217-1.jpg","type":"image\/jpeg"}],"twitter_card":"summary_large_image","schema":{"@context":"https:\/\/schema.org","@graph":[{"@type":"WebPage","@id":"https:\/\/mediagear.ee\/fi\/tuote\/avmatrix-se1217-h-264-265-hdmi-streaming-encoder\/","url":"https:\/\/mediagear.ee\/fi\/tuote\/avmatrix-se1217-h-264-265-hdmi-streaming-encoder\/","name":"AVMATRIX SE1217 H.264\/265 HDMI streaming encoder - MediaGear","isPartOf":{"@id":"https:\/\/mediagear.ee\/fi\/#website"},"primaryImageOfPage":{"@id":"https:\/\/mediagear.ee\/fi\/tuote\/avmatrix-se1217-h-264-265-hdmi-streaming-encoder\/#primaryimage"},"image":{"@id":"https:\/\/mediagear.ee\/fi\/tuote\/avmatrix-se1217-h-264-265-hdmi-streaming-encoder\/#primaryimage"},"thumbnailUrl":"https:\/\/mediagear.ee\/wp-content\/uploads\/2025\/06\/AVMATRIX_SE1217-1.jpg","datePublished":"2025-06-11T10:12:24+00:00","description":"1\u00d7HDMI input, 1\u00d7HDMI loop out, 1\u00d7Analog audio input Supports H.265\/ H.264 stream encode protocol, up to 1080p60hz Dual-stream (main stream and ...","breadcrumb":{"@id":"https:\/\/mediagear.ee\/fi\/tuote\/avmatrix-se1217-h-264-265-hdmi-streaming-encoder\/#breadcrumb"},"inLanguage":"fi","potentialAction":[{"@type":"ReadAction","target":["https:\/\/mediagear.ee\/fi\/tuote\/avmatrix-se1217-h-264-265-hdmi-streaming-encoder\/"]}]},{"@type":"ImageObject","inLanguage":"fi","@id":"https:\/\/mediagear.ee\/fi\/tuote\/avmatrix-se1217-h-264-265-hdmi-streaming-encoder\/#primaryimage","url":"https:\/\/mediagear.ee\/wp-content\/uploads\/2025\/06\/AVMATRIX_SE1217-1.jpg","contentUrl":"https:\/\/mediagear.ee\/wp-content\/uploads\/2025\/06\/AVMATRIX_SE1217-1.jpg","width":1500,"height":1500,"caption":"AVMATRIX SE1217 H.264\/265 HDMI streaming encoder"},{"@type":"BreadcrumbList","@id":"https:\/\/mediagear.ee\/fi\/tuote\/avmatrix-se1217-h-264-265-hdmi-streaming-encoder\/#breadcrumb","itemListElement":[{"@type":"ListItem","position":1,"name":"Home","item":"https:\/\/mediagear.ee\/fi\/"},{"@type":"ListItem","position":2,"name":"Pro video- ja \u00e4\u00e4nilaitteiden kauppa","item":"https:\/\/mediagear.ee\/fi\/kauppa\/"},{"@type":"ListItem","position":3,"name":"SIGNAALINK\u00c4SITTELY","item":"https:\/\/mediagear.ee\/fi\/tuote-osasto\/signal-processing-fi\/"},{"@type":"ListItem","position":4,"name":"Striimerit","item":"https:\/\/mediagear.ee\/fi\/tuote-osasto\/signal-processing-fi\/streamers-fi\/"},{"@type":"ListItem","position":5,"name":"AVMATRIX SE1217 H.264\/265 HDMI streaming encoder"}]},{"@type":"WebSite","@id":"https:\/\/mediagear.ee\/fi\/#website","url":"https:\/\/mediagear.ee\/fi\/","name":"MediaGear","description":"Full-service solutions in AV equipment","publisher":{"@id":"https:\/\/mediagear.ee\/fi\/#organization"},"potentialAction":[{"@type":"SearchAction","target":{"@type":"EntryPoint","urlTemplate":"https:\/\/mediagear.ee\/fi\/?s={search_term_string}"},"query-input":{"@type":"PropertyValueSpecification","valueRequired":true,"valueName":"search_term_string"}}],"inLanguage":"fi"},{"@type":"Organization","@id":"https:\/\/mediagear.ee\/fi\/#organization","name":"Mediagear","url":"https:\/\/mediagear.ee\/fi\/","logo":{"@type":"ImageObject","inLanguage":"fi","@id":"https:\/\/mediagear.ee\/fi\/#\/schema\/logo\/image\/","url":"http:\/\/mediagear.ee\/wp-content\/uploads\/2024\/05\/MediaGear-logo-transp.png","contentUrl":"http:\/\/mediagear.ee\/wp-content\/uploads\/2024\/05\/MediaGear-logo-transp.png","width":600,"height":200,"caption":"Mediagear"},"image":{"@id":"https:\/\/mediagear.ee\/fi\/#\/schema\/logo\/image\/"},"sameAs":["https:\/\/www.facebook.com\/Mediagear.ee\/","https:\/\/www.instagram.com\/mediagear_ee\/"]}]}},"_links":{"self":[{"href":"https:\/\/mediagear.ee\/fi\/wp-json\/wp\/v2\/product\/279550","targetHints":{"allow":["GET"]}}],"collection":[{"href":"https:\/\/mediagear.ee\/fi\/wp-json\/wp\/v2\/product"}],"about":[{"href":"https:\/\/mediagear.ee\/fi\/wp-json\/wp\/v2\/types\/product"}],"wp:featuredmedia":[{"embeddable":true,"href":"https:\/\/mediagear.ee\/fi\/wp-json\/wp\/v2\/media\/279551"}],"wp:attachment":[{"href":"https:\/\/mediagear.ee\/fi\/wp-json\/wp\/v2\/media?parent=279550"}],"wp:term":[{"taxonomy":"brand","embeddable":true,"href":"https:\/\/mediagear.ee\/fi\/wp-json\/wp\/v2\/brand?post=279550"},{"taxonomy":"product_cat","embeddable":true,"href":"https:\/\/mediagear.ee\/fi\/wp-json\/wp\/v2\/product_cat?post=279550"},{"taxonomy":"product_tag","embeddable":true,"href":"https:\/\/mediagear.ee\/fi\/wp-json\/wp\/v2\/product_tag?post=279550"},{"taxonomy":"inventory","embeddable":true,"href":"https:\/\/mediagear.ee\/fi\/wp-json\/wp\/v2\/inventory?post=279550"}],"curies":[{"name":"wp","href":"https:\/\/api.w.org\/{rel}","templated":true}]}}