{"id":279821,"date":"2025-06-10T15:21:43","date_gmt":"2025-06-10T13:21:43","guid":{"rendered":"http:\/\/mediagear.ee\/product\/huddlecamhd-3xeptz-usb-webcam\/"},"modified":"2025-06-10T15:21:43","modified_gmt":"2025-06-10T13:21:43","slug":"huddlecamhd-3xeptz-usb-webcam","status":"publish","type":"product","link":"https:\/\/mediagear.ee\/fi\/tuote\/huddlecamhd-3xeptz-usb-webcam\/","title":{"rendered":"HuddleCamHD 3xEPTZ-USB webcam"},"content":{"rendered":"","protected":false},"excerpt":{"rendered":"<p>With an ultra-crisp 4K sensor, this webcam will take your video conferencing and live streaming projects to the next level. Want to pan, tilt and zoom with a webcam? No problem! Capture beautiful video in 4k and zoom in just like a broadcast PTZ camera with loss-less digital zoom. Zoom in to and create digital ePTZ presets that you can recall with the click of a button, using the included IR remote. Also included in its sleek design is an array microphone, enabling a complete solution.<\/p>\n<p><strong>Technical specifications:<\/strong><\/p>\n<ul>\n<li><strong>Frame Rate:<\/strong>\u00a030fps<\/li>\n<li><strong>Resolutions:<\/strong>3840\u00d72160, 1920\u00d71080, 1280\u00d7720, 1024\u00d7576, 960\u00d7540, 960\u00d7480, 640\u00d7360<\/li>\n<li><strong>Lens Zoom:<\/strong>\u00a08X Digital Zoom, EPTZ<\/li>\n<li><strong>Video CMOS Sensor:<\/strong>\u00a01\/2.5\u201d CMOS 8.51M Mega Pixel<\/li>\n<li><strong>Compression:<\/strong>\u00a0MJPEG, YUY2<\/li>\n<li><strong>Min Lux: <\/strong>0.05 Lux @ F1.8, AGC ON<\/li>\n<li><strong>Connections:<\/strong>\u00a0USB 3.0, HDMI 2.0<\/li>\n<li><strong>Working Environment:<\/strong>\u00a0Indoor<\/li>\n<li><strong>Power LED:<\/strong>\u00a0Blue LED to signal power<\/li>\n<li><strong>Color:<\/strong>\u00a0Gray<\/li>\n<li><strong>Warranty:<\/strong>\u00a03 Years parts and labor<\/li>\n<li><strong>Dimensions: <\/strong>194mmW x 60mmH x 93mmD<\/li>\n<li><strong>Box Dimensions (mm):\u00a0<\/strong>238mmW x 109.5mmH x 117.5mmD<\/li>\n<li><strong>Boxed Weight: <\/strong>1.1kg<\/li>\n<li><strong>Input Voltage:\u00a0<\/strong>5V (USB 3.0 Power)<\/li>\n<li><strong>Dimensions:<\/strong>\u00a0194mmW x 60mmH x 93mmD<\/li>\n<\/ul>\n<p>https:\/\/youtu.be\/k-eASWKuETw<\/p>\n","protected":false},"featured_media":279822,"template":"","meta":{"_acf_changed":false},"brand":[6033],"product_cat":[6102],"product_tag":[],"inventory":[],"class_list":{"0":"post-279821","1":"product","2":"type-product","3":"status-publish","4":"has-post-thumbnail","6":"brand-ptz-optics-fi","7":"product_cat-webcams-fi","9":"first","10":"instock","11":"sale","12":"taxable","13":"shipping-taxable","14":"purchasable","15":"product-type-simple"},"acf":[],"yoast_head":"<!-- This site is optimized with the Yoast SEO plugin v27.1.1 - https:\/\/yoast.com\/product\/yoast-seo-wordpress\/ -->\n<title>HuddleCamHD 3xEPTZ-USB webcam - MediaGear<\/title>\n<meta name=\"description\" content=\"With an ultra-crisp 4K sensor, this webcam will take your video conferencing and live streaming projects to the next level. Want to pan, tilt and z...\" \/>\n<meta name=\"robots\" content=\"index, follow, max-snippet:-1, max-image-preview:large, max-video-preview:-1\" \/>\n<link rel=\"canonical\" href=\"https:\/\/mediagear.ee\/fi\/tuote\/huddlecamhd-3xeptz-usb-webcam\/\" \/>\n<meta property=\"og:locale\" content=\"fi_FI\" \/>\n<meta property=\"og:type\" content=\"article\" \/>\n<meta property=\"og:title\" content=\"HuddleCamHD 3xEPTZ-USB webcam - MediaGear\" \/>\n<meta property=\"og:description\" content=\"With an ultra-crisp 4K sensor, this webcam will take your video conferencing and live streaming projects to the next level. Want to pan, tilt and z...\" \/>\n<meta property=\"og:url\" content=\"https:\/\/mediagear.ee\/fi\/tuote\/huddlecamhd-3xeptz-usb-webcam\/\" \/>\n<meta property=\"og:site_name\" content=\"MediaGear\" \/>\n<meta property=\"article:publisher\" content=\"https:\/\/www.facebook.com\/Mediagear.ee\/\" \/>\n<meta property=\"og:image\" content=\"https:\/\/mediagear.ee\/wp-content\/uploads\/2025\/06\/HuddleCamHD_3xEPTZ-USB_webcam.jpg\" \/>\n\t<meta property=\"og:image:width\" content=\"930\" \/>\n\t<meta property=\"og:image:height\" content=\"930\" \/>\n\t<meta property=\"og:image:type\" content=\"image\/jpeg\" \/>\n<meta name=\"twitter:card\" content=\"summary_large_image\" \/>\n<script type=\"application\/ld+json\" class=\"yoast-schema-graph\">{\"@context\":\"https:\/\/schema.org\",\"@graph\":[{\"@type\":\"WebPage\",\"@id\":\"https:\/\/mediagear.ee\/fi\/tuote\/huddlecamhd-3xeptz-usb-webcam\/\",\"url\":\"https:\/\/mediagear.ee\/fi\/tuote\/huddlecamhd-3xeptz-usb-webcam\/\",\"name\":\"HuddleCamHD 3xEPTZ-USB webcam - MediaGear\",\"isPartOf\":{\"@id\":\"https:\/\/mediagear.ee\/fi\/#website\"},\"primaryImageOfPage\":{\"@id\":\"https:\/\/mediagear.ee\/fi\/tuote\/huddlecamhd-3xeptz-usb-webcam\/#primaryimage\"},\"image\":{\"@id\":\"https:\/\/mediagear.ee\/fi\/tuote\/huddlecamhd-3xeptz-usb-webcam\/#primaryimage\"},\"thumbnailUrl\":\"https:\/\/mediagear.ee\/wp-content\/uploads\/2025\/06\/HuddleCamHD_3xEPTZ-USB_webcam.jpg\",\"datePublished\":\"2025-06-10T13:21:43+00:00\",\"description\":\"With an ultra-crisp 4K sensor, this webcam will take your video conferencing and live streaming projects to the next level. Want to pan, tilt and z...\",\"breadcrumb\":{\"@id\":\"https:\/\/mediagear.ee\/fi\/tuote\/huddlecamhd-3xeptz-usb-webcam\/#breadcrumb\"},\"inLanguage\":\"fi\",\"potentialAction\":[{\"@type\":\"ReadAction\",\"target\":[\"https:\/\/mediagear.ee\/fi\/tuote\/huddlecamhd-3xeptz-usb-webcam\/\"]}]},{\"@type\":\"ImageObject\",\"inLanguage\":\"fi\",\"@id\":\"https:\/\/mediagear.ee\/fi\/tuote\/huddlecamhd-3xeptz-usb-webcam\/#primaryimage\",\"url\":\"https:\/\/mediagear.ee\/wp-content\/uploads\/2025\/06\/HuddleCamHD_3xEPTZ-USB_webcam.jpg\",\"contentUrl\":\"https:\/\/mediagear.ee\/wp-content\/uploads\/2025\/06\/HuddleCamHD_3xEPTZ-USB_webcam.jpg\",\"width\":930,\"height\":930,\"caption\":\"HuddleCamHD 3xEPTZ-USB webcam\"},{\"@type\":\"BreadcrumbList\",\"@id\":\"https:\/\/mediagear.ee\/fi\/tuote\/huddlecamhd-3xeptz-usb-webcam\/#breadcrumb\",\"itemListElement\":[{\"@type\":\"ListItem\",\"position\":1,\"name\":\"Home\",\"item\":\"https:\/\/mediagear.ee\/fi\/\"},{\"@type\":\"ListItem\",\"position\":2,\"name\":\"Pro video- ja \u00e4\u00e4nilaitteiden kauppa\",\"item\":\"https:\/\/mediagear.ee\/fi\/kauppa\/\"},{\"@type\":\"ListItem\",\"position\":3,\"name\":\"KAMERAT\",\"item\":\"https:\/\/mediagear.ee\/fi\/tuote-osasto\/cameras-fi\/\"},{\"@type\":\"ListItem\",\"position\":4,\"name\":\"Web-kamerat\",\"item\":\"https:\/\/mediagear.ee\/fi\/tuote-osasto\/cameras-fi\/webcams-fi\/\"},{\"@type\":\"ListItem\",\"position\":5,\"name\":\"HuddleCamHD 3xEPTZ-USB webcam\"}]},{\"@type\":\"WebSite\",\"@id\":\"https:\/\/mediagear.ee\/fi\/#website\",\"url\":\"https:\/\/mediagear.ee\/fi\/\",\"name\":\"MediaGear\",\"description\":\"Full-service solutions in AV equipment\",\"publisher\":{\"@id\":\"https:\/\/mediagear.ee\/fi\/#organization\"},\"potentialAction\":[{\"@type\":\"SearchAction\",\"target\":{\"@type\":\"EntryPoint\",\"urlTemplate\":\"https:\/\/mediagear.ee\/fi\/?s={search_term_string}\"},\"query-input\":{\"@type\":\"PropertyValueSpecification\",\"valueRequired\":true,\"valueName\":\"search_term_string\"}}],\"inLanguage\":\"fi\"},{\"@type\":\"Organization\",\"@id\":\"https:\/\/mediagear.ee\/fi\/#organization\",\"name\":\"Mediagear\",\"url\":\"https:\/\/mediagear.ee\/fi\/\",\"logo\":{\"@type\":\"ImageObject\",\"inLanguage\":\"fi\",\"@id\":\"https:\/\/mediagear.ee\/fi\/#\/schema\/logo\/image\/\",\"url\":\"http:\/\/mediagear.ee\/wp-content\/uploads\/2024\/05\/MediaGear-logo-transp.png\",\"contentUrl\":\"http:\/\/mediagear.ee\/wp-content\/uploads\/2024\/05\/MediaGear-logo-transp.png\",\"width\":600,\"height\":200,\"caption\":\"Mediagear\"},\"image\":{\"@id\":\"https:\/\/mediagear.ee\/fi\/#\/schema\/logo\/image\/\"},\"sameAs\":[\"https:\/\/www.facebook.com\/Mediagear.ee\/\",\"https:\/\/www.instagram.com\/mediagear_ee\/\"]}]}<\/script>\n<!-- \/ Yoast SEO plugin. -->","yoast_head_json":{"title":"HuddleCamHD 3xEPTZ-USB webcam - MediaGear","description":"With an ultra-crisp 4K sensor, this webcam will take your video conferencing and live streaming projects to the next level. Want to pan, tilt and z...","robots":{"index":"index","follow":"follow","max-snippet":"max-snippet:-1","max-image-preview":"max-image-preview:large","max-video-preview":"max-video-preview:-1"},"canonical":"https:\/\/mediagear.ee\/fi\/tuote\/huddlecamhd-3xeptz-usb-webcam\/","og_locale":"fi_FI","og_type":"article","og_title":"HuddleCamHD 3xEPTZ-USB webcam - MediaGear","og_description":"With an ultra-crisp 4K sensor, this webcam will take your video conferencing and live streaming projects to the next level. Want to pan, tilt and z...","og_url":"https:\/\/mediagear.ee\/fi\/tuote\/huddlecamhd-3xeptz-usb-webcam\/","og_site_name":"MediaGear","article_publisher":"https:\/\/www.facebook.com\/Mediagear.ee\/","og_image":[{"width":930,"height":930,"url":"https:\/\/mediagear.ee\/wp-content\/uploads\/2025\/06\/HuddleCamHD_3xEPTZ-USB_webcam.jpg","type":"image\/jpeg"}],"twitter_card":"summary_large_image","schema":{"@context":"https:\/\/schema.org","@graph":[{"@type":"WebPage","@id":"https:\/\/mediagear.ee\/fi\/tuote\/huddlecamhd-3xeptz-usb-webcam\/","url":"https:\/\/mediagear.ee\/fi\/tuote\/huddlecamhd-3xeptz-usb-webcam\/","name":"HuddleCamHD 3xEPTZ-USB webcam - MediaGear","isPartOf":{"@id":"https:\/\/mediagear.ee\/fi\/#website"},"primaryImageOfPage":{"@id":"https:\/\/mediagear.ee\/fi\/tuote\/huddlecamhd-3xeptz-usb-webcam\/#primaryimage"},"image":{"@id":"https:\/\/mediagear.ee\/fi\/tuote\/huddlecamhd-3xeptz-usb-webcam\/#primaryimage"},"thumbnailUrl":"https:\/\/mediagear.ee\/wp-content\/uploads\/2025\/06\/HuddleCamHD_3xEPTZ-USB_webcam.jpg","datePublished":"2025-06-10T13:21:43+00:00","description":"With an ultra-crisp 4K sensor, this webcam will take your video conferencing and live streaming projects to the next level. Want to pan, tilt and z...","breadcrumb":{"@id":"https:\/\/mediagear.ee\/fi\/tuote\/huddlecamhd-3xeptz-usb-webcam\/#breadcrumb"},"inLanguage":"fi","potentialAction":[{"@type":"ReadAction","target":["https:\/\/mediagear.ee\/fi\/tuote\/huddlecamhd-3xeptz-usb-webcam\/"]}]},{"@type":"ImageObject","inLanguage":"fi","@id":"https:\/\/mediagear.ee\/fi\/tuote\/huddlecamhd-3xeptz-usb-webcam\/#primaryimage","url":"https:\/\/mediagear.ee\/wp-content\/uploads\/2025\/06\/HuddleCamHD_3xEPTZ-USB_webcam.jpg","contentUrl":"https:\/\/mediagear.ee\/wp-content\/uploads\/2025\/06\/HuddleCamHD_3xEPTZ-USB_webcam.jpg","width":930,"height":930,"caption":"HuddleCamHD 3xEPTZ-USB webcam"},{"@type":"BreadcrumbList","@id":"https:\/\/mediagear.ee\/fi\/tuote\/huddlecamhd-3xeptz-usb-webcam\/#breadcrumb","itemListElement":[{"@type":"ListItem","position":1,"name":"Home","item":"https:\/\/mediagear.ee\/fi\/"},{"@type":"ListItem","position":2,"name":"Pro video- ja \u00e4\u00e4nilaitteiden kauppa","item":"https:\/\/mediagear.ee\/fi\/kauppa\/"},{"@type":"ListItem","position":3,"name":"KAMERAT","item":"https:\/\/mediagear.ee\/fi\/tuote-osasto\/cameras-fi\/"},{"@type":"ListItem","position":4,"name":"Web-kamerat","item":"https:\/\/mediagear.ee\/fi\/tuote-osasto\/cameras-fi\/webcams-fi\/"},{"@type":"ListItem","position":5,"name":"HuddleCamHD 3xEPTZ-USB webcam"}]},{"@type":"WebSite","@id":"https:\/\/mediagear.ee\/fi\/#website","url":"https:\/\/mediagear.ee\/fi\/","name":"MediaGear","description":"Full-service solutions in AV equipment","publisher":{"@id":"https:\/\/mediagear.ee\/fi\/#organization"},"potentialAction":[{"@type":"SearchAction","target":{"@type":"EntryPoint","urlTemplate":"https:\/\/mediagear.ee\/fi\/?s={search_term_string}"},"query-input":{"@type":"PropertyValueSpecification","valueRequired":true,"valueName":"search_term_string"}}],"inLanguage":"fi"},{"@type":"Organization","@id":"https:\/\/mediagear.ee\/fi\/#organization","name":"Mediagear","url":"https:\/\/mediagear.ee\/fi\/","logo":{"@type":"ImageObject","inLanguage":"fi","@id":"https:\/\/mediagear.ee\/fi\/#\/schema\/logo\/image\/","url":"http:\/\/mediagear.ee\/wp-content\/uploads\/2024\/05\/MediaGear-logo-transp.png","contentUrl":"http:\/\/mediagear.ee\/wp-content\/uploads\/2024\/05\/MediaGear-logo-transp.png","width":600,"height":200,"caption":"Mediagear"},"image":{"@id":"https:\/\/mediagear.ee\/fi\/#\/schema\/logo\/image\/"},"sameAs":["https:\/\/www.facebook.com\/Mediagear.ee\/","https:\/\/www.instagram.com\/mediagear_ee\/"]}]}},"_links":{"self":[{"href":"https:\/\/mediagear.ee\/fi\/wp-json\/wp\/v2\/product\/279821","targetHints":{"allow":["GET"]}}],"collection":[{"href":"https:\/\/mediagear.ee\/fi\/wp-json\/wp\/v2\/product"}],"about":[{"href":"https:\/\/mediagear.ee\/fi\/wp-json\/wp\/v2\/types\/product"}],"wp:featuredmedia":[{"embeddable":true,"href":"https:\/\/mediagear.ee\/fi\/wp-json\/wp\/v2\/media\/279822"}],"wp:attachment":[{"href":"https:\/\/mediagear.ee\/fi\/wp-json\/wp\/v2\/media?parent=279821"}],"wp:term":[{"taxonomy":"brand","embeddable":true,"href":"https:\/\/mediagear.ee\/fi\/wp-json\/wp\/v2\/brand?post=279821"},{"taxonomy":"product_cat","embeddable":true,"href":"https:\/\/mediagear.ee\/fi\/wp-json\/wp\/v2\/product_cat?post=279821"},{"taxonomy":"product_tag","embeddable":true,"href":"https:\/\/mediagear.ee\/fi\/wp-json\/wp\/v2\/product_tag?post=279821"},{"taxonomy":"inventory","embeddable":true,"href":"https:\/\/mediagear.ee\/fi\/wp-json\/wp\/v2\/inventory?post=279821"}],"curies":[{"name":"wp","href":"https:\/\/api.w.org\/{rel}","templated":true}]}}