{"id":283710,"date":"2025-09-04T14:52:51","date_gmt":"2025-09-04T11:52:51","guid":{"rendered":"http:\/\/mediagear.ee\/product\/lexar-sdxc-armor-gold-uhs-ii-u3-stainless-steel-ip68-r280-w210-v60-128gb\/"},"modified":"2026-01-15T14:32:34","modified_gmt":"2026-01-15T12:32:34","slug":"lexar-sdxc-armor-gold-uhs-ii-u3-stainless-steel-ip68-r280-w210-v60-128gb","status":"publish","type":"product","link":"https:\/\/mediagear.ee\/fi\/tuote\/lexar-sdxc-armor-gold-uhs-ii-u3-stainless-steel-ip68-r280-w210-v60-128gb\/","title":{"rendered":"LEXAR SDXC ARMOR Gold UHS-II U3, Stainless Steel, IP68 R280\/W210 (V60) 128GB"},"content":{"rendered":"<p>Kirjutamiskiirused kuni 205 MB\/s v\u00f5imaldavad teil j\u00e4\u00e4dvustada iga kaadrit, samas kui \u00fclimalt vastupidav roostevabast terasest konstruktsioon talub \u00e4\u00e4rmuslikke tingimusi, peab vastu kukkumistele ja talub iga sammu jooksul ilmastikutingimusi.<\/p>\n<ul>\n<li>Roostevabast terasest konstruktsioon on 37 korda tugevam kui tavalised SD-kaardid.<\/li>\n<li>Tolmu- ja veekindluse klass IP68, kukkumiskindel kuni 5 meetri k\u00f5rguseni.<\/li>\n<li>Lihtsustatud konstruktsioon muudab kaardi tugevamaks, ilma ribide ja kirjutuskaitsel\u00fclitita.<\/li>\n<li>Kuni 205 MB\/s1 kirjutamiskiirus, lisaks videokiirusklass 60 (V60), et sujuvalt j\u00e4\u00e4dvustada 6K-materjali.<\/li>\n<li>\u00dchendage see USB 3.2 kaardilugejaga, et edastada kiiresti fotosid ja videoid kiirusega kuni 280 MB\/s1.<\/li>\n<li>Saate eluaegse juurdep\u00e4\u00e4su Lexar Recovery Tool&#8217;ile, mis aitab taastada kogemata kustutatud faile ja vormindatud kaarte v\u00f5i kettaid, ning piiratud eluaegse garantii2<\/li>\n<\/ul>\n<p>Lexar ARMOR GOLD SDXC UHS-II kaart on valmistatud \u00fclivastupidavast roostevabast terasest ja IP68 klassifikatsiooniga, mis on loodud selleks, et v\u00f5tta vastu tabamusi, kui uurite loodust. See on valmis seiklusteks, alates ekstreemsete tingimuste talumisest ja kukkumistele vastu pidamisest kuni ilmastikuolude talumiseni.<\/p>\n<p>See kaart on hinnatud videokiirusklassiga 60 (V60) ja filmib sujuvalt ja kaadrita 6K ning baaslaagris v\u00f5i stuudios saate selle \u00fchendada USB 3.2 kaardilugejaga, et teha j\u00e4relt\u00f6\u00f6tlust ja olete j\u00e4lle valmis.<\/p>\n<p><em>1Lugemiskiirus kuni 280 MB\/s, kirjutamiskiirus v\u00e4iksem. Suurimad \u00fclekandekiirused saavutatakse, kui see on \u00fchendatud SD UHS-II lugejaga. Kiirused p\u00f5hinevad sisemistel testidel. Tegelik j\u00f5udlus v\u00f5ib erineda.<br \/>\n2Eluaegne garantii on piiratud 10 aastaga alates ostmisest Saksamaal ja piirkondades, kus eluaegset garantiid ei tunnustata.<br \/>\nLexar ei vastuta andmete v\u00f5i kujutiste kadumise eest.<br \/>\n[Ainult tootelehek\u00fclg:] Toote v\u00e4limus, j\u00f5udlus, tarkvarapakkumised ja pakend v\u00f5ivad varieeruda s\u00f5ltuvalt tarnekuup\u00e4evast ja saadaolevast laovarust.<br \/>\nTegelik kasutatav m\u00e4lumaht v\u00f5ib erineda. 1 GB v\u00f5rdub 1 miljardiga baidiga.<\/em><\/p>\n","protected":false},"excerpt":{"rendered":"<p>Write speeds up to 205MB\/s let you capture every frame, while a super-hardy stainless-steel construction endures extremes, withstands drops, and weathers the elements every step of the way.<\/p>\n","protected":false},"featured_media":283711,"template":"","meta":{"_acf_changed":false},"brand":[6015],"product_cat":[6127],"product_tag":[],"inventory":[],"class_list":{"0":"post-283710","1":"product","2":"type-product","3":"status-publish","4":"has-post-thumbnail","6":"brand-lexar-fi","7":"product_cat-memory-cards-fi","8":"pa_capacity-128-gb-fi","10":"first","11":"onbackorder","12":"taxable","13":"shipping-taxable","14":"purchasable","15":"product-type-simple"},"acf":[],"yoast_head":"<!-- This site is optimized with the Yoast SEO plugin v27.1.1 - https:\/\/yoast.com\/product\/yoast-seo-wordpress\/ -->\n<title>LEXAR SDXC ARMOR Gold UHS-II U3, Stainless Steel, IP68 R280\/W210 (V60) 128GB - MediaGear<\/title>\n<meta name=\"description\" content=\"Write speeds up to 205MB\/s let you capture every frame, while a super-hardy stainless-steel construction endures extremes, withstands drops, and we...\" \/>\n<meta name=\"robots\" content=\"index, follow, max-snippet:-1, max-image-preview:large, max-video-preview:-1\" \/>\n<link rel=\"canonical\" href=\"https:\/\/mediagear.ee\/fi\/tuote\/lexar-sdxc-armor-gold-uhs-ii-u3-stainless-steel-ip68-r280-w210-v60-128gb\/\" \/>\n<meta property=\"og:locale\" content=\"fi_FI\" \/>\n<meta property=\"og:type\" content=\"article\" \/>\n<meta property=\"og:title\" content=\"LEXAR SDXC ARMOR Gold UHS-II U3, Stainless Steel, IP68 R280\/W210 (V60) 128GB - MediaGear\" \/>\n<meta property=\"og:description\" content=\"Write speeds up to 205MB\/s let you capture every frame, while a super-hardy stainless-steel construction endures extremes, withstands drops, and we...\" \/>\n<meta property=\"og:url\" content=\"https:\/\/mediagear.ee\/fi\/tuote\/lexar-sdxc-armor-gold-uhs-ii-u3-stainless-steel-ip68-r280-w210-v60-128gb\/\" \/>\n<meta property=\"og:site_name\" content=\"MediaGear\" \/>\n<meta property=\"article:publisher\" content=\"https:\/\/www.facebook.com\/Mediagear.ee\/\" \/>\n<meta property=\"article:modified_time\" content=\"2026-01-15T12:32:34+00:00\" \/>\n<meta property=\"og:image\" content=\"https:\/\/mediagear.ee\/wp-content\/uploads\/2025\/09\/LEXAR-SDXC-ARMOR-Gold-UHS-II-U3-Stainless-Steel-IP68-R280W210-V60-128GB.png\" \/>\n\t<meta property=\"og:image:width\" content=\"597\" \/>\n\t<meta property=\"og:image:height\" content=\"800\" \/>\n\t<meta property=\"og:image:type\" content=\"image\/png\" \/>\n<meta name=\"twitter:card\" content=\"summary_large_image\" \/>\n<meta name=\"twitter:label1\" content=\"Arvioitu lukuaika\" \/>\n\t<meta name=\"twitter:data1\" content=\"1 minuutti\" \/>\n<script type=\"application\/ld+json\" class=\"yoast-schema-graph\">{\"@context\":\"https:\/\/schema.org\",\"@graph\":[{\"@type\":\"WebPage\",\"@id\":\"https:\/\/mediagear.ee\/fi\/tuote\/lexar-sdxc-armor-gold-uhs-ii-u3-stainless-steel-ip68-r280-w210-v60-128gb\/\",\"url\":\"https:\/\/mediagear.ee\/fi\/tuote\/lexar-sdxc-armor-gold-uhs-ii-u3-stainless-steel-ip68-r280-w210-v60-128gb\/\",\"name\":\"LEXAR SDXC ARMOR Gold UHS-II U3, Stainless Steel, IP68 R280\/W210 (V60) 128GB - MediaGear\",\"isPartOf\":{\"@id\":\"https:\/\/mediagear.ee\/fi\/#website\"},\"primaryImageOfPage\":{\"@id\":\"https:\/\/mediagear.ee\/fi\/tuote\/lexar-sdxc-armor-gold-uhs-ii-u3-stainless-steel-ip68-r280-w210-v60-128gb\/#primaryimage\"},\"image\":{\"@id\":\"https:\/\/mediagear.ee\/fi\/tuote\/lexar-sdxc-armor-gold-uhs-ii-u3-stainless-steel-ip68-r280-w210-v60-128gb\/#primaryimage\"},\"thumbnailUrl\":\"https:\/\/mediagear.ee\/wp-content\/uploads\/2025\/09\/LEXAR-SDXC-ARMOR-Gold-UHS-II-U3-Stainless-Steel-IP68-R280W210-V60-128GB.png\",\"datePublished\":\"2025-09-04T11:52:51+00:00\",\"dateModified\":\"2026-01-15T12:32:34+00:00\",\"description\":\"Write speeds up to 205MB\/s let you capture every frame, while a super-hardy stainless-steel construction endures extremes, withstands drops, and we...\",\"breadcrumb\":{\"@id\":\"https:\/\/mediagear.ee\/fi\/tuote\/lexar-sdxc-armor-gold-uhs-ii-u3-stainless-steel-ip68-r280-w210-v60-128gb\/#breadcrumb\"},\"inLanguage\":\"fi\",\"potentialAction\":[{\"@type\":\"ReadAction\",\"target\":[\"https:\/\/mediagear.ee\/fi\/tuote\/lexar-sdxc-armor-gold-uhs-ii-u3-stainless-steel-ip68-r280-w210-v60-128gb\/\"]}]},{\"@type\":\"ImageObject\",\"inLanguage\":\"fi\",\"@id\":\"https:\/\/mediagear.ee\/fi\/tuote\/lexar-sdxc-armor-gold-uhs-ii-u3-stainless-steel-ip68-r280-w210-v60-128gb\/#primaryimage\",\"url\":\"https:\/\/mediagear.ee\/wp-content\/uploads\/2025\/09\/LEXAR-SDXC-ARMOR-Gold-UHS-II-U3-Stainless-Steel-IP68-R280W210-V60-128GB.png\",\"contentUrl\":\"https:\/\/mediagear.ee\/wp-content\/uploads\/2025\/09\/LEXAR-SDXC-ARMOR-Gold-UHS-II-U3-Stainless-Steel-IP68-R280W210-V60-128GB.png\",\"width\":597,\"height\":800,\"caption\":\"LEXAR SDXC ARMOR Gold UHS-II U3, Stainless Steel, IP68 R280\/W210 (V60) 128GB\"},{\"@type\":\"BreadcrumbList\",\"@id\":\"https:\/\/mediagear.ee\/fi\/tuote\/lexar-sdxc-armor-gold-uhs-ii-u3-stainless-steel-ip68-r280-w210-v60-128gb\/#breadcrumb\",\"itemListElement\":[{\"@type\":\"ListItem\",\"position\":1,\"name\":\"Home\",\"item\":\"https:\/\/mediagear.ee\/fi\/\"},{\"@type\":\"ListItem\",\"position\":2,\"name\":\"Pro video- ja \u00e4\u00e4nilaitteiden kauppa\",\"item\":\"https:\/\/mediagear.ee\/fi\/kauppa\/\"},{\"@type\":\"ListItem\",\"position\":3,\"name\":\"TALLENNUSMEDIA\",\"item\":\"https:\/\/mediagear.ee\/fi\/tuote-osasto\/recording-media-fi\/\"},{\"@type\":\"ListItem\",\"position\":4,\"name\":\"Muistikortit\",\"item\":\"https:\/\/mediagear.ee\/fi\/tuote-osasto\/recording-media-fi\/memory-cards-fi\/\"},{\"@type\":\"ListItem\",\"position\":5,\"name\":\"LEXAR SDXC ARMOR Gold UHS-II U3, Stainless Steel, IP68 R280\/W210 (V60) 128GB\"}]},{\"@type\":\"WebSite\",\"@id\":\"https:\/\/mediagear.ee\/fi\/#website\",\"url\":\"https:\/\/mediagear.ee\/fi\/\",\"name\":\"MediaGear\",\"description\":\"Full-service solutions in AV equipment\",\"publisher\":{\"@id\":\"https:\/\/mediagear.ee\/fi\/#organization\"},\"potentialAction\":[{\"@type\":\"SearchAction\",\"target\":{\"@type\":\"EntryPoint\",\"urlTemplate\":\"https:\/\/mediagear.ee\/fi\/?s={search_term_string}\"},\"query-input\":{\"@type\":\"PropertyValueSpecification\",\"valueRequired\":true,\"valueName\":\"search_term_string\"}}],\"inLanguage\":\"fi\"},{\"@type\":\"Organization\",\"@id\":\"https:\/\/mediagear.ee\/fi\/#organization\",\"name\":\"Mediagear\",\"url\":\"https:\/\/mediagear.ee\/fi\/\",\"logo\":{\"@type\":\"ImageObject\",\"inLanguage\":\"fi\",\"@id\":\"https:\/\/mediagear.ee\/fi\/#\/schema\/logo\/image\/\",\"url\":\"http:\/\/mediagear.ee\/wp-content\/uploads\/2024\/05\/MediaGear-logo-transp.png\",\"contentUrl\":\"http:\/\/mediagear.ee\/wp-content\/uploads\/2024\/05\/MediaGear-logo-transp.png\",\"width\":600,\"height\":200,\"caption\":\"Mediagear\"},\"image\":{\"@id\":\"https:\/\/mediagear.ee\/fi\/#\/schema\/logo\/image\/\"},\"sameAs\":[\"https:\/\/www.facebook.com\/Mediagear.ee\/\",\"https:\/\/www.instagram.com\/mediagear_ee\/\"]}]}<\/script>\n<!-- \/ Yoast SEO plugin. -->","yoast_head_json":{"title":"LEXAR SDXC ARMOR Gold UHS-II U3, Stainless Steel, IP68 R280\/W210 (V60) 128GB - MediaGear","description":"Write speeds up to 205MB\/s let you capture every frame, while a super-hardy stainless-steel construction endures extremes, withstands drops, and we...","robots":{"index":"index","follow":"follow","max-snippet":"max-snippet:-1","max-image-preview":"max-image-preview:large","max-video-preview":"max-video-preview:-1"},"canonical":"https:\/\/mediagear.ee\/fi\/tuote\/lexar-sdxc-armor-gold-uhs-ii-u3-stainless-steel-ip68-r280-w210-v60-128gb\/","og_locale":"fi_FI","og_type":"article","og_title":"LEXAR SDXC ARMOR Gold UHS-II U3, Stainless Steel, IP68 R280\/W210 (V60) 128GB - MediaGear","og_description":"Write speeds up to 205MB\/s let you capture every frame, while a super-hardy stainless-steel construction endures extremes, withstands drops, and we...","og_url":"https:\/\/mediagear.ee\/fi\/tuote\/lexar-sdxc-armor-gold-uhs-ii-u3-stainless-steel-ip68-r280-w210-v60-128gb\/","og_site_name":"MediaGear","article_publisher":"https:\/\/www.facebook.com\/Mediagear.ee\/","article_modified_time":"2026-01-15T12:32:34+00:00","og_image":[{"width":597,"height":800,"url":"https:\/\/mediagear.ee\/wp-content\/uploads\/2025\/09\/LEXAR-SDXC-ARMOR-Gold-UHS-II-U3-Stainless-Steel-IP68-R280W210-V60-128GB.png","type":"image\/png"}],"twitter_card":"summary_large_image","twitter_misc":{"Arvioitu lukuaika":"1 minuutti"},"schema":{"@context":"https:\/\/schema.org","@graph":[{"@type":"WebPage","@id":"https:\/\/mediagear.ee\/fi\/tuote\/lexar-sdxc-armor-gold-uhs-ii-u3-stainless-steel-ip68-r280-w210-v60-128gb\/","url":"https:\/\/mediagear.ee\/fi\/tuote\/lexar-sdxc-armor-gold-uhs-ii-u3-stainless-steel-ip68-r280-w210-v60-128gb\/","name":"LEXAR SDXC ARMOR Gold UHS-II U3, Stainless Steel, IP68 R280\/W210 (V60) 128GB - MediaGear","isPartOf":{"@id":"https:\/\/mediagear.ee\/fi\/#website"},"primaryImageOfPage":{"@id":"https:\/\/mediagear.ee\/fi\/tuote\/lexar-sdxc-armor-gold-uhs-ii-u3-stainless-steel-ip68-r280-w210-v60-128gb\/#primaryimage"},"image":{"@id":"https:\/\/mediagear.ee\/fi\/tuote\/lexar-sdxc-armor-gold-uhs-ii-u3-stainless-steel-ip68-r280-w210-v60-128gb\/#primaryimage"},"thumbnailUrl":"https:\/\/mediagear.ee\/wp-content\/uploads\/2025\/09\/LEXAR-SDXC-ARMOR-Gold-UHS-II-U3-Stainless-Steel-IP68-R280W210-V60-128GB.png","datePublished":"2025-09-04T11:52:51+00:00","dateModified":"2026-01-15T12:32:34+00:00","description":"Write speeds up to 205MB\/s let you capture every frame, while a super-hardy stainless-steel construction endures extremes, withstands drops, and we...","breadcrumb":{"@id":"https:\/\/mediagear.ee\/fi\/tuote\/lexar-sdxc-armor-gold-uhs-ii-u3-stainless-steel-ip68-r280-w210-v60-128gb\/#breadcrumb"},"inLanguage":"fi","potentialAction":[{"@type":"ReadAction","target":["https:\/\/mediagear.ee\/fi\/tuote\/lexar-sdxc-armor-gold-uhs-ii-u3-stainless-steel-ip68-r280-w210-v60-128gb\/"]}]},{"@type":"ImageObject","inLanguage":"fi","@id":"https:\/\/mediagear.ee\/fi\/tuote\/lexar-sdxc-armor-gold-uhs-ii-u3-stainless-steel-ip68-r280-w210-v60-128gb\/#primaryimage","url":"https:\/\/mediagear.ee\/wp-content\/uploads\/2025\/09\/LEXAR-SDXC-ARMOR-Gold-UHS-II-U3-Stainless-Steel-IP68-R280W210-V60-128GB.png","contentUrl":"https:\/\/mediagear.ee\/wp-content\/uploads\/2025\/09\/LEXAR-SDXC-ARMOR-Gold-UHS-II-U3-Stainless-Steel-IP68-R280W210-V60-128GB.png","width":597,"height":800,"caption":"LEXAR SDXC ARMOR Gold UHS-II U3, Stainless Steel, IP68 R280\/W210 (V60) 128GB"},{"@type":"BreadcrumbList","@id":"https:\/\/mediagear.ee\/fi\/tuote\/lexar-sdxc-armor-gold-uhs-ii-u3-stainless-steel-ip68-r280-w210-v60-128gb\/#breadcrumb","itemListElement":[{"@type":"ListItem","position":1,"name":"Home","item":"https:\/\/mediagear.ee\/fi\/"},{"@type":"ListItem","position":2,"name":"Pro video- ja \u00e4\u00e4nilaitteiden kauppa","item":"https:\/\/mediagear.ee\/fi\/kauppa\/"},{"@type":"ListItem","position":3,"name":"TALLENNUSMEDIA","item":"https:\/\/mediagear.ee\/fi\/tuote-osasto\/recording-media-fi\/"},{"@type":"ListItem","position":4,"name":"Muistikortit","item":"https:\/\/mediagear.ee\/fi\/tuote-osasto\/recording-media-fi\/memory-cards-fi\/"},{"@type":"ListItem","position":5,"name":"LEXAR SDXC ARMOR Gold UHS-II U3, Stainless Steel, IP68 R280\/W210 (V60) 128GB"}]},{"@type":"WebSite","@id":"https:\/\/mediagear.ee\/fi\/#website","url":"https:\/\/mediagear.ee\/fi\/","name":"MediaGear","description":"Full-service solutions in AV equipment","publisher":{"@id":"https:\/\/mediagear.ee\/fi\/#organization"},"potentialAction":[{"@type":"SearchAction","target":{"@type":"EntryPoint","urlTemplate":"https:\/\/mediagear.ee\/fi\/?s={search_term_string}"},"query-input":{"@type":"PropertyValueSpecification","valueRequired":true,"valueName":"search_term_string"}}],"inLanguage":"fi"},{"@type":"Organization","@id":"https:\/\/mediagear.ee\/fi\/#organization","name":"Mediagear","url":"https:\/\/mediagear.ee\/fi\/","logo":{"@type":"ImageObject","inLanguage":"fi","@id":"https:\/\/mediagear.ee\/fi\/#\/schema\/logo\/image\/","url":"http:\/\/mediagear.ee\/wp-content\/uploads\/2024\/05\/MediaGear-logo-transp.png","contentUrl":"http:\/\/mediagear.ee\/wp-content\/uploads\/2024\/05\/MediaGear-logo-transp.png","width":600,"height":200,"caption":"Mediagear"},"image":{"@id":"https:\/\/mediagear.ee\/fi\/#\/schema\/logo\/image\/"},"sameAs":["https:\/\/www.facebook.com\/Mediagear.ee\/","https:\/\/www.instagram.com\/mediagear_ee\/"]}]}},"_links":{"self":[{"href":"https:\/\/mediagear.ee\/fi\/wp-json\/wp\/v2\/product\/283710","targetHints":{"allow":["GET"]}}],"collection":[{"href":"https:\/\/mediagear.ee\/fi\/wp-json\/wp\/v2\/product"}],"about":[{"href":"https:\/\/mediagear.ee\/fi\/wp-json\/wp\/v2\/types\/product"}],"wp:featuredmedia":[{"embeddable":true,"href":"https:\/\/mediagear.ee\/fi\/wp-json\/wp\/v2\/media\/283711"}],"wp:attachment":[{"href":"https:\/\/mediagear.ee\/fi\/wp-json\/wp\/v2\/media?parent=283710"}],"wp:term":[{"taxonomy":"brand","embeddable":true,"href":"https:\/\/mediagear.ee\/fi\/wp-json\/wp\/v2\/brand?post=283710"},{"taxonomy":"product_cat","embeddable":true,"href":"https:\/\/mediagear.ee\/fi\/wp-json\/wp\/v2\/product_cat?post=283710"},{"taxonomy":"product_tag","embeddable":true,"href":"https:\/\/mediagear.ee\/fi\/wp-json\/wp\/v2\/product_tag?post=283710"},{"taxonomy":"inventory","embeddable":true,"href":"https:\/\/mediagear.ee\/fi\/wp-json\/wp\/v2\/inventory?post=283710"}],"curies":[{"name":"wp","href":"https:\/\/api.w.org\/{rel}","templated":true}]}}