{"id":286802,"date":"2025-09-17T11:49:53","date_gmt":"2025-09-17T08:49:53","guid":{"rendered":"http:\/\/mediagear.ee\/product\/premium-custom-microphone-windshields-for-professional-audio-visual-branding\/"},"modified":"2026-01-15T14:29:28","modified_gmt":"2026-01-15T12:29:28","slug":"premium-custom-microphone-windshields-for-professional-audio-visual-branding","status":"publish","type":"product","link":"https:\/\/mediagear.ee\/fi\/tuote\/premium-custom-microphone-windshields-for-professional-audio-visual-branding\/","title":{"rendered":"Mukautetut mikrofonisuojat &#8211; ammatimainen \u00e4\u00e4ni ja n\u00e4kyv\u00e4 visuaalinen br\u00e4nd\u00e4ys"},"content":{"rendered":"","protected":false},"excerpt":{"rendered":"<p>Mukautetut vaahtosuojat tuulensuojaksi ja eritt\u00e4in n\u00e4kyv\u00e4 br\u00e4nd\u00e4ys!<br \/>\nOlitpa sitten tv-l\u00e4hett\u00e4j\u00e4, radio-DJ, tapahtumaj\u00e4rjest\u00e4j\u00e4 tai verkkovloggaaja \u2013 tee l\u00e4hetysajastasi tunnistettavampaa ja lis\u00e4\u00e4 ammattimainen ilme r\u00e4\u00e4t\u00e4l\u00f6idyll\u00e4 mikrofonin tuulisuojaimella!<br \/>\nMeilt\u00e4 l\u00f6ytyy erilaisia muotoja ja kokoja, jotka sopivat l\u00e4hes kaikkiin tunnettuihin mikrofonimerkkeihin ja -malleihin! L\u00e4het\u00e4 meille mikrofonisi malli, logosi ja haluamasi tuulisuojaimen v\u00e4ri \u2013 me hoidamme loput!<br \/>\nLis\u00e4tietoja saat soittamalla numeroon (+372) 655 0063 tai kirjoittamalla meille:\u00a0<a class=\"mailto-link\" href=\"mailto:info@mediagear.ee\" target=\"_blank\" rel=\"noopener\">info@mediagear.ee<\/a><\/p>\n","protected":false},"featured_media":286804,"template":"","meta":{"_acf_changed":false},"brand":[6640],"product_cat":[5959],"product_tag":[],"inventory":[],"class_list":{"0":"post-286802","1":"product","2":"type-product","3":"status-publish","4":"has-post-thumbnail","6":"brand-foam-conversion-audio","7":"product_cat-audio-accessories-fi","9":"first","10":"onbackorder","11":"featured","12":"taxable","13":"shipping-taxable","14":"product-type-simple"},"acf":[],"yoast_head":"<!-- This site is optimized with the Yoast SEO plugin v27.1.1 - https:\/\/yoast.com\/product\/yoast-seo-wordpress\/ -->\n<title>Mukautetut mikrofonisuojat - ammatimainen \u00e4\u00e4ni ja n\u00e4kyv\u00e4 visuaalinen br\u00e4nd\u00e4ys - MediaGear<\/title>\n<meta name=\"description\" content=\"Mukautetut vaahtosuojat tuulensuojaksi ja eritt\u00e4in n\u00e4kyv\u00e4 br\u00e4nd\u00e4ys! Olitpa sitten tv-l\u00e4hett\u00e4j\u00e4, radio-DJ, tapahtumaj\u00e4rjest\u00e4j\u00e4 tai verkkovloggaaja ...\" \/>\n<meta name=\"robots\" content=\"index, follow, max-snippet:-1, max-image-preview:large, max-video-preview:-1\" \/>\n<link rel=\"canonical\" href=\"https:\/\/mediagear.ee\/fi\/tuote\/premium-custom-microphone-windshields-for-professional-audio-visual-branding\/\" \/>\n<meta property=\"og:locale\" content=\"fi_FI\" \/>\n<meta property=\"og:type\" content=\"article\" \/>\n<meta property=\"og:title\" content=\"Mukautetut mikrofonisuojat - ammatimainen \u00e4\u00e4ni ja n\u00e4kyv\u00e4 visuaalinen br\u00e4nd\u00e4ys - MediaGear\" \/>\n<meta property=\"og:description\" content=\"Mukautetut vaahtosuojat tuulensuojaksi ja eritt\u00e4in n\u00e4kyv\u00e4 br\u00e4nd\u00e4ys! Olitpa sitten tv-l\u00e4hett\u00e4j\u00e4, radio-DJ, tapahtumaj\u00e4rjest\u00e4j\u00e4 tai verkkovloggaaja ...\" \/>\n<meta property=\"og:url\" content=\"https:\/\/mediagear.ee\/fi\/tuote\/premium-custom-microphone-windshields-for-professional-audio-visual-branding\/\" \/>\n<meta property=\"og:site_name\" content=\"MediaGear\" \/>\n<meta property=\"article:publisher\" content=\"https:\/\/www.facebook.com\/Mediagear.ee\/\" \/>\n<meta property=\"article:modified_time\" content=\"2026-01-15T12:29:28+00:00\" \/>\n<meta property=\"og:image\" content=\"https:\/\/mediagear.ee\/wp-content\/uploads\/2025\/09\/Mikrofonikatted.webp\" \/>\n\t<meta property=\"og:image:width\" content=\"800\" \/>\n\t<meta property=\"og:image:height\" content=\"893\" \/>\n\t<meta property=\"og:image:type\" content=\"image\/webp\" \/>\n<meta name=\"twitter:card\" content=\"summary_large_image\" \/>\n<meta name=\"twitter:label1\" content=\"Arvioitu lukuaika\" \/>\n\t<meta name=\"twitter:data1\" content=\"1 minuutti\" \/>\n<script type=\"application\/ld+json\" class=\"yoast-schema-graph\">{\"@context\":\"https:\/\/schema.org\",\"@graph\":[{\"@type\":\"WebPage\",\"@id\":\"https:\/\/mediagear.ee\/fi\/tuote\/premium-custom-microphone-windshields-for-professional-audio-visual-branding\/\",\"url\":\"https:\/\/mediagear.ee\/fi\/tuote\/premium-custom-microphone-windshields-for-professional-audio-visual-branding\/\",\"name\":\"Mukautetut mikrofonisuojat - ammatimainen \u00e4\u00e4ni ja n\u00e4kyv\u00e4 visuaalinen br\u00e4nd\u00e4ys - MediaGear\",\"isPartOf\":{\"@id\":\"https:\/\/mediagear.ee\/fi\/#website\"},\"primaryImageOfPage\":{\"@id\":\"https:\/\/mediagear.ee\/fi\/tuote\/premium-custom-microphone-windshields-for-professional-audio-visual-branding\/#primaryimage\"},\"image\":{\"@id\":\"https:\/\/mediagear.ee\/fi\/tuote\/premium-custom-microphone-windshields-for-professional-audio-visual-branding\/#primaryimage\"},\"thumbnailUrl\":\"https:\/\/mediagear.ee\/wp-content\/uploads\/2025\/09\/Mikrofonikatted.webp\",\"datePublished\":\"2025-09-17T08:49:53+00:00\",\"dateModified\":\"2026-01-15T12:29:28+00:00\",\"description\":\"Mukautetut vaahtosuojat tuulensuojaksi ja eritt\u00e4in n\u00e4kyv\u00e4 br\u00e4nd\u00e4ys! Olitpa sitten tv-l\u00e4hett\u00e4j\u00e4, radio-DJ, tapahtumaj\u00e4rjest\u00e4j\u00e4 tai verkkovloggaaja ...\",\"breadcrumb\":{\"@id\":\"https:\/\/mediagear.ee\/fi\/tuote\/premium-custom-microphone-windshields-for-professional-audio-visual-branding\/#breadcrumb\"},\"inLanguage\":\"fi\",\"potentialAction\":[{\"@type\":\"ReadAction\",\"target\":[\"https:\/\/mediagear.ee\/fi\/tuote\/premium-custom-microphone-windshields-for-professional-audio-visual-branding\/\"]}]},{\"@type\":\"ImageObject\",\"inLanguage\":\"fi\",\"@id\":\"https:\/\/mediagear.ee\/fi\/tuote\/premium-custom-microphone-windshields-for-professional-audio-visual-branding\/#primaryimage\",\"url\":\"https:\/\/mediagear.ee\/wp-content\/uploads\/2025\/09\/Mikrofonikatted.webp\",\"contentUrl\":\"https:\/\/mediagear.ee\/wp-content\/uploads\/2025\/09\/Mikrofonikatted.webp\",\"width\":800,\"height\":893,\"caption\":\"Mukautetut mikrofonisuojat - ammatimainen \u00e4\u00e4ni ja n\u00e4kyv\u00e4 visuaalinen br\u00e4nd\u00e4ys\"},{\"@type\":\"BreadcrumbList\",\"@id\":\"https:\/\/mediagear.ee\/fi\/tuote\/premium-custom-microphone-windshields-for-professional-audio-visual-branding\/#breadcrumb\",\"itemListElement\":[{\"@type\":\"ListItem\",\"position\":1,\"name\":\"Home\",\"item\":\"https:\/\/mediagear.ee\/fi\/\"},{\"@type\":\"ListItem\",\"position\":2,\"name\":\"Pro video- ja \u00e4\u00e4nilaitteiden kauppa\",\"item\":\"https:\/\/mediagear.ee\/fi\/kauppa\/\"},{\"@type\":\"ListItem\",\"position\":3,\"name\":\"AUDIO\",\"item\":\"https:\/\/mediagear.ee\/fi\/tuote-osasto\/audio-fi\/\"},{\"@type\":\"ListItem\",\"position\":4,\"name\":\"Audio tarvikkeet\",\"item\":\"https:\/\/mediagear.ee\/fi\/tuote-osasto\/audio-fi\/audio-accessories-fi\/\"},{\"@type\":\"ListItem\",\"position\":5,\"name\":\"Mukautetut mikrofonisuojat &#8211; ammatimainen \u00e4\u00e4ni ja n\u00e4kyv\u00e4 visuaalinen br\u00e4nd\u00e4ys\"}]},{\"@type\":\"WebSite\",\"@id\":\"https:\/\/mediagear.ee\/fi\/#website\",\"url\":\"https:\/\/mediagear.ee\/fi\/\",\"name\":\"MediaGear\",\"description\":\"Full-service solutions in AV equipment\",\"publisher\":{\"@id\":\"https:\/\/mediagear.ee\/fi\/#organization\"},\"potentialAction\":[{\"@type\":\"SearchAction\",\"target\":{\"@type\":\"EntryPoint\",\"urlTemplate\":\"https:\/\/mediagear.ee\/fi\/?s={search_term_string}\"},\"query-input\":{\"@type\":\"PropertyValueSpecification\",\"valueRequired\":true,\"valueName\":\"search_term_string\"}}],\"inLanguage\":\"fi\"},{\"@type\":\"Organization\",\"@id\":\"https:\/\/mediagear.ee\/fi\/#organization\",\"name\":\"Mediagear\",\"url\":\"https:\/\/mediagear.ee\/fi\/\",\"logo\":{\"@type\":\"ImageObject\",\"inLanguage\":\"fi\",\"@id\":\"https:\/\/mediagear.ee\/fi\/#\/schema\/logo\/image\/\",\"url\":\"http:\/\/mediagear.ee\/wp-content\/uploads\/2024\/05\/MediaGear-logo-transp.png\",\"contentUrl\":\"http:\/\/mediagear.ee\/wp-content\/uploads\/2024\/05\/MediaGear-logo-transp.png\",\"width\":600,\"height\":200,\"caption\":\"Mediagear\"},\"image\":{\"@id\":\"https:\/\/mediagear.ee\/fi\/#\/schema\/logo\/image\/\"},\"sameAs\":[\"https:\/\/www.facebook.com\/Mediagear.ee\/\",\"https:\/\/www.instagram.com\/mediagear_ee\/\"]}]}<\/script>\n<!-- \/ Yoast SEO plugin. -->","yoast_head_json":{"title":"Mukautetut mikrofonisuojat - ammatimainen \u00e4\u00e4ni ja n\u00e4kyv\u00e4 visuaalinen br\u00e4nd\u00e4ys - MediaGear","description":"Mukautetut vaahtosuojat tuulensuojaksi ja eritt\u00e4in n\u00e4kyv\u00e4 br\u00e4nd\u00e4ys! Olitpa sitten tv-l\u00e4hett\u00e4j\u00e4, radio-DJ, tapahtumaj\u00e4rjest\u00e4j\u00e4 tai verkkovloggaaja ...","robots":{"index":"index","follow":"follow","max-snippet":"max-snippet:-1","max-image-preview":"max-image-preview:large","max-video-preview":"max-video-preview:-1"},"canonical":"https:\/\/mediagear.ee\/fi\/tuote\/premium-custom-microphone-windshields-for-professional-audio-visual-branding\/","og_locale":"fi_FI","og_type":"article","og_title":"Mukautetut mikrofonisuojat - ammatimainen \u00e4\u00e4ni ja n\u00e4kyv\u00e4 visuaalinen br\u00e4nd\u00e4ys - MediaGear","og_description":"Mukautetut vaahtosuojat tuulensuojaksi ja eritt\u00e4in n\u00e4kyv\u00e4 br\u00e4nd\u00e4ys! Olitpa sitten tv-l\u00e4hett\u00e4j\u00e4, radio-DJ, tapahtumaj\u00e4rjest\u00e4j\u00e4 tai verkkovloggaaja ...","og_url":"https:\/\/mediagear.ee\/fi\/tuote\/premium-custom-microphone-windshields-for-professional-audio-visual-branding\/","og_site_name":"MediaGear","article_publisher":"https:\/\/www.facebook.com\/Mediagear.ee\/","article_modified_time":"2026-01-15T12:29:28+00:00","og_image":[{"width":800,"height":893,"url":"https:\/\/mediagear.ee\/wp-content\/uploads\/2025\/09\/Mikrofonikatted.webp","type":"image\/webp"}],"twitter_card":"summary_large_image","twitter_misc":{"Arvioitu lukuaika":"1 minuutti"},"schema":{"@context":"https:\/\/schema.org","@graph":[{"@type":"WebPage","@id":"https:\/\/mediagear.ee\/fi\/tuote\/premium-custom-microphone-windshields-for-professional-audio-visual-branding\/","url":"https:\/\/mediagear.ee\/fi\/tuote\/premium-custom-microphone-windshields-for-professional-audio-visual-branding\/","name":"Mukautetut mikrofonisuojat - ammatimainen \u00e4\u00e4ni ja n\u00e4kyv\u00e4 visuaalinen br\u00e4nd\u00e4ys - MediaGear","isPartOf":{"@id":"https:\/\/mediagear.ee\/fi\/#website"},"primaryImageOfPage":{"@id":"https:\/\/mediagear.ee\/fi\/tuote\/premium-custom-microphone-windshields-for-professional-audio-visual-branding\/#primaryimage"},"image":{"@id":"https:\/\/mediagear.ee\/fi\/tuote\/premium-custom-microphone-windshields-for-professional-audio-visual-branding\/#primaryimage"},"thumbnailUrl":"https:\/\/mediagear.ee\/wp-content\/uploads\/2025\/09\/Mikrofonikatted.webp","datePublished":"2025-09-17T08:49:53+00:00","dateModified":"2026-01-15T12:29:28+00:00","description":"Mukautetut vaahtosuojat tuulensuojaksi ja eritt\u00e4in n\u00e4kyv\u00e4 br\u00e4nd\u00e4ys! Olitpa sitten tv-l\u00e4hett\u00e4j\u00e4, radio-DJ, tapahtumaj\u00e4rjest\u00e4j\u00e4 tai verkkovloggaaja ...","breadcrumb":{"@id":"https:\/\/mediagear.ee\/fi\/tuote\/premium-custom-microphone-windshields-for-professional-audio-visual-branding\/#breadcrumb"},"inLanguage":"fi","potentialAction":[{"@type":"ReadAction","target":["https:\/\/mediagear.ee\/fi\/tuote\/premium-custom-microphone-windshields-for-professional-audio-visual-branding\/"]}]},{"@type":"ImageObject","inLanguage":"fi","@id":"https:\/\/mediagear.ee\/fi\/tuote\/premium-custom-microphone-windshields-for-professional-audio-visual-branding\/#primaryimage","url":"https:\/\/mediagear.ee\/wp-content\/uploads\/2025\/09\/Mikrofonikatted.webp","contentUrl":"https:\/\/mediagear.ee\/wp-content\/uploads\/2025\/09\/Mikrofonikatted.webp","width":800,"height":893,"caption":"Mukautetut mikrofonisuojat - ammatimainen \u00e4\u00e4ni ja n\u00e4kyv\u00e4 visuaalinen br\u00e4nd\u00e4ys"},{"@type":"BreadcrumbList","@id":"https:\/\/mediagear.ee\/fi\/tuote\/premium-custom-microphone-windshields-for-professional-audio-visual-branding\/#breadcrumb","itemListElement":[{"@type":"ListItem","position":1,"name":"Home","item":"https:\/\/mediagear.ee\/fi\/"},{"@type":"ListItem","position":2,"name":"Pro video- ja \u00e4\u00e4nilaitteiden kauppa","item":"https:\/\/mediagear.ee\/fi\/kauppa\/"},{"@type":"ListItem","position":3,"name":"AUDIO","item":"https:\/\/mediagear.ee\/fi\/tuote-osasto\/audio-fi\/"},{"@type":"ListItem","position":4,"name":"Audio tarvikkeet","item":"https:\/\/mediagear.ee\/fi\/tuote-osasto\/audio-fi\/audio-accessories-fi\/"},{"@type":"ListItem","position":5,"name":"Mukautetut mikrofonisuojat &#8211; ammatimainen \u00e4\u00e4ni ja n\u00e4kyv\u00e4 visuaalinen br\u00e4nd\u00e4ys"}]},{"@type":"WebSite","@id":"https:\/\/mediagear.ee\/fi\/#website","url":"https:\/\/mediagear.ee\/fi\/","name":"MediaGear","description":"Full-service solutions in AV equipment","publisher":{"@id":"https:\/\/mediagear.ee\/fi\/#organization"},"potentialAction":[{"@type":"SearchAction","target":{"@type":"EntryPoint","urlTemplate":"https:\/\/mediagear.ee\/fi\/?s={search_term_string}"},"query-input":{"@type":"PropertyValueSpecification","valueRequired":true,"valueName":"search_term_string"}}],"inLanguage":"fi"},{"@type":"Organization","@id":"https:\/\/mediagear.ee\/fi\/#organization","name":"Mediagear","url":"https:\/\/mediagear.ee\/fi\/","logo":{"@type":"ImageObject","inLanguage":"fi","@id":"https:\/\/mediagear.ee\/fi\/#\/schema\/logo\/image\/","url":"http:\/\/mediagear.ee\/wp-content\/uploads\/2024\/05\/MediaGear-logo-transp.png","contentUrl":"http:\/\/mediagear.ee\/wp-content\/uploads\/2024\/05\/MediaGear-logo-transp.png","width":600,"height":200,"caption":"Mediagear"},"image":{"@id":"https:\/\/mediagear.ee\/fi\/#\/schema\/logo\/image\/"},"sameAs":["https:\/\/www.facebook.com\/Mediagear.ee\/","https:\/\/www.instagram.com\/mediagear_ee\/"]}]}},"_links":{"self":[{"href":"https:\/\/mediagear.ee\/fi\/wp-json\/wp\/v2\/product\/286802","targetHints":{"allow":["GET"]}}],"collection":[{"href":"https:\/\/mediagear.ee\/fi\/wp-json\/wp\/v2\/product"}],"about":[{"href":"https:\/\/mediagear.ee\/fi\/wp-json\/wp\/v2\/types\/product"}],"wp:featuredmedia":[{"embeddable":true,"href":"https:\/\/mediagear.ee\/fi\/wp-json\/wp\/v2\/media\/286804"}],"wp:attachment":[{"href":"https:\/\/mediagear.ee\/fi\/wp-json\/wp\/v2\/media?parent=286802"}],"wp:term":[{"taxonomy":"brand","embeddable":true,"href":"https:\/\/mediagear.ee\/fi\/wp-json\/wp\/v2\/brand?post=286802"},{"taxonomy":"product_cat","embeddable":true,"href":"https:\/\/mediagear.ee\/fi\/wp-json\/wp\/v2\/product_cat?post=286802"},{"taxonomy":"product_tag","embeddable":true,"href":"https:\/\/mediagear.ee\/fi\/wp-json\/wp\/v2\/product_tag?post=286802"},{"taxonomy":"inventory","embeddable":true,"href":"https:\/\/mediagear.ee\/fi\/wp-json\/wp\/v2\/inventory?post=286802"}],"curies":[{"name":"wp","href":"https:\/\/api.w.org\/{rel}","templated":true}]}}