{"id":287195,"date":"2025-09-16T00:00:00","date_gmt":"2025-09-15T21:00:00","guid":{"rendered":"http:\/\/mediagear.ee\/product\/7-feelworld-monitor-lut7\/"},"modified":"2026-01-20T22:42:46","modified_gmt":"2026-01-20T20:42:46","slug":"7-feelworld-monitor-lut7","status":"publish","type":"product","link":"https:\/\/mediagear.ee\/fi\/tuote\/7-feelworld-monitor-lut7\/","title":{"rendered":"7&#8243; FEELWORLD Monitor LUT7"},"content":{"rendered":"<p>LUT7 pakub filmitegijatele suure videomonitori h\u00fcvesid, nii et ei muuda kaamera seadistamist t\u00fclikaks tegevuseks. <strong>FEELWORLD LUT7<\/strong> sisaldab k\u00f5rgetasemelise videoj\u00e4lgimise funktsioone v\u00e4ikeses ja kerges pakendis, mida on v\u00f5imalik \u00fchendada peaaegu iga kaameraga.<\/p>\n<p>Esik\u00fcljel on suur k\u00f5rge resolutsiooniga ja p\u00e4evavalguses vaadatav LCD puuteekraan, alumisel osal on video\u00fchendused ning k\u00fcljel SD-kaardi pesa ja tagak\u00fcljel koht kahele NP-F akule. V\u00e4lisel raamil on alumisel osal, vasakul ja paremal pool standardsed \u00bc-tollised \u00fchenduspunktid, et kinnitada seda kaamerate ning raamide k\u00fclge. Selle konstruktsioonidetaili abil on toodet LUT7 v\u00f5imalik h\u00f5lpsasti kaamera k\u00fclge kinnitada ja jagada v\u00f5tteplatsil meeskonnaliikme v\u00f5i kliendiga.<\/p>\n<p>LUT7 v\u00f5imaldab selget ja t\u00e4pset videoj\u00e4lgimist ning pildianal\u00fc\u00fcsi p\u00e4evaste v\u00f5tete ajal. See kuvab 7-tollisel ekraanil teie stoppkaadrid ja j\u00e4lgitava sisu suurima v\u00e4rvit\u00e4psuse ning maksimaalse resolutsiooniga 1920 x 1200 pikslit. Paneel on valmistatud optiliselt \u00fchendatud klaasist, millel on peegeldusvastane kattekiht, mis v\u00f5imaldab p\u00e4evasel ajal mugavalt teostada videoj\u00e4lgimist. K\u00f5ige erilisemaks teeb toote aga selle valgusdioodidega (LED) tagantvalgustus, mille heleduse v\u00e4ljundv\u00f5imsus on 2200 nitti ja mis kuvab kontrastsuse 1200:1 ning v\u00e4rvihaarde sRGB\/Rec.709, mille tulemuseks on ekraani erakordne selgus isegi valgustuse intensiivsetes tingimustes.<\/p>\n<p>Monitoriga, mis kuvab teie sisu 323 pikslit tolli kohta (PPI), v\u00f5ite enesekindlalt filmida p\u00e4ise p\u00e4eva ajal ja t\u00f6\u00f6delda oma sisu kohapeal. Lai 160-kraadine vaatenurk v\u00f5imaldab h\u00f5lpsasti mitmel meeskonnaliikmel seda samal ajal vaadata.<\/p>\n<p><strong>P\u00e4evavalguses vaadatav<\/strong><br \/>\n7-tollisel 1920 x 1200 resolutsiooniga monitoril on olemas lahutusv\u00f5ime ja pikslitihedus, et muuta iga video imeliseks, ning k\u00f5rge 2200-nitise heledusega ekraan, mille heledus on peaaegu neli korda suurem tavap\u00e4rastest videomonitoridest ja mis v\u00f5imaldab teil filmida \u00f5ues, ilma et peegeldus pleegitaks teie kujutist. See v\u00f5imaldab vaadata ekraani \u00f5ues ilma katteta, muutes lihtsaks \u00f5ues filmimise p\u00e4ise p\u00e4eva ajal.<\/p>\n<p><strong>Puutetundlik juhtpaneel<\/strong><br \/>\nUuenduslik LCD puuteekraani kasutajaliides pakub uskumatut kontrolliv\u00f5imalust. V\u00f5ite kasutada lihtsat puudutust ja p\u00fchkeliigutust, et teostada olulisi j\u00e4lgimisfunktsioone. Ulatusi on v\u00f5imalik aktiveerida puuteekraani ja ka teravustamise ning s\u00e4rituse t\u00f6\u00f6riista kaudu. Seadmel on suur valik seadeid, mida on v\u00f5imalik juhtida suurelt LCD ekraanilt. Lisaks saate laadida 3D otsingutabeleid.<\/p>\n<p><strong>Spetsiaalsed 3D otsingutabelid, et taasluua filmilikku ilmet<\/strong><br \/>\nM\u00f5ned kaamerad on v\u00f5imelised teostama logaritmilist v\u00e4rviruumi, et s\u00e4ilitada heledusvahemikku, mis on suurep\u00e4rane v\u00f5ttej\u00e4rgseks t\u00f6\u00f6tlemiseks, kuid need failid v\u00f5ivad monitorilt vaadates tunduda tasapinnalised ja pleekinud. 3D otsingutabelid lahendavad selle probleemi, sest v\u00f5imaldavad teil rakendada monitorile \u201ev\u00e4limust\u201c, et teil tekiks idee sellest, kuidas l\u00f5petatud kujutis p\u00e4rast j\u00e4relt\u00f6\u00f6tlust v\u00e4lja hakkab n\u00e4gema. V\u00f5ite kasutada sisseehitatud LOG kuni Rec.709 videoruumiga videot v\u00f5i laadida \u00fcles .cube t\u00fc\u00fcpi faile. LUT7 v\u00f5imaldab teil mis tahes ajahetkel sisemiselt laadida \u00fcles otsingutabeleid, v\u00e4limusi v\u00f5i profiile SD-kaardi pesa kaudu ja teha koheselt nende vahel valik, s\u00e4ilitades alati loomingulist eesm\u00e4rki.<\/p>\n<p><strong>Korrektne v\u00e4rv<\/strong>\u00a0<br \/>\nLUT7 kasutab professionaalset Rec.709 v\u00e4rviruumiga HD v\u00e4rvistandardit ja v\u00e4rvide kalibreerimise tehnoloogiat, tehases teostatava seadme professionaalse kalibreerimisega on seade v\u00f5imeline t\u00f5husalt saavutama monitori kalibratsiooni ning h\u00f5lpsalt taasesitama t\u00e4pseid v\u00e4rve. Monitor ei moonuta v\u00e4rve ja n\u00e4itab video filmimise ajal ehtsat kujutist.<\/p>\n<p>Kaubam\u00e4rgi FEELWORLD monitor toetab ITU standardeid ja HD video Rec.709 standardi terviklikku v\u00e4rviruumi ning t\u00e4iustatud pildit\u00f6\u00f6tluse tehnoloogiat, et kujutis oleks selgelt esitatud ja v\u00e4rvid oleksid loomulikud, et tagada t\u00e4pne v\u00e4rvide taasesitus ning reprodutseerida filmimise f\u00fc\u00fcsikaline olek, v\u00f5imaldades kasutajatel hinnata t\u00e4pselt video erinevate sisestussignaalide kvaliteeti.<\/p>\n<p>\u00a0<\/p>\n<p><p><strong>Pakendis on j\u00e4rgmised tooted.<\/strong><\/p>\n<ul>\n<li>Monitor<\/li>\n<li>Mini\/Micro HDMI-HDMI kaabel<\/li>\n<li>Kaldevars<\/li>\n<li>Kandekott<\/li>\n<li>Kasutusjuhend<\/li>\n<\/ul><\/p>\n","protected":false},"excerpt":{"rendered":"<p>7&#8243; 2200nits HDMI Touchscreen Monitor. Highly visible and versatile, tremendous value for independent filmmakers and production teams.<\/p>\n","protected":false},"featured_media":287196,"template":"","meta":{"_acf_changed":false},"brand":[6646],"product_cat":[6122],"product_tag":[],"inventory":[],"class_list":{"0":"post-287195","1":"product","2":"type-product","3":"status-publish","4":"has-post-thumbnail","6":"brand-feelworld","7":"product_cat-video-monitors-fi","9":"first","10":"onbackorder","11":"taxable","12":"shipping-taxable","13":"purchasable","14":"product-type-simple"},"acf":[],"yoast_head":"<!-- This site is optimized with the Yoast SEO plugin v27.1.1 - https:\/\/yoast.com\/product\/yoast-seo-wordpress\/ -->\n<title>7&quot; FEELWORLD Monitor LUT7 - MediaGear<\/title>\n<meta name=\"description\" content=\"7&quot; 2200nits HDMI Touchscreen Monitor. Highly visible and versatile, tremendous value for independent filmmakers and production teams....\" \/>\n<meta name=\"robots\" content=\"index, follow, max-snippet:-1, max-image-preview:large, max-video-preview:-1\" \/>\n<link rel=\"canonical\" href=\"https:\/\/mediagear.ee\/fi\/tuote\/7-feelworld-monitor-lut7\/\" \/>\n<meta property=\"og:locale\" content=\"fi_FI\" \/>\n<meta property=\"og:type\" content=\"article\" \/>\n<meta property=\"og:title\" content=\"7&quot; FEELWORLD Monitor LUT7 - MediaGear\" \/>\n<meta property=\"og:description\" content=\"7&quot; 2200nits HDMI Touchscreen Monitor. Highly visible and versatile, tremendous value for independent filmmakers and production teams....\" \/>\n<meta property=\"og:url\" content=\"https:\/\/mediagear.ee\/fi\/tuote\/7-feelworld-monitor-lut7\/\" \/>\n<meta property=\"og:site_name\" content=\"MediaGear\" \/>\n<meta property=\"article:publisher\" content=\"https:\/\/www.facebook.com\/Mediagear.ee\/\" \/>\n<meta property=\"article:modified_time\" content=\"2026-01-20T20:42:46+00:00\" \/>\n<meta property=\"og:image\" content=\"https:\/\/mediagear.ee\/wp-content\/uploads\/2025\/09\/7-FEELWORLD-Monitor-LUT7.png\" \/>\n\t<meta property=\"og:image:width\" content=\"673\" \/>\n\t<meta property=\"og:image:height\" content=\"535\" \/>\n\t<meta property=\"og:image:type\" content=\"image\/png\" \/>\n<meta name=\"twitter:card\" content=\"summary_large_image\" \/>\n<meta name=\"twitter:label1\" content=\"Arvioitu lukuaika\" \/>\n\t<meta name=\"twitter:data1\" content=\"3 minuuttia\" \/>\n<script type=\"application\/ld+json\" class=\"yoast-schema-graph\">{\"@context\":\"https:\/\/schema.org\",\"@graph\":[{\"@type\":\"WebPage\",\"@id\":\"https:\/\/mediagear.ee\/fi\/tuote\/7-feelworld-monitor-lut7\/\",\"url\":\"https:\/\/mediagear.ee\/fi\/tuote\/7-feelworld-monitor-lut7\/\",\"name\":\"7\\\" FEELWORLD Monitor LUT7 - MediaGear\",\"isPartOf\":{\"@id\":\"https:\/\/mediagear.ee\/fi\/#website\"},\"primaryImageOfPage\":{\"@id\":\"https:\/\/mediagear.ee\/fi\/tuote\/7-feelworld-monitor-lut7\/#primaryimage\"},\"image\":{\"@id\":\"https:\/\/mediagear.ee\/fi\/tuote\/7-feelworld-monitor-lut7\/#primaryimage\"},\"thumbnailUrl\":\"https:\/\/mediagear.ee\/wp-content\/uploads\/2025\/09\/7-FEELWORLD-Monitor-LUT7.png\",\"datePublished\":\"2025-09-15T21:00:00+00:00\",\"dateModified\":\"2026-01-20T20:42:46+00:00\",\"description\":\"7\\\" 2200nits HDMI Touchscreen Monitor. Highly visible and versatile, tremendous value for independent filmmakers and production teams....\",\"breadcrumb\":{\"@id\":\"https:\/\/mediagear.ee\/fi\/tuote\/7-feelworld-monitor-lut7\/#breadcrumb\"},\"inLanguage\":\"fi\",\"potentialAction\":[{\"@type\":\"ReadAction\",\"target\":[\"https:\/\/mediagear.ee\/fi\/tuote\/7-feelworld-monitor-lut7\/\"]}]},{\"@type\":\"ImageObject\",\"inLanguage\":\"fi\",\"@id\":\"https:\/\/mediagear.ee\/fi\/tuote\/7-feelworld-monitor-lut7\/#primaryimage\",\"url\":\"https:\/\/mediagear.ee\/wp-content\/uploads\/2025\/09\/7-FEELWORLD-Monitor-LUT7.png\",\"contentUrl\":\"https:\/\/mediagear.ee\/wp-content\/uploads\/2025\/09\/7-FEELWORLD-Monitor-LUT7.png\",\"width\":673,\"height\":535,\"caption\":\"7\\\" FEELWORLD Monitor LUT7\"},{\"@type\":\"BreadcrumbList\",\"@id\":\"https:\/\/mediagear.ee\/fi\/tuote\/7-feelworld-monitor-lut7\/#breadcrumb\",\"itemListElement\":[{\"@type\":\"ListItem\",\"position\":1,\"name\":\"Home\",\"item\":\"https:\/\/mediagear.ee\/fi\/\"},{\"@type\":\"ListItem\",\"position\":2,\"name\":\"Pro video- ja \u00e4\u00e4nilaitteiden kauppa\",\"item\":\"https:\/\/mediagear.ee\/fi\/kauppa\/\"},{\"@type\":\"ListItem\",\"position\":3,\"name\":\"MONITORIT\",\"item\":\"https:\/\/mediagear.ee\/fi\/tuote-osasto\/monitorit\/\"},{\"@type\":\"ListItem\",\"position\":4,\"name\":\"Videomonitorit\",\"item\":\"https:\/\/mediagear.ee\/fi\/tuote-osasto\/monitorit\/video-monitors-fi\/\"},{\"@type\":\"ListItem\",\"position\":5,\"name\":\"7&#8243; FEELWORLD Monitor LUT7\"}]},{\"@type\":\"WebSite\",\"@id\":\"https:\/\/mediagear.ee\/fi\/#website\",\"url\":\"https:\/\/mediagear.ee\/fi\/\",\"name\":\"MediaGear\",\"description\":\"Full-service solutions in AV equipment\",\"publisher\":{\"@id\":\"https:\/\/mediagear.ee\/fi\/#organization\"},\"potentialAction\":[{\"@type\":\"SearchAction\",\"target\":{\"@type\":\"EntryPoint\",\"urlTemplate\":\"https:\/\/mediagear.ee\/fi\/?s={search_term_string}\"},\"query-input\":{\"@type\":\"PropertyValueSpecification\",\"valueRequired\":true,\"valueName\":\"search_term_string\"}}],\"inLanguage\":\"fi\"},{\"@type\":\"Organization\",\"@id\":\"https:\/\/mediagear.ee\/fi\/#organization\",\"name\":\"Mediagear\",\"url\":\"https:\/\/mediagear.ee\/fi\/\",\"logo\":{\"@type\":\"ImageObject\",\"inLanguage\":\"fi\",\"@id\":\"https:\/\/mediagear.ee\/fi\/#\/schema\/logo\/image\/\",\"url\":\"http:\/\/mediagear.ee\/wp-content\/uploads\/2024\/05\/MediaGear-logo-transp.png\",\"contentUrl\":\"http:\/\/mediagear.ee\/wp-content\/uploads\/2024\/05\/MediaGear-logo-transp.png\",\"width\":600,\"height\":200,\"caption\":\"Mediagear\"},\"image\":{\"@id\":\"https:\/\/mediagear.ee\/fi\/#\/schema\/logo\/image\/\"},\"sameAs\":[\"https:\/\/www.facebook.com\/Mediagear.ee\/\",\"https:\/\/www.instagram.com\/mediagear_ee\/\"]}]}<\/script>\n<!-- \/ Yoast SEO plugin. -->","yoast_head_json":{"title":"7\" FEELWORLD Monitor LUT7 - MediaGear","description":"7\" 2200nits HDMI Touchscreen Monitor. Highly visible and versatile, tremendous value for independent filmmakers and production teams....","robots":{"index":"index","follow":"follow","max-snippet":"max-snippet:-1","max-image-preview":"max-image-preview:large","max-video-preview":"max-video-preview:-1"},"canonical":"https:\/\/mediagear.ee\/fi\/tuote\/7-feelworld-monitor-lut7\/","og_locale":"fi_FI","og_type":"article","og_title":"7\" FEELWORLD Monitor LUT7 - MediaGear","og_description":"7\" 2200nits HDMI Touchscreen Monitor. Highly visible and versatile, tremendous value for independent filmmakers and production teams....","og_url":"https:\/\/mediagear.ee\/fi\/tuote\/7-feelworld-monitor-lut7\/","og_site_name":"MediaGear","article_publisher":"https:\/\/www.facebook.com\/Mediagear.ee\/","article_modified_time":"2026-01-20T20:42:46+00:00","og_image":[{"width":673,"height":535,"url":"https:\/\/mediagear.ee\/wp-content\/uploads\/2025\/09\/7-FEELWORLD-Monitor-LUT7.png","type":"image\/png"}],"twitter_card":"summary_large_image","twitter_misc":{"Arvioitu lukuaika":"3 minuuttia"},"schema":{"@context":"https:\/\/schema.org","@graph":[{"@type":"WebPage","@id":"https:\/\/mediagear.ee\/fi\/tuote\/7-feelworld-monitor-lut7\/","url":"https:\/\/mediagear.ee\/fi\/tuote\/7-feelworld-monitor-lut7\/","name":"7\" FEELWORLD Monitor LUT7 - MediaGear","isPartOf":{"@id":"https:\/\/mediagear.ee\/fi\/#website"},"primaryImageOfPage":{"@id":"https:\/\/mediagear.ee\/fi\/tuote\/7-feelworld-monitor-lut7\/#primaryimage"},"image":{"@id":"https:\/\/mediagear.ee\/fi\/tuote\/7-feelworld-monitor-lut7\/#primaryimage"},"thumbnailUrl":"https:\/\/mediagear.ee\/wp-content\/uploads\/2025\/09\/7-FEELWORLD-Monitor-LUT7.png","datePublished":"2025-09-15T21:00:00+00:00","dateModified":"2026-01-20T20:42:46+00:00","description":"7\" 2200nits HDMI Touchscreen Monitor. Highly visible and versatile, tremendous value for independent filmmakers and production teams....","breadcrumb":{"@id":"https:\/\/mediagear.ee\/fi\/tuote\/7-feelworld-monitor-lut7\/#breadcrumb"},"inLanguage":"fi","potentialAction":[{"@type":"ReadAction","target":["https:\/\/mediagear.ee\/fi\/tuote\/7-feelworld-monitor-lut7\/"]}]},{"@type":"ImageObject","inLanguage":"fi","@id":"https:\/\/mediagear.ee\/fi\/tuote\/7-feelworld-monitor-lut7\/#primaryimage","url":"https:\/\/mediagear.ee\/wp-content\/uploads\/2025\/09\/7-FEELWORLD-Monitor-LUT7.png","contentUrl":"https:\/\/mediagear.ee\/wp-content\/uploads\/2025\/09\/7-FEELWORLD-Monitor-LUT7.png","width":673,"height":535,"caption":"7\" FEELWORLD Monitor LUT7"},{"@type":"BreadcrumbList","@id":"https:\/\/mediagear.ee\/fi\/tuote\/7-feelworld-monitor-lut7\/#breadcrumb","itemListElement":[{"@type":"ListItem","position":1,"name":"Home","item":"https:\/\/mediagear.ee\/fi\/"},{"@type":"ListItem","position":2,"name":"Pro video- ja \u00e4\u00e4nilaitteiden kauppa","item":"https:\/\/mediagear.ee\/fi\/kauppa\/"},{"@type":"ListItem","position":3,"name":"MONITORIT","item":"https:\/\/mediagear.ee\/fi\/tuote-osasto\/monitorit\/"},{"@type":"ListItem","position":4,"name":"Videomonitorit","item":"https:\/\/mediagear.ee\/fi\/tuote-osasto\/monitorit\/video-monitors-fi\/"},{"@type":"ListItem","position":5,"name":"7&#8243; FEELWORLD Monitor LUT7"}]},{"@type":"WebSite","@id":"https:\/\/mediagear.ee\/fi\/#website","url":"https:\/\/mediagear.ee\/fi\/","name":"MediaGear","description":"Full-service solutions in AV equipment","publisher":{"@id":"https:\/\/mediagear.ee\/fi\/#organization"},"potentialAction":[{"@type":"SearchAction","target":{"@type":"EntryPoint","urlTemplate":"https:\/\/mediagear.ee\/fi\/?s={search_term_string}"},"query-input":{"@type":"PropertyValueSpecification","valueRequired":true,"valueName":"search_term_string"}}],"inLanguage":"fi"},{"@type":"Organization","@id":"https:\/\/mediagear.ee\/fi\/#organization","name":"Mediagear","url":"https:\/\/mediagear.ee\/fi\/","logo":{"@type":"ImageObject","inLanguage":"fi","@id":"https:\/\/mediagear.ee\/fi\/#\/schema\/logo\/image\/","url":"http:\/\/mediagear.ee\/wp-content\/uploads\/2024\/05\/MediaGear-logo-transp.png","contentUrl":"http:\/\/mediagear.ee\/wp-content\/uploads\/2024\/05\/MediaGear-logo-transp.png","width":600,"height":200,"caption":"Mediagear"},"image":{"@id":"https:\/\/mediagear.ee\/fi\/#\/schema\/logo\/image\/"},"sameAs":["https:\/\/www.facebook.com\/Mediagear.ee\/","https:\/\/www.instagram.com\/mediagear_ee\/"]}]}},"_links":{"self":[{"href":"https:\/\/mediagear.ee\/fi\/wp-json\/wp\/v2\/product\/287195","targetHints":{"allow":["GET"]}}],"collection":[{"href":"https:\/\/mediagear.ee\/fi\/wp-json\/wp\/v2\/product"}],"about":[{"href":"https:\/\/mediagear.ee\/fi\/wp-json\/wp\/v2\/types\/product"}],"wp:featuredmedia":[{"embeddable":true,"href":"https:\/\/mediagear.ee\/fi\/wp-json\/wp\/v2\/media\/287196"}],"wp:attachment":[{"href":"https:\/\/mediagear.ee\/fi\/wp-json\/wp\/v2\/media?parent=287195"}],"wp:term":[{"taxonomy":"brand","embeddable":true,"href":"https:\/\/mediagear.ee\/fi\/wp-json\/wp\/v2\/brand?post=287195"},{"taxonomy":"product_cat","embeddable":true,"href":"https:\/\/mediagear.ee\/fi\/wp-json\/wp\/v2\/product_cat?post=287195"},{"taxonomy":"product_tag","embeddable":true,"href":"https:\/\/mediagear.ee\/fi\/wp-json\/wp\/v2\/product_tag?post=287195"},{"taxonomy":"inventory","embeddable":true,"href":"https:\/\/mediagear.ee\/fi\/wp-json\/wp\/v2\/inventory?post=287195"}],"curies":[{"name":"wp","href":"https:\/\/api.w.org\/{rel}","templated":true}]}}