{"id":287231,"date":"2025-09-16T00:00:00","date_gmt":"2025-09-15T21:00:00","guid":{"rendered":"http:\/\/mediagear.ee\/product\/6-feelworld-monitor-cut6s-recording-monitor-w-sdi\/"},"modified":"2026-01-15T14:29:36","modified_gmt":"2026-01-15T12:29:36","slug":"6-feelworld-monitor-cut6s-recording-monitor-w-sdi","status":"publish","type":"product","link":"https:\/\/mediagear.ee\/fi\/tuote\/6-feelworld-monitor-cut6s-recording-monitor-w-sdi\/","title":{"rendered":"6&#8243; FEELWORLD Monitor CUT6S recording monitor w. SDI"},"content":{"rendered":"<p>CUT6Si intuitiivne operatsioonis\u00fcsteem on navigeeritav puute- ja p\u00fchkeliigutustega ning pakub juurdep\u00e4\u00e4su sellistele t\u00f6\u00f6riistadele ja funktsioonidele nagu sisseehitatud HDR ja 3D LUT, anamorfne de-squeeze, vektorskoop, zoom, fookusassistent ja t\u00e4iendavad kuvamisfunktsioonid. CUT6s v\u00f5imaldab mikro-SD-kaardi pesa kaudu laadida \u00fcles kuni 50 3D LUTi. Toiteallikate hulka kuuluvad integreeritud L-seeria akuplaat ja alalisvoolu sisendkaabel.<\/p>\n<p><strong>V\u00e4ikesed omadused<\/strong><\/p>\n<ul>\n<li>1920 x 1080 puutetundlik ekraan<\/li>\n<li>Kuni 1080p60 3G-SDI sisend ja v\u00e4ljund<\/li>\n<li>Kuni UHD 4K60 HDMI sisend, 1080p60 HDMI v\u00e4ljund<\/li>\n<li>Salvestab 1080p30 koos LUTiga USB 2.0-le<\/li>\n<li>450 cd\/m\u00b2 heledus<\/li>\n<li>HDR\/HLG tugi, 8-bitine v\u00e4rvus<\/li>\n<li>Maksimaalselt 50 LUT-i \u00fcleslaadimine<\/li>\n<li>1 x Sony L-seeria akupesa<\/li>\n<li>8,4 VDC, 5,5\/2,1 mm barrel V\u00e4ljund kaamerasse * 8,4 VDC, 5,5\/2,1 mm barrel V\u00e4ljund kaamerasse<\/li>\n<li>lainekuju, vektorskoop, fookuse tippimine<\/li>\n<\/ul>\n<p><strong>Monitor\/salvesti<\/strong><\/p>\n<p>CUT6S monitor v\u00f5imaldab salvestada kuni 1080p30 MP4 videot \u00fchilduvatest kaameratest, kasutades selle USB 2.0 porti koos FAT32 toega. See monitor toetab live LUT-rakendust, mis v\u00f5imaldab \u00fcles laadida kuni 50 LUT-i. Kogu salvestusaeg s\u00f5ltub teie v\u00e4lise m\u00e4lumahuti mahutavusest.<\/p>\n<p><strong>SDI ja HDMI sisend\/v\u00e4ljund<\/strong><\/p>\n<ul>\n<li>\u00dchendage praktiliselt mis tahes videokaamera v\u00f5i kinostiiliga kaamera SDI- ja HDMI-sisendite kaudu ja v\u00e4ljastage video suuremale ekraanile v\u00f5i traadita saatjale.<\/li>\n<li>J\u00e4lgige sisseehitatud heli 3,5 mm stereok\u00f5rvaklappide pesa kaudu audioseireks.<\/li>\n<li>Paigaldage CUT6S, kasutades 1\/4&#8243;-20 keermed \u00fcleval, all ja paremal k\u00fcljel.<\/li>\n<li>Sisaldab kallutatavat k\u00fclmakinga kinnitust, mis aitab teil saavutada parima vaatenurga.<\/li>\n<\/ul>\n<p><strong>Live striimi salvestamine<\/strong><\/p>\n<p>Kasutage CUT6S monitori pideva otse\u00fclekande salvestamiseks, mitte ainult tipphetkede v\u00f5i OBS (Open Broadcaster Software) kohaliku salvestuse salvestamiseks. V\u00f5imalus salvestada koos rakendatud LUTiga s\u00e4\u00e4stab aega j\u00e4relt\u00f6\u00f6tluses.<\/p>\n<p><strong>Puuteekraani t\u00f6\u00f6voog<\/strong><\/p>\n<p>Operatsioonis\u00fcsteem ja uus kasutajaliides pakuvad h\u00f5lpsasti kasutatava funktsioonikoonidega, sealhulgas salvestusnupuga, puudutus- ja p\u00fchkimisfunktsiooni t\u00f6\u00f6voogu. Monitori \u00fclaosas asuv nupuratas pakub alternatiivset juhtimist puuteekraanile.<\/p>\n<p><strong>Es on sisseehitatud HDR<\/strong><\/p>\n<p>CUT6S pakub sisseehitatud HLG 2020, HLG 709 ja HLG P3 HDR-re\u017eiimi, mis v\u00f5imaldab vaadata ja j\u00e4\u00e4dvustada n\u00fcansirikkaid, laia d\u00fcnaamilise ulatusega ja t\u00f5ep\u00e4raseid v\u00e4rve sisaldavaid kaadreid.<\/p>\n<p><strong>3D LUT-tugi<\/strong><\/p>\n<ul>\n<li>Laadige kuni 50 kohandatud LUT-i micro-SD-kaardi pesa kaudu.<\/li>\n<li>LUT-pildi v\u00e4ljastamine re\u017eiss\u00f6\u00f6ri monitorile HDMI-v\u00e4ljal\u00fclituse kaudu.<\/li>\n<\/ul>\n<p><strong>Liidesed<\/strong><\/p>\n<ul>\n<li>\u00dchendage praktiliselt mis tahes kaamera SDI- v\u00f5i HDMI-sisendite kaudu ja v\u00e4ljastage video suuremale ekraanile v\u00f5i traadita saatjale.<\/li>\n<li>Monitoorige sisseehitatud heli 3,5 mm stereok\u00f5rvaklappide pesa kaudu audioseireks.<\/li>\n<li>Paigaldage CUT6S, kasutades 1\/4&#8243;-20 keermed \u00fcleval, all ja paremal k\u00fcljel.<\/li>\n<li>Sisaldab kallutatavat klambrit, mis aitab teil saavutada parima vaatenurga.<\/li>\n<\/ul>\n<p><strong>Integreeritud ventilaator<\/strong><\/p>\n<p>Sisseehitatud ventilaator jahutab monitori ja seda saab reguleerida madalale, keskmisele ja k\u00f5rgele tasemele.<\/p>\n<p><strong>Toitev\u00f5imalused<\/strong><\/p>\n<ul>\n<li>Toitke CUT6S-i integreeritud L-seeria akuplaadi ja eraldi saadaval oleva aku abil v\u00f5i kasutades 12 VDC t\u00fcnni sisendporti pideva toite saamiseks.<\/li>\n<li>Toite andmine valitud kaameratele, kasutades 8,4 VDC v\u00e4ljundit.<\/li>\n<\/ul>\n<p><strong>Kuvariifunktsioonid<\/strong><\/p>\n<ul>\n<li>3D LUT tugi Rec. 709-s\u00fcsteemis<\/li>\n<li>RGB ja YUV lainekuju<\/li>\n<li>Vektorskoop<\/li>\n<li>RGB histogrammid<\/li>\n<li>Fookuse tippimise abi<\/li>\n<li>Valev\u00e4rvid (Spectrum, ARRI)<\/li>\n<li>V\u00e4lja kontrollimine (punane, roheline, sinine, mono)<\/li>\n<li>Zebra ekspositsioon (reguleeritav 1 kuni 100%)<\/li>\n<li>Alam- ja \u00fclem\u00e4\u00e4rane skaneerimine<\/li>\n<li>Zoom (1x kuni 5x)<\/li>\n<li>Anamorfne de-squeeze (1,25x, 1,33x, 1,5x, 1,8x, 2,0x, 2,0x mag)<\/li>\n<li>Piksli-piiksli suumimine * Piksli-piiksli suumimine * Piksli-piiksli suum<\/li>\n<li>\u00dcheksa sektsiooniga v\u00f5rega<\/li>\n<li>Keskmine marker<\/li>\n<li>Turvamarkerid (70, 80, 90%, 16:9, 16:10, 4:3, 5:4, 1.85:1, 2.35:1)<\/li>\n<li>Kuvasuhte markerid (16:9, 16:10, 4:3, 1,85:1, 2,35:1, 2,41:1, 1,91:1, 5:4)<\/li>\n<li>Markerite v\u00e4rvid (punane, roheline, sinine, valge, must, kollane)<\/li>\n<li>Pildi \u00fcmberp\u00f6\u00f6ramine (automaatne, 180\u00b0 horisontaalne \u00fcmberp\u00f6\u00f6ramine, vertikaalne \u00fcmberp\u00f6\u00f6ramine)<\/li>\n<li>Pildi k\u00fclmutamine<\/li>\n<\/ul>\n<p><strong>Kastis<\/strong><\/p>\n<ul>\n<li>FeelWorld CUT6S 6&#8243; 4K 3G-SDI\/HDMI puuteekraaniga salvestaja\/monitor * FeelWorld CUT6S 6&#8243; 4K 3G-SDI\/HDMI puuteekraaniga salvestaja\/monitor<\/li>\n<li>Kallutatav k\u00fclmkinga kinnitus<\/li>\n<li>Micro-HDMI-HDMI kaabel<\/li>\n<\/ul>\n","protected":false},"excerpt":{"rendered":"<p>Use the FeelWorld CUT6S 6&#8243; 4K HDMI Touchscreen Recorder\/Monitor to both view and capture 3G-SDI or HDMI video. This onboard monitor supports up to 1080p60 input and output via SDI and UHD 4K60 input and 1080p60 output via HDMI with the ability to view an applied LUT. The CUT6S can power select cameras via its 8.4V barrel output. The CUT6S features a 6&#8243; 1920 x 1080 touchscreen display, one 3G-SDI input, one 3G-SDI output, one HDMI 2.0 input, and one HDMI 1.4 loop output supporting up to 1080p60 resolution video. A 3.5mm headphone jack is also provided for audio monitoring on set.<\/p>\n","protected":false},"featured_media":287232,"template":"","meta":{"_acf_changed":false},"brand":[6646],"product_cat":[6121],"product_tag":[],"inventory":[],"class_list":{"0":"post-287231","1":"product","2":"type-product","3":"status-publish","4":"has-post-thumbnail","6":"brand-feelworld","7":"product_cat-recording-monitors-fi","9":"first","10":"onbackorder","11":"taxable","12":"shipping-taxable","13":"purchasable","14":"product-type-simple"},"acf":[],"yoast_head":"<!-- This site is optimized with the Yoast SEO plugin v27.1.1 - https:\/\/yoast.com\/product\/yoast-seo-wordpress\/ -->\n<title>6&quot; FEELWORLD Monitor CUT6S recording monitor w. SDI - MediaGear<\/title>\n<meta name=\"description\" content=\"Use the FeelWorld CUT6S 6&quot; 4K HDMI Touchscreen Recorder\/Monitor to both view and capture 3G-SDI or HDMI video. This onboard monitor supports up to ...\" \/>\n<meta name=\"robots\" content=\"index, follow, max-snippet:-1, max-image-preview:large, max-video-preview:-1\" \/>\n<link rel=\"canonical\" href=\"https:\/\/mediagear.ee\/fi\/tuote\/6-feelworld-monitor-cut6s-recording-monitor-w-sdi\/\" \/>\n<meta property=\"og:locale\" content=\"fi_FI\" \/>\n<meta property=\"og:type\" content=\"article\" \/>\n<meta property=\"og:title\" content=\"6&quot; FEELWORLD Monitor CUT6S recording monitor w. SDI - MediaGear\" \/>\n<meta property=\"og:description\" content=\"Use the FeelWorld CUT6S 6&quot; 4K HDMI Touchscreen Recorder\/Monitor to both view and capture 3G-SDI or HDMI video. This onboard monitor supports up to ...\" \/>\n<meta property=\"og:url\" content=\"https:\/\/mediagear.ee\/fi\/tuote\/6-feelworld-monitor-cut6s-recording-monitor-w-sdi\/\" \/>\n<meta property=\"og:site_name\" content=\"MediaGear\" \/>\n<meta property=\"article:publisher\" content=\"https:\/\/www.facebook.com\/Mediagear.ee\/\" \/>\n<meta property=\"article:modified_time\" content=\"2026-01-15T12:29:36+00:00\" \/>\n<meta property=\"og:image\" content=\"https:\/\/mediagear.ee\/wp-content\/uploads\/2025\/09\/6-FEELWORLD-Monitor-CUT6S-recording-monitor-w.-SDI.png\" \/>\n\t<meta property=\"og:image:width\" content=\"683\" \/>\n\t<meta property=\"og:image:height\" content=\"391\" \/>\n\t<meta property=\"og:image:type\" content=\"image\/png\" \/>\n<meta name=\"twitter:card\" content=\"summary_large_image\" \/>\n<meta name=\"twitter:label1\" content=\"Arvioitu lukuaika\" \/>\n\t<meta name=\"twitter:data1\" content=\"3 minuuttia\" \/>\n<script type=\"application\/ld+json\" class=\"yoast-schema-graph\">{\"@context\":\"https:\/\/schema.org\",\"@graph\":[{\"@type\":\"WebPage\",\"@id\":\"https:\/\/mediagear.ee\/fi\/tuote\/6-feelworld-monitor-cut6s-recording-monitor-w-sdi\/\",\"url\":\"https:\/\/mediagear.ee\/fi\/tuote\/6-feelworld-monitor-cut6s-recording-monitor-w-sdi\/\",\"name\":\"6\\\" FEELWORLD Monitor CUT6S recording monitor w. SDI - MediaGear\",\"isPartOf\":{\"@id\":\"https:\/\/mediagear.ee\/fi\/#website\"},\"primaryImageOfPage\":{\"@id\":\"https:\/\/mediagear.ee\/fi\/tuote\/6-feelworld-monitor-cut6s-recording-monitor-w-sdi\/#primaryimage\"},\"image\":{\"@id\":\"https:\/\/mediagear.ee\/fi\/tuote\/6-feelworld-monitor-cut6s-recording-monitor-w-sdi\/#primaryimage\"},\"thumbnailUrl\":\"https:\/\/mediagear.ee\/wp-content\/uploads\/2025\/09\/6-FEELWORLD-Monitor-CUT6S-recording-monitor-w.-SDI.png\",\"datePublished\":\"2025-09-15T21:00:00+00:00\",\"dateModified\":\"2026-01-15T12:29:36+00:00\",\"description\":\"Use the FeelWorld CUT6S 6\\\" 4K HDMI Touchscreen Recorder\/Monitor to both view and capture 3G-SDI or HDMI video. This onboard monitor supports up to ...\",\"breadcrumb\":{\"@id\":\"https:\/\/mediagear.ee\/fi\/tuote\/6-feelworld-monitor-cut6s-recording-monitor-w-sdi\/#breadcrumb\"},\"inLanguage\":\"fi\",\"potentialAction\":[{\"@type\":\"ReadAction\",\"target\":[\"https:\/\/mediagear.ee\/fi\/tuote\/6-feelworld-monitor-cut6s-recording-monitor-w-sdi\/\"]}]},{\"@type\":\"ImageObject\",\"inLanguage\":\"fi\",\"@id\":\"https:\/\/mediagear.ee\/fi\/tuote\/6-feelworld-monitor-cut6s-recording-monitor-w-sdi\/#primaryimage\",\"url\":\"https:\/\/mediagear.ee\/wp-content\/uploads\/2025\/09\/6-FEELWORLD-Monitor-CUT6S-recording-monitor-w.-SDI.png\",\"contentUrl\":\"https:\/\/mediagear.ee\/wp-content\/uploads\/2025\/09\/6-FEELWORLD-Monitor-CUT6S-recording-monitor-w.-SDI.png\",\"width\":683,\"height\":391,\"caption\":\"6\\\" FEELWORLD Monitor CUT6S recording monitor w. SDI\"},{\"@type\":\"BreadcrumbList\",\"@id\":\"https:\/\/mediagear.ee\/fi\/tuote\/6-feelworld-monitor-cut6s-recording-monitor-w-sdi\/#breadcrumb\",\"itemListElement\":[{\"@type\":\"ListItem\",\"position\":1,\"name\":\"Home\",\"item\":\"https:\/\/mediagear.ee\/fi\/\"},{\"@type\":\"ListItem\",\"position\":2,\"name\":\"Pro video- ja \u00e4\u00e4nilaitteiden kauppa\",\"item\":\"https:\/\/mediagear.ee\/fi\/kauppa\/\"},{\"@type\":\"ListItem\",\"position\":3,\"name\":\"MONITORIT\",\"item\":\"https:\/\/mediagear.ee\/fi\/tuote-osasto\/monitorit\/\"},{\"@type\":\"ListItem\",\"position\":4,\"name\":\"Tallentavat Monitorit\",\"item\":\"https:\/\/mediagear.ee\/fi\/tuote-osasto\/monitorit\/recording-monitors-fi\/\"},{\"@type\":\"ListItem\",\"position\":5,\"name\":\"6&#8243; FEELWORLD Monitor CUT6S recording monitor w. SDI\"}]},{\"@type\":\"WebSite\",\"@id\":\"https:\/\/mediagear.ee\/fi\/#website\",\"url\":\"https:\/\/mediagear.ee\/fi\/\",\"name\":\"MediaGear\",\"description\":\"Full-service solutions in AV equipment\",\"publisher\":{\"@id\":\"https:\/\/mediagear.ee\/fi\/#organization\"},\"potentialAction\":[{\"@type\":\"SearchAction\",\"target\":{\"@type\":\"EntryPoint\",\"urlTemplate\":\"https:\/\/mediagear.ee\/fi\/?s={search_term_string}\"},\"query-input\":{\"@type\":\"PropertyValueSpecification\",\"valueRequired\":true,\"valueName\":\"search_term_string\"}}],\"inLanguage\":\"fi\"},{\"@type\":\"Organization\",\"@id\":\"https:\/\/mediagear.ee\/fi\/#organization\",\"name\":\"Mediagear\",\"url\":\"https:\/\/mediagear.ee\/fi\/\",\"logo\":{\"@type\":\"ImageObject\",\"inLanguage\":\"fi\",\"@id\":\"https:\/\/mediagear.ee\/fi\/#\/schema\/logo\/image\/\",\"url\":\"http:\/\/mediagear.ee\/wp-content\/uploads\/2024\/05\/MediaGear-logo-transp.png\",\"contentUrl\":\"http:\/\/mediagear.ee\/wp-content\/uploads\/2024\/05\/MediaGear-logo-transp.png\",\"width\":600,\"height\":200,\"caption\":\"Mediagear\"},\"image\":{\"@id\":\"https:\/\/mediagear.ee\/fi\/#\/schema\/logo\/image\/\"},\"sameAs\":[\"https:\/\/www.facebook.com\/Mediagear.ee\/\",\"https:\/\/www.instagram.com\/mediagear_ee\/\"]}]}<\/script>\n<!-- \/ Yoast SEO plugin. -->","yoast_head_json":{"title":"6\" FEELWORLD Monitor CUT6S recording monitor w. SDI - MediaGear","description":"Use the FeelWorld CUT6S 6\" 4K HDMI Touchscreen Recorder\/Monitor to both view and capture 3G-SDI or HDMI video. This onboard monitor supports up to ...","robots":{"index":"index","follow":"follow","max-snippet":"max-snippet:-1","max-image-preview":"max-image-preview:large","max-video-preview":"max-video-preview:-1"},"canonical":"https:\/\/mediagear.ee\/fi\/tuote\/6-feelworld-monitor-cut6s-recording-monitor-w-sdi\/","og_locale":"fi_FI","og_type":"article","og_title":"6\" FEELWORLD Monitor CUT6S recording monitor w. SDI - MediaGear","og_description":"Use the FeelWorld CUT6S 6\" 4K HDMI Touchscreen Recorder\/Monitor to both view and capture 3G-SDI or HDMI video. This onboard monitor supports up to ...","og_url":"https:\/\/mediagear.ee\/fi\/tuote\/6-feelworld-monitor-cut6s-recording-monitor-w-sdi\/","og_site_name":"MediaGear","article_publisher":"https:\/\/www.facebook.com\/Mediagear.ee\/","article_modified_time":"2026-01-15T12:29:36+00:00","og_image":[{"width":683,"height":391,"url":"https:\/\/mediagear.ee\/wp-content\/uploads\/2025\/09\/6-FEELWORLD-Monitor-CUT6S-recording-monitor-w.-SDI.png","type":"image\/png"}],"twitter_card":"summary_large_image","twitter_misc":{"Arvioitu lukuaika":"3 minuuttia"},"schema":{"@context":"https:\/\/schema.org","@graph":[{"@type":"WebPage","@id":"https:\/\/mediagear.ee\/fi\/tuote\/6-feelworld-monitor-cut6s-recording-monitor-w-sdi\/","url":"https:\/\/mediagear.ee\/fi\/tuote\/6-feelworld-monitor-cut6s-recording-monitor-w-sdi\/","name":"6\" FEELWORLD Monitor CUT6S recording monitor w. SDI - MediaGear","isPartOf":{"@id":"https:\/\/mediagear.ee\/fi\/#website"},"primaryImageOfPage":{"@id":"https:\/\/mediagear.ee\/fi\/tuote\/6-feelworld-monitor-cut6s-recording-monitor-w-sdi\/#primaryimage"},"image":{"@id":"https:\/\/mediagear.ee\/fi\/tuote\/6-feelworld-monitor-cut6s-recording-monitor-w-sdi\/#primaryimage"},"thumbnailUrl":"https:\/\/mediagear.ee\/wp-content\/uploads\/2025\/09\/6-FEELWORLD-Monitor-CUT6S-recording-monitor-w.-SDI.png","datePublished":"2025-09-15T21:00:00+00:00","dateModified":"2026-01-15T12:29:36+00:00","description":"Use the FeelWorld CUT6S 6\" 4K HDMI Touchscreen Recorder\/Monitor to both view and capture 3G-SDI or HDMI video. This onboard monitor supports up to ...","breadcrumb":{"@id":"https:\/\/mediagear.ee\/fi\/tuote\/6-feelworld-monitor-cut6s-recording-monitor-w-sdi\/#breadcrumb"},"inLanguage":"fi","potentialAction":[{"@type":"ReadAction","target":["https:\/\/mediagear.ee\/fi\/tuote\/6-feelworld-monitor-cut6s-recording-monitor-w-sdi\/"]}]},{"@type":"ImageObject","inLanguage":"fi","@id":"https:\/\/mediagear.ee\/fi\/tuote\/6-feelworld-monitor-cut6s-recording-monitor-w-sdi\/#primaryimage","url":"https:\/\/mediagear.ee\/wp-content\/uploads\/2025\/09\/6-FEELWORLD-Monitor-CUT6S-recording-monitor-w.-SDI.png","contentUrl":"https:\/\/mediagear.ee\/wp-content\/uploads\/2025\/09\/6-FEELWORLD-Monitor-CUT6S-recording-monitor-w.-SDI.png","width":683,"height":391,"caption":"6\" FEELWORLD Monitor CUT6S recording monitor w. SDI"},{"@type":"BreadcrumbList","@id":"https:\/\/mediagear.ee\/fi\/tuote\/6-feelworld-monitor-cut6s-recording-monitor-w-sdi\/#breadcrumb","itemListElement":[{"@type":"ListItem","position":1,"name":"Home","item":"https:\/\/mediagear.ee\/fi\/"},{"@type":"ListItem","position":2,"name":"Pro video- ja \u00e4\u00e4nilaitteiden kauppa","item":"https:\/\/mediagear.ee\/fi\/kauppa\/"},{"@type":"ListItem","position":3,"name":"MONITORIT","item":"https:\/\/mediagear.ee\/fi\/tuote-osasto\/monitorit\/"},{"@type":"ListItem","position":4,"name":"Tallentavat Monitorit","item":"https:\/\/mediagear.ee\/fi\/tuote-osasto\/monitorit\/recording-monitors-fi\/"},{"@type":"ListItem","position":5,"name":"6&#8243; FEELWORLD Monitor CUT6S recording monitor w. SDI"}]},{"@type":"WebSite","@id":"https:\/\/mediagear.ee\/fi\/#website","url":"https:\/\/mediagear.ee\/fi\/","name":"MediaGear","description":"Full-service solutions in AV equipment","publisher":{"@id":"https:\/\/mediagear.ee\/fi\/#organization"},"potentialAction":[{"@type":"SearchAction","target":{"@type":"EntryPoint","urlTemplate":"https:\/\/mediagear.ee\/fi\/?s={search_term_string}"},"query-input":{"@type":"PropertyValueSpecification","valueRequired":true,"valueName":"search_term_string"}}],"inLanguage":"fi"},{"@type":"Organization","@id":"https:\/\/mediagear.ee\/fi\/#organization","name":"Mediagear","url":"https:\/\/mediagear.ee\/fi\/","logo":{"@type":"ImageObject","inLanguage":"fi","@id":"https:\/\/mediagear.ee\/fi\/#\/schema\/logo\/image\/","url":"http:\/\/mediagear.ee\/wp-content\/uploads\/2024\/05\/MediaGear-logo-transp.png","contentUrl":"http:\/\/mediagear.ee\/wp-content\/uploads\/2024\/05\/MediaGear-logo-transp.png","width":600,"height":200,"caption":"Mediagear"},"image":{"@id":"https:\/\/mediagear.ee\/fi\/#\/schema\/logo\/image\/"},"sameAs":["https:\/\/www.facebook.com\/Mediagear.ee\/","https:\/\/www.instagram.com\/mediagear_ee\/"]}]}},"_links":{"self":[{"href":"https:\/\/mediagear.ee\/fi\/wp-json\/wp\/v2\/product\/287231","targetHints":{"allow":["GET"]}}],"collection":[{"href":"https:\/\/mediagear.ee\/fi\/wp-json\/wp\/v2\/product"}],"about":[{"href":"https:\/\/mediagear.ee\/fi\/wp-json\/wp\/v2\/types\/product"}],"wp:featuredmedia":[{"embeddable":true,"href":"https:\/\/mediagear.ee\/fi\/wp-json\/wp\/v2\/media\/287232"}],"wp:attachment":[{"href":"https:\/\/mediagear.ee\/fi\/wp-json\/wp\/v2\/media?parent=287231"}],"wp:term":[{"taxonomy":"brand","embeddable":true,"href":"https:\/\/mediagear.ee\/fi\/wp-json\/wp\/v2\/brand?post=287231"},{"taxonomy":"product_cat","embeddable":true,"href":"https:\/\/mediagear.ee\/fi\/wp-json\/wp\/v2\/product_cat?post=287231"},{"taxonomy":"product_tag","embeddable":true,"href":"https:\/\/mediagear.ee\/fi\/wp-json\/wp\/v2\/product_tag?post=287231"},{"taxonomy":"inventory","embeddable":true,"href":"https:\/\/mediagear.ee\/fi\/wp-json\/wp\/v2\/inventory?post=287231"}],"curies":[{"name":"wp","href":"https:\/\/api.w.org\/{rel}","templated":true}]}}