{"id":287261,"date":"2025-09-16T00:00:00","date_gmt":"2025-09-15T21:00:00","guid":{"rendered":"http:\/\/mediagear.ee\/product\/feelworld-video-mixer-live-pro-l1-multi-format\/"},"modified":"2026-01-20T22:44:40","modified_gmt":"2026-01-20T20:44:40","slug":"feelworld-video-mixer-live-pro-l1-multi-format","status":"publish","type":"product","link":"https:\/\/mediagear.ee\/fi\/tuote\/feelworld-video-mixer-live-pro-l1-multi-format\/","title":{"rendered":"FEELWORLD Video Mixer LIVE PRO L1 Multi-format"},"content":{"rendered":"<p>Mitmeformaadiline video mikserpult nelja HDMI-sisendiga, mis v\u00f5imaldab teha t\u00f6\u00f6d mitme kaameraga ja edastada otse\u00fclekandeid reaalajas.<\/p>\n<ul>\n<li>\n<p>2-tolline TFT-ekraan, et teostada reaalajas nelja sisendi eelvaadet.<\/p>\n<\/li>\n<li>\n<p>Automaatne video l\u00f5ikamine ja manuaalne kommutaator (T-kujuline hoob).<\/p>\n<\/li>\n<li>\n<p>USB videoh\u00f5ive \u00fchildub otse\u00fclekannete edastamiseks UVC-ga.<\/p>\n<\/li>\n<li>\n<p>Heli puhul on v\u00f5imalik teha valik sisestatud v\u00f5i v\u00e4lise allika vahel.<\/p>\n<\/li>\n<li>\n<p>Seade v\u00f5imaldab vahetada kuue pildiga PVW ja PGM v\u00e4ljunditelt HDMI-v\u00e4ljundile.<\/p>\n<\/li>\n<li>\n<p>Toetab PIP funktsiooni.<\/p>\n<\/li>\n<li>\n<p>T-kujulise hoovaga on v\u00f5imalik teostada 14 \u00fclemineku efekti.<\/p>\n<\/li>\n<li>\n<p>Litsentsiga funktsioonid, sh DSK, PTZ juhtimine jne.<\/p>\n<\/li>\n<li>\n<p>Seadme juhtimine lauaarvuti v\u00f5i nutitelefoni kaudu (rakenduse abil).<\/p>\n<\/li>\n<\/ul>\n<p>\u00a0<\/p>\n<p><p><strong>Taskukohane, mitme kaameraga otse\u00fclekannete tootmine<\/strong><\/p>\n<p>Video mikserpuldil LIVEPRO L1 on neli CH HDMI-sisendit ja \u00fcks HDMI-v\u00e4ljund \u2013 k\u00f5ik toetavad formaati 1080p. Otse\u00fclekannete teostamiseks on seadmel liides USB 3.0. Lisaks on puldil LAN pesa seadme juhtimiseks ja t\u00e4iendamiseks. Heli edastamiseks on puldil kaks liidest, millest \u00fcks on sisendi ja teine v\u00e4ljundi jaoks. K\u00f5ik need funktsioonid muudavad professionaalsete videote filmimise mitme kaameraga v\u00e4ga lihtsaks. Pult on v\u00f5imeline edastama videot mis tahes neljast HDMI-sisendist mis tahes otse\u00fclekande platvormile kolmanda osapoole reaalajas voogedastust teostava tarkvara kaudu, nagu n\u00e4iteks OBS. \u00dchendage lihtsalt pult LIVEPRO L1 ja saategi reaalajas vahetada nelja kvaliteetse videokaamera sisendi vahel, et saavutada m\u00e4rkimisv\u00e4\u00e4rselt parema kvaliteediga kujutist. V\u00f5i \u00fchendage arvutiga, et edastada PowerPointi slaide, v\u00f5i m\u00e4ngukonsooliga.<\/p>\n<p><strong>Viimistletud ja paindlik juhtpaneel<\/strong><\/p>\n<p>Mikserpuldil LIVEPRO L1 on viimistletud ja kompaktne juhtpaneel. Puldi neli nuppu on m\u00f5eldud sisendsignaalide valimiseks, roheliselt vilkuv tuli n\u00e4itab, et signaal on valitud. Seej\u00e4rel muutke T-kujulise hoova asendit ja valitud signaal kuvatakse sujuvalt ekraanil. P\u00e4rast hoova asendi muutmist muutub roheliselt vilkuv nupp punaseks. Nupp Menu (Men\u00fc\u00fc) on men\u00fc\u00fcseadete valimiseks ja nupuga SW saab teha valiku erinevate funktsioonide vahel, nagu miksimine, skaleerimine, \u00fcleminekuaja seadmine ning muud funktsioonid. Vasaku keerdnupuga saab kontrollida heli valjust ja parem keerdnupp on samuti m\u00f5eldud men\u00fc\u00fcseadete valimiseks. Kahe keerdnupu kombinatsioon juhib PTZ kaamera vaatenurka. TFT-ekraanilt on v\u00f5imalik n\u00e4ha nelja HDMI-signaali eelvaadet ja h\u00f5lpsasti liikuda men\u00fc\u00fcseadete vahel.<\/p>\n<p><strong>Kompaktne ja kerge disain<\/strong><\/p>\n<p>LIVEPRO L1 on v\u00e4ike kommutaator, mis on piisavalt v\u00e4ike, et mahtuda tarvikutele m\u00f5eldud kohvrite v\u00f5i kaamerakottide sisse. Mikserpuldil LIVEPRO L1, mis on loodud integreeruma t\u00fc\u00fcpiliste videotootmise t\u00f6\u00f6voogudega, on keermepuur standardsuuruses videokinnituste jaoks ja seda on h\u00f5lpsasti v\u00f5imalik kinnitada statiivile, et see ei j\u00e4\u00e4ks jalgu. Seadme kerge disaini t\u00f5ttu on seda lihtne kasutada ka mobiiltelefoni videorakendustega.<\/p>\n<p><strong>Mitmeotstarbeline rakendus, \u00fcks lahendus<\/strong><\/p>\n<p>Tavainimesed vajavad v\u00e4iksemaid ja lihtsamaid tooteid reaalajas edastavate rakenduste kasutamiseks. Mikserpuldiga LIVEPRO L1, millel on lihtne ja kompaktne disain, on v\u00f5imalik kasutada rikkalike eriefektide vahetamise funktsiooni ning kruviaugu abil on kommutaatorit v\u00f5imalik paigaldada statiivile. Sellisel viisil on \u00fchel inimesel h\u00f5lpsam ja lihtsam teostada otse\u00fclekannete edastamist ning mitmesuguste signaalide juhtimist.<\/p>\n<p><strong>Kiirem video tootmine, lisaks ka reaalajas voogedastus<\/strong><\/p>\n<p>Video reaalajas tootmine on kiireim viis l\u00f5petatud programmi l\u00f5pule viimiseks, lisaks saate samal ajal seda edastada reaalajas \u00fclemaailmsele publikule YouTube\u2019i kaudu. Mikserpuldi LIVEPRO L1 USB 3.0 v\u00e4ljund \u00fchendub mis tahes arvutiga ja n\u00e4eb v\u00e4lja nagu sisseehitatud veebikaamera, seega t\u00f6\u00f6tavad seadmega k\u00f5ik sotsiaalmeediaplatvormidega kasutatavad voogedastuse tarkvarad. Kuni nelja HDMI-sisendiga v\u00f5ite seadistada mitu kaamera v\u00f5ttenurka, nagu n\u00e4iteks \u00fcldv\u00f5te koos eraldi l\u00e4hikaadritega igast isikust. Teil on v\u00f5imalik luua \u00fchendus ka arvutiga PowerPointi slaidiseansi, videoklipi taasesituse v\u00f5i veebisaitide edastamiseks v\u00f5i m\u00e4ngukonsoolidega. Kogu kommuteerimine toimub reaalajas, seega saate edastada voogesitust mis tahes sotsiaalmeediaplatvormile, nagu YouTube, Facebook, TikTok, Douyu TV ja paljud teised.<\/p>\n<p><strong>Mugav kommuteerimine T-kujulise hoovaga<\/strong><\/p>\n<p>Mikserpuldi LIVEPRO L1 T-kujuline hoob toetab 14 \u00fclemineku efekti ja signaali kommuteerimise teostamist. Kui re\u017eiim T-Bar on aktiivne, hakkab roheline nupp vajutades vilkuma. L\u00fckates T-kujulise hoova l\u00f5puni v\u00e4lja (vasakule v\u00f5i paremale), vahetatakse allikas valitud \u00fclemineku efekti vastu. P\u00e4rast vahetust muutub roheline tuli punaseks. See on sobilik video eriefektide vahetamiseks v\u00e4ikeste v\u00e4listseenide puhul, et vastata video kommutatsiooni vajadustele, nagu n\u00e4iteks raadio ja televisioon, v\u00e4ljas toimuvad spordi\u00fcritused, kooli \u00f5ppetarkvara tootmine jne.<\/p>\n<p>M\u00e4rkus. Kui T-kujuline hoob ei ole l\u00f5ppasendis, pole allikat v\u00f5imalik valida.<\/p>\n<p><strong>Sisestada v\u00f5i eraldada? Miks mitte m\u00f5lemat?<\/strong><\/p>\n<p>LIVEPRO L1 v\u00f5imaldab teil sisestada analoogheli HDMI-signaali, et salvestada v\u00f5i edastada reaalajas voogedastust, aga ka eraldada heli HDMI-signaalist, et saata seda suuremasse eriotstarbelisse helimikserisse. Samas kui paljud konverterid toetavad ainult digitaalset heli v\u00f5i  pakuvad ainult kas sisestamist v\u00f5i eraldamist (mitte m\u00f5lemat), v\u00f5imaldab LIVEPRO L1 teil k\u00f5ike seda teha. Heliv\u00e4ljundi jaoks valige HDMI sisestatud heli v\u00f5i v\u00e4line heli. Kui valitud on sisestatud heli, v\u00e4ljastatakse PGM-i pildi heli HDMI-v\u00e4ljundist ja PST pildi heli heliv\u00e4ljundist. Kui valitud on v\u00e4line heli, v\u00e4ljastatakse v\u00e4lise heli audio.<\/p>\n<p><strong>6 pildiga PVW, PIP<\/strong><\/p>\n<p>Kui kommutaator on \u00fchendatud v\u00e4lise laiendatud ekraaniga, on v\u00f5imalik reaalajas j\u00e4lgida 6 pildi eelvaadet, sh PGM, PST ja 4-kanaliga HDMI-sisendi signaale, ning ekraanil kuvatakse heliriba. Lisaks saate re\u017eiimile PIP (pilt pildis) m\u00e4\u00e4rata \u00fcheksa paigutust. See on v\u00e4ga kasulik laiaulatuslike v\u00e4liseansside puhul, kus kasutatakse mitmeid tugesid.<\/p>\n<p><strong>USB 3.0 reaalajas voogedastus<\/strong><\/p>\n<p>Muutke otse\u00fclekanded veelgi mugavamaks ja kiiremaks<\/p>\n<p>Maksimaalse \u00fchildavuse tagamiseks on mikserpuldil LIVEPRO L1 USB \u00fchendus, mis toimib lihtsa veebikaamera allikana. See t\u00e4hendab, et saate seadme pistikusse \u00fchendada ja koheselt asuda t\u00f6\u00f6le mis tahes videotarkvaraga. Tarkvara on pandud arvama, et LIVEPRO L1 on levinud veebikaamera, kuid tegelikult on tegemist otse\u00fclekannete kommutaatoriga. See tagab t\u00e4ieliku \u00fchilduvuse mis tahes videotarkvaraga ja t\u00e4isresolutsiooni 1080HD kvaliteedi. Valiga mis tahes sobilik tarkvara, nagu n\u00e4iteks OBS tarkvara otse\u00fclekannete edastamiseks v\u00f5i konverentsitarkvara (Tencent conference ja Yealink) \u00e4riotstarbeliste esitluste jaoks. LIVEPRO L1 t\u00f6\u00f6tab selliste tarkvarade ja platvormidega nagu OBS, kogumistarkvara (AMCap, eCap, PotPlayer), konverentsitarkvara (Tencent conference ja Yealink), Youtube, Facebook, Zoom, TikTok ning paljud teised.<\/p>\n<p><strong>Mitmed sobilikud rakendusv\u00f5imalused<\/strong><\/p>\n<p>Mikserpulti LIVEPRO L1 kasutatakse laialdaselt spordi\u00fcritustel, e-spordi v\u00f5istlustel, \u00e4riotstarbeliste esitlustega, pulmades, intervjuude tegemisel, hariduses ja koolitustel jne.<\/p>\n<p><strong>Lisage p\u00f5nevaid videoefekte<\/strong><\/p>\n<p>Mikserpuldi LIVEPRO L1 \u00fcheks eeliseks on professionaalsed tootmisv\u00e4\u00e4rtused, mis on v\u00f5imalikud sisseehitatud videoefektide valikut kasutades. \u00dclemineku efekti men\u00fc\u00fc avamiseks vajutage nuppu SW, kasutage keerdnuppu soovitud \u00fclemineku efekti ikooni valimiseks ja vajutage kinnitamiseks keerdnuppu. Men\u00fc\u00fcs olev jaotis \u201ecut\u201c (l\u00f5ika) tagab kohese l\u00f5ikamise, kui vahetate allikat. Samuti saate valida soovitud efekti t\u00fc\u00fcpi, sh miksimine, mis teostab sujuva \u00fclemineku allikate vahel, ja langemine, mis hajub \u00fclemineku k\u00e4igus v\u00e4rvi kaudu. Men\u00fc\u00fc jaotis MODE (Re\u017eiim) v\u00f5imaldab seadeid 0,5S\u20135.0S. Lisaks saate valida PIP-re\u017eiimi.<\/p>\n<p><strong>Lauaarvutiga juhitav, kaugjuhitav<\/strong><\/p>\n<p>Kui olete LAN pesa \u00fchendanud arvutiga, pole t\u00e4iendavat tarkvara vaja installida. Tarkvara XPOSE, mis on arvutis, toimib samamoodi nagu kommutaator. Kaugjuhtimise kasutamiseks kujutage ette, et kasutate kommutaatorit juhtimiskeskusest ja ehitate professionaalse ringh\u00e4\u00e4lingustuudio, kus juhtimiskeskust on v\u00f5imalik eraldada etteastest v\u00f5i intervjuudest. Lisaks v\u00f5imaldab see teil samal ajal lisada nii palju paneele, kui soovite.<\/p><\/p>\n","protected":false},"excerpt":{"rendered":"<p>Multi-format Video Mixer 4 x HDMI inputs multi camera production real time live streaming.<\/p>\n","protected":false},"featured_media":287262,"template":"","meta":{"_acf_changed":false},"brand":[6646],"product_cat":[6137],"product_tag":[],"inventory":[],"class_list":{"0":"post-287261","1":"product","2":"type-product","3":"status-publish","4":"has-post-thumbnail","6":"brand-feelworld","7":"product_cat-video-mixers-fi","9":"first","10":"onbackorder","11":"taxable","12":"shipping-taxable","13":"purchasable","14":"product-type-simple"},"acf":[],"yoast_head":"<!-- This site is optimized with the Yoast SEO plugin v27.1.1 - https:\/\/yoast.com\/product\/yoast-seo-wordpress\/ -->\n<title>FEELWORLD Video Mixer LIVE PRO L1 Multi-format - MediaGear<\/title>\n<meta name=\"description\" content=\"Multi-format Video Mixer 4 x HDMI inputs multi camera production real time live streaming....\" \/>\n<meta name=\"robots\" content=\"index, follow, max-snippet:-1, max-image-preview:large, max-video-preview:-1\" \/>\n<link rel=\"canonical\" href=\"https:\/\/mediagear.ee\/fi\/tuote\/feelworld-video-mixer-live-pro-l1-multi-format\/\" \/>\n<meta property=\"og:locale\" content=\"fi_FI\" \/>\n<meta property=\"og:type\" content=\"article\" \/>\n<meta property=\"og:title\" content=\"FEELWORLD Video Mixer LIVE PRO L1 Multi-format - MediaGear\" \/>\n<meta property=\"og:description\" content=\"Multi-format Video Mixer 4 x HDMI inputs multi camera production real time live streaming....\" \/>\n<meta property=\"og:url\" content=\"https:\/\/mediagear.ee\/fi\/tuote\/feelworld-video-mixer-live-pro-l1-multi-format\/\" \/>\n<meta property=\"og:site_name\" content=\"MediaGear\" \/>\n<meta property=\"article:publisher\" content=\"https:\/\/www.facebook.com\/Mediagear.ee\/\" \/>\n<meta property=\"article:modified_time\" content=\"2026-01-20T20:44:40+00:00\" \/>\n<meta property=\"og:image\" content=\"https:\/\/mediagear.ee\/wp-content\/uploads\/2025\/09\/FEELWORLD-Video-Mixer-LIVE-PRO-L1-Multi-format.png\" \/>\n\t<meta property=\"og:image:width\" content=\"800\" \/>\n\t<meta property=\"og:image:height\" content=\"454\" \/>\n\t<meta property=\"og:image:type\" content=\"image\/png\" \/>\n<meta name=\"twitter:card\" content=\"summary_large_image\" \/>\n<meta name=\"twitter:label1\" content=\"Arvioitu lukuaika\" \/>\n\t<meta name=\"twitter:data1\" content=\"6 minuuttia\" \/>\n<script type=\"application\/ld+json\" class=\"yoast-schema-graph\">{\"@context\":\"https:\/\/schema.org\",\"@graph\":[{\"@type\":\"WebPage\",\"@id\":\"https:\/\/mediagear.ee\/fi\/tuote\/feelworld-video-mixer-live-pro-l1-multi-format\/\",\"url\":\"https:\/\/mediagear.ee\/fi\/tuote\/feelworld-video-mixer-live-pro-l1-multi-format\/\",\"name\":\"FEELWORLD Video Mixer LIVE PRO L1 Multi-format - MediaGear\",\"isPartOf\":{\"@id\":\"https:\/\/mediagear.ee\/fi\/#website\"},\"primaryImageOfPage\":{\"@id\":\"https:\/\/mediagear.ee\/fi\/tuote\/feelworld-video-mixer-live-pro-l1-multi-format\/#primaryimage\"},\"image\":{\"@id\":\"https:\/\/mediagear.ee\/fi\/tuote\/feelworld-video-mixer-live-pro-l1-multi-format\/#primaryimage\"},\"thumbnailUrl\":\"https:\/\/mediagear.ee\/wp-content\/uploads\/2025\/09\/FEELWORLD-Video-Mixer-LIVE-PRO-L1-Multi-format.png\",\"datePublished\":\"2025-09-15T21:00:00+00:00\",\"dateModified\":\"2026-01-20T20:44:40+00:00\",\"description\":\"Multi-format Video Mixer 4 x HDMI inputs multi camera production real time live streaming....\",\"breadcrumb\":{\"@id\":\"https:\/\/mediagear.ee\/fi\/tuote\/feelworld-video-mixer-live-pro-l1-multi-format\/#breadcrumb\"},\"inLanguage\":\"fi\",\"potentialAction\":[{\"@type\":\"ReadAction\",\"target\":[\"https:\/\/mediagear.ee\/fi\/tuote\/feelworld-video-mixer-live-pro-l1-multi-format\/\"]}]},{\"@type\":\"ImageObject\",\"inLanguage\":\"fi\",\"@id\":\"https:\/\/mediagear.ee\/fi\/tuote\/feelworld-video-mixer-live-pro-l1-multi-format\/#primaryimage\",\"url\":\"https:\/\/mediagear.ee\/wp-content\/uploads\/2025\/09\/FEELWORLD-Video-Mixer-LIVE-PRO-L1-Multi-format.png\",\"contentUrl\":\"https:\/\/mediagear.ee\/wp-content\/uploads\/2025\/09\/FEELWORLD-Video-Mixer-LIVE-PRO-L1-Multi-format.png\",\"width\":800,\"height\":454,\"caption\":\"FEELWORLD Video Mixer LIVE PRO L1 Multi-format\"},{\"@type\":\"BreadcrumbList\",\"@id\":\"https:\/\/mediagear.ee\/fi\/tuote\/feelworld-video-mixer-live-pro-l1-multi-format\/#breadcrumb\",\"itemListElement\":[{\"@type\":\"ListItem\",\"position\":1,\"name\":\"Home\",\"item\":\"https:\/\/mediagear.ee\/fi\/\"},{\"@type\":\"ListItem\",\"position\":2,\"name\":\"Pro video- ja \u00e4\u00e4nilaitteiden kauppa\",\"item\":\"https:\/\/mediagear.ee\/fi\/kauppa\/\"},{\"@type\":\"ListItem\",\"position\":3,\"name\":\"SIGNAALINK\u00c4SITTELY\",\"item\":\"https:\/\/mediagear.ee\/fi\/tuote-osasto\/signal-processing-fi\/\"},{\"@type\":\"ListItem\",\"position\":4,\"name\":\"Videomikserit\",\"item\":\"https:\/\/mediagear.ee\/fi\/tuote-osasto\/signal-processing-fi\/video-mixers-fi\/\"},{\"@type\":\"ListItem\",\"position\":5,\"name\":\"FEELWORLD Video Mixer LIVE PRO L1 Multi-format\"}]},{\"@type\":\"WebSite\",\"@id\":\"https:\/\/mediagear.ee\/fi\/#website\",\"url\":\"https:\/\/mediagear.ee\/fi\/\",\"name\":\"MediaGear\",\"description\":\"Full-service solutions in AV equipment\",\"publisher\":{\"@id\":\"https:\/\/mediagear.ee\/fi\/#organization\"},\"potentialAction\":[{\"@type\":\"SearchAction\",\"target\":{\"@type\":\"EntryPoint\",\"urlTemplate\":\"https:\/\/mediagear.ee\/fi\/?s={search_term_string}\"},\"query-input\":{\"@type\":\"PropertyValueSpecification\",\"valueRequired\":true,\"valueName\":\"search_term_string\"}}],\"inLanguage\":\"fi\"},{\"@type\":\"Organization\",\"@id\":\"https:\/\/mediagear.ee\/fi\/#organization\",\"name\":\"Mediagear\",\"url\":\"https:\/\/mediagear.ee\/fi\/\",\"logo\":{\"@type\":\"ImageObject\",\"inLanguage\":\"fi\",\"@id\":\"https:\/\/mediagear.ee\/fi\/#\/schema\/logo\/image\/\",\"url\":\"http:\/\/mediagear.ee\/wp-content\/uploads\/2024\/05\/MediaGear-logo-transp.png\",\"contentUrl\":\"http:\/\/mediagear.ee\/wp-content\/uploads\/2024\/05\/MediaGear-logo-transp.png\",\"width\":600,\"height\":200,\"caption\":\"Mediagear\"},\"image\":{\"@id\":\"https:\/\/mediagear.ee\/fi\/#\/schema\/logo\/image\/\"},\"sameAs\":[\"https:\/\/www.facebook.com\/Mediagear.ee\/\",\"https:\/\/www.instagram.com\/mediagear_ee\/\"]}]}<\/script>\n<!-- \/ Yoast SEO plugin. -->","yoast_head_json":{"title":"FEELWORLD Video Mixer LIVE PRO L1 Multi-format - MediaGear","description":"Multi-format Video Mixer 4 x HDMI inputs multi camera production real time live streaming....","robots":{"index":"index","follow":"follow","max-snippet":"max-snippet:-1","max-image-preview":"max-image-preview:large","max-video-preview":"max-video-preview:-1"},"canonical":"https:\/\/mediagear.ee\/fi\/tuote\/feelworld-video-mixer-live-pro-l1-multi-format\/","og_locale":"fi_FI","og_type":"article","og_title":"FEELWORLD Video Mixer LIVE PRO L1 Multi-format - MediaGear","og_description":"Multi-format Video Mixer 4 x HDMI inputs multi camera production real time live streaming....","og_url":"https:\/\/mediagear.ee\/fi\/tuote\/feelworld-video-mixer-live-pro-l1-multi-format\/","og_site_name":"MediaGear","article_publisher":"https:\/\/www.facebook.com\/Mediagear.ee\/","article_modified_time":"2026-01-20T20:44:40+00:00","og_image":[{"width":800,"height":454,"url":"https:\/\/mediagear.ee\/wp-content\/uploads\/2025\/09\/FEELWORLD-Video-Mixer-LIVE-PRO-L1-Multi-format.png","type":"image\/png"}],"twitter_card":"summary_large_image","twitter_misc":{"Arvioitu lukuaika":"6 minuuttia"},"schema":{"@context":"https:\/\/schema.org","@graph":[{"@type":"WebPage","@id":"https:\/\/mediagear.ee\/fi\/tuote\/feelworld-video-mixer-live-pro-l1-multi-format\/","url":"https:\/\/mediagear.ee\/fi\/tuote\/feelworld-video-mixer-live-pro-l1-multi-format\/","name":"FEELWORLD Video Mixer LIVE PRO L1 Multi-format - MediaGear","isPartOf":{"@id":"https:\/\/mediagear.ee\/fi\/#website"},"primaryImageOfPage":{"@id":"https:\/\/mediagear.ee\/fi\/tuote\/feelworld-video-mixer-live-pro-l1-multi-format\/#primaryimage"},"image":{"@id":"https:\/\/mediagear.ee\/fi\/tuote\/feelworld-video-mixer-live-pro-l1-multi-format\/#primaryimage"},"thumbnailUrl":"https:\/\/mediagear.ee\/wp-content\/uploads\/2025\/09\/FEELWORLD-Video-Mixer-LIVE-PRO-L1-Multi-format.png","datePublished":"2025-09-15T21:00:00+00:00","dateModified":"2026-01-20T20:44:40+00:00","description":"Multi-format Video Mixer 4 x HDMI inputs multi camera production real time live streaming....","breadcrumb":{"@id":"https:\/\/mediagear.ee\/fi\/tuote\/feelworld-video-mixer-live-pro-l1-multi-format\/#breadcrumb"},"inLanguage":"fi","potentialAction":[{"@type":"ReadAction","target":["https:\/\/mediagear.ee\/fi\/tuote\/feelworld-video-mixer-live-pro-l1-multi-format\/"]}]},{"@type":"ImageObject","inLanguage":"fi","@id":"https:\/\/mediagear.ee\/fi\/tuote\/feelworld-video-mixer-live-pro-l1-multi-format\/#primaryimage","url":"https:\/\/mediagear.ee\/wp-content\/uploads\/2025\/09\/FEELWORLD-Video-Mixer-LIVE-PRO-L1-Multi-format.png","contentUrl":"https:\/\/mediagear.ee\/wp-content\/uploads\/2025\/09\/FEELWORLD-Video-Mixer-LIVE-PRO-L1-Multi-format.png","width":800,"height":454,"caption":"FEELWORLD Video Mixer LIVE PRO L1 Multi-format"},{"@type":"BreadcrumbList","@id":"https:\/\/mediagear.ee\/fi\/tuote\/feelworld-video-mixer-live-pro-l1-multi-format\/#breadcrumb","itemListElement":[{"@type":"ListItem","position":1,"name":"Home","item":"https:\/\/mediagear.ee\/fi\/"},{"@type":"ListItem","position":2,"name":"Pro video- ja \u00e4\u00e4nilaitteiden kauppa","item":"https:\/\/mediagear.ee\/fi\/kauppa\/"},{"@type":"ListItem","position":3,"name":"SIGNAALINK\u00c4SITTELY","item":"https:\/\/mediagear.ee\/fi\/tuote-osasto\/signal-processing-fi\/"},{"@type":"ListItem","position":4,"name":"Videomikserit","item":"https:\/\/mediagear.ee\/fi\/tuote-osasto\/signal-processing-fi\/video-mixers-fi\/"},{"@type":"ListItem","position":5,"name":"FEELWORLD Video Mixer LIVE PRO L1 Multi-format"}]},{"@type":"WebSite","@id":"https:\/\/mediagear.ee\/fi\/#website","url":"https:\/\/mediagear.ee\/fi\/","name":"MediaGear","description":"Full-service solutions in AV equipment","publisher":{"@id":"https:\/\/mediagear.ee\/fi\/#organization"},"potentialAction":[{"@type":"SearchAction","target":{"@type":"EntryPoint","urlTemplate":"https:\/\/mediagear.ee\/fi\/?s={search_term_string}"},"query-input":{"@type":"PropertyValueSpecification","valueRequired":true,"valueName":"search_term_string"}}],"inLanguage":"fi"},{"@type":"Organization","@id":"https:\/\/mediagear.ee\/fi\/#organization","name":"Mediagear","url":"https:\/\/mediagear.ee\/fi\/","logo":{"@type":"ImageObject","inLanguage":"fi","@id":"https:\/\/mediagear.ee\/fi\/#\/schema\/logo\/image\/","url":"http:\/\/mediagear.ee\/wp-content\/uploads\/2024\/05\/MediaGear-logo-transp.png","contentUrl":"http:\/\/mediagear.ee\/wp-content\/uploads\/2024\/05\/MediaGear-logo-transp.png","width":600,"height":200,"caption":"Mediagear"},"image":{"@id":"https:\/\/mediagear.ee\/fi\/#\/schema\/logo\/image\/"},"sameAs":["https:\/\/www.facebook.com\/Mediagear.ee\/","https:\/\/www.instagram.com\/mediagear_ee\/"]}]}},"_links":{"self":[{"href":"https:\/\/mediagear.ee\/fi\/wp-json\/wp\/v2\/product\/287261","targetHints":{"allow":["GET"]}}],"collection":[{"href":"https:\/\/mediagear.ee\/fi\/wp-json\/wp\/v2\/product"}],"about":[{"href":"https:\/\/mediagear.ee\/fi\/wp-json\/wp\/v2\/types\/product"}],"wp:featuredmedia":[{"embeddable":true,"href":"https:\/\/mediagear.ee\/fi\/wp-json\/wp\/v2\/media\/287262"}],"wp:attachment":[{"href":"https:\/\/mediagear.ee\/fi\/wp-json\/wp\/v2\/media?parent=287261"}],"wp:term":[{"taxonomy":"brand","embeddable":true,"href":"https:\/\/mediagear.ee\/fi\/wp-json\/wp\/v2\/brand?post=287261"},{"taxonomy":"product_cat","embeddable":true,"href":"https:\/\/mediagear.ee\/fi\/wp-json\/wp\/v2\/product_cat?post=287261"},{"taxonomy":"product_tag","embeddable":true,"href":"https:\/\/mediagear.ee\/fi\/wp-json\/wp\/v2\/product_tag?post=287261"},{"taxonomy":"inventory","embeddable":true,"href":"https:\/\/mediagear.ee\/fi\/wp-json\/wp\/v2\/inventory?post=287261"}],"curies":[{"name":"wp","href":"https:\/\/api.w.org\/{rel}","templated":true}]}}