{"id":288270,"date":"2025-09-18T16:30:06","date_gmt":"2025-09-18T13:30:06","guid":{"rendered":"http:\/\/mediagear.ee\/product\/panasonic-lumix-s-14-28mm-f-4-5-6\/"},"modified":"2026-01-15T14:29:00","modified_gmt":"2026-01-15T12:29:00","slug":"panasonic-lumix-s-14-28mm-f-4-5-6","status":"publish","type":"product","link":"https:\/\/mediagear.ee\/fi\/tuote\/panasonic-lumix-s-14-28mm-f-4-5-6\/","title":{"rendered":"PANASONIC Lumix S 14-28mm F\/4-5.6"},"content":{"rendered":"<p>Kompaktne ja kerge 14-28mm F\/3,5-5,6 on h\u00f5lpsasti k\u00e4sitsetav ja h\u00e4sti tasakaalustatud, isegi koos lisatarvikutega, nagu n\u00e4iteks kaamerakinnitus ja stabilisaator. Selle \u00fcksikobjektiiviga ei j\u00e4\u00e4 teil \u00fckski kaader vahele. Saate teha k\u00f5ike, alates t\u00e4navavideodest kuni laiade maastikupiltideni liikvel olles v\u00f5i laia nurgaga selfie&#8217;d.<\/p>\n<p>Objektiivi konstruktsioon koosneb 14 elemendist 10 grupis (1 asf\u00e4\u00e4riline ED-objektiiv, 1 asf\u00e4\u00e4riline objektiiv, 3 ED-objektiivi, 1 UHR-objektiiv), mis minimeerib moonutused ja aberratsioonid ning annab suurep\u00e4rase teravuse, selguse ja t\u00e4pse kujutise.<br \/>\n7 \u00fcmmarguse ava tera loovad meeldiva fookusev\u00e4lise bokehi ja aitavad teil eraldada pildistatava objekti taustast.<\/p>\n<p>Objektiivil on Panasonicsi k\u00f5rgelt hinnatud fookusmootor, mis tagab vaikse, kiire ja t\u00e4pse autofookuse. Objektiivi l\u00e4hivahemik on vaid 0,15 m ja maksimaalne suurendamine 0:5 laias otsas, mist\u00f5ttu pakub see objektiiv ka erakordset makrofotograafia v\u00f5imekust.<\/p>\n<ul>\n<li>Ilmastikukindel<\/li>\n<li>Kompaktne disain<\/li>\n<li>Suurep\u00e4rane makrofotode jaoks<\/li>\n<li>T\u00e4iustatud optiline konstruktsioon<\/li>\n<\/ul>\n","protected":false},"excerpt":{"rendered":"<p>The Panasonic 14-28mm F\/3.5-5.6 covers a versatile array of wide-angle focal lengths, it\u00b4s a flexible zoom ideal for dynamic landscape shots, cityscape, and interior photography. Its compact design makes it a versatile lens that&#8217;s just as good for photography as it is for filming vlogs.<\/p>\n","protected":false},"featured_media":288271,"template":"","meta":{"_acf_changed":false},"brand":[6029],"product_cat":[6110],"product_tag":[],"inventory":[],"class_list":{"0":"post-288270","1":"product","2":"type-product","3":"status-publish","4":"has-post-thumbnail","6":"brand-panasonic-fi","7":"product_cat-zoom-lenses-fi","9":"first","10":"onbackorder","11":"taxable","12":"shipping-taxable","13":"purchasable","14":"product-type-simple"},"acf":[],"yoast_head":"<!-- This site is optimized with the Yoast SEO plugin v27.1.1 - https:\/\/yoast.com\/product\/yoast-seo-wordpress\/ -->\n<title>PANASONIC Lumix S 14-28mm F\/4-5.6 - MediaGear<\/title>\n<meta name=\"description\" content=\"The Panasonic 14-28mm F\/3.5-5.6 covers a versatile array of wide-angle focal lengths, it\u00b4s a flexible zoom ideal for dynamic landscape shots, citys...\" \/>\n<meta name=\"robots\" content=\"index, follow, max-snippet:-1, max-image-preview:large, max-video-preview:-1\" \/>\n<link rel=\"canonical\" href=\"https:\/\/mediagear.ee\/fi\/tuote\/panasonic-lumix-s-14-28mm-f-4-5-6\/\" \/>\n<meta property=\"og:locale\" content=\"fi_FI\" \/>\n<meta property=\"og:type\" content=\"article\" \/>\n<meta property=\"og:title\" content=\"PANASONIC Lumix S 14-28mm F\/4-5.6 - MediaGear\" \/>\n<meta property=\"og:description\" content=\"The Panasonic 14-28mm F\/3.5-5.6 covers a versatile array of wide-angle focal lengths, it\u00b4s a flexible zoom ideal for dynamic landscape shots, citys...\" \/>\n<meta property=\"og:url\" content=\"https:\/\/mediagear.ee\/fi\/tuote\/panasonic-lumix-s-14-28mm-f-4-5-6\/\" \/>\n<meta property=\"og:site_name\" content=\"MediaGear\" \/>\n<meta property=\"article:publisher\" content=\"https:\/\/www.facebook.com\/Mediagear.ee\/\" \/>\n<meta property=\"article:modified_time\" content=\"2026-01-15T12:29:00+00:00\" \/>\n<meta property=\"og:image\" content=\"https:\/\/mediagear.ee\/wp-content\/uploads\/2025\/09\/PANASONIC-Lumix-S-14-28mm-F4-5.6.png\" \/>\n\t<meta property=\"og:image:width\" content=\"800\" \/>\n\t<meta property=\"og:image:height\" content=\"608\" \/>\n\t<meta property=\"og:image:type\" content=\"image\/png\" \/>\n<meta name=\"twitter:card\" content=\"summary_large_image\" \/>\n<meta name=\"twitter:label1\" content=\"Arvioitu lukuaika\" \/>\n\t<meta name=\"twitter:data1\" content=\"1 minuutti\" \/>\n<script type=\"application\/ld+json\" class=\"yoast-schema-graph\">{\"@context\":\"https:\/\/schema.org\",\"@graph\":[{\"@type\":\"WebPage\",\"@id\":\"https:\/\/mediagear.ee\/fi\/tuote\/panasonic-lumix-s-14-28mm-f-4-5-6\/\",\"url\":\"https:\/\/mediagear.ee\/fi\/tuote\/panasonic-lumix-s-14-28mm-f-4-5-6\/\",\"name\":\"PANASONIC Lumix S 14-28mm F\/4-5.6 - MediaGear\",\"isPartOf\":{\"@id\":\"https:\/\/mediagear.ee\/fi\/#website\"},\"primaryImageOfPage\":{\"@id\":\"https:\/\/mediagear.ee\/fi\/tuote\/panasonic-lumix-s-14-28mm-f-4-5-6\/#primaryimage\"},\"image\":{\"@id\":\"https:\/\/mediagear.ee\/fi\/tuote\/panasonic-lumix-s-14-28mm-f-4-5-6\/#primaryimage\"},\"thumbnailUrl\":\"https:\/\/mediagear.ee\/wp-content\/uploads\/2025\/09\/PANASONIC-Lumix-S-14-28mm-F4-5.6.png\",\"datePublished\":\"2025-09-18T13:30:06+00:00\",\"dateModified\":\"2026-01-15T12:29:00+00:00\",\"description\":\"The Panasonic 14-28mm F\/3.5-5.6 covers a versatile array of wide-angle focal lengths, it\u00b4s a flexible zoom ideal for dynamic landscape shots, citys...\",\"breadcrumb\":{\"@id\":\"https:\/\/mediagear.ee\/fi\/tuote\/panasonic-lumix-s-14-28mm-f-4-5-6\/#breadcrumb\"},\"inLanguage\":\"fi\",\"potentialAction\":[{\"@type\":\"ReadAction\",\"target\":[\"https:\/\/mediagear.ee\/fi\/tuote\/panasonic-lumix-s-14-28mm-f-4-5-6\/\"]}]},{\"@type\":\"ImageObject\",\"inLanguage\":\"fi\",\"@id\":\"https:\/\/mediagear.ee\/fi\/tuote\/panasonic-lumix-s-14-28mm-f-4-5-6\/#primaryimage\",\"url\":\"https:\/\/mediagear.ee\/wp-content\/uploads\/2025\/09\/PANASONIC-Lumix-S-14-28mm-F4-5.6.png\",\"contentUrl\":\"https:\/\/mediagear.ee\/wp-content\/uploads\/2025\/09\/PANASONIC-Lumix-S-14-28mm-F4-5.6.png\",\"width\":800,\"height\":608,\"caption\":\"PANASONIC Lumix S 14-28mm F\/4-5.6\"},{\"@type\":\"BreadcrumbList\",\"@id\":\"https:\/\/mediagear.ee\/fi\/tuote\/panasonic-lumix-s-14-28mm-f-4-5-6\/#breadcrumb\",\"itemListElement\":[{\"@type\":\"ListItem\",\"position\":1,\"name\":\"Home\",\"item\":\"https:\/\/mediagear.ee\/fi\/\"},{\"@type\":\"ListItem\",\"position\":2,\"name\":\"Pro video- ja \u00e4\u00e4nilaitteiden kauppa\",\"item\":\"https:\/\/mediagear.ee\/fi\/kauppa\/\"},{\"@type\":\"ListItem\",\"position\":3,\"name\":\"OBJEKTIIVIT\",\"item\":\"https:\/\/mediagear.ee\/fi\/tuote-osasto\/lenses-fi\/\"},{\"@type\":\"ListItem\",\"position\":4,\"name\":\"Zoom-objektiivit\",\"item\":\"https:\/\/mediagear.ee\/fi\/tuote-osasto\/lenses-fi\/zoom-lenses-fi\/\"},{\"@type\":\"ListItem\",\"position\":5,\"name\":\"PANASONIC Lumix S 14-28mm F\/4-5.6\"}]},{\"@type\":\"WebSite\",\"@id\":\"https:\/\/mediagear.ee\/fi\/#website\",\"url\":\"https:\/\/mediagear.ee\/fi\/\",\"name\":\"MediaGear\",\"description\":\"Full-service solutions in AV equipment\",\"publisher\":{\"@id\":\"https:\/\/mediagear.ee\/fi\/#organization\"},\"potentialAction\":[{\"@type\":\"SearchAction\",\"target\":{\"@type\":\"EntryPoint\",\"urlTemplate\":\"https:\/\/mediagear.ee\/fi\/?s={search_term_string}\"},\"query-input\":{\"@type\":\"PropertyValueSpecification\",\"valueRequired\":true,\"valueName\":\"search_term_string\"}}],\"inLanguage\":\"fi\"},{\"@type\":\"Organization\",\"@id\":\"https:\/\/mediagear.ee\/fi\/#organization\",\"name\":\"Mediagear\",\"url\":\"https:\/\/mediagear.ee\/fi\/\",\"logo\":{\"@type\":\"ImageObject\",\"inLanguage\":\"fi\",\"@id\":\"https:\/\/mediagear.ee\/fi\/#\/schema\/logo\/image\/\",\"url\":\"http:\/\/mediagear.ee\/wp-content\/uploads\/2024\/05\/MediaGear-logo-transp.png\",\"contentUrl\":\"http:\/\/mediagear.ee\/wp-content\/uploads\/2024\/05\/MediaGear-logo-transp.png\",\"width\":600,\"height\":200,\"caption\":\"Mediagear\"},\"image\":{\"@id\":\"https:\/\/mediagear.ee\/fi\/#\/schema\/logo\/image\/\"},\"sameAs\":[\"https:\/\/www.facebook.com\/Mediagear.ee\/\",\"https:\/\/www.instagram.com\/mediagear_ee\/\"]}]}<\/script>\n<!-- \/ Yoast SEO plugin. -->","yoast_head_json":{"title":"PANASONIC Lumix S 14-28mm F\/4-5.6 - MediaGear","description":"The Panasonic 14-28mm F\/3.5-5.6 covers a versatile array of wide-angle focal lengths, it\u00b4s a flexible zoom ideal for dynamic landscape shots, citys...","robots":{"index":"index","follow":"follow","max-snippet":"max-snippet:-1","max-image-preview":"max-image-preview:large","max-video-preview":"max-video-preview:-1"},"canonical":"https:\/\/mediagear.ee\/fi\/tuote\/panasonic-lumix-s-14-28mm-f-4-5-6\/","og_locale":"fi_FI","og_type":"article","og_title":"PANASONIC Lumix S 14-28mm F\/4-5.6 - MediaGear","og_description":"The Panasonic 14-28mm F\/3.5-5.6 covers a versatile array of wide-angle focal lengths, it\u00b4s a flexible zoom ideal for dynamic landscape shots, citys...","og_url":"https:\/\/mediagear.ee\/fi\/tuote\/panasonic-lumix-s-14-28mm-f-4-5-6\/","og_site_name":"MediaGear","article_publisher":"https:\/\/www.facebook.com\/Mediagear.ee\/","article_modified_time":"2026-01-15T12:29:00+00:00","og_image":[{"width":800,"height":608,"url":"https:\/\/mediagear.ee\/wp-content\/uploads\/2025\/09\/PANASONIC-Lumix-S-14-28mm-F4-5.6.png","type":"image\/png"}],"twitter_card":"summary_large_image","twitter_misc":{"Arvioitu lukuaika":"1 minuutti"},"schema":{"@context":"https:\/\/schema.org","@graph":[{"@type":"WebPage","@id":"https:\/\/mediagear.ee\/fi\/tuote\/panasonic-lumix-s-14-28mm-f-4-5-6\/","url":"https:\/\/mediagear.ee\/fi\/tuote\/panasonic-lumix-s-14-28mm-f-4-5-6\/","name":"PANASONIC Lumix S 14-28mm F\/4-5.6 - MediaGear","isPartOf":{"@id":"https:\/\/mediagear.ee\/fi\/#website"},"primaryImageOfPage":{"@id":"https:\/\/mediagear.ee\/fi\/tuote\/panasonic-lumix-s-14-28mm-f-4-5-6\/#primaryimage"},"image":{"@id":"https:\/\/mediagear.ee\/fi\/tuote\/panasonic-lumix-s-14-28mm-f-4-5-6\/#primaryimage"},"thumbnailUrl":"https:\/\/mediagear.ee\/wp-content\/uploads\/2025\/09\/PANASONIC-Lumix-S-14-28mm-F4-5.6.png","datePublished":"2025-09-18T13:30:06+00:00","dateModified":"2026-01-15T12:29:00+00:00","description":"The Panasonic 14-28mm F\/3.5-5.6 covers a versatile array of wide-angle focal lengths, it\u00b4s a flexible zoom ideal for dynamic landscape shots, citys...","breadcrumb":{"@id":"https:\/\/mediagear.ee\/fi\/tuote\/panasonic-lumix-s-14-28mm-f-4-5-6\/#breadcrumb"},"inLanguage":"fi","potentialAction":[{"@type":"ReadAction","target":["https:\/\/mediagear.ee\/fi\/tuote\/panasonic-lumix-s-14-28mm-f-4-5-6\/"]}]},{"@type":"ImageObject","inLanguage":"fi","@id":"https:\/\/mediagear.ee\/fi\/tuote\/panasonic-lumix-s-14-28mm-f-4-5-6\/#primaryimage","url":"https:\/\/mediagear.ee\/wp-content\/uploads\/2025\/09\/PANASONIC-Lumix-S-14-28mm-F4-5.6.png","contentUrl":"https:\/\/mediagear.ee\/wp-content\/uploads\/2025\/09\/PANASONIC-Lumix-S-14-28mm-F4-5.6.png","width":800,"height":608,"caption":"PANASONIC Lumix S 14-28mm F\/4-5.6"},{"@type":"BreadcrumbList","@id":"https:\/\/mediagear.ee\/fi\/tuote\/panasonic-lumix-s-14-28mm-f-4-5-6\/#breadcrumb","itemListElement":[{"@type":"ListItem","position":1,"name":"Home","item":"https:\/\/mediagear.ee\/fi\/"},{"@type":"ListItem","position":2,"name":"Pro video- ja \u00e4\u00e4nilaitteiden kauppa","item":"https:\/\/mediagear.ee\/fi\/kauppa\/"},{"@type":"ListItem","position":3,"name":"OBJEKTIIVIT","item":"https:\/\/mediagear.ee\/fi\/tuote-osasto\/lenses-fi\/"},{"@type":"ListItem","position":4,"name":"Zoom-objektiivit","item":"https:\/\/mediagear.ee\/fi\/tuote-osasto\/lenses-fi\/zoom-lenses-fi\/"},{"@type":"ListItem","position":5,"name":"PANASONIC Lumix S 14-28mm F\/4-5.6"}]},{"@type":"WebSite","@id":"https:\/\/mediagear.ee\/fi\/#website","url":"https:\/\/mediagear.ee\/fi\/","name":"MediaGear","description":"Full-service solutions in AV equipment","publisher":{"@id":"https:\/\/mediagear.ee\/fi\/#organization"},"potentialAction":[{"@type":"SearchAction","target":{"@type":"EntryPoint","urlTemplate":"https:\/\/mediagear.ee\/fi\/?s={search_term_string}"},"query-input":{"@type":"PropertyValueSpecification","valueRequired":true,"valueName":"search_term_string"}}],"inLanguage":"fi"},{"@type":"Organization","@id":"https:\/\/mediagear.ee\/fi\/#organization","name":"Mediagear","url":"https:\/\/mediagear.ee\/fi\/","logo":{"@type":"ImageObject","inLanguage":"fi","@id":"https:\/\/mediagear.ee\/fi\/#\/schema\/logo\/image\/","url":"http:\/\/mediagear.ee\/wp-content\/uploads\/2024\/05\/MediaGear-logo-transp.png","contentUrl":"http:\/\/mediagear.ee\/wp-content\/uploads\/2024\/05\/MediaGear-logo-transp.png","width":600,"height":200,"caption":"Mediagear"},"image":{"@id":"https:\/\/mediagear.ee\/fi\/#\/schema\/logo\/image\/"},"sameAs":["https:\/\/www.facebook.com\/Mediagear.ee\/","https:\/\/www.instagram.com\/mediagear_ee\/"]}]}},"_links":{"self":[{"href":"https:\/\/mediagear.ee\/fi\/wp-json\/wp\/v2\/product\/288270","targetHints":{"allow":["GET"]}}],"collection":[{"href":"https:\/\/mediagear.ee\/fi\/wp-json\/wp\/v2\/product"}],"about":[{"href":"https:\/\/mediagear.ee\/fi\/wp-json\/wp\/v2\/types\/product"}],"wp:featuredmedia":[{"embeddable":true,"href":"https:\/\/mediagear.ee\/fi\/wp-json\/wp\/v2\/media\/288271"}],"wp:attachment":[{"href":"https:\/\/mediagear.ee\/fi\/wp-json\/wp\/v2\/media?parent=288270"}],"wp:term":[{"taxonomy":"brand","embeddable":true,"href":"https:\/\/mediagear.ee\/fi\/wp-json\/wp\/v2\/brand?post=288270"},{"taxonomy":"product_cat","embeddable":true,"href":"https:\/\/mediagear.ee\/fi\/wp-json\/wp\/v2\/product_cat?post=288270"},{"taxonomy":"product_tag","embeddable":true,"href":"https:\/\/mediagear.ee\/fi\/wp-json\/wp\/v2\/product_tag?post=288270"},{"taxonomy":"inventory","embeddable":true,"href":"https:\/\/mediagear.ee\/fi\/wp-json\/wp\/v2\/inventory?post=288270"}],"curies":[{"name":"wp","href":"https:\/\/api.w.org\/{rel}","templated":true}]}}