{"id":315677,"date":"2025-11-10T14:59:10","date_gmt":"2025-11-10T12:59:10","guid":{"rendered":"http:\/\/mediagear.ee\/product\/avmatrix-shark-s4-plus-sdi-hdmi-video-switcher\/"},"modified":"2026-01-15T14:20:43","modified_gmt":"2026-01-15T12:20:43","slug":"avmatrix-shark-s4-plus-sdi-hdmi-video-switcher","status":"publish","type":"product","link":"https:\/\/mediagear.ee\/fi\/tuote\/avmatrix-shark-s4-plus-sdi-hdmi-video-switcher\/","title":{"rendered":"AVMATRIX Shark S4 Plus SDI\/HDMI Video Switcher"},"content":{"rendered":"<p><strong>Features:<\/strong><\/p>\n<ul>\n<li>10.1 inch FHD IPS LCD display<\/li>\n<li>2\u00d7HDMI &amp; 2\u00d73G-SDI inputs, support auto-detected<\/li>\n<li>2\u00d7HDMI PGM output,1\u00d7HDMI multiview out, 1\u00d7USB type-C output<\/li>\n<li>RTMP\/SRT stream &amp; USB disk\/ SD card record<\/li>\n<li>AUX output configurable and assignable<\/li>\n<li>USB for capturing and streaming on PC<\/li>\n<li>Upstream key: Luma key, Chroma key, PIP\u00d72\/ POP<\/li>\n<li>Downstream key and LOGO overlay<\/li>\n<li>T-bar\/ Auto\/ Cut transitions; various effects: WIPE(11\u00d73patterns) \/ MIX\/ DIP<\/li>\n<li>Audio mixer: 2\u00d7HDMI, 2\u00d7SDI embedded audio and 2-Ch MIC\/line in; audio delay available<\/li>\n<li>Media library: 39 default patterns, 16 imported images, 16 captured images, 2 color generators<\/li>\n<li>Customer configuration import andexport<\/li>\n<li>FTB\/ MUTE\/ STILL\/ GPIO for tally<\/li>\n<\/ul>\n","protected":false},"excerpt":{"rendered":"<p>Switch up to two HDMI and two 3G-SDI video inputs while monitoring the program feed with the Shark S4 PLUS 4-Channel SDI\/HDMI Video Switcher with 10.1&#8243; IPS Display from AVMATRIX. This model features a folding design with a 10.1&#8243; IPS LCD screen on the lid. Use the USB-C output together with your computer for capture and streaming. This compact switcher supports up to 1080p60 video input and output with embedded audio and offers audio mixing using the two analog stereo 3.5mm mic\/line inputs and output along with the embedded audio. Switcher control options include push buttons, a T-bar, and IP control via the LAN port.<\/p>\n","protected":false},"featured_media":315684,"template":"","meta":{"_acf_changed":false},"brand":[5974],"product_cat":[6137],"product_tag":[],"inventory":[],"class_list":{"0":"post-315677","1":"product","2":"type-product","3":"status-publish","4":"has-post-thumbnail","6":"brand-avmatrix-fi","7":"product_cat-video-mixers-fi","9":"first","10":"onbackorder","11":"taxable","12":"shipping-taxable","13":"purchasable","14":"product-type-simple"},"acf":[],"yoast_head":"<!-- This site is optimized with the Yoast SEO plugin v27.1.1 - https:\/\/yoast.com\/product\/yoast-seo-wordpress\/ -->\n<title>AVMATRIX Shark S4 Plus SDI\/HDMI Video Switcher - MediaGear<\/title>\n<meta name=\"description\" content=\"Switch up to two HDMI and two 3G-SDI video inputs while monitoring the program feed with the Shark S4 PLUS 4-Channel SDI\/HDMI Video Switcher with 1...\" \/>\n<meta name=\"robots\" content=\"index, follow, max-snippet:-1, max-image-preview:large, max-video-preview:-1\" \/>\n<link rel=\"canonical\" href=\"https:\/\/mediagear.ee\/fi\/tuote\/avmatrix-shark-s4-plus-sdi-hdmi-video-switcher\/\" \/>\n<meta property=\"og:locale\" content=\"fi_FI\" \/>\n<meta property=\"og:type\" content=\"article\" \/>\n<meta property=\"og:title\" content=\"AVMATRIX Shark S4 Plus SDI\/HDMI Video Switcher - MediaGear\" \/>\n<meta property=\"og:description\" content=\"Switch up to two HDMI and two 3G-SDI video inputs while monitoring the program feed with the Shark S4 PLUS 4-Channel SDI\/HDMI Video Switcher with 1...\" \/>\n<meta property=\"og:url\" content=\"https:\/\/mediagear.ee\/fi\/tuote\/avmatrix-shark-s4-plus-sdi-hdmi-video-switcher\/\" \/>\n<meta property=\"og:site_name\" content=\"MediaGear\" \/>\n<meta property=\"article:publisher\" content=\"https:\/\/www.facebook.com\/Mediagear.ee\/\" \/>\n<meta property=\"article:modified_time\" content=\"2026-01-15T12:20:43+00:00\" \/>\n<meta property=\"og:image\" content=\"https:\/\/mediagear.ee\/wp-content\/uploads\/2025\/11\/AVMATRIX_Shark_S4_Plus_SDI-HDMI_Video_Switcher.webp\" \/>\n\t<meta property=\"og:image:width\" content=\"700\" \/>\n\t<meta property=\"og:image:height\" content=\"700\" \/>\n\t<meta property=\"og:image:type\" content=\"image\/webp\" \/>\n<meta name=\"twitter:card\" content=\"summary_large_image\" \/>\n<script type=\"application\/ld+json\" class=\"yoast-schema-graph\">{\"@context\":\"https:\/\/schema.org\",\"@graph\":[{\"@type\":\"WebPage\",\"@id\":\"https:\/\/mediagear.ee\/fi\/tuote\/avmatrix-shark-s4-plus-sdi-hdmi-video-switcher\/\",\"url\":\"https:\/\/mediagear.ee\/fi\/tuote\/avmatrix-shark-s4-plus-sdi-hdmi-video-switcher\/\",\"name\":\"AVMATRIX Shark S4 Plus SDI\/HDMI Video Switcher - MediaGear\",\"isPartOf\":{\"@id\":\"https:\/\/mediagear.ee\/fi\/#website\"},\"primaryImageOfPage\":{\"@id\":\"https:\/\/mediagear.ee\/fi\/tuote\/avmatrix-shark-s4-plus-sdi-hdmi-video-switcher\/#primaryimage\"},\"image\":{\"@id\":\"https:\/\/mediagear.ee\/fi\/tuote\/avmatrix-shark-s4-plus-sdi-hdmi-video-switcher\/#primaryimage\"},\"thumbnailUrl\":\"https:\/\/mediagear.ee\/wp-content\/uploads\/2025\/11\/AVMATRIX_Shark_S4_Plus_SDI-HDMI_Video_Switcher.webp\",\"datePublished\":\"2025-11-10T12:59:10+00:00\",\"dateModified\":\"2026-01-15T12:20:43+00:00\",\"description\":\"Switch up to two HDMI and two 3G-SDI video inputs while monitoring the program feed with the Shark S4 PLUS 4-Channel SDI\/HDMI Video Switcher with 1...\",\"breadcrumb\":{\"@id\":\"https:\/\/mediagear.ee\/fi\/tuote\/avmatrix-shark-s4-plus-sdi-hdmi-video-switcher\/#breadcrumb\"},\"inLanguage\":\"fi\",\"potentialAction\":[{\"@type\":\"ReadAction\",\"target\":[\"https:\/\/mediagear.ee\/fi\/tuote\/avmatrix-shark-s4-plus-sdi-hdmi-video-switcher\/\"]}]},{\"@type\":\"ImageObject\",\"inLanguage\":\"fi\",\"@id\":\"https:\/\/mediagear.ee\/fi\/tuote\/avmatrix-shark-s4-plus-sdi-hdmi-video-switcher\/#primaryimage\",\"url\":\"https:\/\/mediagear.ee\/wp-content\/uploads\/2025\/11\/AVMATRIX_Shark_S4_Plus_SDI-HDMI_Video_Switcher.webp\",\"contentUrl\":\"https:\/\/mediagear.ee\/wp-content\/uploads\/2025\/11\/AVMATRIX_Shark_S4_Plus_SDI-HDMI_Video_Switcher.webp\",\"width\":700,\"height\":700,\"caption\":\"AVMATRIX Shark S4 Plus SDI\/HDMI Video Switcher\"},{\"@type\":\"BreadcrumbList\",\"@id\":\"https:\/\/mediagear.ee\/fi\/tuote\/avmatrix-shark-s4-plus-sdi-hdmi-video-switcher\/#breadcrumb\",\"itemListElement\":[{\"@type\":\"ListItem\",\"position\":1,\"name\":\"Home\",\"item\":\"https:\/\/mediagear.ee\/fi\/\"},{\"@type\":\"ListItem\",\"position\":2,\"name\":\"Pro video- ja \u00e4\u00e4nilaitteiden kauppa\",\"item\":\"https:\/\/mediagear.ee\/fi\/kauppa\/\"},{\"@type\":\"ListItem\",\"position\":3,\"name\":\"SIGNAALINK\u00c4SITTELY\",\"item\":\"https:\/\/mediagear.ee\/fi\/tuote-osasto\/signal-processing-fi\/\"},{\"@type\":\"ListItem\",\"position\":4,\"name\":\"Videomikserit\",\"item\":\"https:\/\/mediagear.ee\/fi\/tuote-osasto\/signal-processing-fi\/video-mixers-fi\/\"},{\"@type\":\"ListItem\",\"position\":5,\"name\":\"AVMATRIX Shark S4 Plus SDI\/HDMI Video Switcher\"}]},{\"@type\":\"WebSite\",\"@id\":\"https:\/\/mediagear.ee\/fi\/#website\",\"url\":\"https:\/\/mediagear.ee\/fi\/\",\"name\":\"MediaGear\",\"description\":\"Full-service solutions in AV equipment\",\"publisher\":{\"@id\":\"https:\/\/mediagear.ee\/fi\/#organization\"},\"potentialAction\":[{\"@type\":\"SearchAction\",\"target\":{\"@type\":\"EntryPoint\",\"urlTemplate\":\"https:\/\/mediagear.ee\/fi\/?s={search_term_string}\"},\"query-input\":{\"@type\":\"PropertyValueSpecification\",\"valueRequired\":true,\"valueName\":\"search_term_string\"}}],\"inLanguage\":\"fi\"},{\"@type\":\"Organization\",\"@id\":\"https:\/\/mediagear.ee\/fi\/#organization\",\"name\":\"Mediagear\",\"url\":\"https:\/\/mediagear.ee\/fi\/\",\"logo\":{\"@type\":\"ImageObject\",\"inLanguage\":\"fi\",\"@id\":\"https:\/\/mediagear.ee\/fi\/#\/schema\/logo\/image\/\",\"url\":\"http:\/\/mediagear.ee\/wp-content\/uploads\/2024\/05\/MediaGear-logo-transp.png\",\"contentUrl\":\"http:\/\/mediagear.ee\/wp-content\/uploads\/2024\/05\/MediaGear-logo-transp.png\",\"width\":600,\"height\":200,\"caption\":\"Mediagear\"},\"image\":{\"@id\":\"https:\/\/mediagear.ee\/fi\/#\/schema\/logo\/image\/\"},\"sameAs\":[\"https:\/\/www.facebook.com\/Mediagear.ee\/\",\"https:\/\/www.instagram.com\/mediagear_ee\/\"]}]}<\/script>\n<!-- \/ Yoast SEO plugin. -->","yoast_head_json":{"title":"AVMATRIX Shark S4 Plus SDI\/HDMI Video Switcher - MediaGear","description":"Switch up to two HDMI and two 3G-SDI video inputs while monitoring the program feed with the Shark S4 PLUS 4-Channel SDI\/HDMI Video Switcher with 1...","robots":{"index":"index","follow":"follow","max-snippet":"max-snippet:-1","max-image-preview":"max-image-preview:large","max-video-preview":"max-video-preview:-1"},"canonical":"https:\/\/mediagear.ee\/fi\/tuote\/avmatrix-shark-s4-plus-sdi-hdmi-video-switcher\/","og_locale":"fi_FI","og_type":"article","og_title":"AVMATRIX Shark S4 Plus SDI\/HDMI Video Switcher - MediaGear","og_description":"Switch up to two HDMI and two 3G-SDI video inputs while monitoring the program feed with the Shark S4 PLUS 4-Channel SDI\/HDMI Video Switcher with 1...","og_url":"https:\/\/mediagear.ee\/fi\/tuote\/avmatrix-shark-s4-plus-sdi-hdmi-video-switcher\/","og_site_name":"MediaGear","article_publisher":"https:\/\/www.facebook.com\/Mediagear.ee\/","article_modified_time":"2026-01-15T12:20:43+00:00","og_image":[{"width":700,"height":700,"url":"https:\/\/mediagear.ee\/wp-content\/uploads\/2025\/11\/AVMATRIX_Shark_S4_Plus_SDI-HDMI_Video_Switcher.webp","type":"image\/webp"}],"twitter_card":"summary_large_image","schema":{"@context":"https:\/\/schema.org","@graph":[{"@type":"WebPage","@id":"https:\/\/mediagear.ee\/fi\/tuote\/avmatrix-shark-s4-plus-sdi-hdmi-video-switcher\/","url":"https:\/\/mediagear.ee\/fi\/tuote\/avmatrix-shark-s4-plus-sdi-hdmi-video-switcher\/","name":"AVMATRIX Shark S4 Plus SDI\/HDMI Video Switcher - MediaGear","isPartOf":{"@id":"https:\/\/mediagear.ee\/fi\/#website"},"primaryImageOfPage":{"@id":"https:\/\/mediagear.ee\/fi\/tuote\/avmatrix-shark-s4-plus-sdi-hdmi-video-switcher\/#primaryimage"},"image":{"@id":"https:\/\/mediagear.ee\/fi\/tuote\/avmatrix-shark-s4-plus-sdi-hdmi-video-switcher\/#primaryimage"},"thumbnailUrl":"https:\/\/mediagear.ee\/wp-content\/uploads\/2025\/11\/AVMATRIX_Shark_S4_Plus_SDI-HDMI_Video_Switcher.webp","datePublished":"2025-11-10T12:59:10+00:00","dateModified":"2026-01-15T12:20:43+00:00","description":"Switch up to two HDMI and two 3G-SDI video inputs while monitoring the program feed with the Shark S4 PLUS 4-Channel SDI\/HDMI Video Switcher with 1...","breadcrumb":{"@id":"https:\/\/mediagear.ee\/fi\/tuote\/avmatrix-shark-s4-plus-sdi-hdmi-video-switcher\/#breadcrumb"},"inLanguage":"fi","potentialAction":[{"@type":"ReadAction","target":["https:\/\/mediagear.ee\/fi\/tuote\/avmatrix-shark-s4-plus-sdi-hdmi-video-switcher\/"]}]},{"@type":"ImageObject","inLanguage":"fi","@id":"https:\/\/mediagear.ee\/fi\/tuote\/avmatrix-shark-s4-plus-sdi-hdmi-video-switcher\/#primaryimage","url":"https:\/\/mediagear.ee\/wp-content\/uploads\/2025\/11\/AVMATRIX_Shark_S4_Plus_SDI-HDMI_Video_Switcher.webp","contentUrl":"https:\/\/mediagear.ee\/wp-content\/uploads\/2025\/11\/AVMATRIX_Shark_S4_Plus_SDI-HDMI_Video_Switcher.webp","width":700,"height":700,"caption":"AVMATRIX Shark S4 Plus SDI\/HDMI Video Switcher"},{"@type":"BreadcrumbList","@id":"https:\/\/mediagear.ee\/fi\/tuote\/avmatrix-shark-s4-plus-sdi-hdmi-video-switcher\/#breadcrumb","itemListElement":[{"@type":"ListItem","position":1,"name":"Home","item":"https:\/\/mediagear.ee\/fi\/"},{"@type":"ListItem","position":2,"name":"Pro video- ja \u00e4\u00e4nilaitteiden kauppa","item":"https:\/\/mediagear.ee\/fi\/kauppa\/"},{"@type":"ListItem","position":3,"name":"SIGNAALINK\u00c4SITTELY","item":"https:\/\/mediagear.ee\/fi\/tuote-osasto\/signal-processing-fi\/"},{"@type":"ListItem","position":4,"name":"Videomikserit","item":"https:\/\/mediagear.ee\/fi\/tuote-osasto\/signal-processing-fi\/video-mixers-fi\/"},{"@type":"ListItem","position":5,"name":"AVMATRIX Shark S4 Plus SDI\/HDMI Video Switcher"}]},{"@type":"WebSite","@id":"https:\/\/mediagear.ee\/fi\/#website","url":"https:\/\/mediagear.ee\/fi\/","name":"MediaGear","description":"Full-service solutions in AV equipment","publisher":{"@id":"https:\/\/mediagear.ee\/fi\/#organization"},"potentialAction":[{"@type":"SearchAction","target":{"@type":"EntryPoint","urlTemplate":"https:\/\/mediagear.ee\/fi\/?s={search_term_string}"},"query-input":{"@type":"PropertyValueSpecification","valueRequired":true,"valueName":"search_term_string"}}],"inLanguage":"fi"},{"@type":"Organization","@id":"https:\/\/mediagear.ee\/fi\/#organization","name":"Mediagear","url":"https:\/\/mediagear.ee\/fi\/","logo":{"@type":"ImageObject","inLanguage":"fi","@id":"https:\/\/mediagear.ee\/fi\/#\/schema\/logo\/image\/","url":"http:\/\/mediagear.ee\/wp-content\/uploads\/2024\/05\/MediaGear-logo-transp.png","contentUrl":"http:\/\/mediagear.ee\/wp-content\/uploads\/2024\/05\/MediaGear-logo-transp.png","width":600,"height":200,"caption":"Mediagear"},"image":{"@id":"https:\/\/mediagear.ee\/fi\/#\/schema\/logo\/image\/"},"sameAs":["https:\/\/www.facebook.com\/Mediagear.ee\/","https:\/\/www.instagram.com\/mediagear_ee\/"]}]}},"_links":{"self":[{"href":"https:\/\/mediagear.ee\/fi\/wp-json\/wp\/v2\/product\/315677","targetHints":{"allow":["GET"]}}],"collection":[{"href":"https:\/\/mediagear.ee\/fi\/wp-json\/wp\/v2\/product"}],"about":[{"href":"https:\/\/mediagear.ee\/fi\/wp-json\/wp\/v2\/types\/product"}],"wp:featuredmedia":[{"embeddable":true,"href":"https:\/\/mediagear.ee\/fi\/wp-json\/wp\/v2\/media\/315684"}],"wp:attachment":[{"href":"https:\/\/mediagear.ee\/fi\/wp-json\/wp\/v2\/media?parent=315677"}],"wp:term":[{"taxonomy":"brand","embeddable":true,"href":"https:\/\/mediagear.ee\/fi\/wp-json\/wp\/v2\/brand?post=315677"},{"taxonomy":"product_cat","embeddable":true,"href":"https:\/\/mediagear.ee\/fi\/wp-json\/wp\/v2\/product_cat?post=315677"},{"taxonomy":"product_tag","embeddable":true,"href":"https:\/\/mediagear.ee\/fi\/wp-json\/wp\/v2\/product_tag?post=315677"},{"taxonomy":"inventory","embeddable":true,"href":"https:\/\/mediagear.ee\/fi\/wp-json\/wp\/v2\/inventory?post=315677"}],"curies":[{"name":"wp","href":"https:\/\/api.w.org\/{rel}","templated":true}]}}