{"id":326849,"date":"2025-12-17T14:59:02","date_gmt":"2025-12-17T12:59:02","guid":{"rendered":"https:\/\/mediagear.ee\/product\/laowa-probe-zoom-15-35mm-t12-lens-direct-view-arri-pl\/"},"modified":"2026-02-09T05:25:33","modified_gmt":"2026-02-09T03:25:33","slug":"laowa-probe-zoom-15-35mm-t12-lens-direct-view-arri-pl","status":"publish","type":"product","link":"https:\/\/mediagear.ee\/fi\/tuote\/laowa-probe-zoom-15-35mm-t12-lens-direct-view-arri-pl\/","title":{"rendered":"LAOWA Probe Zoom 15\u201335mm T12 Lens (Direct View) \u2013 Arri PL"},"content":{"rendered":"<p><span>T\u00e4na objektiivi parfokaalse konstruktsiooni abil saavad filmitegijad sujuvalt suumida 15 mm-st kuni 35 mm-ni, s\u00e4ilitades samal ajal p\u00fcsiva teravuse. Selle \u00e4\u00e4rmiselt l\u00e4hedane, vaid 5 mm suurune t\u00f6\u00f6kaugus v\u00f5imaldab j\u00e4\u00e4dvustada peeneid detaile kitsastes ruumides, samal ajal kui vahetatavad esimoodulid pakuvad kohandatud paindlikkust erinevate filmimisstsenaariumide jaoks. Vastupidava ja veekindla korpusega objektiiv sobib ka n\u00f5udlikesse filmimiskeskkondadesse, sealhulgas veealustele ja v\u00e4litingimustes tehtavatele \u00fclesv\u00f5tetele.<\/span><\/p>\n<p><b>V\u00e4limuslikud omadused:<\/b><\/p>\n<ul>\n<li>\n<p>\u00dclimalt lai 15mm kuni 35mm t\u00e4iskaader-suumivahemik<\/p>\n<\/li>\n<li>\n<p>Parfokaalne disain s\u00e4ilitab fookuse kogu suumimise ajal<\/p>\n<\/li>\n<li>\n<li>\n<p>Maksimaalne suurendamine kuni 2,3x<\/p>\n<\/li>\n<\/li>\n<li>\n<p>V\u00e4limalt v\u00e4ike t\u00f6\u00f6kaugus 5 mm<\/p>\n<\/li>\n<li>\n<li>\n<p>Vahetatavad esimoodulid: Direct, Periskoop, 35\u00b0 View ja 90\u00b0 View<\/p>\n<\/li>\n<li>\n<li>\n<p>Vee- ja vastupidav t\u00fcnn, mis sobib keerulistesse tingimustesse<\/p>\n<\/li>\n<li>\n<li>\n<p>T\u00e4ielik kaadri katvus (43.2 mm pildiring)<\/p>\n<\/li>\n<li>\n<li>\n<p>Kaksikt\u00e4hega Imperial\/Metri skaala fookustamiseks<\/p>\n<\/li>\n<li>\n<li>\n<p>Valikuline ARRI PL kinnitus ning valikuliselt Canon EF, Canon RF, Sony E, Nikon Z ja L kinnitus<\/p>\n<\/li>\n<\/li>\n<\/li>\n<\/li>\n<\/li>\n<\/li>\n<\/ul>\n<p>Laowa Probe Zoom 15-35mm T12 makroobjektiiv sobib ideaalselt professionaalsetele filmitegijatele, loodusfilmide tegijatele ja loojatele, kes otsivad selgeid visuaalse jutustamise v\u00f5imalusi.<\/p>\n<p><strong>Mis on karbis:<\/strong><\/p>\n<ul>\n<li>\n<li>\n<p>Laowa Probe Zoom 15-35mm T12 makroobjektiiv<\/p>\n<\/li>\n<li>\n<li>\n<p>Valik esiosa (otsene, periskoop, 35\u00b0 v\u00f5i 90\u00b0)<\/p>\n<\/li>\n<li>\n<li>\n<p>Mount adapter (valikuline)<\/p>\n<\/li>\n<li>\n<li>\n<p>kaitsekorgid<\/p>\n<\/li>\n<li>\n<p>Kandekott<\/p>\n<\/li>\n<\/li>\n<\/li>\n<\/li>\n<\/li>\n<\/ul>\n<p>Kandekott<\/p>\n","protected":false},"excerpt":{"rendered":"<p>The Laowa Probe Zoom 15-35mm T12 Macro lens delivers extraordinary versatility, providing filmmakers with unique creative possibilities. As part of Laowa\u2019s innovative probe zoom series, this lens combines wide-angle capabilities with detailed macro filming, ideal for capturing exceptional close-ups and immersive environmental scenes.<\/p>\n","protected":false},"featured_media":326850,"template":"","meta":{"_acf_changed":false},"brand":[6740],"product_cat":[6110],"product_tag":[],"inventory":[],"class_list":{"0":"post-326849","1":"product","2":"type-product","3":"status-publish","4":"has-post-thumbnail","6":"brand-laowa-fi","7":"product_cat-zoom-lenses-fi","9":"first","10":"onbackorder","11":"taxable","12":"shipping-taxable","13":"purchasable","14":"product-type-simple"},"acf":[],"yoast_head":"<!-- This site is optimized with the Yoast SEO plugin v27.1.1 - https:\/\/yoast.com\/product\/yoast-seo-wordpress\/ -->\n<title>LAOWA Probe Zoom 15\u201335mm T12 Lens (Direct View) \u2013 Arri PL - MediaGear<\/title>\n<meta name=\"description\" content=\"The Laowa Probe Zoom 15-35mm T12 Macro lens delivers extraordinary versatility, providing filmmakers with unique creative possibilities. As part of...\" \/>\n<meta name=\"robots\" content=\"index, follow, max-snippet:-1, max-image-preview:large, max-video-preview:-1\" \/>\n<link rel=\"canonical\" href=\"https:\/\/mediagear.ee\/fi\/tuote\/laowa-probe-zoom-15-35mm-t12-lens-direct-view-arri-pl\/\" \/>\n<meta property=\"og:locale\" content=\"fi_FI\" \/>\n<meta property=\"og:type\" content=\"article\" \/>\n<meta property=\"og:title\" content=\"LAOWA Probe Zoom 15\u201335mm T12 Lens (Direct View) \u2013 Arri PL - MediaGear\" \/>\n<meta property=\"og:description\" content=\"The Laowa Probe Zoom 15-35mm T12 Macro lens delivers extraordinary versatility, providing filmmakers with unique creative possibilities. As part of...\" \/>\n<meta property=\"og:url\" content=\"https:\/\/mediagear.ee\/fi\/tuote\/laowa-probe-zoom-15-35mm-t12-lens-direct-view-arri-pl\/\" \/>\n<meta property=\"og:site_name\" content=\"MediaGear\" \/>\n<meta property=\"article:publisher\" content=\"https:\/\/www.facebook.com\/Mediagear.ee\/\" \/>\n<meta property=\"article:modified_time\" content=\"2026-02-09T03:25:33+00:00\" \/>\n<meta property=\"og:image\" content=\"https:\/\/mediagear.ee\/wp-content\/uploads\/2025\/12\/LAOWA-Probe-Zoom-15\u201335mm-T12-Lens-Direct-View-\u2013-Arri-PL.png\" \/>\n\t<meta property=\"og:image:width\" content=\"99\" \/>\n\t<meta property=\"og:image:height\" content=\"800\" \/>\n\t<meta property=\"og:image:type\" content=\"image\/png\" \/>\n<meta name=\"twitter:card\" content=\"summary_large_image\" \/>\n<meta name=\"twitter:label1\" content=\"Arvioitu lukuaika\" \/>\n\t<meta name=\"twitter:data1\" content=\"1 minuutti\" \/>\n<script type=\"application\/ld+json\" class=\"yoast-schema-graph\">{\"@context\":\"https:\/\/schema.org\",\"@graph\":[{\"@type\":\"WebPage\",\"@id\":\"https:\/\/mediagear.ee\/fi\/tuote\/laowa-probe-zoom-15-35mm-t12-lens-direct-view-arri-pl\/\",\"url\":\"https:\/\/mediagear.ee\/fi\/tuote\/laowa-probe-zoom-15-35mm-t12-lens-direct-view-arri-pl\/\",\"name\":\"LAOWA Probe Zoom 15\u201335mm T12 Lens (Direct View) \u2013 Arri PL - MediaGear\",\"isPartOf\":{\"@id\":\"https:\/\/mediagear.ee\/fi\/#website\"},\"primaryImageOfPage\":{\"@id\":\"https:\/\/mediagear.ee\/fi\/tuote\/laowa-probe-zoom-15-35mm-t12-lens-direct-view-arri-pl\/#primaryimage\"},\"image\":{\"@id\":\"https:\/\/mediagear.ee\/fi\/tuote\/laowa-probe-zoom-15-35mm-t12-lens-direct-view-arri-pl\/#primaryimage\"},\"thumbnailUrl\":\"https:\/\/mediagear.ee\/wp-content\/uploads\/2025\/12\/LAOWA-Probe-Zoom-15\u201335mm-T12-Lens-Direct-View-\u2013-Arri-PL.png\",\"datePublished\":\"2025-12-17T12:59:02+00:00\",\"dateModified\":\"2026-02-09T03:25:33+00:00\",\"description\":\"The Laowa Probe Zoom 15-35mm T12 Macro lens delivers extraordinary versatility, providing filmmakers with unique creative possibilities. As part of...\",\"breadcrumb\":{\"@id\":\"https:\/\/mediagear.ee\/fi\/tuote\/laowa-probe-zoom-15-35mm-t12-lens-direct-view-arri-pl\/#breadcrumb\"},\"inLanguage\":\"fi\",\"potentialAction\":[{\"@type\":\"ReadAction\",\"target\":[\"https:\/\/mediagear.ee\/fi\/tuote\/laowa-probe-zoom-15-35mm-t12-lens-direct-view-arri-pl\/\"]}]},{\"@type\":\"ImageObject\",\"inLanguage\":\"fi\",\"@id\":\"https:\/\/mediagear.ee\/fi\/tuote\/laowa-probe-zoom-15-35mm-t12-lens-direct-view-arri-pl\/#primaryimage\",\"url\":\"https:\/\/mediagear.ee\/wp-content\/uploads\/2025\/12\/LAOWA-Probe-Zoom-15\u201335mm-T12-Lens-Direct-View-\u2013-Arri-PL.png\",\"contentUrl\":\"https:\/\/mediagear.ee\/wp-content\/uploads\/2025\/12\/LAOWA-Probe-Zoom-15\u201335mm-T12-Lens-Direct-View-\u2013-Arri-PL.png\",\"width\":99,\"height\":800,\"caption\":\"LAOWA Probe Zoom 15\u201335mm T12 Lens (Direct View) \u2013 Arri PL\"},{\"@type\":\"BreadcrumbList\",\"@id\":\"https:\/\/mediagear.ee\/fi\/tuote\/laowa-probe-zoom-15-35mm-t12-lens-direct-view-arri-pl\/#breadcrumb\",\"itemListElement\":[{\"@type\":\"ListItem\",\"position\":1,\"name\":\"Home\",\"item\":\"https:\/\/mediagear.ee\/fi\/\"},{\"@type\":\"ListItem\",\"position\":2,\"name\":\"Pro video- ja \u00e4\u00e4nilaitteiden kauppa\",\"item\":\"https:\/\/mediagear.ee\/fi\/kauppa\/\"},{\"@type\":\"ListItem\",\"position\":3,\"name\":\"OBJEKTIIVIT\",\"item\":\"https:\/\/mediagear.ee\/fi\/tuote-osasto\/lenses-fi\/\"},{\"@type\":\"ListItem\",\"position\":4,\"name\":\"Zoom-objektiivit\",\"item\":\"https:\/\/mediagear.ee\/fi\/tuote-osasto\/lenses-fi\/zoom-lenses-fi\/\"},{\"@type\":\"ListItem\",\"position\":5,\"name\":\"LAOWA Probe Zoom 15\u201335mm T12 Lens (Direct View) \u2013 Arri PL\"}]},{\"@type\":\"WebSite\",\"@id\":\"https:\/\/mediagear.ee\/fi\/#website\",\"url\":\"https:\/\/mediagear.ee\/fi\/\",\"name\":\"MediaGear\",\"description\":\"Full-service solutions in AV equipment\",\"publisher\":{\"@id\":\"https:\/\/mediagear.ee\/fi\/#organization\"},\"potentialAction\":[{\"@type\":\"SearchAction\",\"target\":{\"@type\":\"EntryPoint\",\"urlTemplate\":\"https:\/\/mediagear.ee\/fi\/?s={search_term_string}\"},\"query-input\":{\"@type\":\"PropertyValueSpecification\",\"valueRequired\":true,\"valueName\":\"search_term_string\"}}],\"inLanguage\":\"fi\"},{\"@type\":\"Organization\",\"@id\":\"https:\/\/mediagear.ee\/fi\/#organization\",\"name\":\"Mediagear\",\"url\":\"https:\/\/mediagear.ee\/fi\/\",\"logo\":{\"@type\":\"ImageObject\",\"inLanguage\":\"fi\",\"@id\":\"https:\/\/mediagear.ee\/fi\/#\/schema\/logo\/image\/\",\"url\":\"http:\/\/mediagear.ee\/wp-content\/uploads\/2024\/05\/MediaGear-logo-transp.png\",\"contentUrl\":\"http:\/\/mediagear.ee\/wp-content\/uploads\/2024\/05\/MediaGear-logo-transp.png\",\"width\":600,\"height\":200,\"caption\":\"Mediagear\"},\"image\":{\"@id\":\"https:\/\/mediagear.ee\/fi\/#\/schema\/logo\/image\/\"},\"sameAs\":[\"https:\/\/www.facebook.com\/Mediagear.ee\/\",\"https:\/\/www.instagram.com\/mediagear_ee\/\"]}]}<\/script>\n<!-- \/ Yoast SEO plugin. -->","yoast_head_json":{"title":"LAOWA Probe Zoom 15\u201335mm T12 Lens (Direct View) \u2013 Arri PL - MediaGear","description":"The Laowa Probe Zoom 15-35mm T12 Macro lens delivers extraordinary versatility, providing filmmakers with unique creative possibilities. As part of...","robots":{"index":"index","follow":"follow","max-snippet":"max-snippet:-1","max-image-preview":"max-image-preview:large","max-video-preview":"max-video-preview:-1"},"canonical":"https:\/\/mediagear.ee\/fi\/tuote\/laowa-probe-zoom-15-35mm-t12-lens-direct-view-arri-pl\/","og_locale":"fi_FI","og_type":"article","og_title":"LAOWA Probe Zoom 15\u201335mm T12 Lens (Direct View) \u2013 Arri PL - MediaGear","og_description":"The Laowa Probe Zoom 15-35mm T12 Macro lens delivers extraordinary versatility, providing filmmakers with unique creative possibilities. As part of...","og_url":"https:\/\/mediagear.ee\/fi\/tuote\/laowa-probe-zoom-15-35mm-t12-lens-direct-view-arri-pl\/","og_site_name":"MediaGear","article_publisher":"https:\/\/www.facebook.com\/Mediagear.ee\/","article_modified_time":"2026-02-09T03:25:33+00:00","og_image":[{"width":99,"height":800,"url":"https:\/\/mediagear.ee\/wp-content\/uploads\/2025\/12\/LAOWA-Probe-Zoom-15\u201335mm-T12-Lens-Direct-View-\u2013-Arri-PL.png","type":"image\/png"}],"twitter_card":"summary_large_image","twitter_misc":{"Arvioitu lukuaika":"1 minuutti"},"schema":{"@context":"https:\/\/schema.org","@graph":[{"@type":"WebPage","@id":"https:\/\/mediagear.ee\/fi\/tuote\/laowa-probe-zoom-15-35mm-t12-lens-direct-view-arri-pl\/","url":"https:\/\/mediagear.ee\/fi\/tuote\/laowa-probe-zoom-15-35mm-t12-lens-direct-view-arri-pl\/","name":"LAOWA Probe Zoom 15\u201335mm T12 Lens (Direct View) \u2013 Arri PL - MediaGear","isPartOf":{"@id":"https:\/\/mediagear.ee\/fi\/#website"},"primaryImageOfPage":{"@id":"https:\/\/mediagear.ee\/fi\/tuote\/laowa-probe-zoom-15-35mm-t12-lens-direct-view-arri-pl\/#primaryimage"},"image":{"@id":"https:\/\/mediagear.ee\/fi\/tuote\/laowa-probe-zoom-15-35mm-t12-lens-direct-view-arri-pl\/#primaryimage"},"thumbnailUrl":"https:\/\/mediagear.ee\/wp-content\/uploads\/2025\/12\/LAOWA-Probe-Zoom-15\u201335mm-T12-Lens-Direct-View-\u2013-Arri-PL.png","datePublished":"2025-12-17T12:59:02+00:00","dateModified":"2026-02-09T03:25:33+00:00","description":"The Laowa Probe Zoom 15-35mm T12 Macro lens delivers extraordinary versatility, providing filmmakers with unique creative possibilities. As part of...","breadcrumb":{"@id":"https:\/\/mediagear.ee\/fi\/tuote\/laowa-probe-zoom-15-35mm-t12-lens-direct-view-arri-pl\/#breadcrumb"},"inLanguage":"fi","potentialAction":[{"@type":"ReadAction","target":["https:\/\/mediagear.ee\/fi\/tuote\/laowa-probe-zoom-15-35mm-t12-lens-direct-view-arri-pl\/"]}]},{"@type":"ImageObject","inLanguage":"fi","@id":"https:\/\/mediagear.ee\/fi\/tuote\/laowa-probe-zoom-15-35mm-t12-lens-direct-view-arri-pl\/#primaryimage","url":"https:\/\/mediagear.ee\/wp-content\/uploads\/2025\/12\/LAOWA-Probe-Zoom-15\u201335mm-T12-Lens-Direct-View-\u2013-Arri-PL.png","contentUrl":"https:\/\/mediagear.ee\/wp-content\/uploads\/2025\/12\/LAOWA-Probe-Zoom-15\u201335mm-T12-Lens-Direct-View-\u2013-Arri-PL.png","width":99,"height":800,"caption":"LAOWA Probe Zoom 15\u201335mm T12 Lens (Direct View) \u2013 Arri PL"},{"@type":"BreadcrumbList","@id":"https:\/\/mediagear.ee\/fi\/tuote\/laowa-probe-zoom-15-35mm-t12-lens-direct-view-arri-pl\/#breadcrumb","itemListElement":[{"@type":"ListItem","position":1,"name":"Home","item":"https:\/\/mediagear.ee\/fi\/"},{"@type":"ListItem","position":2,"name":"Pro video- ja \u00e4\u00e4nilaitteiden kauppa","item":"https:\/\/mediagear.ee\/fi\/kauppa\/"},{"@type":"ListItem","position":3,"name":"OBJEKTIIVIT","item":"https:\/\/mediagear.ee\/fi\/tuote-osasto\/lenses-fi\/"},{"@type":"ListItem","position":4,"name":"Zoom-objektiivit","item":"https:\/\/mediagear.ee\/fi\/tuote-osasto\/lenses-fi\/zoom-lenses-fi\/"},{"@type":"ListItem","position":5,"name":"LAOWA Probe Zoom 15\u201335mm T12 Lens (Direct View) \u2013 Arri PL"}]},{"@type":"WebSite","@id":"https:\/\/mediagear.ee\/fi\/#website","url":"https:\/\/mediagear.ee\/fi\/","name":"MediaGear","description":"Full-service solutions in AV equipment","publisher":{"@id":"https:\/\/mediagear.ee\/fi\/#organization"},"potentialAction":[{"@type":"SearchAction","target":{"@type":"EntryPoint","urlTemplate":"https:\/\/mediagear.ee\/fi\/?s={search_term_string}"},"query-input":{"@type":"PropertyValueSpecification","valueRequired":true,"valueName":"search_term_string"}}],"inLanguage":"fi"},{"@type":"Organization","@id":"https:\/\/mediagear.ee\/fi\/#organization","name":"Mediagear","url":"https:\/\/mediagear.ee\/fi\/","logo":{"@type":"ImageObject","inLanguage":"fi","@id":"https:\/\/mediagear.ee\/fi\/#\/schema\/logo\/image\/","url":"http:\/\/mediagear.ee\/wp-content\/uploads\/2024\/05\/MediaGear-logo-transp.png","contentUrl":"http:\/\/mediagear.ee\/wp-content\/uploads\/2024\/05\/MediaGear-logo-transp.png","width":600,"height":200,"caption":"Mediagear"},"image":{"@id":"https:\/\/mediagear.ee\/fi\/#\/schema\/logo\/image\/"},"sameAs":["https:\/\/www.facebook.com\/Mediagear.ee\/","https:\/\/www.instagram.com\/mediagear_ee\/"]}]}},"_links":{"self":[{"href":"https:\/\/mediagear.ee\/fi\/wp-json\/wp\/v2\/product\/326849","targetHints":{"allow":["GET"]}}],"collection":[{"href":"https:\/\/mediagear.ee\/fi\/wp-json\/wp\/v2\/product"}],"about":[{"href":"https:\/\/mediagear.ee\/fi\/wp-json\/wp\/v2\/types\/product"}],"wp:featuredmedia":[{"embeddable":true,"href":"https:\/\/mediagear.ee\/fi\/wp-json\/wp\/v2\/media\/326850"}],"wp:attachment":[{"href":"https:\/\/mediagear.ee\/fi\/wp-json\/wp\/v2\/media?parent=326849"}],"wp:term":[{"taxonomy":"brand","embeddable":true,"href":"https:\/\/mediagear.ee\/fi\/wp-json\/wp\/v2\/brand?post=326849"},{"taxonomy":"product_cat","embeddable":true,"href":"https:\/\/mediagear.ee\/fi\/wp-json\/wp\/v2\/product_cat?post=326849"},{"taxonomy":"product_tag","embeddable":true,"href":"https:\/\/mediagear.ee\/fi\/wp-json\/wp\/v2\/product_tag?post=326849"},{"taxonomy":"inventory","embeddable":true,"href":"https:\/\/mediagear.ee\/fi\/wp-json\/wp\/v2\/inventory?post=326849"}],"curies":[{"name":"wp","href":"https:\/\/api.w.org\/{rel}","templated":true}]}}