{"id":326955,"date":"2025-12-17T14:58:30","date_gmt":"2025-12-17T12:58:30","guid":{"rendered":"https:\/\/mediagear.ee\/product\/laowa-probe-zoom-15-24mm-t8-lens-90-degree-arri-pl\/"},"modified":"2026-02-09T05:25:28","modified_gmt":"2026-02-09T03:25:28","slug":"laowa-probe-zoom-15-24mm-t8-lens-90-degree-arri-pl","status":"publish","type":"product","link":"https:\/\/mediagear.ee\/fi\/tuote\/laowa-probe-zoom-15-24mm-t8-lens-90-degree-arri-pl\/","title":{"rendered":"LAOWA Probe Zoom 15\u201324mm T8 Lens (90\u00b0 Degree) \u2013 Arri PL"},"content":{"rendered":"<p><span>Selle t\u00e4helepanuv\u00e4\u00e4rse parfokaalse konstruktsiooniga Laowa Probe Zoom s\u00e4ilitab fookuse suumimise ajal, v\u00f5imaldades filmitegijatel teostada sujuvat ja kaasahaaravat suumiefekti ilma pideva fookuse reguleerimiseta. Objektiivil on 15 mm \u00fclisuur t\u00e4iskaadri perspektiiv ja ulatuslik 1,6-kordne suumivahemik, mis on loodud nii kaasahaaravate keskkonnakaadrite kui ka keeruliste makrodetailide jaoks. Selle erakordselt l\u00e4hedane t\u00f6\u00f6kaugus &#8211; vaid 5 mm kaugusel objektist &#8211; v\u00f5imaldab j\u00e4\u00e4dvustada peeneid detaile ka k\u00f5ige keerulisemates ja kitsamates ruumides.<\/span><\/p>\n<p>Objektiiv on modulaarse paindlikkusega, pakkudes nelja vahetatavat esiosa &#8211; Direct View, Periscope View, 35\u00b0 View ja 90\u00b0 View &#8211; mis on kohandatud konkreetsetele filmimisstsenaariumidele ja kunstilistele visioonidele. Need moodulid aitavad operaatoritel luua uuenduslikke vaatenurki ja d\u00fcnaamilisi kaadreid ilma kaamerat \u00fcmber paigutamata. Veekindel ja vastupidav t\u00fcnnikonstruktsioon laiendab veelgi filmimisv\u00f5imalusi, mis on ideaalne keskkondades, mis ulatuvad veealusest filmimisest kuni n\u00f5udlike v\u00e4litingimusteni.<\/p>\n<p><b>V\u00e4listele omadustele:<\/b><\/p>\n<ul>\n<li>\n<p>15mm Ultra-Wide Perspective<\/p>\n<\/li>\n<li>\n<p>1.6x suumivahemik parfokaalse disainiga<\/p>\n<\/li>\n<li>\n<p>Vaheldatavad esememoodulid: Otse, periskoop, 35\u00b0 vaade, 90\u00b0 vaade<\/p>\n<\/li>\n<li>\n<li>\n<p>Suurendus kuni 1.6x \u00e4\u00e4rmuslike l\u00e4hiv\u00f5tete jaoks<\/p>\n<\/li>\n<li>\n<li>\n<p>V\u00e4ljapaistev teravus ja suurep\u00e4rane pildikvaliteet<\/p>\n<\/li>\n<li>\n<li>\n<p>\n<p><p>360\u00b0 p\u00f6\u00f6ratav esiotsa mitmek\u00fclgse nurga reguleerimise jaoks<\/p>\n<\/p>\n<\/p>\n<\/li>\n<\/li>\n<li>\n<p>T\u00e4ielik kaadri katvus 43.2mm pildiring<\/p>\n<\/li>\n<li>\n<p>Kaksikm\u00f5\u00f5tmeline Imperial\/Metri skaala<\/p>\n<\/li>\n<li>\n<p>Valikuline ARRI PL kinnitus ning valikuline Canon EF, Canon RF, Sony E, Nikon Z ja L kinnitus<\/p>\n<\/li>\n<\/li>\n<\/li>\n<\/ul>\n<p><\/p>\n<p><b>Mida on karbis:<\/b><\/p>\n<ul>\n<li>\n<p>Laowa Probe Zoom 15-24mm T8 makroobjektiiv<\/p>\n<\/li>\n<li>\n<li>\n<p>Valik esiosa (otsene, periskoop, 35\u00b0 v\u00f5i 90\u00b0)<\/p>\n<\/li>\n<li>\n<li>\n<p>Mount adapter (valikuline)<\/p>\n<\/li>\n<\/li>\n<li>\n<p>kaitsekorgid<\/p>\n<\/li>\n<li>\n<li>\n<p>Kandekohver<\/p>\n<\/li>\n<\/li>\n<\/li>\n<\/ul>\n","protected":false},"excerpt":{"rendered":"<p>The Laowa Probe Zoom 15-24mm T8 Macro lens opens up new creative possibilities for filmmakers by providing perspectives that traditional lenses cannot capture. As part of Laowa&#8217;s innovative probe zoom series, this lens enables close-up filming with an expansive view, perfect for capturing detailed shots in challenging spaces<\/p>\n","protected":false},"featured_media":326956,"template":"","meta":{"_acf_changed":false},"brand":[6740],"product_cat":[6110],"product_tag":[],"inventory":[],"class_list":{"0":"post-326955","1":"product","2":"type-product","3":"status-publish","4":"has-post-thumbnail","6":"brand-laowa-fi","7":"product_cat-zoom-lenses-fi","9":"first","10":"onbackorder","11":"taxable","12":"shipping-taxable","13":"purchasable","14":"product-type-simple"},"acf":[],"yoast_head":"<!-- This site is optimized with the Yoast SEO plugin v27.1.1 - https:\/\/yoast.com\/product\/yoast-seo-wordpress\/ -->\n<title>LAOWA Probe Zoom 15\u201324mm T8 Lens (90\u00b0 Degree) \u2013 Arri PL - MediaGear<\/title>\n<meta name=\"description\" content=\"The Laowa Probe Zoom 15-24mm T8 Macro lens opens up new creative possibilities for filmmakers by providing perspectives that traditional lenses can...\" \/>\n<meta name=\"robots\" content=\"index, follow, max-snippet:-1, max-image-preview:large, max-video-preview:-1\" \/>\n<link rel=\"canonical\" href=\"https:\/\/mediagear.ee\/fi\/tuote\/laowa-probe-zoom-15-24mm-t8-lens-90-degree-arri-pl\/\" \/>\n<meta property=\"og:locale\" content=\"fi_FI\" \/>\n<meta property=\"og:type\" content=\"article\" \/>\n<meta property=\"og:title\" content=\"LAOWA Probe Zoom 15\u201324mm T8 Lens (90\u00b0 Degree) \u2013 Arri PL - MediaGear\" \/>\n<meta property=\"og:description\" content=\"The Laowa Probe Zoom 15-24mm T8 Macro lens opens up new creative possibilities for filmmakers by providing perspectives that traditional lenses can...\" \/>\n<meta property=\"og:url\" content=\"https:\/\/mediagear.ee\/fi\/tuote\/laowa-probe-zoom-15-24mm-t8-lens-90-degree-arri-pl\/\" \/>\n<meta property=\"og:site_name\" content=\"MediaGear\" \/>\n<meta property=\"article:publisher\" content=\"https:\/\/www.facebook.com\/Mediagear.ee\/\" \/>\n<meta property=\"article:modified_time\" content=\"2026-02-09T03:25:28+00:00\" \/>\n<meta property=\"og:image\" content=\"https:\/\/mediagear.ee\/wp-content\/uploads\/2025\/12\/LAOWA-Probe-Zoom-15\u201324mm-T8-Lens-90\u00b0-Degree-\u2013-Arri-PL.png\" \/>\n\t<meta property=\"og:image:width\" content=\"99\" \/>\n\t<meta property=\"og:image:height\" content=\"800\" \/>\n\t<meta property=\"og:image:type\" content=\"image\/png\" \/>\n<meta name=\"twitter:card\" content=\"summary_large_image\" \/>\n<meta name=\"twitter:label1\" content=\"Arvioitu lukuaika\" \/>\n\t<meta name=\"twitter:data1\" content=\"1 minuutti\" \/>\n<script type=\"application\/ld+json\" class=\"yoast-schema-graph\">{\"@context\":\"https:\/\/schema.org\",\"@graph\":[{\"@type\":\"WebPage\",\"@id\":\"https:\/\/mediagear.ee\/fi\/tuote\/laowa-probe-zoom-15-24mm-t8-lens-90-degree-arri-pl\/\",\"url\":\"https:\/\/mediagear.ee\/fi\/tuote\/laowa-probe-zoom-15-24mm-t8-lens-90-degree-arri-pl\/\",\"name\":\"LAOWA Probe Zoom 15\u201324mm T8 Lens (90\u00b0 Degree) \u2013 Arri PL - MediaGear\",\"isPartOf\":{\"@id\":\"https:\/\/mediagear.ee\/fi\/#website\"},\"primaryImageOfPage\":{\"@id\":\"https:\/\/mediagear.ee\/fi\/tuote\/laowa-probe-zoom-15-24mm-t8-lens-90-degree-arri-pl\/#primaryimage\"},\"image\":{\"@id\":\"https:\/\/mediagear.ee\/fi\/tuote\/laowa-probe-zoom-15-24mm-t8-lens-90-degree-arri-pl\/#primaryimage\"},\"thumbnailUrl\":\"https:\/\/mediagear.ee\/wp-content\/uploads\/2025\/12\/LAOWA-Probe-Zoom-15\u201324mm-T8-Lens-90\u00b0-Degree-\u2013-Arri-PL.png\",\"datePublished\":\"2025-12-17T12:58:30+00:00\",\"dateModified\":\"2026-02-09T03:25:28+00:00\",\"description\":\"The Laowa Probe Zoom 15-24mm T8 Macro lens opens up new creative possibilities for filmmakers by providing perspectives that traditional lenses can...\",\"breadcrumb\":{\"@id\":\"https:\/\/mediagear.ee\/fi\/tuote\/laowa-probe-zoom-15-24mm-t8-lens-90-degree-arri-pl\/#breadcrumb\"},\"inLanguage\":\"fi\",\"potentialAction\":[{\"@type\":\"ReadAction\",\"target\":[\"https:\/\/mediagear.ee\/fi\/tuote\/laowa-probe-zoom-15-24mm-t8-lens-90-degree-arri-pl\/\"]}]},{\"@type\":\"ImageObject\",\"inLanguage\":\"fi\",\"@id\":\"https:\/\/mediagear.ee\/fi\/tuote\/laowa-probe-zoom-15-24mm-t8-lens-90-degree-arri-pl\/#primaryimage\",\"url\":\"https:\/\/mediagear.ee\/wp-content\/uploads\/2025\/12\/LAOWA-Probe-Zoom-15\u201324mm-T8-Lens-90\u00b0-Degree-\u2013-Arri-PL.png\",\"contentUrl\":\"https:\/\/mediagear.ee\/wp-content\/uploads\/2025\/12\/LAOWA-Probe-Zoom-15\u201324mm-T8-Lens-90\u00b0-Degree-\u2013-Arri-PL.png\",\"width\":99,\"height\":800,\"caption\":\"LAOWA Probe Zoom 15\u201324mm T8 Lens (90\u00b0 Degree) \u2013 Arri PL\"},{\"@type\":\"BreadcrumbList\",\"@id\":\"https:\/\/mediagear.ee\/fi\/tuote\/laowa-probe-zoom-15-24mm-t8-lens-90-degree-arri-pl\/#breadcrumb\",\"itemListElement\":[{\"@type\":\"ListItem\",\"position\":1,\"name\":\"Home\",\"item\":\"https:\/\/mediagear.ee\/fi\/\"},{\"@type\":\"ListItem\",\"position\":2,\"name\":\"Pro video- ja \u00e4\u00e4nilaitteiden kauppa\",\"item\":\"https:\/\/mediagear.ee\/fi\/kauppa\/\"},{\"@type\":\"ListItem\",\"position\":3,\"name\":\"OBJEKTIIVIT\",\"item\":\"https:\/\/mediagear.ee\/fi\/tuote-osasto\/lenses-fi\/\"},{\"@type\":\"ListItem\",\"position\":4,\"name\":\"Zoom-objektiivit\",\"item\":\"https:\/\/mediagear.ee\/fi\/tuote-osasto\/lenses-fi\/zoom-lenses-fi\/\"},{\"@type\":\"ListItem\",\"position\":5,\"name\":\"LAOWA Probe Zoom 15\u201324mm T8 Lens (90\u00b0 Degree) \u2013 Arri PL\"}]},{\"@type\":\"WebSite\",\"@id\":\"https:\/\/mediagear.ee\/fi\/#website\",\"url\":\"https:\/\/mediagear.ee\/fi\/\",\"name\":\"MediaGear\",\"description\":\"Full-service solutions in AV equipment\",\"publisher\":{\"@id\":\"https:\/\/mediagear.ee\/fi\/#organization\"},\"potentialAction\":[{\"@type\":\"SearchAction\",\"target\":{\"@type\":\"EntryPoint\",\"urlTemplate\":\"https:\/\/mediagear.ee\/fi\/?s={search_term_string}\"},\"query-input\":{\"@type\":\"PropertyValueSpecification\",\"valueRequired\":true,\"valueName\":\"search_term_string\"}}],\"inLanguage\":\"fi\"},{\"@type\":\"Organization\",\"@id\":\"https:\/\/mediagear.ee\/fi\/#organization\",\"name\":\"Mediagear\",\"url\":\"https:\/\/mediagear.ee\/fi\/\",\"logo\":{\"@type\":\"ImageObject\",\"inLanguage\":\"fi\",\"@id\":\"https:\/\/mediagear.ee\/fi\/#\/schema\/logo\/image\/\",\"url\":\"http:\/\/mediagear.ee\/wp-content\/uploads\/2024\/05\/MediaGear-logo-transp.png\",\"contentUrl\":\"http:\/\/mediagear.ee\/wp-content\/uploads\/2024\/05\/MediaGear-logo-transp.png\",\"width\":600,\"height\":200,\"caption\":\"Mediagear\"},\"image\":{\"@id\":\"https:\/\/mediagear.ee\/fi\/#\/schema\/logo\/image\/\"},\"sameAs\":[\"https:\/\/www.facebook.com\/Mediagear.ee\/\",\"https:\/\/www.instagram.com\/mediagear_ee\/\"]}]}<\/script>\n<!-- \/ Yoast SEO plugin. -->","yoast_head_json":{"title":"LAOWA Probe Zoom 15\u201324mm T8 Lens (90\u00b0 Degree) \u2013 Arri PL - MediaGear","description":"The Laowa Probe Zoom 15-24mm T8 Macro lens opens up new creative possibilities for filmmakers by providing perspectives that traditional lenses can...","robots":{"index":"index","follow":"follow","max-snippet":"max-snippet:-1","max-image-preview":"max-image-preview:large","max-video-preview":"max-video-preview:-1"},"canonical":"https:\/\/mediagear.ee\/fi\/tuote\/laowa-probe-zoom-15-24mm-t8-lens-90-degree-arri-pl\/","og_locale":"fi_FI","og_type":"article","og_title":"LAOWA Probe Zoom 15\u201324mm T8 Lens (90\u00b0 Degree) \u2013 Arri PL - MediaGear","og_description":"The Laowa Probe Zoom 15-24mm T8 Macro lens opens up new creative possibilities for filmmakers by providing perspectives that traditional lenses can...","og_url":"https:\/\/mediagear.ee\/fi\/tuote\/laowa-probe-zoom-15-24mm-t8-lens-90-degree-arri-pl\/","og_site_name":"MediaGear","article_publisher":"https:\/\/www.facebook.com\/Mediagear.ee\/","article_modified_time":"2026-02-09T03:25:28+00:00","og_image":[{"width":99,"height":800,"url":"https:\/\/mediagear.ee\/wp-content\/uploads\/2025\/12\/LAOWA-Probe-Zoom-15\u201324mm-T8-Lens-90\u00b0-Degree-\u2013-Arri-PL.png","type":"image\/png"}],"twitter_card":"summary_large_image","twitter_misc":{"Arvioitu lukuaika":"1 minuutti"},"schema":{"@context":"https:\/\/schema.org","@graph":[{"@type":"WebPage","@id":"https:\/\/mediagear.ee\/fi\/tuote\/laowa-probe-zoom-15-24mm-t8-lens-90-degree-arri-pl\/","url":"https:\/\/mediagear.ee\/fi\/tuote\/laowa-probe-zoom-15-24mm-t8-lens-90-degree-arri-pl\/","name":"LAOWA Probe Zoom 15\u201324mm T8 Lens (90\u00b0 Degree) \u2013 Arri PL - MediaGear","isPartOf":{"@id":"https:\/\/mediagear.ee\/fi\/#website"},"primaryImageOfPage":{"@id":"https:\/\/mediagear.ee\/fi\/tuote\/laowa-probe-zoom-15-24mm-t8-lens-90-degree-arri-pl\/#primaryimage"},"image":{"@id":"https:\/\/mediagear.ee\/fi\/tuote\/laowa-probe-zoom-15-24mm-t8-lens-90-degree-arri-pl\/#primaryimage"},"thumbnailUrl":"https:\/\/mediagear.ee\/wp-content\/uploads\/2025\/12\/LAOWA-Probe-Zoom-15\u201324mm-T8-Lens-90\u00b0-Degree-\u2013-Arri-PL.png","datePublished":"2025-12-17T12:58:30+00:00","dateModified":"2026-02-09T03:25:28+00:00","description":"The Laowa Probe Zoom 15-24mm T8 Macro lens opens up new creative possibilities for filmmakers by providing perspectives that traditional lenses can...","breadcrumb":{"@id":"https:\/\/mediagear.ee\/fi\/tuote\/laowa-probe-zoom-15-24mm-t8-lens-90-degree-arri-pl\/#breadcrumb"},"inLanguage":"fi","potentialAction":[{"@type":"ReadAction","target":["https:\/\/mediagear.ee\/fi\/tuote\/laowa-probe-zoom-15-24mm-t8-lens-90-degree-arri-pl\/"]}]},{"@type":"ImageObject","inLanguage":"fi","@id":"https:\/\/mediagear.ee\/fi\/tuote\/laowa-probe-zoom-15-24mm-t8-lens-90-degree-arri-pl\/#primaryimage","url":"https:\/\/mediagear.ee\/wp-content\/uploads\/2025\/12\/LAOWA-Probe-Zoom-15\u201324mm-T8-Lens-90\u00b0-Degree-\u2013-Arri-PL.png","contentUrl":"https:\/\/mediagear.ee\/wp-content\/uploads\/2025\/12\/LAOWA-Probe-Zoom-15\u201324mm-T8-Lens-90\u00b0-Degree-\u2013-Arri-PL.png","width":99,"height":800,"caption":"LAOWA Probe Zoom 15\u201324mm T8 Lens (90\u00b0 Degree) \u2013 Arri PL"},{"@type":"BreadcrumbList","@id":"https:\/\/mediagear.ee\/fi\/tuote\/laowa-probe-zoom-15-24mm-t8-lens-90-degree-arri-pl\/#breadcrumb","itemListElement":[{"@type":"ListItem","position":1,"name":"Home","item":"https:\/\/mediagear.ee\/fi\/"},{"@type":"ListItem","position":2,"name":"Pro video- ja \u00e4\u00e4nilaitteiden kauppa","item":"https:\/\/mediagear.ee\/fi\/kauppa\/"},{"@type":"ListItem","position":3,"name":"OBJEKTIIVIT","item":"https:\/\/mediagear.ee\/fi\/tuote-osasto\/lenses-fi\/"},{"@type":"ListItem","position":4,"name":"Zoom-objektiivit","item":"https:\/\/mediagear.ee\/fi\/tuote-osasto\/lenses-fi\/zoom-lenses-fi\/"},{"@type":"ListItem","position":5,"name":"LAOWA Probe Zoom 15\u201324mm T8 Lens (90\u00b0 Degree) \u2013 Arri PL"}]},{"@type":"WebSite","@id":"https:\/\/mediagear.ee\/fi\/#website","url":"https:\/\/mediagear.ee\/fi\/","name":"MediaGear","description":"Full-service solutions in AV equipment","publisher":{"@id":"https:\/\/mediagear.ee\/fi\/#organization"},"potentialAction":[{"@type":"SearchAction","target":{"@type":"EntryPoint","urlTemplate":"https:\/\/mediagear.ee\/fi\/?s={search_term_string}"},"query-input":{"@type":"PropertyValueSpecification","valueRequired":true,"valueName":"search_term_string"}}],"inLanguage":"fi"},{"@type":"Organization","@id":"https:\/\/mediagear.ee\/fi\/#organization","name":"Mediagear","url":"https:\/\/mediagear.ee\/fi\/","logo":{"@type":"ImageObject","inLanguage":"fi","@id":"https:\/\/mediagear.ee\/fi\/#\/schema\/logo\/image\/","url":"http:\/\/mediagear.ee\/wp-content\/uploads\/2024\/05\/MediaGear-logo-transp.png","contentUrl":"http:\/\/mediagear.ee\/wp-content\/uploads\/2024\/05\/MediaGear-logo-transp.png","width":600,"height":200,"caption":"Mediagear"},"image":{"@id":"https:\/\/mediagear.ee\/fi\/#\/schema\/logo\/image\/"},"sameAs":["https:\/\/www.facebook.com\/Mediagear.ee\/","https:\/\/www.instagram.com\/mediagear_ee\/"]}]}},"_links":{"self":[{"href":"https:\/\/mediagear.ee\/fi\/wp-json\/wp\/v2\/product\/326955","targetHints":{"allow":["GET"]}}],"collection":[{"href":"https:\/\/mediagear.ee\/fi\/wp-json\/wp\/v2\/product"}],"about":[{"href":"https:\/\/mediagear.ee\/fi\/wp-json\/wp\/v2\/types\/product"}],"wp:featuredmedia":[{"embeddable":true,"href":"https:\/\/mediagear.ee\/fi\/wp-json\/wp\/v2\/media\/326956"}],"wp:attachment":[{"href":"https:\/\/mediagear.ee\/fi\/wp-json\/wp\/v2\/media?parent=326955"}],"wp:term":[{"taxonomy":"brand","embeddable":true,"href":"https:\/\/mediagear.ee\/fi\/wp-json\/wp\/v2\/brand?post=326955"},{"taxonomy":"product_cat","embeddable":true,"href":"https:\/\/mediagear.ee\/fi\/wp-json\/wp\/v2\/product_cat?post=326955"},{"taxonomy":"product_tag","embeddable":true,"href":"https:\/\/mediagear.ee\/fi\/wp-json\/wp\/v2\/product_tag?post=326955"},{"taxonomy":"inventory","embeddable":true,"href":"https:\/\/mediagear.ee\/fi\/wp-json\/wp\/v2\/inventory?post=326955"}],"curies":[{"name":"wp","href":"https:\/\/api.w.org\/{rel}","templated":true}]}}