{"id":345083,"date":"2026-01-26T15:23:47","date_gmt":"2026-01-26T13:23:47","guid":{"rendered":"https:\/\/mediagear.ee\/product\/blackmagic-design-atem-4-m-e-constellation-4k-plus\/"},"modified":"2026-01-26T15:23:47","modified_gmt":"2026-01-26T13:23:47","slug":"blackmagic-design-atem-4-m-e-constellation-4k-plus","status":"publish","type":"product","link":"https:\/\/mediagear.ee\/fi\/tuote\/blackmagic-design-atem-4-m-e-constellation-4k-plus\/","title":{"rendered":"BLACKMAGIC DESIGN ATEM 4 M\/E Constellation 4K Plus"},"content":{"rendered":"<p><strong>The ATEM 4 M\/E Constellation 4K Plus<\/strong> is a powerful 4 M\/E Ultra HD <strong>switcher for live production<\/strong>. It offers <strong>80 12G-SDI inputs<\/strong>, <strong>48 12G-SDI AUX outputs<\/strong>, <strong>4 DVEs<\/strong>, <strong>16 ATEM Advanced chroma keys<\/strong>, <strong>4 media players<\/strong>, <strong>4 independent Ultra HD<\/strong> <strong>multi-views<\/strong>, 2 <strong>SuperSource<\/strong> processors and other features. There&#8217;s also <strong>talkback<\/strong> and <strong>Fairlight&#8217;<\/strong> s professional <strong>156-channel audio mixer<\/strong> with equalization and dynamics. Availability is expected for <strong>June 2025<\/strong>.<\/p>\n<p>Each device input is equipped with a separate converter, allowing any SDI video input to be converted to the switcher&#8217;s output standard. It is possible to have each SDI input of the switcher in a different TV standard &#8211; and they will all work seamlessly. You can even <strong data-start=\"288\" data-end=\"343\">output audio to multiple digital MADI outputs<\/strong>, allowing you to pass audio sources from the switcher to an external sound engineer for separate mixing.<\/p>\n<h5><strong>Connections:<\/strong><\/h5>\n<ul>\n<li data-start=\"491\" data-end=\"527\">80<strong data-start=\"491\" data-end=\"522\">total video inputs<\/strong><\/li>\n<li data-start=\"491\" data-end=\"527\"><strong data-start=\"530\" data-end=\"562\">Total number of video outputs:<\/strong> 52<\/li>\n<li data-start=\"491\" data-end=\"527\"><strong data-start=\"570\" data-end=\"600\">Total number of AUX outputs:<\/strong> 48<\/li>\n<li data-start=\"491\" data-end=\"527\"><strong data-start=\"608\" data-end=\"626\">SDI speeds:<\/strong> 1.5G, 3G, 6G, 12G<\/li>\n<li data-start=\"491\" data-end=\"527\"><strong data-start=\"649\" data-end=\"680\">Total number of audio inputs: <\/strong>2\u00d7 6.3 mm jack, 2\u00d7 MADI input (64-channel, BNC), 1\u00d7 5-pin XLR for talkback<\/li>\n<li data-start=\"491\" data-end=\"527\"><strong data-start=\"789\" data-end=\"821\">Total number of audio outputs: <\/strong>2\u00d7 6.3 mm jack, 4\u00d7 MADI output (64-channel, BNC), 1\u00d7 5-pin XLR for talkback<\/li>\n<li data-start=\"491\" data-end=\"527\"><strong data-start=\"931\" data-end=\"954\">Timecode connections: <\/strong>1\u00d7 3pin XLR Timecode In, 1\u00d7 3pin XLR Timecode Out<\/li>\n<li data-start=\"491\" data-end=\"527\"><strong data-start=\"1026\" data-end=\"1047\">Reference input:<\/strong> Tri-Sync or Black Burst<\/li>\n<li data-start=\"491\" data-end=\"527\"><strong data-start=\"1078\" data-end=\"1096\">Video re-sync:<\/strong> On all 80 inputs<\/li>\n<li data-start=\"491\" data-end=\"527\"><strong data-start=\"1122\" data-end=\"1164\">Frame rate and format converters:<\/strong> On all 80 inputs<\/li>\n<li data-start=\"491\" data-end=\"527\"><strong data-start=\"1190\" data-end=\"1211\">SDI video inputs:<\/strong> 80\u00d7 10-bit 720p, 1080i, 1080p, 2160p<\/li>\n<li data-start=\"491\" data-end=\"527\"><strong data-start=\"1255\" data-end=\"1276\">SDI audio inputs:<\/strong> 8 channel embedded audio on all SDI inputs<\/li>\n<li data-start=\"491\" data-end=\"527\"><strong data-start=\"1330\" data-end=\"1357\">Additional audio inputs:<\/strong> 1\u00d7 5-pin XLR for talkback<\/li>\n<li data-start=\"491\" data-end=\"527\"><strong data-start=\"1390\" data-end=\"1412\">SDI video outputs:<\/strong> 52\u00d7 10-bit 720p, 1080i, 1080p, 2160p<\/li>\n<li data-start=\"491\" data-end=\"527\"><strong data-start=\"1456\" data-end=\"1478\">SDI audio outputs:<\/strong> 16-channel embedded audio on all SDI outputs<\/li>\n<li data-start=\"491\" data-end=\"527\"><strong data-start=\"1534\" data-end=\"1562\">Additional audio outputs:<\/strong> 1\u00d7 5pin XLR for talkback<\/li>\n<li data-start=\"491\" data-end=\"527\"><strong data-start=\"1595\" data-end=\"1622\">SDI program outputs:<\/strong> any of 48 SDI outputs<\/li>\n<li data-start=\"491\" data-end=\"527\"><strong data-start=\"1654\" data-end=\"1698\">Downconverted SDI program outputs:<\/strong> 8<\/li>\n<li data-start=\"491\" data-end=\"527\"><strong data-start=\"1705\" data-end=\"1729\">SDI preview outputs:<\/strong> Any of 48 SDI outputs<\/li>\n<li data-start=\"491\" data-end=\"527\"><strong data-start=\"1761\" data-end=\"1788\">SDI multi-view outputs:<\/strong> 4 dedicated + up to 48 additional routable outputs<\/li>\n<li data-start=\"491\" data-end=\"527\"><strong data-start=\"1843\" data-end=\"1871\">HDMI multi-view outputs:<\/strong> None<\/li>\n<li data-start=\"491\" data-end=\"527\"><strong data-start=\"1881\" data-end=\"1907\">Output as webcam:<\/strong> 1\u00d7 USB-C (720p or 1080p at program frame rate)<\/li>\n<li data-start=\"491\" data-end=\"527\"><strong data-start=\"1973\" data-end=\"1995\">Remote control:<\/strong> RJ12 (RS-422)<\/li>\n<li data-start=\"491\" data-end=\"527\"><strong data-start=\"2014\" data-end=\"2046\">Control Panel Connection:<\/strong> Ethernet (10\/100\/1000 BaseT), direct or network connection<\/li>\n<li data-start=\"491\" data-end=\"527\"><strong data-start=\"2109\" data-end=\"2140\">Internal timecode generator:<\/strong> Yes<\/li>\n<li data-start=\"491\" data-end=\"527\"><strong data-start=\"2149\" data-end=\"2162\">RJ45<\/strong> for third party systems<\/li>\n<li data-start=\"491\" data-end=\"527\"><strong data-start=\"2198\" data-end=\"2219\">Tally output: <\/strong>Via Ethernet using Blackmagic Design GPI and Tally Interface product (not included), On any of the 48 SDI outputs<\/li>\n<li data-start=\"491\" data-end=\"527\"><strong data-start=\"2362\" data-end=\"2387\">Computer Interface:<\/strong> 1\u00d7 USB-C port<\/li>\n<\/ul>\n<h5 data-start=\"2410\" data-end=\"2423\"><strong>Standards:<\/strong><\/h5>\n<ul>\n<li data-start=\"2427\" data-end=\"2458\"><strong data-start=\"2427\" data-end=\"2450\">SD video standards:<\/strong> None<\/li>\n<li data-start=\"2427\" data-end=\"2458\"><strong data-start=\"2461\" data-end=\"2484\">HD video standards: <\/strong>720p50, 720p59.94, 720p60; 1080i50, 1080i59.94, 1080i60; 1080p23.98, 1080p24, 1080p25, 1080p29.97, 1080p30, 1080p50, 1080p59.94, 1080p60<\/li>\n<li data-start=\"2427\" data-end=\"2458\"><strong data-start=\"2642\" data-end=\"2665\">Ultra HD standards: <\/strong>2160p23.98, 2160p24, 2160p25, 2160p29.97, 2160p30, 2160p50, 2160p59.94, 2160p60<\/li>\n<li data-start=\"2427\" data-end=\"2458\"><strong data-start=\"2756\" data-end=\"2778\">SDI Compatibility: <\/strong>SMPTE 292M, 296M, 424M, 425M Level A and B, 2081-1, 2081-10, 2082-1, 2082-10, 2082-12<\/li>\n<li data-start=\"2427\" data-end=\"2458\"><strong data-start=\"2871\" data-end=\"2892\">Video Sampling:<\/strong> 4:2:2<\/li>\n<li data-start=\"2427\" data-end=\"2458\"><strong data-start=\"2903\" data-end=\"2923\">Color Depth:<\/strong> 10 bits<\/li>\n<li data-start=\"2427\" data-end=\"2458\"><strong data-start=\"2936\" data-end=\"2956\">Color Space:<\/strong> REC 709, REC 2020<\/li>\n<li data-start=\"2427\" data-end=\"2458\"><strong data-start=\"2979\" data-end=\"3009\">Auto SDI switching:<\/strong> Automatically detects between 1.5G-SDI, 3G-SDI (Level A\/B), 6G-SDI and 12G-SDI<\/li>\n<\/ul>\n<h5 data-start=\"3091\" data-end=\"3113\"><strong>Product Specifics:<\/strong><\/h5>\n<ul>\n<li data-start=\"3117\" data-end=\"3145\"><strong data-start=\"3117\" data-end=\"3140\">Upstream keys:<\/strong> 16<\/li>\n<li data-start=\"3117\" data-end=\"3145\"><strong data-start=\"3148\" data-end=\"3173\">Downstream keys:<\/strong> 4<\/li>\n<li data-start=\"3117\" data-end=\"3145\"><strong data-start=\"3180\" data-end=\"3211\">Advanced chroma keys:<\/strong> 16<\/li>\n<li data-start=\"3117\" data-end=\"3145\"><strong data-start=\"3219\" data-end=\"3245\">SuperSource:<\/strong> 2<\/li>\n<li data-start=\"3117\" data-end=\"3145\"><strong data-start=\"3252\" data-end=\"3273\">Talkback support:<\/strong> Yes<\/li>\n<li data-start=\"3117\" data-end=\"3145\"><strong data-start=\"3282\" data-end=\"3304\">Support Mix Minus:<\/strong> Yes<\/li>\n<li data-start=\"3117\" data-end=\"3145\"><strong data-start=\"3313\" data-end=\"3341\">Linear\/Luma Keys:<\/strong> 20<\/li>\n<li data-start=\"3117\" data-end=\"3145\"><strong data-start=\"3349\" data-end=\"3388\">Transition Keys (Stinger\/DVE):<\/strong> 4\u00d7 Stinger, 4\u00d7 DVE<\/li>\n<li data-start=\"3117\" data-end=\"3145\"><strong data-start=\"3412\" data-end=\"3437\">Total number of layers:<\/strong> 28<\/li>\n<li data-start=\"3117\" data-end=\"3145\">21<strong data-start=\"3445\" data-end=\"3466\">Pattern Generators<\/strong><\/li>\n<li data-start=\"3117\" data-end=\"3145\">2<strong data-start=\"3474\" data-end=\"3495\">Color Generators:<\/strong> 2<\/li>\n<li data-start=\"3117\" data-end=\"3145\"><strong data-start=\"3502\" data-end=\"3517\">DVE:<\/strong> 4<\/li>\n<li data-start=\"3117\" data-end=\"3145\"><strong data-start=\"3524\" data-end=\"3543\">Control panel:<\/strong> Front panel emergency switching, software or optional hardware panel<\/li>\n<li data-start=\"3117\" data-end=\"3145\"><strong data-start=\"3625\" data-end=\"3647\">Routable windows:<\/strong> 64<\/li>\n<li data-start=\"3117\" data-end=\"3145\"><strong data-start=\"3655\" data-end=\"3674\">Tally:<\/strong> Red for program, green for preview<\/li>\n<li data-start=\"3117\" data-end=\"3145\"><strong data-start=\"3719\" data-end=\"3747\">Resource labels in windows:<\/strong> Yes<\/li>\n<\/ul>\n<h5 data-start=\"3760\" data-end=\"3786\">What&#8217;s included:<\/h5>\n<ul>\n<li data-start=\"3790\" data-end=\"3824\">ATEM 4 M\/E Constellation 4K Plus<\/li>\n<li data-start=\"3790\" data-end=\"3824\">Welcome kit with QR code for software download<\/li>\n<\/ul>\n","protected":false},"excerpt":{"rendered":"<p>The ATEM 4 M\/E Constellation 4K Plus is a powerful 4 M\/E Ultra HD switcher for live production. It offers 80 12G-SDI inputs, 48 12G-SDI AUX outputs, 4 DVEs, 16 ATEM Advanced chroma keys, 4 media players, 4 independent Ultra HD multi-views, 2 SuperSource processors and other features. There&#8217;s also talkback and Fairlight&#8217; s professional 156-channel audio mixer with equalization and dynamics. Availability is expected for June 2025. Each device input is equipped with a separate converter, allowing&#8230;<\/p>\n","protected":false},"featured_media":345063,"template":"","meta":{"_acf_changed":false},"brand":[6847],"product_cat":[6135,6137],"product_tag":[],"inventory":[],"class_list":{"0":"post-345083","1":"product","2":"type-product","3":"status-publish","4":"has-post-thumbnail","6":"brand-blackmagic-design","7":"product_cat-signal-processing-fi","8":"product_cat-video-mixers-fi","10":"first","11":"onbackorder","12":"taxable","13":"shipping-taxable","14":"purchasable","15":"product-type-simple"},"acf":[],"yoast_head":"<!-- This site is optimized with the Yoast SEO plugin v27.1.1 - https:\/\/yoast.com\/product\/yoast-seo-wordpress\/ -->\n<title>BLACKMAGIC DESIGN ATEM 4 M\/E Constellation 4K Plus... | MediaGear<\/title>\n<meta name=\"description\" content=\"The ATEM 4 M\/E Constellation 4K Plus is a powerful 4 M\/E Ultra HD switcher for live production. It offers 80 12G-SDI inputs, 48 12G-SDI AUX outputs...\" \/>\n<meta name=\"robots\" content=\"index, follow, max-snippet:-1, max-image-preview:large, max-video-preview:-1\" \/>\n<link rel=\"canonical\" href=\"https:\/\/mediagear.ee\/fi\/tuote\/blackmagic-design-atem-4-m-e-constellation-4k-plus\/\" \/>\n<meta property=\"og:locale\" content=\"fi_FI\" \/>\n<meta property=\"og:type\" content=\"article\" \/>\n<meta property=\"og:title\" content=\"BLACKMAGIC DESIGN ATEM 4 M\/E Constellation 4K Plus... | MediaGear\" \/>\n<meta property=\"og:description\" content=\"The ATEM 4 M\/E Constellation 4K Plus is a powerful 4 M\/E Ultra HD switcher for live production. It offers 80 12G-SDI inputs, 48 12G-SDI AUX outputs...\" \/>\n<meta property=\"og:url\" content=\"https:\/\/mediagear.ee\/fi\/tuote\/blackmagic-design-atem-4-m-e-constellation-4k-plus\/\" \/>\n<meta property=\"og:site_name\" content=\"MediaGear\" \/>\n<meta property=\"article:publisher\" content=\"https:\/\/www.facebook.com\/Mediagear.ee\/\" \/>\n<meta property=\"og:image\" content=\"https:\/\/mediagear.ee\/wp-content\/uploads\/2026\/01\/blackmagic-design-atem-4-me-constellation-4k-plus-1.jpg\" \/>\n\t<meta property=\"og:image:width\" content=\"1000\" \/>\n\t<meta property=\"og:image:height\" content=\"1000\" \/>\n\t<meta property=\"og:image:type\" content=\"image\/jpeg\" \/>\n<meta name=\"twitter:card\" content=\"summary_large_image\" \/>\n<meta name=\"twitter:label1\" content=\"Arvioitu lukuaika\" \/>\n\t<meta name=\"twitter:data1\" content=\"2 minuuttia\" \/>\n<script type=\"application\/ld+json\" class=\"yoast-schema-graph\">{\"@context\":\"https:\/\/schema.org\",\"@graph\":[{\"@type\":\"WebPage\",\"@id\":\"https:\/\/mediagear.ee\/fi\/tuote\/blackmagic-design-atem-4-m-e-constellation-4k-plus\/\",\"url\":\"https:\/\/mediagear.ee\/fi\/tuote\/blackmagic-design-atem-4-m-e-constellation-4k-plus\/\",\"name\":\"BLACKMAGIC DESIGN ATEM 4 M\/E Constellation 4K Plus... | MediaGear\",\"isPartOf\":{\"@id\":\"https:\/\/mediagear.ee\/fi\/#website\"},\"primaryImageOfPage\":{\"@id\":\"https:\/\/mediagear.ee\/fi\/tuote\/blackmagic-design-atem-4-m-e-constellation-4k-plus\/#primaryimage\"},\"image\":{\"@id\":\"https:\/\/mediagear.ee\/fi\/tuote\/blackmagic-design-atem-4-m-e-constellation-4k-plus\/#primaryimage\"},\"thumbnailUrl\":\"https:\/\/mediagear.ee\/wp-content\/uploads\/2026\/01\/blackmagic-design-atem-4-me-constellation-4k-plus-1.jpg\",\"datePublished\":\"2026-01-26T13:23:47+00:00\",\"description\":\"The ATEM 4 M\/E Constellation 4K Plus is a powerful 4 M\/E Ultra HD switcher for live production. It offers 80 12G-SDI inputs, 48 12G-SDI AUX outputs...\",\"breadcrumb\":{\"@id\":\"https:\/\/mediagear.ee\/fi\/tuote\/blackmagic-design-atem-4-m-e-constellation-4k-plus\/#breadcrumb\"},\"inLanguage\":\"fi\",\"potentialAction\":[{\"@type\":\"ReadAction\",\"target\":[\"https:\/\/mediagear.ee\/fi\/tuote\/blackmagic-design-atem-4-m-e-constellation-4k-plus\/\"]}]},{\"@type\":\"ImageObject\",\"inLanguage\":\"fi\",\"@id\":\"https:\/\/mediagear.ee\/fi\/tuote\/blackmagic-design-atem-4-m-e-constellation-4k-plus\/#primaryimage\",\"url\":\"https:\/\/mediagear.ee\/wp-content\/uploads\/2026\/01\/blackmagic-design-atem-4-me-constellation-4k-plus-1.jpg\",\"contentUrl\":\"https:\/\/mediagear.ee\/wp-content\/uploads\/2026\/01\/blackmagic-design-atem-4-me-constellation-4k-plus-1.jpg\",\"width\":1000,\"height\":1000,\"caption\":\"BLACKMAGIC DESIGN ATEM 4 M\/E Constellation 4K Plus\"},{\"@type\":\"BreadcrumbList\",\"@id\":\"https:\/\/mediagear.ee\/fi\/tuote\/blackmagic-design-atem-4-m-e-constellation-4k-plus\/#breadcrumb\",\"itemListElement\":[{\"@type\":\"ListItem\",\"position\":1,\"name\":\"Home\",\"item\":\"https:\/\/mediagear.ee\/fi\/\"},{\"@type\":\"ListItem\",\"position\":2,\"name\":\"Pro video- ja \u00e4\u00e4nilaitteiden kauppa\",\"item\":\"https:\/\/mediagear.ee\/fi\/kauppa\/\"},{\"@type\":\"ListItem\",\"position\":3,\"name\":\"SIGNAALINK\u00c4SITTELY\",\"item\":\"https:\/\/mediagear.ee\/fi\/tuote-osasto\/signal-processing-fi\/\"},{\"@type\":\"ListItem\",\"position\":4,\"name\":\"Videomikserit\",\"item\":\"https:\/\/mediagear.ee\/fi\/tuote-osasto\/signal-processing-fi\/video-mixers-fi\/\"},{\"@type\":\"ListItem\",\"position\":5,\"name\":\"BLACKMAGIC DESIGN ATEM 4 M\/E Constellation 4K Plus\"}]},{\"@type\":\"WebSite\",\"@id\":\"https:\/\/mediagear.ee\/fi\/#website\",\"url\":\"https:\/\/mediagear.ee\/fi\/\",\"name\":\"MediaGear\",\"description\":\"Full-service solutions in AV equipment\",\"publisher\":{\"@id\":\"https:\/\/mediagear.ee\/fi\/#organization\"},\"potentialAction\":[{\"@type\":\"SearchAction\",\"target\":{\"@type\":\"EntryPoint\",\"urlTemplate\":\"https:\/\/mediagear.ee\/fi\/?s={search_term_string}\"},\"query-input\":{\"@type\":\"PropertyValueSpecification\",\"valueRequired\":true,\"valueName\":\"search_term_string\"}}],\"inLanguage\":\"fi\"},{\"@type\":\"Organization\",\"@id\":\"https:\/\/mediagear.ee\/fi\/#organization\",\"name\":\"Mediagear\",\"url\":\"https:\/\/mediagear.ee\/fi\/\",\"logo\":{\"@type\":\"ImageObject\",\"inLanguage\":\"fi\",\"@id\":\"https:\/\/mediagear.ee\/fi\/#\/schema\/logo\/image\/\",\"url\":\"http:\/\/mediagear.ee\/wp-content\/uploads\/2024\/05\/MediaGear-logo-transp.png\",\"contentUrl\":\"http:\/\/mediagear.ee\/wp-content\/uploads\/2024\/05\/MediaGear-logo-transp.png\",\"width\":600,\"height\":200,\"caption\":\"Mediagear\"},\"image\":{\"@id\":\"https:\/\/mediagear.ee\/fi\/#\/schema\/logo\/image\/\"},\"sameAs\":[\"https:\/\/www.facebook.com\/Mediagear.ee\/\",\"https:\/\/www.instagram.com\/mediagear_ee\/\"]}]}<\/script>\n<!-- \/ Yoast SEO plugin. -->","yoast_head_json":{"title":"BLACKMAGIC DESIGN ATEM 4 M\/E Constellation 4K Plus... | MediaGear","description":"The ATEM 4 M\/E Constellation 4K Plus is a powerful 4 M\/E Ultra HD switcher for live production. It offers 80 12G-SDI inputs, 48 12G-SDI AUX outputs...","robots":{"index":"index","follow":"follow","max-snippet":"max-snippet:-1","max-image-preview":"max-image-preview:large","max-video-preview":"max-video-preview:-1"},"canonical":"https:\/\/mediagear.ee\/fi\/tuote\/blackmagic-design-atem-4-m-e-constellation-4k-plus\/","og_locale":"fi_FI","og_type":"article","og_title":"BLACKMAGIC DESIGN ATEM 4 M\/E Constellation 4K Plus... | MediaGear","og_description":"The ATEM 4 M\/E Constellation 4K Plus is a powerful 4 M\/E Ultra HD switcher for live production. It offers 80 12G-SDI inputs, 48 12G-SDI AUX outputs...","og_url":"https:\/\/mediagear.ee\/fi\/tuote\/blackmagic-design-atem-4-m-e-constellation-4k-plus\/","og_site_name":"MediaGear","article_publisher":"https:\/\/www.facebook.com\/Mediagear.ee\/","og_image":[{"width":1000,"height":1000,"url":"https:\/\/mediagear.ee\/wp-content\/uploads\/2026\/01\/blackmagic-design-atem-4-me-constellation-4k-plus-1.jpg","type":"image\/jpeg"}],"twitter_card":"summary_large_image","twitter_misc":{"Arvioitu lukuaika":"2 minuuttia"},"schema":{"@context":"https:\/\/schema.org","@graph":[{"@type":"WebPage","@id":"https:\/\/mediagear.ee\/fi\/tuote\/blackmagic-design-atem-4-m-e-constellation-4k-plus\/","url":"https:\/\/mediagear.ee\/fi\/tuote\/blackmagic-design-atem-4-m-e-constellation-4k-plus\/","name":"BLACKMAGIC DESIGN ATEM 4 M\/E Constellation 4K Plus... | MediaGear","isPartOf":{"@id":"https:\/\/mediagear.ee\/fi\/#website"},"primaryImageOfPage":{"@id":"https:\/\/mediagear.ee\/fi\/tuote\/blackmagic-design-atem-4-m-e-constellation-4k-plus\/#primaryimage"},"image":{"@id":"https:\/\/mediagear.ee\/fi\/tuote\/blackmagic-design-atem-4-m-e-constellation-4k-plus\/#primaryimage"},"thumbnailUrl":"https:\/\/mediagear.ee\/wp-content\/uploads\/2026\/01\/blackmagic-design-atem-4-me-constellation-4k-plus-1.jpg","datePublished":"2026-01-26T13:23:47+00:00","description":"The ATEM 4 M\/E Constellation 4K Plus is a powerful 4 M\/E Ultra HD switcher for live production. It offers 80 12G-SDI inputs, 48 12G-SDI AUX outputs...","breadcrumb":{"@id":"https:\/\/mediagear.ee\/fi\/tuote\/blackmagic-design-atem-4-m-e-constellation-4k-plus\/#breadcrumb"},"inLanguage":"fi","potentialAction":[{"@type":"ReadAction","target":["https:\/\/mediagear.ee\/fi\/tuote\/blackmagic-design-atem-4-m-e-constellation-4k-plus\/"]}]},{"@type":"ImageObject","inLanguage":"fi","@id":"https:\/\/mediagear.ee\/fi\/tuote\/blackmagic-design-atem-4-m-e-constellation-4k-plus\/#primaryimage","url":"https:\/\/mediagear.ee\/wp-content\/uploads\/2026\/01\/blackmagic-design-atem-4-me-constellation-4k-plus-1.jpg","contentUrl":"https:\/\/mediagear.ee\/wp-content\/uploads\/2026\/01\/blackmagic-design-atem-4-me-constellation-4k-plus-1.jpg","width":1000,"height":1000,"caption":"BLACKMAGIC DESIGN ATEM 4 M\/E Constellation 4K Plus"},{"@type":"BreadcrumbList","@id":"https:\/\/mediagear.ee\/fi\/tuote\/blackmagic-design-atem-4-m-e-constellation-4k-plus\/#breadcrumb","itemListElement":[{"@type":"ListItem","position":1,"name":"Home","item":"https:\/\/mediagear.ee\/fi\/"},{"@type":"ListItem","position":2,"name":"Pro video- ja \u00e4\u00e4nilaitteiden kauppa","item":"https:\/\/mediagear.ee\/fi\/kauppa\/"},{"@type":"ListItem","position":3,"name":"SIGNAALINK\u00c4SITTELY","item":"https:\/\/mediagear.ee\/fi\/tuote-osasto\/signal-processing-fi\/"},{"@type":"ListItem","position":4,"name":"Videomikserit","item":"https:\/\/mediagear.ee\/fi\/tuote-osasto\/signal-processing-fi\/video-mixers-fi\/"},{"@type":"ListItem","position":5,"name":"BLACKMAGIC DESIGN ATEM 4 M\/E Constellation 4K Plus"}]},{"@type":"WebSite","@id":"https:\/\/mediagear.ee\/fi\/#website","url":"https:\/\/mediagear.ee\/fi\/","name":"MediaGear","description":"Full-service solutions in AV equipment","publisher":{"@id":"https:\/\/mediagear.ee\/fi\/#organization"},"potentialAction":[{"@type":"SearchAction","target":{"@type":"EntryPoint","urlTemplate":"https:\/\/mediagear.ee\/fi\/?s={search_term_string}"},"query-input":{"@type":"PropertyValueSpecification","valueRequired":true,"valueName":"search_term_string"}}],"inLanguage":"fi"},{"@type":"Organization","@id":"https:\/\/mediagear.ee\/fi\/#organization","name":"Mediagear","url":"https:\/\/mediagear.ee\/fi\/","logo":{"@type":"ImageObject","inLanguage":"fi","@id":"https:\/\/mediagear.ee\/fi\/#\/schema\/logo\/image\/","url":"http:\/\/mediagear.ee\/wp-content\/uploads\/2024\/05\/MediaGear-logo-transp.png","contentUrl":"http:\/\/mediagear.ee\/wp-content\/uploads\/2024\/05\/MediaGear-logo-transp.png","width":600,"height":200,"caption":"Mediagear"},"image":{"@id":"https:\/\/mediagear.ee\/fi\/#\/schema\/logo\/image\/"},"sameAs":["https:\/\/www.facebook.com\/Mediagear.ee\/","https:\/\/www.instagram.com\/mediagear_ee\/"]}]}},"_links":{"self":[{"href":"https:\/\/mediagear.ee\/fi\/wp-json\/wp\/v2\/product\/345083","targetHints":{"allow":["GET"]}}],"collection":[{"href":"https:\/\/mediagear.ee\/fi\/wp-json\/wp\/v2\/product"}],"about":[{"href":"https:\/\/mediagear.ee\/fi\/wp-json\/wp\/v2\/types\/product"}],"wp:featuredmedia":[{"embeddable":true,"href":"https:\/\/mediagear.ee\/fi\/wp-json\/wp\/v2\/media\/345063"}],"wp:attachment":[{"href":"https:\/\/mediagear.ee\/fi\/wp-json\/wp\/v2\/media?parent=345083"}],"wp:term":[{"taxonomy":"brand","embeddable":true,"href":"https:\/\/mediagear.ee\/fi\/wp-json\/wp\/v2\/brand?post=345083"},{"taxonomy":"product_cat","embeddable":true,"href":"https:\/\/mediagear.ee\/fi\/wp-json\/wp\/v2\/product_cat?post=345083"},{"taxonomy":"product_tag","embeddable":true,"href":"https:\/\/mediagear.ee\/fi\/wp-json\/wp\/v2\/product_tag?post=345083"},{"taxonomy":"inventory","embeddable":true,"href":"https:\/\/mediagear.ee\/fi\/wp-json\/wp\/v2\/inventory?post=345083"}],"curies":[{"name":"wp","href":"https:\/\/api.w.org\/{rel}","templated":true}]}}