{"id":359269,"date":"2026-03-16T16:53:39","date_gmt":"2026-03-16T14:53:39","guid":{"rendered":"https:\/\/mediagear.ee\/product\/transcend-card-reader-ts-rde2-cfexpress-type-b-card-reader-usb-3-2-gen-2x2-type-c-69b8197ca01b7\/"},"modified":"2026-03-16T20:32:46","modified_gmt":"2026-03-16T18:32:46","slug":"transcend-card-reader-ts-rde2-cfexpress-type-b-card-reader-usb-3-2-gen-2x2-type-c","status":"publish","type":"product","link":"https:\/\/mediagear.ee\/fi\/tuote\/transcend-card-reader-ts-rde2-cfexpress-type-b-card-reader-usb-3-2-gen-2x2-type-c\/","title":{"rendered":"TRANSCEND Card Reader TS-RDE2 &#8211; CFexpress Type-B-Card Reader, USB 3.2 Gen 2&#215;2, Type C"},"content":{"rendered":"<h3>Usaldusv\u00e4\u00e4rne valik<\/h3>\n<p>CFexpress Type B kaardilugeja RDE2 on m\u00f5eldud professionaalsetele fotograafidele, kes kasutavad k\u00f5rgetasemelisi CFexpress Type B m\u00e4lukaarte kasutavaid digitaalseid foto- ja videokaameraid. Lugejat saab kasutada USB Type-A ja Type-C pesi omavate arvutite, s\u00fclearvutite ning mobiilseadmetega.<\/p>\n<h3>\u00dclikiire 20 Gb\/s edastuskiirus<\/h3>\n<p>RDE2 kaardilugejal on USB-liides, mis vastab uusimale USB 3.2 Gen 2&#215;2 spetsifikatsioonile. See t\u00e4hendab, et seade pakub sujuva j\u00f5udluse tagamiseks \u00fcliv\u00f5imast edastuskiirust 20 Gb\/s.<\/p>\n<h3>Universaalsus: \u00fchildub USB Type-A ja Type-C pesadega.<\/h3>\n<p>Kas teid h\u00e4irib, et teie tehnikaseadmetel on erinevat t\u00fc\u00fcpi pesad? RDE2 kaardilugeja lahendab selle probleemi. Komplektis on kaasas USB Type-A ja Type-C kaablid.<\/p>\n<h3>Vastupidav disain<\/h3>\n<p>RDE2 kaardilugejal on kerge alumiiniumist korpus, mis on kulumiskindel ja kriimustusvastase pinnaga. V\u00e4limist kihti kaitseb libisemis- ja kuumuskindel silikoonkummist kate. Kompaktsed m\u00f5\u00f5tmed muudavad lugeja ideaalseks fotograafile, kes on pidevalt liikvel.<\/p>\n<hr \/>\n<h4>M\u00e4rkus!<\/h4>\n<ul>\n<li>RDE2 kaardilugeja ei toeta XQD\u00ae-kaarte.<\/li>\n<li>Kiirust 20 Gb\/s on v\u00f5imalik saavutada ainult siis, kui RDE2 kaardilugeja on \u00fchendatud USB Type-C seadmetega.<\/li>\n<\/ul>\n","protected":false},"excerpt":{"rendered":"<p>Transcend&#8217;s CFexpress Type B Card Reader RDE2 is designed to be used with CFexpress Type B memory cards. The USB 3.2 Gen 2&#215;2 interface offers 20 Gbps transfer speeds, guaranteeing photographers and cinematographers excellent performance. The lightweight aluminum exterior and a non-slip silicone cover make the device highly portable and durable.<\/p>\n","protected":false},"featured_media":359258,"template":"","meta":{"_acf_changed":false},"brand":[6862],"product_cat":[6126],"product_tag":[],"inventory":[],"class_list":{"0":"post-359269","1":"product","2":"type-product","3":"status-publish","4":"has-post-thumbnail","6":"brand-transcend","7":"product_cat-card-readers-fi","9":"first","10":"onbackorder","11":"taxable","12":"shipping-taxable","13":"purchasable","14":"product-type-simple"},"acf":[],"yoast_head":"<!-- This site is optimized with the Yoast SEO plugin v27.1.1 - https:\/\/yoast.com\/product\/yoast-seo-wordpress\/ -->\n<title>TRANSCEND Card Reader TS-RDE2 - CFexpress Type-B-Card Reader, USB 3.2 Gen 2x2, Type C - MediaGear<\/title>\n<meta name=\"description\" content=\"Transcend&#039;s CFexpress Type B Card Reader RDE2 is designed to be used with CFexpress Type B memory cards. The USB 3.2 Gen 2x2 interface offers 20 Gb...\" \/>\n<meta name=\"robots\" content=\"index, follow, max-snippet:-1, max-image-preview:large, max-video-preview:-1\" \/>\n<link rel=\"canonical\" href=\"https:\/\/mediagear.ee\/fi\/tuote\/transcend-card-reader-ts-rde2-cfexpress-type-b-card-reader-usb-3-2-gen-2x2-type-c\/\" \/>\n<meta property=\"og:locale\" content=\"fi_FI\" \/>\n<meta property=\"og:type\" content=\"article\" \/>\n<meta property=\"og:title\" content=\"TRANSCEND Card Reader TS-RDE2 - CFexpress Type-B-Card Reader, USB 3.2 Gen 2x2, Type C - MediaGear\" \/>\n<meta property=\"og:description\" content=\"Transcend&#039;s CFexpress Type B Card Reader RDE2 is designed to be used with CFexpress Type B memory cards. The USB 3.2 Gen 2x2 interface offers 20 Gb...\" \/>\n<meta property=\"og:url\" content=\"https:\/\/mediagear.ee\/fi\/tuote\/transcend-card-reader-ts-rde2-cfexpress-type-b-card-reader-usb-3-2-gen-2x2-type-c\/\" \/>\n<meta property=\"og:site_name\" content=\"MediaGear\" \/>\n<meta property=\"article:publisher\" content=\"https:\/\/www.facebook.com\/Mediagear.ee\/\" \/>\n<meta property=\"article:modified_time\" content=\"2026-03-16T18:32:46+00:00\" \/>\n<meta property=\"og:image\" content=\"https:\/\/mediagear.ee\/wp-content\/uploads\/2026\/03\/transcend-card-reader-ts-rde2-cfexpress-type-b-card-reader-usb-32-gen-2x2-type-c-1.png\" \/>\n\t<meta property=\"og:image:width\" content=\"619\" \/>\n\t<meta property=\"og:image:height\" content=\"501\" \/>\n\t<meta property=\"og:image:type\" content=\"image\/png\" \/>\n<meta name=\"twitter:card\" content=\"summary_large_image\" \/>\n<meta name=\"twitter:label1\" content=\"Arvioitu lukuaika\" \/>\n\t<meta name=\"twitter:data1\" content=\"1 minuutti\" \/>\n<script type=\"application\/ld+json\" class=\"yoast-schema-graph\">{\"@context\":\"https:\/\/schema.org\",\"@graph\":[{\"@type\":\"WebPage\",\"@id\":\"https:\/\/mediagear.ee\/fi\/tuote\/transcend-card-reader-ts-rde2-cfexpress-type-b-card-reader-usb-3-2-gen-2x2-type-c\/\",\"url\":\"https:\/\/mediagear.ee\/fi\/tuote\/transcend-card-reader-ts-rde2-cfexpress-type-b-card-reader-usb-3-2-gen-2x2-type-c\/\",\"name\":\"TRANSCEND Card Reader TS-RDE2 - CFexpress Type-B-Card Reader, USB 3.2 Gen 2x2, Type C - MediaGear\",\"isPartOf\":{\"@id\":\"https:\/\/mediagear.ee\/fi\/#website\"},\"primaryImageOfPage\":{\"@id\":\"https:\/\/mediagear.ee\/fi\/tuote\/transcend-card-reader-ts-rde2-cfexpress-type-b-card-reader-usb-3-2-gen-2x2-type-c\/#primaryimage\"},\"image\":{\"@id\":\"https:\/\/mediagear.ee\/fi\/tuote\/transcend-card-reader-ts-rde2-cfexpress-type-b-card-reader-usb-3-2-gen-2x2-type-c\/#primaryimage\"},\"thumbnailUrl\":\"https:\/\/mediagear.ee\/wp-content\/uploads\/2026\/03\/transcend-card-reader-ts-rde2-cfexpress-type-b-card-reader-usb-32-gen-2x2-type-c-1.png\",\"datePublished\":\"2026-03-16T14:53:39+00:00\",\"dateModified\":\"2026-03-16T18:32:46+00:00\",\"description\":\"Transcend's CFexpress Type B Card Reader RDE2 is designed to be used with CFexpress Type B memory cards. The USB 3.2 Gen 2x2 interface offers 20 Gb...\",\"breadcrumb\":{\"@id\":\"https:\/\/mediagear.ee\/fi\/tuote\/transcend-card-reader-ts-rde2-cfexpress-type-b-card-reader-usb-3-2-gen-2x2-type-c\/#breadcrumb\"},\"inLanguage\":\"fi\",\"potentialAction\":[{\"@type\":\"ReadAction\",\"target\":[\"https:\/\/mediagear.ee\/fi\/tuote\/transcend-card-reader-ts-rde2-cfexpress-type-b-card-reader-usb-3-2-gen-2x2-type-c\/\"]}]},{\"@type\":\"ImageObject\",\"inLanguage\":\"fi\",\"@id\":\"https:\/\/mediagear.ee\/fi\/tuote\/transcend-card-reader-ts-rde2-cfexpress-type-b-card-reader-usb-3-2-gen-2x2-type-c\/#primaryimage\",\"url\":\"https:\/\/mediagear.ee\/wp-content\/uploads\/2026\/03\/transcend-card-reader-ts-rde2-cfexpress-type-b-card-reader-usb-32-gen-2x2-type-c-1.png\",\"contentUrl\":\"https:\/\/mediagear.ee\/wp-content\/uploads\/2026\/03\/transcend-card-reader-ts-rde2-cfexpress-type-b-card-reader-usb-32-gen-2x2-type-c-1.png\",\"width\":619,\"height\":501},{\"@type\":\"BreadcrumbList\",\"@id\":\"https:\/\/mediagear.ee\/fi\/tuote\/transcend-card-reader-ts-rde2-cfexpress-type-b-card-reader-usb-3-2-gen-2x2-type-c\/#breadcrumb\",\"itemListElement\":[{\"@type\":\"ListItem\",\"position\":1,\"name\":\"Home\",\"item\":\"https:\/\/mediagear.ee\/fi\/\"},{\"@type\":\"ListItem\",\"position\":2,\"name\":\"Pro video- ja \u00e4\u00e4nilaitteiden kauppa\",\"item\":\"https:\/\/mediagear.ee\/fi\/kauppa\/\"},{\"@type\":\"ListItem\",\"position\":3,\"name\":\"TALLENNUSMEDIA\",\"item\":\"https:\/\/mediagear.ee\/fi\/tuote-osasto\/recording-media-fi\/\"},{\"@type\":\"ListItem\",\"position\":4,\"name\":\"Kortinlukijat\",\"item\":\"https:\/\/mediagear.ee\/fi\/tuote-osasto\/recording-media-fi\/card-readers-fi\/\"},{\"@type\":\"ListItem\",\"position\":5,\"name\":\"TRANSCEND Card Reader TS-RDE2 &#8211; CFexpress Type-B-Card Reader, USB 3.2 Gen 2&#215;2, Type C\"}]},{\"@type\":\"WebSite\",\"@id\":\"https:\/\/mediagear.ee\/fi\/#website\",\"url\":\"https:\/\/mediagear.ee\/fi\/\",\"name\":\"MediaGear\",\"description\":\"Full-service solutions in AV equipment\",\"publisher\":{\"@id\":\"https:\/\/mediagear.ee\/fi\/#organization\"},\"potentialAction\":[{\"@type\":\"SearchAction\",\"target\":{\"@type\":\"EntryPoint\",\"urlTemplate\":\"https:\/\/mediagear.ee\/fi\/?s={search_term_string}\"},\"query-input\":{\"@type\":\"PropertyValueSpecification\",\"valueRequired\":true,\"valueName\":\"search_term_string\"}}],\"inLanguage\":\"fi\"},{\"@type\":\"Organization\",\"@id\":\"https:\/\/mediagear.ee\/fi\/#organization\",\"name\":\"Mediagear\",\"url\":\"https:\/\/mediagear.ee\/fi\/\",\"logo\":{\"@type\":\"ImageObject\",\"inLanguage\":\"fi\",\"@id\":\"https:\/\/mediagear.ee\/fi\/#\/schema\/logo\/image\/\",\"url\":\"http:\/\/mediagear.ee\/wp-content\/uploads\/2024\/05\/MediaGear-logo-transp.png\",\"contentUrl\":\"http:\/\/mediagear.ee\/wp-content\/uploads\/2024\/05\/MediaGear-logo-transp.png\",\"width\":600,\"height\":200,\"caption\":\"Mediagear\"},\"image\":{\"@id\":\"https:\/\/mediagear.ee\/fi\/#\/schema\/logo\/image\/\"},\"sameAs\":[\"https:\/\/www.facebook.com\/Mediagear.ee\/\",\"https:\/\/www.instagram.com\/mediagear_ee\/\"]}]}<\/script>\n<!-- \/ Yoast SEO plugin. -->","yoast_head_json":{"title":"TRANSCEND Card Reader TS-RDE2 - CFexpress Type-B-Card Reader, USB 3.2 Gen 2x2, Type C - MediaGear","description":"Transcend's CFexpress Type B Card Reader RDE2 is designed to be used with CFexpress Type B memory cards. The USB 3.2 Gen 2x2 interface offers 20 Gb...","robots":{"index":"index","follow":"follow","max-snippet":"max-snippet:-1","max-image-preview":"max-image-preview:large","max-video-preview":"max-video-preview:-1"},"canonical":"https:\/\/mediagear.ee\/fi\/tuote\/transcend-card-reader-ts-rde2-cfexpress-type-b-card-reader-usb-3-2-gen-2x2-type-c\/","og_locale":"fi_FI","og_type":"article","og_title":"TRANSCEND Card Reader TS-RDE2 - CFexpress Type-B-Card Reader, USB 3.2 Gen 2x2, Type C - MediaGear","og_description":"Transcend's CFexpress Type B Card Reader RDE2 is designed to be used with CFexpress Type B memory cards. The USB 3.2 Gen 2x2 interface offers 20 Gb...","og_url":"https:\/\/mediagear.ee\/fi\/tuote\/transcend-card-reader-ts-rde2-cfexpress-type-b-card-reader-usb-3-2-gen-2x2-type-c\/","og_site_name":"MediaGear","article_publisher":"https:\/\/www.facebook.com\/Mediagear.ee\/","article_modified_time":"2026-03-16T18:32:46+00:00","og_image":[{"width":619,"height":501,"url":"https:\/\/mediagear.ee\/wp-content\/uploads\/2026\/03\/transcend-card-reader-ts-rde2-cfexpress-type-b-card-reader-usb-32-gen-2x2-type-c-1.png","type":"image\/png"}],"twitter_card":"summary_large_image","twitter_misc":{"Arvioitu lukuaika":"1 minuutti"},"schema":{"@context":"https:\/\/schema.org","@graph":[{"@type":"WebPage","@id":"https:\/\/mediagear.ee\/fi\/tuote\/transcend-card-reader-ts-rde2-cfexpress-type-b-card-reader-usb-3-2-gen-2x2-type-c\/","url":"https:\/\/mediagear.ee\/fi\/tuote\/transcend-card-reader-ts-rde2-cfexpress-type-b-card-reader-usb-3-2-gen-2x2-type-c\/","name":"TRANSCEND Card Reader TS-RDE2 - CFexpress Type-B-Card Reader, USB 3.2 Gen 2x2, Type C - MediaGear","isPartOf":{"@id":"https:\/\/mediagear.ee\/fi\/#website"},"primaryImageOfPage":{"@id":"https:\/\/mediagear.ee\/fi\/tuote\/transcend-card-reader-ts-rde2-cfexpress-type-b-card-reader-usb-3-2-gen-2x2-type-c\/#primaryimage"},"image":{"@id":"https:\/\/mediagear.ee\/fi\/tuote\/transcend-card-reader-ts-rde2-cfexpress-type-b-card-reader-usb-3-2-gen-2x2-type-c\/#primaryimage"},"thumbnailUrl":"https:\/\/mediagear.ee\/wp-content\/uploads\/2026\/03\/transcend-card-reader-ts-rde2-cfexpress-type-b-card-reader-usb-32-gen-2x2-type-c-1.png","datePublished":"2026-03-16T14:53:39+00:00","dateModified":"2026-03-16T18:32:46+00:00","description":"Transcend's CFexpress Type B Card Reader RDE2 is designed to be used with CFexpress Type B memory cards. The USB 3.2 Gen 2x2 interface offers 20 Gb...","breadcrumb":{"@id":"https:\/\/mediagear.ee\/fi\/tuote\/transcend-card-reader-ts-rde2-cfexpress-type-b-card-reader-usb-3-2-gen-2x2-type-c\/#breadcrumb"},"inLanguage":"fi","potentialAction":[{"@type":"ReadAction","target":["https:\/\/mediagear.ee\/fi\/tuote\/transcend-card-reader-ts-rde2-cfexpress-type-b-card-reader-usb-3-2-gen-2x2-type-c\/"]}]},{"@type":"ImageObject","inLanguage":"fi","@id":"https:\/\/mediagear.ee\/fi\/tuote\/transcend-card-reader-ts-rde2-cfexpress-type-b-card-reader-usb-3-2-gen-2x2-type-c\/#primaryimage","url":"https:\/\/mediagear.ee\/wp-content\/uploads\/2026\/03\/transcend-card-reader-ts-rde2-cfexpress-type-b-card-reader-usb-32-gen-2x2-type-c-1.png","contentUrl":"https:\/\/mediagear.ee\/wp-content\/uploads\/2026\/03\/transcend-card-reader-ts-rde2-cfexpress-type-b-card-reader-usb-32-gen-2x2-type-c-1.png","width":619,"height":501},{"@type":"BreadcrumbList","@id":"https:\/\/mediagear.ee\/fi\/tuote\/transcend-card-reader-ts-rde2-cfexpress-type-b-card-reader-usb-3-2-gen-2x2-type-c\/#breadcrumb","itemListElement":[{"@type":"ListItem","position":1,"name":"Home","item":"https:\/\/mediagear.ee\/fi\/"},{"@type":"ListItem","position":2,"name":"Pro video- ja \u00e4\u00e4nilaitteiden kauppa","item":"https:\/\/mediagear.ee\/fi\/kauppa\/"},{"@type":"ListItem","position":3,"name":"TALLENNUSMEDIA","item":"https:\/\/mediagear.ee\/fi\/tuote-osasto\/recording-media-fi\/"},{"@type":"ListItem","position":4,"name":"Kortinlukijat","item":"https:\/\/mediagear.ee\/fi\/tuote-osasto\/recording-media-fi\/card-readers-fi\/"},{"@type":"ListItem","position":5,"name":"TRANSCEND Card Reader TS-RDE2 &#8211; CFexpress Type-B-Card Reader, USB 3.2 Gen 2&#215;2, Type C"}]},{"@type":"WebSite","@id":"https:\/\/mediagear.ee\/fi\/#website","url":"https:\/\/mediagear.ee\/fi\/","name":"MediaGear","description":"Full-service solutions in AV equipment","publisher":{"@id":"https:\/\/mediagear.ee\/fi\/#organization"},"potentialAction":[{"@type":"SearchAction","target":{"@type":"EntryPoint","urlTemplate":"https:\/\/mediagear.ee\/fi\/?s={search_term_string}"},"query-input":{"@type":"PropertyValueSpecification","valueRequired":true,"valueName":"search_term_string"}}],"inLanguage":"fi"},{"@type":"Organization","@id":"https:\/\/mediagear.ee\/fi\/#organization","name":"Mediagear","url":"https:\/\/mediagear.ee\/fi\/","logo":{"@type":"ImageObject","inLanguage":"fi","@id":"https:\/\/mediagear.ee\/fi\/#\/schema\/logo\/image\/","url":"http:\/\/mediagear.ee\/wp-content\/uploads\/2024\/05\/MediaGear-logo-transp.png","contentUrl":"http:\/\/mediagear.ee\/wp-content\/uploads\/2024\/05\/MediaGear-logo-transp.png","width":600,"height":200,"caption":"Mediagear"},"image":{"@id":"https:\/\/mediagear.ee\/fi\/#\/schema\/logo\/image\/"},"sameAs":["https:\/\/www.facebook.com\/Mediagear.ee\/","https:\/\/www.instagram.com\/mediagear_ee\/"]}]}},"_links":{"self":[{"href":"https:\/\/mediagear.ee\/fi\/wp-json\/wp\/v2\/product\/359269","targetHints":{"allow":["GET"]}}],"collection":[{"href":"https:\/\/mediagear.ee\/fi\/wp-json\/wp\/v2\/product"}],"about":[{"href":"https:\/\/mediagear.ee\/fi\/wp-json\/wp\/v2\/types\/product"}],"wp:featuredmedia":[{"embeddable":true,"href":"https:\/\/mediagear.ee\/fi\/wp-json\/wp\/v2\/media\/359258"}],"wp:attachment":[{"href":"https:\/\/mediagear.ee\/fi\/wp-json\/wp\/v2\/media?parent=359269"}],"wp:term":[{"taxonomy":"brand","embeddable":true,"href":"https:\/\/mediagear.ee\/fi\/wp-json\/wp\/v2\/brand?post=359269"},{"taxonomy":"product_cat","embeddable":true,"href":"https:\/\/mediagear.ee\/fi\/wp-json\/wp\/v2\/product_cat?post=359269"},{"taxonomy":"product_tag","embeddable":true,"href":"https:\/\/mediagear.ee\/fi\/wp-json\/wp\/v2\/product_tag?post=359269"},{"taxonomy":"inventory","embeddable":true,"href":"https:\/\/mediagear.ee\/fi\/wp-json\/wp\/v2\/inventory?post=359269"}],"curies":[{"name":"wp","href":"https:\/\/api.w.org\/{rel}","templated":true}]}}